{"id":2398,"date":"2022-03-01T15:18:45","date_gmt":"2022-03-01T15:18:45","guid":{"rendered":"http:\/\/doucesangevines.com\/?page_id=2398"},"modified":"2023-11-08T11:31:28","modified_gmt":"2023-11-08T10:31:28","slug":"la-dynamisation","status":"publish","type":"page","link":"https:\/\/www.doucesangevines.com\/en\/dynamization\/","title":{"rendered":"Dynamization"},"content":{"rendered":"<div class=\"wpb-content-wrapper\"><div data-parent=\"true\" class=\"vc_row bandeau-photo row-container\" id=\"row-unique-0\"><div class=\"row no-top-padding no-bottom-padding no-h-padding full-width row-parent\"><div class=\"wpb_row row-inner\"><div class=\"wpb_column pos-top pos-center align_left column_parent col-lg-12 single-internal-gutter\"><div class=\"uncol style-light\"  ><div class=\"uncoltable\"><div class=\"uncell no-block-padding\" ><div class=\"uncont\"><div class=\"uncode-single-media  text-left\"><div class=\"single-wrapper\" style=\"max-width: 100%;\"><div class=\"tmb tmb-light  tmb-media-first tmb-media-last tmb-content-overlay tmb-no-bg\"><div class=\"t-inside\"><div class=\"t-entry-visual\"><div class=\"t-entry-visual-tc\"><div class=\"uncode-single-media-wrapper\"><img decoding=\"async\" class=\"wp-image-4488\" src=\"https:\/\/www.doucesangevines.com\/wp-content\/uploads\/2022\/06\/la-dynamisation.webp\" width=\"1000\" height=\"1000\" alt=\"Dynamization process\" srcset=\"https:\/\/www.doucesangevines.com\/wp-content\/uploads\/2022\/06\/la-dynamisation.webp 1000w, https:\/\/www.doucesangevines.com\/wp-content\/uploads\/2022\/06\/la-dynamisation-450x450.webp 450w, https:\/\/www.doucesangevines.com\/wp-content\/uploads\/2022\/06\/la-dynamisation-100x100.webp 100w, https:\/\/www.doucesangevines.com\/wp-content\/uploads\/2022\/06\/la-dynamisation-600x600.webp 600w, https:\/\/www.doucesangevines.com\/wp-content\/uploads\/2022\/06\/la-dynamisation-64x64.webp 64w, https:\/\/www.doucesangevines.com\/wp-content\/uploads\/2022\/06\/la-dynamisation-300x300.webp 300w, https:\/\/www.doucesangevines.com\/wp-content\/uploads\/2022\/06\/la-dynamisation-150x150.webp 150w, https:\/\/www.doucesangevines.com\/wp-content\/uploads\/2022\/06\/la-dynamisation-768x768.webp 768w, https:\/\/www.doucesangevines.com\/wp-content\/uploads\/2022\/06\/la-dynamisation-39x39.webp 39w, https:\/\/www.doucesangevines.com\/wp-content\/uploads\/2022\/06\/la-dynamisation-18x18.webp 18w, https:\/\/www.doucesangevines.com\/wp-content\/uploads\/2022\/06\/la-dynamisation-25x25.webp 25w, https:\/\/www.doucesangevines.com\/wp-content\/uploads\/2022\/06\/la-dynamisation-16x16.webp 16w, https:\/\/www.doucesangevines.com\/wp-content\/uploads\/2022\/06\/la-dynamisation-170x170.webp 170w\" sizes=\"(max-width: 1000px) 100vw, 1000px\" \/><\/div>\n\t\t\t\t\t<\/div>\n\t\t\t\t<\/div><\/div><\/div><\/div><\/div><\/div><\/div><\/div><\/div><\/div><script id=\"script-row-unique-0\" data-row=\"script-row-unique-0\" type=\"text\/javascript\" class=\"vc_controls\">UNCODE.initRow(document.getElementById(\"row-unique-0\"));<\/script><\/div><\/div><\/div><div data-parent=\"true\" class=\"vc_row row-container\" id=\"row-unique-1\"><div class=\"row single-top-padding single-bottom-padding single-h-padding limit-width row-parent\"><div class=\"wpb_row row-inner\"><div class=\"wpb_column pos-top pos-center align_center column_parent col-lg-12 single-internal-gutter\"><div class=\"uncol style-light\"  ><div class=\"uncoltable\"><div class=\"uncell no-block-padding\" ><div class=\"uncont\"><div class=\"vc_custom_heading_wrap\"><div class=\"heading-text el-text\" ><h1 class=\"h1 font-weight-500\" ><span>Dynamization<\/span><\/h1><\/div><div class=\"clear\"><\/div><\/div><div class=\"vc_row row-internal row-container\"><div class=\"row row-child\"><div class=\"wpb_row row-inner\"><div class=\"wpb_column pos-top pos-center align_left column_child col-lg-12 single-internal-gutter\"><div class=\"uncol style-light\" ><div class=\"uncoltable\"><div class=\"uncell no-block-padding\" ><div class=\"uncont\" style=\"max-width:960px;\"><div class=\"vc_custom_heading_wrap\"><div class=\"heading-text el-text\" ><p class=\"font-titres h3\" ><span>Inherited from a very ancient knowledge, dynamization carries a loving intention for your skin. As a messenger of the sensitive world, it weaves a bond between you and the spirits of nature.<\/p><\/span><span><p><\/span><\/p><\/div><div class=\"clear\"><\/div><\/div><\/div><\/div><\/div><\/div><\/div><\/div><\/div><\/div><\/div><\/div><\/div><\/div><\/div><script id=\"script-row-unique-1\" data-row=\"script-row-unique-1\" type=\"text\/javascript\" class=\"vc_controls\">UNCODE.initRow(document.getElementById(\"row-unique-1\"));<\/script><\/div><\/div><\/div><div data-parent=\"true\" class=\"vc_row row-container\" id=\"row-unique-2\"><div class=\"row double-top-padding single-bottom-padding single-h-padding limit-width row-parent\"><div class=\"wpb_row row-inner\"><div class=\"wpb_column pos-top pos-right align_left column_parent col-lg-6 no-internal-gutter\"><div class=\"uncol style-light\"  ><div class=\"uncoltable\"><div class=\"uncell no-block-padding\" ><div class=\"uncont\"><div class=\"uncode-single-media  arrondi-top text-center\"><div class=\"single-wrapper\" style=\"max-width: 570px;\"><div class=\"tmb tmb-light  tmb-img-ratio tmb-media-first tmb-media-last tmb-content-overlay tmb-no-bg\"><div class=\"t-inside\"><div class=\"t-entry-visual\"><div class=\"t-entry-visual-tc\"><div class=\"uncode-single-media-wrapper\"><div class=\"dummy\" style=\"padding-top: 125%;\"><\/div><img decoding=\"async\" class=\"wp-image-4523\" src=\"https:\/\/www.doucesangevines.com\/wp-content\/uploads\/2022\/06\/dynamisation-a-la-main-uai-560x700.webp\" width=\"560\" height=\"700\" alt=\"Manual dynamization process\"><\/div>\n\t\t\t\t\t<\/div>\n\t\t\t\t<\/div><\/div><\/div><\/div><\/div><\/div><\/div><\/div><\/div><\/div><div class=\"wpb_column pos-middle pos-right align_left column_parent col-lg-6 single-internal-gutter\"><div class=\"uncol style-light\"  ><div class=\"uncoltable\"><div class=\"uncell no-block-padding\" ><div class=\"uncont\" style=\"max-width:468px;\"><div class=\"vc_custom_heading_wrap\"><div class=\"heading-text el-text\" ><h2 class=\"h2\" ><span>Plant alchemy &amp; sacred chants<\/span><\/h2><\/div><div class=\"clear\"><\/div><\/div><div class=\"uncode_text_column\" ><p>The Douces Angevines' signature. It impregnates each of our products. Not a bottle leaves our laboratory without having received this magic.<\/p>\n<p>The dynamization of each product begins with a manual stirring. In an inner state of peace and open-mindedness, grounded to the earth, we listen to the spirit of the plants assembled in the luminous blend.<br \/>\nEvery day we sing as we work. Marvelous, deep, shamanic sounds and intuitive chants rise up in our workshop-laboratory.<\/p>\n<p>These songs awaken the vibratory signature of each plant and the quintessence that represents the harmony of all these plant extracts gathered together.<\/p>\n<\/div><\/div><\/div><\/div><\/div><\/div><script id=\"script-row-unique-2\" data-row=\"script-row-unique-2\" type=\"text\/javascript\" class=\"vc_controls\">UNCODE.initRow(document.getElementById(\"row-unique-2\"));<\/script><\/div><\/div><\/div><div data-parent=\"true\" class=\"vc_row row-container\" id=\"row-unique-3\"><div class=\"row double-top-padding double-bottom-padding single-h-padding limit-width row-parent\"><div class=\"wpb_row row-inner\"><div class=\"wpb_column pos-middle pos-right align_left column_parent col-lg-6 single-internal-gutter\"><div class=\"uncol style-light\"  ><div class=\"uncoltable\"><div class=\"uncell no-block-padding\" ><div class=\"uncont\" style=\"max-width:468px;\"><div class=\"uncode_text_column\" ><p>This process honors the beauty garden, the spirit of the plants and you, who will receive this product as a gift from the fairies.<\/p>\n<p>No machine is involved in this extraordinary moment that we call \"dynamization\". Only the hands, the open heart and the spirit of the plants are employed.<\/p>\n<p>This revitalized energy significantly increases the potential and effectiveness of our treatments. The skin feels subtly loved and the entire beauty garden whispers to you from every bottle.<\/p>\n<p>&nbsp;<\/p>\n<p>For further information, <a href=\"https:\/\/www.doucesangevines.com\/en\/la-dynamisation-en-cosmetique\/\">cliquez ici<\/a><\/p>\n<\/div><\/div><\/div><\/div><\/div><\/div><div class=\"wpb_column pos-top pos-right align_left column_parent col-lg-6 no-internal-gutter\"><div class=\"uncol style-light\"  ><div class=\"uncoltable\"><div class=\"uncell no-block-padding\" ><div class=\"uncont\"><div class=\"uncode-single-media  arrondi-top text-center\"><div class=\"single-wrapper\" style=\"max-width: 570px;\"><div class=\"tmb tmb-light  tmb-img-ratio tmb-media-first tmb-media-last tmb-content-overlay tmb-no-bg\"><div class=\"t-inside\"><div class=\"t-entry-visual\"><div class=\"t-entry-visual-tc\"><div class=\"uncode-single-media-wrapper\"><div class=\"dummy\" style=\"padding-top: 125.1%;\"><\/div><img decoding=\"async\" class=\"wp-image-982\" src=\"https:\/\/www.doucesangevines.com\/wp-content\/uploads\/2022\/02\/fleurs-uai-908x1136.jpg\" width=\"908\" height=\"1136\" alt=\"echinacea flowers from the herbalist&#039;s garden\"><\/div>\n\t\t\t\t\t<\/div>\n\t\t\t\t<\/div><\/div><\/div><\/div><\/div><\/div><\/div><\/div><\/div><\/div><script id=\"script-row-unique-3\" data-row=\"script-row-unique-3\" type=\"text\/javascript\" class=\"vc_controls\">UNCODE.initRow(document.getElementById(\"row-unique-3\"));<\/script><\/div><\/div><\/div><div data-parent=\"true\" class=\"vc_row row-push row-container\" id=\"row-unique-4\"><div class=\"row unequal single-top-padding single-bottom-padding single-h-padding limit-width row-parent\" data-minheight=\"440\"><div class=\"wpb_row row-inner\"><div class=\"wpb_column pos-bottom pos-center align_center column_parent col-lg-6 col-md-50 col-sm-100 single-internal-gutter\"><div class=\"uncol style-dark\"  ><div class=\"uncoltable\"><div class=\"uncell single-block-padding\" ><div class=\"column-background background-element\">\n\t\t\t\t\t\t\t\t\t\t\t<div class=\"background-wrapper\">\n\t\t\t\t\t\t\t\t\t\t\t\t<div class=\"background-inner\" style=\"background-image: url(https:\/\/www.doucesangevines.com\/wp-content\/uploads\/2022\/02\/bona-fama.jpg);background-repeat: no-repeat;background-position: center center;background-size: cover;\" data-o_src=\"https:\/\/www.doucesangevines.com\/wp-content\/uploads\/2022\/02\/bona-fama.jpg\"><\/div>\n\t\t\t\t\t\t\t\t\t\t\t\t<div class=\"block-bg-overlay style-color-982680-bg\" style=\"opacity: 1;\"><\/div>\n\t\t\t\t\t\t\t\t\t\t\t<\/div>\n\t\t\t\t\t\t\t\t\t\t<\/div><div class=\"uncont\" style=\"max-width:372px;\"><div class=\"vc_custom_heading_wrap\"><div class=\"heading-text el-text\" ><h2 class=\"h2 font-weight-700\" ><span>Women Beauty Herbalists<\/span><\/h2><\/div><div class=\"clear\"><\/div><\/div><span class=\"btn-container\" ><a href=\"https:\/\/www.doucesangevines.com\/en\/femmes-herboristes-de-beaute\/\" class=\"custom-link btn border-width-0 btn-default btn-icon-left\">See more<\/a><\/span><\/div><\/div><\/div><\/div><\/div><div class=\"wpb_column pos-bottom pos-center align_center column_parent col-lg-6 col-md-50 col-sm-100 col-sm-clear single-internal-gutter\"><div class=\"uncol style-dark\"  ><div class=\"uncoltable\"><div class=\"uncell single-block-padding\" ><div class=\"column-background background-element\">\n\t\t\t\t\t\t\t\t\t\t\t<div class=\"background-wrapper\">\n\t\t\t\t\t\t\t\t\t\t\t\t<div class=\"background-inner\" style=\"background-image: url(https:\/\/www.doucesangevines.com\/wp-content\/uploads\/2022\/06\/creer-lune-soleil.webp);background-repeat: no-repeat;background-position: center center;background-size: cover;\" data-o_src=\"https:\/\/www.doucesangevines.com\/wp-content\/uploads\/2022\/06\/creer-lune-soleil.webp\"><\/div>\n\t\t\t\t\t\t\t\t\t\t\t\t<div class=\"block-bg-overlay style-color-982680-bg\" style=\"opacity: 1;\"><\/div>\n\t\t\t\t\t\t\t\t\t\t\t<\/div>\n\t\t\t\t\t\t\t\t\t\t<\/div><div class=\"uncont\" style=\"max-width:372px;\"><div class=\"vc_custom_heading_wrap\"><div class=\"heading-text el-text\" ><h2 class=\"h2 font-weight-700\" ><span>Create with the moon and the sun<\/span><\/h2><\/div><div class=\"clear\"><\/div><\/div><span class=\"btn-container\" ><a href=\"https:\/\/www.doucesangevines.com\/en\/create-with-the-moon-and-the-sun\/\" class=\"custom-link btn border-width-0 btn-default btn-icon-left\">See more<\/a><\/span><\/div><\/div><\/div><\/div><\/div><script id=\"script-row-unique-4\" data-row=\"script-row-unique-4\" type=\"text\/javascript\" class=\"vc_controls\">UNCODE.initRow(document.getElementById(\"row-unique-4\"));<\/script><\/div><\/div><\/div><div data-parent=\"true\" class=\"vc_row reassurance row-container\" id=\"row-unique-6\"><div class=\"row col-no-gutter double-top-padding triple-bottom-padding single-h-padding limit-width row-parent\"><div class=\"wpb_row row-inner\"><div class=\"wpb_column pos-top pos-center align_center column_parent col-lg-3 col-md-50 col-sm-50 one-internal-gutter\"><div class=\"uncol style-light\"  ><div class=\"uncoltable\"><div class=\"uncell no-block-padding\" ><div class=\"uncont\"><div class=\"vc_custom_heading_wrap\"><div class=\"heading-text el-text\" ><p class=\"font-titres fontsize-20px font-weight-500\" ><span>Secure payment<\/span><\/p><\/div><div class=\"clear\"><\/div><\/div><div class=\"uncode_text_column\" ><p><a href=\"https:\/\/www.doucesangevines.com\/en\/secure-payment\/\">By card and PayPal<\/a><\/p>\n<\/div><\/div><\/div><\/div><\/div><\/div><div class=\"wpb_column pos-top pos-center align_center column_parent col-lg-3 col-md-50 col-sm-50 one-internal-gutter\"><div class=\"uncol style-light\"  ><div class=\"uncoltable\"><div class=\"uncell no-block-padding\" ><div class=\"uncont\"><div class=\"vc_custom_heading_wrap\"><div class=\"heading-text el-text\" ><p class=\"font-titres fontsize-20px font-weight-500\" ><span>Free delivery<\/span><\/p><\/div><div class=\"clear\"><\/div><\/div><div class=\"uncode_text_column\" ><p><a href=\"https:\/\/www.doucesangevines.com\/en\/free-delivery\/\">From 69\u20ac<\/a><\/p>\n<\/div><\/div><\/div><\/div><\/div><\/div><div class=\"wpb_column pos-top pos-center align_center column_parent col-lg-3 col-md-50 col-md-clear col-sm-50 col-sm-clear one-internal-gutter\"><div class=\"uncol style-light\"  ><div class=\"uncoltable\"><div class=\"uncell no-block-padding\" ><div class=\"uncont\"><div class=\"vc_custom_heading_wrap\"><div class=\"heading-text el-text\" ><p class=\"font-titres fontsize-20px font-weight-500\" ><span>Loyalty and Sponsorship<\/span><\/p><\/div><div class=\"clear\"><\/div><\/div><div class=\"uncode_text_column\" ><p><a href=\"https:\/\/www.doucesangevines.com\/en\/loyalty-and-sponsorship\/\">We offer <strong>100 fidelity points<\/strong> for <strong>10\u20ac of purchase<\/strong><\/a><\/p>\n<\/div><\/div><\/div><\/div><\/div><\/div><div class=\"wpb_column pos-top pos-center align_center column_parent col-lg-3 col-md-50 col-md-clear col-sm-50 col-sm-clear one-internal-gutter\"><div class=\"uncol style-light\"  ><div class=\"uncoltable\"><div class=\"uncell no-block-padding\" ><div class=\"uncont\"><div class=\"vc_custom_heading_wrap\"><div class=\"heading-text el-text\" ><p class=\"font-titres fontsize-20px font-weight-500\" ><span>A question ?<\/span><\/p><\/div><div class=\"clear\"><\/div><\/div><div class=\"uncode_text_column\" ><p>Contact us through <a href=\"https:\/\/www.doucesangevines.com\/en\/contact\/#formulaire\">our form<\/a> or <a href=\"tel:+33241324060\">by telephone<\/a><\/p>\n<\/div><\/div><\/div><\/div><\/div><\/div><script id=\"script-row-unique-6\" data-row=\"script-row-unique-6\" type=\"text\/javascript\" class=\"vc_controls\">UNCODE.initRow(document.getElementById(\"row-unique-6\"));<\/script><\/div><\/div><\/div>\n<\/div>","protected":false},"excerpt":{"rendered":"La dynamisationH\u00e9ritage d\u2019une tr\u00e8s ancienne connaissance, la dynamisation porte une intention d\u2019amour pour votre peau. En messag\u00e8re du monde sensible, [...]","protected":false},"author":1,"featured_media":5583,"parent":0,"menu_order":0,"comment_status":"closed","ping_status":"closed","template":"","meta":{"_acf_changed":false,"footnotes":""},"class_list":["post-2398","page","type-page","status-publish","has-post-thumbnail","hentry"],"acf":[],"yoast_head":"<!-- This site is optimized with the Yoast SEO plugin v27.5 - https:\/\/yoast.com\/product\/yoast-seo-wordpress\/ -->\n<title>Dynamisation des Produits : L&#039;Alchimie de l&#039;Amour et la Nature<\/title>\n<meta name=\"description\" content=\"Un m\u00e9lange d&#039;alchimie v\u00e9g\u00e9tale et chants sacr\u00e9s, honorant la nature et la quintessence des plantes, pour des soins \u00e0 l&#039;efficacit\u00e9 sensiblement accrue.\" \/>\n<meta name=\"robots\" content=\"index, follow, max-snippet:-1, max-image-preview:large, max-video-preview:-1\" \/>\n<link rel=\"canonical\" href=\"https:\/\/www.doucesangevines.com\/en\/dynamization\/\" \/>\n<meta property=\"og:locale\" content=\"en_GB\" \/>\n<meta property=\"og:type\" content=\"article\" \/>\n<meta property=\"og:title\" content=\"Dynamisation des Produits : L&#039;Alchimie de l&#039;Amour et la Nature\" \/>\n<meta property=\"og:description\" content=\"Un m\u00e9lange d&#039;alchimie v\u00e9g\u00e9tale et chants sacr\u00e9s, honorant la nature et la quintessence des plantes, pour des soins \u00e0 l&#039;efficacit\u00e9 sensiblement accrue.\" \/>\n<meta property=\"og:url\" content=\"https:\/\/www.doucesangevines.com\/en\/dynamization\/\" \/>\n<meta property=\"og:site_name\" content=\"Douces Angevines\" \/>\n<meta property=\"article:publisher\" content=\"https:\/\/fr-fr.facebook.com\/doucesangevines\/\" \/>\n<meta property=\"article:modified_time\" content=\"2023-11-08T10:31:28+00:00\" \/>\n<meta property=\"og:image\" content=\"https:\/\/www.doucesangevines.com\/wp-content\/uploads\/2022\/07\/img-dynamisation.jpg\" \/>\n\t<meta property=\"og:image:width\" content=\"300\" \/>\n\t<meta property=\"og:image:height\" content=\"200\" \/>\n\t<meta property=\"og:image:type\" content=\"image\/jpeg\" \/>\n<meta name=\"twitter:card\" content=\"summary_large_image\" \/>\n<meta name=\"twitter:label1\" content=\"Estimated reading time\" \/>\n\t<meta name=\"twitter:data1\" content=\"3 minutes\" \/>\n<script type=\"application\/ld+json\" class=\"yoast-schema-graph\">{\"@context\":\"https:\\\/\\\/schema.org\",\"@graph\":[{\"@type\":\"WebPage\",\"@id\":\"https:\\\/\\\/www.doucesangevines.com\\\/la-dynamisation\\\/\",\"url\":\"https:\\\/\\\/www.doucesangevines.com\\\/la-dynamisation\\\/\",\"name\":\"Dynamisation des Produits : L'Alchimie de l'Amour et la Nature\",\"isPartOf\":{\"@id\":\"https:\\\/\\\/www.doucesangevines.com\\\/#website\"},\"primaryImageOfPage\":{\"@id\":\"https:\\\/\\\/www.doucesangevines.com\\\/la-dynamisation\\\/#primaryimage\"},\"image\":{\"@id\":\"https:\\\/\\\/www.doucesangevines.com\\\/la-dynamisation\\\/#primaryimage\"},\"thumbnailUrl\":\"https:\\\/\\\/www.doucesangevines.com\\\/wp-content\\\/uploads\\\/2022\\\/07\\\/img-dynamisation.jpg\",\"datePublished\":\"2022-03-01T15:18:45+00:00\",\"dateModified\":\"2023-11-08T10:31:28+00:00\",\"description\":\"Un m\u00e9lange d'alchimie v\u00e9g\u00e9tale et chants sacr\u00e9s, honorant la nature et la quintessence des plantes, pour des soins \u00e0 l'efficacit\u00e9 sensiblement accrue.\",\"breadcrumb\":{\"@id\":\"https:\\\/\\\/www.doucesangevines.com\\\/la-dynamisation\\\/#breadcrumb\"},\"inLanguage\":\"en-GB\",\"potentialAction\":[{\"@type\":\"ReadAction\",\"target\":[\"https:\\\/\\\/www.doucesangevines.com\\\/la-dynamisation\\\/\"]}]},{\"@type\":\"ImageObject\",\"inLanguage\":\"en-GB\",\"@id\":\"https:\\\/\\\/www.doucesangevines.com\\\/la-dynamisation\\\/#primaryimage\",\"url\":\"https:\\\/\\\/www.doucesangevines.com\\\/wp-content\\\/uploads\\\/2022\\\/07\\\/img-dynamisation.jpg\",\"contentUrl\":\"https:\\\/\\\/www.doucesangevines.com\\\/wp-content\\\/uploads\\\/2022\\\/07\\\/img-dynamisation.jpg\",\"width\":300,\"height\":200,\"caption\":\"La dynamisation manuelle des produits\"},{\"@type\":\"BreadcrumbList\",\"@id\":\"https:\\\/\\\/www.doucesangevines.com\\\/la-dynamisation\\\/#breadcrumb\",\"itemListElement\":[{\"@type\":\"ListItem\",\"position\":1,\"name\":\"Accueil\",\"item\":\"https:\\\/\\\/www.doucesangevines.com\\\/\"},{\"@type\":\"ListItem\",\"position\":2,\"name\":\"La dynamisation\"}]},{\"@type\":\"WebSite\",\"@id\":\"https:\\\/\\\/www.doucesangevines.com\\\/#website\",\"url\":\"https:\\\/\\\/www.doucesangevines.com\\\/\",\"name\":\"Douces Angevines\",\"description\":\"Femmes Herboristes de Beaut\u00e9\",\"publisher\":{\"@id\":\"https:\\\/\\\/www.doucesangevines.com\\\/#organization\"},\"potentialAction\":[{\"@type\":\"SearchAction\",\"target\":{\"@type\":\"EntryPoint\",\"urlTemplate\":\"https:\\\/\\\/www.doucesangevines.com\\\/?s={search_term_string}\"},\"query-input\":{\"@type\":\"PropertyValueSpecification\",\"valueRequired\":true,\"valueName\":\"search_term_string\"}}],\"inLanguage\":\"en-GB\"},{\"@type\":\"Organization\",\"@id\":\"https:\\\/\\\/www.doucesangevines.com\\\/#organization\",\"name\":\"Douces Angevines\",\"url\":\"https:\\\/\\\/www.doucesangevines.com\\\/\",\"logo\":{\"@type\":\"ImageObject\",\"inLanguage\":\"en-GB\",\"@id\":\"https:\\\/\\\/www.doucesangevines.com\\\/#\\\/schema\\\/logo\\\/image\\\/\",\"url\":\"https:\\\/\\\/www.doucesangevines.com\\\/wp-content\\\/uploads\\\/2022\\\/02\\\/douces-angevines-logo-2025.svg\",\"contentUrl\":\"https:\\\/\\\/www.doucesangevines.com\\\/wp-content\\\/uploads\\\/2022\\\/02\\\/douces-angevines-logo-2025.svg\",\"caption\":\"Douces Angevines\"},\"image\":{\"@id\":\"https:\\\/\\\/www.doucesangevines.com\\\/#\\\/schema\\\/logo\\\/image\\\/\"},\"sameAs\":[\"https:\\\/\\\/fr-fr.facebook.com\\\/doucesangevines\\\/\",\"https:\\\/\\\/www.instagram.com\\\/doucesangevines\\\/\",\"https:\\\/\\\/www.youtube.com\\\/channel\\\/UCcbJc6Om9b7IZDHWj-osu6w\"]}]}<\/script>\n<!-- \/ Yoast SEO plugin. -->","yoast_head_json":{"title":"Dynamisation des Produits : L'Alchimie de l'Amour et la Nature","description":"Un m\u00e9lange d'alchimie v\u00e9g\u00e9tale et chants sacr\u00e9s, honorant la nature et la quintessence des plantes, pour des soins \u00e0 l'efficacit\u00e9 sensiblement accrue.","robots":{"index":"index","follow":"follow","max-snippet":"max-snippet:-1","max-image-preview":"max-image-preview:large","max-video-preview":"max-video-preview:-1"},"canonical":"https:\/\/www.doucesangevines.com\/en\/dynamization\/","og_locale":"en_GB","og_type":"article","og_title":"Dynamisation des Produits : L'Alchimie de l'Amour et la Nature","og_description":"Un m\u00e9lange d'alchimie v\u00e9g\u00e9tale et chants sacr\u00e9s, honorant la nature et la quintessence des plantes, pour des soins \u00e0 l'efficacit\u00e9 sensiblement accrue.","og_url":"https:\/\/www.doucesangevines.com\/en\/dynamization\/","og_site_name":"Douces Angevines","article_publisher":"https:\/\/fr-fr.facebook.com\/doucesangevines\/","article_modified_time":"2023-11-08T10:31:28+00:00","og_image":[{"width":300,"height":200,"url":"https:\/\/www.doucesangevines.com\/wp-content\/uploads\/2022\/07\/img-dynamisation.jpg","type":"image\/jpeg"}],"twitter_card":"summary_large_image","twitter_misc":{"Estimated reading time":"3 minutes"},"schema":{"@context":"https:\/\/schema.org","@graph":[{"@type":"WebPage","@id":"https:\/\/www.doucesangevines.com\/la-dynamisation\/","url":"https:\/\/www.doucesangevines.com\/la-dynamisation\/","name":"Dynamisation des Produits : L'Alchimie de l'Amour et la Nature","isPartOf":{"@id":"https:\/\/www.doucesangevines.com\/#website"},"primaryImageOfPage":{"@id":"https:\/\/www.doucesangevines.com\/la-dynamisation\/#primaryimage"},"image":{"@id":"https:\/\/www.doucesangevines.com\/la-dynamisation\/#primaryimage"},"thumbnailUrl":"https:\/\/www.doucesangevines.com\/wp-content\/uploads\/2022\/07\/img-dynamisation.jpg","datePublished":"2022-03-01T15:18:45+00:00","dateModified":"2023-11-08T10:31:28+00:00","description":"Un m\u00e9lange d'alchimie v\u00e9g\u00e9tale et chants sacr\u00e9s, honorant la nature et la quintessence des plantes, pour des soins \u00e0 l'efficacit\u00e9 sensiblement accrue.","breadcrumb":{"@id":"https:\/\/www.doucesangevines.com\/la-dynamisation\/#breadcrumb"},"inLanguage":"en-GB","potentialAction":[{"@type":"ReadAction","target":["https:\/\/www.doucesangevines.com\/la-dynamisation\/"]}]},{"@type":"ImageObject","inLanguage":"en-GB","@id":"https:\/\/www.doucesangevines.com\/la-dynamisation\/#primaryimage","url":"https:\/\/www.doucesangevines.com\/wp-content\/uploads\/2022\/07\/img-dynamisation.jpg","contentUrl":"https:\/\/www.doucesangevines.com\/wp-content\/uploads\/2022\/07\/img-dynamisation.jpg","width":300,"height":200,"caption":"La dynamisation manuelle des produits"},{"@type":"BreadcrumbList","@id":"https:\/\/www.doucesangevines.com\/la-dynamisation\/#breadcrumb","itemListElement":[{"@type":"ListItem","position":1,"name":"Accueil","item":"https:\/\/www.doucesangevines.com\/"},{"@type":"ListItem","position":2,"name":"La dynamisation"}]},{"@type":"WebSite","@id":"https:\/\/www.doucesangevines.com\/#website","url":"https:\/\/www.doucesangevines.com\/","name":"Douces Angevines","description":"Women Beauty Herbalists","publisher":{"@id":"https:\/\/www.doucesangevines.com\/#organization"},"potentialAction":[{"@type":"SearchAction","target":{"@type":"EntryPoint","urlTemplate":"https:\/\/www.doucesangevines.com\/?s={search_term_string}"},"query-input":{"@type":"PropertyValueSpecification","valueRequired":true,"valueName":"search_term_string"}}],"inLanguage":"en-GB"},{"@type":"Organization","@id":"https:\/\/www.doucesangevines.com\/#organization","name":"Douces Angevines","url":"https:\/\/www.doucesangevines.com\/","logo":{"@type":"ImageObject","inLanguage":"en-GB","@id":"https:\/\/www.doucesangevines.com\/#\/schema\/logo\/image\/","url":"https:\/\/www.doucesangevines.com\/wp-content\/uploads\/2022\/02\/douces-angevines-logo-2025.svg","contentUrl":"https:\/\/www.doucesangevines.com\/wp-content\/uploads\/2022\/02\/douces-angevines-logo-2025.svg","caption":"Douces Angevines"},"image":{"@id":"https:\/\/www.doucesangevines.com\/#\/schema\/logo\/image\/"},"sameAs":["https:\/\/fr-fr.facebook.com\/doucesangevines\/","https:\/\/www.instagram.com\/doucesangevines\/","https:\/\/www.youtube.com\/channel\/UCcbJc6Om9b7IZDHWj-osu6w"]}]}},"_links":{"self":[{"href":"https:\/\/www.doucesangevines.com\/en\/wp-json\/wp\/v2\/pages\/2398","targetHints":{"allow":["GET"]}}],"collection":[{"href":"https:\/\/www.doucesangevines.com\/en\/wp-json\/wp\/v2\/pages"}],"about":[{"href":"https:\/\/www.doucesangevines.com\/en\/wp-json\/wp\/v2\/types\/page"}],"author":[{"embeddable":true,"href":"https:\/\/www.doucesangevines.com\/en\/wp-json\/wp\/v2\/users\/1"}],"replies":[{"embeddable":true,"href":"https:\/\/www.doucesangevines.com\/en\/wp-json\/wp\/v2\/comments?post=2398"}],"version-history":[{"count":6,"href":"https:\/\/www.doucesangevines.com\/en\/wp-json\/wp\/v2\/pages\/2398\/revisions"}],"predecessor-version":[{"id":11286,"href":"https:\/\/www.doucesangevines.com\/en\/wp-json\/wp\/v2\/pages\/2398\/revisions\/11286"}],"wp:featuredmedia":[{"embeddable":true,"href":"https:\/\/www.doucesangevines.com\/en\/wp-json\/wp\/v2\/media\/5583"}],"wp:attachment":[{"href":"https:\/\/www.doucesangevines.com\/en\/wp-json\/wp\/v2\/media?parent=2398"}],"curies":[{"name":"wp","href":"https:\/\/api.w.org\/{rel}","templated":true}]}}