{"id":4152,"date":"2022-05-13T17:23:02","date_gmt":"2022-05-13T15:23:02","guid":{"rendered":"http:\/\/doucesangevines.com\/?page_id=4152"},"modified":"2024-11-12T12:01:40","modified_gmt":"2024-11-12T11:01:40","slug":"livraison-offerte","status":"publish","type":"page","link":"https:\/\/www.doucesangevines.com\/en\/free-delivery\/","title":{"rendered":"Free delivery"},"content":{"rendered":"<div class=\"wpb-content-wrapper\"><div data-parent=\"true\" class=\"vc_row row-container\" id=\"row-unique-0\"><div class=\"row single-top-padding double-bottom-padding single-h-padding limit-width row-parent\"><div class=\"wpb_row row-inner\"><div class=\"wpb_column pos-top pos-center align_left column_parent col-lg-12 single-internal-gutter\"><div class=\"uncol style-light\"  ><div class=\"uncoltable\"><div class=\"uncell\" ><div class=\"uncont no-block-padding col-custom-width\" style=\"max-width:1044px;\"><div class=\"vc_row row-internal row-container\"><div class=\"row row-child\"><div class=\"wpb_row row-inner\"><div class=\"wpb_column pos-top pos-center align_left column_child col-lg-12 no-internal-gutter\"><div class=\"uncol style-light\" ><div class=\"uncoltable\"><div class=\"uncell no-block-padding\" ><div class=\"uncont\"><div class=\"vc_custom_heading_wrap\"><div class=\"heading-text el-text\" ><h4 class=\"h4\" ><span>L&#8217;exp\u00e9dition de votre commande<\/span><\/h4><\/div><div class=\"clear\"><\/div><\/div><div class=\"uncode_text_column\" ><\/p>\n<p class=\"\"><span class=\"\" style=\"font-size: small;\">Orders are processed and shipped Monday through Friday. Your contribution to the shipping costs includes packaging, cushioning particles and shipping costs. <\/span><\/p>\n<p class=\"\"><span class=\"\" style=\"font-size: small;\">Your order is prepared with great care and then sent either by Colissimo with tracking and signature or to a Colissimo pick-up point.<br class=\"\" \/><\/span><\/p>\n<p class=\"\"><span class=\"\" style=\"font-weight: normal;\"><span class=\"\" style=\"font-size: small;\">For metropolitan France:\u00a0<\/span><\/span><span class=\"\" style=\"font-weight: normal;\"><span class=\"\" style=\"font-size: small;\">the shipping costs are \u20ac7.50 by Colissimo with tracking and signature, and \u20ac5.50 at a relay point. L<\/span><\/span><span class=\"\" style=\"font-weight: normal;\"><span class=\"\" style=\"font-size: small;\">a livraison vous est offerte pour toute commande d&#8217;un montant sup\u00e9rieur ou \u00e9gal \u00e0 69 \u20ac TTC. Si vous b\u00e9n\u00e9ficiez d&#8217;un code promo, notez que les frais de port seront calcul\u00e9s sur le montant final de vos achats, apr\u00e8s remise.<br \/>\n<\/span><\/span><\/p>\n<p>&nbsp;<\/p>\n<p class=\"\"><span class=\"\" style=\"font-weight: normal;\"><span class=\"\" style=\"font-size: small;\">Voici les frais de port par zone. Selon le pays de destination de votre colis, vous devrez peut-\u00eatre \u00e9galement vous acquitter de frais de d\u00e9douanement.<\/span><\/span><\/p>\n<p>&nbsp;<\/p>\n<p class=\"\"><span class=\"\" style=\"font-weight: normal;\"><span class=\"\" style=\"font-size: small;\">Pour la Zone A (Allemagne, Autriche, Belgique, Chypre, Danemark, Espagne, Estonie, Finlande, Gr\u00e8ce, Hongrie, Irlande, Italie, Lituanie, Luxembourg, Malte, Pays-Bas, Pologne, Portugal, R\u00e9publique Tch\u00e8que, Royaume-Uni, Slovaquie, Slov\u00e9nie, Su\u00e8de) : les frais de ports sont de 13,50 \u20ac en Colissimo Expert. La livraison est offerte pour toute commande d&#8217;un montant sup\u00e9rieur ou \u00e9gal \u00e0 158 \u20ac TTC. <\/span><\/span><\/p>\n<p>&nbsp;<\/p>\n<p class=\"\"><span class=\"\" style=\"font-weight: normal;\"><span class=\"\" style=\"font-size: small;\">For Zone B (Albania, Algeria, Armenia, Azerbaijan, Belarus, Bosnia and Herzegovina, Georgia, Iceland, Morocco, Norway, Serbia, Switzerland, Tunisia, Turkey): the shipping costs are \u20ac13.58 by Colissimo Expert. Delivery is free for any order of an amount greater than or equal to 219 \u20ac including tax. <\/span><\/span><\/p>\n<p>&nbsp;<\/p>\n<p class=\"\"><span class=\"\" style=\"font-weight: normal;\"><span class=\"\" style=\"font-size: small;\">Pour la zone C (Afrique, Arabie Saoudite, Canada, \u00c9mirats Arabes Unis, Etats-Unis, Gro\u00ebnland, \u00celes F\u00e9ro\u00e9, Isra\u00ebl, Kowe\u00eft, Liban, Nouvelle Z\u00e9lande, Russie) : les frais de port sont de 35 \u20ac en Colissimo Expert. La livraison est offerte pour toute commande d&#8217;un montant sup\u00e9rieur ou \u00e9gal \u00e0 299 \u20ac TTC. <\/span><\/span><\/p>\n<p>&nbsp;<\/p>\n<p class=\"\"><span class=\"\" style=\"font-weight: normal;\"><span class=\"\" style=\"font-size: small;\">For Overseas Zone 1 (Guadeloupe, French Guiana, Reunion, Martinique, Mayotte, Saint Barth\u00e9lemy, Saint Pierre and Miquelon): shipping costs are \u20ac21.70 by Colissimo Expert. Delivery is free for any order of an amount greater than or equal to 219 \u20ac including tax. <\/span><\/span><\/p>\n<p>&nbsp;<\/p>\n<p class=\"\"><span class=\"\" style=\"font-weight: normal;\"><span class=\"\" style=\"font-size: small;\">For overseas zone 2 (New Caledonia, French Polynesia, French Southern Territories, Wallis and Futuna): shipping costs are \u20ac23.70 by Colissimo Expert. Delivery is free for all orders of an amount greater than or equal to \u20ac299 including tax. <\/span><\/span><\/p>\n<p>\n<\/div><\/div><\/div><\/div><\/div><\/div><\/div><\/div><\/div><\/div><\/div><\/div><\/div><\/div><script id=\"script-row-unique-0\" data-row=\"script-row-unique-0\" type=\"text\/javascript\" class=\"vc_controls\">UNCODE.initRow(document.getElementById(\"row-unique-0\"));<\/script><\/div><\/div><\/div><div data-parent=\"true\" class=\"vc_row reassurance row-container\" id=\"row-unique-2\"><div class=\"row col-no-gutter double-top-padding triple-bottom-padding single-h-padding limit-width row-parent\"><div class=\"wpb_row row-inner\"><div class=\"wpb_column pos-top pos-center align_center column_parent col-lg-3 col-md-50 col-sm-50 one-internal-gutter\"><div class=\"uncol style-light\"  ><div class=\"uncoltable\"><div class=\"uncell no-block-padding\" ><div class=\"uncont\"><div class=\"vc_custom_heading_wrap\"><div class=\"heading-text el-text\" ><p class=\"font-titres fontsize-20px font-weight-500\" ><span>Secure payment<\/span><\/p><\/div><div class=\"clear\"><\/div><\/div><div class=\"uncode_text_column\" ><p><a href=\"https:\/\/www.doucesangevines.com\/en\/secure-payment\/\">By card and PayPal<\/a><\/p>\n<\/div><\/div><\/div><\/div><\/div><\/div><div class=\"wpb_column pos-top pos-center align_center column_parent col-lg-3 col-md-50 col-sm-50 one-internal-gutter\"><div class=\"uncol style-light\"  ><div class=\"uncoltable\"><div class=\"uncell no-block-padding\" ><div class=\"uncont\"><div class=\"vc_custom_heading_wrap\"><div class=\"heading-text el-text\" ><p class=\"font-titres fontsize-20px font-weight-500\" ><span>Free delivery<\/span><\/p><\/div><div class=\"clear\"><\/div><\/div><div class=\"uncode_text_column\" ><p><a href=\"https:\/\/www.doucesangevines.com\/en\/free-delivery\/\">From 69\u20ac<\/a><\/p>\n<\/div><\/div><\/div><\/div><\/div><\/div><div class=\"wpb_column pos-top pos-center align_center column_parent col-lg-3 col-md-50 col-md-clear col-sm-50 col-sm-clear one-internal-gutter\"><div class=\"uncol style-light\"  ><div class=\"uncoltable\"><div class=\"uncell no-block-padding\" ><div class=\"uncont\"><div class=\"vc_custom_heading_wrap\"><div class=\"heading-text el-text\" ><p class=\"font-titres fontsize-20px font-weight-500\" ><span>Loyalty and Sponsorship<\/span><\/p><\/div><div class=\"clear\"><\/div><\/div><div class=\"uncode_text_column\" ><p><a href=\"https:\/\/www.doucesangevines.com\/en\/loyalty-and-sponsorship\/\">We offer <strong>100 fidelity points<\/strong> for <strong>10\u20ac of purchase<\/strong><\/a><\/p>\n<\/div><\/div><\/div><\/div><\/div><\/div><div class=\"wpb_column pos-top pos-center align_center column_parent col-lg-3 col-md-50 col-md-clear col-sm-50 col-sm-clear one-internal-gutter\"><div class=\"uncol style-light\"  ><div class=\"uncoltable\"><div class=\"uncell no-block-padding\" ><div class=\"uncont\"><div class=\"vc_custom_heading_wrap\"><div class=\"heading-text el-text\" ><p class=\"font-titres fontsize-20px font-weight-500\" ><span>A question ?<\/span><\/p><\/div><div class=\"clear\"><\/div><\/div><div class=\"uncode_text_column\" ><p>Contact us through <a href=\"https:\/\/www.doucesangevines.com\/en\/contact\/#formulaire\">our form<\/a> or <a href=\"tel:+33241324060\">by telephone<\/a><\/p>\n<\/div><\/div><\/div><\/div><\/div><\/div><script id=\"script-row-unique-2\" data-row=\"script-row-unique-2\" type=\"text\/javascript\" class=\"vc_controls\">UNCODE.initRow(document.getElementById(\"row-unique-2\"));<\/script><\/div><\/div><\/div>\n<\/div>","protected":false},"excerpt":{"rendered":"L'exp\u00e9dition de votre commandeLes commandes sont trait\u00e9es et exp\u00e9di\u00e9es du lundi au vendredi. Votre participation aux frais de port comprend [...]","protected":false},"author":1,"featured_media":0,"parent":0,"menu_order":0,"comment_status":"closed","ping_status":"closed","template":"","meta":{"_acf_changed":false,"footnotes":""},"class_list":["post-4152","page","type-page","status-publish","hentry"],"acf":[],"yoast_head":"<!-- This site is optimized with the Yoast SEO plugin v27.4 - https:\/\/yoast.com\/product\/yoast-seo-wordpress\/ -->\n<title>Livraison offerte - Douces Angevines<\/title>\n<meta name=\"robots\" content=\"noindex, nofollow\" \/>\n<meta property=\"og:locale\" content=\"en_GB\" \/>\n<meta property=\"og:type\" content=\"article\" \/>\n<meta property=\"og:title\" content=\"Livraison offerte - Douces Angevines\" \/>\n<meta property=\"og:url\" content=\"https:\/\/www.doucesangevines.com\/en\/free-delivery\/\" \/>\n<meta property=\"og:site_name\" content=\"Douces Angevines\" \/>\n<meta property=\"article:publisher\" content=\"https:\/\/fr-fr.facebook.com\/doucesangevines\/\" \/>\n<meta property=\"article:modified_time\" content=\"2024-11-12T11:01:40+00:00\" \/>\n<meta name=\"twitter:card\" content=\"summary_large_image\" \/>\n<meta name=\"twitter:label1\" content=\"Estimated reading time\" \/>\n\t<meta name=\"twitter:data1\" content=\"3 minutes\" \/>\n<script type=\"application\/ld+json\" class=\"yoast-schema-graph\">{\"@context\":\"https:\\\/\\\/schema.org\",\"@graph\":[{\"@type\":\"WebPage\",\"@id\":\"https:\\\/\\\/www.doucesangevines.com\\\/livraison-offerte\\\/\",\"url\":\"https:\\\/\\\/www.doucesangevines.com\\\/livraison-offerte\\\/\",\"name\":\"Livraison offerte - Douces Angevines\",\"isPartOf\":{\"@id\":\"https:\\\/\\\/www.doucesangevines.com\\\/#website\"},\"datePublished\":\"2022-05-13T15:23:02+00:00\",\"dateModified\":\"2024-11-12T11:01:40+00:00\",\"breadcrumb\":{\"@id\":\"https:\\\/\\\/www.doucesangevines.com\\\/livraison-offerte\\\/#breadcrumb\"},\"inLanguage\":\"en-GB\",\"potentialAction\":[{\"@type\":\"ReadAction\",\"target\":[\"https:\\\/\\\/www.doucesangevines.com\\\/livraison-offerte\\\/\"]}]},{\"@type\":\"BreadcrumbList\",\"@id\":\"https:\\\/\\\/www.doucesangevines.com\\\/livraison-offerte\\\/#breadcrumb\",\"itemListElement\":[{\"@type\":\"ListItem\",\"position\":1,\"name\":\"Accueil\",\"item\":\"https:\\\/\\\/www.doucesangevines.com\\\/\"},{\"@type\":\"ListItem\",\"position\":2,\"name\":\"Livraison offerte\"}]},{\"@type\":\"WebSite\",\"@id\":\"https:\\\/\\\/www.doucesangevines.com\\\/#website\",\"url\":\"https:\\\/\\\/www.doucesangevines.com\\\/\",\"name\":\"Douces Angevines\",\"description\":\"Femmes Herboristes de Beaut\u00e9\",\"publisher\":{\"@id\":\"https:\\\/\\\/www.doucesangevines.com\\\/#organization\"},\"potentialAction\":[{\"@type\":\"SearchAction\",\"target\":{\"@type\":\"EntryPoint\",\"urlTemplate\":\"https:\\\/\\\/www.doucesangevines.com\\\/?s={search_term_string}\"},\"query-input\":{\"@type\":\"PropertyValueSpecification\",\"valueRequired\":true,\"valueName\":\"search_term_string\"}}],\"inLanguage\":\"en-GB\"},{\"@type\":\"Organization\",\"@id\":\"https:\\\/\\\/www.doucesangevines.com\\\/#organization\",\"name\":\"Douces Angevines\",\"url\":\"https:\\\/\\\/www.doucesangevines.com\\\/\",\"logo\":{\"@type\":\"ImageObject\",\"inLanguage\":\"en-GB\",\"@id\":\"https:\\\/\\\/www.doucesangevines.com\\\/#\\\/schema\\\/logo\\\/image\\\/\",\"url\":\"https:\\\/\\\/www.doucesangevines.com\\\/wp-content\\\/uploads\\\/2022\\\/02\\\/douces-angevines-logo-2025.svg\",\"contentUrl\":\"https:\\\/\\\/www.doucesangevines.com\\\/wp-content\\\/uploads\\\/2022\\\/02\\\/douces-angevines-logo-2025.svg\",\"caption\":\"Douces Angevines\"},\"image\":{\"@id\":\"https:\\\/\\\/www.doucesangevines.com\\\/#\\\/schema\\\/logo\\\/image\\\/\"},\"sameAs\":[\"https:\\\/\\\/fr-fr.facebook.com\\\/doucesangevines\\\/\",\"https:\\\/\\\/www.instagram.com\\\/doucesangevines\\\/\",\"https:\\\/\\\/www.youtube.com\\\/channel\\\/UCcbJc6Om9b7IZDHWj-osu6w\"]}]}<\/script>\n<!-- \/ Yoast SEO plugin. -->","yoast_head_json":{"title":"Free delivery - Douces Angevines","robots":{"index":"noindex","follow":"nofollow"},"og_locale":"en_GB","og_type":"article","og_title":"Livraison offerte - Douces Angevines","og_url":"https:\/\/www.doucesangevines.com\/en\/free-delivery\/","og_site_name":"Douces Angevines","article_publisher":"https:\/\/fr-fr.facebook.com\/doucesangevines\/","article_modified_time":"2024-11-12T11:01:40+00:00","twitter_card":"summary_large_image","twitter_misc":{"Estimated reading time":"3 minutes"},"schema":{"@context":"https:\/\/schema.org","@graph":[{"@type":"WebPage","@id":"https:\/\/www.doucesangevines.com\/livraison-offerte\/","url":"https:\/\/www.doucesangevines.com\/livraison-offerte\/","name":"Free delivery - Douces Angevines","isPartOf":{"@id":"https:\/\/www.doucesangevines.com\/#website"},"datePublished":"2022-05-13T15:23:02+00:00","dateModified":"2024-11-12T11:01:40+00:00","breadcrumb":{"@id":"https:\/\/www.doucesangevines.com\/livraison-offerte\/#breadcrumb"},"inLanguage":"en-GB","potentialAction":[{"@type":"ReadAction","target":["https:\/\/www.doucesangevines.com\/livraison-offerte\/"]}]},{"@type":"BreadcrumbList","@id":"https:\/\/www.doucesangevines.com\/livraison-offerte\/#breadcrumb","itemListElement":[{"@type":"ListItem","position":1,"name":"Accueil","item":"https:\/\/www.doucesangevines.com\/"},{"@type":"ListItem","position":2,"name":"Livraison offerte"}]},{"@type":"WebSite","@id":"https:\/\/www.doucesangevines.com\/#website","url":"https:\/\/www.doucesangevines.com\/","name":"Douces Angevines","description":"Women Beauty Herbalists","publisher":{"@id":"https:\/\/www.doucesangevines.com\/#organization"},"potentialAction":[{"@type":"SearchAction","target":{"@type":"EntryPoint","urlTemplate":"https:\/\/www.doucesangevines.com\/?s={search_term_string}"},"query-input":{"@type":"PropertyValueSpecification","valueRequired":true,"valueName":"search_term_string"}}],"inLanguage":"en-GB"},{"@type":"Organization","@id":"https:\/\/www.doucesangevines.com\/#organization","name":"Douces Angevines","url":"https:\/\/www.doucesangevines.com\/","logo":{"@type":"ImageObject","inLanguage":"en-GB","@id":"https:\/\/www.doucesangevines.com\/#\/schema\/logo\/image\/","url":"https:\/\/www.doucesangevines.com\/wp-content\/uploads\/2022\/02\/douces-angevines-logo-2025.svg","contentUrl":"https:\/\/www.doucesangevines.com\/wp-content\/uploads\/2022\/02\/douces-angevines-logo-2025.svg","caption":"Douces Angevines"},"image":{"@id":"https:\/\/www.doucesangevines.com\/#\/schema\/logo\/image\/"},"sameAs":["https:\/\/fr-fr.facebook.com\/doucesangevines\/","https:\/\/www.instagram.com\/doucesangevines\/","https:\/\/www.youtube.com\/channel\/UCcbJc6Om9b7IZDHWj-osu6w"]}]}},"_links":{"self":[{"href":"https:\/\/www.doucesangevines.com\/en\/wp-json\/wp\/v2\/pages\/4152","targetHints":{"allow":["GET"]}}],"collection":[{"href":"https:\/\/www.doucesangevines.com\/en\/wp-json\/wp\/v2\/pages"}],"about":[{"href":"https:\/\/www.doucesangevines.com\/en\/wp-json\/wp\/v2\/types\/page"}],"author":[{"embeddable":true,"href":"https:\/\/www.doucesangevines.com\/en\/wp-json\/wp\/v2\/users\/1"}],"replies":[{"embeddable":true,"href":"https:\/\/www.doucesangevines.com\/en\/wp-json\/wp\/v2\/comments?post=4152"}],"version-history":[{"count":7,"href":"https:\/\/www.doucesangevines.com\/en\/wp-json\/wp\/v2\/pages\/4152\/revisions"}],"predecessor-version":[{"id":15773,"href":"https:\/\/www.doucesangevines.com\/en\/wp-json\/wp\/v2\/pages\/4152\/revisions\/15773"}],"wp:attachment":[{"href":"https:\/\/www.doucesangevines.com\/en\/wp-json\/wp\/v2\/media?parent=4152"}],"curies":[{"name":"wp","href":"https:\/\/api.w.org\/{rel}","templated":true}]}}