{"id":4154,"date":"2022-05-13T17:24:29","date_gmt":"2022-05-13T15:24:29","guid":{"rendered":"http:\/\/doucesangevines.com\/?page_id=4154"},"modified":"2025-01-06T10:20:01","modified_gmt":"2025-01-06T09:20:01","slug":"fidelite-et-parrainage","status":"publish","type":"page","link":"https:\/\/www.doucesangevines.com\/en\/loyalty-and-sponsorship\/","title":{"rendered":"Loyalty and sponsorship"},"content":{"rendered":"<div class=\"wpb-content-wrapper\"><div data-parent=\"true\" class=\"vc_row row-container\" id=\"row-unique-0\"><div class=\"row single-top-padding double-bottom-padding single-h-padding limit-width row-parent\"><div class=\"wpb_row row-inner\"><div class=\"wpb_column pos-top pos-center align_left column_parent col-lg-12 single-internal-gutter\"><div class=\"uncol style-light\"  ><div class=\"uncoltable\"><div class=\"uncell\" ><div class=\"uncont no-block-padding col-custom-width\" style=\"max-width:1044px;\"><div class=\"vc_custom_heading_wrap\"><div class=\"heading-text el-text\" ><h2 class=\"h2 font-weight-500\" ><span>Our loyalty program<\/span><\/h2><\/div><div class=\"clear\"><\/div><\/div><div class=\"vc_custom_heading_wrap\"><div class=\"heading-text el-text\" ><h3 class=\"h3 font-weight-500\" ><span>\u00c0 chacune de vos commandes, vous recevez 100 points fid\u00e9lit\u00e9 pour 10\u20ac d&#8217;achat !<\/p><\/span><span><p><\/span><\/h3><\/div><div class=\"clear\"><\/div><\/div><div class=\"vc_row row-internal row-container\"><div class=\"row row-child\"><div class=\"wpb_row row-inner\"><div class=\"wpb_column pos-top pos-center align_left column_child col-lg-12 no-internal-gutter\"><div class=\"uncol style-light\" ><div class=\"uncoltable\"><div class=\"uncell no-block-padding\" ><div class=\"uncont\"><div class=\"vc_custom_heading_wrap\"><div class=\"heading-text el-text\" ><h4 class=\"h4\" ><span>Convertir vos points en bon d&#8217;achat<\/span><\/h4><\/div><div class=\"clear\"><\/div><\/div><div class=\"uncode_text_column\" ><p>Do you have 1000 points or more in your account? You can convert 1000 points into a \u20ac5 voucher. How to do ? It&#039;s quite simple. Go to \u201cmy account\u201d, \u201cloyalty\u201d tab. You will find the balance of the loyalty points you have accumulated there. Do you have enough points? Click on \u201cconvert 1000 points into a voucher\u201d. Continue shopping, and your discount will automatically be deducted from your cart.<\/p>\n<\/div><\/div><\/div><\/div><\/div><\/div><\/div><\/div><\/div><div class=\"vc_row row-internal row-container\"><div class=\"row row-child\"><div class=\"wpb_row row-inner\"><div class=\"wpb_column pos-top pos-center align_left column_child col-lg-12 no-internal-gutter\"><div class=\"uncol style-light\" ><div class=\"uncoltable\"><div class=\"uncell no-block-padding\" ><div class=\"uncont\"><div class=\"vc_custom_heading_wrap\"><div class=\"heading-text el-text\" ><h4 class=\"h4\" ><span>Receive a free product with your order<\/span><\/h4><\/div><div class=\"clear\"><\/div><\/div><div class=\"uncode_text_column\" ><p>\u00c0 partir de 3000 ou 5000 points fid\u00e9lit\u00e9, nous serons heureux de vous offrir un produit parmi une large s\u00e9lection dans notre gamme. Une belle occasion de d\u00e9couvrir un nouveau produit, ou de se faire plaisir avec un soin que l&#8217;on aime ! Encore une fois c&#8217;est tr\u00e8s simple.<\/p>\n<p>Rendez-vous sur &#8220;mon compte&#8221;, o\u00f9 vous retrouverez tous les produits cadeaux qui vous sont propos\u00e9s. Selon votre nombre de points fid\u00e9lit\u00e9, cliquez sur le cadeau choisi, et celui-ci sera automatiquement ajout\u00e9 \u00e0 votre commande.<\/p>\n<\/div><\/div><\/div><\/div><\/div><\/div><\/div><\/div><\/div><div class=\"vc_custom_heading_wrap\"><div class=\"heading-text el-text\" ><\/p>\n<h3>Nous f\u00eatons votre anniversaire !<\/h3>\n<p>\n<\/div><div class=\"clear\"><\/div><\/div><div class=\"vc_row row-internal row-container\"><div class=\"row row-child\"><div class=\"wpb_row row-inner\"><div class=\"wpb_column pos-top pos-center align_left column_child col-lg-12 no-internal-gutter\"><div class=\"uncol style-light\" ><div class=\"uncoltable\"><div class=\"uncell no-block-padding\" ><div class=\"uncont\"><div class=\"vc_custom_heading_wrap\"><div class=\"heading-text el-text\" ><h4 class=\"h4\" ><span>Profitez de remises pour votre anniversaire<\/span><\/h4><\/div><div class=\"clear\"><\/div><\/div><div class=\"uncode_text_column\" ><p>Indiquez votre date de naissance dans la rubrique &#8220;Fid\u00e9lit\u00e9 \/ Parrainage&#8221; de notre site et vous y d\u00e9couvrirez une remise sp\u00e9ciale le jour de votre anniversaire.<\/p>\n<\/div><\/div><\/div><\/div><\/div><\/div><\/div><\/div><\/div><div class=\"vc_custom_heading_wrap\"><div class=\"heading-text el-text\" ><h2 class=\"h2 font-weight-500\" ><span>Our referral program<\/span><\/h2><\/div><div class=\"clear\"><\/div><\/div><div class=\"vc_row row-internal row-container\"><div class=\"row row-child\"><div class=\"wpb_row row-inner\"><div class=\"wpb_column pos-top pos-center align_left column_child col-lg-12 no-internal-gutter\"><div class=\"uncol style-light\" ><div class=\"uncoltable\"><div class=\"uncell no-block-padding\" ><div class=\"uncont\"><div class=\"vc_custom_heading_wrap\"><div class=\"heading-text el-text\" ><h4 class=\"h4\" ><span>Introduce Douces Angevines to your loved ones and receive loyalty points!<\/span><\/h4><\/div><div class=\"clear\"><\/div><\/div><div class=\"uncode_text_column\" ><p>Vous \u00eates conquis\u00b7e par la magie de Douces Angevines ? Invitez vos proches \u00e0 d\u00e9couvrir tous les bienfaits de nos cosm\u00e9tiques purs et vivants, avec notre programme de parrainage ! Vous gagnez 700 points fid\u00e9lit\u00e9 au premier achat de chacun de vos filleuls. Et vous faites b\u00e9n\u00e9ficier vos filleuls d&#8217;un coupon de remise de 10% pour leur commande suivante sur notre boutique.<\/p>\n<\/div><\/div><\/div><\/div><\/div><\/div><\/div><\/div><\/div><\/div><\/div><\/div><\/div><\/div><script id=\"script-row-unique-0\" data-row=\"script-row-unique-0\" type=\"text\/javascript\" class=\"vc_controls\">UNCODE.initRow(document.getElementById(\"row-unique-0\"));<\/script><\/div><\/div><\/div><div data-parent=\"true\" class=\"vc_row row-container\" id=\"row-unique-1\"><div class=\"row unequal single-top-padding single-bottom-padding no-h-padding full-width row-parent\"><div class=\"wpb_row row-inner\"><div class=\"wpb_column pos-top pos-center align_left column_parent col-lg-6 single-internal-gutter\"><div class=\"uncol style-light\"  ><div class=\"uncoltable\"><div class=\"uncell no-block-padding\" ><div class=\"uncont\"><div class=\"uncode-single-media  text-center\"><div class=\"single-wrapper\" style=\"max-width: 100%;\"><div class=\"tmb tmb-light  tmb-img-ratio tmb-media-first tmb-media-last tmb-content-overlay tmb-no-bg\"><div class=\"t-inside\"><div class=\"t-entry-visual\"><div class=\"t-entry-visual-tc\"><div class=\"uncode-single-media-wrapper\"><div class=\"dummy\" style=\"padding-top: 100%;\"><\/div><img decoding=\"async\" class=\"wp-image-982\" src=\"https:\/\/www.doucesangevines.com\/wp-content\/uploads\/2022\/02\/fleurs-uai-960x960.jpg\" width=\"960\" height=\"960\" alt=\"echinacea flowers from the herbalist&#039;s garden\"><\/div>\n\t\t\t\t\t<\/div>\n\t\t\t\t<\/div><\/div><\/div><\/div><\/div><\/div><\/div><\/div><\/div><\/div><div class=\"wpb_column pos-middle pos-center align_left column_parent col-lg-6 single-internal-gutter\"><div class=\"uncol style-light\"  ><div class=\"uncoltable\"><div class=\"uncell single-block-padding\" ><div class=\"uncont\" style=\"max-width:480px;\"><div class=\"vc_custom_heading_wrap\"><div class=\"heading-text el-text\" ><h2 class=\"h2 font-weight-500\" ><span>Participez \u00e0 l&#8217;aventure en compl\u00e9tant nos questionnaires de satisfaction<\/p><\/span><span><p><\/span><\/h2><\/div><div class=\"clear\"><\/div><\/div><div class=\"uncode_text_column\" ><p>You are part of the Douces Angevines adventure, it is you who participate in improving our cosmeto-fluids, and your feedback is precious to us! We invite you to share with us your feelings and observations on the use of Douces Angevines beauty treatments by completing <strong><a title=\"Satisfaction questionnaires Douces Angevines\" href=\"https:\/\/docs.google.com\/forms\/d\/e\/1FAIpQLSdDKDi6mq4dckqosghhPdtcXjRipoAp7HmItKHoj6ud2kPxew\/viewform?c=0&amp;w=1\" target=\"_blank\" rel=\"noopener\">our satisfaction questionnaires directly online: here.<\/a><\/strong><\/p>\n<p>For each questionnaire completed, we give you 300 loyalty points.<\/p>\n<p><em>We only take into account one questionnaire for the same product per person! (if you regularly order the same product, there is no need to complete a questionnaire each time)<\/em><\/p>\n<\/div><\/div><\/div><\/div><\/div><\/div><script id=\"script-row-unique-1\" data-row=\"script-row-unique-1\" type=\"text\/javascript\" class=\"vc_controls\">UNCODE.initRow(document.getElementById(\"row-unique-1\"));<\/script><\/div><\/div><\/div><div data-parent=\"true\" class=\"vc_row infos-contact inverted-device-order row-container\" id=\"row-unique-2\"><div class=\"row unequal single-top-padding single-bottom-padding no-h-padding full-width row-parent\"><div class=\"wpb_row row-inner\"><div class=\"wpb_column pos-middle pos-center align_left column_parent col-lg-6 single-internal-gutter\"><div class=\"uncol style-light\"  ><div class=\"uncoltable\"><div class=\"uncell single-block-padding\" ><div class=\"uncont\" style=\"max-width:480px;\"><div class=\"vc_custom_heading_wrap\"><div class=\"heading-text el-text\" ><h2 class=\"h2 font-weight-500\" ><span>Case recovery<\/span><\/h2><\/div><div class=\"clear\"><\/div><\/div><div class=\"uncode_text_column\" ><p>Nouveau ! Nous r\u00e9cup\u00e9rons les \u00e9tuis de vos produits afin de leur offrir une seconde vie.\u00a0 Recevez 50 points fid\u00e9lit\u00e9 pour 5 \u00e9tuis retourn\u00e9s, \u00e0 plat, et en tr\u00e8s bon \u00e9tat bien-s\u00fbr.<\/p>\n<p>Les \u00e9tuis sont \u00e0 retourner \u00e0 Douces Angevines, 4 Venelle Tir Jarret, La Roche Foulques, 49140 Rives du Loir en Anjou.<\/p>\n<p><em>For the duration of use of your cosmeto-fluids, we invite you to keep them in their case which protects them from light to preserve their optimal quality.<\/em><\/p>\n<\/div><\/div><\/div><\/div><\/div><\/div><div class=\"wpb_column pos-top pos-center align_left column_parent col-lg-6 single-internal-gutter\"><div class=\"uncol style-light\"  ><div class=\"uncoltable\"><div class=\"uncell no-block-padding\" ><div class=\"uncont\"><div class=\"uncode-single-media  text-center\"><div class=\"single-wrapper\" style=\"max-width: 100%;\"><div class=\"tmb tmb-light  tmb-img-ratio tmb-media-first tmb-media-last tmb-content-overlay tmb-no-bg\"><div class=\"t-inside\"><div class=\"t-entry-visual\"><div class=\"t-entry-visual-tc\"><div class=\"uncode-single-media-wrapper\"><div class=\"dummy\" style=\"padding-top: 100%;\"><\/div><img decoding=\"async\" class=\"wp-image-4982\" src=\"https:\/\/www.doucesangevines.com\/wp-content\/uploads\/2022\/06\/Recyclage-etuis.jpg\" width=\"1000\" height=\"1000\" alt=\"recycling of cases - Douces Angevines\" srcset=\"https:\/\/www.doucesangevines.com\/wp-content\/uploads\/2022\/06\/Recyclage-etuis.jpg 1000w, https:\/\/www.doucesangevines.com\/wp-content\/uploads\/2022\/06\/Recyclage-etuis-450x450.jpg 450w, https:\/\/www.doucesangevines.com\/wp-content\/uploads\/2022\/06\/Recyclage-etuis-100x100.jpg 100w, https:\/\/www.doucesangevines.com\/wp-content\/uploads\/2022\/06\/Recyclage-etuis-600x600.jpg 600w, https:\/\/www.doucesangevines.com\/wp-content\/uploads\/2022\/06\/Recyclage-etuis-64x64.jpg 64w, https:\/\/www.doucesangevines.com\/wp-content\/uploads\/2022\/06\/Recyclage-etuis-300x300.jpg 300w, https:\/\/www.doucesangevines.com\/wp-content\/uploads\/2022\/06\/Recyclage-etuis-150x150.jpg 150w, https:\/\/www.doucesangevines.com\/wp-content\/uploads\/2022\/06\/Recyclage-etuis-768x768.jpg 768w, https:\/\/www.doucesangevines.com\/wp-content\/uploads\/2022\/06\/Recyclage-etuis-39x39.jpg 39w, https:\/\/www.doucesangevines.com\/wp-content\/uploads\/2022\/06\/Recyclage-etuis-18x18.jpg 18w, https:\/\/www.doucesangevines.com\/wp-content\/uploads\/2022\/06\/Recyclage-etuis-25x25.jpg 25w, https:\/\/www.doucesangevines.com\/wp-content\/uploads\/2022\/06\/Recyclage-etuis-16x16.jpg 16w, https:\/\/www.doucesangevines.com\/wp-content\/uploads\/2022\/06\/Recyclage-etuis-170x170.jpg 170w\" sizes=\"(max-width: 1000px) 100vw, 1000px\" \/><\/div>\n\t\t\t\t\t<\/div>\n\t\t\t\t<\/div><\/div><\/div><\/div><\/div><\/div><\/div><\/div><\/div><\/div><script id=\"script-row-unique-2\" data-row=\"script-row-unique-2\" type=\"text\/javascript\" class=\"vc_controls\">UNCODE.initRow(document.getElementById(\"row-unique-2\"));<\/script><\/div><\/div><\/div><div data-parent=\"true\" class=\"vc_row reassurance row-container\" id=\"row-unique-4\"><div class=\"row col-no-gutter double-top-padding triple-bottom-padding single-h-padding limit-width row-parent\"><div class=\"wpb_row row-inner\"><div class=\"wpb_column pos-top pos-center align_center column_parent col-lg-3 col-md-50 col-sm-50 one-internal-gutter\"><div class=\"uncol style-light\"  ><div class=\"uncoltable\"><div class=\"uncell no-block-padding\" ><div class=\"uncont\"><div class=\"vc_custom_heading_wrap\"><div class=\"heading-text el-text\" ><p class=\"font-titres fontsize-20px font-weight-500\" ><span>Secure payment<\/span><\/p><\/div><div class=\"clear\"><\/div><\/div><div class=\"uncode_text_column\" ><p><a href=\"https:\/\/www.doucesangevines.com\/en\/secure-payment\/\">By card and PayPal<\/a><\/p>\n<\/div><\/div><\/div><\/div><\/div><\/div><div class=\"wpb_column pos-top pos-center align_center column_parent col-lg-3 col-md-50 col-sm-50 one-internal-gutter\"><div class=\"uncol style-light\"  ><div class=\"uncoltable\"><div class=\"uncell no-block-padding\" ><div class=\"uncont\"><div class=\"vc_custom_heading_wrap\"><div class=\"heading-text el-text\" ><p class=\"font-titres fontsize-20px font-weight-500\" ><span>Free delivery<\/span><\/p><\/div><div class=\"clear\"><\/div><\/div><div class=\"uncode_text_column\" ><p><a href=\"https:\/\/www.doucesangevines.com\/en\/free-delivery\/\">From 69\u20ac<\/a><\/p>\n<\/div><\/div><\/div><\/div><\/div><\/div><div class=\"wpb_column pos-top pos-center align_center column_parent col-lg-3 col-md-50 col-md-clear col-sm-50 col-sm-clear one-internal-gutter\"><div class=\"uncol style-light\"  ><div class=\"uncoltable\"><div class=\"uncell no-block-padding\" ><div class=\"uncont\"><div class=\"vc_custom_heading_wrap\"><div class=\"heading-text el-text\" ><p class=\"font-titres fontsize-20px font-weight-500\" ><span>Loyalty and Sponsorship<\/span><\/p><\/div><div class=\"clear\"><\/div><\/div><div class=\"uncode_text_column\" ><p><a href=\"https:\/\/www.doucesangevines.com\/en\/loyalty-and-sponsorship\/\">We offer <strong>100 fidelity points<\/strong> for <strong>10\u20ac of purchase<\/strong><\/a><\/p>\n<\/div><\/div><\/div><\/div><\/div><\/div><div class=\"wpb_column pos-top pos-center align_center column_parent col-lg-3 col-md-50 col-md-clear col-sm-50 col-sm-clear one-internal-gutter\"><div class=\"uncol style-light\"  ><div class=\"uncoltable\"><div class=\"uncell no-block-padding\" ><div class=\"uncont\"><div class=\"vc_custom_heading_wrap\"><div class=\"heading-text el-text\" ><p class=\"font-titres fontsize-20px font-weight-500\" ><span>A question ?<\/span><\/p><\/div><div class=\"clear\"><\/div><\/div><div class=\"uncode_text_column\" ><p>Contact us through <a href=\"https:\/\/www.doucesangevines.com\/en\/contact\/#formulaire\">our form<\/a> or <a href=\"tel:+33241324060\">by telephone<\/a><\/p>\n<\/div><\/div><\/div><\/div><\/div><\/div><script id=\"script-row-unique-4\" data-row=\"script-row-unique-4\" type=\"text\/javascript\" class=\"vc_controls\">UNCODE.initRow(document.getElementById(\"row-unique-4\"));<\/script><\/div><\/div><\/div>\n<\/div>","protected":false},"excerpt":{"rendered":"Notre programme de fid\u00e9lit\u00e9\u00c0 chacune de vos commandes, vous recevez 100 points fid\u00e9lit\u00e9 pour 10\u20ac d'achat !Convertir vos points en [...]","protected":false},"author":1,"featured_media":0,"parent":0,"menu_order":0,"comment_status":"closed","ping_status":"closed","template":"","meta":{"_acf_changed":false,"footnotes":""},"class_list":["post-4154","page","type-page","status-publish","hentry"],"acf":[],"yoast_head":"<!-- This site is optimized with the Yoast SEO plugin v27.5 - https:\/\/yoast.com\/product\/yoast-seo-wordpress\/ -->\n<title>Programme de Fid\u00e9lit\u00e9 et Parrainage - Douces Angevines<\/title>\n<meta name=\"description\" content=\"Cumulez des points fid\u00e9lit\u00e9 \u00e0 chaque achat ou parrainage et convertissez-les en bons d&#039;achat, produits offerts ou autres avantages exclusifs.\" \/>\n<meta name=\"robots\" content=\"index, follow, max-snippet:-1, max-image-preview:large, max-video-preview:-1\" \/>\n<link rel=\"canonical\" href=\"https:\/\/www.doucesangevines.com\/en\/loyalty-and-sponsorship\/\" \/>\n<meta property=\"og:locale\" content=\"en_GB\" \/>\n<meta property=\"og:type\" content=\"article\" \/>\n<meta property=\"og:title\" content=\"Programme de Fid\u00e9lit\u00e9 et Parrainage - Douces Angevines\" \/>\n<meta property=\"og:description\" content=\"Cumulez des points fid\u00e9lit\u00e9 \u00e0 chaque achat ou parrainage et convertissez-les en bons d&#039;achat, produits offerts ou autres avantages exclusifs.\" \/>\n<meta property=\"og:url\" content=\"https:\/\/www.doucesangevines.com\/en\/loyalty-and-sponsorship\/\" \/>\n<meta property=\"og:site_name\" content=\"Douces Angevines\" \/>\n<meta property=\"article:publisher\" content=\"https:\/\/fr-fr.facebook.com\/doucesangevines\/\" \/>\n<meta property=\"article:modified_time\" content=\"2025-01-06T09:20:01+00:00\" \/>\n<meta name=\"twitter:card\" content=\"summary_large_image\" \/>\n<meta name=\"twitter:label1\" content=\"Estimated reading time\" \/>\n\t<meta name=\"twitter:data1\" content=\"4 minutes\" \/>\n<script type=\"application\/ld+json\" class=\"yoast-schema-graph\">{\"@context\":\"https:\\\/\\\/schema.org\",\"@graph\":[{\"@type\":\"WebPage\",\"@id\":\"https:\\\/\\\/www.doucesangevines.com\\\/fidelite-et-parrainage\\\/\",\"url\":\"https:\\\/\\\/www.doucesangevines.com\\\/fidelite-et-parrainage\\\/\",\"name\":\"Programme de Fid\u00e9lit\u00e9 et Parrainage - Douces Angevines\",\"isPartOf\":{\"@id\":\"https:\\\/\\\/www.doucesangevines.com\\\/#website\"},\"datePublished\":\"2022-05-13T15:24:29+00:00\",\"dateModified\":\"2025-01-06T09:20:01+00:00\",\"description\":\"Cumulez des points fid\u00e9lit\u00e9 \u00e0 chaque achat ou parrainage et convertissez-les en bons d'achat, produits offerts ou autres avantages exclusifs.\",\"breadcrumb\":{\"@id\":\"https:\\\/\\\/www.doucesangevines.com\\\/fidelite-et-parrainage\\\/#breadcrumb\"},\"inLanguage\":\"en-GB\",\"potentialAction\":[{\"@type\":\"ReadAction\",\"target\":[\"https:\\\/\\\/www.doucesangevines.com\\\/fidelite-et-parrainage\\\/\"]}]},{\"@type\":\"BreadcrumbList\",\"@id\":\"https:\\\/\\\/www.doucesangevines.com\\\/fidelite-et-parrainage\\\/#breadcrumb\",\"itemListElement\":[{\"@type\":\"ListItem\",\"position\":1,\"name\":\"Accueil\",\"item\":\"https:\\\/\\\/www.doucesangevines.com\\\/\"},{\"@type\":\"ListItem\",\"position\":2,\"name\":\"Fid\u00e9lit\u00e9 et parrainage\"}]},{\"@type\":\"WebSite\",\"@id\":\"https:\\\/\\\/www.doucesangevines.com\\\/#website\",\"url\":\"https:\\\/\\\/www.doucesangevines.com\\\/\",\"name\":\"Douces Angevines\",\"description\":\"Femmes Herboristes de Beaut\u00e9\",\"publisher\":{\"@id\":\"https:\\\/\\\/www.doucesangevines.com\\\/#organization\"},\"potentialAction\":[{\"@type\":\"SearchAction\",\"target\":{\"@type\":\"EntryPoint\",\"urlTemplate\":\"https:\\\/\\\/www.doucesangevines.com\\\/?s={search_term_string}\"},\"query-input\":{\"@type\":\"PropertyValueSpecification\",\"valueRequired\":true,\"valueName\":\"search_term_string\"}}],\"inLanguage\":\"en-GB\"},{\"@type\":\"Organization\",\"@id\":\"https:\\\/\\\/www.doucesangevines.com\\\/#organization\",\"name\":\"Douces Angevines\",\"url\":\"https:\\\/\\\/www.doucesangevines.com\\\/\",\"logo\":{\"@type\":\"ImageObject\",\"inLanguage\":\"en-GB\",\"@id\":\"https:\\\/\\\/www.doucesangevines.com\\\/#\\\/schema\\\/logo\\\/image\\\/\",\"url\":\"https:\\\/\\\/www.doucesangevines.com\\\/wp-content\\\/uploads\\\/2022\\\/02\\\/douces-angevines-logo-2025.svg\",\"contentUrl\":\"https:\\\/\\\/www.doucesangevines.com\\\/wp-content\\\/uploads\\\/2022\\\/02\\\/douces-angevines-logo-2025.svg\",\"caption\":\"Douces Angevines\"},\"image\":{\"@id\":\"https:\\\/\\\/www.doucesangevines.com\\\/#\\\/schema\\\/logo\\\/image\\\/\"},\"sameAs\":[\"https:\\\/\\\/fr-fr.facebook.com\\\/doucesangevines\\\/\",\"https:\\\/\\\/www.instagram.com\\\/doucesangevines\\\/\",\"https:\\\/\\\/www.youtube.com\\\/channel\\\/UCcbJc6Om9b7IZDHWj-osu6w\"]}]}<\/script>\n<!-- \/ Yoast SEO plugin. -->","yoast_head_json":{"title":"Programme de Fid\u00e9lit\u00e9 et Parrainage - Douces Angevines","description":"Cumulez des points fid\u00e9lit\u00e9 \u00e0 chaque achat ou parrainage et convertissez-les en bons d'achat, produits offerts ou autres avantages exclusifs.","robots":{"index":"index","follow":"follow","max-snippet":"max-snippet:-1","max-image-preview":"max-image-preview:large","max-video-preview":"max-video-preview:-1"},"canonical":"https:\/\/www.doucesangevines.com\/en\/loyalty-and-sponsorship\/","og_locale":"en_GB","og_type":"article","og_title":"Programme de Fid\u00e9lit\u00e9 et Parrainage - Douces Angevines","og_description":"Cumulez des points fid\u00e9lit\u00e9 \u00e0 chaque achat ou parrainage et convertissez-les en bons d'achat, produits offerts ou autres avantages exclusifs.","og_url":"https:\/\/www.doucesangevines.com\/en\/loyalty-and-sponsorship\/","og_site_name":"Douces Angevines","article_publisher":"https:\/\/fr-fr.facebook.com\/doucesangevines\/","article_modified_time":"2025-01-06T09:20:01+00:00","twitter_card":"summary_large_image","twitter_misc":{"Estimated reading time":"4 minutes"},"schema":{"@context":"https:\/\/schema.org","@graph":[{"@type":"WebPage","@id":"https:\/\/www.doucesangevines.com\/fidelite-et-parrainage\/","url":"https:\/\/www.doucesangevines.com\/fidelite-et-parrainage\/","name":"Programme de Fid\u00e9lit\u00e9 et Parrainage - Douces Angevines","isPartOf":{"@id":"https:\/\/www.doucesangevines.com\/#website"},"datePublished":"2022-05-13T15:24:29+00:00","dateModified":"2025-01-06T09:20:01+00:00","description":"Cumulez des points fid\u00e9lit\u00e9 \u00e0 chaque achat ou parrainage et convertissez-les en bons d'achat, produits offerts ou autres avantages exclusifs.","breadcrumb":{"@id":"https:\/\/www.doucesangevines.com\/fidelite-et-parrainage\/#breadcrumb"},"inLanguage":"en-GB","potentialAction":[{"@type":"ReadAction","target":["https:\/\/www.doucesangevines.com\/fidelite-et-parrainage\/"]}]},{"@type":"BreadcrumbList","@id":"https:\/\/www.doucesangevines.com\/fidelite-et-parrainage\/#breadcrumb","itemListElement":[{"@type":"ListItem","position":1,"name":"Accueil","item":"https:\/\/www.doucesangevines.com\/"},{"@type":"ListItem","position":2,"name":"Fid\u00e9lit\u00e9 et parrainage"}]},{"@type":"WebSite","@id":"https:\/\/www.doucesangevines.com\/#website","url":"https:\/\/www.doucesangevines.com\/","name":"Douces Angevines","description":"Women Beauty Herbalists","publisher":{"@id":"https:\/\/www.doucesangevines.com\/#organization"},"potentialAction":[{"@type":"SearchAction","target":{"@type":"EntryPoint","urlTemplate":"https:\/\/www.doucesangevines.com\/?s={search_term_string}"},"query-input":{"@type":"PropertyValueSpecification","valueRequired":true,"valueName":"search_term_string"}}],"inLanguage":"en-GB"},{"@type":"Organization","@id":"https:\/\/www.doucesangevines.com\/#organization","name":"Douces Angevines","url":"https:\/\/www.doucesangevines.com\/","logo":{"@type":"ImageObject","inLanguage":"en-GB","@id":"https:\/\/www.doucesangevines.com\/#\/schema\/logo\/image\/","url":"https:\/\/www.doucesangevines.com\/wp-content\/uploads\/2022\/02\/douces-angevines-logo-2025.svg","contentUrl":"https:\/\/www.doucesangevines.com\/wp-content\/uploads\/2022\/02\/douces-angevines-logo-2025.svg","caption":"Douces Angevines"},"image":{"@id":"https:\/\/www.doucesangevines.com\/#\/schema\/logo\/image\/"},"sameAs":["https:\/\/fr-fr.facebook.com\/doucesangevines\/","https:\/\/www.instagram.com\/doucesangevines\/","https:\/\/www.youtube.com\/channel\/UCcbJc6Om9b7IZDHWj-osu6w"]}]}},"_links":{"self":[{"href":"https:\/\/www.doucesangevines.com\/en\/wp-json\/wp\/v2\/pages\/4154","targetHints":{"allow":["GET"]}}],"collection":[{"href":"https:\/\/www.doucesangevines.com\/en\/wp-json\/wp\/v2\/pages"}],"about":[{"href":"https:\/\/www.doucesangevines.com\/en\/wp-json\/wp\/v2\/types\/page"}],"author":[{"embeddable":true,"href":"https:\/\/www.doucesangevines.com\/en\/wp-json\/wp\/v2\/users\/1"}],"replies":[{"embeddable":true,"href":"https:\/\/www.doucesangevines.com\/en\/wp-json\/wp\/v2\/comments?post=4154"}],"version-history":[{"count":7,"href":"https:\/\/www.doucesangevines.com\/en\/wp-json\/wp\/v2\/pages\/4154\/revisions"}],"predecessor-version":[{"id":16670,"href":"https:\/\/www.doucesangevines.com\/en\/wp-json\/wp\/v2\/pages\/4154\/revisions\/16670"}],"wp:attachment":[{"href":"https:\/\/www.doucesangevines.com\/en\/wp-json\/wp\/v2\/media?parent=4154"}],"curies":[{"name":"wp","href":"https:\/\/api.w.org\/{rel}","templated":true}]}}