{"id":4724,"date":"2022-06-10T15:36:39","date_gmt":"2022-06-10T14:36:39","guid":{"rendered":"http:\/\/doucesangevines.com\/?page_id=4724"},"modified":"2023-10-23T13:50:36","modified_gmt":"2023-10-23T12:50:36","slug":"le-parfum-selon-michele","status":"publish","type":"page","link":"https:\/\/www.doucesangevines.com\/en\/le-parfum-selon-michele\/","title":{"rendered":"Perfume according to Mich\u00e8le Cros"},"content":{"rendered":"<div class=\"wpb-content-wrapper\"><div data-parent=\"true\" class=\"vc_row bandeau-photo row-container\" id=\"row-unique-0\"><div class=\"row no-top-padding no-bottom-padding no-h-padding full-width row-parent\"><div class=\"wpb_row row-inner\"><div class=\"wpb_column pos-top pos-center align_left column_parent col-lg-12 single-internal-gutter\"><div class=\"uncol style-light\"  ><div class=\"uncoltable\"><div class=\"uncell no-block-padding\" ><div class=\"uncont\"><div class=\"uncode-single-media  text-left\"><div class=\"single-wrapper\" style=\"max-width: 100%;\"><div class=\"tmb tmb-light  tmb-media-first tmb-media-last tmb-content-overlay tmb-no-bg\"><div class=\"t-inside\"><div class=\"t-entry-visual\"><div class=\"t-entry-visual-tc\"><div class=\"uncode-single-media-wrapper\"><img decoding=\"async\" class=\"wp-image-5331\" src=\"https:\/\/www.doucesangevines.com\/wp-content\/uploads\/2022\/06\/Parfums-naturels.jpg\" width=\"2000\" height=\"800\" alt=\"parfum naturels vegan\" srcset=\"https:\/\/www.doucesangevines.com\/wp-content\/uploads\/2022\/06\/Parfums-naturels.jpg 2000w, https:\/\/www.doucesangevines.com\/wp-content\/uploads\/2022\/06\/Parfums-naturels-600x240.jpg 600w, https:\/\/www.doucesangevines.com\/wp-content\/uploads\/2022\/06\/Parfums-naturels-64x26.jpg 64w, https:\/\/www.doucesangevines.com\/wp-content\/uploads\/2022\/06\/Parfums-naturels-300x120.jpg 300w, https:\/\/www.doucesangevines.com\/wp-content\/uploads\/2022\/06\/Parfums-naturels-1024x410.jpg 1024w, https:\/\/www.doucesangevines.com\/wp-content\/uploads\/2022\/06\/Parfums-naturels-768x307.jpg 768w, https:\/\/www.doucesangevines.com\/wp-content\/uploads\/2022\/06\/Parfums-naturels-1536x614.jpg 1536w, https:\/\/www.doucesangevines.com\/wp-content\/uploads\/2022\/06\/Parfums-naturels-190x76.jpg 190w, https:\/\/www.doucesangevines.com\/wp-content\/uploads\/2022\/06\/Parfums-naturels-225x90.jpg 225w\" sizes=\"(max-width: 2000px) 100vw, 2000px\" \/><\/div>\n\t\t\t\t\t<\/div>\n\t\t\t\t<\/div><\/div><\/div><\/div><\/div><\/div><\/div><\/div><\/div><\/div><script id=\"script-row-unique-0\" data-row=\"script-row-unique-0\" type=\"text\/javascript\" class=\"vc_controls\">UNCODE.initRow(document.getElementById(\"row-unique-0\"));<\/script><\/div><\/div><\/div><div data-parent=\"true\" class=\"vc_row row-container\" id=\"row-unique-1\"><div class=\"row single-top-padding single-bottom-padding single-h-padding limit-width row-parent\"><div class=\"wpb_row row-inner\"><div class=\"wpb_column pos-top pos-center align_center column_parent col-lg-12 single-internal-gutter\"><div class=\"uncol style-light\"  ><div class=\"uncoltable\"><div class=\"uncell no-block-padding\" ><div class=\"uncont\"><div class=\"vc_custom_heading_wrap\"><div class=\"heading-text el-text\" ><h1 class=\"h1 font-weight-500\" ><span>Perfume according to Mich\u00e8le Cros<\/span><\/h1><\/div><div class=\"clear\"><\/div><\/div><\/div><\/div><\/div><\/div><\/div><script id=\"script-row-unique-1\" data-row=\"script-row-unique-1\" type=\"text\/javascript\" class=\"vc_controls\">UNCODE.initRow(document.getElementById(\"row-unique-1\"));<\/script><\/div><\/div><\/div><div data-parent=\"true\" class=\"vc_row infos-contact row-container\" id=\"row-unique-2\"><div class=\"row unequal single-top-padding single-bottom-padding no-h-padding full-width row-parent\"><div class=\"wpb_row row-inner\"><div class=\"wpb_column pos-middle pos-center align_left column_parent col-lg-6 single-internal-gutter\"><div class=\"uncol style-light\"  ><div class=\"uncoltable\"><div class=\"uncell double-block-padding\" ><div class=\"uncont\" style=\"max-width:480px;\"><div class=\"uncode_text_column\" ><p>Guid\u00e9e par les plantes depuis toujours, Mich\u00e8le Cros ne se contente pas de distiller leurs vertus dans ses pr\u00e9parations pour la peau. Elle est attentive \u00e0 leurs vibrations, elle \u00e9coute leurs battements de c\u0153ur et se nourrit de leurs senteurs. Mais au del\u00e0 de ces v\u00e9g\u00e9taux qui l&#8217;inspirent au quotidien, il lui fallait trouver le juste chemin olfactif. Une r\u00e9sonnance. Alors, elle s&#8217;est plong\u00e9e dans la lecture et l&#8217;histoire des parfums les plus anciens.<\/p>\n<p>Per fumare : A travers la fum\u00e9e&#8230; De l&#8217;\u00e9tymologie du mot, cette artisane des odeurs a ensuite \u00e9tabli un dialogue avec les r\u00e9sines ancestrales, celles qu&#8217;on br\u00fblait pour communiquer avec le divin. Une id\u00e9e est apparue comme une \u00e9vidence : remonter aux origines. Celles du parfum, celles qui nous constituent mais aussi celles de la terre.<\/p>\n<p>Un parfum universel pour s&#8217;adresser \u00e0 l&#8217;\u00e2me. Une fragrance pour c\u00e9l\u00e9brer le sacr\u00e9 qui se niche en chacun de nous.<\/p>\n<\/div><\/div><\/div><\/div><\/div><\/div><div class=\"wpb_column pos-top pos-center align_left column_parent col-lg-6 single-internal-gutter\"><div class=\"uncol style-light\"  ><div class=\"uncoltable\"><div class=\"uncell single-block-padding\" ><div class=\"column-background background-element\">\n\t\t\t\t\t\t\t\t\t\t\t<div class=\"background-wrapper\">\n\t\t\t\t\t\t\t\t\t\t\t\t<div class=\"background-inner\" style=\"background-image: url(https:\/\/www.doucesangevines.com\/wp-content\/uploads\/2022\/06\/Michele-Cros-parfum.jpg);background-repeat: no-repeat;background-position: center center;background-size: cover;\" data-o_src=\"https:\/\/www.doucesangevines.com\/wp-content\/uploads\/2022\/06\/Michele-Cros-parfum.jpg\"><\/div>\n\t\t\t\t\t\t\t\t\t\t\t\t\n\t\t\t\t\t\t\t\t\t\t\t<\/div>\n\t\t\t\t\t\t\t\t\t\t<\/div><div class=\"uncont\"><div class=\"uncode-single-media  text-left\"><div class=\"single-wrapper\" style=\"max-width: 100%;\"><div class=\"tmb tmb-light  tmb-media-first tmb-media-last tmb-content-overlay tmb-no-bg\"><div class=\"t-inside\"><div class=\"t-entry-visual\"><div class=\"t-entry-visual-tc\"><div class=\"uncode-single-media-wrapper\"><img decoding=\"async\" class=\"wp-image-5329\" src=\"https:\/\/www.doucesangevines.com\/wp-content\/uploads\/2022\/06\/Michele-Cros-parfum.jpg\" width=\"1000\" height=\"1000\" alt=\"Mich\u00e8le Cros creation of natural perfumes\" srcset=\"https:\/\/www.doucesangevines.com\/wp-content\/uploads\/2022\/06\/Michele-Cros-parfum.jpg 1000w, https:\/\/www.doucesangevines.com\/wp-content\/uploads\/2022\/06\/Michele-Cros-parfum-450x450.jpg 450w, https:\/\/www.doucesangevines.com\/wp-content\/uploads\/2022\/06\/Michele-Cros-parfum-100x100.jpg 100w, https:\/\/www.doucesangevines.com\/wp-content\/uploads\/2022\/06\/Michele-Cros-parfum-600x600.jpg 600w, https:\/\/www.doucesangevines.com\/wp-content\/uploads\/2022\/06\/Michele-Cros-parfum-64x64.jpg 64w, https:\/\/www.doucesangevines.com\/wp-content\/uploads\/2022\/06\/Michele-Cros-parfum-300x300.jpg 300w, https:\/\/www.doucesangevines.com\/wp-content\/uploads\/2022\/06\/Michele-Cros-parfum-150x150.jpg 150w, https:\/\/www.doucesangevines.com\/wp-content\/uploads\/2022\/06\/Michele-Cros-parfum-768x768.jpg 768w, https:\/\/www.doucesangevines.com\/wp-content\/uploads\/2022\/06\/Michele-Cros-parfum-39x39.jpg 39w, https:\/\/www.doucesangevines.com\/wp-content\/uploads\/2022\/06\/Michele-Cros-parfum-18x18.jpg 18w, https:\/\/www.doucesangevines.com\/wp-content\/uploads\/2022\/06\/Michele-Cros-parfum-25x25.jpg 25w, https:\/\/www.doucesangevines.com\/wp-content\/uploads\/2022\/06\/Michele-Cros-parfum-16x16.jpg 16w, https:\/\/www.doucesangevines.com\/wp-content\/uploads\/2022\/06\/Michele-Cros-parfum-170x170.jpg 170w, https:\/\/www.doucesangevines.com\/wp-content\/uploads\/2022\/06\/Michele-Cros-parfum-90x90.jpg 90w\" sizes=\"(max-width: 1000px) 100vw, 1000px\" \/><\/div>\n\t\t\t\t\t<\/div>\n\t\t\t\t<\/div><\/div><\/div><\/div><\/div><\/div><\/div><\/div><\/div><\/div><script id=\"script-row-unique-2\" data-row=\"script-row-unique-2\" type=\"text\/javascript\" class=\"vc_controls\">UNCODE.initRow(document.getElementById(\"row-unique-2\"));<\/script><\/div><\/div><\/div><div data-parent=\"true\" class=\"vc_row reassurance row-container\" id=\"row-unique-4\"><div class=\"row col-no-gutter double-top-padding triple-bottom-padding single-h-padding limit-width row-parent\"><div class=\"wpb_row row-inner\"><div class=\"wpb_column pos-top pos-center align_center column_parent col-lg-3 col-md-50 col-sm-50 one-internal-gutter\"><div class=\"uncol style-light\"  ><div class=\"uncoltable\"><div class=\"uncell no-block-padding\" ><div class=\"uncont\"><div class=\"vc_custom_heading_wrap\"><div class=\"heading-text el-text\" ><p class=\"font-titres fontsize-20px font-weight-500\" ><span>Secure payment<\/span><\/p><\/div><div class=\"clear\"><\/div><\/div><div class=\"uncode_text_column\" ><p><a href=\"https:\/\/www.doucesangevines.com\/en\/secure-payment\/\">By card and PayPal<\/a><\/p>\n<\/div><\/div><\/div><\/div><\/div><\/div><div class=\"wpb_column pos-top pos-center align_center column_parent col-lg-3 col-md-50 col-sm-50 one-internal-gutter\"><div class=\"uncol style-light\"  ><div class=\"uncoltable\"><div class=\"uncell no-block-padding\" ><div class=\"uncont\"><div class=\"vc_custom_heading_wrap\"><div class=\"heading-text el-text\" ><p class=\"font-titres fontsize-20px font-weight-500\" ><span>Free delivery<\/span><\/p><\/div><div class=\"clear\"><\/div><\/div><div class=\"uncode_text_column\" ><p><a href=\"https:\/\/www.doucesangevines.com\/en\/free-delivery\/\">From 69\u20ac<\/a><\/p>\n<\/div><\/div><\/div><\/div><\/div><\/div><div class=\"wpb_column pos-top pos-center align_center column_parent col-lg-3 col-md-50 col-md-clear col-sm-50 col-sm-clear one-internal-gutter\"><div class=\"uncol style-light\"  ><div class=\"uncoltable\"><div class=\"uncell no-block-padding\" ><div class=\"uncont\"><div class=\"vc_custom_heading_wrap\"><div class=\"heading-text el-text\" ><p class=\"font-titres fontsize-20px font-weight-500\" ><span>Loyalty and Sponsorship<\/span><\/p><\/div><div class=\"clear\"><\/div><\/div><div class=\"uncode_text_column\" ><p><a href=\"https:\/\/www.doucesangevines.com\/en\/loyalty-and-sponsorship\/\">We offer <strong>100 fidelity points<\/strong> for <strong>10\u20ac of purchase<\/strong><\/a><\/p>\n<\/div><\/div><\/div><\/div><\/div><\/div><div class=\"wpb_column pos-top pos-center align_center column_parent col-lg-3 col-md-50 col-md-clear col-sm-50 col-sm-clear one-internal-gutter\"><div class=\"uncol style-light\"  ><div class=\"uncoltable\"><div class=\"uncell no-block-padding\" ><div class=\"uncont\"><div class=\"vc_custom_heading_wrap\"><div class=\"heading-text el-text\" ><p class=\"font-titres fontsize-20px font-weight-500\" ><span>A question ?<\/span><\/p><\/div><div class=\"clear\"><\/div><\/div><div class=\"uncode_text_column\" ><p>Contact us through <a href=\"https:\/\/www.doucesangevines.com\/en\/contact\/#formulaire\">our form<\/a> or <a href=\"tel:+33241324060\">by telephone<\/a><\/p>\n<\/div><\/div><\/div><\/div><\/div><\/div><script id=\"script-row-unique-4\" data-row=\"script-row-unique-4\" type=\"text\/javascript\" class=\"vc_controls\">UNCODE.initRow(document.getElementById(\"row-unique-4\"));<\/script><\/div><\/div><\/div>\n<\/div>","protected":false},"excerpt":{"rendered":"Le parfum selon Mich\u00e8le CrosGuid\u00e9e par les plantes depuis toujours, Mich\u00e8le Cros ne se contente pas de distiller leurs vertus [...]","protected":false},"author":15,"featured_media":5329,"parent":0,"menu_order":0,"comment_status":"closed","ping_status":"closed","template":"","meta":{"_acf_changed":false,"footnotes":""},"class_list":["post-4724","page","type-page","status-publish","has-post-thumbnail","hentry"],"acf":[],"yoast_head":"<!-- This site is optimized with the Yoast SEO plugin v27.4 - https:\/\/yoast.com\/product\/yoast-seo-wordpress\/ -->\n<title>Le parfum selon Mich\u00e8le Cros - Douces Angevines<\/title>\n<meta name=\"description\" content=\"Des parfums 100% bio et naturels o\u00f9 l&#039;herboristerie rejoint la parfumerie fine pour r\u00e9inventer une parfumerie v\u00e9g\u00e9tale, po\u00e9tique et \u00e9thique.\" \/>\n<meta name=\"robots\" content=\"index, follow, max-snippet:-1, max-image-preview:large, max-video-preview:-1\" \/>\n<link rel=\"canonical\" href=\"https:\/\/www.doucesangevines.com\/en\/le-parfum-selon-michele\/\" \/>\n<meta property=\"og:locale\" content=\"en_GB\" \/>\n<meta property=\"og:type\" content=\"article\" \/>\n<meta property=\"og:title\" content=\"Le parfum selon Mich\u00e8le Cros - Douces Angevines\" \/>\n<meta property=\"og:description\" content=\"Des parfums 100% bio et naturels o\u00f9 l&#039;herboristerie rejoint la parfumerie fine pour r\u00e9inventer une parfumerie v\u00e9g\u00e9tale, po\u00e9tique et \u00e9thique.\" \/>\n<meta property=\"og:url\" content=\"https:\/\/www.doucesangevines.com\/en\/le-parfum-selon-michele\/\" \/>\n<meta property=\"og:site_name\" content=\"Douces Angevines\" \/>\n<meta property=\"article:publisher\" content=\"https:\/\/fr-fr.facebook.com\/doucesangevines\/\" \/>\n<meta property=\"article:modified_time\" content=\"2023-10-23T12:50:36+00:00\" \/>\n<meta property=\"og:image\" content=\"https:\/\/www.doucesangevines.com\/wp-content\/uploads\/2022\/06\/Michele-Cros-parfum.jpg\" \/>\n\t<meta property=\"og:image:width\" content=\"1000\" \/>\n\t<meta property=\"og:image:height\" content=\"1000\" \/>\n\t<meta property=\"og:image:type\" content=\"image\/jpeg\" \/>\n<meta name=\"twitter:card\" content=\"summary_large_image\" \/>\n<meta name=\"twitter:label1\" content=\"Estimated reading time\" \/>\n\t<meta name=\"twitter:data1\" content=\"2 minutes\" \/>\n<script type=\"application\/ld+json\" class=\"yoast-schema-graph\">{\"@context\":\"https:\\\/\\\/schema.org\",\"@graph\":[{\"@type\":\"WebPage\",\"@id\":\"https:\\\/\\\/www.doucesangevines.com\\\/le-parfum-selon-michele\\\/\",\"url\":\"https:\\\/\\\/www.doucesangevines.com\\\/le-parfum-selon-michele\\\/\",\"name\":\"Le parfum selon Mich\u00e8le Cros - Douces Angevines\",\"isPartOf\":{\"@id\":\"https:\\\/\\\/www.doucesangevines.com\\\/#website\"},\"primaryImageOfPage\":{\"@id\":\"https:\\\/\\\/www.doucesangevines.com\\\/le-parfum-selon-michele\\\/#primaryimage\"},\"image\":{\"@id\":\"https:\\\/\\\/www.doucesangevines.com\\\/le-parfum-selon-michele\\\/#primaryimage\"},\"thumbnailUrl\":\"https:\\\/\\\/www.doucesangevines.com\\\/wp-content\\\/uploads\\\/2022\\\/06\\\/Michele-Cros-parfum.jpg\",\"datePublished\":\"2022-06-10T14:36:39+00:00\",\"dateModified\":\"2023-10-23T12:50:36+00:00\",\"description\":\"Des parfums 100% bio et naturels o\u00f9 l'herboristerie rejoint la parfumerie fine pour r\u00e9inventer une parfumerie v\u00e9g\u00e9tale, po\u00e9tique et \u00e9thique.\",\"breadcrumb\":{\"@id\":\"https:\\\/\\\/www.doucesangevines.com\\\/le-parfum-selon-michele\\\/#breadcrumb\"},\"inLanguage\":\"en-GB\",\"potentialAction\":[{\"@type\":\"ReadAction\",\"target\":[\"https:\\\/\\\/www.doucesangevines.com\\\/le-parfum-selon-michele\\\/\"]}]},{\"@type\":\"ImageObject\",\"inLanguage\":\"en-GB\",\"@id\":\"https:\\\/\\\/www.doucesangevines.com\\\/le-parfum-selon-michele\\\/#primaryimage\",\"url\":\"https:\\\/\\\/www.doucesangevines.com\\\/wp-content\\\/uploads\\\/2022\\\/06\\\/Michele-Cros-parfum.jpg\",\"contentUrl\":\"https:\\\/\\\/www.doucesangevines.com\\\/wp-content\\\/uploads\\\/2022\\\/06\\\/Michele-Cros-parfum.jpg\",\"width\":1000,\"height\":1000,\"caption\":\"Mich\u00e8le Cros cr\u00e9ation parfums naturels\"},{\"@type\":\"BreadcrumbList\",\"@id\":\"https:\\\/\\\/www.doucesangevines.com\\\/le-parfum-selon-michele\\\/#breadcrumb\",\"itemListElement\":[{\"@type\":\"ListItem\",\"position\":1,\"name\":\"Accueil\",\"item\":\"https:\\\/\\\/www.doucesangevines.com\\\/\"},{\"@type\":\"ListItem\",\"position\":2,\"name\":\"Le parfum selon Mich\u00e8le Cros\"}]},{\"@type\":\"WebSite\",\"@id\":\"https:\\\/\\\/www.doucesangevines.com\\\/#website\",\"url\":\"https:\\\/\\\/www.doucesangevines.com\\\/\",\"name\":\"Douces Angevines\",\"description\":\"Femmes Herboristes de Beaut\u00e9\",\"publisher\":{\"@id\":\"https:\\\/\\\/www.doucesangevines.com\\\/#organization\"},\"potentialAction\":[{\"@type\":\"SearchAction\",\"target\":{\"@type\":\"EntryPoint\",\"urlTemplate\":\"https:\\\/\\\/www.doucesangevines.com\\\/?s={search_term_string}\"},\"query-input\":{\"@type\":\"PropertyValueSpecification\",\"valueRequired\":true,\"valueName\":\"search_term_string\"}}],\"inLanguage\":\"en-GB\"},{\"@type\":\"Organization\",\"@id\":\"https:\\\/\\\/www.doucesangevines.com\\\/#organization\",\"name\":\"Douces Angevines\",\"url\":\"https:\\\/\\\/www.doucesangevines.com\\\/\",\"logo\":{\"@type\":\"ImageObject\",\"inLanguage\":\"en-GB\",\"@id\":\"https:\\\/\\\/www.doucesangevines.com\\\/#\\\/schema\\\/logo\\\/image\\\/\",\"url\":\"https:\\\/\\\/www.doucesangevines.com\\\/wp-content\\\/uploads\\\/2022\\\/02\\\/douces-angevines-logo-2025.svg\",\"contentUrl\":\"https:\\\/\\\/www.doucesangevines.com\\\/wp-content\\\/uploads\\\/2022\\\/02\\\/douces-angevines-logo-2025.svg\",\"caption\":\"Douces Angevines\"},\"image\":{\"@id\":\"https:\\\/\\\/www.doucesangevines.com\\\/#\\\/schema\\\/logo\\\/image\\\/\"},\"sameAs\":[\"https:\\\/\\\/fr-fr.facebook.com\\\/doucesangevines\\\/\",\"https:\\\/\\\/www.instagram.com\\\/doucesangevines\\\/\",\"https:\\\/\\\/www.youtube.com\\\/channel\\\/UCcbJc6Om9b7IZDHWj-osu6w\"]}]}<\/script>\n<!-- \/ Yoast SEO plugin. -->","yoast_head_json":{"title":"Le parfum selon Mich\u00e8le Cros - Douces Angevines","description":"Des parfums 100% bio et naturels o\u00f9 l'herboristerie rejoint la parfumerie fine pour r\u00e9inventer une parfumerie v\u00e9g\u00e9tale, po\u00e9tique et \u00e9thique.","robots":{"index":"index","follow":"follow","max-snippet":"max-snippet:-1","max-image-preview":"max-image-preview:large","max-video-preview":"max-video-preview:-1"},"canonical":"https:\/\/www.doucesangevines.com\/en\/le-parfum-selon-michele\/","og_locale":"en_GB","og_type":"article","og_title":"Le parfum selon Mich\u00e8le Cros - Douces Angevines","og_description":"Des parfums 100% bio et naturels o\u00f9 l'herboristerie rejoint la parfumerie fine pour r\u00e9inventer une parfumerie v\u00e9g\u00e9tale, po\u00e9tique et \u00e9thique.","og_url":"https:\/\/www.doucesangevines.com\/en\/le-parfum-selon-michele\/","og_site_name":"Douces Angevines","article_publisher":"https:\/\/fr-fr.facebook.com\/doucesangevines\/","article_modified_time":"2023-10-23T12:50:36+00:00","og_image":[{"width":1000,"height":1000,"url":"https:\/\/www.doucesangevines.com\/wp-content\/uploads\/2022\/06\/Michele-Cros-parfum.jpg","type":"image\/jpeg"}],"twitter_card":"summary_large_image","twitter_misc":{"Estimated reading time":"2 minutes"},"schema":{"@context":"https:\/\/schema.org","@graph":[{"@type":"WebPage","@id":"https:\/\/www.doucesangevines.com\/le-parfum-selon-michele\/","url":"https:\/\/www.doucesangevines.com\/le-parfum-selon-michele\/","name":"Le parfum selon Mich\u00e8le Cros - Douces Angevines","isPartOf":{"@id":"https:\/\/www.doucesangevines.com\/#website"},"primaryImageOfPage":{"@id":"https:\/\/www.doucesangevines.com\/le-parfum-selon-michele\/#primaryimage"},"image":{"@id":"https:\/\/www.doucesangevines.com\/le-parfum-selon-michele\/#primaryimage"},"thumbnailUrl":"https:\/\/www.doucesangevines.com\/wp-content\/uploads\/2022\/06\/Michele-Cros-parfum.jpg","datePublished":"2022-06-10T14:36:39+00:00","dateModified":"2023-10-23T12:50:36+00:00","description":"Des parfums 100% bio et naturels o\u00f9 l'herboristerie rejoint la parfumerie fine pour r\u00e9inventer une parfumerie v\u00e9g\u00e9tale, po\u00e9tique et \u00e9thique.","breadcrumb":{"@id":"https:\/\/www.doucesangevines.com\/le-parfum-selon-michele\/#breadcrumb"},"inLanguage":"en-GB","potentialAction":[{"@type":"ReadAction","target":["https:\/\/www.doucesangevines.com\/le-parfum-selon-michele\/"]}]},{"@type":"ImageObject","inLanguage":"en-GB","@id":"https:\/\/www.doucesangevines.com\/le-parfum-selon-michele\/#primaryimage","url":"https:\/\/www.doucesangevines.com\/wp-content\/uploads\/2022\/06\/Michele-Cros-parfum.jpg","contentUrl":"https:\/\/www.doucesangevines.com\/wp-content\/uploads\/2022\/06\/Michele-Cros-parfum.jpg","width":1000,"height":1000,"caption":"Mich\u00e8le Cros cr\u00e9ation parfums naturels"},{"@type":"BreadcrumbList","@id":"https:\/\/www.doucesangevines.com\/le-parfum-selon-michele\/#breadcrumb","itemListElement":[{"@type":"ListItem","position":1,"name":"Accueil","item":"https:\/\/www.doucesangevines.com\/"},{"@type":"ListItem","position":2,"name":"Le parfum selon Mich\u00e8le Cros"}]},{"@type":"WebSite","@id":"https:\/\/www.doucesangevines.com\/#website","url":"https:\/\/www.doucesangevines.com\/","name":"Douces Angevines","description":"Women Beauty Herbalists","publisher":{"@id":"https:\/\/www.doucesangevines.com\/#organization"},"potentialAction":[{"@type":"SearchAction","target":{"@type":"EntryPoint","urlTemplate":"https:\/\/www.doucesangevines.com\/?s={search_term_string}"},"query-input":{"@type":"PropertyValueSpecification","valueRequired":true,"valueName":"search_term_string"}}],"inLanguage":"en-GB"},{"@type":"Organization","@id":"https:\/\/www.doucesangevines.com\/#organization","name":"Douces Angevines","url":"https:\/\/www.doucesangevines.com\/","logo":{"@type":"ImageObject","inLanguage":"en-GB","@id":"https:\/\/www.doucesangevines.com\/#\/schema\/logo\/image\/","url":"https:\/\/www.doucesangevines.com\/wp-content\/uploads\/2022\/02\/douces-angevines-logo-2025.svg","contentUrl":"https:\/\/www.doucesangevines.com\/wp-content\/uploads\/2022\/02\/douces-angevines-logo-2025.svg","caption":"Douces Angevines"},"image":{"@id":"https:\/\/www.doucesangevines.com\/#\/schema\/logo\/image\/"},"sameAs":["https:\/\/fr-fr.facebook.com\/doucesangevines\/","https:\/\/www.instagram.com\/doucesangevines\/","https:\/\/www.youtube.com\/channel\/UCcbJc6Om9b7IZDHWj-osu6w"]}]}},"_links":{"self":[{"href":"https:\/\/www.doucesangevines.com\/en\/wp-json\/wp\/v2\/pages\/4724","targetHints":{"allow":["GET"]}}],"collection":[{"href":"https:\/\/www.doucesangevines.com\/en\/wp-json\/wp\/v2\/pages"}],"about":[{"href":"https:\/\/www.doucesangevines.com\/en\/wp-json\/wp\/v2\/types\/page"}],"author":[{"embeddable":true,"href":"https:\/\/www.doucesangevines.com\/en\/wp-json\/wp\/v2\/users\/15"}],"replies":[{"embeddable":true,"href":"https:\/\/www.doucesangevines.com\/en\/wp-json\/wp\/v2\/comments?post=4724"}],"version-history":[{"count":2,"href":"https:\/\/www.doucesangevines.com\/en\/wp-json\/wp\/v2\/pages\/4724\/revisions"}],"predecessor-version":[{"id":14831,"href":"https:\/\/www.doucesangevines.com\/en\/wp-json\/wp\/v2\/pages\/4724\/revisions\/14831"}],"wp:featuredmedia":[{"embeddable":true,"href":"https:\/\/www.doucesangevines.com\/en\/wp-json\/wp\/v2\/media\/5329"}],"wp:attachment":[{"href":"https:\/\/www.doucesangevines.com\/en\/wp-json\/wp\/v2\/media?parent=4724"}],"curies":[{"name":"wp","href":"https:\/\/api.w.org\/{rel}","templated":true}]}}