{"id":5054,"date":"2022-06-20T15:10:48","date_gmt":"2022-06-20T13:10:48","guid":{"rendered":"http:\/\/doucesangevines.com\/?page_id=5054"},"modified":"2023-11-10T12:09:44","modified_gmt":"2023-11-10T11:09:44","slug":"devenir-revendeur","status":"publish","type":"page","link":"https:\/\/www.doucesangevines.com\/en\/devenir-revendeur\/","title":{"rendered":"Become a reseller"},"content":{"rendered":"<div class=\"wpb-content-wrapper\"><div data-parent=\"true\" class=\"vc_row bandeau-photo row-container\" id=\"row-unique-0\"><div class=\"row no-top-padding no-bottom-padding no-h-padding full-width row-parent\"><div class=\"wpb_row row-inner\"><div class=\"wpb_column pos-top pos-center align_left column_parent col-lg-12 single-internal-gutter\"><div class=\"uncol style-light\"  ><div class=\"uncoltable\"><div class=\"uncell no-block-padding\" ><div class=\"uncont\"><div class=\"uncode-single-media  text-left\"><div class=\"single-wrapper\" style=\"max-width: 100%;\"><div class=\"tmb tmb-light  tmb-media-first tmb-media-last tmb-content-overlay tmb-no-bg\"><div class=\"t-inside\"><div class=\"t-entry-visual\"><div class=\"t-entry-visual-tc\"><div class=\"uncode-single-media-wrapper\"><img decoding=\"async\" class=\"wp-image-2095\" src=\"https:\/\/www.doucesangevines.com\/wp-content\/uploads\/2022\/02\/photo-accueil.jpg\" width=\"1920\" height=\"1280\" alt=\"picking echinacea in the beauty garden\" srcset=\"https:\/\/www.doucesangevines.com\/wp-content\/uploads\/2022\/02\/photo-accueil.jpg 1920w, https:\/\/www.doucesangevines.com\/wp-content\/uploads\/2022\/02\/photo-accueil-600x400.jpg 600w, https:\/\/www.doucesangevines.com\/wp-content\/uploads\/2022\/02\/photo-accueil-64x43.jpg 64w, https:\/\/www.doucesangevines.com\/wp-content\/uploads\/2022\/02\/photo-accueil-300x200.jpg 300w, https:\/\/www.doucesangevines.com\/wp-content\/uploads\/2022\/02\/photo-accueil-1024x683.jpg 1024w, https:\/\/www.doucesangevines.com\/wp-content\/uploads\/2022\/02\/photo-accueil-768x512.jpg 768w, https:\/\/www.doucesangevines.com\/wp-content\/uploads\/2022\/02\/photo-accueil-1536x1024.jpg 1536w\" sizes=\"(max-width: 1920px) 100vw, 1920px\" \/><\/div>\n\t\t\t\t\t<\/div>\n\t\t\t\t<\/div><\/div><\/div><\/div><\/div><\/div><\/div><\/div><\/div><\/div><script id=\"script-row-unique-0\" data-row=\"script-row-unique-0\" type=\"text\/javascript\" class=\"vc_controls\">UNCODE.initRow(document.getElementById(\"row-unique-0\"));<\/script><\/div><\/div><\/div><div data-parent=\"true\" class=\"vc_row row-container\" id=\"row-unique-1\"><div class=\"row single-top-padding single-bottom-padding single-h-padding limit-width row-parent\"><div class=\"wpb_row row-inner\"><div class=\"wpb_column pos-top pos-center align_center column_parent col-lg-12 single-internal-gutter\"><div class=\"uncol style-light\"  ><div class=\"uncoltable\"><div class=\"uncell no-block-padding\" ><div class=\"uncont\"><div class=\"vc_custom_heading_wrap\"><div class=\"heading-text el-text\" ><h1 class=\"h1 font-weight-500\" ><span>Faites entrer le jardin de beaut\u00e9 dans votre boutique<\/span><\/h1><\/div><div class=\"clear\"><\/div><\/div><div class=\"vc_row row-internal row-container\"><div class=\"row row-child\"><div class=\"wpb_row row-inner\"><div class=\"wpb_column pos-top pos-center align_left column_child col-lg-12 single-internal-gutter\"><div class=\"uncol style-light\" ><div class=\"uncoltable\"><div class=\"uncell no-block-padding\" ><div class=\"uncont\" style=\"max-width:960px;\"><div class=\"vc_custom_heading_wrap\"><div class=\"heading-text el-text\" ><p class=\"font-titres h3\" ><span>Notre gamme est pr\u00e9sente depuis 1994 ans en <a href=\"https:\/\/www.doucesangevines.com\/en\/where-to-find-us\/\">boutiques et instituts de beaut\u00e9<\/a> bio. Proposer des produits Douces Angevines, c&#8217;est faire le choix d&#8217;une marque fran\u00e7aise, d&#8217;un savoir-faire unique et d&#8217;une philosophie engag\u00e9e : le choix d&#8217;une cosm\u00e9tique 100% v\u00e9g\u00e9tale et active, aux <a href=\"https:\/\/www.doucesangevines.com\/en\/create-with-the-moon-and-the-sun\/\">mac\u00e9rats du jardin et cueillettes sauvages<\/a>, fabriqu\u00e9e \u00e0 la main dans notre atelier-laboratoire au bord du Loir, en Anjou. Par nos <a href=\"https:\/\/www.doucesangevines.com\/en\/cosmetic-fluids\/\">cosm\u00e9tiques d&#8217;herboristes<\/a>, nous r\u00e9concilions la plus grande naturalit\u00e9, un impact positif sur le vivant et une vraie efficacit\u00e9 pour la peau. Autant de valeurs ch\u00e8res \u00e0 vos client\u00b7e\u00b7s aujourd&#8217;hui.<\/span><\/p><\/div><div class=\"clear\"><\/div><\/div><\/div><\/div><\/div><\/div><\/div><\/div><\/div><\/div><\/div><\/div><\/div><\/div><\/div><script id=\"script-row-unique-1\" data-row=\"script-row-unique-1\" type=\"text\/javascript\" class=\"vc_controls\">UNCODE.initRow(document.getElementById(\"row-unique-1\"));<\/script><\/div><\/div><\/div><div data-parent=\"true\" class=\"vc_row row-container\" id=\"row-unique-2\"><div class=\"row double-top-padding triple-bottom-padding single-h-padding limit-width row-parent\"><div class=\"wpb_row row-inner\"><div class=\"wpb_column pos-top pos-right align_left column_parent col-lg-6 no-internal-gutter\"><div class=\"uncol style-light\"  ><div class=\"uncoltable\"><div class=\"uncell no-block-padding\" ><div class=\"uncont\"><div class=\"uncode-single-media  arrondi-top text-center\"><div class=\"single-wrapper\" style=\"max-width: 570px;\"><div class=\"tmb tmb-light  tmb-img-ratio tmb-media-first tmb-media-last tmb-content-overlay tmb-no-bg\"><div class=\"t-inside\"><div class=\"t-entry-visual\"><div class=\"t-entry-visual-tc\"><div class=\"uncode-single-media-wrapper\"><div class=\"dummy\" style=\"padding-top: 125.1%;\"><\/div><img decoding=\"async\" class=\"wp-image-869\" src=\"https:\/\/www.doucesangevines.com\/wp-content\/uploads\/2022\/02\/jardin-beaute.jpg\" width=\"570\" height=\"713\" alt=\"Michele Cros in the beauty garden\" srcset=\"https:\/\/www.doucesangevines.com\/wp-content\/uploads\/2022\/02\/jardin-beaute.jpg 570w, https:\/\/www.doucesangevines.com\/wp-content\/uploads\/2022\/02\/jardin-beaute-64x80.jpg 64w, https:\/\/www.doucesangevines.com\/wp-content\/uploads\/2022\/02\/jardin-beaute-240x300.jpg 240w\" sizes=\"(max-width: 570px) 100vw, 570px\" \/><\/div>\n\t\t\t\t\t<\/div>\n\t\t\t\t<\/div><\/div><\/div><\/div><\/div><\/div><\/div><\/div><\/div><\/div><div class=\"wpb_column pos-middle pos-right align_left column_parent col-lg-6 single-internal-gutter\"><div class=\"uncol style-light\"  ><div class=\"uncoltable\"><div class=\"uncell no-block-padding\" ><div class=\"uncont\" style=\"max-width:468px;\"><div class=\"vc_custom_heading_wrap\"><div class=\"heading-text el-text\" ><h2 class=\"h2\" ><span>Une gamme unique et diff\u00e9renciante<\/span><\/h2><\/div><div class=\"clear\"><\/div><\/div><div class=\"uncode_text_column\" ><p>Fid\u00e9lisante et diff\u00e9rente, notre gamme repr\u00e9sente une proposition compl\u00e8te pour votre lin\u00e9aire avec plus de 50 soins cosm\u00e9tiques pour les femmes, hommes et enfants. Nous n&#8217;imposons pas un seuil minimum d&#8217;implantation et nous sommes \u00e0 l&#8217;\u00e9coute pour vous conseiller les produits les plus adapt\u00e9s \u00e0 votre peau de vente. Chacune de vos commandes est accompagn\u00e9e d&#8217;\u00e9chantillons, documentation et outils d&#8217;aide \u00e0 la vente. Nous proposons des formations produits en point de vente pour votre \u00e9quipe.<\/p>\n<\/div><div class=\"vc_row vc_custom_1649773040653 row-internal row-container\" style=\"padding-top: 30px ;\"><div class=\"row row-child\"><div class=\"wpb_row row-inner\"><div class=\"wpb_column pos-top pos-center align_left column_child col-lg-12 single-internal-gutter\"><div class=\"uncol style-light\" ><div class=\"uncoltable\"><div class=\"uncell no-block-padding\" ><div class=\"uncont\"><div class=\"vc_custom_heading_wrap\"><div class=\"heading-text el-text\" ><h2 class=\"h2\" ><span>Contactez notre directrice commerciale<\/span><\/h2><\/div><div class=\"clear\"><\/div><\/div><div class=\"uncode_text_column\" ><p>Que vous soyez revendeurs, instituts de beaut\u00e9 ou professionnels, nous sommes l\u00e0 pour vous conseiller, vous former et nous tenir pr\u00e9sents \u00e0 vos c\u00f4t\u00e9s. N&#8217;h\u00e9sitez pas \u00e0 prendre contact avec Nathalie, notre directrice commerciale qui saura vous renseigner, vous guider \u00e0 travers la gamme.<\/p>\n<p><a href=\"\/en\/mai&\/#108;&#116;&#111;&#58;&#x6e;&#x61;&#x74;&#x68;&#x61;&#x6c;&#x69;e&#46;b&#114;&#101;&#116;&#111;&#110;&#x40;&#x64;&#x6f;&#x75;&#x63;&#x65;sang&#101;&#118;&#105;&#110;&#x65;&#x73;&#x2e;&#x63;&#x6f;&#x6d;\">nathalie.breton@doucesangevines.com<\/a> \/ 06 75 72 18 89<\/p>\n<\/div><\/div><\/div><\/div><\/div><\/div><\/div><\/div><\/div><\/div><\/div><\/div><\/div><\/div><script id=\"script-row-unique-2\" data-row=\"script-row-unique-2\" type=\"text\/javascript\" class=\"vc_controls\">UNCODE.initRow(document.getElementById(\"row-unique-2\"));<\/script><\/div><\/div><\/div><div data-parent=\"true\" class=\"vc_row row-push row-container\" id=\"row-unique-3\"><div class=\"row unequal limit-width row-parent\" data-minheight=\"440\"><div class=\"wpb_row row-inner\"><div class=\"wpb_column pos-bottom pos-center align_center column_parent col-lg-6 col-md-50 col-sm-100 single-internal-gutter\"><div class=\"uncol style-dark\"  ><div class=\"uncoltable\"><div class=\"uncell single-block-padding\" ><div class=\"column-background background-element\">\n\t\t\t\t\t\t\t\t\t\t\t<div class=\"background-wrapper\">\n\t\t\t\t\t\t\t\t\t\t\t\t<div class=\"background-inner\" style=\"background-image: url(https:\/\/www.doucesangevines.com\/wp-content\/uploads\/2022\/06\/creer-lune-soleil.webp);background-repeat: no-repeat;background-position: center center;background-size: cover;\" data-o_src=\"https:\/\/www.doucesangevines.com\/wp-content\/uploads\/2022\/06\/creer-lune-soleil.webp\"><\/div>\n\t\t\t\t\t\t\t\t\t\t\t\t<div class=\"block-bg-overlay style-color-982680-bg\" style=\"opacity: 1;\"><\/div>\n\t\t\t\t\t\t\t\t\t\t\t<\/div>\n\t\t\t\t\t\t\t\t\t\t<\/div><div class=\"uncont\" style=\"max-width:372px;\"><div class=\"vc_custom_heading_wrap\"><div class=\"heading-text el-text\" ><h2 class=\"h2 font-weight-700\" ><span>Uncompromising quality<\/span><\/h2><\/div><div class=\"clear\"><\/div><\/div><span class=\"btn-container\" ><a href=\"https:\/\/www.doucesangevines.com\/en\/uncompromising-quality\/\" class=\"custom-link btn border-width-0 btn-default btn-icon-left\" title=\"Uncompromising quality\">See more<\/a><\/span><\/div><\/div><\/div><\/div><\/div><div class=\"wpb_column pos-bottom pos-center align_center column_parent col-lg-6 col-md-50 col-sm-100 col-sm-clear single-internal-gutter\"><div class=\"uncol style-dark\"  ><div class=\"uncoltable\"><div class=\"uncell single-block-padding\" ><div class=\"column-background background-element\">\n\t\t\t\t\t\t\t\t\t\t\t<div class=\"background-wrapper\">\n\t\t\t\t\t\t\t\t\t\t\t\t<div class=\"background-inner\" style=\"background-image: url(https:\/\/www.doucesangevines.com\/wp-content\/uploads\/2022\/06\/laboratoire-atelier.webp);background-repeat: no-repeat;background-position: center center;background-size: cover;\" data-o_src=\"https:\/\/www.doucesangevines.com\/wp-content\/uploads\/2022\/06\/laboratoire-atelier.webp\"><\/div>\n\t\t\t\t\t\t\t\t\t\t\t\t<div class=\"block-bg-overlay style-color-982680-bg\" style=\"opacity: 1;\"><\/div>\n\t\t\t\t\t\t\t\t\t\t\t<\/div>\n\t\t\t\t\t\t\t\t\t\t<\/div><div class=\"uncont\" style=\"max-width:372px;\"><div class=\"vc_custom_heading_wrap\"><div class=\"heading-text el-text\" ><h2 class=\"h2 font-weight-700\" ><span>L&#8217;atelier-laboratoire<\/span><\/h2><\/div><div class=\"clear\"><\/div><\/div><span class=\"btn-container\" ><a href=\"https:\/\/www.doucesangevines.com\/en\/the-workshop-laboratory\/\" class=\"custom-link btn border-width-0 btn-default btn-icon-left\" title=\"The laboratory workshop\">See more<\/a><\/span><\/div><\/div><\/div><\/div><\/div><script id=\"script-row-unique-3\" data-row=\"script-row-unique-3\" type=\"text\/javascript\" class=\"vc_controls\">UNCODE.initRow(document.getElementById(\"row-unique-3\"));<\/script><\/div><\/div><\/div><div data-parent=\"true\" class=\"vc_row reassurance row-container\" id=\"row-unique-5\"><div class=\"row col-no-gutter double-top-padding triple-bottom-padding single-h-padding limit-width row-parent\"><div class=\"wpb_row row-inner\"><div class=\"wpb_column pos-top pos-center align_center column_parent col-lg-3 col-md-50 col-sm-50 one-internal-gutter\"><div class=\"uncol style-light\"  ><div class=\"uncoltable\"><div class=\"uncell no-block-padding\" ><div class=\"uncont\"><div class=\"vc_custom_heading_wrap\"><div class=\"heading-text el-text\" ><p class=\"font-titres fontsize-20px font-weight-500\" ><span>Secure payment<\/span><\/p><\/div><div class=\"clear\"><\/div><\/div><div class=\"uncode_text_column\" ><p><a href=\"https:\/\/www.doucesangevines.com\/en\/secure-payment\/\">By card and PayPal<\/a><\/p>\n<\/div><\/div><\/div><\/div><\/div><\/div><div class=\"wpb_column pos-top pos-center align_center column_parent col-lg-3 col-md-50 col-sm-50 one-internal-gutter\"><div class=\"uncol style-light\"  ><div class=\"uncoltable\"><div class=\"uncell no-block-padding\" ><div class=\"uncont\"><div class=\"vc_custom_heading_wrap\"><div class=\"heading-text el-text\" ><p class=\"font-titres fontsize-20px font-weight-500\" ><span>Free delivery<\/span><\/p><\/div><div class=\"clear\"><\/div><\/div><div class=\"uncode_text_column\" ><p><a href=\"https:\/\/www.doucesangevines.com\/en\/free-delivery\/\">From 69\u20ac<\/a><\/p>\n<\/div><\/div><\/div><\/div><\/div><\/div><div class=\"wpb_column pos-top pos-center align_center column_parent col-lg-3 col-md-50 col-md-clear col-sm-50 col-sm-clear one-internal-gutter\"><div class=\"uncol style-light\"  ><div class=\"uncoltable\"><div class=\"uncell no-block-padding\" ><div class=\"uncont\"><div class=\"vc_custom_heading_wrap\"><div class=\"heading-text el-text\" ><p class=\"font-titres fontsize-20px font-weight-500\" ><span>Loyalty and Sponsorship<\/span><\/p><\/div><div class=\"clear\"><\/div><\/div><div class=\"uncode_text_column\" ><p><a href=\"https:\/\/www.doucesangevines.com\/en\/loyalty-and-sponsorship\/\">We offer <strong>100 fidelity points<\/strong> for <strong>10\u20ac of purchase<\/strong><\/a><\/p>\n<\/div><\/div><\/div><\/div><\/div><\/div><div class=\"wpb_column pos-top pos-center align_center column_parent col-lg-3 col-md-50 col-md-clear col-sm-50 col-sm-clear one-internal-gutter\"><div class=\"uncol style-light\"  ><div class=\"uncoltable\"><div class=\"uncell no-block-padding\" ><div class=\"uncont\"><div class=\"vc_custom_heading_wrap\"><div class=\"heading-text el-text\" ><p class=\"font-titres fontsize-20px font-weight-500\" ><span>A question ?<\/span><\/p><\/div><div class=\"clear\"><\/div><\/div><div class=\"uncode_text_column\" ><p>Contact us through <a href=\"https:\/\/www.doucesangevines.com\/en\/contact\/#formulaire\">our form<\/a> or <a href=\"tel:+33241324060\">by telephone<\/a><\/p>\n<\/div><\/div><\/div><\/div><\/div><\/div><script id=\"script-row-unique-5\" data-row=\"script-row-unique-5\" type=\"text\/javascript\" class=\"vc_controls\">UNCODE.initRow(document.getElementById(\"row-unique-5\"));<\/script><\/div><\/div><\/div>\n<\/div>","protected":false},"excerpt":{"rendered":"Faites entrer le jardin de beaut\u00e9 dans votre boutiqueNotre gamme est pr\u00e9sente depuis 1994 ans en boutiques et instituts de [...]","protected":false},"author":5,"featured_media":504,"parent":0,"menu_order":0,"comment_status":"closed","ping_status":"closed","template":"","meta":{"_acf_changed":false,"footnotes":""},"class_list":["post-5054","page","type-page","status-publish","has-post-thumbnail","hentry"],"acf":[],"yoast_head":"<!-- This site is optimized with the Yoast SEO plugin v27.4 - https:\/\/yoast.com\/product\/yoast-seo-wordpress\/ -->\n<title>Devenez Revendeur des Cosm\u00e9tiques Uniques Douces Angevines<\/title>\n<meta name=\"description\" content=\"Proposez une exp\u00e9rience de beaut\u00e9 100% v\u00e9g\u00e9tale avec Douces Angevines. D\u00e9couvrez nos soins et b\u00e9n\u00e9ficiez de conseils pour enrichir votre boutique ou institut de beaut\u00e9.\" \/>\n<meta name=\"robots\" content=\"index, follow, max-snippet:-1, max-image-preview:large, max-video-preview:-1\" \/>\n<link rel=\"canonical\" href=\"https:\/\/www.doucesangevines.com\/en\/devenir-revendeur\/\" \/>\n<meta property=\"og:locale\" content=\"en_GB\" \/>\n<meta property=\"og:type\" content=\"article\" \/>\n<meta property=\"og:title\" content=\"Devenez Revendeur des Cosm\u00e9tiques Uniques Douces Angevines\" \/>\n<meta property=\"og:description\" content=\"Proposez une exp\u00e9rience de beaut\u00e9 100% v\u00e9g\u00e9tale avec Douces Angevines. D\u00e9couvrez nos soins et b\u00e9n\u00e9ficiez de conseils pour enrichir votre boutique ou institut de beaut\u00e9.\" \/>\n<meta property=\"og:url\" content=\"https:\/\/www.doucesangevines.com\/en\/devenir-revendeur\/\" \/>\n<meta property=\"og:site_name\" content=\"Douces Angevines\" \/>\n<meta property=\"article:publisher\" content=\"https:\/\/fr-fr.facebook.com\/doucesangevines\/\" \/>\n<meta property=\"article:modified_time\" content=\"2023-11-10T11:09:44+00:00\" \/>\n<meta property=\"og:image\" content=\"https:\/\/www.doucesangevines.com\/wp-content\/uploads\/2022\/02\/photo-accueil.jpg\" \/>\n\t<meta property=\"og:image:width\" content=\"1920\" \/>\n\t<meta property=\"og:image:height\" content=\"1280\" \/>\n\t<meta property=\"og:image:type\" content=\"image\/jpeg\" \/>\n<meta name=\"twitter:card\" content=\"summary_large_image\" \/>\n<meta name=\"twitter:label1\" content=\"Estimated reading time\" \/>\n\t<meta name=\"twitter:data1\" content=\"3 minutes\" \/>\n<script type=\"application\/ld+json\" class=\"yoast-schema-graph\">{\"@context\":\"https:\\\/\\\/schema.org\",\"@graph\":[{\"@type\":\"WebPage\",\"@id\":\"https:\\\/\\\/www.doucesangevines.com\\\/devenir-revendeur\\\/\",\"url\":\"https:\\\/\\\/www.doucesangevines.com\\\/devenir-revendeur\\\/\",\"name\":\"Devenez Revendeur des Cosm\u00e9tiques Uniques Douces Angevines\",\"isPartOf\":{\"@id\":\"https:\\\/\\\/www.doucesangevines.com\\\/#website\"},\"primaryImageOfPage\":{\"@id\":\"https:\\\/\\\/www.doucesangevines.com\\\/devenir-revendeur\\\/#primaryimage\"},\"image\":{\"@id\":\"https:\\\/\\\/www.doucesangevines.com\\\/devenir-revendeur\\\/#primaryimage\"},\"thumbnailUrl\":\"https:\\\/\\\/www.doucesangevines.com\\\/wp-content\\\/uploads\\\/2022\\\/02\\\/photo-accueil.jpg\",\"datePublished\":\"2022-06-20T13:10:48+00:00\",\"dateModified\":\"2023-11-10T11:09:44+00:00\",\"description\":\"Proposez une exp\u00e9rience de beaut\u00e9 100% v\u00e9g\u00e9tale avec Douces Angevines. D\u00e9couvrez nos soins et b\u00e9n\u00e9ficiez de conseils pour enrichir votre boutique ou institut de beaut\u00e9.\",\"breadcrumb\":{\"@id\":\"https:\\\/\\\/www.doucesangevines.com\\\/devenir-revendeur\\\/#breadcrumb\"},\"inLanguage\":\"en-GB\",\"potentialAction\":[{\"@type\":\"ReadAction\",\"target\":[\"https:\\\/\\\/www.doucesangevines.com\\\/devenir-revendeur\\\/\"]}]},{\"@type\":\"ImageObject\",\"inLanguage\":\"en-GB\",\"@id\":\"https:\\\/\\\/www.doucesangevines.com\\\/devenir-revendeur\\\/#primaryimage\",\"url\":\"https:\\\/\\\/www.doucesangevines.com\\\/wp-content\\\/uploads\\\/2022\\\/02\\\/photo-accueil.jpg\",\"contentUrl\":\"https:\\\/\\\/www.doucesangevines.com\\\/wp-content\\\/uploads\\\/2022\\\/02\\\/photo-accueil.jpg\",\"width\":1920,\"height\":1280,\"caption\":\"cueillette echinac\u00e9es dans le jardin de beaut\u00e9\"},{\"@type\":\"BreadcrumbList\",\"@id\":\"https:\\\/\\\/www.doucesangevines.com\\\/devenir-revendeur\\\/#breadcrumb\",\"itemListElement\":[{\"@type\":\"ListItem\",\"position\":1,\"name\":\"Accueil\",\"item\":\"https:\\\/\\\/www.doucesangevines.com\\\/\"},{\"@type\":\"ListItem\",\"position\":2,\"name\":\"Devenir revendeur\"}]},{\"@type\":\"WebSite\",\"@id\":\"https:\\\/\\\/www.doucesangevines.com\\\/#website\",\"url\":\"https:\\\/\\\/www.doucesangevines.com\\\/\",\"name\":\"Douces Angevines\",\"description\":\"Femmes Herboristes de Beaut\u00e9\",\"publisher\":{\"@id\":\"https:\\\/\\\/www.doucesangevines.com\\\/#organization\"},\"potentialAction\":[{\"@type\":\"SearchAction\",\"target\":{\"@type\":\"EntryPoint\",\"urlTemplate\":\"https:\\\/\\\/www.doucesangevines.com\\\/?s={search_term_string}\"},\"query-input\":{\"@type\":\"PropertyValueSpecification\",\"valueRequired\":true,\"valueName\":\"search_term_string\"}}],\"inLanguage\":\"en-GB\"},{\"@type\":\"Organization\",\"@id\":\"https:\\\/\\\/www.doucesangevines.com\\\/#organization\",\"name\":\"Douces Angevines\",\"url\":\"https:\\\/\\\/www.doucesangevines.com\\\/\",\"logo\":{\"@type\":\"ImageObject\",\"inLanguage\":\"en-GB\",\"@id\":\"https:\\\/\\\/www.doucesangevines.com\\\/#\\\/schema\\\/logo\\\/image\\\/\",\"url\":\"https:\\\/\\\/www.doucesangevines.com\\\/wp-content\\\/uploads\\\/2022\\\/02\\\/douces-angevines-logo-2025.svg\",\"contentUrl\":\"https:\\\/\\\/www.doucesangevines.com\\\/wp-content\\\/uploads\\\/2022\\\/02\\\/douces-angevines-logo-2025.svg\",\"caption\":\"Douces Angevines\"},\"image\":{\"@id\":\"https:\\\/\\\/www.doucesangevines.com\\\/#\\\/schema\\\/logo\\\/image\\\/\"},\"sameAs\":[\"https:\\\/\\\/fr-fr.facebook.com\\\/doucesangevines\\\/\",\"https:\\\/\\\/www.instagram.com\\\/doucesangevines\\\/\",\"https:\\\/\\\/www.youtube.com\\\/channel\\\/UCcbJc6Om9b7IZDHWj-osu6w\"]}]}<\/script>\n<!-- \/ Yoast SEO plugin. -->","yoast_head_json":{"title":"Devenez Revendeur des Cosm\u00e9tiques Uniques Douces Angevines","description":"Proposez une exp\u00e9rience de beaut\u00e9 100% v\u00e9g\u00e9tale avec Douces Angevines. D\u00e9couvrez nos soins et b\u00e9n\u00e9ficiez de conseils pour enrichir votre boutique ou institut de beaut\u00e9.","robots":{"index":"index","follow":"follow","max-snippet":"max-snippet:-1","max-image-preview":"max-image-preview:large","max-video-preview":"max-video-preview:-1"},"canonical":"https:\/\/www.doucesangevines.com\/en\/devenir-revendeur\/","og_locale":"en_GB","og_type":"article","og_title":"Devenez Revendeur des Cosm\u00e9tiques Uniques Douces Angevines","og_description":"Proposez une exp\u00e9rience de beaut\u00e9 100% v\u00e9g\u00e9tale avec Douces Angevines. D\u00e9couvrez nos soins et b\u00e9n\u00e9ficiez de conseils pour enrichir votre boutique ou institut de beaut\u00e9.","og_url":"https:\/\/www.doucesangevines.com\/en\/devenir-revendeur\/","og_site_name":"Douces Angevines","article_publisher":"https:\/\/fr-fr.facebook.com\/doucesangevines\/","article_modified_time":"2023-11-10T11:09:44+00:00","og_image":[{"width":1920,"height":1280,"url":"https:\/\/www.doucesangevines.com\/wp-content\/uploads\/2022\/02\/photo-accueil.jpg","type":"image\/jpeg"}],"twitter_card":"summary_large_image","twitter_misc":{"Estimated reading time":"3 minutes"},"schema":{"@context":"https:\/\/schema.org","@graph":[{"@type":"WebPage","@id":"https:\/\/www.doucesangevines.com\/devenir-revendeur\/","url":"https:\/\/www.doucesangevines.com\/devenir-revendeur\/","name":"Devenez Revendeur des Cosm\u00e9tiques Uniques Douces Angevines","isPartOf":{"@id":"https:\/\/www.doucesangevines.com\/#website"},"primaryImageOfPage":{"@id":"https:\/\/www.doucesangevines.com\/devenir-revendeur\/#primaryimage"},"image":{"@id":"https:\/\/www.doucesangevines.com\/devenir-revendeur\/#primaryimage"},"thumbnailUrl":"https:\/\/www.doucesangevines.com\/wp-content\/uploads\/2022\/02\/photo-accueil.jpg","datePublished":"2022-06-20T13:10:48+00:00","dateModified":"2023-11-10T11:09:44+00:00","description":"Proposez une exp\u00e9rience de beaut\u00e9 100% v\u00e9g\u00e9tale avec Douces Angevines. D\u00e9couvrez nos soins et b\u00e9n\u00e9ficiez de conseils pour enrichir votre boutique ou institut de beaut\u00e9.","breadcrumb":{"@id":"https:\/\/www.doucesangevines.com\/devenir-revendeur\/#breadcrumb"},"inLanguage":"en-GB","potentialAction":[{"@type":"ReadAction","target":["https:\/\/www.doucesangevines.com\/devenir-revendeur\/"]}]},{"@type":"ImageObject","inLanguage":"en-GB","@id":"https:\/\/www.doucesangevines.com\/devenir-revendeur\/#primaryimage","url":"https:\/\/www.doucesangevines.com\/wp-content\/uploads\/2022\/02\/photo-accueil.jpg","contentUrl":"https:\/\/www.doucesangevines.com\/wp-content\/uploads\/2022\/02\/photo-accueil.jpg","width":1920,"height":1280,"caption":"cueillette echinac\u00e9es dans le jardin de beaut\u00e9"},{"@type":"BreadcrumbList","@id":"https:\/\/www.doucesangevines.com\/devenir-revendeur\/#breadcrumb","itemListElement":[{"@type":"ListItem","position":1,"name":"Accueil","item":"https:\/\/www.doucesangevines.com\/"},{"@type":"ListItem","position":2,"name":"Devenir revendeur"}]},{"@type":"WebSite","@id":"https:\/\/www.doucesangevines.com\/#website","url":"https:\/\/www.doucesangevines.com\/","name":"Douces Angevines","description":"Women Beauty Herbalists","publisher":{"@id":"https:\/\/www.doucesangevines.com\/#organization"},"potentialAction":[{"@type":"SearchAction","target":{"@type":"EntryPoint","urlTemplate":"https:\/\/www.doucesangevines.com\/?s={search_term_string}"},"query-input":{"@type":"PropertyValueSpecification","valueRequired":true,"valueName":"search_term_string"}}],"inLanguage":"en-GB"},{"@type":"Organization","@id":"https:\/\/www.doucesangevines.com\/#organization","name":"Douces Angevines","url":"https:\/\/www.doucesangevines.com\/","logo":{"@type":"ImageObject","inLanguage":"en-GB","@id":"https:\/\/www.doucesangevines.com\/#\/schema\/logo\/image\/","url":"https:\/\/www.doucesangevines.com\/wp-content\/uploads\/2022\/02\/douces-angevines-logo-2025.svg","contentUrl":"https:\/\/www.doucesangevines.com\/wp-content\/uploads\/2022\/02\/douces-angevines-logo-2025.svg","caption":"Douces Angevines"},"image":{"@id":"https:\/\/www.doucesangevines.com\/#\/schema\/logo\/image\/"},"sameAs":["https:\/\/fr-fr.facebook.com\/doucesangevines\/","https:\/\/www.instagram.com\/doucesangevines\/","https:\/\/www.youtube.com\/channel\/UCcbJc6Om9b7IZDHWj-osu6w"]}]}},"_links":{"self":[{"href":"https:\/\/www.doucesangevines.com\/en\/wp-json\/wp\/v2\/pages\/5054","targetHints":{"allow":["GET"]}}],"collection":[{"href":"https:\/\/www.doucesangevines.com\/en\/wp-json\/wp\/v2\/pages"}],"about":[{"href":"https:\/\/www.doucesangevines.com\/en\/wp-json\/wp\/v2\/types\/page"}],"author":[{"embeddable":true,"href":"https:\/\/www.doucesangevines.com\/en\/wp-json\/wp\/v2\/users\/5"}],"replies":[{"embeddable":true,"href":"https:\/\/www.doucesangevines.com\/en\/wp-json\/wp\/v2\/comments?post=5054"}],"version-history":[{"count":10,"href":"https:\/\/www.doucesangevines.com\/en\/wp-json\/wp\/v2\/pages\/5054\/revisions"}],"predecessor-version":[{"id":11403,"href":"https:\/\/www.doucesangevines.com\/en\/wp-json\/wp\/v2\/pages\/5054\/revisions\/11403"}],"wp:featuredmedia":[{"embeddable":true,"href":"https:\/\/www.doucesangevines.com\/en\/wp-json\/wp\/v2\/media\/504"}],"wp:attachment":[{"href":"https:\/\/www.doucesangevines.com\/en\/wp-json\/wp\/v2\/media?parent=5054"}],"curies":[{"name":"wp","href":"https:\/\/api.w.org\/{rel}","templated":true}]}}