{"id":850,"date":"2022-02-09T14:09:10","date_gmt":"2022-02-09T14:09:10","guid":{"rendered":"http:\/\/doucesangevines.com\/?page_id=850"},"modified":"2023-11-10T12:04:46","modified_gmt":"2023-11-10T11:04:46","slug":"questions-frequentes","status":"publish","type":"page","link":"https:\/\/www.doucesangevines.com\/en\/frequently-asked-questions\/","title":{"rendered":"FAQ"},"content":{"rendered":"<div class=\"wpb-content-wrapper\"><div data-parent=\"true\" class=\"vc_row row-container\" id=\"row-unique-0\"><div class=\"row limit-width row-parent\"><div class=\"wpb_row row-inner\"><div class=\"wpb_column pos-top pos-center align_center column_parent col-lg-12 single-internal-gutter\"><div class=\"uncol style-light\"  ><div class=\"uncoltable\"><div class=\"uncell\" ><div class=\"uncont no-block-padding col-custom-width\" style=\"max-width:600px;\"><div class=\"vc_custom_heading_wrap\"><div class=\"heading-text el-text\" ><p class=\"font-titres h3 font-weight-500\" ><span>If you do not find an answer to your question, you can contact us via our contact form <a href=\"https:\/\/www.doucesangevines.com\/en\/contact\/#formulaire\">here<\/a>, or by phone at <a href=\"tel:+33241324060\">02 41 32 40 60<\/a>, du lundi au jeudi de 9h \u00e0 13h et de 14h \u00e0 17h.<\/span><\/p><\/div><div class=\"clear\"><\/div><\/div><\/div><\/div><\/div><\/div><\/div><script id=\"script-row-unique-0\" data-row=\"script-row-unique-0\" type=\"text\/javascript\" class=\"vc_controls\">UNCODE.initRow(document.getElementById(\"row-unique-0\"));<\/script><\/div><\/div><\/div><div data-parent=\"true\" class=\"vc_row row-container\" id=\"row-unique-1\"><div class=\"row no-top-padding single-bottom-padding single-h-padding limit-width row-parent\"><div class=\"wpb_row row-inner\"><div class=\"wpb_column pos-top pos-center align_left column_parent col-lg-12 single-internal-gutter\"><div class=\"uncol style-light\"  ><div class=\"uncoltable\"><div class=\"uncell no-block-padding\" ><div class=\"uncont\"><div class=\"uncode-accordion wpb_accordion wpb_content_element\" data-collapsible=\"no\" data-target=\"\" data-active-tab=\"1\" >\n\t\t<div class=\"panel-group wpb_wrapper wpb_accordion_wrapper\" id=\"accordion_1579628123\" role=\"tablist\" aria-multiselectable=\"true\">\n\n<div class=\"panel panel-default wpb_accordion_section group\"><div class=\"panel-heading wpb_accordion_header ui-accordion-header\" role=\"tab\"><p class=\"panel-title active\"><a data-toggle=\"collapse\" data-parent=\"#accordion_1579628123\" href=\"#1644416115-1-0\"><span>Do Douces Angevines beauty fluids replace a cream?<\/span><\/a><\/p><\/div><div id=\"1644416115-1-0\" class=\"panel-collapse collapse in\" role=\"tabpanel\"><div class=\"panel-body wpb_accordion_content ui-accordion-content half-internal-gutter single-block-padding\">\n\t\t\t\t\t\t<div class=\"uncode_text_column\" ><p>Find out why our care and beauty fluids are different from a traditional cream.<\/p>\n<p><em>1. Because it&#039;s infinitely more concentrated<\/em><\/p>\n<p>In a cream, even organic, there is water, a lot of water. A cosmeto-fluid is 100% of pure plant extracts. It is therefore:<\/p>\n<p>100% of delicious active ingredients for the skin and an extreme richness in plants and flowers: 20 plants per fluid on average and more than 40 for the intense face line.<\/p>\n<p>Economical: a few drops are enough to satisfy your skin<\/p>\n<p><em>2. Because the fluid texture is ideal<\/em><\/p>\n<p>No need for \u201cconsistency factors\u201d essential in creams, nor for occlusive waxes. Soft and sensual, the fluids melt into the skin without leaving a greasy film, and are perfectly assimilated, thanks to their resemblance to human sebum. Your skin breathes, it doesn&#039;t feel clogged.<\/p>\n<p><em>3. Because they contain no preservatives, even natural ones<\/em><\/p>\n<p>Thanks to their antiseptic properties, the fluids are self-preserving, no need for additives, even natural ones!<\/p>\n<p>Give your skin a taste of this \u201cmenu\u201d of happiness with the Discovery doses: satisfied and reimbursed!<\/p>\n<\/div><\/div><\/div><\/div><div class=\"panel panel-default wpb_accordion_section group\"><div class=\"panel-heading wpb_accordion_header ui-accordion-header\" role=\"tab\"><p class=\"panel-title\"><a data-toggle=\"collapse\" data-parent=\"#accordion_1579628123\" href=\"#1644416115-2-48\"><span>Can I use Cosmeto-fluids when I am pregnant?<\/span><\/a><\/p><\/div><div id=\"1644416115-2-48\" class=\"panel-collapse collapse\" role=\"tabpanel\"><div class=\"panel-body wpb_accordion_content ui-accordion-content half-internal-gutter single-block-padding\">\n\t\t\t\t\t\t<div class=\"uncode_text_column\" ><p>The use of essential oils in cosmetics requires very specific expertise from the manufacturer. In the range of Douces Angevines, we advise, as a precaution, pregnant women to avoid the following products, even if they are not composed solely of essential oils:<\/p>\n<ul>\n<li>Gazelle, the body silhouette product, but we understand that thinness is not the priority in this privileged period.<\/li>\n<li>Acrobate, Baume de l\u2019Himalaya, Bois d\u2019Amyris, Lotion d\u2019Achille, Lotion Timoustic,<\/li>\n<\/ul>\n<p>The other products can be used, following the instructions given on the bottle or the catalog or on the product sheet of the store. Some of our fluids are even allies during this period: Baume de Diane will help prevent stretch marks on the chest and hips, Amour aux 3 Oranges or La F\u00e9e Noisette will soften and soften your skin.<\/p>\n<\/div><\/div><\/div><\/div><div class=\"panel panel-default wpb_accordion_section group\"><div class=\"panel-heading wpb_accordion_header ui-accordion-header\" role=\"tab\"><p class=\"panel-title\"><a data-toggle=\"collapse\" data-parent=\"#accordion_1579628123\" href=\"#1644416243839-2-9\"><span>Are Douces Angevines facials used as serums, under a cream?<\/span><\/a><\/p><\/div><div id=\"1644416243839-2-9\" class=\"panel-collapse collapse\" role=\"tabpanel\"><div class=\"panel-body wpb_accordion_content ui-accordion-content half-internal-gutter single-block-padding\">\n\t\t\t\t\t\t<div class=\"uncode_text_column\" ><p>All of our products are ready to use on the skin. Cosmeto-fluids have a complex and harmonious composition, useless and even a shame to add something to it or to superimpose a cream on it.<\/p>\n<p>The dosage is simple: a few drops (3 to 5 drops) in the palm of your hand, to distribute in light massage on your face and your neck (see indications on the bottle, the catalog or on the product sheet of the shop). You can, depending on your habits, make up a few minutes after applying the cosmeto-fluid.<\/p>\n<\/div><\/div><\/div><\/div><div class=\"panel panel-default wpb_accordion_section group\"><div class=\"panel-heading wpb_accordion_header ui-accordion-header\" role=\"tab\"><p class=\"panel-title\"><a data-toggle=\"collapse\" data-parent=\"#accordion_1579628123\" href=\"#1645617066525-6-4\"><span>Can we expose ourselves to the sun after using Cosmeto-fluids?<\/span><\/a><\/p><\/div><div id=\"1645617066525-6-4\" class=\"panel-collapse collapse\" role=\"tabpanel\"><div class=\"panel-body wpb_accordion_content ui-accordion-content half-internal-gutter single-block-padding\">\n\t\t\t\t\t\t<div class=\"uncode_text_column\" ><p>You can use our facials without risk. Regarding body care, avoid exposing yourself just after applying Amour aux 3 Oranges, since it contains several citrus essential oils in fairly large proportions, which can react to the sun.<\/p>\n<p>Summer will prepare your skin for the sun but does not protect against radiation and therefore does not dispense with the use of sun protection.<\/p>\n<p>After the Sun refreshes and soothes the skin. Avoid exposing yourself to the sun immediately after application: the macerate of St. John&#039;s Wort which enriches After the Sun, is a famous anti-inflammatory, but it can, conversely, increase the effect of the sun&#039;s rays.<\/p>\n<\/div><\/div><\/div><\/div><div class=\"panel panel-default wpb_accordion_section group\"><div class=\"panel-heading wpb_accordion_header ui-accordion-header\" role=\"tab\"><p class=\"panel-title\"><a data-toggle=\"collapse\" data-parent=\"#accordion_1579628123\" href=\"#1644416250936-3-2\"><span>Why use a night care for the face?<\/span><\/a><\/p><\/div><div id=\"1644416250936-3-2\" class=\"panel-collapse collapse\" role=\"tabpanel\"><div class=\"panel-body wpb_accordion_content ui-accordion-content half-internal-gutter single-block-padding\">\n\t\t\t\t\t\t<div class=\"uncode_text_column\" ><p>At night the skin regenerates, it needs to breathe, which a classic cream does not allow. Cosmeto-fluids are companions of the skin, they do not replace its natural functions, and allow it to breathe.<\/p>\n<p>Over the years, the functions of elimination and regeneration are less active, and the Douces Angevines night care, invaluable allies of the skin, will naturally stimulate these self-regulating processes of the skin.<\/p>\n<\/div><\/div><\/div><\/div><div class=\"panel panel-default wpb_accordion_section group\"><div class=\"panel-heading wpb_accordion_header ui-accordion-header\" role=\"tab\"><p class=\"panel-title\"><a data-toggle=\"collapse\" data-parent=\"#accordion_1579628123\" href=\"#1645617278835-7-6\"><span>Can several Cosmeto-fluids be superimposed?<\/span><\/a><\/p><\/div><div id=\"1645617278835-7-6\" class=\"panel-collapse collapse\" role=\"tabpanel\"><div class=\"panel-body wpb_accordion_content ui-accordion-content half-internal-gutter single-block-padding\">\n\t\t\t\t\t\t<div class=\"uncode_text_column\" ><p>The Body Fluids can be used daily, and do not hesitate to apply them in patchwork! For example, Baume de Diane for the bust, Bois d&#039;Amyris to keep legs feeling light all day, and l&#039;Id\u00e9ale to supplement and be well nourished from head to toe. The scents of the different fluids are completely compatible, and the blends reveal beautiful olfactory synergies. This does not prevent the application of an eau de toilette or a perfume.<\/p>\n<p>Depending on the desired action, you can in some cases layer facial treatments: The Pr\u00e9cise purifying treatment can be used locally on the T-zone or on intersections, and you can then apply your day care (Aube d&#039;\u00e9t\u00e9, Flamenca or Maravilia). You can proceed in the same way with Eglantine on areas that are extremely dry.<\/p>\n<\/div><\/div><\/div><\/div><div class=\"panel panel-default wpb_accordion_section group\"><div class=\"panel-heading wpb_accordion_header ui-accordion-header\" role=\"tab\"><p class=\"panel-title\"><a data-toggle=\"collapse\" data-parent=\"#accordion_1579628123\" href=\"#1645617304690-7-8\"><span>Teenage skin, what solution?<\/span><\/a><\/p><\/div><div id=\"1645617304690-7-8\" class=\"panel-collapse collapse\" role=\"tabpanel\"><div class=\"panel-body wpb_accordion_content ui-accordion-content half-internal-gutter single-block-padding\">\n\t\t\t\t\t\t<div class=\"uncode_text_column\" ><p>The Pr\u00e9cise treatment can be used by teenagers on oily areas with imperfections (face, d\u00e9collet\u00e9, etc.). As a complement for a purifying treatment, 3 to 4 drops of Pr\u00e9cise can be incorporated into the Opaline mask, to be applied once a week.<\/p>\n<\/div><\/div><\/div><\/div>\n\t\t<\/div>\n\t<\/div><\/div><\/div><\/div><\/div><\/div><script id=\"script-row-unique-1\" data-row=\"script-row-unique-1\" type=\"text\/javascript\" class=\"vc_controls\">UNCODE.initRow(document.getElementById(\"row-unique-1\"));<\/script><\/div><\/div><\/div><div data-parent=\"true\" class=\"vc_row reassurance row-container\" id=\"row-unique-3\"><div class=\"row col-no-gutter double-top-padding triple-bottom-padding single-h-padding limit-width row-parent\"><div class=\"wpb_row row-inner\"><div class=\"wpb_column pos-top pos-center align_center column_parent col-lg-3 col-md-50 col-sm-50 one-internal-gutter\"><div class=\"uncol style-light\"  ><div class=\"uncoltable\"><div class=\"uncell no-block-padding\" ><div class=\"uncont\"><div class=\"vc_custom_heading_wrap\"><div class=\"heading-text el-text\" ><p class=\"font-titres fontsize-20px font-weight-500\" ><span>Secure payment<\/span><\/p><\/div><div class=\"clear\"><\/div><\/div><div class=\"uncode_text_column\" ><p><a href=\"https:\/\/www.doucesangevines.com\/en\/secure-payment\/\">By card and PayPal<\/a><\/p>\n<\/div><\/div><\/div><\/div><\/div><\/div><div class=\"wpb_column pos-top pos-center align_center column_parent col-lg-3 col-md-50 col-sm-50 one-internal-gutter\"><div class=\"uncol style-light\"  ><div class=\"uncoltable\"><div class=\"uncell no-block-padding\" ><div class=\"uncont\"><div class=\"vc_custom_heading_wrap\"><div class=\"heading-text el-text\" ><p class=\"font-titres fontsize-20px font-weight-500\" ><span>Free delivery<\/span><\/p><\/div><div class=\"clear\"><\/div><\/div><div class=\"uncode_text_column\" ><p><a href=\"https:\/\/www.doucesangevines.com\/en\/free-delivery\/\">From 69\u20ac<\/a><\/p>\n<\/div><\/div><\/div><\/div><\/div><\/div><div class=\"wpb_column pos-top pos-center align_center column_parent col-lg-3 col-md-50 col-md-clear col-sm-50 col-sm-clear one-internal-gutter\"><div class=\"uncol style-light\"  ><div class=\"uncoltable\"><div class=\"uncell no-block-padding\" ><div class=\"uncont\"><div class=\"vc_custom_heading_wrap\"><div class=\"heading-text el-text\" ><p class=\"font-titres fontsize-20px font-weight-500\" ><span>Loyalty and Sponsorship<\/span><\/p><\/div><div class=\"clear\"><\/div><\/div><div class=\"uncode_text_column\" ><p><a href=\"https:\/\/www.doucesangevines.com\/en\/loyalty-and-sponsorship\/\">We offer <strong>100 fidelity points<\/strong> for <strong>10\u20ac of purchase<\/strong><\/a><\/p>\n<\/div><\/div><\/div><\/div><\/div><\/div><div class=\"wpb_column pos-top pos-center align_center column_parent col-lg-3 col-md-50 col-md-clear col-sm-50 col-sm-clear one-internal-gutter\"><div class=\"uncol style-light\"  ><div class=\"uncoltable\"><div class=\"uncell no-block-padding\" ><div class=\"uncont\"><div class=\"vc_custom_heading_wrap\"><div class=\"heading-text el-text\" ><p class=\"font-titres fontsize-20px font-weight-500\" ><span>A question ?<\/span><\/p><\/div><div class=\"clear\"><\/div><\/div><div class=\"uncode_text_column\" ><p>Contact us through <a href=\"https:\/\/www.doucesangevines.com\/en\/contact\/#formulaire\">our form<\/a> or <a href=\"tel:+33241324060\">by telephone<\/a><\/p>\n<\/div><\/div><\/div><\/div><\/div><\/div><script id=\"script-row-unique-3\" data-row=\"script-row-unique-3\" type=\"text\/javascript\" class=\"vc_controls\">UNCODE.initRow(document.getElementById(\"row-unique-3\"));<\/script><\/div><\/div><\/div>\n<\/div>","protected":false},"excerpt":{"rendered":"Si vous ne trouvez pas de r\u00e9ponse \u00e0 votre question, vous pouvez nous contacter via notre formulaire de contact ici, [...]","protected":false},"author":1,"featured_media":0,"parent":0,"menu_order":0,"comment_status":"closed","ping_status":"closed","template":"","meta":{"_acf_changed":false,"footnotes":""},"class_list":["post-850","page","type-page","status-publish","hentry"],"acf":[],"yoast_head":"<!-- This site is optimized with the Yoast SEO plugin v27.4 - https:\/\/yoast.com\/product\/yoast-seo-wordpress\/ -->\n<title>Questions Fr\u00e9quentes sur les Produits des Douces Angevines<\/title>\n<meta name=\"description\" content=\"Trouvez des r\u00e9ponses aux questions les plus fr\u00e9quentes concernant les produits et les pratiques des Douces Angevines. Explorez pour mieux comprendre et utiliser nos produits de beaut\u00e9 naturels et bio.\" \/>\n<meta name=\"robots\" content=\"index, follow, max-snippet:-1, max-image-preview:large, max-video-preview:-1\" \/>\n<link rel=\"canonical\" href=\"https:\/\/www.doucesangevines.com\/en\/frequently-asked-questions\/\" \/>\n<meta property=\"og:locale\" content=\"en_GB\" \/>\n<meta property=\"og:type\" content=\"article\" \/>\n<meta property=\"og:title\" content=\"Questions Fr\u00e9quentes sur les Produits des Douces Angevines\" \/>\n<meta property=\"og:description\" content=\"Trouvez des r\u00e9ponses aux questions les plus fr\u00e9quentes concernant les produits et les pratiques des Douces Angevines. Explorez pour mieux comprendre et utiliser nos produits de beaut\u00e9 naturels et bio.\" \/>\n<meta property=\"og:url\" content=\"https:\/\/www.doucesangevines.com\/en\/frequently-asked-questions\/\" \/>\n<meta property=\"og:site_name\" content=\"Douces Angevines\" \/>\n<meta property=\"article:publisher\" content=\"https:\/\/fr-fr.facebook.com\/doucesangevines\/\" \/>\n<meta property=\"article:modified_time\" content=\"2023-11-10T11:04:46+00:00\" \/>\n<meta name=\"twitter:card\" content=\"summary_large_image\" \/>\n<meta name=\"twitter:label1\" content=\"Estimated reading time\" \/>\n\t<meta name=\"twitter:data1\" content=\"5 minutes\" \/>\n<script type=\"application\/ld+json\" class=\"yoast-schema-graph\">{\"@context\":\"https:\\\/\\\/schema.org\",\"@graph\":[{\"@type\":\"WebPage\",\"@id\":\"https:\\\/\\\/www.doucesangevines.com\\\/questions-frequentes\\\/\",\"url\":\"https:\\\/\\\/www.doucesangevines.com\\\/questions-frequentes\\\/\",\"name\":\"Questions Fr\u00e9quentes sur les Produits des Douces Angevines\",\"isPartOf\":{\"@id\":\"https:\\\/\\\/www.doucesangevines.com\\\/#website\"},\"datePublished\":\"2022-02-09T14:09:10+00:00\",\"dateModified\":\"2023-11-10T11:04:46+00:00\",\"description\":\"Trouvez des r\u00e9ponses aux questions les plus fr\u00e9quentes concernant les produits et les pratiques des Douces Angevines. Explorez pour mieux comprendre et utiliser nos produits de beaut\u00e9 naturels et bio.\",\"breadcrumb\":{\"@id\":\"https:\\\/\\\/www.doucesangevines.com\\\/questions-frequentes\\\/#breadcrumb\"},\"inLanguage\":\"en-GB\",\"potentialAction\":[{\"@type\":\"ReadAction\",\"target\":[\"https:\\\/\\\/www.doucesangevines.com\\\/questions-frequentes\\\/\"]}]},{\"@type\":\"BreadcrumbList\",\"@id\":\"https:\\\/\\\/www.doucesangevines.com\\\/questions-frequentes\\\/#breadcrumb\",\"itemListElement\":[{\"@type\":\"ListItem\",\"position\":1,\"name\":\"Accueil\",\"item\":\"https:\\\/\\\/www.doucesangevines.com\\\/\"},{\"@type\":\"ListItem\",\"position\":2,\"name\":\"Questions fr\u00e9quentes\"}]},{\"@type\":\"WebSite\",\"@id\":\"https:\\\/\\\/www.doucesangevines.com\\\/#website\",\"url\":\"https:\\\/\\\/www.doucesangevines.com\\\/\",\"name\":\"Douces Angevines\",\"description\":\"Femmes Herboristes de Beaut\u00e9\",\"publisher\":{\"@id\":\"https:\\\/\\\/www.doucesangevines.com\\\/#organization\"},\"potentialAction\":[{\"@type\":\"SearchAction\",\"target\":{\"@type\":\"EntryPoint\",\"urlTemplate\":\"https:\\\/\\\/www.doucesangevines.com\\\/?s={search_term_string}\"},\"query-input\":{\"@type\":\"PropertyValueSpecification\",\"valueRequired\":true,\"valueName\":\"search_term_string\"}}],\"inLanguage\":\"en-GB\"},{\"@type\":\"Organization\",\"@id\":\"https:\\\/\\\/www.doucesangevines.com\\\/#organization\",\"name\":\"Douces Angevines\",\"url\":\"https:\\\/\\\/www.doucesangevines.com\\\/\",\"logo\":{\"@type\":\"ImageObject\",\"inLanguage\":\"en-GB\",\"@id\":\"https:\\\/\\\/www.doucesangevines.com\\\/#\\\/schema\\\/logo\\\/image\\\/\",\"url\":\"https:\\\/\\\/www.doucesangevines.com\\\/wp-content\\\/uploads\\\/2022\\\/02\\\/douces-angevines-logo-2025.svg\",\"contentUrl\":\"https:\\\/\\\/www.doucesangevines.com\\\/wp-content\\\/uploads\\\/2022\\\/02\\\/douces-angevines-logo-2025.svg\",\"caption\":\"Douces Angevines\"},\"image\":{\"@id\":\"https:\\\/\\\/www.doucesangevines.com\\\/#\\\/schema\\\/logo\\\/image\\\/\"},\"sameAs\":[\"https:\\\/\\\/fr-fr.facebook.com\\\/doucesangevines\\\/\",\"https:\\\/\\\/www.instagram.com\\\/doucesangevines\\\/\",\"https:\\\/\\\/www.youtube.com\\\/channel\\\/UCcbJc6Om9b7IZDHWj-osu6w\"]}]}<\/script>\n<!-- \/ Yoast SEO plugin. -->","yoast_head_json":{"title":"Questions Fr\u00e9quentes sur les Produits des Douces Angevines","description":"Trouvez des r\u00e9ponses aux questions les plus fr\u00e9quentes concernant les produits et les pratiques des Douces Angevines. Explorez pour mieux comprendre et utiliser nos produits de beaut\u00e9 naturels et bio.","robots":{"index":"index","follow":"follow","max-snippet":"max-snippet:-1","max-image-preview":"max-image-preview:large","max-video-preview":"max-video-preview:-1"},"canonical":"https:\/\/www.doucesangevines.com\/en\/frequently-asked-questions\/","og_locale":"en_GB","og_type":"article","og_title":"Questions Fr\u00e9quentes sur les Produits des Douces Angevines","og_description":"Trouvez des r\u00e9ponses aux questions les plus fr\u00e9quentes concernant les produits et les pratiques des Douces Angevines. Explorez pour mieux comprendre et utiliser nos produits de beaut\u00e9 naturels et bio.","og_url":"https:\/\/www.doucesangevines.com\/en\/frequently-asked-questions\/","og_site_name":"Douces Angevines","article_publisher":"https:\/\/fr-fr.facebook.com\/doucesangevines\/","article_modified_time":"2023-11-10T11:04:46+00:00","twitter_card":"summary_large_image","twitter_misc":{"Estimated reading time":"5 minutes"},"schema":{"@context":"https:\/\/schema.org","@graph":[{"@type":"WebPage","@id":"https:\/\/www.doucesangevines.com\/questions-frequentes\/","url":"https:\/\/www.doucesangevines.com\/questions-frequentes\/","name":"Questions Fr\u00e9quentes sur les Produits des Douces Angevines","isPartOf":{"@id":"https:\/\/www.doucesangevines.com\/#website"},"datePublished":"2022-02-09T14:09:10+00:00","dateModified":"2023-11-10T11:04:46+00:00","description":"Trouvez des r\u00e9ponses aux questions les plus fr\u00e9quentes concernant les produits et les pratiques des Douces Angevines. Explorez pour mieux comprendre et utiliser nos produits de beaut\u00e9 naturels et bio.","breadcrumb":{"@id":"https:\/\/www.doucesangevines.com\/questions-frequentes\/#breadcrumb"},"inLanguage":"en-GB","potentialAction":[{"@type":"ReadAction","target":["https:\/\/www.doucesangevines.com\/questions-frequentes\/"]}]},{"@type":"BreadcrumbList","@id":"https:\/\/www.doucesangevines.com\/questions-frequentes\/#breadcrumb","itemListElement":[{"@type":"ListItem","position":1,"name":"Accueil","item":"https:\/\/www.doucesangevines.com\/"},{"@type":"ListItem","position":2,"name":"Questions fr\u00e9quentes"}]},{"@type":"WebSite","@id":"https:\/\/www.doucesangevines.com\/#website","url":"https:\/\/www.doucesangevines.com\/","name":"Douces Angevines","description":"Women Beauty Herbalists","publisher":{"@id":"https:\/\/www.doucesangevines.com\/#organization"},"potentialAction":[{"@type":"SearchAction","target":{"@type":"EntryPoint","urlTemplate":"https:\/\/www.doucesangevines.com\/?s={search_term_string}"},"query-input":{"@type":"PropertyValueSpecification","valueRequired":true,"valueName":"search_term_string"}}],"inLanguage":"en-GB"},{"@type":"Organization","@id":"https:\/\/www.doucesangevines.com\/#organization","name":"Douces Angevines","url":"https:\/\/www.doucesangevines.com\/","logo":{"@type":"ImageObject","inLanguage":"en-GB","@id":"https:\/\/www.doucesangevines.com\/#\/schema\/logo\/image\/","url":"https:\/\/www.doucesangevines.com\/wp-content\/uploads\/2022\/02\/douces-angevines-logo-2025.svg","contentUrl":"https:\/\/www.doucesangevines.com\/wp-content\/uploads\/2022\/02\/douces-angevines-logo-2025.svg","caption":"Douces Angevines"},"image":{"@id":"https:\/\/www.doucesangevines.com\/#\/schema\/logo\/image\/"},"sameAs":["https:\/\/fr-fr.facebook.com\/doucesangevines\/","https:\/\/www.instagram.com\/doucesangevines\/","https:\/\/www.youtube.com\/channel\/UCcbJc6Om9b7IZDHWj-osu6w"]}]}},"_links":{"self":[{"href":"https:\/\/www.doucesangevines.com\/en\/wp-json\/wp\/v2\/pages\/850","targetHints":{"allow":["GET"]}}],"collection":[{"href":"https:\/\/www.doucesangevines.com\/en\/wp-json\/wp\/v2\/pages"}],"about":[{"href":"https:\/\/www.doucesangevines.com\/en\/wp-json\/wp\/v2\/types\/page"}],"author":[{"embeddable":true,"href":"https:\/\/www.doucesangevines.com\/en\/wp-json\/wp\/v2\/users\/1"}],"replies":[{"embeddable":true,"href":"https:\/\/www.doucesangevines.com\/en\/wp-json\/wp\/v2\/comments?post=850"}],"version-history":[{"count":5,"href":"https:\/\/www.doucesangevines.com\/en\/wp-json\/wp\/v2\/pages\/850\/revisions"}],"predecessor-version":[{"id":11397,"href":"https:\/\/www.doucesangevines.com\/en\/wp-json\/wp\/v2\/pages\/850\/revisions\/11397"}],"wp:attachment":[{"href":"https:\/\/www.doucesangevines.com\/en\/wp-json\/wp\/v2\/media?parent=850"}],"curies":[{"name":"wp","href":"https:\/\/api.w.org\/{rel}","templated":true}]}}