{"id":11169,"date":"2023-10-24T09:29:45","date_gmt":"2023-10-24T08:29:45","guid":{"rendered":"https:\/\/www.doucesangevines.com\/?post_type=product&#038;p=11169"},"modified":"2026-03-11T12:13:54","modified_gmt":"2026-03-11T11:13:54","slug":"gioia-baume-levres-bio-vegetal","status":"publish","type":"product","link":"https:\/\/www.doucesangevines.com\/en\/product\/gioia-baume-levres-bio-vegetal\/","title":{"rendered":"Gioia"},"content":{"rendered":"<p>This balm protects lips from harsh weather, wind and climatic variations.<\/p>\n<p>Its 100% plant-based formula deeply nourishes, prevents premature ageing of the skin and has a brightening effect.<\/p>\n<p>A hint of orange combined with vanilla and cocoa butter make applying this balm a delightful experience that will enchant every moment of the day!<\/p>\n<p><em>Small recyclable glass jar, a portable format you can take anywhere.<\/em><\/p>\n<div id=\"sconnect-is-installed\" style=\"display: none;\">2.15.1.0<\/div>","protected":false},"excerpt":{"rendered":"<p>Ce baume prot\u00e8ge les l\u00e8vres des intemp\u00e9ries, du vent, des variations climatiques. Sa formule 100% v\u00e9g\u00e9tale nourrit en profondeur, pr\u00e9vient le vieillissement pr\u00e9matur\u00e9 de l&#8217;\u00e9piderme et offre un effet illuminateur. Un zeste d&#8217;orange alli\u00e9 \u00e0 la vanille et au beurre de cacao font de l&#8217;application de ce baume un petit d\u00e9lice qui va enchanter tous les instants de la journ\u00e9e ! En format nomade pour emmener partout.<\/p>\n<div id=\"sconnect-is-installed\" style=\"display: none;\">2.15.1.0<\/div>","protected":false},"featured_media":13919,"template":"","meta":{"_acf_changed":false},"product_featurescat":[185],"product_brand":[],"product_cat":[95],"product_tag":[191],"class_list":{"0":"post-11169","1":"product","2":"type-product","3":"status-publish","4":"has-post-thumbnail","6":"product_featurescat-gamme-au-fil-des-jours","7":"product_cat-visage","8":"product_tag-de-saison","9":"pa_collections-au-fil-des-jours","10":"pa_preoccupation-visage-sensibilites-rougeurs","11":"pa_preoccupation-visage-secheresse","12":"pa_preoccupation-visage-rides-ridules","13":"pa_preoccupation-visage-deshydratation","14":"pa_preoccupation-visage-eclat","15":"pa_saison-automne","16":"pa_saison-hiver","17":"pa_type-de-soin-soin-de-jour","18":"pa_type-de-soin-soins-pour-homme","19":"pa_type-de-soin-soin-de-nuit","21":"first","22":"instock","23":"taxable","24":"shipping-taxable","25":"purchasable","26":"product-type-simple"},"acf":[],"yoast_head":"<!-- This site is optimized with the Yoast SEO plugin v27.4 - https:\/\/yoast.com\/product\/yoast-seo-wordpress\/ -->\n<title>Gioia - baume \u00e0 l\u00e8vres bio v\u00e9g\u00e9tal - Douces Angevines<\/title>\n<meta name=\"description\" content=\"Ce baume \u00e0 l\u00e8vres bio et v\u00e9g\u00e9tal nourrit et prot\u00e8ge les l\u00e8vres. Il pr\u00e9vient le vieillissement de l&#039;\u00e9piderme et offre un effet illuminateur.\" \/>\n<meta name=\"robots\" content=\"index, follow, max-snippet:-1, max-image-preview:large, max-video-preview:-1\" \/>\n<link rel=\"canonical\" href=\"https:\/\/www.doucesangevines.com\/en\/product\/gioia-baume-levres-bio-vegetal\/\" \/>\n<meta property=\"og:locale\" content=\"en_GB\" \/>\n<meta property=\"og:type\" content=\"article\" \/>\n<meta property=\"og:title\" content=\"Gioia - baume \u00e0 l\u00e8vres bio v\u00e9g\u00e9tal - Douces Angevines\" \/>\n<meta property=\"og:description\" content=\"Ce baume \u00e0 l\u00e8vres bio et v\u00e9g\u00e9tal nourrit et prot\u00e8ge les l\u00e8vres. Il pr\u00e9vient le vieillissement de l&#039;\u00e9piderme et offre un effet illuminateur.\" \/>\n<meta property=\"og:url\" content=\"https:\/\/www.doucesangevines.com\/en\/product\/gioia-baume-levres-bio-vegetal\/\" \/>\n<meta property=\"og:site_name\" content=\"Douces Angevines\" \/>\n<meta property=\"article:publisher\" content=\"https:\/\/fr-fr.facebook.com\/doucesangevines\/\" \/>\n<meta property=\"article:modified_time\" content=\"2026-03-11T11:13:54+00:00\" \/>\n<meta property=\"og:image\" content=\"https:\/\/www.doucesangevines.com\/wp-content\/uploads\/2023\/10\/Gioia-baume-levres-vegan.png\" \/>\n\t<meta property=\"og:image:width\" content=\"1132\" \/>\n\t<meta property=\"og:image:height\" content=\"1132\" \/>\n\t<meta property=\"og:image:type\" content=\"image\/png\" \/>\n<meta name=\"twitter:card\" content=\"summary_large_image\" \/>\n<meta name=\"twitter:label1\" content=\"Estimated reading time\" \/>\n\t<meta name=\"twitter:data1\" content=\"1 minute\" \/>\n<script type=\"application\/ld+json\" class=\"yoast-schema-graph\">{\"@context\":\"https:\\\/\\\/schema.org\",\"@graph\":[{\"@type\":\"WebPage\",\"@id\":\"https:\\\/\\\/www.doucesangevines.com\\\/produit\\\/gioia-baume-levres-bio-vegetal\\\/\",\"url\":\"https:\\\/\\\/www.doucesangevines.com\\\/produit\\\/gioia-baume-levres-bio-vegetal\\\/\",\"name\":\"Gioia - baume \u00e0 l\u00e8vres bio v\u00e9g\u00e9tal - Douces Angevines\",\"isPartOf\":{\"@id\":\"https:\\\/\\\/www.doucesangevines.com\\\/#website\"},\"primaryImageOfPage\":{\"@id\":\"https:\\\/\\\/www.doucesangevines.com\\\/produit\\\/gioia-baume-levres-bio-vegetal\\\/#primaryimage\"},\"image\":{\"@id\":\"https:\\\/\\\/www.doucesangevines.com\\\/produit\\\/gioia-baume-levres-bio-vegetal\\\/#primaryimage\"},\"thumbnailUrl\":\"https:\\\/\\\/www.doucesangevines.com\\\/wp-content\\\/uploads\\\/2023\\\/10\\\/Gioia-baume-levres-vegan.png\",\"datePublished\":\"2023-10-24T08:29:45+00:00\",\"dateModified\":\"2026-03-11T11:13:54+00:00\",\"description\":\"Ce baume \u00e0 l\u00e8vres bio et v\u00e9g\u00e9tal nourrit et prot\u00e8ge les l\u00e8vres. Il pr\u00e9vient le vieillissement de l'\u00e9piderme et offre un effet illuminateur.\",\"breadcrumb\":{\"@id\":\"https:\\\/\\\/www.doucesangevines.com\\\/produit\\\/gioia-baume-levres-bio-vegetal\\\/#breadcrumb\"},\"inLanguage\":\"en-GB\",\"potentialAction\":[{\"@type\":\"ReadAction\",\"target\":[\"https:\\\/\\\/www.doucesangevines.com\\\/produit\\\/gioia-baume-levres-bio-vegetal\\\/\"]}]},{\"@type\":\"ImageObject\",\"inLanguage\":\"en-GB\",\"@id\":\"https:\\\/\\\/www.doucesangevines.com\\\/produit\\\/gioia-baume-levres-bio-vegetal\\\/#primaryimage\",\"url\":\"https:\\\/\\\/www.doucesangevines.com\\\/wp-content\\\/uploads\\\/2023\\\/10\\\/Gioia-baume-levres-vegan.png\",\"contentUrl\":\"https:\\\/\\\/www.doucesangevines.com\\\/wp-content\\\/uploads\\\/2023\\\/10\\\/Gioia-baume-levres-vegan.png\",\"width\":1132,\"height\":1132,\"caption\":\"Gioia baume \u00e0 l\u00e8vres bio vegan\"},{\"@type\":\"BreadcrumbList\",\"@id\":\"https:\\\/\\\/www.doucesangevines.com\\\/produit\\\/gioia-baume-levres-bio-vegetal\\\/#breadcrumb\",\"itemListElement\":[{\"@type\":\"ListItem\",\"position\":1,\"name\":\"Accueil\",\"item\":\"https:\\\/\\\/www.doucesangevines.com\\\/\"},{\"@type\":\"ListItem\",\"position\":2,\"name\":\"Boutique\",\"item\":\"https:\\\/\\\/www.doucesangevines.com\\\/boutique\\\/\"},{\"@type\":\"ListItem\",\"position\":3,\"name\":\"Gioia\"}]},{\"@type\":\"WebSite\",\"@id\":\"https:\\\/\\\/www.doucesangevines.com\\\/#website\",\"url\":\"https:\\\/\\\/www.doucesangevines.com\\\/\",\"name\":\"Douces Angevines\",\"description\":\"Femmes Herboristes de Beaut\u00e9\",\"publisher\":{\"@id\":\"https:\\\/\\\/www.doucesangevines.com\\\/#organization\"},\"potentialAction\":[{\"@type\":\"SearchAction\",\"target\":{\"@type\":\"EntryPoint\",\"urlTemplate\":\"https:\\\/\\\/www.doucesangevines.com\\\/?s={search_term_string}\"},\"query-input\":{\"@type\":\"PropertyValueSpecification\",\"valueRequired\":true,\"valueName\":\"search_term_string\"}}],\"inLanguage\":\"en-GB\"},{\"@type\":\"Organization\",\"@id\":\"https:\\\/\\\/www.doucesangevines.com\\\/#organization\",\"name\":\"Douces Angevines\",\"url\":\"https:\\\/\\\/www.doucesangevines.com\\\/\",\"logo\":{\"@type\":\"ImageObject\",\"inLanguage\":\"en-GB\",\"@id\":\"https:\\\/\\\/www.doucesangevines.com\\\/#\\\/schema\\\/logo\\\/image\\\/\",\"url\":\"https:\\\/\\\/www.doucesangevines.com\\\/wp-content\\\/uploads\\\/2022\\\/02\\\/douces-angevines-logo-2025.svg\",\"contentUrl\":\"https:\\\/\\\/www.doucesangevines.com\\\/wp-content\\\/uploads\\\/2022\\\/02\\\/douces-angevines-logo-2025.svg\",\"caption\":\"Douces Angevines\"},\"image\":{\"@id\":\"https:\\\/\\\/www.doucesangevines.com\\\/#\\\/schema\\\/logo\\\/image\\\/\"},\"sameAs\":[\"https:\\\/\\\/fr-fr.facebook.com\\\/doucesangevines\\\/\",\"https:\\\/\\\/www.instagram.com\\\/doucesangevines\\\/\",\"https:\\\/\\\/www.youtube.com\\\/channel\\\/UCcbJc6Om9b7IZDHWj-osu6w\"]}]}<\/script>\n<!-- \/ Yoast SEO plugin. -->","yoast_head_json":{"title":"Gioia - baume \u00e0 l\u00e8vres bio v\u00e9g\u00e9tal - Douces Angevines","description":"Ce baume \u00e0 l\u00e8vres bio et v\u00e9g\u00e9tal nourrit et prot\u00e8ge les l\u00e8vres. Il pr\u00e9vient le vieillissement de l'\u00e9piderme et offre un effet illuminateur.","robots":{"index":"index","follow":"follow","max-snippet":"max-snippet:-1","max-image-preview":"max-image-preview:large","max-video-preview":"max-video-preview:-1"},"canonical":"https:\/\/www.doucesangevines.com\/en\/product\/gioia-baume-levres-bio-vegetal\/","og_locale":"en_GB","og_type":"article","og_title":"Gioia - baume \u00e0 l\u00e8vres bio v\u00e9g\u00e9tal - Douces Angevines","og_description":"Ce baume \u00e0 l\u00e8vres bio et v\u00e9g\u00e9tal nourrit et prot\u00e8ge les l\u00e8vres. Il pr\u00e9vient le vieillissement de l'\u00e9piderme et offre un effet illuminateur.","og_url":"https:\/\/www.doucesangevines.com\/en\/product\/gioia-baume-levres-bio-vegetal\/","og_site_name":"Douces Angevines","article_publisher":"https:\/\/fr-fr.facebook.com\/doucesangevines\/","article_modified_time":"2026-03-11T11:13:54+00:00","og_image":[{"width":1132,"height":1132,"url":"https:\/\/www.doucesangevines.com\/wp-content\/uploads\/2023\/10\/Gioia-baume-levres-vegan.png","type":"image\/png"}],"twitter_card":"summary_large_image","twitter_misc":{"Estimated reading time":"1 minute"},"schema":{"@context":"https:\/\/schema.org","@graph":[{"@type":"WebPage","@id":"https:\/\/www.doucesangevines.com\/produit\/gioia-baume-levres-bio-vegetal\/","url":"https:\/\/www.doucesangevines.com\/produit\/gioia-baume-levres-bio-vegetal\/","name":"Gioia - baume \u00e0 l\u00e8vres bio v\u00e9g\u00e9tal - Douces Angevines","isPartOf":{"@id":"https:\/\/www.doucesangevines.com\/#website"},"primaryImageOfPage":{"@id":"https:\/\/www.doucesangevines.com\/produit\/gioia-baume-levres-bio-vegetal\/#primaryimage"},"image":{"@id":"https:\/\/www.doucesangevines.com\/produit\/gioia-baume-levres-bio-vegetal\/#primaryimage"},"thumbnailUrl":"https:\/\/www.doucesangevines.com\/wp-content\/uploads\/2023\/10\/Gioia-baume-levres-vegan.png","datePublished":"2023-10-24T08:29:45+00:00","dateModified":"2026-03-11T11:13:54+00:00","description":"Ce baume \u00e0 l\u00e8vres bio et v\u00e9g\u00e9tal nourrit et prot\u00e8ge les l\u00e8vres. Il pr\u00e9vient le vieillissement de l'\u00e9piderme et offre un effet illuminateur.","breadcrumb":{"@id":"https:\/\/www.doucesangevines.com\/produit\/gioia-baume-levres-bio-vegetal\/#breadcrumb"},"inLanguage":"en-GB","potentialAction":[{"@type":"ReadAction","target":["https:\/\/www.doucesangevines.com\/produit\/gioia-baume-levres-bio-vegetal\/"]}]},{"@type":"ImageObject","inLanguage":"en-GB","@id":"https:\/\/www.doucesangevines.com\/produit\/gioia-baume-levres-bio-vegetal\/#primaryimage","url":"https:\/\/www.doucesangevines.com\/wp-content\/uploads\/2023\/10\/Gioia-baume-levres-vegan.png","contentUrl":"https:\/\/www.doucesangevines.com\/wp-content\/uploads\/2023\/10\/Gioia-baume-levres-vegan.png","width":1132,"height":1132,"caption":"Gioia baume \u00e0 l\u00e8vres bio vegan"},{"@type":"BreadcrumbList","@id":"https:\/\/www.doucesangevines.com\/produit\/gioia-baume-levres-bio-vegetal\/#breadcrumb","itemListElement":[{"@type":"ListItem","position":1,"name":"Accueil","item":"https:\/\/www.doucesangevines.com\/"},{"@type":"ListItem","position":2,"name":"Boutique","item":"https:\/\/www.doucesangevines.com\/boutique\/"},{"@type":"ListItem","position":3,"name":"Gioia"}]},{"@type":"WebSite","@id":"https:\/\/www.doucesangevines.com\/#website","url":"https:\/\/www.doucesangevines.com\/","name":"Douces Angevines","description":"Women Beauty Herbalists","publisher":{"@id":"https:\/\/www.doucesangevines.com\/#organization"},"potentialAction":[{"@type":"SearchAction","target":{"@type":"EntryPoint","urlTemplate":"https:\/\/www.doucesangevines.com\/?s={search_term_string}"},"query-input":{"@type":"PropertyValueSpecification","valueRequired":true,"valueName":"search_term_string"}}],"inLanguage":"en-GB"},{"@type":"Organization","@id":"https:\/\/www.doucesangevines.com\/#organization","name":"Douces Angevines","url":"https:\/\/www.doucesangevines.com\/","logo":{"@type":"ImageObject","inLanguage":"en-GB","@id":"https:\/\/www.doucesangevines.com\/#\/schema\/logo\/image\/","url":"https:\/\/www.doucesangevines.com\/wp-content\/uploads\/2022\/02\/douces-angevines-logo-2025.svg","contentUrl":"https:\/\/www.doucesangevines.com\/wp-content\/uploads\/2022\/02\/douces-angevines-logo-2025.svg","caption":"Douces Angevines"},"image":{"@id":"https:\/\/www.doucesangevines.com\/#\/schema\/logo\/image\/"},"sameAs":["https:\/\/fr-fr.facebook.com\/doucesangevines\/","https:\/\/www.instagram.com\/doucesangevines\/","https:\/\/www.youtube.com\/channel\/UCcbJc6Om9b7IZDHWj-osu6w"]}]}},"_links":{"self":[{"href":"https:\/\/www.doucesangevines.com\/en\/wp-json\/wp\/v2\/product\/11169","targetHints":{"allow":["GET"]}}],"collection":[{"href":"https:\/\/www.doucesangevines.com\/en\/wp-json\/wp\/v2\/product"}],"about":[{"href":"https:\/\/www.doucesangevines.com\/en\/wp-json\/wp\/v2\/types\/product"}],"wp:featuredmedia":[{"embeddable":true,"href":"https:\/\/www.doucesangevines.com\/en\/wp-json\/wp\/v2\/media\/13919"}],"wp:attachment":[{"href":"https:\/\/www.doucesangevines.com\/en\/wp-json\/wp\/v2\/media?parent=11169"}],"wp:term":[{"taxonomy":"product_featurescat","embeddable":true,"href":"https:\/\/www.doucesangevines.com\/en\/wp-json\/wp\/v2\/product_featurescat?post=11169"},{"taxonomy":"product_brand","embeddable":true,"href":"https:\/\/www.doucesangevines.com\/en\/wp-json\/wp\/v2\/product_brand?post=11169"},{"taxonomy":"product_cat","embeddable":true,"href":"https:\/\/www.doucesangevines.com\/en\/wp-json\/wp\/v2\/product_cat?post=11169"},{"taxonomy":"product_tag","embeddable":true,"href":"https:\/\/www.doucesangevines.com\/en\/wp-json\/wp\/v2\/product_tag?post=11169"}],"curies":[{"name":"wp","href":"https:\/\/api.w.org\/{rel}","templated":true}]}}