{"id":11493,"date":"2023-11-23T08:46:53","date_gmt":"2023-11-23T07:46:53","guid":{"rendered":"https:\/\/www.doucesangevines.com\/?post_type=product&#038;p=11493"},"modified":"2025-10-13T13:45:41","modified_gmt":"2025-10-13T12:45:41","slug":"duo-freyja-gioia","status":"publish","type":"product","link":"https:\/\/www.doucesangevines.com\/en\/product\/duo-freyja-gioia\/","title":{"rendered":"Duo Freyja &#038; Gioia"},"content":{"rendered":"<p>Freyja, the creamy face balm, and Gioia, the exquisite lip balm, two delightful balms presented together in a cotton pouch.<\/p>\n<p><span class=\"ac-designer-copy\">Our two 100% plant-based balms, refined and indulgent, combine to nourish, soothe and brighten the skin during the cold season!<\/span><\/p>\n<div id=\"sconnect-is-installed\" style=\"display: none;\">2.15.1.0<\/div>","protected":false},"excerpt":{"rendered":"<p>Freyja, the creamy face balm, and Gioia, the exquisite lip balm, two delightful balms presented together in a cotton pouch.<\/p>\n<p><span class=\"ac-designer-copy\">Our two 100% plant-based balms, refined and indulgent, combine to nourish, soothe and brighten the skin during the cold season!<\/span><\/p>\n<p><strong><em>The duo: \u20ac46.50 instead of \u20ac53.80<\/em>.<\/strong><\/p>\n<div id=\"sconnect-is-installed\" style=\"display: none;\">2.15.1.0<\/div>","protected":false},"featured_media":11495,"template":"","meta":{"_acf_changed":false},"product_featurescat":[185],"product_brand":[],"product_cat":[95],"product_tag":[192],"class_list":{"0":"post-11493","1":"product","2":"type-product","3":"status-publish","4":"has-post-thumbnail","6":"product_featurescat-gamme-au-fil-des-jours","7":"product_cat-visage","8":"product_tag-cadeaux","9":"pa_collections-au-fil-des-jours","10":"pa_preoccupation-visage-secheresse","11":"pa_preoccupation-visage-rides-ridules","12":"pa_preoccupation-visage-deshydratation","13":"pa_preoccupation-visage-eclat","14":"pa_preoccupation-visage-sensibilites-rougeurs","15":"pa_saison-automne","16":"pa_saison-hiver","17":"pa_type-de-soin-soin-de-jour","18":"pa_type-de-soin-soins-pour-homme","19":"pa_type-de-soin-soin-de-nuit","21":"first","22":"instock","23":"taxable","24":"shipping-taxable","25":"purchasable","26":"product-type-simple"},"acf":[],"yoast_head":"<!-- This site is optimized with the Yoast SEO plugin v27.4 - https:\/\/yoast.com\/product\/yoast-seo-wordpress\/ -->\n<title>Duo Freyja &amp; Gioia - Douces Angevines baume visage et baume \u00e0 l\u00e8vres bio<\/title>\n<meta name=\"description\" content=\"Nos deux baumes 100% v\u00e9g\u00e9taux, raffin\u00e9s et gourmands, s&#039;associent pour nourrir, apaiser et illuminer la peau au coeur de l&#039;hiver.\" \/>\n<meta name=\"robots\" content=\"index, follow, max-snippet:-1, max-image-preview:large, max-video-preview:-1\" \/>\n<link rel=\"canonical\" href=\"https:\/\/www.doucesangevines.com\/en\/product\/duo-freyja-gioia\/\" \/>\n<meta property=\"og:locale\" content=\"en_GB\" \/>\n<meta property=\"og:type\" content=\"article\" \/>\n<meta property=\"og:title\" content=\"Duo Freyja &amp; Gioia - Douces Angevines baume visage et baume \u00e0 l\u00e8vres bio\" \/>\n<meta property=\"og:description\" content=\"Nos deux baumes 100% v\u00e9g\u00e9taux, raffin\u00e9s et gourmands, s&#039;associent pour nourrir, apaiser et illuminer la peau au coeur de l&#039;hiver.\" \/>\n<meta property=\"og:url\" content=\"https:\/\/www.doucesangevines.com\/en\/product\/duo-freyja-gioia\/\" \/>\n<meta property=\"og:site_name\" content=\"Douces Angevines\" \/>\n<meta property=\"article:publisher\" content=\"https:\/\/fr-fr.facebook.com\/doucesangevines\/\" \/>\n<meta property=\"article:modified_time\" content=\"2025-10-13T12:45:41+00:00\" \/>\n<meta property=\"og:image\" content=\"https:\/\/www.doucesangevines.com\/wp-content\/uploads\/2023\/11\/Duo-baume-visage-baume-levres-bio-1.jpg\" \/>\n\t<meta property=\"og:image:width\" content=\"1132\" \/>\n\t<meta property=\"og:image:height\" content=\"1132\" \/>\n\t<meta property=\"og:image:type\" content=\"image\/jpeg\" \/>\n<meta name=\"twitter:card\" content=\"summary_large_image\" \/>\n<meta name=\"twitter:label1\" content=\"Estimated reading time\" \/>\n\t<meta name=\"twitter:data1\" content=\"1 minute\" \/>\n<script type=\"application\/ld+json\" class=\"yoast-schema-graph\">{\"@context\":\"https:\\\/\\\/schema.org\",\"@graph\":[{\"@type\":\"WebPage\",\"@id\":\"https:\\\/\\\/www.doucesangevines.com\\\/produit\\\/duo-freyja-gioia\\\/\",\"url\":\"https:\\\/\\\/www.doucesangevines.com\\\/produit\\\/duo-freyja-gioia\\\/\",\"name\":\"Duo Freyja & Gioia - Douces Angevines baume visage et baume \u00e0 l\u00e8vres bio\",\"isPartOf\":{\"@id\":\"https:\\\/\\\/www.doucesangevines.com\\\/#website\"},\"primaryImageOfPage\":{\"@id\":\"https:\\\/\\\/www.doucesangevines.com\\\/produit\\\/duo-freyja-gioia\\\/#primaryimage\"},\"image\":{\"@id\":\"https:\\\/\\\/www.doucesangevines.com\\\/produit\\\/duo-freyja-gioia\\\/#primaryimage\"},\"thumbnailUrl\":\"https:\\\/\\\/www.doucesangevines.com\\\/wp-content\\\/uploads\\\/2023\\\/11\\\/Duo-baume-visage-baume-levres-bio-1.jpg\",\"datePublished\":\"2023-11-23T07:46:53+00:00\",\"dateModified\":\"2025-10-13T12:45:41+00:00\",\"description\":\"Nos deux baumes 100% v\u00e9g\u00e9taux, raffin\u00e9s et gourmands, s'associent pour nourrir, apaiser et illuminer la peau au coeur de l'hiver.\",\"breadcrumb\":{\"@id\":\"https:\\\/\\\/www.doucesangevines.com\\\/produit\\\/duo-freyja-gioia\\\/#breadcrumb\"},\"inLanguage\":\"en-GB\",\"potentialAction\":[{\"@type\":\"ReadAction\",\"target\":[\"https:\\\/\\\/www.doucesangevines.com\\\/produit\\\/duo-freyja-gioia\\\/\"]}]},{\"@type\":\"ImageObject\",\"inLanguage\":\"en-GB\",\"@id\":\"https:\\\/\\\/www.doucesangevines.com\\\/produit\\\/duo-freyja-gioia\\\/#primaryimage\",\"url\":\"https:\\\/\\\/www.doucesangevines.com\\\/wp-content\\\/uploads\\\/2023\\\/11\\\/Duo-baume-visage-baume-levres-bio-1.jpg\",\"contentUrl\":\"https:\\\/\\\/www.doucesangevines.com\\\/wp-content\\\/uploads\\\/2023\\\/11\\\/Duo-baume-visage-baume-levres-bio-1.jpg\",\"width\":1132,\"height\":1132,\"caption\":\"duo Baume visage onctueux nourrissant et baume \u00e0 l\u00e8vres bio\"},{\"@type\":\"BreadcrumbList\",\"@id\":\"https:\\\/\\\/www.doucesangevines.com\\\/produit\\\/duo-freyja-gioia\\\/#breadcrumb\",\"itemListElement\":[{\"@type\":\"ListItem\",\"position\":1,\"name\":\"Accueil\",\"item\":\"https:\\\/\\\/www.doucesangevines.com\\\/\"},{\"@type\":\"ListItem\",\"position\":2,\"name\":\"Boutique\",\"item\":\"https:\\\/\\\/www.doucesangevines.com\\\/boutique\\\/\"},{\"@type\":\"ListItem\",\"position\":3,\"name\":\"Duo Freyja &#038; Gioia\"}]},{\"@type\":\"WebSite\",\"@id\":\"https:\\\/\\\/www.doucesangevines.com\\\/#website\",\"url\":\"https:\\\/\\\/www.doucesangevines.com\\\/\",\"name\":\"Douces Angevines\",\"description\":\"Femmes Herboristes de Beaut\u00e9\",\"publisher\":{\"@id\":\"https:\\\/\\\/www.doucesangevines.com\\\/#organization\"},\"potentialAction\":[{\"@type\":\"SearchAction\",\"target\":{\"@type\":\"EntryPoint\",\"urlTemplate\":\"https:\\\/\\\/www.doucesangevines.com\\\/?s={search_term_string}\"},\"query-input\":{\"@type\":\"PropertyValueSpecification\",\"valueRequired\":true,\"valueName\":\"search_term_string\"}}],\"inLanguage\":\"en-GB\"},{\"@type\":\"Organization\",\"@id\":\"https:\\\/\\\/www.doucesangevines.com\\\/#organization\",\"name\":\"Douces Angevines\",\"url\":\"https:\\\/\\\/www.doucesangevines.com\\\/\",\"logo\":{\"@type\":\"ImageObject\",\"inLanguage\":\"en-GB\",\"@id\":\"https:\\\/\\\/www.doucesangevines.com\\\/#\\\/schema\\\/logo\\\/image\\\/\",\"url\":\"https:\\\/\\\/www.doucesangevines.com\\\/wp-content\\\/uploads\\\/2022\\\/02\\\/douces-angevines-logo-2025.svg\",\"contentUrl\":\"https:\\\/\\\/www.doucesangevines.com\\\/wp-content\\\/uploads\\\/2022\\\/02\\\/douces-angevines-logo-2025.svg\",\"caption\":\"Douces Angevines\"},\"image\":{\"@id\":\"https:\\\/\\\/www.doucesangevines.com\\\/#\\\/schema\\\/logo\\\/image\\\/\"},\"sameAs\":[\"https:\\\/\\\/fr-fr.facebook.com\\\/doucesangevines\\\/\",\"https:\\\/\\\/www.instagram.com\\\/doucesangevines\\\/\",\"https:\\\/\\\/www.youtube.com\\\/channel\\\/UCcbJc6Om9b7IZDHWj-osu6w\"]}]}<\/script>\n<!-- \/ Yoast SEO plugin. -->","yoast_head_json":{"title":"Duo Freyja & Gioia - Douces Angevines baume visage et baume \u00e0 l\u00e8vres bio","description":"Nos deux baumes 100% v\u00e9g\u00e9taux, raffin\u00e9s et gourmands, s'associent pour nourrir, apaiser et illuminer la peau au coeur de l'hiver.","robots":{"index":"index","follow":"follow","max-snippet":"max-snippet:-1","max-image-preview":"max-image-preview:large","max-video-preview":"max-video-preview:-1"},"canonical":"https:\/\/www.doucesangevines.com\/en\/product\/duo-freyja-gioia\/","og_locale":"en_GB","og_type":"article","og_title":"Duo Freyja & Gioia - Douces Angevines baume visage et baume \u00e0 l\u00e8vres bio","og_description":"Nos deux baumes 100% v\u00e9g\u00e9taux, raffin\u00e9s et gourmands, s'associent pour nourrir, apaiser et illuminer la peau au coeur de l'hiver.","og_url":"https:\/\/www.doucesangevines.com\/en\/product\/duo-freyja-gioia\/","og_site_name":"Douces Angevines","article_publisher":"https:\/\/fr-fr.facebook.com\/doucesangevines\/","article_modified_time":"2025-10-13T12:45:41+00:00","og_image":[{"width":1132,"height":1132,"url":"https:\/\/www.doucesangevines.com\/wp-content\/uploads\/2023\/11\/Duo-baume-visage-baume-levres-bio-1.jpg","type":"image\/jpeg"}],"twitter_card":"summary_large_image","twitter_misc":{"Estimated reading time":"1 minute"},"schema":{"@context":"https:\/\/schema.org","@graph":[{"@type":"WebPage","@id":"https:\/\/www.doucesangevines.com\/produit\/duo-freyja-gioia\/","url":"https:\/\/www.doucesangevines.com\/produit\/duo-freyja-gioia\/","name":"Duo Freyja & Gioia - Douces Angevines baume visage et baume \u00e0 l\u00e8vres bio","isPartOf":{"@id":"https:\/\/www.doucesangevines.com\/#website"},"primaryImageOfPage":{"@id":"https:\/\/www.doucesangevines.com\/produit\/duo-freyja-gioia\/#primaryimage"},"image":{"@id":"https:\/\/www.doucesangevines.com\/produit\/duo-freyja-gioia\/#primaryimage"},"thumbnailUrl":"https:\/\/www.doucesangevines.com\/wp-content\/uploads\/2023\/11\/Duo-baume-visage-baume-levres-bio-1.jpg","datePublished":"2023-11-23T07:46:53+00:00","dateModified":"2025-10-13T12:45:41+00:00","description":"Nos deux baumes 100% v\u00e9g\u00e9taux, raffin\u00e9s et gourmands, s'associent pour nourrir, apaiser et illuminer la peau au coeur de l'hiver.","breadcrumb":{"@id":"https:\/\/www.doucesangevines.com\/produit\/duo-freyja-gioia\/#breadcrumb"},"inLanguage":"en-GB","potentialAction":[{"@type":"ReadAction","target":["https:\/\/www.doucesangevines.com\/produit\/duo-freyja-gioia\/"]}]},{"@type":"ImageObject","inLanguage":"en-GB","@id":"https:\/\/www.doucesangevines.com\/produit\/duo-freyja-gioia\/#primaryimage","url":"https:\/\/www.doucesangevines.com\/wp-content\/uploads\/2023\/11\/Duo-baume-visage-baume-levres-bio-1.jpg","contentUrl":"https:\/\/www.doucesangevines.com\/wp-content\/uploads\/2023\/11\/Duo-baume-visage-baume-levres-bio-1.jpg","width":1132,"height":1132,"caption":"duo Baume visage onctueux nourrissant et baume \u00e0 l\u00e8vres bio"},{"@type":"BreadcrumbList","@id":"https:\/\/www.doucesangevines.com\/produit\/duo-freyja-gioia\/#breadcrumb","itemListElement":[{"@type":"ListItem","position":1,"name":"Accueil","item":"https:\/\/www.doucesangevines.com\/"},{"@type":"ListItem","position":2,"name":"Boutique","item":"https:\/\/www.doucesangevines.com\/boutique\/"},{"@type":"ListItem","position":3,"name":"Duo Freyja &#038; Gioia"}]},{"@type":"WebSite","@id":"https:\/\/www.doucesangevines.com\/#website","url":"https:\/\/www.doucesangevines.com\/","name":"Douces Angevines","description":"Women Beauty Herbalists","publisher":{"@id":"https:\/\/www.doucesangevines.com\/#organization"},"potentialAction":[{"@type":"SearchAction","target":{"@type":"EntryPoint","urlTemplate":"https:\/\/www.doucesangevines.com\/?s={search_term_string}"},"query-input":{"@type":"PropertyValueSpecification","valueRequired":true,"valueName":"search_term_string"}}],"inLanguage":"en-GB"},{"@type":"Organization","@id":"https:\/\/www.doucesangevines.com\/#organization","name":"Douces Angevines","url":"https:\/\/www.doucesangevines.com\/","logo":{"@type":"ImageObject","inLanguage":"en-GB","@id":"https:\/\/www.doucesangevines.com\/#\/schema\/logo\/image\/","url":"https:\/\/www.doucesangevines.com\/wp-content\/uploads\/2022\/02\/douces-angevines-logo-2025.svg","contentUrl":"https:\/\/www.doucesangevines.com\/wp-content\/uploads\/2022\/02\/douces-angevines-logo-2025.svg","caption":"Douces Angevines"},"image":{"@id":"https:\/\/www.doucesangevines.com\/#\/schema\/logo\/image\/"},"sameAs":["https:\/\/fr-fr.facebook.com\/doucesangevines\/","https:\/\/www.instagram.com\/doucesangevines\/","https:\/\/www.youtube.com\/channel\/UCcbJc6Om9b7IZDHWj-osu6w"]}]}},"_links":{"self":[{"href":"https:\/\/www.doucesangevines.com\/en\/wp-json\/wp\/v2\/product\/11493","targetHints":{"allow":["GET"]}}],"collection":[{"href":"https:\/\/www.doucesangevines.com\/en\/wp-json\/wp\/v2\/product"}],"about":[{"href":"https:\/\/www.doucesangevines.com\/en\/wp-json\/wp\/v2\/types\/product"}],"wp:featuredmedia":[{"embeddable":true,"href":"https:\/\/www.doucesangevines.com\/en\/wp-json\/wp\/v2\/media\/11495"}],"wp:attachment":[{"href":"https:\/\/www.doucesangevines.com\/en\/wp-json\/wp\/v2\/media?parent=11493"}],"wp:term":[{"taxonomy":"product_featurescat","embeddable":true,"href":"https:\/\/www.doucesangevines.com\/en\/wp-json\/wp\/v2\/product_featurescat?post=11493"},{"taxonomy":"product_brand","embeddable":true,"href":"https:\/\/www.doucesangevines.com\/en\/wp-json\/wp\/v2\/product_brand?post=11493"},{"taxonomy":"product_cat","embeddable":true,"href":"https:\/\/www.doucesangevines.com\/en\/wp-json\/wp\/v2\/product_cat?post=11493"},{"taxonomy":"product_tag","embeddable":true,"href":"https:\/\/www.doucesangevines.com\/en\/wp-json\/wp\/v2\/product_tag?post=11493"}],"curies":[{"name":"wp","href":"https:\/\/api.w.org\/{rel}","templated":true}]}}