{"id":12808,"date":"2024-02-29T09:10:14","date_gmt":"2024-02-29T08:10:14","guid":{"rendered":"https:\/\/www.doucesangevines.com\/?post_type=product&#038;p=12808"},"modified":"2025-04-30T10:10:24","modified_gmt":"2025-04-30T09:10:24","slug":"lia-contour-yeux-levres","status":"publish","type":"product","link":"https:\/\/www.doucesangevines.com\/en\/product\/bound\/","title":{"rendered":"Lia (nouveau format)"},"content":{"rendered":"<p>The Lia fluid sublimates the eye and lip contour area by softening wrinkles and fine lines. Fatigue-fighting and smoothing, it reveals the radiance of the eyes and nourishes the fragile lip contour area without leaving an oily layer. Lia is suitable for all skin types, even for sensitive eyes and contact lens wearers.<\/p>\n<p>Nigella or Black Cumin oil and Argan oil offer Lia their stimulating and anti-radical properties.<br \/>\nJapanese Green Tea provides revitalizing and antioxidant energy.<br \/>\nHelichrysum from France (Immortelle) is well known for reducing dark circles.<br \/>\nVerbena from our garden, Jasmine, Frangipani, Damascus Rose\u2026 combine their regenerating properties and their scents of gentle sensuality.<\/p>","protected":false},"excerpt":{"rendered":"<p>With extreme finesse, this fluid transmits its divine essence to your eyes and lips - the veritable mirrors of the soul. It silkens lips, smoothes their contours, and smoothes out eyelids that have been caught out by time for expressive beauty in all seasons. Your skin is revitalized, radiant and renewed.<\/p>\n<p><strong>Nouveau format 10ml<\/strong><\/p>","protected":false},"featured_media":12940,"template":"","meta":{"_acf_changed":false},"product_featurescat":[186],"product_brand":[],"product_cat":[95],"product_tag":[190],"class_list":{"0":"post-12808","1":"product","2":"type-product","3":"status-publish","4":"has-post-thumbnail","6":"product_featurescat-gamme-jeunesse-eclat","7":"product_cat-visage","8":"product_tag-favoris","9":"pa_collections-soins-divins","10":"pa_preoccupation-visage-cernes-poches","11":"pa_preoccupation-visage-rides-ridules","12":"pa_preoccupation-visage-deshydratation","13":"pa_saison-toute-saison","14":"pa_type-de-peau-seche","15":"pa_type-de-peau-sensible","16":"pa_type-de-peau-normale","17":"pa_type-de-peau-mixte","18":"pa_type-de-peau-grasse","19":"pa_type-de-soin-soin-de-jour","20":"pa_type-de-soin-soin-de-nuit","22":"first","23":"instock","24":"taxable","25":"shipping-taxable","26":"purchasable","27":"product-type-simple"},"acf":[],"yoast_head":"<!-- This site is optimized with the Yoast SEO plugin v27.4 - https:\/\/yoast.com\/product\/yoast-seo-wordpress\/ -->\n<title>Lia (nouveau format)- Contour yeux &amp; l\u00e8vres bio - Douces Angevines<\/title>\n<meta name=\"description\" content=\"Ce fluide contour des yeux et l\u00e8vres communique son essence divine \u00e0 votre regard. Il satine les l\u00e8vres, lisse leur contour, d\u00e9froisse les paupi\u00e8res.\" \/>\n<meta name=\"robots\" content=\"index, follow, max-snippet:-1, max-image-preview:large, max-video-preview:-1\" \/>\n<link rel=\"canonical\" href=\"https:\/\/www.doucesangevines.com\/en\/product\/bound\/\" \/>\n<meta property=\"og:locale\" content=\"en_GB\" \/>\n<meta property=\"og:type\" content=\"article\" \/>\n<meta property=\"og:title\" content=\"Lia (nouveau format)- Contour yeux &amp; l\u00e8vres bio - Douces Angevines\" \/>\n<meta property=\"og:description\" content=\"Ce fluide contour des yeux et l\u00e8vres communique son essence divine \u00e0 votre regard. Il satine les l\u00e8vres, lisse leur contour, d\u00e9froisse les paupi\u00e8res.\" \/>\n<meta property=\"og:url\" content=\"https:\/\/www.doucesangevines.com\/en\/product\/bound\/\" \/>\n<meta property=\"og:site_name\" content=\"Douces Angevines\" \/>\n<meta property=\"article:publisher\" content=\"https:\/\/fr-fr.facebook.com\/doucesangevines\/\" \/>\n<meta property=\"article:modified_time\" content=\"2025-04-30T09:10:24+00:00\" \/>\n<meta property=\"og:image\" content=\"https:\/\/www.doucesangevines.com\/wp-content\/uploads\/2024\/03\/24-Lia-fluide-contour-yeux-levres-bio.png\" \/>\n\t<meta property=\"og:image:width\" content=\"1132\" \/>\n\t<meta property=\"og:image:height\" content=\"1132\" \/>\n\t<meta property=\"og:image:type\" content=\"image\/png\" \/>\n<meta name=\"twitter:card\" content=\"summary_large_image\" \/>\n<meta name=\"twitter:label1\" content=\"Estimated reading time\" \/>\n\t<meta name=\"twitter:data1\" content=\"1 minute\" \/>\n<script type=\"application\/ld+json\" class=\"yoast-schema-graph\">{\"@context\":\"https:\\\/\\\/schema.org\",\"@graph\":[{\"@type\":\"WebPage\",\"@id\":\"https:\\\/\\\/www.doucesangevines.com\\\/produit\\\/lia-contour-yeux-levres\\\/\",\"url\":\"https:\\\/\\\/www.doucesangevines.com\\\/produit\\\/lia-contour-yeux-levres\\\/\",\"name\":\"Lia (nouveau format)- Contour yeux & l\u00e8vres bio - Douces Angevines\",\"isPartOf\":{\"@id\":\"https:\\\/\\\/www.doucesangevines.com\\\/#website\"},\"primaryImageOfPage\":{\"@id\":\"https:\\\/\\\/www.doucesangevines.com\\\/produit\\\/lia-contour-yeux-levres\\\/#primaryimage\"},\"image\":{\"@id\":\"https:\\\/\\\/www.doucesangevines.com\\\/produit\\\/lia-contour-yeux-levres\\\/#primaryimage\"},\"thumbnailUrl\":\"https:\\\/\\\/www.doucesangevines.com\\\/wp-content\\\/uploads\\\/2024\\\/03\\\/24-Lia-fluide-contour-yeux-levres-bio.png\",\"datePublished\":\"2024-02-29T08:10:14+00:00\",\"dateModified\":\"2025-04-30T09:10:24+00:00\",\"description\":\"Ce fluide contour des yeux et l\u00e8vres communique son essence divine \u00e0 votre regard. Il satine les l\u00e8vres, lisse leur contour, d\u00e9froisse les paupi\u00e8res.\",\"breadcrumb\":{\"@id\":\"https:\\\/\\\/www.doucesangevines.com\\\/produit\\\/lia-contour-yeux-levres\\\/#breadcrumb\"},\"inLanguage\":\"en-GB\",\"potentialAction\":[{\"@type\":\"ReadAction\",\"target\":[\"https:\\\/\\\/www.doucesangevines.com\\\/produit\\\/lia-contour-yeux-levres\\\/\"]}]},{\"@type\":\"ImageObject\",\"inLanguage\":\"en-GB\",\"@id\":\"https:\\\/\\\/www.doucesangevines.com\\\/produit\\\/lia-contour-yeux-levres\\\/#primaryimage\",\"url\":\"https:\\\/\\\/www.doucesangevines.com\\\/wp-content\\\/uploads\\\/2024\\\/03\\\/24-Lia-fluide-contour-yeux-levres-bio.png\",\"contentUrl\":\"https:\\\/\\\/www.doucesangevines.com\\\/wp-content\\\/uploads\\\/2024\\\/03\\\/24-Lia-fluide-contour-yeux-levres-bio.png\",\"width\":1132,\"height\":1132,\"caption\":\"Lia fluide contour des yeux et des l\u00e8vres bio\"},{\"@type\":\"BreadcrumbList\",\"@id\":\"https:\\\/\\\/www.doucesangevines.com\\\/produit\\\/lia-contour-yeux-levres\\\/#breadcrumb\",\"itemListElement\":[{\"@type\":\"ListItem\",\"position\":1,\"name\":\"Accueil\",\"item\":\"https:\\\/\\\/www.doucesangevines.com\\\/\"},{\"@type\":\"ListItem\",\"position\":2,\"name\":\"Boutique\",\"item\":\"https:\\\/\\\/www.doucesangevines.com\\\/boutique\\\/\"},{\"@type\":\"ListItem\",\"position\":3,\"name\":\"Lia (nouveau format)\"}]},{\"@type\":\"WebSite\",\"@id\":\"https:\\\/\\\/www.doucesangevines.com\\\/#website\",\"url\":\"https:\\\/\\\/www.doucesangevines.com\\\/\",\"name\":\"Douces Angevines\",\"description\":\"Femmes Herboristes de Beaut\u00e9\",\"publisher\":{\"@id\":\"https:\\\/\\\/www.doucesangevines.com\\\/#organization\"},\"potentialAction\":[{\"@type\":\"SearchAction\",\"target\":{\"@type\":\"EntryPoint\",\"urlTemplate\":\"https:\\\/\\\/www.doucesangevines.com\\\/?s={search_term_string}\"},\"query-input\":{\"@type\":\"PropertyValueSpecification\",\"valueRequired\":true,\"valueName\":\"search_term_string\"}}],\"inLanguage\":\"en-GB\"},{\"@type\":\"Organization\",\"@id\":\"https:\\\/\\\/www.doucesangevines.com\\\/#organization\",\"name\":\"Douces Angevines\",\"url\":\"https:\\\/\\\/www.doucesangevines.com\\\/\",\"logo\":{\"@type\":\"ImageObject\",\"inLanguage\":\"en-GB\",\"@id\":\"https:\\\/\\\/www.doucesangevines.com\\\/#\\\/schema\\\/logo\\\/image\\\/\",\"url\":\"https:\\\/\\\/www.doucesangevines.com\\\/wp-content\\\/uploads\\\/2022\\\/02\\\/douces-angevines-logo-2025.svg\",\"contentUrl\":\"https:\\\/\\\/www.doucesangevines.com\\\/wp-content\\\/uploads\\\/2022\\\/02\\\/douces-angevines-logo-2025.svg\",\"caption\":\"Douces Angevines\"},\"image\":{\"@id\":\"https:\\\/\\\/www.doucesangevines.com\\\/#\\\/schema\\\/logo\\\/image\\\/\"},\"sameAs\":[\"https:\\\/\\\/fr-fr.facebook.com\\\/doucesangevines\\\/\",\"https:\\\/\\\/www.instagram.com\\\/doucesangevines\\\/\",\"https:\\\/\\\/www.youtube.com\\\/channel\\\/UCcbJc6Om9b7IZDHWj-osu6w\"]}]}<\/script>\n<!-- \/ Yoast SEO plugin. -->","yoast_head_json":{"title":"Lia (nouveau format)- Contour yeux & l\u00e8vres bio - Douces Angevines","description":"Ce fluide contour des yeux et l\u00e8vres communique son essence divine \u00e0 votre regard. Il satine les l\u00e8vres, lisse leur contour, d\u00e9froisse les paupi\u00e8res.","robots":{"index":"index","follow":"follow","max-snippet":"max-snippet:-1","max-image-preview":"max-image-preview:large","max-video-preview":"max-video-preview:-1"},"canonical":"https:\/\/www.doucesangevines.com\/en\/product\/bound\/","og_locale":"en_GB","og_type":"article","og_title":"Lia (nouveau format)- Contour yeux & l\u00e8vres bio - Douces Angevines","og_description":"Ce fluide contour des yeux et l\u00e8vres communique son essence divine \u00e0 votre regard. Il satine les l\u00e8vres, lisse leur contour, d\u00e9froisse les paupi\u00e8res.","og_url":"https:\/\/www.doucesangevines.com\/en\/product\/bound\/","og_site_name":"Douces Angevines","article_publisher":"https:\/\/fr-fr.facebook.com\/doucesangevines\/","article_modified_time":"2025-04-30T09:10:24+00:00","og_image":[{"width":1132,"height":1132,"url":"https:\/\/www.doucesangevines.com\/wp-content\/uploads\/2024\/03\/24-Lia-fluide-contour-yeux-levres-bio.png","type":"image\/png"}],"twitter_card":"summary_large_image","twitter_misc":{"Estimated reading time":"1 minute"},"schema":{"@context":"https:\/\/schema.org","@graph":[{"@type":"WebPage","@id":"https:\/\/www.doucesangevines.com\/produit\/lia-contour-yeux-levres\/","url":"https:\/\/www.doucesangevines.com\/produit\/lia-contour-yeux-levres\/","name":"Lia (nouveau format)- Contour yeux & l\u00e8vres bio - Douces Angevines","isPartOf":{"@id":"https:\/\/www.doucesangevines.com\/#website"},"primaryImageOfPage":{"@id":"https:\/\/www.doucesangevines.com\/produit\/lia-contour-yeux-levres\/#primaryimage"},"image":{"@id":"https:\/\/www.doucesangevines.com\/produit\/lia-contour-yeux-levres\/#primaryimage"},"thumbnailUrl":"https:\/\/www.doucesangevines.com\/wp-content\/uploads\/2024\/03\/24-Lia-fluide-contour-yeux-levres-bio.png","datePublished":"2024-02-29T08:10:14+00:00","dateModified":"2025-04-30T09:10:24+00:00","description":"Ce fluide contour des yeux et l\u00e8vres communique son essence divine \u00e0 votre regard. Il satine les l\u00e8vres, lisse leur contour, d\u00e9froisse les paupi\u00e8res.","breadcrumb":{"@id":"https:\/\/www.doucesangevines.com\/produit\/lia-contour-yeux-levres\/#breadcrumb"},"inLanguage":"en-GB","potentialAction":[{"@type":"ReadAction","target":["https:\/\/www.doucesangevines.com\/produit\/lia-contour-yeux-levres\/"]}]},{"@type":"ImageObject","inLanguage":"en-GB","@id":"https:\/\/www.doucesangevines.com\/produit\/lia-contour-yeux-levres\/#primaryimage","url":"https:\/\/www.doucesangevines.com\/wp-content\/uploads\/2024\/03\/24-Lia-fluide-contour-yeux-levres-bio.png","contentUrl":"https:\/\/www.doucesangevines.com\/wp-content\/uploads\/2024\/03\/24-Lia-fluide-contour-yeux-levres-bio.png","width":1132,"height":1132,"caption":"Lia fluide contour des yeux et des l\u00e8vres bio"},{"@type":"BreadcrumbList","@id":"https:\/\/www.doucesangevines.com\/produit\/lia-contour-yeux-levres\/#breadcrumb","itemListElement":[{"@type":"ListItem","position":1,"name":"Accueil","item":"https:\/\/www.doucesangevines.com\/"},{"@type":"ListItem","position":2,"name":"Boutique","item":"https:\/\/www.doucesangevines.com\/boutique\/"},{"@type":"ListItem","position":3,"name":"Lia (nouveau format)"}]},{"@type":"WebSite","@id":"https:\/\/www.doucesangevines.com\/#website","url":"https:\/\/www.doucesangevines.com\/","name":"Douces Angevines","description":"Women Beauty Herbalists","publisher":{"@id":"https:\/\/www.doucesangevines.com\/#organization"},"potentialAction":[{"@type":"SearchAction","target":{"@type":"EntryPoint","urlTemplate":"https:\/\/www.doucesangevines.com\/?s={search_term_string}"},"query-input":{"@type":"PropertyValueSpecification","valueRequired":true,"valueName":"search_term_string"}}],"inLanguage":"en-GB"},{"@type":"Organization","@id":"https:\/\/www.doucesangevines.com\/#organization","name":"Douces Angevines","url":"https:\/\/www.doucesangevines.com\/","logo":{"@type":"ImageObject","inLanguage":"en-GB","@id":"https:\/\/www.doucesangevines.com\/#\/schema\/logo\/image\/","url":"https:\/\/www.doucesangevines.com\/wp-content\/uploads\/2022\/02\/douces-angevines-logo-2025.svg","contentUrl":"https:\/\/www.doucesangevines.com\/wp-content\/uploads\/2022\/02\/douces-angevines-logo-2025.svg","caption":"Douces Angevines"},"image":{"@id":"https:\/\/www.doucesangevines.com\/#\/schema\/logo\/image\/"},"sameAs":["https:\/\/fr-fr.facebook.com\/doucesangevines\/","https:\/\/www.instagram.com\/doucesangevines\/","https:\/\/www.youtube.com\/channel\/UCcbJc6Om9b7IZDHWj-osu6w"]}]}},"_links":{"self":[{"href":"https:\/\/www.doucesangevines.com\/en\/wp-json\/wp\/v2\/product\/12808","targetHints":{"allow":["GET"]}}],"collection":[{"href":"https:\/\/www.doucesangevines.com\/en\/wp-json\/wp\/v2\/product"}],"about":[{"href":"https:\/\/www.doucesangevines.com\/en\/wp-json\/wp\/v2\/types\/product"}],"wp:featuredmedia":[{"embeddable":true,"href":"https:\/\/www.doucesangevines.com\/en\/wp-json\/wp\/v2\/media\/12940"}],"wp:attachment":[{"href":"https:\/\/www.doucesangevines.com\/en\/wp-json\/wp\/v2\/media?parent=12808"}],"wp:term":[{"taxonomy":"product_featurescat","embeddable":true,"href":"https:\/\/www.doucesangevines.com\/en\/wp-json\/wp\/v2\/product_featurescat?post=12808"},{"taxonomy":"product_brand","embeddable":true,"href":"https:\/\/www.doucesangevines.com\/en\/wp-json\/wp\/v2\/product_brand?post=12808"},{"taxonomy":"product_cat","embeddable":true,"href":"https:\/\/www.doucesangevines.com\/en\/wp-json\/wp\/v2\/product_cat?post=12808"},{"taxonomy":"product_tag","embeddable":true,"href":"https:\/\/www.doucesangevines.com\/en\/wp-json\/wp\/v2\/product_tag?post=12808"}],"curies":[{"name":"wp","href":"https:\/\/api.w.org\/{rel}","templated":true}]}}