{"id":13959,"date":"2024-06-21T07:22:42","date_gmt":"2024-06-21T06:22:42","guid":{"rendered":"https:\/\/www.doucesangevines.com\/?post_type=product&#038;p=13959"},"modified":"2026-03-10T12:10:59","modified_gmt":"2026-03-10T11:10:59","slug":"rosa-mystica-lotion-beaute-visage","status":"publish","type":"product","link":"https:\/\/www.doucesangevines.com\/en\/product\/rosa-mystica-lotion-beaute-visage\/","title":{"rendered":"Rosa Mystica \u2013 New formula"},"content":{"rendered":"<div class=\"wpb-content-wrapper\"><div data-parent=\"true\" class=\"vc_row row-container\" id=\"row-unique-0\"><div class=\"row limit-width row-parent\"><div class=\"wpb_row row-inner\"><div class=\"wpb_column pos-top pos-center align_left column_parent col-lg-12 single-internal-gutter\"><div class=\"uncol style-light\"  ><div class=\"uncoltable\"><div class=\"uncell no-block-padding\" ><div class=\"uncont\"><div class=\"uncode_text_column\" ><p>Plant friends generously offer their virtues and their precious actions:<\/p>\n<p>Damask rose water soothes and brightens the skin, while geranium hydrosol adds a toning and refreshing note.<br \/>\nAn ally for sensitive and mature skin, regenerating, the rose represents the quintessence of flowers and offers a wide range of benefits for the skin. Its action is enhanced here by the presence of Centifolia roses from our garden in a very light alcohol extract.<\/p>\n<p>Bushman Candle has regenerating and moisturising properties and has a positive effect on blood and lymphatic drainage. Its warm, sweet notes bring joy and calm.<\/p>\n<p>Sweet sandalwood has circulatory, revitalising and tissue-regenerating properties.<\/p>\n<p>Rosewood essential oil offers purifying qualities, and its feminine freshness invites emotional harmony.<\/p>\n<p>\n<\/div><\/div><\/div><\/div><\/div><\/div><script id=\"script-row-unique-0\" data-row=\"script-row-unique-0\" type=\"text\/javascript\" class=\"vc_controls\">UNCODE.initRow(document.getElementById(\"row-unique-0\"));<\/script><\/div><\/div><\/div>\n<\/div>","protected":false},"excerpt":{"rendered":"<p>This divine lotion energises the skin, illuminates and enhances the complexion. Enriched with rose and surrounded by beneficial plants with regenerating properties, it helps the skin regain its vitality and reveal its full radiance.<\/p>","protected":false},"featured_media":21760,"template":"","meta":{"_acf_changed":false},"product_featurescat":[186],"product_brand":[],"product_cat":[95],"product_tag":[],"class_list":{"0":"post-13959","1":"product","2":"type-product","3":"status-publish","4":"has-post-thumbnail","6":"product_featurescat-gamme-jeunesse-eclat","7":"product_cat-visage","8":"pa_collections-soins-divins","9":"pa_preoccupation-visage-eclat","10":"pa_preoccupation-visage-fermete","11":"pa_type-de-soin-lotion-visage","13":"first","14":"instock","15":"taxable","16":"shipping-taxable","17":"purchasable","18":"product-type-simple"},"acf":[],"yoast_head":"<!-- This site is optimized with the Yoast SEO plugin v27.4 - https:\/\/yoast.com\/product\/yoast-seo-wordpress\/ -->\n<title>Rosa Mystica - Nouvelle formule ! - Douces Angevines<\/title>\n<meta name=\"description\" content=\"Cette lotion divine tonifie la peau et magnifie le teint. Port\u00e9e par la rose, elle invite la peau \u00e0 retrouver sa vitalit\u00e9 et \u00e0 r\u00e9v\u00e9ler tout son \u00e9clat.\" \/>\n<meta name=\"robots\" content=\"index, follow, max-snippet:-1, max-image-preview:large, max-video-preview:-1\" \/>\n<link rel=\"canonical\" href=\"https:\/\/www.doucesangevines.com\/en\/product\/rosa-mystica-lotion-beaute-visage\/\" \/>\n<meta property=\"og:locale\" content=\"en_GB\" \/>\n<meta property=\"og:type\" content=\"article\" \/>\n<meta property=\"og:title\" content=\"Rosa Mystica - Nouvelle formule ! - Douces Angevines\" \/>\n<meta property=\"og:description\" content=\"Cette lotion divine tonifie la peau et magnifie le teint. Port\u00e9e par la rose, elle invite la peau \u00e0 retrouver sa vitalit\u00e9 et \u00e0 r\u00e9v\u00e9ler tout son \u00e9clat.\" \/>\n<meta property=\"og:url\" content=\"https:\/\/www.doucesangevines.com\/en\/product\/rosa-mystica-lotion-beaute-visage\/\" \/>\n<meta property=\"og:site_name\" content=\"Douces Angevines\" \/>\n<meta property=\"article:publisher\" content=\"https:\/\/fr-fr.facebook.com\/doucesangevines\/\" \/>\n<meta property=\"article:modified_time\" content=\"2026-03-10T11:10:59+00:00\" \/>\n<meta property=\"og:image\" content=\"https:\/\/www.doucesangevines.com\/wp-content\/uploads\/2024\/06\/Packshot-rosa-Mystica-site-web_.png\" \/>\n\t<meta property=\"og:image:width\" content=\"1132\" \/>\n\t<meta property=\"og:image:height\" content=\"1132\" \/>\n\t<meta property=\"og:image:type\" content=\"image\/png\" \/>\n<meta name=\"twitter:card\" content=\"summary_large_image\" \/>\n<meta name=\"twitter:label1\" content=\"Estimated reading time\" \/>\n\t<meta name=\"twitter:data1\" content=\"1 minute\" \/>\n<script type=\"application\/ld+json\" class=\"yoast-schema-graph\">{\"@context\":\"https:\\\/\\\/schema.org\",\"@graph\":[{\"@type\":\"WebPage\",\"@id\":\"https:\\\/\\\/www.doucesangevines.com\\\/produit\\\/rosa-mystica-lotion-beaute-visage\\\/\",\"url\":\"https:\\\/\\\/www.doucesangevines.com\\\/produit\\\/rosa-mystica-lotion-beaute-visage\\\/\",\"name\":\"Rosa Mystica - Nouvelle formule ! - Douces Angevines\",\"isPartOf\":{\"@id\":\"https:\\\/\\\/www.doucesangevines.com\\\/#website\"},\"primaryImageOfPage\":{\"@id\":\"https:\\\/\\\/www.doucesangevines.com\\\/produit\\\/rosa-mystica-lotion-beaute-visage\\\/#primaryimage\"},\"image\":{\"@id\":\"https:\\\/\\\/www.doucesangevines.com\\\/produit\\\/rosa-mystica-lotion-beaute-visage\\\/#primaryimage\"},\"thumbnailUrl\":\"https:\\\/\\\/www.doucesangevines.com\\\/wp-content\\\/uploads\\\/2024\\\/06\\\/Packshot-rosa-Mystica-site-web_.png\",\"datePublished\":\"2024-06-21T06:22:42+00:00\",\"dateModified\":\"2026-03-10T11:10:59+00:00\",\"description\":\"Cette lotion divine tonifie la peau et magnifie le teint. Port\u00e9e par la rose, elle invite la peau \u00e0 retrouver sa vitalit\u00e9 et \u00e0 r\u00e9v\u00e9ler tout son \u00e9clat.\",\"breadcrumb\":{\"@id\":\"https:\\\/\\\/www.doucesangevines.com\\\/produit\\\/rosa-mystica-lotion-beaute-visage\\\/#breadcrumb\"},\"inLanguage\":\"en-GB\",\"potentialAction\":[{\"@type\":\"ReadAction\",\"target\":[\"https:\\\/\\\/www.doucesangevines.com\\\/produit\\\/rosa-mystica-lotion-beaute-visage\\\/\"]}]},{\"@type\":\"ImageObject\",\"inLanguage\":\"en-GB\",\"@id\":\"https:\\\/\\\/www.doucesangevines.com\\\/produit\\\/rosa-mystica-lotion-beaute-visage\\\/#primaryimage\",\"url\":\"https:\\\/\\\/www.doucesangevines.com\\\/wp-content\\\/uploads\\\/2024\\\/06\\\/Packshot-rosa-Mystica-site-web_.png\",\"contentUrl\":\"https:\\\/\\\/www.doucesangevines.com\\\/wp-content\\\/uploads\\\/2024\\\/06\\\/Packshot-rosa-Mystica-site-web_.png\",\"width\":1132,\"height\":1132},{\"@type\":\"BreadcrumbList\",\"@id\":\"https:\\\/\\\/www.doucesangevines.com\\\/produit\\\/rosa-mystica-lotion-beaute-visage\\\/#breadcrumb\",\"itemListElement\":[{\"@type\":\"ListItem\",\"position\":1,\"name\":\"Accueil\",\"item\":\"https:\\\/\\\/www.doucesangevines.com\\\/\"},{\"@type\":\"ListItem\",\"position\":2,\"name\":\"Boutique\",\"item\":\"https:\\\/\\\/www.doucesangevines.com\\\/boutique\\\/\"},{\"@type\":\"ListItem\",\"position\":3,\"name\":\"Rosa Mystica &#8211; Nouvelle formule !\"}]},{\"@type\":\"WebSite\",\"@id\":\"https:\\\/\\\/www.doucesangevines.com\\\/#website\",\"url\":\"https:\\\/\\\/www.doucesangevines.com\\\/\",\"name\":\"Douces Angevines\",\"description\":\"Femmes Herboristes de Beaut\u00e9\",\"publisher\":{\"@id\":\"https:\\\/\\\/www.doucesangevines.com\\\/#organization\"},\"potentialAction\":[{\"@type\":\"SearchAction\",\"target\":{\"@type\":\"EntryPoint\",\"urlTemplate\":\"https:\\\/\\\/www.doucesangevines.com\\\/?s={search_term_string}\"},\"query-input\":{\"@type\":\"PropertyValueSpecification\",\"valueRequired\":true,\"valueName\":\"search_term_string\"}}],\"inLanguage\":\"en-GB\"},{\"@type\":\"Organization\",\"@id\":\"https:\\\/\\\/www.doucesangevines.com\\\/#organization\",\"name\":\"Douces Angevines\",\"url\":\"https:\\\/\\\/www.doucesangevines.com\\\/\",\"logo\":{\"@type\":\"ImageObject\",\"inLanguage\":\"en-GB\",\"@id\":\"https:\\\/\\\/www.doucesangevines.com\\\/#\\\/schema\\\/logo\\\/image\\\/\",\"url\":\"https:\\\/\\\/www.doucesangevines.com\\\/wp-content\\\/uploads\\\/2022\\\/02\\\/douces-angevines-logo-2025.svg\",\"contentUrl\":\"https:\\\/\\\/www.doucesangevines.com\\\/wp-content\\\/uploads\\\/2022\\\/02\\\/douces-angevines-logo-2025.svg\",\"caption\":\"Douces Angevines\"},\"image\":{\"@id\":\"https:\\\/\\\/www.doucesangevines.com\\\/#\\\/schema\\\/logo\\\/image\\\/\"},\"sameAs\":[\"https:\\\/\\\/fr-fr.facebook.com\\\/doucesangevines\\\/\",\"https:\\\/\\\/www.instagram.com\\\/doucesangevines\\\/\",\"https:\\\/\\\/www.youtube.com\\\/channel\\\/UCcbJc6Om9b7IZDHWj-osu6w\"]}]}<\/script>\n<!-- \/ Yoast SEO plugin. -->","yoast_head_json":{"title":"Rosa Mystica - Nouvelle formule ! - Douces Angevines","description":"Cette lotion divine tonifie la peau et magnifie le teint. Port\u00e9e par la rose, elle invite la peau \u00e0 retrouver sa vitalit\u00e9 et \u00e0 r\u00e9v\u00e9ler tout son \u00e9clat.","robots":{"index":"index","follow":"follow","max-snippet":"max-snippet:-1","max-image-preview":"max-image-preview:large","max-video-preview":"max-video-preview:-1"},"canonical":"https:\/\/www.doucesangevines.com\/en\/product\/rosa-mystica-lotion-beaute-visage\/","og_locale":"en_GB","og_type":"article","og_title":"Rosa Mystica - Nouvelle formule ! - Douces Angevines","og_description":"Cette lotion divine tonifie la peau et magnifie le teint. Port\u00e9e par la rose, elle invite la peau \u00e0 retrouver sa vitalit\u00e9 et \u00e0 r\u00e9v\u00e9ler tout son \u00e9clat.","og_url":"https:\/\/www.doucesangevines.com\/en\/product\/rosa-mystica-lotion-beaute-visage\/","og_site_name":"Douces Angevines","article_publisher":"https:\/\/fr-fr.facebook.com\/doucesangevines\/","article_modified_time":"2026-03-10T11:10:59+00:00","og_image":[{"width":1132,"height":1132,"url":"https:\/\/www.doucesangevines.com\/wp-content\/uploads\/2024\/06\/Packshot-rosa-Mystica-site-web_.png","type":"image\/png"}],"twitter_card":"summary_large_image","twitter_misc":{"Estimated reading time":"1 minute"},"schema":{"@context":"https:\/\/schema.org","@graph":[{"@type":"WebPage","@id":"https:\/\/www.doucesangevines.com\/produit\/rosa-mystica-lotion-beaute-visage\/","url":"https:\/\/www.doucesangevines.com\/produit\/rosa-mystica-lotion-beaute-visage\/","name":"Rosa Mystica - Nouvelle formule ! - Douces Angevines","isPartOf":{"@id":"https:\/\/www.doucesangevines.com\/#website"},"primaryImageOfPage":{"@id":"https:\/\/www.doucesangevines.com\/produit\/rosa-mystica-lotion-beaute-visage\/#primaryimage"},"image":{"@id":"https:\/\/www.doucesangevines.com\/produit\/rosa-mystica-lotion-beaute-visage\/#primaryimage"},"thumbnailUrl":"https:\/\/www.doucesangevines.com\/wp-content\/uploads\/2024\/06\/Packshot-rosa-Mystica-site-web_.png","datePublished":"2024-06-21T06:22:42+00:00","dateModified":"2026-03-10T11:10:59+00:00","description":"Cette lotion divine tonifie la peau et magnifie le teint. Port\u00e9e par la rose, elle invite la peau \u00e0 retrouver sa vitalit\u00e9 et \u00e0 r\u00e9v\u00e9ler tout son \u00e9clat.","breadcrumb":{"@id":"https:\/\/www.doucesangevines.com\/produit\/rosa-mystica-lotion-beaute-visage\/#breadcrumb"},"inLanguage":"en-GB","potentialAction":[{"@type":"ReadAction","target":["https:\/\/www.doucesangevines.com\/produit\/rosa-mystica-lotion-beaute-visage\/"]}]},{"@type":"ImageObject","inLanguage":"en-GB","@id":"https:\/\/www.doucesangevines.com\/produit\/rosa-mystica-lotion-beaute-visage\/#primaryimage","url":"https:\/\/www.doucesangevines.com\/wp-content\/uploads\/2024\/06\/Packshot-rosa-Mystica-site-web_.png","contentUrl":"https:\/\/www.doucesangevines.com\/wp-content\/uploads\/2024\/06\/Packshot-rosa-Mystica-site-web_.png","width":1132,"height":1132},{"@type":"BreadcrumbList","@id":"https:\/\/www.doucesangevines.com\/produit\/rosa-mystica-lotion-beaute-visage\/#breadcrumb","itemListElement":[{"@type":"ListItem","position":1,"name":"Accueil","item":"https:\/\/www.doucesangevines.com\/"},{"@type":"ListItem","position":2,"name":"Boutique","item":"https:\/\/www.doucesangevines.com\/boutique\/"},{"@type":"ListItem","position":3,"name":"Rosa Mystica &#8211; Nouvelle formule !"}]},{"@type":"WebSite","@id":"https:\/\/www.doucesangevines.com\/#website","url":"https:\/\/www.doucesangevines.com\/","name":"Douces Angevines","description":"Women Beauty Herbalists","publisher":{"@id":"https:\/\/www.doucesangevines.com\/#organization"},"potentialAction":[{"@type":"SearchAction","target":{"@type":"EntryPoint","urlTemplate":"https:\/\/www.doucesangevines.com\/?s={search_term_string}"},"query-input":{"@type":"PropertyValueSpecification","valueRequired":true,"valueName":"search_term_string"}}],"inLanguage":"en-GB"},{"@type":"Organization","@id":"https:\/\/www.doucesangevines.com\/#organization","name":"Douces Angevines","url":"https:\/\/www.doucesangevines.com\/","logo":{"@type":"ImageObject","inLanguage":"en-GB","@id":"https:\/\/www.doucesangevines.com\/#\/schema\/logo\/image\/","url":"https:\/\/www.doucesangevines.com\/wp-content\/uploads\/2022\/02\/douces-angevines-logo-2025.svg","contentUrl":"https:\/\/www.doucesangevines.com\/wp-content\/uploads\/2022\/02\/douces-angevines-logo-2025.svg","caption":"Douces Angevines"},"image":{"@id":"https:\/\/www.doucesangevines.com\/#\/schema\/logo\/image\/"},"sameAs":["https:\/\/fr-fr.facebook.com\/doucesangevines\/","https:\/\/www.instagram.com\/doucesangevines\/","https:\/\/www.youtube.com\/channel\/UCcbJc6Om9b7IZDHWj-osu6w"]}]}},"_links":{"self":[{"href":"https:\/\/www.doucesangevines.com\/en\/wp-json\/wp\/v2\/product\/13959","targetHints":{"allow":["GET"]}}],"collection":[{"href":"https:\/\/www.doucesangevines.com\/en\/wp-json\/wp\/v2\/product"}],"about":[{"href":"https:\/\/www.doucesangevines.com\/en\/wp-json\/wp\/v2\/types\/product"}],"wp:featuredmedia":[{"embeddable":true,"href":"https:\/\/www.doucesangevines.com\/en\/wp-json\/wp\/v2\/media\/21760"}],"wp:attachment":[{"href":"https:\/\/www.doucesangevines.com\/en\/wp-json\/wp\/v2\/media?parent=13959"}],"wp:term":[{"taxonomy":"product_featurescat","embeddable":true,"href":"https:\/\/www.doucesangevines.com\/en\/wp-json\/wp\/v2\/product_featurescat?post=13959"},{"taxonomy":"product_brand","embeddable":true,"href":"https:\/\/www.doucesangevines.com\/en\/wp-json\/wp\/v2\/product_brand?post=13959"},{"taxonomy":"product_cat","embeddable":true,"href":"https:\/\/www.doucesangevines.com\/en\/wp-json\/wp\/v2\/product_cat?post=13959"},{"taxonomy":"product_tag","embeddable":true,"href":"https:\/\/www.doucesangevines.com\/en\/wp-json\/wp\/v2\/product_tag?post=13959"}],"curies":[{"name":"wp","href":"https:\/\/api.w.org\/{rel}","templated":true}]}}