{"id":15567,"date":"2024-10-29T15:34:17","date_gmt":"2024-10-29T14:34:17","guid":{"rendered":"https:\/\/www.doucesangevines.com\/?post_type=product&#038;p=15567"},"modified":"2026-01-07T09:45:05","modified_gmt":"2026-01-07T08:45:05","slug":"coffret-lamour-aux-trois-oranges","status":"publish","type":"product","link":"https:\/\/www.doucesangevines.com\/en\/product\/coffret-lamour-aux-trois-oranges\/","title":{"rendered":"Coffret L&#8217;Amour aux trois Oranges"},"content":{"rendered":"<p>Of a holistic nature, the 4 Harmonics take care of your skin while harmonizing your mind through the action of their fragrance.<br \/>\nRetrouvez toute la tendresse d&#8217;un d\u00e9licieux jardin d&#8217;hesp\u00e9rides dans ce coffret d\u00e9di\u00e9 \u00e0 l&#8217;Harmonique n\u00b02 &#8211; Anti stress, L&#8217;Amour aux trois Oranges.<br \/>\nDans ce coffret d\u00e9couvrez le savon (100gr), l&#8217;eau de toilette (format 15 ml), et le fluide nourrissant pour le corps (format 15 ml) assortis.<\/p>\n<div id=\"sconnect-is-installed\" style=\"display: none;\">2.15.1.0<\/div>","protected":false},"excerpt":{"rendered":"<p>Of a holistic nature, the 4 Harmonics take care of your skin while harmonizing your mind through the action of their fragrance.<br \/>\nRetrouvez toute la tendresse d&#8217;un d\u00e9licieux jardin d&#8217;hesp\u00e9rides dans ce coffret d\u00e9di\u00e9 \u00e0 l&#8217;Harmonique n\u00b02 &#8211; Anti stress : L&#8217;Amour aux trois Oranges.<\/p>\n<p>Dans ce coffret d\u00e9couvrez le savon (100gr), l&#8217;eau de toilette (format 15 ml), et le fluide nourrissant pour le corps (format 15 ml) assortis.<\/p>\n<div id=\"sconnect-is-installed\" style=\"display: none;\">2.15.1.0<\/div>","protected":false},"featured_media":15576,"template":"","meta":{"_acf_changed":false},"product_featurescat":[],"product_brand":[],"product_cat":[96],"product_tag":[192],"class_list":{"0":"post-15567","1":"product","2":"type-product","3":"status-publish","4":"has-post-thumbnail","6":"product_cat-corps","7":"product_tag-cadeaux","8":"pa_collections-les-4-harmoniques","10":"first","11":"instock","12":"taxable","13":"shipping-taxable","14":"purchasable","15":"product-type-simple"},"acf":[],"yoast_head":"<!-- This site is optimized with the Yoast SEO plugin v27.6 - https:\/\/yoast.com\/product\/yoast-seo-wordpress\/ -->\n<title>Coffret L&#039;Amour aux trois Oranges - Douces Angevines<\/title>\n<meta name=\"robots\" content=\"index, follow, max-snippet:-1, max-image-preview:large, max-video-preview:-1\" \/>\n<link rel=\"canonical\" href=\"https:\/\/www.doucesangevines.com\/en\/product\/coffret-lamour-aux-trois-oranges\/\" \/>\n<meta property=\"og:locale\" content=\"en_GB\" \/>\n<meta property=\"og:type\" content=\"article\" \/>\n<meta property=\"og:title\" content=\"Coffret L&#039;Amour aux trois Oranges - Douces Angevines\" \/>\n<meta property=\"og:description\" content=\"De nature holistique, les 4 Harmoniques prennent soin de votre peau tout en harmonisant votre esprit par l&#039;action de leur parfum. Retrouvez toute la tendresse d&#039;un d\u00e9licieux jardin d&#039;hesp\u00e9rides dans ce coffret d\u00e9di\u00e9 \u00e0 l&#039;Harmonique n\u00b02 - Anti stress : L&#039;Amour aux trois Oranges.  Dans ce coffret d\u00e9couvrez le savon (100gr), l&#039;eau de toilette (format 15 ml), et le fluide nourrissant pour le corps (format 15 ml) assortis. 2.15.1.0\" \/>\n<meta property=\"og:url\" content=\"https:\/\/www.doucesangevines.com\/en\/product\/coffret-lamour-aux-trois-oranges\/\" \/>\n<meta property=\"og:site_name\" content=\"Douces Angevines\" \/>\n<meta property=\"article:publisher\" content=\"https:\/\/fr-fr.facebook.com\/doucesangevines\/\" \/>\n<meta property=\"article:modified_time\" content=\"2026-01-07T08:45:05+00:00\" \/>\n<meta property=\"og:image\" content=\"https:\/\/www.doucesangevines.com\/wp-content\/uploads\/2024\/10\/Coffret-Amour-aux-trois-Oranges-1.png\" \/>\n\t<meta property=\"og:image:width\" content=\"1132\" \/>\n\t<meta property=\"og:image:height\" content=\"1132\" \/>\n\t<meta property=\"og:image:type\" content=\"image\/png\" \/>\n<meta name=\"twitter:card\" content=\"summary_large_image\" \/>\n<meta name=\"twitter:label1\" content=\"Estimated reading time\" \/>\n\t<meta name=\"twitter:data1\" content=\"1 minute\" \/>\n<script type=\"application\/ld+json\" class=\"yoast-schema-graph\">{\"@context\":\"https:\\\/\\\/schema.org\",\"@graph\":[{\"@type\":\"WebPage\",\"@id\":\"https:\\\/\\\/www.doucesangevines.com\\\/produit\\\/coffret-lamour-aux-trois-oranges\\\/\",\"url\":\"https:\\\/\\\/www.doucesangevines.com\\\/produit\\\/coffret-lamour-aux-trois-oranges\\\/\",\"name\":\"Coffret L'Amour aux trois Oranges - Douces Angevines\",\"isPartOf\":{\"@id\":\"https:\\\/\\\/www.doucesangevines.com\\\/#website\"},\"primaryImageOfPage\":{\"@id\":\"https:\\\/\\\/www.doucesangevines.com\\\/produit\\\/coffret-lamour-aux-trois-oranges\\\/#primaryimage\"},\"image\":{\"@id\":\"https:\\\/\\\/www.doucesangevines.com\\\/produit\\\/coffret-lamour-aux-trois-oranges\\\/#primaryimage\"},\"thumbnailUrl\":\"https:\\\/\\\/www.doucesangevines.com\\\/wp-content\\\/uploads\\\/2024\\\/10\\\/Coffret-Amour-aux-trois-Oranges-1.png\",\"datePublished\":\"2024-10-29T14:34:17+00:00\",\"dateModified\":\"2026-01-07T08:45:05+00:00\",\"breadcrumb\":{\"@id\":\"https:\\\/\\\/www.doucesangevines.com\\\/produit\\\/coffret-lamour-aux-trois-oranges\\\/#breadcrumb\"},\"inLanguage\":\"en-GB\",\"potentialAction\":[{\"@type\":\"ReadAction\",\"target\":[\"https:\\\/\\\/www.doucesangevines.com\\\/produit\\\/coffret-lamour-aux-trois-oranges\\\/\"]}]},{\"@type\":\"ImageObject\",\"inLanguage\":\"en-GB\",\"@id\":\"https:\\\/\\\/www.doucesangevines.com\\\/produit\\\/coffret-lamour-aux-trois-oranges\\\/#primaryimage\",\"url\":\"https:\\\/\\\/www.doucesangevines.com\\\/wp-content\\\/uploads\\\/2024\\\/10\\\/Coffret-Amour-aux-trois-Oranges-1.png\",\"contentUrl\":\"https:\\\/\\\/www.doucesangevines.com\\\/wp-content\\\/uploads\\\/2024\\\/10\\\/Coffret-Amour-aux-trois-Oranges-1.png\",\"width\":1132,\"height\":1132,\"caption\":\"Coffret L'Amour aux trois Oranges : savon, eau de toilette et fluide pour le corps\"},{\"@type\":\"BreadcrumbList\",\"@id\":\"https:\\\/\\\/www.doucesangevines.com\\\/produit\\\/coffret-lamour-aux-trois-oranges\\\/#breadcrumb\",\"itemListElement\":[{\"@type\":\"ListItem\",\"position\":1,\"name\":\"Accueil\",\"item\":\"https:\\\/\\\/www.doucesangevines.com\\\/\"},{\"@type\":\"ListItem\",\"position\":2,\"name\":\"Boutique\",\"item\":\"https:\\\/\\\/www.doucesangevines.com\\\/boutique\\\/\"},{\"@type\":\"ListItem\",\"position\":3,\"name\":\"Coffret L&#8217;Amour aux trois Oranges\"}]},{\"@type\":\"WebSite\",\"@id\":\"https:\\\/\\\/www.doucesangevines.com\\\/#website\",\"url\":\"https:\\\/\\\/www.doucesangevines.com\\\/\",\"name\":\"Douces Angevines\",\"description\":\"Femmes Herboristes de Beaut\u00e9\",\"publisher\":{\"@id\":\"https:\\\/\\\/www.doucesangevines.com\\\/#organization\"},\"potentialAction\":[{\"@type\":\"SearchAction\",\"target\":{\"@type\":\"EntryPoint\",\"urlTemplate\":\"https:\\\/\\\/www.doucesangevines.com\\\/?s={search_term_string}\"},\"query-input\":{\"@type\":\"PropertyValueSpecification\",\"valueRequired\":true,\"valueName\":\"search_term_string\"}}],\"inLanguage\":\"en-GB\"},{\"@type\":\"Organization\",\"@id\":\"https:\\\/\\\/www.doucesangevines.com\\\/#organization\",\"name\":\"Douces Angevines\",\"url\":\"https:\\\/\\\/www.doucesangevines.com\\\/\",\"logo\":{\"@type\":\"ImageObject\",\"inLanguage\":\"en-GB\",\"@id\":\"https:\\\/\\\/www.doucesangevines.com\\\/#\\\/schema\\\/logo\\\/image\\\/\",\"url\":\"https:\\\/\\\/www.doucesangevines.com\\\/wp-content\\\/uploads\\\/2022\\\/02\\\/douces-angevines-logo-2025.svg\",\"contentUrl\":\"https:\\\/\\\/www.doucesangevines.com\\\/wp-content\\\/uploads\\\/2022\\\/02\\\/douces-angevines-logo-2025.svg\",\"caption\":\"Douces Angevines\"},\"image\":{\"@id\":\"https:\\\/\\\/www.doucesangevines.com\\\/#\\\/schema\\\/logo\\\/image\\\/\"},\"sameAs\":[\"https:\\\/\\\/fr-fr.facebook.com\\\/doucesangevines\\\/\",\"https:\\\/\\\/www.instagram.com\\\/doucesangevines\\\/\",\"https:\\\/\\\/www.youtube.com\\\/channel\\\/UCcbJc6Om9b7IZDHWj-osu6w\"]}]}<\/script>\n<!-- \/ Yoast SEO plugin. -->","yoast_head_json":{"title":"Coffret L'Amour aux trois Oranges - Douces Angevines","robots":{"index":"index","follow":"follow","max-snippet":"max-snippet:-1","max-image-preview":"max-image-preview:large","max-video-preview":"max-video-preview:-1"},"canonical":"https:\/\/www.doucesangevines.com\/en\/product\/coffret-lamour-aux-trois-oranges\/","og_locale":"en_GB","og_type":"article","og_title":"Coffret L'Amour aux trois Oranges - Douces Angevines","og_description":"De nature holistique, les 4 Harmoniques prennent soin de votre peau tout en harmonisant votre esprit par l'action de leur parfum. Retrouvez toute la tendresse d'un d\u00e9licieux jardin d'hesp\u00e9rides dans ce coffret d\u00e9di\u00e9 \u00e0 l'Harmonique n\u00b02 - Anti stress : L'Amour aux trois Oranges.  Dans ce coffret d\u00e9couvrez le savon (100gr), l'eau de toilette (format 15 ml), et le fluide nourrissant pour le corps (format 15 ml) assortis. 2.15.1.0","og_url":"https:\/\/www.doucesangevines.com\/en\/product\/coffret-lamour-aux-trois-oranges\/","og_site_name":"Douces Angevines","article_publisher":"https:\/\/fr-fr.facebook.com\/doucesangevines\/","article_modified_time":"2026-01-07T08:45:05+00:00","og_image":[{"width":1132,"height":1132,"url":"https:\/\/www.doucesangevines.com\/wp-content\/uploads\/2024\/10\/Coffret-Amour-aux-trois-Oranges-1.png","type":"image\/png"}],"twitter_card":"summary_large_image","twitter_misc":{"Estimated reading time":"1 minute"},"schema":{"@context":"https:\/\/schema.org","@graph":[{"@type":"WebPage","@id":"https:\/\/www.doucesangevines.com\/produit\/coffret-lamour-aux-trois-oranges\/","url":"https:\/\/www.doucesangevines.com\/produit\/coffret-lamour-aux-trois-oranges\/","name":"Coffret L'Amour aux trois Oranges - Douces Angevines","isPartOf":{"@id":"https:\/\/www.doucesangevines.com\/#website"},"primaryImageOfPage":{"@id":"https:\/\/www.doucesangevines.com\/produit\/coffret-lamour-aux-trois-oranges\/#primaryimage"},"image":{"@id":"https:\/\/www.doucesangevines.com\/produit\/coffret-lamour-aux-trois-oranges\/#primaryimage"},"thumbnailUrl":"https:\/\/www.doucesangevines.com\/wp-content\/uploads\/2024\/10\/Coffret-Amour-aux-trois-Oranges-1.png","datePublished":"2024-10-29T14:34:17+00:00","dateModified":"2026-01-07T08:45:05+00:00","breadcrumb":{"@id":"https:\/\/www.doucesangevines.com\/produit\/coffret-lamour-aux-trois-oranges\/#breadcrumb"},"inLanguage":"en-GB","potentialAction":[{"@type":"ReadAction","target":["https:\/\/www.doucesangevines.com\/produit\/coffret-lamour-aux-trois-oranges\/"]}]},{"@type":"ImageObject","inLanguage":"en-GB","@id":"https:\/\/www.doucesangevines.com\/produit\/coffret-lamour-aux-trois-oranges\/#primaryimage","url":"https:\/\/www.doucesangevines.com\/wp-content\/uploads\/2024\/10\/Coffret-Amour-aux-trois-Oranges-1.png","contentUrl":"https:\/\/www.doucesangevines.com\/wp-content\/uploads\/2024\/10\/Coffret-Amour-aux-trois-Oranges-1.png","width":1132,"height":1132,"caption":"Coffret L'Amour aux trois Oranges : savon, eau de toilette et fluide pour le corps"},{"@type":"BreadcrumbList","@id":"https:\/\/www.doucesangevines.com\/produit\/coffret-lamour-aux-trois-oranges\/#breadcrumb","itemListElement":[{"@type":"ListItem","position":1,"name":"Accueil","item":"https:\/\/www.doucesangevines.com\/"},{"@type":"ListItem","position":2,"name":"Boutique","item":"https:\/\/www.doucesangevines.com\/boutique\/"},{"@type":"ListItem","position":3,"name":"Coffret L&#8217;Amour aux trois Oranges"}]},{"@type":"WebSite","@id":"https:\/\/www.doucesangevines.com\/#website","url":"https:\/\/www.doucesangevines.com\/","name":"Douces Angevines","description":"Women Beauty Herbalists","publisher":{"@id":"https:\/\/www.doucesangevines.com\/#organization"},"potentialAction":[{"@type":"SearchAction","target":{"@type":"EntryPoint","urlTemplate":"https:\/\/www.doucesangevines.com\/?s={search_term_string}"},"query-input":{"@type":"PropertyValueSpecification","valueRequired":true,"valueName":"search_term_string"}}],"inLanguage":"en-GB"},{"@type":"Organization","@id":"https:\/\/www.doucesangevines.com\/#organization","name":"Douces Angevines","url":"https:\/\/www.doucesangevines.com\/","logo":{"@type":"ImageObject","inLanguage":"en-GB","@id":"https:\/\/www.doucesangevines.com\/#\/schema\/logo\/image\/","url":"https:\/\/www.doucesangevines.com\/wp-content\/uploads\/2022\/02\/douces-angevines-logo-2025.svg","contentUrl":"https:\/\/www.doucesangevines.com\/wp-content\/uploads\/2022\/02\/douces-angevines-logo-2025.svg","caption":"Douces Angevines"},"image":{"@id":"https:\/\/www.doucesangevines.com\/#\/schema\/logo\/image\/"},"sameAs":["https:\/\/fr-fr.facebook.com\/doucesangevines\/","https:\/\/www.instagram.com\/doucesangevines\/","https:\/\/www.youtube.com\/channel\/UCcbJc6Om9b7IZDHWj-osu6w"]}]}},"_links":{"self":[{"href":"https:\/\/www.doucesangevines.com\/en\/wp-json\/wp\/v2\/product\/15567","targetHints":{"allow":["GET"]}}],"collection":[{"href":"https:\/\/www.doucesangevines.com\/en\/wp-json\/wp\/v2\/product"}],"about":[{"href":"https:\/\/www.doucesangevines.com\/en\/wp-json\/wp\/v2\/types\/product"}],"wp:featuredmedia":[{"embeddable":true,"href":"https:\/\/www.doucesangevines.com\/en\/wp-json\/wp\/v2\/media\/15576"}],"wp:attachment":[{"href":"https:\/\/www.doucesangevines.com\/en\/wp-json\/wp\/v2\/media?parent=15567"}],"wp:term":[{"taxonomy":"product_featurescat","embeddable":true,"href":"https:\/\/www.doucesangevines.com\/en\/wp-json\/wp\/v2\/product_featurescat?post=15567"},{"taxonomy":"product_brand","embeddable":true,"href":"https:\/\/www.doucesangevines.com\/en\/wp-json\/wp\/v2\/product_brand?post=15567"},{"taxonomy":"product_cat","embeddable":true,"href":"https:\/\/www.doucesangevines.com\/en\/wp-json\/wp\/v2\/product_cat?post=15567"},{"taxonomy":"product_tag","embeddable":true,"href":"https:\/\/www.doucesangevines.com\/en\/wp-json\/wp\/v2\/product_tag?post=15567"}],"curies":[{"name":"wp","href":"https:\/\/api.w.org\/{rel}","templated":true}]}}