{"id":17526,"date":"2025-03-24T13:07:23","date_gmt":"2025-03-24T12:07:23","guid":{"rendered":"https:\/\/www.doucesangevines.com\/produit\/carte-cadeau\/"},"modified":"2025-12-18T14:33:36","modified_gmt":"2025-12-18T13:33:36","slug":"carte-cadeau","status":"publish","type":"product","link":"https:\/\/www.doucesangevines.com\/en\/product\/carte-cadeau\/","title":{"rendered":"Gift Card"},"content":{"rendered":"<div class=\"wpb-content-wrapper\"><div data-parent=\"true\" class=\"vc_row row-container\" id=\"row-unique-0\"><div class=\"row limit-width row-parent\"><div class=\"wpb_row row-inner\"><div class=\"wpb_column pos-top pos-center align_left column_parent col-lg-12 single-internal-gutter\"><div class=\"uncol style-light\"  ><div class=\"uncoltable\"><div class=\"uncell no-block-padding\" ><div class=\"uncont\"><div class=\"uncode_text_column\" ><p>Offer the gift of well-being with our Douces Angevines gift card, an invitation to immerse yourself in a world of softness and serenity, for the greatest happiness of the skin. Whether for a birthday, a special occasion or simply to treat someone, this card allows you to share the essence of our beauty garden with your loved ones, while giving them the freedom to choose their favourite products.<\/p>\n<p>This card can be used multiple times and is valid exclusively on our website. A simple gesture, a wide range of treatments for all needs and desires, for moments of relaxation and beauty to be enjoyed to the fullest.<\/p>\n<\/div><\/div><\/div><\/div><\/div><\/div><script id=\"script-row-unique-0\" data-row=\"script-row-unique-0\" type=\"text\/javascript\" class=\"vc_controls\">UNCODE.initRow(document.getElementById(\"row-unique-0\"));<\/script><\/div><\/div><\/div>\n<\/div>","protected":false},"excerpt":{"rendered":"<p>Offer the gift of well-being with our Douces Angevines gift card, an invitation to immerse yourself in a world of softness and serenity, for the greatest happiness of the skin. Whether for a birthday, a special occasion or simply to treat someone, this card allows you to share the essence of our beauty garden with your loved ones, while giving them the freedom to choose their favourite products.<\/p>\n<p>This card can be used multiple times and is valid exclusively on our website. A simple gesture, a wide range of treatments for all needs and desires, for moments of relaxation and beauty to be enjoyed to the fullest.<\/p>","protected":false},"featured_media":21499,"template":"","meta":{"_acf_changed":false},"product_featurescat":[],"product_brand":[],"product_cat":[15],"product_tag":[190,191,192],"class_list":{"0":"post-17526","1":"product","2":"type-product","3":"status-publish","4":"has-post-thumbnail","6":"product_cat-uncategorized","7":"product_tag-favoris","8":"product_tag-de-saison","9":"product_tag-cadeaux","11":"first","12":"instock","13":"purchasable","14":"product-type-pw-gift-card"},"acf":[],"yoast_head":"<!-- This site is optimized with the Yoast SEO plugin v27.6 - https:\/\/yoast.com\/product\/yoast-seo-wordpress\/ -->\n<title>Carte Cadeau - Douces Angevines<\/title>\n<meta name=\"robots\" content=\"index, follow, max-snippet:-1, max-image-preview:large, max-video-preview:-1\" \/>\n<link rel=\"canonical\" href=\"https:\/\/www.doucesangevines.com\/en\/product\/carte-cadeau\/\" \/>\n<meta property=\"og:locale\" content=\"en_GB\" \/>\n<meta property=\"og:type\" content=\"article\" \/>\n<meta property=\"og:title\" content=\"Carte Cadeau - Douces Angevines\" \/>\n<meta property=\"og:description\" content=\"Offrez du bien-\u00eatre avec notre carte cadeau Douces Angevines, une invitation \u00e0 plonger dans un univers de douceur et de s\u00e9r\u00e9nit\u00e9, pour le plus grand bonheur de la peau. Que ce soit pour un anniversaire, une occasion sp\u00e9ciale ou simplement pour faire plaisir, cette carte vous permet de partager l\u2019essence de notre jardin de beaut\u00e9 avec vos proches, tout en leur offrant la libert\u00e9 de choisir leurs produits pr\u00e9f\u00e9r\u00e9s.  Utilisable en plusieurs fois, cette carte est valable exclusivement sur notre site web. Un geste simple, un large choix de soins pour tous les besoins et toutes les envies, pour des moments de d\u00e9tente et de beaut\u00e9 \u00e0 vivre pleinement.\" \/>\n<meta property=\"og:url\" content=\"https:\/\/www.doucesangevines.com\/en\/product\/carte-cadeau\/\" \/>\n<meta property=\"og:site_name\" content=\"Douces Angevines\" \/>\n<meta property=\"article:publisher\" content=\"https:\/\/fr-fr.facebook.com\/doucesangevines\/\" \/>\n<meta property=\"article:modified_time\" content=\"2025-12-18T13:33:36+00:00\" \/>\n<meta property=\"og:image\" content=\"https:\/\/www.doucesangevines.com\/wp-content\/uploads\/2025\/03\/Firefly_Gemini-Flash_en-gros-plan-une-imagel-de-nature-vegetale-en-arriere-plan-un-peu-flou-.-Tu-y-integre-140970.png\" \/>\n\t<meta property=\"og:image:width\" content=\"1184\" \/>\n\t<meta property=\"og:image:height\" content=\"864\" \/>\n\t<meta property=\"og:image:type\" content=\"image\/png\" \/>\n<meta name=\"twitter:card\" content=\"summary_large_image\" \/>\n<meta name=\"twitter:label1\" content=\"Estimated reading time\" \/>\n\t<meta name=\"twitter:data1\" content=\"1 minute\" \/>\n<script type=\"application\/ld+json\" class=\"yoast-schema-graph\">{\"@context\":\"https:\\\/\\\/schema.org\",\"@graph\":[{\"@type\":\"WebPage\",\"@id\":\"https:\\\/\\\/www.doucesangevines.com\\\/produit\\\/carte-cadeau\\\/\",\"url\":\"https:\\\/\\\/www.doucesangevines.com\\\/produit\\\/carte-cadeau\\\/\",\"name\":\"Carte Cadeau - Douces Angevines\",\"isPartOf\":{\"@id\":\"https:\\\/\\\/www.doucesangevines.com\\\/#website\"},\"primaryImageOfPage\":{\"@id\":\"https:\\\/\\\/www.doucesangevines.com\\\/produit\\\/carte-cadeau\\\/#primaryimage\"},\"image\":{\"@id\":\"https:\\\/\\\/www.doucesangevines.com\\\/produit\\\/carte-cadeau\\\/#primaryimage\"},\"thumbnailUrl\":\"https:\\\/\\\/www.doucesangevines.com\\\/wp-content\\\/uploads\\\/2025\\\/03\\\/Firefly_Gemini-Flash_en-gros-plan-une-imagel-de-nature-vegetale-en-arriere-plan-un-peu-flou-.-Tu-y-integre-140970.png\",\"datePublished\":\"2025-03-24T12:07:23+00:00\",\"dateModified\":\"2025-12-18T13:33:36+00:00\",\"breadcrumb\":{\"@id\":\"https:\\\/\\\/www.doucesangevines.com\\\/produit\\\/carte-cadeau\\\/#breadcrumb\"},\"inLanguage\":\"en-GB\",\"potentialAction\":[{\"@type\":\"ReadAction\",\"target\":[\"https:\\\/\\\/www.doucesangevines.com\\\/produit\\\/carte-cadeau\\\/\"]}]},{\"@type\":\"ImageObject\",\"inLanguage\":\"en-GB\",\"@id\":\"https:\\\/\\\/www.doucesangevines.com\\\/produit\\\/carte-cadeau\\\/#primaryimage\",\"url\":\"https:\\\/\\\/www.doucesangevines.com\\\/wp-content\\\/uploads\\\/2025\\\/03\\\/Firefly_Gemini-Flash_en-gros-plan-une-imagel-de-nature-vegetale-en-arriere-plan-un-peu-flou-.-Tu-y-integre-140970.png\",\"contentUrl\":\"https:\\\/\\\/www.doucesangevines.com\\\/wp-content\\\/uploads\\\/2025\\\/03\\\/Firefly_Gemini-Flash_en-gros-plan-une-imagel-de-nature-vegetale-en-arriere-plan-un-peu-flou-.-Tu-y-integre-140970.png\",\"width\":1184,\"height\":864},{\"@type\":\"BreadcrumbList\",\"@id\":\"https:\\\/\\\/www.doucesangevines.com\\\/produit\\\/carte-cadeau\\\/#breadcrumb\",\"itemListElement\":[{\"@type\":\"ListItem\",\"position\":1,\"name\":\"Accueil\",\"item\":\"https:\\\/\\\/www.doucesangevines.com\\\/\"},{\"@type\":\"ListItem\",\"position\":2,\"name\":\"Boutique\",\"item\":\"https:\\\/\\\/www.doucesangevines.com\\\/boutique\\\/\"},{\"@type\":\"ListItem\",\"position\":3,\"name\":\"Carte Cadeau\"}]},{\"@type\":\"WebSite\",\"@id\":\"https:\\\/\\\/www.doucesangevines.com\\\/#website\",\"url\":\"https:\\\/\\\/www.doucesangevines.com\\\/\",\"name\":\"Douces Angevines\",\"description\":\"Femmes Herboristes de Beaut\u00e9\",\"publisher\":{\"@id\":\"https:\\\/\\\/www.doucesangevines.com\\\/#organization\"},\"potentialAction\":[{\"@type\":\"SearchAction\",\"target\":{\"@type\":\"EntryPoint\",\"urlTemplate\":\"https:\\\/\\\/www.doucesangevines.com\\\/?s={search_term_string}\"},\"query-input\":{\"@type\":\"PropertyValueSpecification\",\"valueRequired\":true,\"valueName\":\"search_term_string\"}}],\"inLanguage\":\"en-GB\"},{\"@type\":\"Organization\",\"@id\":\"https:\\\/\\\/www.doucesangevines.com\\\/#organization\",\"name\":\"Douces Angevines\",\"url\":\"https:\\\/\\\/www.doucesangevines.com\\\/\",\"logo\":{\"@type\":\"ImageObject\",\"inLanguage\":\"en-GB\",\"@id\":\"https:\\\/\\\/www.doucesangevines.com\\\/#\\\/schema\\\/logo\\\/image\\\/\",\"url\":\"https:\\\/\\\/www.doucesangevines.com\\\/wp-content\\\/uploads\\\/2022\\\/02\\\/douces-angevines-logo-2025.svg\",\"contentUrl\":\"https:\\\/\\\/www.doucesangevines.com\\\/wp-content\\\/uploads\\\/2022\\\/02\\\/douces-angevines-logo-2025.svg\",\"caption\":\"Douces Angevines\"},\"image\":{\"@id\":\"https:\\\/\\\/www.doucesangevines.com\\\/#\\\/schema\\\/logo\\\/image\\\/\"},\"sameAs\":[\"https:\\\/\\\/fr-fr.facebook.com\\\/doucesangevines\\\/\",\"https:\\\/\\\/www.instagram.com\\\/doucesangevines\\\/\",\"https:\\\/\\\/www.youtube.com\\\/channel\\\/UCcbJc6Om9b7IZDHWj-osu6w\"]}]}<\/script>\n<!-- \/ Yoast SEO plugin. -->","yoast_head_json":{"title":"Carte Cadeau - Douces Angevines","robots":{"index":"index","follow":"follow","max-snippet":"max-snippet:-1","max-image-preview":"max-image-preview:large","max-video-preview":"max-video-preview:-1"},"canonical":"https:\/\/www.doucesangevines.com\/en\/product\/carte-cadeau\/","og_locale":"en_GB","og_type":"article","og_title":"Carte Cadeau - Douces Angevines","og_description":"Offrez du bien-\u00eatre avec notre carte cadeau Douces Angevines, une invitation \u00e0 plonger dans un univers de douceur et de s\u00e9r\u00e9nit\u00e9, pour le plus grand bonheur de la peau. Que ce soit pour un anniversaire, une occasion sp\u00e9ciale ou simplement pour faire plaisir, cette carte vous permet de partager l\u2019essence de notre jardin de beaut\u00e9 avec vos proches, tout en leur offrant la libert\u00e9 de choisir leurs produits pr\u00e9f\u00e9r\u00e9s.  Utilisable en plusieurs fois, cette carte est valable exclusivement sur notre site web. Un geste simple, un large choix de soins pour tous les besoins et toutes les envies, pour des moments de d\u00e9tente et de beaut\u00e9 \u00e0 vivre pleinement.","og_url":"https:\/\/www.doucesangevines.com\/en\/product\/carte-cadeau\/","og_site_name":"Douces Angevines","article_publisher":"https:\/\/fr-fr.facebook.com\/doucesangevines\/","article_modified_time":"2025-12-18T13:33:36+00:00","og_image":[{"width":1184,"height":864,"url":"https:\/\/www.doucesangevines.com\/wp-content\/uploads\/2025\/03\/Firefly_Gemini-Flash_en-gros-plan-une-imagel-de-nature-vegetale-en-arriere-plan-un-peu-flou-.-Tu-y-integre-140970.png","type":"image\/png"}],"twitter_card":"summary_large_image","twitter_misc":{"Estimated reading time":"1 minute"},"schema":{"@context":"https:\/\/schema.org","@graph":[{"@type":"WebPage","@id":"https:\/\/www.doucesangevines.com\/produit\/carte-cadeau\/","url":"https:\/\/www.doucesangevines.com\/produit\/carte-cadeau\/","name":"Carte Cadeau - Douces Angevines","isPartOf":{"@id":"https:\/\/www.doucesangevines.com\/#website"},"primaryImageOfPage":{"@id":"https:\/\/www.doucesangevines.com\/produit\/carte-cadeau\/#primaryimage"},"image":{"@id":"https:\/\/www.doucesangevines.com\/produit\/carte-cadeau\/#primaryimage"},"thumbnailUrl":"https:\/\/www.doucesangevines.com\/wp-content\/uploads\/2025\/03\/Firefly_Gemini-Flash_en-gros-plan-une-imagel-de-nature-vegetale-en-arriere-plan-un-peu-flou-.-Tu-y-integre-140970.png","datePublished":"2025-03-24T12:07:23+00:00","dateModified":"2025-12-18T13:33:36+00:00","breadcrumb":{"@id":"https:\/\/www.doucesangevines.com\/produit\/carte-cadeau\/#breadcrumb"},"inLanguage":"en-GB","potentialAction":[{"@type":"ReadAction","target":["https:\/\/www.doucesangevines.com\/produit\/carte-cadeau\/"]}]},{"@type":"ImageObject","inLanguage":"en-GB","@id":"https:\/\/www.doucesangevines.com\/produit\/carte-cadeau\/#primaryimage","url":"https:\/\/www.doucesangevines.com\/wp-content\/uploads\/2025\/03\/Firefly_Gemini-Flash_en-gros-plan-une-imagel-de-nature-vegetale-en-arriere-plan-un-peu-flou-.-Tu-y-integre-140970.png","contentUrl":"https:\/\/www.doucesangevines.com\/wp-content\/uploads\/2025\/03\/Firefly_Gemini-Flash_en-gros-plan-une-imagel-de-nature-vegetale-en-arriere-plan-un-peu-flou-.-Tu-y-integre-140970.png","width":1184,"height":864},{"@type":"BreadcrumbList","@id":"https:\/\/www.doucesangevines.com\/produit\/carte-cadeau\/#breadcrumb","itemListElement":[{"@type":"ListItem","position":1,"name":"Accueil","item":"https:\/\/www.doucesangevines.com\/"},{"@type":"ListItem","position":2,"name":"Boutique","item":"https:\/\/www.doucesangevines.com\/boutique\/"},{"@type":"ListItem","position":3,"name":"Carte Cadeau"}]},{"@type":"WebSite","@id":"https:\/\/www.doucesangevines.com\/#website","url":"https:\/\/www.doucesangevines.com\/","name":"Douces Angevines","description":"Women Beauty Herbalists","publisher":{"@id":"https:\/\/www.doucesangevines.com\/#organization"},"potentialAction":[{"@type":"SearchAction","target":{"@type":"EntryPoint","urlTemplate":"https:\/\/www.doucesangevines.com\/?s={search_term_string}"},"query-input":{"@type":"PropertyValueSpecification","valueRequired":true,"valueName":"search_term_string"}}],"inLanguage":"en-GB"},{"@type":"Organization","@id":"https:\/\/www.doucesangevines.com\/#organization","name":"Douces Angevines","url":"https:\/\/www.doucesangevines.com\/","logo":{"@type":"ImageObject","inLanguage":"en-GB","@id":"https:\/\/www.doucesangevines.com\/#\/schema\/logo\/image\/","url":"https:\/\/www.doucesangevines.com\/wp-content\/uploads\/2022\/02\/douces-angevines-logo-2025.svg","contentUrl":"https:\/\/www.doucesangevines.com\/wp-content\/uploads\/2022\/02\/douces-angevines-logo-2025.svg","caption":"Douces Angevines"},"image":{"@id":"https:\/\/www.doucesangevines.com\/#\/schema\/logo\/image\/"},"sameAs":["https:\/\/fr-fr.facebook.com\/doucesangevines\/","https:\/\/www.instagram.com\/doucesangevines\/","https:\/\/www.youtube.com\/channel\/UCcbJc6Om9b7IZDHWj-osu6w"]}]}},"_links":{"self":[{"href":"https:\/\/www.doucesangevines.com\/en\/wp-json\/wp\/v2\/product\/17526","targetHints":{"allow":["GET"]}}],"collection":[{"href":"https:\/\/www.doucesangevines.com\/en\/wp-json\/wp\/v2\/product"}],"about":[{"href":"https:\/\/www.doucesangevines.com\/en\/wp-json\/wp\/v2\/types\/product"}],"wp:featuredmedia":[{"embeddable":true,"href":"https:\/\/www.doucesangevines.com\/en\/wp-json\/wp\/v2\/media\/21499"}],"wp:attachment":[{"href":"https:\/\/www.doucesangevines.com\/en\/wp-json\/wp\/v2\/media?parent=17526"}],"wp:term":[{"taxonomy":"product_featurescat","embeddable":true,"href":"https:\/\/www.doucesangevines.com\/en\/wp-json\/wp\/v2\/product_featurescat?post=17526"},{"taxonomy":"product_brand","embeddable":true,"href":"https:\/\/www.doucesangevines.com\/en\/wp-json\/wp\/v2\/product_brand?post=17526"},{"taxonomy":"product_cat","embeddable":true,"href":"https:\/\/www.doucesangevines.com\/en\/wp-json\/wp\/v2\/product_cat?post=17526"},{"taxonomy":"product_tag","embeddable":true,"href":"https:\/\/www.doucesangevines.com\/en\/wp-json\/wp\/v2\/product_tag?post=17526"}],"curies":[{"name":"wp","href":"https:\/\/api.w.org\/{rel}","templated":true}]}}