{"id":19895,"date":"2025-10-07T14:59:05","date_gmt":"2025-10-07T13:59:05","guid":{"rendered":"https:\/\/www.doucesangevines.com\/?post_type=product&#038;p=19895"},"modified":"2025-10-08T10:15:38","modified_gmt":"2025-10-08T09:15:38","slug":"nuit-caline-miniature-5ml","status":"publish","type":"product","link":"https:\/\/www.doucesangevines.com\/en\/product\/nuit-caline-miniature-5ml\/","title":{"rendered":"Nuit c\u00e2line miniature 5ml"},"content":{"rendered":"<p>In the calm of the night, a precious source of energy supplies your skin with all the active plant ingredients it needs to prevent aging. This fluid optimizes cell renewal: your skin regains its radiance, elasticity and softness.<\/p>","protected":false},"excerpt":{"rendered":"<p>This daytime fluid infuses the skin with light and restores its radiance. It nourishes, balances and protects the skin with lightness. Its healthy glow effect is immediate.<\/p>","protected":false},"featured_media":19904,"template":"","meta":{"_acf_changed":false},"product_featurescat":[],"product_brand":[],"product_cat":[15],"product_tag":[],"class_list":{"0":"post-19895","1":"product","2":"type-product","3":"status-publish","4":"has-post-thumbnail","6":"product_cat-uncategorized","8":"first","9":"instock","10":"taxable","11":"shipping-taxable","12":"purchasable","13":"product-type-simple"},"acf":[],"yoast_head":"<!-- This site is optimized with the Yoast SEO plugin v27.5 - https:\/\/yoast.com\/product\/yoast-seo-wordpress\/ -->\n<title>Nuit c\u00e2line miniature 5ml - Douces Angevines<\/title>\n<meta name=\"description\" content=\"Ce fluide de jour impr\u00e8gne la peau de lumi\u00e8re et redonne au visage tout son \u00e9clat. Il nourrit, \u00e9quilibre et prot\u00e8ge la peau avec l\u00e9g\u00e8ret\u00e9.\" \/>\n<meta name=\"robots\" content=\"index, follow, max-snippet:-1, max-image-preview:large, max-video-preview:-1\" \/>\n<link rel=\"canonical\" href=\"https:\/\/www.doucesangevines.com\/en\/product\/nuit-caline-miniature-5ml\/\" \/>\n<meta property=\"og:locale\" content=\"en_GB\" \/>\n<meta property=\"og:type\" content=\"article\" \/>\n<meta property=\"og:title\" content=\"Nuit c\u00e2line miniature 5ml - Douces Angevines\" \/>\n<meta property=\"og:description\" content=\"Ce fluide de jour impr\u00e8gne la peau de lumi\u00e8re et redonne au visage tout son \u00e9clat. Il nourrit, \u00e9quilibre et prot\u00e8ge la peau avec l\u00e9g\u00e8ret\u00e9.\" \/>\n<meta property=\"og:url\" content=\"https:\/\/www.doucesangevines.com\/en\/product\/nuit-caline-miniature-5ml\/\" \/>\n<meta property=\"og:site_name\" content=\"Douces Angevines\" \/>\n<meta property=\"article:publisher\" content=\"https:\/\/fr-fr.facebook.com\/doucesangevines\/\" \/>\n<meta property=\"article:modified_time\" content=\"2025-10-08T09:15:38+00:00\" \/>\n<meta property=\"og:image\" content=\"https:\/\/www.doucesangevines.com\/wp-content\/uploads\/2025\/10\/Gabarit-produits-site.png\" \/>\n\t<meta property=\"og:image:width\" content=\"1132\" \/>\n\t<meta property=\"og:image:height\" content=\"1132\" \/>\n\t<meta property=\"og:image:type\" content=\"image\/png\" \/>\n<meta name=\"twitter:card\" content=\"summary_large_image\" \/>\n<meta name=\"twitter:label1\" content=\"Estimated reading time\" \/>\n\t<meta name=\"twitter:data1\" content=\"1 minute\" \/>\n<script type=\"application\/ld+json\" class=\"yoast-schema-graph\">{\"@context\":\"https:\\\/\\\/schema.org\",\"@graph\":[{\"@type\":\"WebPage\",\"@id\":\"https:\\\/\\\/www.doucesangevines.com\\\/produit\\\/nuit-caline-miniature-5ml\\\/\",\"url\":\"https:\\\/\\\/www.doucesangevines.com\\\/produit\\\/nuit-caline-miniature-5ml\\\/\",\"name\":\"Nuit c\u00e2line miniature 5ml - Douces Angevines\",\"isPartOf\":{\"@id\":\"https:\\\/\\\/www.doucesangevines.com\\\/#website\"},\"primaryImageOfPage\":{\"@id\":\"https:\\\/\\\/www.doucesangevines.com\\\/produit\\\/nuit-caline-miniature-5ml\\\/#primaryimage\"},\"image\":{\"@id\":\"https:\\\/\\\/www.doucesangevines.com\\\/produit\\\/nuit-caline-miniature-5ml\\\/#primaryimage\"},\"thumbnailUrl\":\"https:\\\/\\\/www.doucesangevines.com\\\/wp-content\\\/uploads\\\/2025\\\/10\\\/Gabarit-produits-site.png\",\"datePublished\":\"2025-10-07T13:59:05+00:00\",\"dateModified\":\"2025-10-08T09:15:38+00:00\",\"description\":\"Ce fluide de jour impr\u00e8gne la peau de lumi\u00e8re et redonne au visage tout son \u00e9clat. Il nourrit, \u00e9quilibre et prot\u00e8ge la peau avec l\u00e9g\u00e8ret\u00e9.\",\"breadcrumb\":{\"@id\":\"https:\\\/\\\/www.doucesangevines.com\\\/produit\\\/nuit-caline-miniature-5ml\\\/#breadcrumb\"},\"inLanguage\":\"en-GB\",\"potentialAction\":[{\"@type\":\"ReadAction\",\"target\":[\"https:\\\/\\\/www.doucesangevines.com\\\/produit\\\/nuit-caline-miniature-5ml\\\/\"]}]},{\"@type\":\"ImageObject\",\"inLanguage\":\"en-GB\",\"@id\":\"https:\\\/\\\/www.doucesangevines.com\\\/produit\\\/nuit-caline-miniature-5ml\\\/#primaryimage\",\"url\":\"https:\\\/\\\/www.doucesangevines.com\\\/wp-content\\\/uploads\\\/2025\\\/10\\\/Gabarit-produits-site.png\",\"contentUrl\":\"https:\\\/\\\/www.doucesangevines.com\\\/wp-content\\\/uploads\\\/2025\\\/10\\\/Gabarit-produits-site.png\",\"width\":1132,\"height\":1132},{\"@type\":\"BreadcrumbList\",\"@id\":\"https:\\\/\\\/www.doucesangevines.com\\\/produit\\\/nuit-caline-miniature-5ml\\\/#breadcrumb\",\"itemListElement\":[{\"@type\":\"ListItem\",\"position\":1,\"name\":\"Accueil\",\"item\":\"https:\\\/\\\/www.doucesangevines.com\\\/\"},{\"@type\":\"ListItem\",\"position\":2,\"name\":\"Boutique\",\"item\":\"https:\\\/\\\/www.doucesangevines.com\\\/boutique\\\/\"},{\"@type\":\"ListItem\",\"position\":3,\"name\":\"Nuit c\u00e2line miniature 5ml\"}]},{\"@type\":\"WebSite\",\"@id\":\"https:\\\/\\\/www.doucesangevines.com\\\/#website\",\"url\":\"https:\\\/\\\/www.doucesangevines.com\\\/\",\"name\":\"Douces Angevines\",\"description\":\"Femmes Herboristes de Beaut\u00e9\",\"publisher\":{\"@id\":\"https:\\\/\\\/www.doucesangevines.com\\\/#organization\"},\"potentialAction\":[{\"@type\":\"SearchAction\",\"target\":{\"@type\":\"EntryPoint\",\"urlTemplate\":\"https:\\\/\\\/www.doucesangevines.com\\\/?s={search_term_string}\"},\"query-input\":{\"@type\":\"PropertyValueSpecification\",\"valueRequired\":true,\"valueName\":\"search_term_string\"}}],\"inLanguage\":\"en-GB\"},{\"@type\":\"Organization\",\"@id\":\"https:\\\/\\\/www.doucesangevines.com\\\/#organization\",\"name\":\"Douces Angevines\",\"url\":\"https:\\\/\\\/www.doucesangevines.com\\\/\",\"logo\":{\"@type\":\"ImageObject\",\"inLanguage\":\"en-GB\",\"@id\":\"https:\\\/\\\/www.doucesangevines.com\\\/#\\\/schema\\\/logo\\\/image\\\/\",\"url\":\"https:\\\/\\\/www.doucesangevines.com\\\/wp-content\\\/uploads\\\/2022\\\/02\\\/douces-angevines-logo-2025.svg\",\"contentUrl\":\"https:\\\/\\\/www.doucesangevines.com\\\/wp-content\\\/uploads\\\/2022\\\/02\\\/douces-angevines-logo-2025.svg\",\"caption\":\"Douces Angevines\"},\"image\":{\"@id\":\"https:\\\/\\\/www.doucesangevines.com\\\/#\\\/schema\\\/logo\\\/image\\\/\"},\"sameAs\":[\"https:\\\/\\\/fr-fr.facebook.com\\\/doucesangevines\\\/\",\"https:\\\/\\\/www.instagram.com\\\/doucesangevines\\\/\",\"https:\\\/\\\/www.youtube.com\\\/channel\\\/UCcbJc6Om9b7IZDHWj-osu6w\"]}]}<\/script>\n<!-- \/ Yoast SEO plugin. -->","yoast_head_json":{"title":"Nuit c\u00e2line miniature 5ml - Douces Angevines","description":"Ce fluide de jour impr\u00e8gne la peau de lumi\u00e8re et redonne au visage tout son \u00e9clat. Il nourrit, \u00e9quilibre et prot\u00e8ge la peau avec l\u00e9g\u00e8ret\u00e9.","robots":{"index":"index","follow":"follow","max-snippet":"max-snippet:-1","max-image-preview":"max-image-preview:large","max-video-preview":"max-video-preview:-1"},"canonical":"https:\/\/www.doucesangevines.com\/en\/product\/nuit-caline-miniature-5ml\/","og_locale":"en_GB","og_type":"article","og_title":"Nuit c\u00e2line miniature 5ml - Douces Angevines","og_description":"Ce fluide de jour impr\u00e8gne la peau de lumi\u00e8re et redonne au visage tout son \u00e9clat. Il nourrit, \u00e9quilibre et prot\u00e8ge la peau avec l\u00e9g\u00e8ret\u00e9.","og_url":"https:\/\/www.doucesangevines.com\/en\/product\/nuit-caline-miniature-5ml\/","og_site_name":"Douces Angevines","article_publisher":"https:\/\/fr-fr.facebook.com\/doucesangevines\/","article_modified_time":"2025-10-08T09:15:38+00:00","og_image":[{"width":1132,"height":1132,"url":"https:\/\/www.doucesangevines.com\/wp-content\/uploads\/2025\/10\/Gabarit-produits-site.png","type":"image\/png"}],"twitter_card":"summary_large_image","twitter_misc":{"Estimated reading time":"1 minute"},"schema":{"@context":"https:\/\/schema.org","@graph":[{"@type":"WebPage","@id":"https:\/\/www.doucesangevines.com\/produit\/nuit-caline-miniature-5ml\/","url":"https:\/\/www.doucesangevines.com\/produit\/nuit-caline-miniature-5ml\/","name":"Nuit c\u00e2line miniature 5ml - Douces Angevines","isPartOf":{"@id":"https:\/\/www.doucesangevines.com\/#website"},"primaryImageOfPage":{"@id":"https:\/\/www.doucesangevines.com\/produit\/nuit-caline-miniature-5ml\/#primaryimage"},"image":{"@id":"https:\/\/www.doucesangevines.com\/produit\/nuit-caline-miniature-5ml\/#primaryimage"},"thumbnailUrl":"https:\/\/www.doucesangevines.com\/wp-content\/uploads\/2025\/10\/Gabarit-produits-site.png","datePublished":"2025-10-07T13:59:05+00:00","dateModified":"2025-10-08T09:15:38+00:00","description":"Ce fluide de jour impr\u00e8gne la peau de lumi\u00e8re et redonne au visage tout son \u00e9clat. Il nourrit, \u00e9quilibre et prot\u00e8ge la peau avec l\u00e9g\u00e8ret\u00e9.","breadcrumb":{"@id":"https:\/\/www.doucesangevines.com\/produit\/nuit-caline-miniature-5ml\/#breadcrumb"},"inLanguage":"en-GB","potentialAction":[{"@type":"ReadAction","target":["https:\/\/www.doucesangevines.com\/produit\/nuit-caline-miniature-5ml\/"]}]},{"@type":"ImageObject","inLanguage":"en-GB","@id":"https:\/\/www.doucesangevines.com\/produit\/nuit-caline-miniature-5ml\/#primaryimage","url":"https:\/\/www.doucesangevines.com\/wp-content\/uploads\/2025\/10\/Gabarit-produits-site.png","contentUrl":"https:\/\/www.doucesangevines.com\/wp-content\/uploads\/2025\/10\/Gabarit-produits-site.png","width":1132,"height":1132},{"@type":"BreadcrumbList","@id":"https:\/\/www.doucesangevines.com\/produit\/nuit-caline-miniature-5ml\/#breadcrumb","itemListElement":[{"@type":"ListItem","position":1,"name":"Accueil","item":"https:\/\/www.doucesangevines.com\/"},{"@type":"ListItem","position":2,"name":"Boutique","item":"https:\/\/www.doucesangevines.com\/boutique\/"},{"@type":"ListItem","position":3,"name":"Nuit c\u00e2line miniature 5ml"}]},{"@type":"WebSite","@id":"https:\/\/www.doucesangevines.com\/#website","url":"https:\/\/www.doucesangevines.com\/","name":"Douces Angevines","description":"Women Beauty Herbalists","publisher":{"@id":"https:\/\/www.doucesangevines.com\/#organization"},"potentialAction":[{"@type":"SearchAction","target":{"@type":"EntryPoint","urlTemplate":"https:\/\/www.doucesangevines.com\/?s={search_term_string}"},"query-input":{"@type":"PropertyValueSpecification","valueRequired":true,"valueName":"search_term_string"}}],"inLanguage":"en-GB"},{"@type":"Organization","@id":"https:\/\/www.doucesangevines.com\/#organization","name":"Douces Angevines","url":"https:\/\/www.doucesangevines.com\/","logo":{"@type":"ImageObject","inLanguage":"en-GB","@id":"https:\/\/www.doucesangevines.com\/#\/schema\/logo\/image\/","url":"https:\/\/www.doucesangevines.com\/wp-content\/uploads\/2022\/02\/douces-angevines-logo-2025.svg","contentUrl":"https:\/\/www.doucesangevines.com\/wp-content\/uploads\/2022\/02\/douces-angevines-logo-2025.svg","caption":"Douces Angevines"},"image":{"@id":"https:\/\/www.doucesangevines.com\/#\/schema\/logo\/image\/"},"sameAs":["https:\/\/fr-fr.facebook.com\/doucesangevines\/","https:\/\/www.instagram.com\/doucesangevines\/","https:\/\/www.youtube.com\/channel\/UCcbJc6Om9b7IZDHWj-osu6w"]}]}},"_links":{"self":[{"href":"https:\/\/www.doucesangevines.com\/en\/wp-json\/wp\/v2\/product\/19895","targetHints":{"allow":["GET"]}}],"collection":[{"href":"https:\/\/www.doucesangevines.com\/en\/wp-json\/wp\/v2\/product"}],"about":[{"href":"https:\/\/www.doucesangevines.com\/en\/wp-json\/wp\/v2\/types\/product"}],"wp:featuredmedia":[{"embeddable":true,"href":"https:\/\/www.doucesangevines.com\/en\/wp-json\/wp\/v2\/media\/19904"}],"wp:attachment":[{"href":"https:\/\/www.doucesangevines.com\/en\/wp-json\/wp\/v2\/media?parent=19895"}],"wp:term":[{"taxonomy":"product_featurescat","embeddable":true,"href":"https:\/\/www.doucesangevines.com\/en\/wp-json\/wp\/v2\/product_featurescat?post=19895"},{"taxonomy":"product_brand","embeddable":true,"href":"https:\/\/www.doucesangevines.com\/en\/wp-json\/wp\/v2\/product_brand?post=19895"},{"taxonomy":"product_cat","embeddable":true,"href":"https:\/\/www.doucesangevines.com\/en\/wp-json\/wp\/v2\/product_cat?post=19895"},{"taxonomy":"product_tag","embeddable":true,"href":"https:\/\/www.doucesangevines.com\/en\/wp-json\/wp\/v2\/product_tag?post=19895"}],"curies":[{"name":"wp","href":"https:\/\/api.w.org\/{rel}","templated":true}]}}