{"id":20530,"date":"2025-11-04T15:28:32","date_gmt":"2025-11-04T14:28:32","guid":{"rendered":"https:\/\/www.doucesangevines.com\/?post_type=product&#038;p=20530"},"modified":"2026-03-19T10:32:57","modified_gmt":"2026-03-19T09:32:57","slug":"savon-bio-saponifie-a-froid-olea-antica","status":"publish","type":"product","link":"https:\/\/www.doucesangevines.com\/en\/product\/savon-bio-saponifie-a-froid-olea-antica\/","title":{"rendered":"Savon Ol\u00e9a Antica"},"content":{"rendered":"<p>Ce savon bio, cr\u00e9\u00e9 \u00e0 partir de nos synergie d&#8217;huiles essentielles et de r\u00e9sines rares issues d&#8217;usages traditionnels ancestraux, est saponifi\u00e9 \u00e0 froid avec soin par la Savonnerie Maison Sidonie Champagne.<br \/>\nWe have chosen a generous formulation of high quality 100% organic nourishing vegetable oils, selected with care. No palm oil or animal fat.<br \/>\nLa richesse olfactive originale de ce savon est en correspondance avec l&#8217;huile corps Ol\u00e9a Antica.<br \/>\nLe temps de s\u00e9chage long de la fabrication de ce savon bio saponifi\u00e9 \u00e0 froid, permet de profiter plus longtemps de votre savon qui s\u2019usera moins vite, particuli\u00e8rement si apr\u00e8s usage, vous le gardez \u00e9loign\u00e9 de l\u2019eau.<br \/>\nThe manufacturing and the manual cutting give to each soap its unique shape, it's a guarantee of its authenticity. Its shape softens under the hand from the first use. Store in a cool and dry place.<br \/>\nThe beautiful illustration of its box is signed by the artist Izumi Idoia.<\/p>\n<div id=\"sconnect-is-installed\" style=\"display: none;\">2.15.1.0<\/div>","protected":false},"excerpt":{"rendered":"<p>Un savon doux, surgras et raffin\u00e9 \u00e0 la senteur profonde et ambr\u00e9e de r\u00e9sines ancestrales. Pour les inconditionnels de l&#8217;huile pour le corps Ol\u00e9a Antica<\/p>\n<div id=\"sconnect-is-installed\" style=\"display: none;\">2.15.1.0<\/div>","protected":false},"featured_media":20531,"template":"","meta":{"_acf_changed":false},"product_featurescat":[],"product_brand":[],"product_cat":[95,96],"product_tag":[192],"class_list":{"0":"post-20530","1":"product","2":"type-product","3":"status-publish","4":"has-post-thumbnail","6":"product_cat-visage","7":"product_cat-corps","8":"product_tag-cadeaux","9":"pa_collections-soins-divins","10":"pa_preoccupation-corps-eclat","11":"pa_preoccupation-corps-secheresse","12":"pa_type-de-peau-seche","13":"pa_type-de-peau-sensible","14":"pa_type-de-soin-bain-douche","15":"pa_type-de-soin-savon-nettoyant","17":"first","18":"instock","19":"taxable","20":"shipping-taxable","21":"purchasable","22":"product-type-simple"},"acf":[],"yoast_head":"<!-- This site is optimized with the Yoast SEO plugin v27.3 - https:\/\/yoast.com\/product\/yoast-seo-wordpress\/ -->\n<title>Savon bio - Ol\u00e9a Antica - Douces Angevines<\/title>\n<meta name=\"description\" content=\"Lavez votre peau en douceur avec ce savon artisanal et bio surgras, saponifi\u00e9 \u00e0 froid. Senteur profonde et ambr\u00e9e de r\u00e9sines ancestrales.\" \/>\n<meta name=\"robots\" content=\"index, follow, max-snippet:-1, max-image-preview:large, max-video-preview:-1\" \/>\n<link rel=\"canonical\" href=\"https:\/\/www.doucesangevines.com\/en\/product\/savon-bio-saponifie-a-froid-olea-antica\/\" \/>\n<meta property=\"og:locale\" content=\"en_GB\" \/>\n<meta property=\"og:type\" content=\"article\" \/>\n<meta property=\"og:title\" content=\"Savon bio - Ol\u00e9a Antica - Douces Angevines\" \/>\n<meta property=\"og:description\" content=\"Lavez votre peau en douceur avec ce savon artisanal et bio surgras, saponifi\u00e9 \u00e0 froid. Senteur profonde et ambr\u00e9e de r\u00e9sines ancestrales.\" \/>\n<meta property=\"og:url\" content=\"https:\/\/www.doucesangevines.com\/en\/product\/savon-bio-saponifie-a-froid-olea-antica\/\" \/>\n<meta property=\"og:site_name\" content=\"Douces Angevines\" \/>\n<meta property=\"article:publisher\" content=\"https:\/\/fr-fr.facebook.com\/doucesangevines\/\" \/>\n<meta property=\"article:modified_time\" content=\"2026-03-19T09:32:57+00:00\" \/>\n<meta property=\"og:image\" content=\"https:\/\/www.doucesangevines.com\/wp-content\/uploads\/2025\/11\/ETUI-OLEA-SAVON.png\" \/>\n\t<meta property=\"og:image:width\" content=\"1132\" \/>\n\t<meta property=\"og:image:height\" content=\"1132\" \/>\n\t<meta property=\"og:image:type\" content=\"image\/png\" \/>\n<meta name=\"twitter:card\" content=\"summary_large_image\" \/>\n<meta name=\"twitter:label1\" content=\"Estimated reading time\" \/>\n\t<meta name=\"twitter:data1\" content=\"2 minutes\" \/>\n<script type=\"application\/ld+json\" class=\"yoast-schema-graph\">{\"@context\":\"https:\\\/\\\/schema.org\",\"@graph\":[{\"@type\":\"WebPage\",\"@id\":\"https:\\\/\\\/www.doucesangevines.com\\\/produit\\\/savon-bio-saponifie-a-froid-olea-antica\\\/\",\"url\":\"https:\\\/\\\/www.doucesangevines.com\\\/produit\\\/savon-bio-saponifie-a-froid-olea-antica\\\/\",\"name\":\"Savon bio - Ol\u00e9a Antica - Douces Angevines\",\"isPartOf\":{\"@id\":\"https:\\\/\\\/www.doucesangevines.com\\\/#website\"},\"primaryImageOfPage\":{\"@id\":\"https:\\\/\\\/www.doucesangevines.com\\\/produit\\\/savon-bio-saponifie-a-froid-olea-antica\\\/#primaryimage\"},\"image\":{\"@id\":\"https:\\\/\\\/www.doucesangevines.com\\\/produit\\\/savon-bio-saponifie-a-froid-olea-antica\\\/#primaryimage\"},\"thumbnailUrl\":\"https:\\\/\\\/www.doucesangevines.com\\\/wp-content\\\/uploads\\\/2025\\\/11\\\/ETUI-OLEA-SAVON.png\",\"datePublished\":\"2025-11-04T14:28:32+00:00\",\"dateModified\":\"2026-03-19T09:32:57+00:00\",\"description\":\"Lavez votre peau en douceur avec ce savon artisanal et bio surgras, saponifi\u00e9 \u00e0 froid. Senteur profonde et ambr\u00e9e de r\u00e9sines ancestrales.\",\"breadcrumb\":{\"@id\":\"https:\\\/\\\/www.doucesangevines.com\\\/produit\\\/savon-bio-saponifie-a-froid-olea-antica\\\/#breadcrumb\"},\"inLanguage\":\"en-GB\",\"potentialAction\":[{\"@type\":\"ReadAction\",\"target\":[\"https:\\\/\\\/www.doucesangevines.com\\\/produit\\\/savon-bio-saponifie-a-froid-olea-antica\\\/\"]}]},{\"@type\":\"ImageObject\",\"inLanguage\":\"en-GB\",\"@id\":\"https:\\\/\\\/www.doucesangevines.com\\\/produit\\\/savon-bio-saponifie-a-froid-olea-antica\\\/#primaryimage\",\"url\":\"https:\\\/\\\/www.doucesangevines.com\\\/wp-content\\\/uploads\\\/2025\\\/11\\\/ETUI-OLEA-SAVON.png\",\"contentUrl\":\"https:\\\/\\\/www.doucesangevines.com\\\/wp-content\\\/uploads\\\/2025\\\/11\\\/ETUI-OLEA-SAVON.png\",\"width\":1132,\"height\":1132,\"caption\":\"Savon bio saponifi\u00e9 \u00e0 froid Ol\u00e9a Antica avec son \u00e9tui\"},{\"@type\":\"BreadcrumbList\",\"@id\":\"https:\\\/\\\/www.doucesangevines.com\\\/produit\\\/savon-bio-saponifie-a-froid-olea-antica\\\/#breadcrumb\",\"itemListElement\":[{\"@type\":\"ListItem\",\"position\":1,\"name\":\"Accueil\",\"item\":\"https:\\\/\\\/www.doucesangevines.com\\\/\"},{\"@type\":\"ListItem\",\"position\":2,\"name\":\"Boutique\",\"item\":\"https:\\\/\\\/www.doucesangevines.com\\\/boutique\\\/\"},{\"@type\":\"ListItem\",\"position\":3,\"name\":\"Savon Ol\u00e9a Antica\"}]},{\"@type\":\"WebSite\",\"@id\":\"https:\\\/\\\/www.doucesangevines.com\\\/#website\",\"url\":\"https:\\\/\\\/www.doucesangevines.com\\\/\",\"name\":\"Douces Angevines\",\"description\":\"Femmes Herboristes de Beaut\u00e9\",\"publisher\":{\"@id\":\"https:\\\/\\\/www.doucesangevines.com\\\/#organization\"},\"potentialAction\":[{\"@type\":\"SearchAction\",\"target\":{\"@type\":\"EntryPoint\",\"urlTemplate\":\"https:\\\/\\\/www.doucesangevines.com\\\/?s={search_term_string}\"},\"query-input\":{\"@type\":\"PropertyValueSpecification\",\"valueRequired\":true,\"valueName\":\"search_term_string\"}}],\"inLanguage\":\"en-GB\"},{\"@type\":\"Organization\",\"@id\":\"https:\\\/\\\/www.doucesangevines.com\\\/#organization\",\"name\":\"Douces Angevines\",\"url\":\"https:\\\/\\\/www.doucesangevines.com\\\/\",\"logo\":{\"@type\":\"ImageObject\",\"inLanguage\":\"en-GB\",\"@id\":\"https:\\\/\\\/www.doucesangevines.com\\\/#\\\/schema\\\/logo\\\/image\\\/\",\"url\":\"https:\\\/\\\/www.doucesangevines.com\\\/wp-content\\\/uploads\\\/2022\\\/02\\\/douces-angevines-logo-2025.svg\",\"contentUrl\":\"https:\\\/\\\/www.doucesangevines.com\\\/wp-content\\\/uploads\\\/2022\\\/02\\\/douces-angevines-logo-2025.svg\",\"caption\":\"Douces Angevines\"},\"image\":{\"@id\":\"https:\\\/\\\/www.doucesangevines.com\\\/#\\\/schema\\\/logo\\\/image\\\/\"},\"sameAs\":[\"https:\\\/\\\/fr-fr.facebook.com\\\/doucesangevines\\\/\",\"https:\\\/\\\/www.instagram.com\\\/doucesangevines\\\/\",\"https:\\\/\\\/www.youtube.com\\\/channel\\\/UCcbJc6Om9b7IZDHWj-osu6w\"]}]}<\/script>\n<!-- \/ Yoast SEO plugin. -->","yoast_head_json":{"title":"Savon bio - Ol\u00e9a Antica - Douces Angevines","description":"Lavez votre peau en douceur avec ce savon artisanal et bio surgras, saponifi\u00e9 \u00e0 froid. Senteur profonde et ambr\u00e9e de r\u00e9sines ancestrales.","robots":{"index":"index","follow":"follow","max-snippet":"max-snippet:-1","max-image-preview":"max-image-preview:large","max-video-preview":"max-video-preview:-1"},"canonical":"https:\/\/www.doucesangevines.com\/en\/product\/savon-bio-saponifie-a-froid-olea-antica\/","og_locale":"en_GB","og_type":"article","og_title":"Savon bio - Ol\u00e9a Antica - Douces Angevines","og_description":"Lavez votre peau en douceur avec ce savon artisanal et bio surgras, saponifi\u00e9 \u00e0 froid. Senteur profonde et ambr\u00e9e de r\u00e9sines ancestrales.","og_url":"https:\/\/www.doucesangevines.com\/en\/product\/savon-bio-saponifie-a-froid-olea-antica\/","og_site_name":"Douces Angevines","article_publisher":"https:\/\/fr-fr.facebook.com\/doucesangevines\/","article_modified_time":"2026-03-19T09:32:57+00:00","og_image":[{"width":1132,"height":1132,"url":"https:\/\/www.doucesangevines.com\/wp-content\/uploads\/2025\/11\/ETUI-OLEA-SAVON.png","type":"image\/png"}],"twitter_card":"summary_large_image","twitter_misc":{"Estimated reading time":"2 minutes"},"schema":{"@context":"https:\/\/schema.org","@graph":[{"@type":"WebPage","@id":"https:\/\/www.doucesangevines.com\/produit\/savon-bio-saponifie-a-froid-olea-antica\/","url":"https:\/\/www.doucesangevines.com\/produit\/savon-bio-saponifie-a-froid-olea-antica\/","name":"Savon bio - Ol\u00e9a Antica - Douces Angevines","isPartOf":{"@id":"https:\/\/www.doucesangevines.com\/#website"},"primaryImageOfPage":{"@id":"https:\/\/www.doucesangevines.com\/produit\/savon-bio-saponifie-a-froid-olea-antica\/#primaryimage"},"image":{"@id":"https:\/\/www.doucesangevines.com\/produit\/savon-bio-saponifie-a-froid-olea-antica\/#primaryimage"},"thumbnailUrl":"https:\/\/www.doucesangevines.com\/wp-content\/uploads\/2025\/11\/ETUI-OLEA-SAVON.png","datePublished":"2025-11-04T14:28:32+00:00","dateModified":"2026-03-19T09:32:57+00:00","description":"Lavez votre peau en douceur avec ce savon artisanal et bio surgras, saponifi\u00e9 \u00e0 froid. Senteur profonde et ambr\u00e9e de r\u00e9sines ancestrales.","breadcrumb":{"@id":"https:\/\/www.doucesangevines.com\/produit\/savon-bio-saponifie-a-froid-olea-antica\/#breadcrumb"},"inLanguage":"en-GB","potentialAction":[{"@type":"ReadAction","target":["https:\/\/www.doucesangevines.com\/produit\/savon-bio-saponifie-a-froid-olea-antica\/"]}]},{"@type":"ImageObject","inLanguage":"en-GB","@id":"https:\/\/www.doucesangevines.com\/produit\/savon-bio-saponifie-a-froid-olea-antica\/#primaryimage","url":"https:\/\/www.doucesangevines.com\/wp-content\/uploads\/2025\/11\/ETUI-OLEA-SAVON.png","contentUrl":"https:\/\/www.doucesangevines.com\/wp-content\/uploads\/2025\/11\/ETUI-OLEA-SAVON.png","width":1132,"height":1132,"caption":"Savon bio saponifi\u00e9 \u00e0 froid Ol\u00e9a Antica avec son \u00e9tui"},{"@type":"BreadcrumbList","@id":"https:\/\/www.doucesangevines.com\/produit\/savon-bio-saponifie-a-froid-olea-antica\/#breadcrumb","itemListElement":[{"@type":"ListItem","position":1,"name":"Accueil","item":"https:\/\/www.doucesangevines.com\/"},{"@type":"ListItem","position":2,"name":"Boutique","item":"https:\/\/www.doucesangevines.com\/boutique\/"},{"@type":"ListItem","position":3,"name":"Savon Ol\u00e9a Antica"}]},{"@type":"WebSite","@id":"https:\/\/www.doucesangevines.com\/#website","url":"https:\/\/www.doucesangevines.com\/","name":"Douces Angevines","description":"Women Beauty Herbalists","publisher":{"@id":"https:\/\/www.doucesangevines.com\/#organization"},"potentialAction":[{"@type":"SearchAction","target":{"@type":"EntryPoint","urlTemplate":"https:\/\/www.doucesangevines.com\/?s={search_term_string}"},"query-input":{"@type":"PropertyValueSpecification","valueRequired":true,"valueName":"search_term_string"}}],"inLanguage":"en-GB"},{"@type":"Organization","@id":"https:\/\/www.doucesangevines.com\/#organization","name":"Douces Angevines","url":"https:\/\/www.doucesangevines.com\/","logo":{"@type":"ImageObject","inLanguage":"en-GB","@id":"https:\/\/www.doucesangevines.com\/#\/schema\/logo\/image\/","url":"https:\/\/www.doucesangevines.com\/wp-content\/uploads\/2022\/02\/douces-angevines-logo-2025.svg","contentUrl":"https:\/\/www.doucesangevines.com\/wp-content\/uploads\/2022\/02\/douces-angevines-logo-2025.svg","caption":"Douces Angevines"},"image":{"@id":"https:\/\/www.doucesangevines.com\/#\/schema\/logo\/image\/"},"sameAs":["https:\/\/fr-fr.facebook.com\/doucesangevines\/","https:\/\/www.instagram.com\/doucesangevines\/","https:\/\/www.youtube.com\/channel\/UCcbJc6Om9b7IZDHWj-osu6w"]}]}},"_links":{"self":[{"href":"https:\/\/www.doucesangevines.com\/en\/wp-json\/wp\/v2\/product\/20530","targetHints":{"allow":["GET"]}}],"collection":[{"href":"https:\/\/www.doucesangevines.com\/en\/wp-json\/wp\/v2\/product"}],"about":[{"href":"https:\/\/www.doucesangevines.com\/en\/wp-json\/wp\/v2\/types\/product"}],"wp:featuredmedia":[{"embeddable":true,"href":"https:\/\/www.doucesangevines.com\/en\/wp-json\/wp\/v2\/media\/20531"}],"wp:attachment":[{"href":"https:\/\/www.doucesangevines.com\/en\/wp-json\/wp\/v2\/media?parent=20530"}],"wp:term":[{"taxonomy":"product_featurescat","embeddable":true,"href":"https:\/\/www.doucesangevines.com\/en\/wp-json\/wp\/v2\/product_featurescat?post=20530"},{"taxonomy":"product_brand","embeddable":true,"href":"https:\/\/www.doucesangevines.com\/en\/wp-json\/wp\/v2\/product_brand?post=20530"},{"taxonomy":"product_cat","embeddable":true,"href":"https:\/\/www.doucesangevines.com\/en\/wp-json\/wp\/v2\/product_cat?post=20530"},{"taxonomy":"product_tag","embeddable":true,"href":"https:\/\/www.doucesangevines.com\/en\/wp-json\/wp\/v2\/product_tag?post=20530"}],"curies":[{"name":"wp","href":"https:\/\/api.w.org\/{rel}","templated":true}]}}