{"id":22956,"date":"2026-05-07T10:32:27","date_gmt":"2026-05-07T09:32:27","guid":{"rendered":"https:\/\/www.doucesangevines.com\/?post_type=product&#038;p=22956"},"modified":"2026-05-07T15:27:03","modified_gmt":"2026-05-07T14:27:03","slug":"duo-de-reve-olea-antica","status":"publish","type":"product","link":"https:\/\/www.doucesangevines.com\/en\/product\/duo-de-reve-olea-antica\/","title":{"rendered":"Duo de r\u00eave Ol\u00e9a Antica"},"content":{"rendered":"<div class=\"wpb-content-wrapper\"><div data-parent=\"true\" class=\"vc_row row-container\" id=\"row-unique-0\"><div class=\"row limit-width row-parent\"><div class=\"wpb_row row-inner\"><div class=\"wpb_column pos-top pos-center align_left column_parent col-lg-12 single-internal-gutter\"><div class=\"uncol style-light\"  ><div class=\"uncoltable\"><div class=\"uncell no-block-padding\" ><div class=\"uncont\"><div class=\"uncode_text_column\" ><p>R\u00e9unis exceptionnellement dans un sachet cadeau, le Soin Corps Ol\u00e9a Antica, Baume des origines (50ml), et le Savon Pr\u00e9cieux Ol\u00e9a Antica (100g).<\/p>\n<p>Olea Antica dans sa forme de baume fluide pour le corps, nourrit, revitalise et prot\u00e8ge tous les types de peaux. Ses mac\u00e9rats pr\u00e9cieux de r\u00e9sines, dont le\u00a0Breu d\u2019Amazonie, le Bushman Candle de Namibie, unis aux huiles essentielles de Santal, V\u00e9tyver, Magnolia, en font\u00a0une huile des merveilles, d\u2019une texture si fine, d&#8217;un parfum si subtil.<\/p>\n<p>Inspir\u00e9 de l\u2019huile merveilleuse <em>Ol\u00e9a Antica Baume\u00a0des Origines<\/em>, le savon solide en reprend l\u2019essence profonde.<br \/>\nAdoucissant et nourrissant gr\u00e2ce \u00e0 l&#8217;huile de germe de bl\u00e9 associ\u00e9e au Santal et au Magnolia, ainsi qu\u2019aux r\u00e9sines r\u00e9g\u00e9n\u00e9rantes, sa mousse fine au parfum tr\u00e8s doux nettoie d\u00e9licatement, laissant la peau souple, et subtilement parfum\u00e9e.<\/p>\n<\/div><\/div><\/div><\/div><\/div><\/div><script id=\"script-row-unique-0\" data-row=\"script-row-unique-0\" type=\"text\/javascript\" class=\"vc_controls\">UNCODE.initRow(document.getElementById(\"row-unique-0\"));<\/script><\/div><\/div><\/div>\n<\/div>","protected":false},"excerpt":{"rendered":"<p>R\u00e9unis exceptionnellement dans un joli sac cadeau, le Soin Corps Ol\u00e9a Antica,\u00a0Baume des origines (50ml), et le\u00a0Savon Pr\u00e9cieux Ol\u00e9a Antica<\/p>","protected":false},"featured_media":22960,"template":"","meta":{"_acf_changed":false},"product_featurescat":[186],"product_brand":[],"product_cat":[96],"product_tag":[],"class_list":{"0":"post-22956","1":"product","2":"type-product","3":"status-publish","4":"has-post-thumbnail","6":"product_featurescat-gamme-jeunesse-eclat","7":"product_cat-corps","9":"first","10":"instock","11":"sale","12":"taxable","13":"shipping-taxable","14":"purchasable","15":"product-type-simple"},"acf":[],"yoast_head":"<!-- This site is optimized with the Yoast SEO plugin v27.5 - https:\/\/yoast.com\/product\/yoast-seo-wordpress\/ -->\n<title>Duo de r\u00eave Ol\u00e9a Antica - Douces Angevines<\/title>\n<meta name=\"description\" content=\"R\u00e9unis exceptionnellement dans un sachet cadeau, le Soin Corps Ol\u00e9a Antica, Baume des origines (50ml), et le Savon Pr\u00e9cieux Ol\u00e9a Antica (100g).\" \/>\n<meta name=\"robots\" content=\"index, follow, max-snippet:-1, max-image-preview:large, max-video-preview:-1\" \/>\n<link rel=\"canonical\" href=\"https:\/\/www.doucesangevines.com\/en\/product\/duo-de-reve-olea-antica\/\" \/>\n<meta property=\"og:locale\" content=\"en_GB\" \/>\n<meta property=\"og:type\" content=\"article\" \/>\n<meta property=\"og:title\" content=\"Duo de r\u00eave Ol\u00e9a Antica - Douces Angevines\" \/>\n<meta property=\"og:description\" content=\"R\u00e9unis exceptionnellement dans un sachet cadeau, le Soin Corps Ol\u00e9a Antica, Baume des origines (50ml), et le Savon Pr\u00e9cieux Ol\u00e9a Antica (100g).\" \/>\n<meta property=\"og:url\" content=\"https:\/\/www.doucesangevines.com\/en\/product\/duo-de-reve-olea-antica\/\" \/>\n<meta property=\"og:site_name\" content=\"Douces Angevines\" \/>\n<meta property=\"article:publisher\" content=\"https:\/\/fr-fr.facebook.com\/doucesangevines\/\" \/>\n<meta property=\"article:modified_time\" content=\"2026-05-07T14:27:03+00:00\" \/>\n<meta property=\"og:image\" content=\"https:\/\/www.doucesangevines.com\/wp-content\/uploads\/2026\/05\/Duo-de-reve-Ole-Antica.png\" \/>\n\t<meta property=\"og:image:width\" content=\"1132\" \/>\n\t<meta property=\"og:image:height\" content=\"1132\" \/>\n\t<meta property=\"og:image:type\" content=\"image\/png\" \/>\n<meta name=\"twitter:card\" content=\"summary_large_image\" \/>\n<meta name=\"twitter:label1\" content=\"Estimated reading time\" \/>\n\t<meta name=\"twitter:data1\" content=\"1 minute\" \/>\n<script type=\"application\/ld+json\" class=\"yoast-schema-graph\">{\"@context\":\"https:\\\/\\\/schema.org\",\"@graph\":[{\"@type\":\"WebPage\",\"@id\":\"https:\\\/\\\/www.doucesangevines.com\\\/produit\\\/duo-de-reve-olea-antica\\\/\",\"url\":\"https:\\\/\\\/www.doucesangevines.com\\\/produit\\\/duo-de-reve-olea-antica\\\/\",\"name\":\"Duo de r\u00eave Ol\u00e9a Antica - Douces Angevines\",\"isPartOf\":{\"@id\":\"https:\\\/\\\/www.doucesangevines.com\\\/#website\"},\"primaryImageOfPage\":{\"@id\":\"https:\\\/\\\/www.doucesangevines.com\\\/produit\\\/duo-de-reve-olea-antica\\\/#primaryimage\"},\"image\":{\"@id\":\"https:\\\/\\\/www.doucesangevines.com\\\/produit\\\/duo-de-reve-olea-antica\\\/#primaryimage\"},\"thumbnailUrl\":\"https:\\\/\\\/www.doucesangevines.com\\\/wp-content\\\/uploads\\\/2026\\\/05\\\/Duo-de-reve-Ole-Antica.png\",\"datePublished\":\"2026-05-07T09:32:27+00:00\",\"dateModified\":\"2026-05-07T14:27:03+00:00\",\"description\":\"R\u00e9unis exceptionnellement dans un sachet cadeau, le Soin Corps Ol\u00e9a Antica, Baume des origines (50ml), et le Savon Pr\u00e9cieux Ol\u00e9a Antica (100g).\",\"breadcrumb\":{\"@id\":\"https:\\\/\\\/www.doucesangevines.com\\\/produit\\\/duo-de-reve-olea-antica\\\/#breadcrumb\"},\"inLanguage\":\"en-GB\",\"potentialAction\":[{\"@type\":\"ReadAction\",\"target\":[\"https:\\\/\\\/www.doucesangevines.com\\\/produit\\\/duo-de-reve-olea-antica\\\/\"]}]},{\"@type\":\"ImageObject\",\"inLanguage\":\"en-GB\",\"@id\":\"https:\\\/\\\/www.doucesangevines.com\\\/produit\\\/duo-de-reve-olea-antica\\\/#primaryimage\",\"url\":\"https:\\\/\\\/www.doucesangevines.com\\\/wp-content\\\/uploads\\\/2026\\\/05\\\/Duo-de-reve-Ole-Antica.png\",\"contentUrl\":\"https:\\\/\\\/www.doucesangevines.com\\\/wp-content\\\/uploads\\\/2026\\\/05\\\/Duo-de-reve-Ole-Antica.png\",\"width\":1132,\"height\":1132},{\"@type\":\"BreadcrumbList\",\"@id\":\"https:\\\/\\\/www.doucesangevines.com\\\/produit\\\/duo-de-reve-olea-antica\\\/#breadcrumb\",\"itemListElement\":[{\"@type\":\"ListItem\",\"position\":1,\"name\":\"Accueil\",\"item\":\"https:\\\/\\\/www.doucesangevines.com\\\/\"},{\"@type\":\"ListItem\",\"position\":2,\"name\":\"Boutique\",\"item\":\"https:\\\/\\\/www.doucesangevines.com\\\/boutique\\\/\"},{\"@type\":\"ListItem\",\"position\":3,\"name\":\"Duo de r\u00eave Ol\u00e9a Antica\"}]},{\"@type\":\"WebSite\",\"@id\":\"https:\\\/\\\/www.doucesangevines.com\\\/#website\",\"url\":\"https:\\\/\\\/www.doucesangevines.com\\\/\",\"name\":\"Douces Angevines\",\"description\":\"Femmes Herboristes de Beaut\u00e9\",\"publisher\":{\"@id\":\"https:\\\/\\\/www.doucesangevines.com\\\/#organization\"},\"potentialAction\":[{\"@type\":\"SearchAction\",\"target\":{\"@type\":\"EntryPoint\",\"urlTemplate\":\"https:\\\/\\\/www.doucesangevines.com\\\/?s={search_term_string}\"},\"query-input\":{\"@type\":\"PropertyValueSpecification\",\"valueRequired\":true,\"valueName\":\"search_term_string\"}}],\"inLanguage\":\"en-GB\"},{\"@type\":\"Organization\",\"@id\":\"https:\\\/\\\/www.doucesangevines.com\\\/#organization\",\"name\":\"Douces Angevines\",\"url\":\"https:\\\/\\\/www.doucesangevines.com\\\/\",\"logo\":{\"@type\":\"ImageObject\",\"inLanguage\":\"en-GB\",\"@id\":\"https:\\\/\\\/www.doucesangevines.com\\\/#\\\/schema\\\/logo\\\/image\\\/\",\"url\":\"https:\\\/\\\/www.doucesangevines.com\\\/wp-content\\\/uploads\\\/2022\\\/02\\\/douces-angevines-logo-2025.svg\",\"contentUrl\":\"https:\\\/\\\/www.doucesangevines.com\\\/wp-content\\\/uploads\\\/2022\\\/02\\\/douces-angevines-logo-2025.svg\",\"caption\":\"Douces Angevines\"},\"image\":{\"@id\":\"https:\\\/\\\/www.doucesangevines.com\\\/#\\\/schema\\\/logo\\\/image\\\/\"},\"sameAs\":[\"https:\\\/\\\/fr-fr.facebook.com\\\/doucesangevines\\\/\",\"https:\\\/\\\/www.instagram.com\\\/doucesangevines\\\/\",\"https:\\\/\\\/www.youtube.com\\\/channel\\\/UCcbJc6Om9b7IZDHWj-osu6w\"]}]}<\/script>\n<!-- \/ Yoast SEO plugin. -->","yoast_head_json":{"title":"Duo de r\u00eave Ol\u00e9a Antica - Douces Angevines","description":"R\u00e9unis exceptionnellement dans un sachet cadeau, le Soin Corps Ol\u00e9a Antica, Baume des origines (50ml), et le Savon Pr\u00e9cieux Ol\u00e9a Antica (100g).","robots":{"index":"index","follow":"follow","max-snippet":"max-snippet:-1","max-image-preview":"max-image-preview:large","max-video-preview":"max-video-preview:-1"},"canonical":"https:\/\/www.doucesangevines.com\/en\/product\/duo-de-reve-olea-antica\/","og_locale":"en_GB","og_type":"article","og_title":"Duo de r\u00eave Ol\u00e9a Antica - Douces Angevines","og_description":"R\u00e9unis exceptionnellement dans un sachet cadeau, le Soin Corps Ol\u00e9a Antica, Baume des origines (50ml), et le Savon Pr\u00e9cieux Ol\u00e9a Antica (100g).","og_url":"https:\/\/www.doucesangevines.com\/en\/product\/duo-de-reve-olea-antica\/","og_site_name":"Douces Angevines","article_publisher":"https:\/\/fr-fr.facebook.com\/doucesangevines\/","article_modified_time":"2026-05-07T14:27:03+00:00","og_image":[{"width":1132,"height":1132,"url":"https:\/\/www.doucesangevines.com\/wp-content\/uploads\/2026\/05\/Duo-de-reve-Ole-Antica.png","type":"image\/png"}],"twitter_card":"summary_large_image","twitter_misc":{"Estimated reading time":"1 minute"},"schema":{"@context":"https:\/\/schema.org","@graph":[{"@type":"WebPage","@id":"https:\/\/www.doucesangevines.com\/produit\/duo-de-reve-olea-antica\/","url":"https:\/\/www.doucesangevines.com\/produit\/duo-de-reve-olea-antica\/","name":"Duo de r\u00eave Ol\u00e9a Antica - Douces Angevines","isPartOf":{"@id":"https:\/\/www.doucesangevines.com\/#website"},"primaryImageOfPage":{"@id":"https:\/\/www.doucesangevines.com\/produit\/duo-de-reve-olea-antica\/#primaryimage"},"image":{"@id":"https:\/\/www.doucesangevines.com\/produit\/duo-de-reve-olea-antica\/#primaryimage"},"thumbnailUrl":"https:\/\/www.doucesangevines.com\/wp-content\/uploads\/2026\/05\/Duo-de-reve-Ole-Antica.png","datePublished":"2026-05-07T09:32:27+00:00","dateModified":"2026-05-07T14:27:03+00:00","description":"R\u00e9unis exceptionnellement dans un sachet cadeau, le Soin Corps Ol\u00e9a Antica, Baume des origines (50ml), et le Savon Pr\u00e9cieux Ol\u00e9a Antica (100g).","breadcrumb":{"@id":"https:\/\/www.doucesangevines.com\/produit\/duo-de-reve-olea-antica\/#breadcrumb"},"inLanguage":"en-GB","potentialAction":[{"@type":"ReadAction","target":["https:\/\/www.doucesangevines.com\/produit\/duo-de-reve-olea-antica\/"]}]},{"@type":"ImageObject","inLanguage":"en-GB","@id":"https:\/\/www.doucesangevines.com\/produit\/duo-de-reve-olea-antica\/#primaryimage","url":"https:\/\/www.doucesangevines.com\/wp-content\/uploads\/2026\/05\/Duo-de-reve-Ole-Antica.png","contentUrl":"https:\/\/www.doucesangevines.com\/wp-content\/uploads\/2026\/05\/Duo-de-reve-Ole-Antica.png","width":1132,"height":1132},{"@type":"BreadcrumbList","@id":"https:\/\/www.doucesangevines.com\/produit\/duo-de-reve-olea-antica\/#breadcrumb","itemListElement":[{"@type":"ListItem","position":1,"name":"Accueil","item":"https:\/\/www.doucesangevines.com\/"},{"@type":"ListItem","position":2,"name":"Boutique","item":"https:\/\/www.doucesangevines.com\/boutique\/"},{"@type":"ListItem","position":3,"name":"Duo de r\u00eave Ol\u00e9a Antica"}]},{"@type":"WebSite","@id":"https:\/\/www.doucesangevines.com\/#website","url":"https:\/\/www.doucesangevines.com\/","name":"Douces Angevines","description":"Women Beauty Herbalists","publisher":{"@id":"https:\/\/www.doucesangevines.com\/#organization"},"potentialAction":[{"@type":"SearchAction","target":{"@type":"EntryPoint","urlTemplate":"https:\/\/www.doucesangevines.com\/?s={search_term_string}"},"query-input":{"@type":"PropertyValueSpecification","valueRequired":true,"valueName":"search_term_string"}}],"inLanguage":"en-GB"},{"@type":"Organization","@id":"https:\/\/www.doucesangevines.com\/#organization","name":"Douces Angevines","url":"https:\/\/www.doucesangevines.com\/","logo":{"@type":"ImageObject","inLanguage":"en-GB","@id":"https:\/\/www.doucesangevines.com\/#\/schema\/logo\/image\/","url":"https:\/\/www.doucesangevines.com\/wp-content\/uploads\/2022\/02\/douces-angevines-logo-2025.svg","contentUrl":"https:\/\/www.doucesangevines.com\/wp-content\/uploads\/2022\/02\/douces-angevines-logo-2025.svg","caption":"Douces Angevines"},"image":{"@id":"https:\/\/www.doucesangevines.com\/#\/schema\/logo\/image\/"},"sameAs":["https:\/\/fr-fr.facebook.com\/doucesangevines\/","https:\/\/www.instagram.com\/doucesangevines\/","https:\/\/www.youtube.com\/channel\/UCcbJc6Om9b7IZDHWj-osu6w"]}]}},"_links":{"self":[{"href":"https:\/\/www.doucesangevines.com\/en\/wp-json\/wp\/v2\/product\/22956","targetHints":{"allow":["GET"]}}],"collection":[{"href":"https:\/\/www.doucesangevines.com\/en\/wp-json\/wp\/v2\/product"}],"about":[{"href":"https:\/\/www.doucesangevines.com\/en\/wp-json\/wp\/v2\/types\/product"}],"wp:featuredmedia":[{"embeddable":true,"href":"https:\/\/www.doucesangevines.com\/en\/wp-json\/wp\/v2\/media\/22960"}],"wp:attachment":[{"href":"https:\/\/www.doucesangevines.com\/en\/wp-json\/wp\/v2\/media?parent=22956"}],"wp:term":[{"taxonomy":"product_featurescat","embeddable":true,"href":"https:\/\/www.doucesangevines.com\/en\/wp-json\/wp\/v2\/product_featurescat?post=22956"},{"taxonomy":"product_brand","embeddable":true,"href":"https:\/\/www.doucesangevines.com\/en\/wp-json\/wp\/v2\/product_brand?post=22956"},{"taxonomy":"product_cat","embeddable":true,"href":"https:\/\/www.doucesangevines.com\/en\/wp-json\/wp\/v2\/product_cat?post=22956"},{"taxonomy":"product_tag","embeddable":true,"href":"https:\/\/www.doucesangevines.com\/en\/wp-json\/wp\/v2\/product_tag?post=22956"}],"curies":[{"name":"wp","href":"https:\/\/api.w.org\/{rel}","templated":true}]}}