{"id":2636,"date":"2022-03-14T21:40:15","date_gmt":"2022-03-14T20:40:15","guid":{"rendered":"http:\/\/doucesangevines.com\/produit\/freyja\/"},"modified":"2026-03-10T12:02:51","modified_gmt":"2026-03-10T11:02:51","slug":"freyja","status":"publish","type":"product","link":"https:\/\/www.doucesangevines.com\/en\/product\/freyja\/","title":{"rendered":"Freyja"},"content":{"rendered":"<p>NCTORIUS SEED OIL*, SESAMUM INDICUM SEED OIL*, RUBUS IDEAEUS SEED EXTRACT*, ECHINACEA PURPUREA EXTRACT*, CORYLUS AVELLANA SEED OIL*, CHAMOMILLA RECUTITA FLOWER EXTRACT*, STYRAX TONKINENSIS RESIN EXTRACT*, ROSMARINUS OFFICINALIS LEAF EXTRACT*, ANTHEMIS NOBILIS FLOWER OIL*, CITRUS AURANTIUM AMARA LEAF OIL*, HELICHRYSUM ITALICUM FLOWER OIL*, VETIVERIA ZIZANOIDES ROOT ODes plantes amies offrent g\u00e9n\u00e9reusement leurs vertus et leurs pr\u00e9cieuses actions :<br \/>\nShea butter to deeply nourish, protect and soften the skin. Rich in stearic acid, antioxidants and phytosterols, it stimulates the regeneration functions of the epidermis and the repair of irritated skin.<br \/>\nThe raspberry seed CO2 extract brings its soothing, regenerating and illuminating action. Rich in polyunsaturated fatty acids, tocopherols and tocotrienols, raspberry supports cell membrane function, preserves skin hydration and promotes elasticity. The method of CO2 extraction carried out cold, is ecological, and without chemical solvent, which makes it possible to preserve the assets of the plant as much as possible.<br \/>\nOily macerations from the herbalist garden: chamomile, benzoin and echinacea infuse this balm with its soothing and soothing properties.<br \/>\nThe maceration of chamazulene provides its anti-inflammatory, antiseptic and calming properties thanks to the richness of chamazulene and alpha-bisabolol in chamazulene.<br \/>\nThe maceration of Echinacea provides its healing action, in duet with the maceration of Benzoin, rich in benzoic and cinnamic acids, regenerating and antiseptic.<br \/>\nThese actions are reinforced by the vegetable oils present in these macerations: Hazelnut, Safflower, Sesame...<br \/>\nHelichrysum and Roman Chamomile essential oils soothe and prevent redness, for an even complexion.<br \/>\nPetitgrain, Ylang-ylang and Vetyver essential oils bring their calming, soothing and harmonizing properties to the emotions.<br \/>\nRosemary CO2 extract is a natural preservative with a powerful antioxidant and anti-microbial effect.<br \/>\nHow to use it :<br \/>\nFreyja is suitable for all skin types, especially those with a dry tendency.<\/p>\n<p>Fragrance<br \/>\nFine, luminous and fruity, to brighten up frosty days...<\/p>\n<div id=\"sconnect-is-installed\" style=\"display: none;\">2.15.1.0<\/div>","protected":false},"excerpt":{"rendered":"<p>Freyja is a life-saving balm with a creamy texture that protects the skin from the effects of bad weather, especially when it is subject to wind and cold.<\/p>\n<p>Its plant-based formula combines macerations from the herbalist's garden with African shea butter. A care of harmony, Freyja covers the skin with a protective and velvety veil, and awakens the radiance of the complexion in the middle of winter.<\/p>\n<div id=\"sconnect-is-installed\" style=\"display: none;\">2.15.1.0<\/div>","protected":false},"featured_media":3592,"template":"","meta":{"_acf_changed":false},"product_featurescat":[185],"product_brand":[],"product_cat":[95],"product_tag":[189,192],"class_list":{"0":"post-2636","1":"product","2":"type-product","3":"status-publish","4":"has-post-thumbnail","6":"product_featurescat-gamme-au-fil-des-jours","7":"product_cat-visage","8":"product_tag-quiz","9":"product_tag-cadeaux","10":"pa_collections-au-fil-des-jours","11":"pa_preoccupation-visage-deshydratation","12":"pa_preoccupation-visage-eclat","13":"pa_preoccupation-visage-sensibilites-rougeurs","14":"pa_preoccupation-visage-secheresse","15":"pa_preoccupation-visage-rides-ridules","16":"pa_saison-automne","17":"pa_saison-hiver","18":"pa_type-de-peau-seche","19":"pa_type-de-peau-sensible","20":"pa_type-de-peau-normale","21":"pa_type-de-peau-mixte","22":"pa_type-de-soin-soin-de-jour","24":"first","25":"instock","26":"sold-individually","27":"taxable","28":"shipping-taxable","29":"purchasable","30":"product-type-simple"},"acf":[],"yoast_head":"<!-- This site is optimized with the Yoast SEO plugin v27.4 - https:\/\/yoast.com\/product\/yoast-seo-wordpress\/ -->\n<title>Freyja - Baume visage bio - Douces Angevines<\/title>\n<meta name=\"description\" content=\"Baume protecteur, Freyja apaise, r\u00e9conforte, nourrit la peau lorsqu&#039;il fait froid et en toutes saisons. Baume onctueux vegan, Bio, 100% plantes et fleurs.\" \/>\n<meta name=\"robots\" content=\"index, follow, max-snippet:-1, max-image-preview:large, max-video-preview:-1\" \/>\n<link rel=\"canonical\" href=\"https:\/\/www.doucesangevines.com\/en\/product\/freyja\/\" \/>\n<meta property=\"og:locale\" content=\"en_GB\" \/>\n<meta property=\"og:type\" content=\"article\" \/>\n<meta property=\"og:title\" content=\"Freyja - Baume visage bio - Douces Angevines\" \/>\n<meta property=\"og:description\" content=\"Baume protecteur, Freyja apaise, r\u00e9conforte, nourrit la peau lorsqu&#039;il fait froid et en toutes saisons. Baume onctueux vegan, Bio, 100% plantes et fleurs.\" \/>\n<meta property=\"og:url\" content=\"https:\/\/www.doucesangevines.com\/en\/product\/freyja\/\" \/>\n<meta property=\"og:site_name\" content=\"Douces Angevines\" \/>\n<meta property=\"article:publisher\" content=\"https:\/\/fr-fr.facebook.com\/doucesangevines\/\" \/>\n<meta property=\"article:modified_time\" content=\"2026-03-10T11:02:51+00:00\" \/>\n<meta property=\"og:image\" content=\"https:\/\/www.doucesangevines.com\/wp-content\/uploads\/2022\/03\/Freyja_baume_visage_protecteur_nourrissant-1.jpg\" \/>\n\t<meta property=\"og:image:width\" content=\"1132\" \/>\n\t<meta property=\"og:image:height\" content=\"1132\" \/>\n\t<meta property=\"og:image:type\" content=\"image\/jpeg\" \/>\n<meta name=\"twitter:card\" content=\"summary_large_image\" \/>\n<meta name=\"twitter:label1\" content=\"Estimated reading time\" \/>\n\t<meta name=\"twitter:data1\" content=\"2 minutes\" \/>\n<script type=\"application\/ld+json\" class=\"yoast-schema-graph\">{\"@context\":\"https:\\\/\\\/schema.org\",\"@graph\":[{\"@type\":\"WebPage\",\"@id\":\"https:\\\/\\\/www.doucesangevines.com\\\/produit\\\/freyja\\\/\",\"url\":\"https:\\\/\\\/www.doucesangevines.com\\\/produit\\\/freyja\\\/\",\"name\":\"Freyja - Baume visage bio - Douces Angevines\",\"isPartOf\":{\"@id\":\"https:\\\/\\\/www.doucesangevines.com\\\/#website\"},\"primaryImageOfPage\":{\"@id\":\"https:\\\/\\\/www.doucesangevines.com\\\/produit\\\/freyja\\\/#primaryimage\"},\"image\":{\"@id\":\"https:\\\/\\\/www.doucesangevines.com\\\/produit\\\/freyja\\\/#primaryimage\"},\"thumbnailUrl\":\"https:\\\/\\\/www.doucesangevines.com\\\/wp-content\\\/uploads\\\/2022\\\/03\\\/Freyja_baume_visage_protecteur_nourrissant-1.jpg\",\"datePublished\":\"2022-03-14T20:40:15+00:00\",\"dateModified\":\"2026-03-10T11:02:51+00:00\",\"description\":\"Baume protecteur, Freyja apaise, r\u00e9conforte, nourrit la peau lorsqu'il fait froid et en toutes saisons. Baume onctueux vegan, Bio, 100% plantes et fleurs.\",\"breadcrumb\":{\"@id\":\"https:\\\/\\\/www.doucesangevines.com\\\/produit\\\/freyja\\\/#breadcrumb\"},\"inLanguage\":\"en-GB\",\"potentialAction\":[{\"@type\":\"ReadAction\",\"target\":[\"https:\\\/\\\/www.doucesangevines.com\\\/produit\\\/freyja\\\/\"]}]},{\"@type\":\"ImageObject\",\"inLanguage\":\"en-GB\",\"@id\":\"https:\\\/\\\/www.doucesangevines.com\\\/produit\\\/freyja\\\/#primaryimage\",\"url\":\"https:\\\/\\\/www.doucesangevines.com\\\/wp-content\\\/uploads\\\/2022\\\/03\\\/Freyja_baume_visage_protecteur_nourrissant-1.jpg\",\"contentUrl\":\"https:\\\/\\\/www.doucesangevines.com\\\/wp-content\\\/uploads\\\/2022\\\/03\\\/Freyja_baume_visage_protecteur_nourrissant-1.jpg\",\"width\":1132,\"height\":1132,\"caption\":\"Freyja baume visage bio - Douces Angevines\"},{\"@type\":\"BreadcrumbList\",\"@id\":\"https:\\\/\\\/www.doucesangevines.com\\\/produit\\\/freyja\\\/#breadcrumb\",\"itemListElement\":[{\"@type\":\"ListItem\",\"position\":1,\"name\":\"Accueil\",\"item\":\"https:\\\/\\\/www.doucesangevines.com\\\/\"},{\"@type\":\"ListItem\",\"position\":2,\"name\":\"Boutique\",\"item\":\"https:\\\/\\\/www.doucesangevines.com\\\/boutique\\\/\"},{\"@type\":\"ListItem\",\"position\":3,\"name\":\"Freyja\"}]},{\"@type\":\"WebSite\",\"@id\":\"https:\\\/\\\/www.doucesangevines.com\\\/#website\",\"url\":\"https:\\\/\\\/www.doucesangevines.com\\\/\",\"name\":\"Douces Angevines\",\"description\":\"Femmes Herboristes de Beaut\u00e9\",\"publisher\":{\"@id\":\"https:\\\/\\\/www.doucesangevines.com\\\/#organization\"},\"potentialAction\":[{\"@type\":\"SearchAction\",\"target\":{\"@type\":\"EntryPoint\",\"urlTemplate\":\"https:\\\/\\\/www.doucesangevines.com\\\/?s={search_term_string}\"},\"query-input\":{\"@type\":\"PropertyValueSpecification\",\"valueRequired\":true,\"valueName\":\"search_term_string\"}}],\"inLanguage\":\"en-GB\"},{\"@type\":\"Organization\",\"@id\":\"https:\\\/\\\/www.doucesangevines.com\\\/#organization\",\"name\":\"Douces Angevines\",\"url\":\"https:\\\/\\\/www.doucesangevines.com\\\/\",\"logo\":{\"@type\":\"ImageObject\",\"inLanguage\":\"en-GB\",\"@id\":\"https:\\\/\\\/www.doucesangevines.com\\\/#\\\/schema\\\/logo\\\/image\\\/\",\"url\":\"https:\\\/\\\/www.doucesangevines.com\\\/wp-content\\\/uploads\\\/2022\\\/02\\\/douces-angevines-logo-2025.svg\",\"contentUrl\":\"https:\\\/\\\/www.doucesangevines.com\\\/wp-content\\\/uploads\\\/2022\\\/02\\\/douces-angevines-logo-2025.svg\",\"caption\":\"Douces Angevines\"},\"image\":{\"@id\":\"https:\\\/\\\/www.doucesangevines.com\\\/#\\\/schema\\\/logo\\\/image\\\/\"},\"sameAs\":[\"https:\\\/\\\/fr-fr.facebook.com\\\/doucesangevines\\\/\",\"https:\\\/\\\/www.instagram.com\\\/doucesangevines\\\/\",\"https:\\\/\\\/www.youtube.com\\\/channel\\\/UCcbJc6Om9b7IZDHWj-osu6w\"]}]}<\/script>\n<!-- \/ Yoast SEO plugin. -->","yoast_head_json":{"title":"Freyja - Baume visage bio - Douces Angevines","description":"Baume protecteur, Freyja apaise, r\u00e9conforte, nourrit la peau lorsqu'il fait froid et en toutes saisons. Baume onctueux vegan, Bio, 100% plantes et fleurs.","robots":{"index":"index","follow":"follow","max-snippet":"max-snippet:-1","max-image-preview":"max-image-preview:large","max-video-preview":"max-video-preview:-1"},"canonical":"https:\/\/www.doucesangevines.com\/en\/product\/freyja\/","og_locale":"en_GB","og_type":"article","og_title":"Freyja - Baume visage bio - Douces Angevines","og_description":"Baume protecteur, Freyja apaise, r\u00e9conforte, nourrit la peau lorsqu'il fait froid et en toutes saisons. Baume onctueux vegan, Bio, 100% plantes et fleurs.","og_url":"https:\/\/www.doucesangevines.com\/en\/product\/freyja\/","og_site_name":"Douces Angevines","article_publisher":"https:\/\/fr-fr.facebook.com\/doucesangevines\/","article_modified_time":"2026-03-10T11:02:51+00:00","og_image":[{"width":1132,"height":1132,"url":"https:\/\/www.doucesangevines.com\/wp-content\/uploads\/2022\/03\/Freyja_baume_visage_protecteur_nourrissant-1.jpg","type":"image\/jpeg"}],"twitter_card":"summary_large_image","twitter_misc":{"Estimated reading time":"2 minutes"},"schema":{"@context":"https:\/\/schema.org","@graph":[{"@type":"WebPage","@id":"https:\/\/www.doucesangevines.com\/produit\/freyja\/","url":"https:\/\/www.doucesangevines.com\/produit\/freyja\/","name":"Freyja - Baume visage bio - Douces Angevines","isPartOf":{"@id":"https:\/\/www.doucesangevines.com\/#website"},"primaryImageOfPage":{"@id":"https:\/\/www.doucesangevines.com\/produit\/freyja\/#primaryimage"},"image":{"@id":"https:\/\/www.doucesangevines.com\/produit\/freyja\/#primaryimage"},"thumbnailUrl":"https:\/\/www.doucesangevines.com\/wp-content\/uploads\/2022\/03\/Freyja_baume_visage_protecteur_nourrissant-1.jpg","datePublished":"2022-03-14T20:40:15+00:00","dateModified":"2026-03-10T11:02:51+00:00","description":"Baume protecteur, Freyja apaise, r\u00e9conforte, nourrit la peau lorsqu'il fait froid et en toutes saisons. Baume onctueux vegan, Bio, 100% plantes et fleurs.","breadcrumb":{"@id":"https:\/\/www.doucesangevines.com\/produit\/freyja\/#breadcrumb"},"inLanguage":"en-GB","potentialAction":[{"@type":"ReadAction","target":["https:\/\/www.doucesangevines.com\/produit\/freyja\/"]}]},{"@type":"ImageObject","inLanguage":"en-GB","@id":"https:\/\/www.doucesangevines.com\/produit\/freyja\/#primaryimage","url":"https:\/\/www.doucesangevines.com\/wp-content\/uploads\/2022\/03\/Freyja_baume_visage_protecteur_nourrissant-1.jpg","contentUrl":"https:\/\/www.doucesangevines.com\/wp-content\/uploads\/2022\/03\/Freyja_baume_visage_protecteur_nourrissant-1.jpg","width":1132,"height":1132,"caption":"Freyja baume visage bio - Douces Angevines"},{"@type":"BreadcrumbList","@id":"https:\/\/www.doucesangevines.com\/produit\/freyja\/#breadcrumb","itemListElement":[{"@type":"ListItem","position":1,"name":"Accueil","item":"https:\/\/www.doucesangevines.com\/"},{"@type":"ListItem","position":2,"name":"Boutique","item":"https:\/\/www.doucesangevines.com\/boutique\/"},{"@type":"ListItem","position":3,"name":"Freyja"}]},{"@type":"WebSite","@id":"https:\/\/www.doucesangevines.com\/#website","url":"https:\/\/www.doucesangevines.com\/","name":"Douces Angevines","description":"Women Beauty Herbalists","publisher":{"@id":"https:\/\/www.doucesangevines.com\/#organization"},"potentialAction":[{"@type":"SearchAction","target":{"@type":"EntryPoint","urlTemplate":"https:\/\/www.doucesangevines.com\/?s={search_term_string}"},"query-input":{"@type":"PropertyValueSpecification","valueRequired":true,"valueName":"search_term_string"}}],"inLanguage":"en-GB"},{"@type":"Organization","@id":"https:\/\/www.doucesangevines.com\/#organization","name":"Douces Angevines","url":"https:\/\/www.doucesangevines.com\/","logo":{"@type":"ImageObject","inLanguage":"en-GB","@id":"https:\/\/www.doucesangevines.com\/#\/schema\/logo\/image\/","url":"https:\/\/www.doucesangevines.com\/wp-content\/uploads\/2022\/02\/douces-angevines-logo-2025.svg","contentUrl":"https:\/\/www.doucesangevines.com\/wp-content\/uploads\/2022\/02\/douces-angevines-logo-2025.svg","caption":"Douces Angevines"},"image":{"@id":"https:\/\/www.doucesangevines.com\/#\/schema\/logo\/image\/"},"sameAs":["https:\/\/fr-fr.facebook.com\/doucesangevines\/","https:\/\/www.instagram.com\/doucesangevines\/","https:\/\/www.youtube.com\/channel\/UCcbJc6Om9b7IZDHWj-osu6w"]}]}},"_links":{"self":[{"href":"https:\/\/www.doucesangevines.com\/en\/wp-json\/wp\/v2\/product\/2636","targetHints":{"allow":["GET"]}}],"collection":[{"href":"https:\/\/www.doucesangevines.com\/en\/wp-json\/wp\/v2\/product"}],"about":[{"href":"https:\/\/www.doucesangevines.com\/en\/wp-json\/wp\/v2\/types\/product"}],"wp:featuredmedia":[{"embeddable":true,"href":"https:\/\/www.doucesangevines.com\/en\/wp-json\/wp\/v2\/media\/3592"}],"wp:attachment":[{"href":"https:\/\/www.doucesangevines.com\/en\/wp-json\/wp\/v2\/media?parent=2636"}],"wp:term":[{"taxonomy":"product_featurescat","embeddable":true,"href":"https:\/\/www.doucesangevines.com\/en\/wp-json\/wp\/v2\/product_featurescat?post=2636"},{"taxonomy":"product_brand","embeddable":true,"href":"https:\/\/www.doucesangevines.com\/en\/wp-json\/wp\/v2\/product_brand?post=2636"},{"taxonomy":"product_cat","embeddable":true,"href":"https:\/\/www.doucesangevines.com\/en\/wp-json\/wp\/v2\/product_cat?post=2636"},{"taxonomy":"product_tag","embeddable":true,"href":"https:\/\/www.doucesangevines.com\/en\/wp-json\/wp\/v2\/product_tag?post=2636"}],"curies":[{"name":"wp","href":"https:\/\/api.w.org\/{rel}","templated":true}]}}