{"id":2638,"date":"2022-03-14T21:40:15","date_gmt":"2022-03-14T21:40:15","guid":{"rendered":"http:\/\/doucesangevines.com\/produit\/eau-de-parfum-anima\/"},"modified":"2025-04-02T15:22:59","modified_gmt":"2025-04-02T14:22:59","slug":"eau-de-parfum-anima","status":"publish","type":"product","link":"https:\/\/www.doucesangevines.com\/en\/product\/eau-de-parfum-anima\/","title":{"rendered":"Anima Eau de Parfum"},"content":{"rendered":"<p>Connected to the air, Anima Souffle d'\u00e9toile, comes from the North, the North of the great forests with trees reaching up to the sky and the stars. This is where we venture, warmly wrapped in floral and gourmet notes.<\/p>\n<p>Purely natural, this eau de parfum with its intimate and captivating presence, sublimates the nobility of its precious ingredients: Frankincense, sacred incense, is first rounded off with subtle citrus notes, then it lets itself be tamed by the almost sweetened with Cinnamon, Vanilla and Tonka bean. Then comes the presence of trees with Balsam Fir and Eastern Hemlock, matching the balancing energy of the rare Butterfly Ginger. At the heart, 3 mythical white flowers, among the most fragrant. Precious Tuberose blends with Jasmine and Frangipani in a voluptuous harmony.<\/p>\n<p>Top Notes: Sweet Orange, Butterfly Ginger, Balsam Fir, Lavender.<br \/>\nHeart Notes: Tuberose, Jasmine, Frangipani, Cinnamon.<br \/>\nBase Notes: Hemlock, Vanilla, Tonka Bean, Benzoin.<br \/>\nCross note: Frankincense<\/p>\n<p>As a sign of a genuine perfume, its effect will be unique on each skin. It perfectly respects one's real identity. Enjoy the scent of this eau de parfum on your skin...<\/p>\n<p>Action subtile : Anima \u00e9voque l&#8217;air, le souffle qui nous anime. Anima insuffle tendrement, l\u2019\u00e9quilibre, l\u2019optimisme, une aspiration \u00e0 sentir et d\u00e9ployer son propre mouvement, sa propre danse joyeuse, cr\u00e9ative.<\/p>","protected":false},"excerpt":{"rendered":"<p>Anima exalts the soul with the richness and sensuality of its noble flowers.<br \/>\nIn a harmony of earthy and airy resins, it evokes a celestial, voluptuous and elusive femininity.<\/p>","protected":false},"featured_media":3554,"template":"","meta":{"_acf_changed":false},"product_featurescat":[],"product_brand":[],"product_cat":[102],"product_tag":[192],"class_list":{"0":"post-2638","1":"product","2":"type-product","3":"status-publish","4":"has-post-thumbnail","6":"product_cat-parfums","7":"product_tag-cadeaux","8":"pa_collections-la-pretresse-des-vents","9":"pa_saison-toute-saison","10":"pa_type-de-soin-parfum","12":"first","13":"instock","14":"taxable","15":"shipping-taxable","16":"purchasable","17":"product-type-simple"},"acf":[],"yoast_head":"<!-- This site is optimized with the Yoast SEO plugin v27.4 - https:\/\/yoast.com\/product\/yoast-seo-wordpress\/ -->\n<title>Eau de parfum Anima - Douces Angevines<\/title>\n<meta name=\"description\" content=\"Anima Souffle d&#039;\u00e9toile : un parfum naturel inspir\u00e9 du Nord, alliant notes florales et gourmandes pour une harmonie unique sur votre peau.\" \/>\n<meta name=\"robots\" content=\"index, follow, max-snippet:-1, max-image-preview:large, max-video-preview:-1\" \/>\n<link rel=\"canonical\" href=\"https:\/\/www.doucesangevines.com\/en\/product\/eau-de-parfum-anima\/\" \/>\n<meta property=\"og:locale\" content=\"en_GB\" \/>\n<meta property=\"og:type\" content=\"article\" \/>\n<meta property=\"og:title\" content=\"Eau de parfum Anima - Douces Angevines\" \/>\n<meta property=\"og:description\" content=\"Anima Souffle d&#039;\u00e9toile : un parfum naturel inspir\u00e9 du Nord, alliant notes florales et gourmandes pour une harmonie unique sur votre peau.\" \/>\n<meta property=\"og:url\" content=\"https:\/\/www.doucesangevines.com\/en\/product\/eau-de-parfum-anima\/\" \/>\n<meta property=\"og:site_name\" content=\"Douces Angevines\" \/>\n<meta property=\"article:publisher\" content=\"https:\/\/fr-fr.facebook.com\/doucesangevines\/\" \/>\n<meta property=\"article:modified_time\" content=\"2025-04-02T14:22:59+00:00\" \/>\n<meta property=\"og:image\" content=\"https:\/\/www.doucesangevines.com\/wp-content\/uploads\/2022\/03\/Anima_souffle_d_Etoile_Eau_de_parfum_naturelle-1.jpg\" \/>\n\t<meta property=\"og:image:width\" content=\"1132\" \/>\n\t<meta property=\"og:image:height\" content=\"1132\" \/>\n\t<meta property=\"og:image:type\" content=\"image\/jpeg\" \/>\n<meta name=\"twitter:card\" content=\"summary_large_image\" \/>\n<meta name=\"twitter:label1\" content=\"Estimated reading time\" \/>\n\t<meta name=\"twitter:data1\" content=\"2 minutes\" \/>\n<script type=\"application\/ld+json\" class=\"yoast-schema-graph\">{\"@context\":\"https:\\\/\\\/schema.org\",\"@graph\":[{\"@type\":\"WebPage\",\"@id\":\"https:\\\/\\\/www.doucesangevines.com\\\/produit\\\/eau-de-parfum-anima\\\/\",\"url\":\"https:\\\/\\\/www.doucesangevines.com\\\/produit\\\/eau-de-parfum-anima\\\/\",\"name\":\"Eau de parfum Anima - Douces Angevines\",\"isPartOf\":{\"@id\":\"https:\\\/\\\/www.doucesangevines.com\\\/#website\"},\"primaryImageOfPage\":{\"@id\":\"https:\\\/\\\/www.doucesangevines.com\\\/produit\\\/eau-de-parfum-anima\\\/#primaryimage\"},\"image\":{\"@id\":\"https:\\\/\\\/www.doucesangevines.com\\\/produit\\\/eau-de-parfum-anima\\\/#primaryimage\"},\"thumbnailUrl\":\"https:\\\/\\\/www.doucesangevines.com\\\/wp-content\\\/uploads\\\/2022\\\/03\\\/Anima_souffle_d_Etoile_Eau_de_parfum_naturelle-1.jpg\",\"datePublished\":\"2022-03-14T21:40:15+00:00\",\"dateModified\":\"2025-04-02T14:22:59+00:00\",\"description\":\"Anima Souffle d'\u00e9toile : un parfum naturel inspir\u00e9 du Nord, alliant notes florales et gourmandes pour une harmonie unique sur votre peau.\",\"breadcrumb\":{\"@id\":\"https:\\\/\\\/www.doucesangevines.com\\\/produit\\\/eau-de-parfum-anima\\\/#breadcrumb\"},\"inLanguage\":\"en-GB\",\"potentialAction\":[{\"@type\":\"ReadAction\",\"target\":[\"https:\\\/\\\/www.doucesangevines.com\\\/produit\\\/eau-de-parfum-anima\\\/\"]}]},{\"@type\":\"ImageObject\",\"inLanguage\":\"en-GB\",\"@id\":\"https:\\\/\\\/www.doucesangevines.com\\\/produit\\\/eau-de-parfum-anima\\\/#primaryimage\",\"url\":\"https:\\\/\\\/www.doucesangevines.com\\\/wp-content\\\/uploads\\\/2022\\\/03\\\/Anima_souffle_d_Etoile_Eau_de_parfum_naturelle-1.jpg\",\"contentUrl\":\"https:\\\/\\\/www.doucesangevines.com\\\/wp-content\\\/uploads\\\/2022\\\/03\\\/Anima_souffle_d_Etoile_Eau_de_parfum_naturelle-1.jpg\",\"width\":1132,\"height\":1132,\"caption\":\"Anima Souffle d'\u00e9toile parfum naturel - Douces Angevines\"},{\"@type\":\"BreadcrumbList\",\"@id\":\"https:\\\/\\\/www.doucesangevines.com\\\/produit\\\/eau-de-parfum-anima\\\/#breadcrumb\",\"itemListElement\":[{\"@type\":\"ListItem\",\"position\":1,\"name\":\"Accueil\",\"item\":\"https:\\\/\\\/www.doucesangevines.com\\\/\"},{\"@type\":\"ListItem\",\"position\":2,\"name\":\"Boutique\",\"item\":\"https:\\\/\\\/www.doucesangevines.com\\\/boutique\\\/\"},{\"@type\":\"ListItem\",\"position\":3,\"name\":\"Eau de parfum Anima\"}]},{\"@type\":\"WebSite\",\"@id\":\"https:\\\/\\\/www.doucesangevines.com\\\/#website\",\"url\":\"https:\\\/\\\/www.doucesangevines.com\\\/\",\"name\":\"Douces Angevines\",\"description\":\"Femmes Herboristes de Beaut\u00e9\",\"publisher\":{\"@id\":\"https:\\\/\\\/www.doucesangevines.com\\\/#organization\"},\"potentialAction\":[{\"@type\":\"SearchAction\",\"target\":{\"@type\":\"EntryPoint\",\"urlTemplate\":\"https:\\\/\\\/www.doucesangevines.com\\\/?s={search_term_string}\"},\"query-input\":{\"@type\":\"PropertyValueSpecification\",\"valueRequired\":true,\"valueName\":\"search_term_string\"}}],\"inLanguage\":\"en-GB\"},{\"@type\":\"Organization\",\"@id\":\"https:\\\/\\\/www.doucesangevines.com\\\/#organization\",\"name\":\"Douces Angevines\",\"url\":\"https:\\\/\\\/www.doucesangevines.com\\\/\",\"logo\":{\"@type\":\"ImageObject\",\"inLanguage\":\"en-GB\",\"@id\":\"https:\\\/\\\/www.doucesangevines.com\\\/#\\\/schema\\\/logo\\\/image\\\/\",\"url\":\"https:\\\/\\\/www.doucesangevines.com\\\/wp-content\\\/uploads\\\/2022\\\/02\\\/douces-angevines-logo-2025.svg\",\"contentUrl\":\"https:\\\/\\\/www.doucesangevines.com\\\/wp-content\\\/uploads\\\/2022\\\/02\\\/douces-angevines-logo-2025.svg\",\"caption\":\"Douces Angevines\"},\"image\":{\"@id\":\"https:\\\/\\\/www.doucesangevines.com\\\/#\\\/schema\\\/logo\\\/image\\\/\"},\"sameAs\":[\"https:\\\/\\\/fr-fr.facebook.com\\\/doucesangevines\\\/\",\"https:\\\/\\\/www.instagram.com\\\/doucesangevines\\\/\",\"https:\\\/\\\/www.youtube.com\\\/channel\\\/UCcbJc6Om9b7IZDHWj-osu6w\"]}]}<\/script>\n<!-- \/ Yoast SEO plugin. -->","yoast_head_json":{"title":"Eau de parfum Anima - Douces Angevines","description":"Anima Souffle d'\u00e9toile : un parfum naturel inspir\u00e9 du Nord, alliant notes florales et gourmandes pour une harmonie unique sur votre peau.","robots":{"index":"index","follow":"follow","max-snippet":"max-snippet:-1","max-image-preview":"max-image-preview:large","max-video-preview":"max-video-preview:-1"},"canonical":"https:\/\/www.doucesangevines.com\/en\/product\/eau-de-parfum-anima\/","og_locale":"en_GB","og_type":"article","og_title":"Eau de parfum Anima - Douces Angevines","og_description":"Anima Souffle d'\u00e9toile : un parfum naturel inspir\u00e9 du Nord, alliant notes florales et gourmandes pour une harmonie unique sur votre peau.","og_url":"https:\/\/www.doucesangevines.com\/en\/product\/eau-de-parfum-anima\/","og_site_name":"Douces Angevines","article_publisher":"https:\/\/fr-fr.facebook.com\/doucesangevines\/","article_modified_time":"2025-04-02T14:22:59+00:00","og_image":[{"width":1132,"height":1132,"url":"https:\/\/www.doucesangevines.com\/wp-content\/uploads\/2022\/03\/Anima_souffle_d_Etoile_Eau_de_parfum_naturelle-1.jpg","type":"image\/jpeg"}],"twitter_card":"summary_large_image","twitter_misc":{"Estimated reading time":"2 minutes"},"schema":{"@context":"https:\/\/schema.org","@graph":[{"@type":"WebPage","@id":"https:\/\/www.doucesangevines.com\/produit\/eau-de-parfum-anima\/","url":"https:\/\/www.doucesangevines.com\/produit\/eau-de-parfum-anima\/","name":"Eau de parfum Anima - Douces Angevines","isPartOf":{"@id":"https:\/\/www.doucesangevines.com\/#website"},"primaryImageOfPage":{"@id":"https:\/\/www.doucesangevines.com\/produit\/eau-de-parfum-anima\/#primaryimage"},"image":{"@id":"https:\/\/www.doucesangevines.com\/produit\/eau-de-parfum-anima\/#primaryimage"},"thumbnailUrl":"https:\/\/www.doucesangevines.com\/wp-content\/uploads\/2022\/03\/Anima_souffle_d_Etoile_Eau_de_parfum_naturelle-1.jpg","datePublished":"2022-03-14T21:40:15+00:00","dateModified":"2025-04-02T14:22:59+00:00","description":"Anima Souffle d'\u00e9toile : un parfum naturel inspir\u00e9 du Nord, alliant notes florales et gourmandes pour une harmonie unique sur votre peau.","breadcrumb":{"@id":"https:\/\/www.doucesangevines.com\/produit\/eau-de-parfum-anima\/#breadcrumb"},"inLanguage":"en-GB","potentialAction":[{"@type":"ReadAction","target":["https:\/\/www.doucesangevines.com\/produit\/eau-de-parfum-anima\/"]}]},{"@type":"ImageObject","inLanguage":"en-GB","@id":"https:\/\/www.doucesangevines.com\/produit\/eau-de-parfum-anima\/#primaryimage","url":"https:\/\/www.doucesangevines.com\/wp-content\/uploads\/2022\/03\/Anima_souffle_d_Etoile_Eau_de_parfum_naturelle-1.jpg","contentUrl":"https:\/\/www.doucesangevines.com\/wp-content\/uploads\/2022\/03\/Anima_souffle_d_Etoile_Eau_de_parfum_naturelle-1.jpg","width":1132,"height":1132,"caption":"Anima Souffle d'\u00e9toile parfum naturel - Douces Angevines"},{"@type":"BreadcrumbList","@id":"https:\/\/www.doucesangevines.com\/produit\/eau-de-parfum-anima\/#breadcrumb","itemListElement":[{"@type":"ListItem","position":1,"name":"Accueil","item":"https:\/\/www.doucesangevines.com\/"},{"@type":"ListItem","position":2,"name":"Boutique","item":"https:\/\/www.doucesangevines.com\/boutique\/"},{"@type":"ListItem","position":3,"name":"Eau de parfum Anima"}]},{"@type":"WebSite","@id":"https:\/\/www.doucesangevines.com\/#website","url":"https:\/\/www.doucesangevines.com\/","name":"Douces Angevines","description":"Women Beauty Herbalists","publisher":{"@id":"https:\/\/www.doucesangevines.com\/#organization"},"potentialAction":[{"@type":"SearchAction","target":{"@type":"EntryPoint","urlTemplate":"https:\/\/www.doucesangevines.com\/?s={search_term_string}"},"query-input":{"@type":"PropertyValueSpecification","valueRequired":true,"valueName":"search_term_string"}}],"inLanguage":"en-GB"},{"@type":"Organization","@id":"https:\/\/www.doucesangevines.com\/#organization","name":"Douces Angevines","url":"https:\/\/www.doucesangevines.com\/","logo":{"@type":"ImageObject","inLanguage":"en-GB","@id":"https:\/\/www.doucesangevines.com\/#\/schema\/logo\/image\/","url":"https:\/\/www.doucesangevines.com\/wp-content\/uploads\/2022\/02\/douces-angevines-logo-2025.svg","contentUrl":"https:\/\/www.doucesangevines.com\/wp-content\/uploads\/2022\/02\/douces-angevines-logo-2025.svg","caption":"Douces Angevines"},"image":{"@id":"https:\/\/www.doucesangevines.com\/#\/schema\/logo\/image\/"},"sameAs":["https:\/\/fr-fr.facebook.com\/doucesangevines\/","https:\/\/www.instagram.com\/doucesangevines\/","https:\/\/www.youtube.com\/channel\/UCcbJc6Om9b7IZDHWj-osu6w"]}]}},"_links":{"self":[{"href":"https:\/\/www.doucesangevines.com\/en\/wp-json\/wp\/v2\/product\/2638","targetHints":{"allow":["GET"]}}],"collection":[{"href":"https:\/\/www.doucesangevines.com\/en\/wp-json\/wp\/v2\/product"}],"about":[{"href":"https:\/\/www.doucesangevines.com\/en\/wp-json\/wp\/v2\/types\/product"}],"wp:featuredmedia":[{"embeddable":true,"href":"https:\/\/www.doucesangevines.com\/en\/wp-json\/wp\/v2\/media\/3554"}],"wp:attachment":[{"href":"https:\/\/www.doucesangevines.com\/en\/wp-json\/wp\/v2\/media?parent=2638"}],"wp:term":[{"taxonomy":"product_featurescat","embeddable":true,"href":"https:\/\/www.doucesangevines.com\/en\/wp-json\/wp\/v2\/product_featurescat?post=2638"},{"taxonomy":"product_brand","embeddable":true,"href":"https:\/\/www.doucesangevines.com\/en\/wp-json\/wp\/v2\/product_brand?post=2638"},{"taxonomy":"product_cat","embeddable":true,"href":"https:\/\/www.doucesangevines.com\/en\/wp-json\/wp\/v2\/product_cat?post=2638"},{"taxonomy":"product_tag","embeddable":true,"href":"https:\/\/www.doucesangevines.com\/en\/wp-json\/wp\/v2\/product_tag?post=2638"}],"curies":[{"name":"wp","href":"https:\/\/api.w.org\/{rel}","templated":true}]}}