{"id":2639,"date":"2022-03-14T21:40:15","date_gmt":"2022-03-14T21:40:15","guid":{"rendered":"http:\/\/doucesangevines.com\/produit\/eau-de-parfum-io\/"},"modified":"2026-04-22T15:03:35","modified_gmt":"2026-04-22T14:03:35","slug":"eau-de-parfum-io","status":"publish","type":"product","link":"https:\/\/www.doucesangevines.com\/en\/product\/eau-de-parfum-io\/","title":{"rendered":"Eau de Parfum iO"},"content":{"rendered":"<p>IO Ce que je suis evokes the warm breath of the Earth, the original matrix. It is a protective perfume of the human being.<\/p>\n<p>Deep, soft and full presence of Bushman Candle, Labdanum and its luminous mystery interact with the sensitive and lunar Myrrh. The harmony of Rose mixed with Ylang Ylang and Magnolia with a sigh of Paramela opens the heart...<\/p>\n<p>IO Ce que je suis is a mixed eau de parfum. As a sign of a genuine perfume, its contact will be unique on each skin. It forms a perfectly harmonious symbiosis with each skin and wonderfully respects the real identity of the person who wears it. It is a pleasure to sense, in the sweetness of its fragrance, the union of our eau de parfum with your skin...<\/p>\n<p>Its action :<br \/>\nIl invite \u00e0 retrouver les racines de notre nature profonde, \u00e0 r\u00e9veiller la m\u00e9moire de notre identit\u00e9 originelle et lui donne la s\u00e9r\u00e9nit\u00e9 et la force de s&#8217;exprimer en toute libert\u00e9, de participer pleinement \u00e0 l&#8217;instant pr\u00e9sent. &#8220;C\u2019est un peu fou mais c\u2019est l\u2019intention que j\u2019ai plac\u00e9e dans ce parfum, qu\u2019il nous prot\u00e8ge comme nous sommes, berc\u00e9s par la bienveillance maternelle de la terre&#8221;<\/p>\n<p>Video: Mich\u00e8le Cros talks about the creation of the iO perfume Ce que je suis, to watch here<\/p>","protected":false},"excerpt":{"rendered":"<p>IO Ce que je suis eau de parfum feeds the soul with the sacred beauty of its resins and ancient woods. The grace of its precious flowers delights the heart. Its aromatics are reminiscent of the palaces of Knossos. IO encourages and protects the self, invites to reconnect with the mystery of \"what I am\".<\/p>","protected":false},"featured_media":3600,"template":"","meta":{"_acf_changed":false},"product_featurescat":[],"product_brand":[],"product_cat":[102],"product_tag":[192],"class_list":{"0":"post-2639","1":"product","2":"type-product","3":"status-publish","4":"has-post-thumbnail","6":"product_cat-parfums","7":"product_tag-cadeaux","8":"pa_collections-la-pretresse-des-vents","9":"pa_saison-toute-saison","10":"pa_type-de-soin-parfum","12":"first","13":"onbackorder","14":"taxable","15":"shipping-taxable","16":"purchasable","17":"product-type-simple"},"acf":[],"yoast_head":"<!-- This site is optimized with the Yoast SEO plugin v27.5 - https:\/\/yoast.com\/product\/yoast-seo-wordpress\/ -->\n<title>Eau de parfum iO - Douces Angevines<\/title>\n<meta name=\"description\" content=\"IO Ce que je suis : un parfum mixte \u00e9voquant le souffle chaud de la Terre, m\u00ealant Labdanum, Myrrhe, Rose, Ylang Ylang pour une symbiose unique.\" \/>\n<meta name=\"robots\" content=\"index, follow, max-snippet:-1, max-image-preview:large, max-video-preview:-1\" \/>\n<link rel=\"canonical\" href=\"https:\/\/www.doucesangevines.com\/en\/product\/eau-de-parfum-io\/\" \/>\n<meta property=\"og:locale\" content=\"en_GB\" \/>\n<meta property=\"og:type\" content=\"article\" \/>\n<meta property=\"og:title\" content=\"Eau de parfum iO - Douces Angevines\" \/>\n<meta property=\"og:description\" content=\"IO Ce que je suis : un parfum mixte \u00e9voquant le souffle chaud de la Terre, m\u00ealant Labdanum, Myrrhe, Rose, Ylang Ylang pour une symbiose unique.\" \/>\n<meta property=\"og:url\" content=\"https:\/\/www.doucesangevines.com\/en\/product\/eau-de-parfum-io\/\" \/>\n<meta property=\"og:site_name\" content=\"Douces Angevines\" \/>\n<meta property=\"article:publisher\" content=\"https:\/\/fr-fr.facebook.com\/doucesangevines\/\" \/>\n<meta property=\"article:modified_time\" content=\"2026-04-22T14:03:35+00:00\" \/>\n<meta property=\"og:image\" content=\"https:\/\/www.doucesangevines.com\/wp-content\/uploads\/2022\/03\/iO_Ce_Que_Je_Suis_Eau_de_parfum_naturelle-1.jpg\" \/>\n\t<meta property=\"og:image:width\" content=\"1132\" \/>\n\t<meta property=\"og:image:height\" content=\"1132\" \/>\n\t<meta property=\"og:image:type\" content=\"image\/jpeg\" \/>\n<meta name=\"twitter:card\" content=\"summary_large_image\" \/>\n<meta name=\"twitter:label1\" content=\"Estimated reading time\" \/>\n\t<meta name=\"twitter:data1\" content=\"2 minutes\" \/>\n<script type=\"application\/ld+json\" class=\"yoast-schema-graph\">{\"@context\":\"https:\\\/\\\/schema.org\",\"@graph\":[{\"@type\":\"WebPage\",\"@id\":\"https:\\\/\\\/www.doucesangevines.com\\\/produit\\\/eau-de-parfum-io\\\/\",\"url\":\"https:\\\/\\\/www.doucesangevines.com\\\/produit\\\/eau-de-parfum-io\\\/\",\"name\":\"Eau de parfum iO - Douces Angevines\",\"isPartOf\":{\"@id\":\"https:\\\/\\\/www.doucesangevines.com\\\/#website\"},\"primaryImageOfPage\":{\"@id\":\"https:\\\/\\\/www.doucesangevines.com\\\/produit\\\/eau-de-parfum-io\\\/#primaryimage\"},\"image\":{\"@id\":\"https:\\\/\\\/www.doucesangevines.com\\\/produit\\\/eau-de-parfum-io\\\/#primaryimage\"},\"thumbnailUrl\":\"https:\\\/\\\/www.doucesangevines.com\\\/wp-content\\\/uploads\\\/2022\\\/03\\\/iO_Ce_Que_Je_Suis_Eau_de_parfum_naturelle-1.jpg\",\"datePublished\":\"2022-03-14T21:40:15+00:00\",\"dateModified\":\"2026-04-22T14:03:35+00:00\",\"description\":\"IO Ce que je suis : un parfum mixte \u00e9voquant le souffle chaud de la Terre, m\u00ealant Labdanum, Myrrhe, Rose, Ylang Ylang pour une symbiose unique.\",\"breadcrumb\":{\"@id\":\"https:\\\/\\\/www.doucesangevines.com\\\/produit\\\/eau-de-parfum-io\\\/#breadcrumb\"},\"inLanguage\":\"en-GB\",\"potentialAction\":[{\"@type\":\"ReadAction\",\"target\":[\"https:\\\/\\\/www.doucesangevines.com\\\/produit\\\/eau-de-parfum-io\\\/\"]}]},{\"@type\":\"ImageObject\",\"inLanguage\":\"en-GB\",\"@id\":\"https:\\\/\\\/www.doucesangevines.com\\\/produit\\\/eau-de-parfum-io\\\/#primaryimage\",\"url\":\"https:\\\/\\\/www.doucesangevines.com\\\/wp-content\\\/uploads\\\/2022\\\/03\\\/iO_Ce_Que_Je_Suis_Eau_de_parfum_naturelle-1.jpg\",\"contentUrl\":\"https:\\\/\\\/www.doucesangevines.com\\\/wp-content\\\/uploads\\\/2022\\\/03\\\/iO_Ce_Que_Je_Suis_Eau_de_parfum_naturelle-1.jpg\",\"width\":1132,\"height\":1132,\"caption\":\"iO Ce que je suis parfum naturel mixte - Douces Angevines\"},{\"@type\":\"BreadcrumbList\",\"@id\":\"https:\\\/\\\/www.doucesangevines.com\\\/produit\\\/eau-de-parfum-io\\\/#breadcrumb\",\"itemListElement\":[{\"@type\":\"ListItem\",\"position\":1,\"name\":\"Accueil\",\"item\":\"https:\\\/\\\/www.doucesangevines.com\\\/\"},{\"@type\":\"ListItem\",\"position\":2,\"name\":\"Boutique\",\"item\":\"https:\\\/\\\/www.doucesangevines.com\\\/boutique\\\/\"},{\"@type\":\"ListItem\",\"position\":3,\"name\":\"Eau de parfum iO\"}]},{\"@type\":\"WebSite\",\"@id\":\"https:\\\/\\\/www.doucesangevines.com\\\/#website\",\"url\":\"https:\\\/\\\/www.doucesangevines.com\\\/\",\"name\":\"Douces Angevines\",\"description\":\"Femmes Herboristes de Beaut\u00e9\",\"publisher\":{\"@id\":\"https:\\\/\\\/www.doucesangevines.com\\\/#organization\"},\"potentialAction\":[{\"@type\":\"SearchAction\",\"target\":{\"@type\":\"EntryPoint\",\"urlTemplate\":\"https:\\\/\\\/www.doucesangevines.com\\\/?s={search_term_string}\"},\"query-input\":{\"@type\":\"PropertyValueSpecification\",\"valueRequired\":true,\"valueName\":\"search_term_string\"}}],\"inLanguage\":\"en-GB\"},{\"@type\":\"Organization\",\"@id\":\"https:\\\/\\\/www.doucesangevines.com\\\/#organization\",\"name\":\"Douces Angevines\",\"url\":\"https:\\\/\\\/www.doucesangevines.com\\\/\",\"logo\":{\"@type\":\"ImageObject\",\"inLanguage\":\"en-GB\",\"@id\":\"https:\\\/\\\/www.doucesangevines.com\\\/#\\\/schema\\\/logo\\\/image\\\/\",\"url\":\"https:\\\/\\\/www.doucesangevines.com\\\/wp-content\\\/uploads\\\/2022\\\/02\\\/douces-angevines-logo-2025.svg\",\"contentUrl\":\"https:\\\/\\\/www.doucesangevines.com\\\/wp-content\\\/uploads\\\/2022\\\/02\\\/douces-angevines-logo-2025.svg\",\"caption\":\"Douces Angevines\"},\"image\":{\"@id\":\"https:\\\/\\\/www.doucesangevines.com\\\/#\\\/schema\\\/logo\\\/image\\\/\"},\"sameAs\":[\"https:\\\/\\\/fr-fr.facebook.com\\\/doucesangevines\\\/\",\"https:\\\/\\\/www.instagram.com\\\/doucesangevines\\\/\",\"https:\\\/\\\/www.youtube.com\\\/channel\\\/UCcbJc6Om9b7IZDHWj-osu6w\"]}]}<\/script>\n<!-- \/ Yoast SEO plugin. -->","yoast_head_json":{"title":"Eau de Parfum iO - Douces Angevines","description":"IO Ce que je suis : un parfum mixte \u00e9voquant le souffle chaud de la Terre, m\u00ealant Labdanum, Myrrhe, Rose, Ylang Ylang pour une symbiose unique.","robots":{"index":"index","follow":"follow","max-snippet":"max-snippet:-1","max-image-preview":"max-image-preview:large","max-video-preview":"max-video-preview:-1"},"canonical":"https:\/\/www.doucesangevines.com\/en\/product\/eau-de-parfum-io\/","og_locale":"en_GB","og_type":"article","og_title":"Eau de parfum iO - Douces Angevines","og_description":"IO Ce que je suis : un parfum mixte \u00e9voquant le souffle chaud de la Terre, m\u00ealant Labdanum, Myrrhe, Rose, Ylang Ylang pour une symbiose unique.","og_url":"https:\/\/www.doucesangevines.com\/en\/product\/eau-de-parfum-io\/","og_site_name":"Douces Angevines","article_publisher":"https:\/\/fr-fr.facebook.com\/doucesangevines\/","article_modified_time":"2026-04-22T14:03:35+00:00","og_image":[{"width":1132,"height":1132,"url":"https:\/\/www.doucesangevines.com\/wp-content\/uploads\/2022\/03\/iO_Ce_Que_Je_Suis_Eau_de_parfum_naturelle-1.jpg","type":"image\/jpeg"}],"twitter_card":"summary_large_image","twitter_misc":{"Estimated reading time":"2 minutes"},"schema":{"@context":"https:\/\/schema.org","@graph":[{"@type":"WebPage","@id":"https:\/\/www.doucesangevines.com\/produit\/eau-de-parfum-io\/","url":"https:\/\/www.doucesangevines.com\/produit\/eau-de-parfum-io\/","name":"Eau de Parfum iO - Douces Angevines","isPartOf":{"@id":"https:\/\/www.doucesangevines.com\/#website"},"primaryImageOfPage":{"@id":"https:\/\/www.doucesangevines.com\/produit\/eau-de-parfum-io\/#primaryimage"},"image":{"@id":"https:\/\/www.doucesangevines.com\/produit\/eau-de-parfum-io\/#primaryimage"},"thumbnailUrl":"https:\/\/www.doucesangevines.com\/wp-content\/uploads\/2022\/03\/iO_Ce_Que_Je_Suis_Eau_de_parfum_naturelle-1.jpg","datePublished":"2022-03-14T21:40:15+00:00","dateModified":"2026-04-22T14:03:35+00:00","description":"IO Ce que je suis : un parfum mixte \u00e9voquant le souffle chaud de la Terre, m\u00ealant Labdanum, Myrrhe, Rose, Ylang Ylang pour une symbiose unique.","breadcrumb":{"@id":"https:\/\/www.doucesangevines.com\/produit\/eau-de-parfum-io\/#breadcrumb"},"inLanguage":"en-GB","potentialAction":[{"@type":"ReadAction","target":["https:\/\/www.doucesangevines.com\/produit\/eau-de-parfum-io\/"]}]},{"@type":"ImageObject","inLanguage":"en-GB","@id":"https:\/\/www.doucesangevines.com\/produit\/eau-de-parfum-io\/#primaryimage","url":"https:\/\/www.doucesangevines.com\/wp-content\/uploads\/2022\/03\/iO_Ce_Que_Je_Suis_Eau_de_parfum_naturelle-1.jpg","contentUrl":"https:\/\/www.doucesangevines.com\/wp-content\/uploads\/2022\/03\/iO_Ce_Que_Je_Suis_Eau_de_parfum_naturelle-1.jpg","width":1132,"height":1132,"caption":"iO Ce que je suis parfum naturel mixte - Douces Angevines"},{"@type":"BreadcrumbList","@id":"https:\/\/www.doucesangevines.com\/produit\/eau-de-parfum-io\/#breadcrumb","itemListElement":[{"@type":"ListItem","position":1,"name":"Accueil","item":"https:\/\/www.doucesangevines.com\/"},{"@type":"ListItem","position":2,"name":"Boutique","item":"https:\/\/www.doucesangevines.com\/boutique\/"},{"@type":"ListItem","position":3,"name":"Eau de parfum iO"}]},{"@type":"WebSite","@id":"https:\/\/www.doucesangevines.com\/#website","url":"https:\/\/www.doucesangevines.com\/","name":"Douces Angevines","description":"Women Beauty Herbalists","publisher":{"@id":"https:\/\/www.doucesangevines.com\/#organization"},"potentialAction":[{"@type":"SearchAction","target":{"@type":"EntryPoint","urlTemplate":"https:\/\/www.doucesangevines.com\/?s={search_term_string}"},"query-input":{"@type":"PropertyValueSpecification","valueRequired":true,"valueName":"search_term_string"}}],"inLanguage":"en-GB"},{"@type":"Organization","@id":"https:\/\/www.doucesangevines.com\/#organization","name":"Douces Angevines","url":"https:\/\/www.doucesangevines.com\/","logo":{"@type":"ImageObject","inLanguage":"en-GB","@id":"https:\/\/www.doucesangevines.com\/#\/schema\/logo\/image\/","url":"https:\/\/www.doucesangevines.com\/wp-content\/uploads\/2022\/02\/douces-angevines-logo-2025.svg","contentUrl":"https:\/\/www.doucesangevines.com\/wp-content\/uploads\/2022\/02\/douces-angevines-logo-2025.svg","caption":"Douces Angevines"},"image":{"@id":"https:\/\/www.doucesangevines.com\/#\/schema\/logo\/image\/"},"sameAs":["https:\/\/fr-fr.facebook.com\/doucesangevines\/","https:\/\/www.instagram.com\/doucesangevines\/","https:\/\/www.youtube.com\/channel\/UCcbJc6Om9b7IZDHWj-osu6w"]}]}},"_links":{"self":[{"href":"https:\/\/www.doucesangevines.com\/en\/wp-json\/wp\/v2\/product\/2639","targetHints":{"allow":["GET"]}}],"collection":[{"href":"https:\/\/www.doucesangevines.com\/en\/wp-json\/wp\/v2\/product"}],"about":[{"href":"https:\/\/www.doucesangevines.com\/en\/wp-json\/wp\/v2\/types\/product"}],"wp:featuredmedia":[{"embeddable":true,"href":"https:\/\/www.doucesangevines.com\/en\/wp-json\/wp\/v2\/media\/3600"}],"wp:attachment":[{"href":"https:\/\/www.doucesangevines.com\/en\/wp-json\/wp\/v2\/media?parent=2639"}],"wp:term":[{"taxonomy":"product_featurescat","embeddable":true,"href":"https:\/\/www.doucesangevines.com\/en\/wp-json\/wp\/v2\/product_featurescat?post=2639"},{"taxonomy":"product_brand","embeddable":true,"href":"https:\/\/www.doucesangevines.com\/en\/wp-json\/wp\/v2\/product_brand?post=2639"},{"taxonomy":"product_cat","embeddable":true,"href":"https:\/\/www.doucesangevines.com\/en\/wp-json\/wp\/v2\/product_cat?post=2639"},{"taxonomy":"product_tag","embeddable":true,"href":"https:\/\/www.doucesangevines.com\/en\/wp-json\/wp\/v2\/product_tag?post=2639"}],"curies":[{"name":"wp","href":"https:\/\/api.w.org\/{rel}","templated":true}]}}