{"id":2646,"date":"2022-03-14T21:40:16","date_gmt":"2022-03-14T20:40:16","guid":{"rendered":"http:\/\/doucesangevines.com\/produit\/baume-de-flore\/"},"modified":"2026-03-11T15:11:12","modified_gmt":"2026-03-11T14:11:12","slug":"baume-de-flore-fluide-visage-et-corps-detox","status":"publish","type":"product","link":"https:\/\/www.doucesangevines.com\/en\/product\/baume-de-flore\/","title":{"rendered":"Baume de Flore"},"content":{"rendered":"<p>To effectively help the skin to cleanse itself, we have created an exclusive synergy of simple macerations from the herbalist tradition of beauty:<br \/>\nAu coeur, un mac\u00e9rat original de fleurs de Pissenlit. Il apporte sa douceur et ses vertus anti inflammatoires. Ses fleurs sont riches en carot\u00e9no\u00efdes reconnus pour leur action d\u2019\u00e9limination des toxines et de neutralisation des radicaux libres responsables du vieillissement pr\u00e9matur\u00e9 de la peau.<br \/>\nThe macerate of Ash leaves, with depurative and detoxifying qualities, supports the circulation and the elimination.<br \/>\nWild Pansy macerate brings its purifying and softening properties to the skin.<br \/>\nHazelnut oil, stimulating, helps to tighten the pores of the skin.<br \/>\nCamelina oil is very rich in antioxidant vitamin E and anti-free radical omega 3. It reinforces the action of dandelion flower maceration.<br \/>\nA synergy of finely dosed essential oils completes the detoxifying, simulating and soothing action of this balm.<\/p>\n<div id=\"sconnect-is-installed\" style=\"display: none;\">2.15.1.0<\/div>","protected":false},"excerpt":{"rendered":"<p>Ce fluide-s\u00e9rum aide tous les types de peaux \u00e0 se lib\u00e9rer de l\u2019accumulation de toxines et d\u2019impuret\u00e9s. Fleurs de Pissenlit, Pens\u00e9e sauvage, feuilles de Fr\u00eane, bois de Gen\u00e9vrier de Virginie s\u2019unissent pour stimuler la d\u00e9toxification et les fonctions de r\u00e9g\u00e9n\u00e9ration de votre peau. Appliquer matin et soir en l\u00e9ger massage, en cure d\u2019un flacon.<\/p>\n<p>&nbsp;<\/p>\n<div id=\"sconnect-is-installed\" style=\"display: none;\">2.15.1.0<\/div>","protected":false},"featured_media":22342,"template":"","meta":{"_acf_changed":false},"product_featurescat":[],"product_brand":[],"product_cat":[95],"product_tag":[189,190,191],"class_list":{"0":"post-2646","1":"product","2":"type-product","3":"status-publish","4":"has-post-thumbnail","6":"product_cat-visage","7":"product_tag-quiz","8":"product_tag-favoris","9":"product_tag-de-saison","10":"pa_collections-au-fil-des-jours","11":"pa_preoccupation-visage-eclat","12":"pa_preoccupation-visage-imperfections","13":"pa_saison-automne","14":"pa_saison-printemps","15":"pa_type-de-peau-grasse","16":"pa_type-de-peau-normale","17":"pa_type-de-peau-mixte","18":"pa_type-de-soin-soin-de-jour","20":"first","21":"instock","22":"taxable","23":"shipping-taxable","24":"purchasable","25":"product-type-simple"},"acf":[],"yoast_head":"<!-- This site is optimized with the Yoast SEO plugin v27.4 - https:\/\/yoast.com\/product\/yoast-seo-wordpress\/ -->\n<title>Baume de Flore- Fluide visage et corps d\u00e9tox - Douces Angevines<\/title>\n<meta name=\"description\" content=\"Fluide-s\u00e9rum visage et corps d\u00e9tox bio. Synergie exclusive de mac\u00e9rations de simples issus de la tradition herboriste de beaut\u00e9.\" \/>\n<meta name=\"robots\" content=\"index, follow, max-snippet:-1, max-image-preview:large, max-video-preview:-1\" \/>\n<link rel=\"canonical\" href=\"https:\/\/www.doucesangevines.com\/en\/product\/baume-de-flore\/\" \/>\n<meta property=\"og:locale\" content=\"en_GB\" \/>\n<meta property=\"og:type\" content=\"article\" \/>\n<meta property=\"og:title\" content=\"Baume de Flore- Fluide visage et corps d\u00e9tox - Douces Angevines\" \/>\n<meta property=\"og:description\" content=\"Fluide-s\u00e9rum visage et corps d\u00e9tox bio. Synergie exclusive de mac\u00e9rations de simples issus de la tradition herboriste de beaut\u00e9.\" \/>\n<meta property=\"og:url\" content=\"https:\/\/www.doucesangevines.com\/en\/product\/baume-de-flore\/\" \/>\n<meta property=\"og:site_name\" content=\"Douces Angevines\" \/>\n<meta property=\"article:publisher\" content=\"https:\/\/fr-fr.facebook.com\/doucesangevines\/\" \/>\n<meta property=\"article:modified_time\" content=\"2026-03-11T14:11:12+00:00\" \/>\n<meta property=\"og:image\" content=\"https:\/\/www.doucesangevines.com\/wp-content\/uploads\/2022\/03\/Baume-de-Flore-pack-site.png\" \/>\n\t<meta property=\"og:image:width\" content=\"1132\" \/>\n\t<meta property=\"og:image:height\" content=\"1132\" \/>\n\t<meta property=\"og:image:type\" content=\"image\/png\" \/>\n<meta name=\"twitter:card\" content=\"summary_large_image\" \/>\n<meta name=\"twitter:label1\" content=\"Estimated reading time\" \/>\n\t<meta name=\"twitter:data1\" content=\"1 minute\" \/>\n<script type=\"application\/ld+json\" class=\"yoast-schema-graph\">{\"@context\":\"https:\\\/\\\/schema.org\",\"@graph\":[{\"@type\":\"WebPage\",\"@id\":\"https:\\\/\\\/www.doucesangevines.com\\\/produit\\\/baume-de-flore-fluide-visage-et-corps-detox\\\/\",\"url\":\"https:\\\/\\\/www.doucesangevines.com\\\/produit\\\/baume-de-flore-fluide-visage-et-corps-detox\\\/\",\"name\":\"Baume de Flore- Fluide visage et corps d\u00e9tox - Douces Angevines\",\"isPartOf\":{\"@id\":\"https:\\\/\\\/www.doucesangevines.com\\\/#website\"},\"primaryImageOfPage\":{\"@id\":\"https:\\\/\\\/www.doucesangevines.com\\\/produit\\\/baume-de-flore-fluide-visage-et-corps-detox\\\/#primaryimage\"},\"image\":{\"@id\":\"https:\\\/\\\/www.doucesangevines.com\\\/produit\\\/baume-de-flore-fluide-visage-et-corps-detox\\\/#primaryimage\"},\"thumbnailUrl\":\"https:\\\/\\\/www.doucesangevines.com\\\/wp-content\\\/uploads\\\/2022\\\/03\\\/Baume-de-Flore-pack-site.png\",\"datePublished\":\"2022-03-14T20:40:16+00:00\",\"dateModified\":\"2026-03-11T14:11:12+00:00\",\"description\":\"Fluide-s\u00e9rum visage et corps d\u00e9tox bio. Synergie exclusive de mac\u00e9rations de simples issus de la tradition herboriste de beaut\u00e9.\",\"breadcrumb\":{\"@id\":\"https:\\\/\\\/www.doucesangevines.com\\\/produit\\\/baume-de-flore-fluide-visage-et-corps-detox\\\/#breadcrumb\"},\"inLanguage\":\"en-GB\",\"potentialAction\":[{\"@type\":\"ReadAction\",\"target\":[\"https:\\\/\\\/www.doucesangevines.com\\\/produit\\\/baume-de-flore-fluide-visage-et-corps-detox\\\/\"]}]},{\"@type\":\"ImageObject\",\"inLanguage\":\"en-GB\",\"@id\":\"https:\\\/\\\/www.doucesangevines.com\\\/produit\\\/baume-de-flore-fluide-visage-et-corps-detox\\\/#primaryimage\",\"url\":\"https:\\\/\\\/www.doucesangevines.com\\\/wp-content\\\/uploads\\\/2022\\\/03\\\/Baume-de-Flore-pack-site.png\",\"contentUrl\":\"https:\\\/\\\/www.doucesangevines.com\\\/wp-content\\\/uploads\\\/2022\\\/03\\\/Baume-de-Flore-pack-site.png\",\"width\":1132,\"height\":1132},{\"@type\":\"BreadcrumbList\",\"@id\":\"https:\\\/\\\/www.doucesangevines.com\\\/produit\\\/baume-de-flore-fluide-visage-et-corps-detox\\\/#breadcrumb\",\"itemListElement\":[{\"@type\":\"ListItem\",\"position\":1,\"name\":\"Accueil\",\"item\":\"https:\\\/\\\/www.doucesangevines.com\\\/\"},{\"@type\":\"ListItem\",\"position\":2,\"name\":\"Boutique\",\"item\":\"https:\\\/\\\/www.doucesangevines.com\\\/boutique\\\/\"},{\"@type\":\"ListItem\",\"position\":3,\"name\":\"Baume de Flore\"}]},{\"@type\":\"WebSite\",\"@id\":\"https:\\\/\\\/www.doucesangevines.com\\\/#website\",\"url\":\"https:\\\/\\\/www.doucesangevines.com\\\/\",\"name\":\"Douces Angevines\",\"description\":\"Femmes Herboristes de Beaut\u00e9\",\"publisher\":{\"@id\":\"https:\\\/\\\/www.doucesangevines.com\\\/#organization\"},\"potentialAction\":[{\"@type\":\"SearchAction\",\"target\":{\"@type\":\"EntryPoint\",\"urlTemplate\":\"https:\\\/\\\/www.doucesangevines.com\\\/?s={search_term_string}\"},\"query-input\":{\"@type\":\"PropertyValueSpecification\",\"valueRequired\":true,\"valueName\":\"search_term_string\"}}],\"inLanguage\":\"en-GB\"},{\"@type\":\"Organization\",\"@id\":\"https:\\\/\\\/www.doucesangevines.com\\\/#organization\",\"name\":\"Douces Angevines\",\"url\":\"https:\\\/\\\/www.doucesangevines.com\\\/\",\"logo\":{\"@type\":\"ImageObject\",\"inLanguage\":\"en-GB\",\"@id\":\"https:\\\/\\\/www.doucesangevines.com\\\/#\\\/schema\\\/logo\\\/image\\\/\",\"url\":\"https:\\\/\\\/www.doucesangevines.com\\\/wp-content\\\/uploads\\\/2022\\\/02\\\/douces-angevines-logo-2025.svg\",\"contentUrl\":\"https:\\\/\\\/www.doucesangevines.com\\\/wp-content\\\/uploads\\\/2022\\\/02\\\/douces-angevines-logo-2025.svg\",\"caption\":\"Douces Angevines\"},\"image\":{\"@id\":\"https:\\\/\\\/www.doucesangevines.com\\\/#\\\/schema\\\/logo\\\/image\\\/\"},\"sameAs\":[\"https:\\\/\\\/fr-fr.facebook.com\\\/doucesangevines\\\/\",\"https:\\\/\\\/www.instagram.com\\\/doucesangevines\\\/\",\"https:\\\/\\\/www.youtube.com\\\/channel\\\/UCcbJc6Om9b7IZDHWj-osu6w\"]}]}<\/script>\n<!-- \/ Yoast SEO plugin. -->","yoast_head_json":{"title":"Baume de Flore- Fluide visage et corps d\u00e9tox - Douces Angevines","description":"Fluide-s\u00e9rum visage et corps d\u00e9tox bio. Synergie exclusive de mac\u00e9rations de simples issus de la tradition herboriste de beaut\u00e9.","robots":{"index":"index","follow":"follow","max-snippet":"max-snippet:-1","max-image-preview":"max-image-preview:large","max-video-preview":"max-video-preview:-1"},"canonical":"https:\/\/www.doucesangevines.com\/en\/product\/baume-de-flore\/","og_locale":"en_GB","og_type":"article","og_title":"Baume de Flore- Fluide visage et corps d\u00e9tox - Douces Angevines","og_description":"Fluide-s\u00e9rum visage et corps d\u00e9tox bio. Synergie exclusive de mac\u00e9rations de simples issus de la tradition herboriste de beaut\u00e9.","og_url":"https:\/\/www.doucesangevines.com\/en\/product\/baume-de-flore\/","og_site_name":"Douces Angevines","article_publisher":"https:\/\/fr-fr.facebook.com\/doucesangevines\/","article_modified_time":"2026-03-11T14:11:12+00:00","og_image":[{"width":1132,"height":1132,"url":"https:\/\/www.doucesangevines.com\/wp-content\/uploads\/2022\/03\/Baume-de-Flore-pack-site.png","type":"image\/png"}],"twitter_card":"summary_large_image","twitter_misc":{"Estimated reading time":"1 minute"},"schema":{"@context":"https:\/\/schema.org","@graph":[{"@type":"WebPage","@id":"https:\/\/www.doucesangevines.com\/produit\/baume-de-flore-fluide-visage-et-corps-detox\/","url":"https:\/\/www.doucesangevines.com\/produit\/baume-de-flore-fluide-visage-et-corps-detox\/","name":"Baume de Flore- Fluide visage et corps d\u00e9tox - Douces Angevines","isPartOf":{"@id":"https:\/\/www.doucesangevines.com\/#website"},"primaryImageOfPage":{"@id":"https:\/\/www.doucesangevines.com\/produit\/baume-de-flore-fluide-visage-et-corps-detox\/#primaryimage"},"image":{"@id":"https:\/\/www.doucesangevines.com\/produit\/baume-de-flore-fluide-visage-et-corps-detox\/#primaryimage"},"thumbnailUrl":"https:\/\/www.doucesangevines.com\/wp-content\/uploads\/2022\/03\/Baume-de-Flore-pack-site.png","datePublished":"2022-03-14T20:40:16+00:00","dateModified":"2026-03-11T14:11:12+00:00","description":"Fluide-s\u00e9rum visage et corps d\u00e9tox bio. Synergie exclusive de mac\u00e9rations de simples issus de la tradition herboriste de beaut\u00e9.","breadcrumb":{"@id":"https:\/\/www.doucesangevines.com\/produit\/baume-de-flore-fluide-visage-et-corps-detox\/#breadcrumb"},"inLanguage":"en-GB","potentialAction":[{"@type":"ReadAction","target":["https:\/\/www.doucesangevines.com\/produit\/baume-de-flore-fluide-visage-et-corps-detox\/"]}]},{"@type":"ImageObject","inLanguage":"en-GB","@id":"https:\/\/www.doucesangevines.com\/produit\/baume-de-flore-fluide-visage-et-corps-detox\/#primaryimage","url":"https:\/\/www.doucesangevines.com\/wp-content\/uploads\/2022\/03\/Baume-de-Flore-pack-site.png","contentUrl":"https:\/\/www.doucesangevines.com\/wp-content\/uploads\/2022\/03\/Baume-de-Flore-pack-site.png","width":1132,"height":1132},{"@type":"BreadcrumbList","@id":"https:\/\/www.doucesangevines.com\/produit\/baume-de-flore-fluide-visage-et-corps-detox\/#breadcrumb","itemListElement":[{"@type":"ListItem","position":1,"name":"Accueil","item":"https:\/\/www.doucesangevines.com\/"},{"@type":"ListItem","position":2,"name":"Boutique","item":"https:\/\/www.doucesangevines.com\/boutique\/"},{"@type":"ListItem","position":3,"name":"Baume de Flore"}]},{"@type":"WebSite","@id":"https:\/\/www.doucesangevines.com\/#website","url":"https:\/\/www.doucesangevines.com\/","name":"Douces Angevines","description":"Women Beauty Herbalists","publisher":{"@id":"https:\/\/www.doucesangevines.com\/#organization"},"potentialAction":[{"@type":"SearchAction","target":{"@type":"EntryPoint","urlTemplate":"https:\/\/www.doucesangevines.com\/?s={search_term_string}"},"query-input":{"@type":"PropertyValueSpecification","valueRequired":true,"valueName":"search_term_string"}}],"inLanguage":"en-GB"},{"@type":"Organization","@id":"https:\/\/www.doucesangevines.com\/#organization","name":"Douces Angevines","url":"https:\/\/www.doucesangevines.com\/","logo":{"@type":"ImageObject","inLanguage":"en-GB","@id":"https:\/\/www.doucesangevines.com\/#\/schema\/logo\/image\/","url":"https:\/\/www.doucesangevines.com\/wp-content\/uploads\/2022\/02\/douces-angevines-logo-2025.svg","contentUrl":"https:\/\/www.doucesangevines.com\/wp-content\/uploads\/2022\/02\/douces-angevines-logo-2025.svg","caption":"Douces Angevines"},"image":{"@id":"https:\/\/www.doucesangevines.com\/#\/schema\/logo\/image\/"},"sameAs":["https:\/\/fr-fr.facebook.com\/doucesangevines\/","https:\/\/www.instagram.com\/doucesangevines\/","https:\/\/www.youtube.com\/channel\/UCcbJc6Om9b7IZDHWj-osu6w"]}]}},"_links":{"self":[{"href":"https:\/\/www.doucesangevines.com\/en\/wp-json\/wp\/v2\/product\/2646","targetHints":{"allow":["GET"]}}],"collection":[{"href":"https:\/\/www.doucesangevines.com\/en\/wp-json\/wp\/v2\/product"}],"about":[{"href":"https:\/\/www.doucesangevines.com\/en\/wp-json\/wp\/v2\/types\/product"}],"wp:featuredmedia":[{"embeddable":true,"href":"https:\/\/www.doucesangevines.com\/en\/wp-json\/wp\/v2\/media\/22342"}],"wp:attachment":[{"href":"https:\/\/www.doucesangevines.com\/en\/wp-json\/wp\/v2\/media?parent=2646"}],"wp:term":[{"taxonomy":"product_featurescat","embeddable":true,"href":"https:\/\/www.doucesangevines.com\/en\/wp-json\/wp\/v2\/product_featurescat?post=2646"},{"taxonomy":"product_brand","embeddable":true,"href":"https:\/\/www.doucesangevines.com\/en\/wp-json\/wp\/v2\/product_brand?post=2646"},{"taxonomy":"product_cat","embeddable":true,"href":"https:\/\/www.doucesangevines.com\/en\/wp-json\/wp\/v2\/product_cat?post=2646"},{"taxonomy":"product_tag","embeddable":true,"href":"https:\/\/www.doucesangevines.com\/en\/wp-json\/wp\/v2\/product_tag?post=2646"}],"curies":[{"name":"wp","href":"https:\/\/api.w.org\/{rel}","templated":true}]}}