{"id":2647,"date":"2022-03-14T21:40:16","date_gmt":"2022-03-14T20:40:16","guid":{"rendered":"http:\/\/doucesangevines.com\/produit\/fantomette-format-voyage\/"},"modified":"2026-01-07T09:18:18","modified_gmt":"2026-01-07T08:18:18","slug":"fantomette-nettoyant-demaquillant-format-voyage","status":"publish","type":"product","link":"https:\/\/www.doucesangevines.com\/en\/product\/fantomette-travel-size\/","title":{"rendered":"Travel size Fant\u00f4mette"},"content":{"rendered":"<p>Fant\u00f4mette is an all-natural cleansing oil that removes makeup and impurities from the skin without damaging it. It leaves the skin soft, soothed, clean and deliciously fresh.<\/p>\n<p>Plant friends generously offer their virtues and their precious actions:<br \/>\nThe maceration of wild St. John&#039;s Wort from the heights of Soucelles cleanses the skin and soothes irritations.<br \/>\nRicin strengthens and tones eyelashes and eyebrows.<br \/>\nLavandin purifies and brightens the complexion.<\/p>\n<p>This fluid gently cleanses and removes make-up from all skin types.<\/p>\n<div id=\"sconnect-is-installed\" style=\"display: none;\">2.15.1.0<\/div>","protected":false},"excerpt":{"rendered":"<p>This plant-based fluid with St. John's wort gently eliminates impurities while respecting your skin's balance, and dissolves even the most resistant makeup.<\/p>\n<div id=\"sconnect-is-installed\" style=\"display: none;\">2.15.1.0<\/div>","protected":false},"featured_media":4649,"template":"","meta":{"_acf_changed":false},"product_featurescat":[],"product_brand":[],"product_cat":[95],"product_tag":[],"class_list":{"0":"post-2647","1":"product","2":"type-product","3":"status-publish","4":"has-post-thumbnail","6":"product_cat-visage","7":"pa_collections-au-fil-des-jours","8":"pa_preoccupation-visage-eclat","9":"pa_preoccupation-visage-sensibilites-rougeurs","10":"pa_preoccupation-visage-deshydratation","11":"pa_saison-ete","12":"pa_saison-toute-saison","13":"pa_type-de-peau-sensible","14":"pa_type-de-peau-normale","15":"pa_type-de-peau-mixte","16":"pa_type-de-peau-grasse","17":"pa_type-de-peau-seche","18":"pa_type-de-soin-savon-nettoyant","20":"first","21":"instock","22":"taxable","23":"shipping-taxable","24":"purchasable","25":"product-type-simple"},"acf":[],"yoast_head":"<!-- This site is optimized with the Yoast SEO plugin v27.6 - https:\/\/yoast.com\/product\/yoast-seo-wordpress\/ -->\n<title>Fant\u00f4mette format voyage nettoyant d\u00e9maquillant - Douces Angevines<\/title>\n<meta name=\"description\" content=\"Ce fluide nettoyant d\u00e9maquillant v\u00e9g\u00e9tal et bio \u00e9limine les impuret\u00e9 et et dissout le maquillage, en respectant l&#039;\u00e9quilibre de votre peau.\" \/>\n<meta name=\"robots\" content=\"index, follow, max-snippet:-1, max-image-preview:large, max-video-preview:-1\" \/>\n<link rel=\"canonical\" href=\"https:\/\/www.doucesangevines.com\/en\/product\/fantomette-travel-size\/\" \/>\n<meta property=\"og:locale\" content=\"en_GB\" \/>\n<meta property=\"og:type\" content=\"article\" \/>\n<meta property=\"og:title\" content=\"Fant\u00f4mette format voyage nettoyant d\u00e9maquillant - Douces Angevines\" \/>\n<meta property=\"og:description\" content=\"Ce fluide nettoyant d\u00e9maquillant v\u00e9g\u00e9tal et bio \u00e9limine les impuret\u00e9 et et dissout le maquillage, en respectant l&#039;\u00e9quilibre de votre peau.\" \/>\n<meta property=\"og:url\" content=\"https:\/\/www.doucesangevines.com\/en\/product\/fantomette-travel-size\/\" \/>\n<meta property=\"og:site_name\" content=\"Douces Angevines\" \/>\n<meta property=\"article:publisher\" content=\"https:\/\/fr-fr.facebook.com\/doucesangevines\/\" \/>\n<meta property=\"article:modified_time\" content=\"2026-01-07T08:18:18+00:00\" \/>\n<meta property=\"og:image\" content=\"https:\/\/www.doucesangevines.com\/wp-content\/uploads\/2022\/06\/Fantomette-fluide-nettoyant-demaquillant-format-voyage.png\" \/>\n\t<meta property=\"og:image:width\" content=\"1132\" \/>\n\t<meta property=\"og:image:height\" content=\"1132\" \/>\n\t<meta property=\"og:image:type\" content=\"image\/png\" \/>\n<meta name=\"twitter:card\" content=\"summary_large_image\" \/>\n<meta name=\"twitter:label1\" content=\"Estimated reading time\" \/>\n\t<meta name=\"twitter:data1\" content=\"1 minute\" \/>\n<script type=\"application\/ld+json\" class=\"yoast-schema-graph\">{\"@context\":\"https:\\\/\\\/schema.org\",\"@graph\":[{\"@type\":\"WebPage\",\"@id\":\"https:\\\/\\\/www.doucesangevines.com\\\/produit\\\/fantomette-nettoyant-demaquillant-format-voyage\\\/\",\"url\":\"https:\\\/\\\/www.doucesangevines.com\\\/produit\\\/fantomette-nettoyant-demaquillant-format-voyage\\\/\",\"name\":\"Fant\u00f4mette format voyage nettoyant d\u00e9maquillant - Douces Angevines\",\"isPartOf\":{\"@id\":\"https:\\\/\\\/www.doucesangevines.com\\\/#website\"},\"primaryImageOfPage\":{\"@id\":\"https:\\\/\\\/www.doucesangevines.com\\\/produit\\\/fantomette-nettoyant-demaquillant-format-voyage\\\/#primaryimage\"},\"image\":{\"@id\":\"https:\\\/\\\/www.doucesangevines.com\\\/produit\\\/fantomette-nettoyant-demaquillant-format-voyage\\\/#primaryimage\"},\"thumbnailUrl\":\"https:\\\/\\\/www.doucesangevines.com\\\/wp-content\\\/uploads\\\/2022\\\/06\\\/Fantomette-fluide-nettoyant-demaquillant-format-voyage.png\",\"datePublished\":\"2022-03-14T20:40:16+00:00\",\"dateModified\":\"2026-01-07T08:18:18+00:00\",\"description\":\"Ce fluide nettoyant d\u00e9maquillant v\u00e9g\u00e9tal et bio \u00e9limine les impuret\u00e9 et et dissout le maquillage, en respectant l'\u00e9quilibre de votre peau.\",\"breadcrumb\":{\"@id\":\"https:\\\/\\\/www.doucesangevines.com\\\/produit\\\/fantomette-nettoyant-demaquillant-format-voyage\\\/#breadcrumb\"},\"inLanguage\":\"en-GB\",\"potentialAction\":[{\"@type\":\"ReadAction\",\"target\":[\"https:\\\/\\\/www.doucesangevines.com\\\/produit\\\/fantomette-nettoyant-demaquillant-format-voyage\\\/\"]}]},{\"@type\":\"ImageObject\",\"inLanguage\":\"en-GB\",\"@id\":\"https:\\\/\\\/www.doucesangevines.com\\\/produit\\\/fantomette-nettoyant-demaquillant-format-voyage\\\/#primaryimage\",\"url\":\"https:\\\/\\\/www.doucesangevines.com\\\/wp-content\\\/uploads\\\/2022\\\/06\\\/Fantomette-fluide-nettoyant-demaquillant-format-voyage.png\",\"contentUrl\":\"https:\\\/\\\/www.doucesangevines.com\\\/wp-content\\\/uploads\\\/2022\\\/06\\\/Fantomette-fluide-nettoyant-demaquillant-format-voyage.png\",\"width\":1132,\"height\":1132,\"caption\":\"Fantomette fluide nettoyant demaquillant visage bio au format voyage - Douces angevines\"},{\"@type\":\"BreadcrumbList\",\"@id\":\"https:\\\/\\\/www.doucesangevines.com\\\/produit\\\/fantomette-nettoyant-demaquillant-format-voyage\\\/#breadcrumb\",\"itemListElement\":[{\"@type\":\"ListItem\",\"position\":1,\"name\":\"Accueil\",\"item\":\"https:\\\/\\\/www.doucesangevines.com\\\/\"},{\"@type\":\"ListItem\",\"position\":2,\"name\":\"Boutique\",\"item\":\"https:\\\/\\\/www.doucesangevines.com\\\/boutique\\\/\"},{\"@type\":\"ListItem\",\"position\":3,\"name\":\"Fant\u00f4mette format voyage\"}]},{\"@type\":\"WebSite\",\"@id\":\"https:\\\/\\\/www.doucesangevines.com\\\/#website\",\"url\":\"https:\\\/\\\/www.doucesangevines.com\\\/\",\"name\":\"Douces Angevines\",\"description\":\"Femmes Herboristes de Beaut\u00e9\",\"publisher\":{\"@id\":\"https:\\\/\\\/www.doucesangevines.com\\\/#organization\"},\"potentialAction\":[{\"@type\":\"SearchAction\",\"target\":{\"@type\":\"EntryPoint\",\"urlTemplate\":\"https:\\\/\\\/www.doucesangevines.com\\\/?s={search_term_string}\"},\"query-input\":{\"@type\":\"PropertyValueSpecification\",\"valueRequired\":true,\"valueName\":\"search_term_string\"}}],\"inLanguage\":\"en-GB\"},{\"@type\":\"Organization\",\"@id\":\"https:\\\/\\\/www.doucesangevines.com\\\/#organization\",\"name\":\"Douces Angevines\",\"url\":\"https:\\\/\\\/www.doucesangevines.com\\\/\",\"logo\":{\"@type\":\"ImageObject\",\"inLanguage\":\"en-GB\",\"@id\":\"https:\\\/\\\/www.doucesangevines.com\\\/#\\\/schema\\\/logo\\\/image\\\/\",\"url\":\"https:\\\/\\\/www.doucesangevines.com\\\/wp-content\\\/uploads\\\/2022\\\/02\\\/douces-angevines-logo-2025.svg\",\"contentUrl\":\"https:\\\/\\\/www.doucesangevines.com\\\/wp-content\\\/uploads\\\/2022\\\/02\\\/douces-angevines-logo-2025.svg\",\"caption\":\"Douces Angevines\"},\"image\":{\"@id\":\"https:\\\/\\\/www.doucesangevines.com\\\/#\\\/schema\\\/logo\\\/image\\\/\"},\"sameAs\":[\"https:\\\/\\\/fr-fr.facebook.com\\\/doucesangevines\\\/\",\"https:\\\/\\\/www.instagram.com\\\/doucesangevines\\\/\",\"https:\\\/\\\/www.youtube.com\\\/channel\\\/UCcbJc6Om9b7IZDHWj-osu6w\"]}]}<\/script>\n<!-- \/ Yoast SEO plugin. -->","yoast_head_json":{"title":"Fant\u00f4mette format voyage nettoyant d\u00e9maquillant - Douces Angevines","description":"Ce fluide nettoyant d\u00e9maquillant v\u00e9g\u00e9tal et bio \u00e9limine les impuret\u00e9 et et dissout le maquillage, en respectant l'\u00e9quilibre de votre peau.","robots":{"index":"index","follow":"follow","max-snippet":"max-snippet:-1","max-image-preview":"max-image-preview:large","max-video-preview":"max-video-preview:-1"},"canonical":"https:\/\/www.doucesangevines.com\/en\/product\/fantomette-travel-size\/","og_locale":"en_GB","og_type":"article","og_title":"Fant\u00f4mette format voyage nettoyant d\u00e9maquillant - Douces Angevines","og_description":"Ce fluide nettoyant d\u00e9maquillant v\u00e9g\u00e9tal et bio \u00e9limine les impuret\u00e9 et et dissout le maquillage, en respectant l'\u00e9quilibre de votre peau.","og_url":"https:\/\/www.doucesangevines.com\/en\/product\/fantomette-travel-size\/","og_site_name":"Douces Angevines","article_publisher":"https:\/\/fr-fr.facebook.com\/doucesangevines\/","article_modified_time":"2026-01-07T08:18:18+00:00","og_image":[{"width":1132,"height":1132,"url":"https:\/\/www.doucesangevines.com\/wp-content\/uploads\/2022\/06\/Fantomette-fluide-nettoyant-demaquillant-format-voyage.png","type":"image\/png"}],"twitter_card":"summary_large_image","twitter_misc":{"Estimated reading time":"1 minute"},"schema":{"@context":"https:\/\/schema.org","@graph":[{"@type":"WebPage","@id":"https:\/\/www.doucesangevines.com\/produit\/fantomette-nettoyant-demaquillant-format-voyage\/","url":"https:\/\/www.doucesangevines.com\/produit\/fantomette-nettoyant-demaquillant-format-voyage\/","name":"Fant\u00f4mette format voyage nettoyant d\u00e9maquillant - Douces Angevines","isPartOf":{"@id":"https:\/\/www.doucesangevines.com\/#website"},"primaryImageOfPage":{"@id":"https:\/\/www.doucesangevines.com\/produit\/fantomette-nettoyant-demaquillant-format-voyage\/#primaryimage"},"image":{"@id":"https:\/\/www.doucesangevines.com\/produit\/fantomette-nettoyant-demaquillant-format-voyage\/#primaryimage"},"thumbnailUrl":"https:\/\/www.doucesangevines.com\/wp-content\/uploads\/2022\/06\/Fantomette-fluide-nettoyant-demaquillant-format-voyage.png","datePublished":"2022-03-14T20:40:16+00:00","dateModified":"2026-01-07T08:18:18+00:00","description":"Ce fluide nettoyant d\u00e9maquillant v\u00e9g\u00e9tal et bio \u00e9limine les impuret\u00e9 et et dissout le maquillage, en respectant l'\u00e9quilibre de votre peau.","breadcrumb":{"@id":"https:\/\/www.doucesangevines.com\/produit\/fantomette-nettoyant-demaquillant-format-voyage\/#breadcrumb"},"inLanguage":"en-GB","potentialAction":[{"@type":"ReadAction","target":["https:\/\/www.doucesangevines.com\/produit\/fantomette-nettoyant-demaquillant-format-voyage\/"]}]},{"@type":"ImageObject","inLanguage":"en-GB","@id":"https:\/\/www.doucesangevines.com\/produit\/fantomette-nettoyant-demaquillant-format-voyage\/#primaryimage","url":"https:\/\/www.doucesangevines.com\/wp-content\/uploads\/2022\/06\/Fantomette-fluide-nettoyant-demaquillant-format-voyage.png","contentUrl":"https:\/\/www.doucesangevines.com\/wp-content\/uploads\/2022\/06\/Fantomette-fluide-nettoyant-demaquillant-format-voyage.png","width":1132,"height":1132,"caption":"Fantomette fluide nettoyant demaquillant visage bio au format voyage - Douces angevines"},{"@type":"BreadcrumbList","@id":"https:\/\/www.doucesangevines.com\/produit\/fantomette-nettoyant-demaquillant-format-voyage\/#breadcrumb","itemListElement":[{"@type":"ListItem","position":1,"name":"Accueil","item":"https:\/\/www.doucesangevines.com\/"},{"@type":"ListItem","position":2,"name":"Boutique","item":"https:\/\/www.doucesangevines.com\/boutique\/"},{"@type":"ListItem","position":3,"name":"Fant\u00f4mette format voyage"}]},{"@type":"WebSite","@id":"https:\/\/www.doucesangevines.com\/#website","url":"https:\/\/www.doucesangevines.com\/","name":"Douces Angevines","description":"Women Beauty Herbalists","publisher":{"@id":"https:\/\/www.doucesangevines.com\/#organization"},"potentialAction":[{"@type":"SearchAction","target":{"@type":"EntryPoint","urlTemplate":"https:\/\/www.doucesangevines.com\/?s={search_term_string}"},"query-input":{"@type":"PropertyValueSpecification","valueRequired":true,"valueName":"search_term_string"}}],"inLanguage":"en-GB"},{"@type":"Organization","@id":"https:\/\/www.doucesangevines.com\/#organization","name":"Douces Angevines","url":"https:\/\/www.doucesangevines.com\/","logo":{"@type":"ImageObject","inLanguage":"en-GB","@id":"https:\/\/www.doucesangevines.com\/#\/schema\/logo\/image\/","url":"https:\/\/www.doucesangevines.com\/wp-content\/uploads\/2022\/02\/douces-angevines-logo-2025.svg","contentUrl":"https:\/\/www.doucesangevines.com\/wp-content\/uploads\/2022\/02\/douces-angevines-logo-2025.svg","caption":"Douces Angevines"},"image":{"@id":"https:\/\/www.doucesangevines.com\/#\/schema\/logo\/image\/"},"sameAs":["https:\/\/fr-fr.facebook.com\/doucesangevines\/","https:\/\/www.instagram.com\/doucesangevines\/","https:\/\/www.youtube.com\/channel\/UCcbJc6Om9b7IZDHWj-osu6w"]}]}},"_links":{"self":[{"href":"https:\/\/www.doucesangevines.com\/en\/wp-json\/wp\/v2\/product\/2647","targetHints":{"allow":["GET"]}}],"collection":[{"href":"https:\/\/www.doucesangevines.com\/en\/wp-json\/wp\/v2\/product"}],"about":[{"href":"https:\/\/www.doucesangevines.com\/en\/wp-json\/wp\/v2\/types\/product"}],"wp:featuredmedia":[{"embeddable":true,"href":"https:\/\/www.doucesangevines.com\/en\/wp-json\/wp\/v2\/media\/4649"}],"wp:attachment":[{"href":"https:\/\/www.doucesangevines.com\/en\/wp-json\/wp\/v2\/media?parent=2647"}],"wp:term":[{"taxonomy":"product_featurescat","embeddable":true,"href":"https:\/\/www.doucesangevines.com\/en\/wp-json\/wp\/v2\/product_featurescat?post=2647"},{"taxonomy":"product_brand","embeddable":true,"href":"https:\/\/www.doucesangevines.com\/en\/wp-json\/wp\/v2\/product_brand?post=2647"},{"taxonomy":"product_cat","embeddable":true,"href":"https:\/\/www.doucesangevines.com\/en\/wp-json\/wp\/v2\/product_cat?post=2647"},{"taxonomy":"product_tag","embeddable":true,"href":"https:\/\/www.doucesangevines.com\/en\/wp-json\/wp\/v2\/product_tag?post=2647"}],"curies":[{"name":"wp","href":"https:\/\/api.w.org\/{rel}","templated":true}]}}