{"id":2652,"date":"2022-03-14T21:40:17","date_gmt":"2022-03-14T20:40:17","guid":{"rendered":"http:\/\/doucesangevines.com\/produit\/aube-dete\/"},"modified":"2026-01-07T09:24:07","modified_gmt":"2026-01-07T08:24:07","slug":"aube-dete-fluide-visage-lumineux-bio","status":"publish","type":"product","link":"https:\/\/www.doucesangevines.com\/en\/product\/aube-dete\/","title":{"rendered":"Aube d'\u00e9t\u00e9"},"content":{"rendered":"<p>Daily care for normal to combination skin, Aube d'\u00e9t\u00e9 reveals the light of each skin. It nourishes without leaving an oily film, promotes skin balance and prevents dehydration, for healthy, radiant skin.<\/p>\n<p>Plant friends generously offer their virtues and their precious actions:<br \/>\nJojoba oil rebalances sebaceous functions.<br \/>\nScented Geranium helps tighten the pores of the skin, for a refined skin texture<br \/>\nThe Borage favors the hydration of the superficial layers of the epidermis<br \/>\nYlang Ylang and Rosehip tone the skin<\/p>\n<p>The complexion is brighter, the skin balanced.<\/p>\n<div id=\"sconnect-is-installed\" style=\"display: none;\">2.15.1.0<\/div>\n<div id=\"sconnect-is-installed\" style=\"display: none;\">2.15.1.0<\/div>","protected":false},"excerpt":{"rendered":"<p>This daytime fluid infuses the skin with light and restores its radiance. It nourishes, balances and protects the skin with lightness. Its healthy glow effect is immediate.<\/p>\n<div id=\"sconnect-is-installed\" style=\"display: none;\">2.15.1.0<\/div>\n<div id=\"sconnect-is-installed\" style=\"display: none;\">2.15.1.0<\/div>","protected":false},"featured_media":3562,"template":"","meta":{"_acf_changed":false},"product_featurescat":[185],"product_brand":[],"product_cat":[95],"product_tag":[189,190],"class_list":{"0":"post-2652","1":"product","2":"type-product","3":"status-publish","4":"has-post-thumbnail","6":"product_featurescat-gamme-au-fil-des-jours","7":"product_cat-visage","8":"product_tag-quiz","9":"product_tag-favoris","10":"pa_collections-au-fil-des-jours","11":"pa_preoccupation-visage-deshydratation","12":"pa_preoccupation-visage-eclat","13":"pa_saison-toute-saison","14":"pa_saison-printemps","15":"pa_saison-ete","16":"pa_type-de-peau-normale","17":"pa_type-de-peau-mixte","18":"pa_type-de-soin-soin-de-jour","20":"first","21":"instock","22":"taxable","23":"shipping-taxable","24":"purchasable","25":"product-type-simple"},"acf":[],"yoast_head":"<!-- This site is optimized with the Yoast SEO plugin v27.4 - https:\/\/yoast.com\/product\/yoast-seo-wordpress\/ -->\n<title>Aube d&#039;\u00e9t\u00e9 - fluide visage lumineux bio - Douces Angevines<\/title>\n<meta name=\"description\" content=\"Illuminez votre peau avec ce fluide de jour 100% bio qui nourrit, \u00e9quilibre et prot\u00e8ge les peaux normales \u00e0 mixtes avec l\u00e9g\u00e8ret\u00e9.\" \/>\n<meta name=\"robots\" content=\"index, follow, max-snippet:-1, max-image-preview:large, max-video-preview:-1\" \/>\n<link rel=\"canonical\" href=\"https:\/\/www.doucesangevines.com\/en\/product\/aube-dete\/\" \/>\n<meta property=\"og:locale\" content=\"en_GB\" \/>\n<meta property=\"og:type\" content=\"article\" \/>\n<meta property=\"og:title\" content=\"Aube d&#039;\u00e9t\u00e9 - fluide visage lumineux bio - Douces Angevines\" \/>\n<meta property=\"og:description\" content=\"Illuminez votre peau avec ce fluide de jour 100% bio qui nourrit, \u00e9quilibre et prot\u00e8ge les peaux normales \u00e0 mixtes avec l\u00e9g\u00e8ret\u00e9.\" \/>\n<meta property=\"og:url\" content=\"https:\/\/www.doucesangevines.com\/en\/product\/aube-dete\/\" \/>\n<meta property=\"og:site_name\" content=\"Douces Angevines\" \/>\n<meta property=\"article:publisher\" content=\"https:\/\/fr-fr.facebook.com\/doucesangevines\/\" \/>\n<meta property=\"article:modified_time\" content=\"2026-01-07T08:24:07+00:00\" \/>\n<meta property=\"og:image\" content=\"https:\/\/www.doucesangevines.com\/wp-content\/uploads\/2022\/03\/Aube_ete_fluide_visage_peau_normale.jpg\" \/>\n\t<meta property=\"og:image:width\" content=\"1132\" \/>\n\t<meta property=\"og:image:height\" content=\"1132\" \/>\n\t<meta property=\"og:image:type\" content=\"image\/jpeg\" \/>\n<meta name=\"twitter:card\" content=\"summary_large_image\" \/>\n<meta name=\"twitter:label1\" content=\"Estimated reading time\" \/>\n\t<meta name=\"twitter:data1\" content=\"1 minute\" \/>\n<script type=\"application\/ld+json\" class=\"yoast-schema-graph\">{\"@context\":\"https:\\\/\\\/schema.org\",\"@graph\":[{\"@type\":\"WebPage\",\"@id\":\"https:\\\/\\\/www.doucesangevines.com\\\/produit\\\/aube-dete-fluide-visage-lumineux-bio\\\/\",\"url\":\"https:\\\/\\\/www.doucesangevines.com\\\/produit\\\/aube-dete-fluide-visage-lumineux-bio\\\/\",\"name\":\"Aube d'\u00e9t\u00e9 - fluide visage lumineux bio - Douces Angevines\",\"isPartOf\":{\"@id\":\"https:\\\/\\\/www.doucesangevines.com\\\/#website\"},\"primaryImageOfPage\":{\"@id\":\"https:\\\/\\\/www.doucesangevines.com\\\/produit\\\/aube-dete-fluide-visage-lumineux-bio\\\/#primaryimage\"},\"image\":{\"@id\":\"https:\\\/\\\/www.doucesangevines.com\\\/produit\\\/aube-dete-fluide-visage-lumineux-bio\\\/#primaryimage\"},\"thumbnailUrl\":\"https:\\\/\\\/www.doucesangevines.com\\\/wp-content\\\/uploads\\\/2022\\\/03\\\/Aube_ete_fluide_visage_peau_normale.jpg\",\"datePublished\":\"2022-03-14T20:40:17+00:00\",\"dateModified\":\"2026-01-07T08:24:07+00:00\",\"description\":\"Illuminez votre peau avec ce fluide de jour 100% bio qui nourrit, \u00e9quilibre et prot\u00e8ge les peaux normales \u00e0 mixtes avec l\u00e9g\u00e8ret\u00e9.\",\"breadcrumb\":{\"@id\":\"https:\\\/\\\/www.doucesangevines.com\\\/produit\\\/aube-dete-fluide-visage-lumineux-bio\\\/#breadcrumb\"},\"inLanguage\":\"en-GB\",\"potentialAction\":[{\"@type\":\"ReadAction\",\"target\":[\"https:\\\/\\\/www.doucesangevines.com\\\/produit\\\/aube-dete-fluide-visage-lumineux-bio\\\/\"]}]},{\"@type\":\"ImageObject\",\"inLanguage\":\"en-GB\",\"@id\":\"https:\\\/\\\/www.doucesangevines.com\\\/produit\\\/aube-dete-fluide-visage-lumineux-bio\\\/#primaryimage\",\"url\":\"https:\\\/\\\/www.doucesangevines.com\\\/wp-content\\\/uploads\\\/2022\\\/03\\\/Aube_ete_fluide_visage_peau_normale.jpg\",\"contentUrl\":\"https:\\\/\\\/www.doucesangevines.com\\\/wp-content\\\/uploads\\\/2022\\\/03\\\/Aube_ete_fluide_visage_peau_normale.jpg\",\"width\":1132,\"height\":1132,\"caption\":\"Aube d'\u00e9t\u00e9 fluide visage bio peau normale et peau mixte- Douces Angevines\"},{\"@type\":\"BreadcrumbList\",\"@id\":\"https:\\\/\\\/www.doucesangevines.com\\\/produit\\\/aube-dete-fluide-visage-lumineux-bio\\\/#breadcrumb\",\"itemListElement\":[{\"@type\":\"ListItem\",\"position\":1,\"name\":\"Accueil\",\"item\":\"https:\\\/\\\/www.doucesangevines.com\\\/\"},{\"@type\":\"ListItem\",\"position\":2,\"name\":\"Boutique\",\"item\":\"https:\\\/\\\/www.doucesangevines.com\\\/boutique\\\/\"},{\"@type\":\"ListItem\",\"position\":3,\"name\":\"Aube d&#8217;\u00e9t\u00e9\"}]},{\"@type\":\"WebSite\",\"@id\":\"https:\\\/\\\/www.doucesangevines.com\\\/#website\",\"url\":\"https:\\\/\\\/www.doucesangevines.com\\\/\",\"name\":\"Douces Angevines\",\"description\":\"Femmes Herboristes de Beaut\u00e9\",\"publisher\":{\"@id\":\"https:\\\/\\\/www.doucesangevines.com\\\/#organization\"},\"potentialAction\":[{\"@type\":\"SearchAction\",\"target\":{\"@type\":\"EntryPoint\",\"urlTemplate\":\"https:\\\/\\\/www.doucesangevines.com\\\/?s={search_term_string}\"},\"query-input\":{\"@type\":\"PropertyValueSpecification\",\"valueRequired\":true,\"valueName\":\"search_term_string\"}}],\"inLanguage\":\"en-GB\"},{\"@type\":\"Organization\",\"@id\":\"https:\\\/\\\/www.doucesangevines.com\\\/#organization\",\"name\":\"Douces Angevines\",\"url\":\"https:\\\/\\\/www.doucesangevines.com\\\/\",\"logo\":{\"@type\":\"ImageObject\",\"inLanguage\":\"en-GB\",\"@id\":\"https:\\\/\\\/www.doucesangevines.com\\\/#\\\/schema\\\/logo\\\/image\\\/\",\"url\":\"https:\\\/\\\/www.doucesangevines.com\\\/wp-content\\\/uploads\\\/2022\\\/02\\\/douces-angevines-logo-2025.svg\",\"contentUrl\":\"https:\\\/\\\/www.doucesangevines.com\\\/wp-content\\\/uploads\\\/2022\\\/02\\\/douces-angevines-logo-2025.svg\",\"caption\":\"Douces Angevines\"},\"image\":{\"@id\":\"https:\\\/\\\/www.doucesangevines.com\\\/#\\\/schema\\\/logo\\\/image\\\/\"},\"sameAs\":[\"https:\\\/\\\/fr-fr.facebook.com\\\/doucesangevines\\\/\",\"https:\\\/\\\/www.instagram.com\\\/doucesangevines\\\/\",\"https:\\\/\\\/www.youtube.com\\\/channel\\\/UCcbJc6Om9b7IZDHWj-osu6w\"]}]}<\/script>\n<!-- \/ Yoast SEO plugin. -->","yoast_head_json":{"title":"Aube d'\u00e9t\u00e9 - fluide visage lumineux bio - Douces Angevines","description":"Illuminez votre peau avec ce fluide de jour 100% bio qui nourrit, \u00e9quilibre et prot\u00e8ge les peaux normales \u00e0 mixtes avec l\u00e9g\u00e8ret\u00e9.","robots":{"index":"index","follow":"follow","max-snippet":"max-snippet:-1","max-image-preview":"max-image-preview:large","max-video-preview":"max-video-preview:-1"},"canonical":"https:\/\/www.doucesangevines.com\/en\/product\/aube-dete\/","og_locale":"en_GB","og_type":"article","og_title":"Aube d'\u00e9t\u00e9 - fluide visage lumineux bio - Douces Angevines","og_description":"Illuminez votre peau avec ce fluide de jour 100% bio qui nourrit, \u00e9quilibre et prot\u00e8ge les peaux normales \u00e0 mixtes avec l\u00e9g\u00e8ret\u00e9.","og_url":"https:\/\/www.doucesangevines.com\/en\/product\/aube-dete\/","og_site_name":"Douces Angevines","article_publisher":"https:\/\/fr-fr.facebook.com\/doucesangevines\/","article_modified_time":"2026-01-07T08:24:07+00:00","og_image":[{"width":1132,"height":1132,"url":"https:\/\/www.doucesangevines.com\/wp-content\/uploads\/2022\/03\/Aube_ete_fluide_visage_peau_normale.jpg","type":"image\/jpeg"}],"twitter_card":"summary_large_image","twitter_misc":{"Estimated reading time":"1 minute"},"schema":{"@context":"https:\/\/schema.org","@graph":[{"@type":"WebPage","@id":"https:\/\/www.doucesangevines.com\/produit\/aube-dete-fluide-visage-lumineux-bio\/","url":"https:\/\/www.doucesangevines.com\/produit\/aube-dete-fluide-visage-lumineux-bio\/","name":"Aube d'\u00e9t\u00e9 - fluide visage lumineux bio - Douces Angevines","isPartOf":{"@id":"https:\/\/www.doucesangevines.com\/#website"},"primaryImageOfPage":{"@id":"https:\/\/www.doucesangevines.com\/produit\/aube-dete-fluide-visage-lumineux-bio\/#primaryimage"},"image":{"@id":"https:\/\/www.doucesangevines.com\/produit\/aube-dete-fluide-visage-lumineux-bio\/#primaryimage"},"thumbnailUrl":"https:\/\/www.doucesangevines.com\/wp-content\/uploads\/2022\/03\/Aube_ete_fluide_visage_peau_normale.jpg","datePublished":"2022-03-14T20:40:17+00:00","dateModified":"2026-01-07T08:24:07+00:00","description":"Illuminez votre peau avec ce fluide de jour 100% bio qui nourrit, \u00e9quilibre et prot\u00e8ge les peaux normales \u00e0 mixtes avec l\u00e9g\u00e8ret\u00e9.","breadcrumb":{"@id":"https:\/\/www.doucesangevines.com\/produit\/aube-dete-fluide-visage-lumineux-bio\/#breadcrumb"},"inLanguage":"en-GB","potentialAction":[{"@type":"ReadAction","target":["https:\/\/www.doucesangevines.com\/produit\/aube-dete-fluide-visage-lumineux-bio\/"]}]},{"@type":"ImageObject","inLanguage":"en-GB","@id":"https:\/\/www.doucesangevines.com\/produit\/aube-dete-fluide-visage-lumineux-bio\/#primaryimage","url":"https:\/\/www.doucesangevines.com\/wp-content\/uploads\/2022\/03\/Aube_ete_fluide_visage_peau_normale.jpg","contentUrl":"https:\/\/www.doucesangevines.com\/wp-content\/uploads\/2022\/03\/Aube_ete_fluide_visage_peau_normale.jpg","width":1132,"height":1132,"caption":"Aube d'\u00e9t\u00e9 fluide visage bio peau normale et peau mixte- Douces Angevines"},{"@type":"BreadcrumbList","@id":"https:\/\/www.doucesangevines.com\/produit\/aube-dete-fluide-visage-lumineux-bio\/#breadcrumb","itemListElement":[{"@type":"ListItem","position":1,"name":"Accueil","item":"https:\/\/www.doucesangevines.com\/"},{"@type":"ListItem","position":2,"name":"Boutique","item":"https:\/\/www.doucesangevines.com\/boutique\/"},{"@type":"ListItem","position":3,"name":"Aube d&#8217;\u00e9t\u00e9"}]},{"@type":"WebSite","@id":"https:\/\/www.doucesangevines.com\/#website","url":"https:\/\/www.doucesangevines.com\/","name":"Douces Angevines","description":"Women Beauty Herbalists","publisher":{"@id":"https:\/\/www.doucesangevines.com\/#organization"},"potentialAction":[{"@type":"SearchAction","target":{"@type":"EntryPoint","urlTemplate":"https:\/\/www.doucesangevines.com\/?s={search_term_string}"},"query-input":{"@type":"PropertyValueSpecification","valueRequired":true,"valueName":"search_term_string"}}],"inLanguage":"en-GB"},{"@type":"Organization","@id":"https:\/\/www.doucesangevines.com\/#organization","name":"Douces Angevines","url":"https:\/\/www.doucesangevines.com\/","logo":{"@type":"ImageObject","inLanguage":"en-GB","@id":"https:\/\/www.doucesangevines.com\/#\/schema\/logo\/image\/","url":"https:\/\/www.doucesangevines.com\/wp-content\/uploads\/2022\/02\/douces-angevines-logo-2025.svg","contentUrl":"https:\/\/www.doucesangevines.com\/wp-content\/uploads\/2022\/02\/douces-angevines-logo-2025.svg","caption":"Douces Angevines"},"image":{"@id":"https:\/\/www.doucesangevines.com\/#\/schema\/logo\/image\/"},"sameAs":["https:\/\/fr-fr.facebook.com\/doucesangevines\/","https:\/\/www.instagram.com\/doucesangevines\/","https:\/\/www.youtube.com\/channel\/UCcbJc6Om9b7IZDHWj-osu6w"]}]}},"_links":{"self":[{"href":"https:\/\/www.doucesangevines.com\/en\/wp-json\/wp\/v2\/product\/2652","targetHints":{"allow":["GET"]}}],"collection":[{"href":"https:\/\/www.doucesangevines.com\/en\/wp-json\/wp\/v2\/product"}],"about":[{"href":"https:\/\/www.doucesangevines.com\/en\/wp-json\/wp\/v2\/types\/product"}],"wp:featuredmedia":[{"embeddable":true,"href":"https:\/\/www.doucesangevines.com\/en\/wp-json\/wp\/v2\/media\/3562"}],"wp:attachment":[{"href":"https:\/\/www.doucesangevines.com\/en\/wp-json\/wp\/v2\/media?parent=2652"}],"wp:term":[{"taxonomy":"product_featurescat","embeddable":true,"href":"https:\/\/www.doucesangevines.com\/en\/wp-json\/wp\/v2\/product_featurescat?post=2652"},{"taxonomy":"product_brand","embeddable":true,"href":"https:\/\/www.doucesangevines.com\/en\/wp-json\/wp\/v2\/product_brand?post=2652"},{"taxonomy":"product_cat","embeddable":true,"href":"https:\/\/www.doucesangevines.com\/en\/wp-json\/wp\/v2\/product_cat?post=2652"},{"taxonomy":"product_tag","embeddable":true,"href":"https:\/\/www.doucesangevines.com\/en\/wp-json\/wp\/v2\/product_tag?post=2652"}],"curies":[{"name":"wp","href":"https:\/\/api.w.org\/{rel}","templated":true}]}}