{"id":2653,"date":"2022-03-14T21:40:17","date_gmt":"2022-03-14T20:40:17","guid":{"rendered":"http:\/\/doucesangevines.com\/produit\/flamenca\/"},"modified":"2026-03-25T16:04:17","modified_gmt":"2026-03-25T15:04:17","slug":"flamenca-fluide-jour","status":"publish","type":"product","link":"https:\/\/www.doucesangevines.com\/en\/product\/flamenca\/","title":{"rendered":"Flamenca"},"content":{"rendered":"<p>Plant friends generously offer their virtues and their precious actions:<br \/>\nBorage promotes hydration of the superficial layers of the epidermis.<br \/>\nThe essential oil of Helichrysum from France (Immortelle) improves the micro-circulation of the skin and reduces redness.<br \/>\nCarrot, rich in provitamin A, fortifies the skin to restore its radiance.<br \/>\nMusk Rose brings its regenerating power.<br \/>\nCalendula d&#039;Anjou maceration soothes and softens.<br \/>\nYour skin is nourished and actively protected from external aggressions.<\/p>\n<div id=\"sconnect-is-installed\" style=\"display: none;\">2.15.1.0<\/div>\n<div id=\"sconnect-is-installed\" style=\"display: none;\">2.15.1.0<\/div>\n<div id=\"sconnect-is-installed\" style=\"display: none;\">2.15.1.0<\/div>","protected":false},"excerpt":{"rendered":"<p>Fluide-s\u00e9rum de jour qui nourrit, apaise et unifie le teint. Ce soin nourricier, aide \u00e0 apaiser les rougeurs diffuses, \u00e0 r\u00e9\u00e9quilibrer la peau et \u00e0 unifier le teint. Symphonie unique et vive de fleurs, feuilles, bois, racines, aux accents du santal, de l\u2019H\u00e9lichryse, du Calendula, ma\u00eetres des synergies.<\/p>\n<div id=\"sconnect-is-installed\" style=\"display: none;\">2.15.1.0<\/div>\n<div id=\"sconnect-is-installed\" style=\"display: none;\">2.15.1.0<\/div>\n<div id=\"sconnect-is-installed\" style=\"display: none;\">2.15.1.0<\/div>","protected":false},"featured_media":22481,"template":"","meta":{"_acf_changed":false},"product_featurescat":[185],"product_brand":[],"product_cat":[95],"product_tag":[189,190],"class_list":{"0":"post-2653","1":"product","2":"type-product","3":"status-publish","4":"has-post-thumbnail","6":"product_featurescat-gamme-au-fil-des-jours","7":"product_cat-visage","8":"product_tag-quiz","9":"product_tag-favoris","10":"pa_collections-au-fil-des-jours","11":"pa_preoccupation-visage-sensibilites-rougeurs","12":"pa_preoccupation-visage-secheresse","13":"pa_preoccupation-visage-deshydratation","14":"pa_preoccupation-visage-eclat","15":"pa_saison-hiver","16":"pa_saison-toute-saison","17":"pa_saison-printemps","18":"pa_saison-ete","19":"pa_saison-automne","20":"pa_type-de-peau-seche","21":"pa_type-de-peau-sensible","22":"pa_type-de-peau-normale","23":"pa_type-de-soin-soin-de-jour","25":"first","26":"instock","27":"taxable","28":"shipping-taxable","29":"purchasable","30":"product-type-simple"},"acf":[],"yoast_head":"<!-- This site is optimized with the Yoast SEO plugin v27.4 - https:\/\/yoast.com\/product\/yoast-seo-wordpress\/ -->\n<title>Flamenca - fluide de jour peaux s\u00e8ches et sensibles - Douces Angevines<\/title>\n<meta name=\"description\" content=\"Ce fluide r\u00e9confortant apaise les peaux s\u00e8ches et sensibles sujettes aux rougeurs. Il nourrit et aide l&#039;\u00e9piderme \u00e0 mieux r\u00e9agir \u00e0 son environnement.\" \/>\n<meta name=\"robots\" content=\"index, follow, max-snippet:-1, max-image-preview:large, max-video-preview:-1\" \/>\n<link rel=\"canonical\" href=\"https:\/\/www.doucesangevines.com\/en\/product\/flamenca\/\" \/>\n<meta property=\"og:locale\" content=\"en_GB\" \/>\n<meta property=\"og:type\" content=\"article\" \/>\n<meta property=\"og:title\" content=\"Flamenca - fluide de jour peaux s\u00e8ches et sensibles - Douces Angevines\" \/>\n<meta property=\"og:description\" content=\"Ce fluide r\u00e9confortant apaise les peaux s\u00e8ches et sensibles sujettes aux rougeurs. Il nourrit et aide l&#039;\u00e9piderme \u00e0 mieux r\u00e9agir \u00e0 son environnement.\" \/>\n<meta property=\"og:url\" content=\"https:\/\/www.doucesangevines.com\/en\/product\/flamenca\/\" \/>\n<meta property=\"og:site_name\" content=\"Douces Angevines\" \/>\n<meta property=\"article:publisher\" content=\"https:\/\/fr-fr.facebook.com\/doucesangevines\/\" \/>\n<meta property=\"article:modified_time\" content=\"2026-03-25T15:04:17+00:00\" \/>\n<meta property=\"og:image\" content=\"https:\/\/www.doucesangevines.com\/wp-content\/uploads\/2022\/03\/flamenca-site-pack.png\" \/>\n\t<meta property=\"og:image:width\" content=\"1132\" \/>\n\t<meta property=\"og:image:height\" content=\"1132\" \/>\n\t<meta property=\"og:image:type\" content=\"image\/png\" \/>\n<meta name=\"twitter:card\" content=\"summary_large_image\" \/>\n<meta name=\"twitter:label1\" content=\"Estimated reading time\" \/>\n\t<meta name=\"twitter:data1\" content=\"1 minute\" \/>\n<script type=\"application\/ld+json\" class=\"yoast-schema-graph\">{\"@context\":\"https:\\\/\\\/schema.org\",\"@graph\":[{\"@type\":\"WebPage\",\"@id\":\"https:\\\/\\\/www.doucesangevines.com\\\/produit\\\/flamenca-fluide-jour\\\/\",\"url\":\"https:\\\/\\\/www.doucesangevines.com\\\/produit\\\/flamenca-fluide-jour\\\/\",\"name\":\"Flamenca - fluide de jour peaux s\u00e8ches et sensibles - Douces Angevines\",\"isPartOf\":{\"@id\":\"https:\\\/\\\/www.doucesangevines.com\\\/#website\"},\"primaryImageOfPage\":{\"@id\":\"https:\\\/\\\/www.doucesangevines.com\\\/produit\\\/flamenca-fluide-jour\\\/#primaryimage\"},\"image\":{\"@id\":\"https:\\\/\\\/www.doucesangevines.com\\\/produit\\\/flamenca-fluide-jour\\\/#primaryimage\"},\"thumbnailUrl\":\"https:\\\/\\\/www.doucesangevines.com\\\/wp-content\\\/uploads\\\/2022\\\/03\\\/flamenca-site-pack.png\",\"datePublished\":\"2022-03-14T20:40:17+00:00\",\"dateModified\":\"2026-03-25T15:04:17+00:00\",\"description\":\"Ce fluide r\u00e9confortant apaise les peaux s\u00e8ches et sensibles sujettes aux rougeurs. Il nourrit et aide l'\u00e9piderme \u00e0 mieux r\u00e9agir \u00e0 son environnement.\",\"breadcrumb\":{\"@id\":\"https:\\\/\\\/www.doucesangevines.com\\\/produit\\\/flamenca-fluide-jour\\\/#breadcrumb\"},\"inLanguage\":\"en-GB\",\"potentialAction\":[{\"@type\":\"ReadAction\",\"target\":[\"https:\\\/\\\/www.doucesangevines.com\\\/produit\\\/flamenca-fluide-jour\\\/\"]}]},{\"@type\":\"ImageObject\",\"inLanguage\":\"en-GB\",\"@id\":\"https:\\\/\\\/www.doucesangevines.com\\\/produit\\\/flamenca-fluide-jour\\\/#primaryimage\",\"url\":\"https:\\\/\\\/www.doucesangevines.com\\\/wp-content\\\/uploads\\\/2022\\\/03\\\/flamenca-site-pack.png\",\"contentUrl\":\"https:\\\/\\\/www.doucesangevines.com\\\/wp-content\\\/uploads\\\/2022\\\/03\\\/flamenca-site-pack.png\",\"width\":1132,\"height\":1132},{\"@type\":\"BreadcrumbList\",\"@id\":\"https:\\\/\\\/www.doucesangevines.com\\\/produit\\\/flamenca-fluide-jour\\\/#breadcrumb\",\"itemListElement\":[{\"@type\":\"ListItem\",\"position\":1,\"name\":\"Accueil\",\"item\":\"https:\\\/\\\/www.doucesangevines.com\\\/\"},{\"@type\":\"ListItem\",\"position\":2,\"name\":\"Boutique\",\"item\":\"https:\\\/\\\/www.doucesangevines.com\\\/boutique\\\/\"},{\"@type\":\"ListItem\",\"position\":3,\"name\":\"Flamenca\"}]},{\"@type\":\"WebSite\",\"@id\":\"https:\\\/\\\/www.doucesangevines.com\\\/#website\",\"url\":\"https:\\\/\\\/www.doucesangevines.com\\\/\",\"name\":\"Douces Angevines\",\"description\":\"Femmes Herboristes de Beaut\u00e9\",\"publisher\":{\"@id\":\"https:\\\/\\\/www.doucesangevines.com\\\/#organization\"},\"potentialAction\":[{\"@type\":\"SearchAction\",\"target\":{\"@type\":\"EntryPoint\",\"urlTemplate\":\"https:\\\/\\\/www.doucesangevines.com\\\/?s={search_term_string}\"},\"query-input\":{\"@type\":\"PropertyValueSpecification\",\"valueRequired\":true,\"valueName\":\"search_term_string\"}}],\"inLanguage\":\"en-GB\"},{\"@type\":\"Organization\",\"@id\":\"https:\\\/\\\/www.doucesangevines.com\\\/#organization\",\"name\":\"Douces Angevines\",\"url\":\"https:\\\/\\\/www.doucesangevines.com\\\/\",\"logo\":{\"@type\":\"ImageObject\",\"inLanguage\":\"en-GB\",\"@id\":\"https:\\\/\\\/www.doucesangevines.com\\\/#\\\/schema\\\/logo\\\/image\\\/\",\"url\":\"https:\\\/\\\/www.doucesangevines.com\\\/wp-content\\\/uploads\\\/2022\\\/02\\\/douces-angevines-logo-2025.svg\",\"contentUrl\":\"https:\\\/\\\/www.doucesangevines.com\\\/wp-content\\\/uploads\\\/2022\\\/02\\\/douces-angevines-logo-2025.svg\",\"caption\":\"Douces Angevines\"},\"image\":{\"@id\":\"https:\\\/\\\/www.doucesangevines.com\\\/#\\\/schema\\\/logo\\\/image\\\/\"},\"sameAs\":[\"https:\\\/\\\/fr-fr.facebook.com\\\/doucesangevines\\\/\",\"https:\\\/\\\/www.instagram.com\\\/doucesangevines\\\/\",\"https:\\\/\\\/www.youtube.com\\\/channel\\\/UCcbJc6Om9b7IZDHWj-osu6w\"]}]}<\/script>\n<!-- \/ Yoast SEO plugin. -->","yoast_head_json":{"title":"Flamenca - fluide de jour peaux s\u00e8ches et sensibles - Douces Angevines","description":"Ce fluide r\u00e9confortant apaise les peaux s\u00e8ches et sensibles sujettes aux rougeurs. Il nourrit et aide l'\u00e9piderme \u00e0 mieux r\u00e9agir \u00e0 son environnement.","robots":{"index":"index","follow":"follow","max-snippet":"max-snippet:-1","max-image-preview":"max-image-preview:large","max-video-preview":"max-video-preview:-1"},"canonical":"https:\/\/www.doucesangevines.com\/en\/product\/flamenca\/","og_locale":"en_GB","og_type":"article","og_title":"Flamenca - fluide de jour peaux s\u00e8ches et sensibles - Douces Angevines","og_description":"Ce fluide r\u00e9confortant apaise les peaux s\u00e8ches et sensibles sujettes aux rougeurs. Il nourrit et aide l'\u00e9piderme \u00e0 mieux r\u00e9agir \u00e0 son environnement.","og_url":"https:\/\/www.doucesangevines.com\/en\/product\/flamenca\/","og_site_name":"Douces Angevines","article_publisher":"https:\/\/fr-fr.facebook.com\/doucesangevines\/","article_modified_time":"2026-03-25T15:04:17+00:00","og_image":[{"width":1132,"height":1132,"url":"https:\/\/www.doucesangevines.com\/wp-content\/uploads\/2022\/03\/flamenca-site-pack.png","type":"image\/png"}],"twitter_card":"summary_large_image","twitter_misc":{"Estimated reading time":"1 minute"},"schema":{"@context":"https:\/\/schema.org","@graph":[{"@type":"WebPage","@id":"https:\/\/www.doucesangevines.com\/produit\/flamenca-fluide-jour\/","url":"https:\/\/www.doucesangevines.com\/produit\/flamenca-fluide-jour\/","name":"Flamenca - fluide de jour peaux s\u00e8ches et sensibles - Douces Angevines","isPartOf":{"@id":"https:\/\/www.doucesangevines.com\/#website"},"primaryImageOfPage":{"@id":"https:\/\/www.doucesangevines.com\/produit\/flamenca-fluide-jour\/#primaryimage"},"image":{"@id":"https:\/\/www.doucesangevines.com\/produit\/flamenca-fluide-jour\/#primaryimage"},"thumbnailUrl":"https:\/\/www.doucesangevines.com\/wp-content\/uploads\/2022\/03\/flamenca-site-pack.png","datePublished":"2022-03-14T20:40:17+00:00","dateModified":"2026-03-25T15:04:17+00:00","description":"Ce fluide r\u00e9confortant apaise les peaux s\u00e8ches et sensibles sujettes aux rougeurs. Il nourrit et aide l'\u00e9piderme \u00e0 mieux r\u00e9agir \u00e0 son environnement.","breadcrumb":{"@id":"https:\/\/www.doucesangevines.com\/produit\/flamenca-fluide-jour\/#breadcrumb"},"inLanguage":"en-GB","potentialAction":[{"@type":"ReadAction","target":["https:\/\/www.doucesangevines.com\/produit\/flamenca-fluide-jour\/"]}]},{"@type":"ImageObject","inLanguage":"en-GB","@id":"https:\/\/www.doucesangevines.com\/produit\/flamenca-fluide-jour\/#primaryimage","url":"https:\/\/www.doucesangevines.com\/wp-content\/uploads\/2022\/03\/flamenca-site-pack.png","contentUrl":"https:\/\/www.doucesangevines.com\/wp-content\/uploads\/2022\/03\/flamenca-site-pack.png","width":1132,"height":1132},{"@type":"BreadcrumbList","@id":"https:\/\/www.doucesangevines.com\/produit\/flamenca-fluide-jour\/#breadcrumb","itemListElement":[{"@type":"ListItem","position":1,"name":"Accueil","item":"https:\/\/www.doucesangevines.com\/"},{"@type":"ListItem","position":2,"name":"Boutique","item":"https:\/\/www.doucesangevines.com\/boutique\/"},{"@type":"ListItem","position":3,"name":"Flamenca"}]},{"@type":"WebSite","@id":"https:\/\/www.doucesangevines.com\/#website","url":"https:\/\/www.doucesangevines.com\/","name":"Douces Angevines","description":"Women Beauty Herbalists","publisher":{"@id":"https:\/\/www.doucesangevines.com\/#organization"},"potentialAction":[{"@type":"SearchAction","target":{"@type":"EntryPoint","urlTemplate":"https:\/\/www.doucesangevines.com\/?s={search_term_string}"},"query-input":{"@type":"PropertyValueSpecification","valueRequired":true,"valueName":"search_term_string"}}],"inLanguage":"en-GB"},{"@type":"Organization","@id":"https:\/\/www.doucesangevines.com\/#organization","name":"Douces Angevines","url":"https:\/\/www.doucesangevines.com\/","logo":{"@type":"ImageObject","inLanguage":"en-GB","@id":"https:\/\/www.doucesangevines.com\/#\/schema\/logo\/image\/","url":"https:\/\/www.doucesangevines.com\/wp-content\/uploads\/2022\/02\/douces-angevines-logo-2025.svg","contentUrl":"https:\/\/www.doucesangevines.com\/wp-content\/uploads\/2022\/02\/douces-angevines-logo-2025.svg","caption":"Douces Angevines"},"image":{"@id":"https:\/\/www.doucesangevines.com\/#\/schema\/logo\/image\/"},"sameAs":["https:\/\/fr-fr.facebook.com\/doucesangevines\/","https:\/\/www.instagram.com\/doucesangevines\/","https:\/\/www.youtube.com\/channel\/UCcbJc6Om9b7IZDHWj-osu6w"]}]}},"_links":{"self":[{"href":"https:\/\/www.doucesangevines.com\/en\/wp-json\/wp\/v2\/product\/2653","targetHints":{"allow":["GET"]}}],"collection":[{"href":"https:\/\/www.doucesangevines.com\/en\/wp-json\/wp\/v2\/product"}],"about":[{"href":"https:\/\/www.doucesangevines.com\/en\/wp-json\/wp\/v2\/types\/product"}],"wp:featuredmedia":[{"embeddable":true,"href":"https:\/\/www.doucesangevines.com\/en\/wp-json\/wp\/v2\/media\/22481"}],"wp:attachment":[{"href":"https:\/\/www.doucesangevines.com\/en\/wp-json\/wp\/v2\/media?parent=2653"}],"wp:term":[{"taxonomy":"product_featurescat","embeddable":true,"href":"https:\/\/www.doucesangevines.com\/en\/wp-json\/wp\/v2\/product_featurescat?post=2653"},{"taxonomy":"product_brand","embeddable":true,"href":"https:\/\/www.doucesangevines.com\/en\/wp-json\/wp\/v2\/product_brand?post=2653"},{"taxonomy":"product_cat","embeddable":true,"href":"https:\/\/www.doucesangevines.com\/en\/wp-json\/wp\/v2\/product_cat?post=2653"},{"taxonomy":"product_tag","embeddable":true,"href":"https:\/\/www.doucesangevines.com\/en\/wp-json\/wp\/v2\/product_tag?post=2653"}],"curies":[{"name":"wp","href":"https:\/\/api.w.org\/{rel}","templated":true}]}}