{"id":2654,"date":"2022-03-14T21:40:17","date_gmt":"2022-03-14T20:40:17","guid":{"rendered":"http:\/\/doucesangevines.com\/produit\/precise\/"},"modified":"2026-01-07T09:22:02","modified_gmt":"2026-01-07T08:22:02","slug":"precise","status":"publish","type":"product","link":"https:\/\/www.doucesangevines.com\/en\/product\/precise\/","title":{"rendered":"Pr\u00e9cise"},"content":{"rendered":"<p>The Pr\u00e9cise fluid is the ally of skin prone to imperfections, young skin, oily or prone to hormonal acne.<\/p>\n<p>In the spring Pr\u00e9cise relieves all skin types of toxins accumulated during the winter.<\/p>\n<p>The essential oils of Cajeput, Tea tree, Sandalwood have purifying, healing and anti-acne properties.<br \/>\nJojoba vegetable oil regulates sebum secretion. Its similar to sebum composition makes it a rebalancing and restructuring element that is particularly well assimilated and tolerated by all skin types.<br \/>\nL&#8217;huile v\u00e9g\u00e9tale de Noisette est l&#8217;alli\u00e9e des peaux sujettes aux imperfections et points noirs. Non com\u00e9dog\u00e8ne, s\u00e9bo-r\u00e9gulatrice, d\u00e9sincrustante, elle affine et \u00e9quilibre l&#8217;\u00e9piderme.<\/p>","protected":false},"excerpt":{"rendered":"<p>Purity, softness and accuracy. Regain healthy, balanced skin with this fluid that quickly improves blemish-prone areas and acne-prone skin without aggression. It protects the skin, purifies and evens out the complexion while facilitating the recovery of pimples.<\/p>","protected":false},"featured_media":3648,"template":"","meta":{"_acf_changed":false},"product_featurescat":[185,188],"product_brand":[],"product_cat":[95],"product_tag":[189,190],"class_list":{"0":"post-2654","1":"product","2":"type-product","3":"status-publish","4":"has-post-thumbnail","6":"product_featurescat-gamme-au-fil-des-jours","7":"product_featurescat-anti-imperfections","8":"product_cat-visage","9":"product_tag-quiz","10":"product_tag-favoris","11":"pa_collections-au-fil-des-jours","12":"pa_preoccupation-visage-imperfections","13":"pa_saison-ete","14":"pa_saison-automne","15":"pa_saison-hiver","16":"pa_saison-toute-saison","17":"pa_saison-printemps","18":"pa_type-de-peau-mixte","19":"pa_type-de-peau-grasse","20":"pa_type-de-soin-soin-de-jour","22":"first","23":"instock","24":"taxable","25":"shipping-taxable","26":"purchasable","27":"product-type-simple"},"acf":[],"yoast_head":"<!-- This site is optimized with the Yoast SEO plugin v27.4 - https:\/\/yoast.com\/product\/yoast-seo-wordpress\/ -->\n<title>Pr\u00e9cise - fluide purifiant bio - Douces Angevines<\/title>\n<meta name=\"description\" content=\"Puret\u00e9 et douceur avec ce soin bio anti-imperfections qui assainit durablement les zones sujettes \u00e0 l&#039;acn\u00e9 juv\u00e9nile ou hormonale, sans ass\u00e9cher la peau.\" \/>\n<meta name=\"robots\" content=\"index, follow, max-snippet:-1, max-image-preview:large, max-video-preview:-1\" \/>\n<link rel=\"canonical\" href=\"https:\/\/www.doucesangevines.com\/en\/product\/precise\/\" \/>\n<meta property=\"og:locale\" content=\"en_GB\" \/>\n<meta property=\"og:type\" content=\"article\" \/>\n<meta property=\"og:title\" content=\"Pr\u00e9cise - fluide purifiant bio - Douces Angevines\" \/>\n<meta property=\"og:description\" content=\"Puret\u00e9 et douceur avec ce soin bio anti-imperfections qui assainit durablement les zones sujettes \u00e0 l&#039;acn\u00e9 juv\u00e9nile ou hormonale, sans ass\u00e9cher la peau.\" \/>\n<meta property=\"og:url\" content=\"https:\/\/www.doucesangevines.com\/en\/product\/precise\/\" \/>\n<meta property=\"og:site_name\" content=\"Douces Angevines\" \/>\n<meta property=\"article:publisher\" content=\"https:\/\/fr-fr.facebook.com\/doucesangevines\/\" \/>\n<meta property=\"article:modified_time\" content=\"2026-01-07T08:22:02+00:00\" \/>\n<meta property=\"og:image\" content=\"https:\/\/www.doucesangevines.com\/wp-content\/uploads\/2022\/03\/Precise_fluide_visage_imperfections_peau_jeune_grasse-1.jpg\" \/>\n\t<meta property=\"og:image:width\" content=\"1132\" \/>\n\t<meta property=\"og:image:height\" content=\"1132\" \/>\n\t<meta property=\"og:image:type\" content=\"image\/jpeg\" \/>\n<meta name=\"twitter:card\" content=\"summary_large_image\" \/>\n<meta name=\"twitter:label1\" content=\"Estimated reading time\" \/>\n\t<meta name=\"twitter:data1\" content=\"1 minute\" \/>\n<script type=\"application\/ld+json\" class=\"yoast-schema-graph\">{\"@context\":\"https:\\\/\\\/schema.org\",\"@graph\":[{\"@type\":\"WebPage\",\"@id\":\"https:\\\/\\\/www.doucesangevines.com\\\/produit\\\/precise\\\/\",\"url\":\"https:\\\/\\\/www.doucesangevines.com\\\/produit\\\/precise\\\/\",\"name\":\"Pr\u00e9cise - fluide purifiant bio - Douces Angevines\",\"isPartOf\":{\"@id\":\"https:\\\/\\\/www.doucesangevines.com\\\/#website\"},\"primaryImageOfPage\":{\"@id\":\"https:\\\/\\\/www.doucesangevines.com\\\/produit\\\/precise\\\/#primaryimage\"},\"image\":{\"@id\":\"https:\\\/\\\/www.doucesangevines.com\\\/produit\\\/precise\\\/#primaryimage\"},\"thumbnailUrl\":\"https:\\\/\\\/www.doucesangevines.com\\\/wp-content\\\/uploads\\\/2022\\\/03\\\/Precise_fluide_visage_imperfections_peau_jeune_grasse-1.jpg\",\"datePublished\":\"2022-03-14T20:40:17+00:00\",\"dateModified\":\"2026-01-07T08:22:02+00:00\",\"description\":\"Puret\u00e9 et douceur avec ce soin bio anti-imperfections qui assainit durablement les zones sujettes \u00e0 l'acn\u00e9 juv\u00e9nile ou hormonale, sans ass\u00e9cher la peau.\",\"breadcrumb\":{\"@id\":\"https:\\\/\\\/www.doucesangevines.com\\\/produit\\\/precise\\\/#breadcrumb\"},\"inLanguage\":\"en-GB\",\"potentialAction\":[{\"@type\":\"ReadAction\",\"target\":[\"https:\\\/\\\/www.doucesangevines.com\\\/produit\\\/precise\\\/\"]}]},{\"@type\":\"ImageObject\",\"inLanguage\":\"en-GB\",\"@id\":\"https:\\\/\\\/www.doucesangevines.com\\\/produit\\\/precise\\\/#primaryimage\",\"url\":\"https:\\\/\\\/www.doucesangevines.com\\\/wp-content\\\/uploads\\\/2022\\\/03\\\/Precise_fluide_visage_imperfections_peau_jeune_grasse-1.jpg\",\"contentUrl\":\"https:\\\/\\\/www.doucesangevines.com\\\/wp-content\\\/uploads\\\/2022\\\/03\\\/Precise_fluide_visage_imperfections_peau_jeune_grasse-1.jpg\",\"width\":1132,\"height\":1132,\"caption\":\"Pr\u00e9cise fluide purifiant visage bio - Douces Angevines\"},{\"@type\":\"BreadcrumbList\",\"@id\":\"https:\\\/\\\/www.doucesangevines.com\\\/produit\\\/precise\\\/#breadcrumb\",\"itemListElement\":[{\"@type\":\"ListItem\",\"position\":1,\"name\":\"Accueil\",\"item\":\"https:\\\/\\\/www.doucesangevines.com\\\/\"},{\"@type\":\"ListItem\",\"position\":2,\"name\":\"Boutique\",\"item\":\"https:\\\/\\\/www.doucesangevines.com\\\/boutique\\\/\"},{\"@type\":\"ListItem\",\"position\":3,\"name\":\"Pr\u00e9cise\"}]},{\"@type\":\"WebSite\",\"@id\":\"https:\\\/\\\/www.doucesangevines.com\\\/#website\",\"url\":\"https:\\\/\\\/www.doucesangevines.com\\\/\",\"name\":\"Douces Angevines\",\"description\":\"Femmes Herboristes de Beaut\u00e9\",\"publisher\":{\"@id\":\"https:\\\/\\\/www.doucesangevines.com\\\/#organization\"},\"potentialAction\":[{\"@type\":\"SearchAction\",\"target\":{\"@type\":\"EntryPoint\",\"urlTemplate\":\"https:\\\/\\\/www.doucesangevines.com\\\/?s={search_term_string}\"},\"query-input\":{\"@type\":\"PropertyValueSpecification\",\"valueRequired\":true,\"valueName\":\"search_term_string\"}}],\"inLanguage\":\"en-GB\"},{\"@type\":\"Organization\",\"@id\":\"https:\\\/\\\/www.doucesangevines.com\\\/#organization\",\"name\":\"Douces Angevines\",\"url\":\"https:\\\/\\\/www.doucesangevines.com\\\/\",\"logo\":{\"@type\":\"ImageObject\",\"inLanguage\":\"en-GB\",\"@id\":\"https:\\\/\\\/www.doucesangevines.com\\\/#\\\/schema\\\/logo\\\/image\\\/\",\"url\":\"https:\\\/\\\/www.doucesangevines.com\\\/wp-content\\\/uploads\\\/2022\\\/02\\\/douces-angevines-logo-2025.svg\",\"contentUrl\":\"https:\\\/\\\/www.doucesangevines.com\\\/wp-content\\\/uploads\\\/2022\\\/02\\\/douces-angevines-logo-2025.svg\",\"caption\":\"Douces Angevines\"},\"image\":{\"@id\":\"https:\\\/\\\/www.doucesangevines.com\\\/#\\\/schema\\\/logo\\\/image\\\/\"},\"sameAs\":[\"https:\\\/\\\/fr-fr.facebook.com\\\/doucesangevines\\\/\",\"https:\\\/\\\/www.instagram.com\\\/doucesangevines\\\/\",\"https:\\\/\\\/www.youtube.com\\\/channel\\\/UCcbJc6Om9b7IZDHWj-osu6w\"]}]}<\/script>\n<!-- \/ Yoast SEO plugin. -->","yoast_head_json":{"title":"Precise - organic purifying fluid - Douces Angevines","description":"Puret\u00e9 et douceur avec ce soin bio anti-imperfections qui assainit durablement les zones sujettes \u00e0 l'acn\u00e9 juv\u00e9nile ou hormonale, sans ass\u00e9cher la peau.","robots":{"index":"index","follow":"follow","max-snippet":"max-snippet:-1","max-image-preview":"max-image-preview:large","max-video-preview":"max-video-preview:-1"},"canonical":"https:\/\/www.doucesangevines.com\/en\/product\/precise\/","og_locale":"en_GB","og_type":"article","og_title":"Pr\u00e9cise - fluide purifiant bio - Douces Angevines","og_description":"Puret\u00e9 et douceur avec ce soin bio anti-imperfections qui assainit durablement les zones sujettes \u00e0 l'acn\u00e9 juv\u00e9nile ou hormonale, sans ass\u00e9cher la peau.","og_url":"https:\/\/www.doucesangevines.com\/en\/product\/precise\/","og_site_name":"Douces Angevines","article_publisher":"https:\/\/fr-fr.facebook.com\/doucesangevines\/","article_modified_time":"2026-01-07T08:22:02+00:00","og_image":[{"width":1132,"height":1132,"url":"https:\/\/www.doucesangevines.com\/wp-content\/uploads\/2022\/03\/Precise_fluide_visage_imperfections_peau_jeune_grasse-1.jpg","type":"image\/jpeg"}],"twitter_card":"summary_large_image","twitter_misc":{"Estimated reading time":"1 minute"},"schema":{"@context":"https:\/\/schema.org","@graph":[{"@type":"WebPage","@id":"https:\/\/www.doucesangevines.com\/produit\/precise\/","url":"https:\/\/www.doucesangevines.com\/produit\/precise\/","name":"Precise - organic purifying fluid - Douces Angevines","isPartOf":{"@id":"https:\/\/www.doucesangevines.com\/#website"},"primaryImageOfPage":{"@id":"https:\/\/www.doucesangevines.com\/produit\/precise\/#primaryimage"},"image":{"@id":"https:\/\/www.doucesangevines.com\/produit\/precise\/#primaryimage"},"thumbnailUrl":"https:\/\/www.doucesangevines.com\/wp-content\/uploads\/2022\/03\/Precise_fluide_visage_imperfections_peau_jeune_grasse-1.jpg","datePublished":"2022-03-14T20:40:17+00:00","dateModified":"2026-01-07T08:22:02+00:00","description":"Puret\u00e9 et douceur avec ce soin bio anti-imperfections qui assainit durablement les zones sujettes \u00e0 l'acn\u00e9 juv\u00e9nile ou hormonale, sans ass\u00e9cher la peau.","breadcrumb":{"@id":"https:\/\/www.doucesangevines.com\/produit\/precise\/#breadcrumb"},"inLanguage":"en-GB","potentialAction":[{"@type":"ReadAction","target":["https:\/\/www.doucesangevines.com\/produit\/precise\/"]}]},{"@type":"ImageObject","inLanguage":"en-GB","@id":"https:\/\/www.doucesangevines.com\/produit\/precise\/#primaryimage","url":"https:\/\/www.doucesangevines.com\/wp-content\/uploads\/2022\/03\/Precise_fluide_visage_imperfections_peau_jeune_grasse-1.jpg","contentUrl":"https:\/\/www.doucesangevines.com\/wp-content\/uploads\/2022\/03\/Precise_fluide_visage_imperfections_peau_jeune_grasse-1.jpg","width":1132,"height":1132,"caption":"Pr\u00e9cise fluide purifiant visage bio - Douces Angevines"},{"@type":"BreadcrumbList","@id":"https:\/\/www.doucesangevines.com\/produit\/precise\/#breadcrumb","itemListElement":[{"@type":"ListItem","position":1,"name":"Accueil","item":"https:\/\/www.doucesangevines.com\/"},{"@type":"ListItem","position":2,"name":"Boutique","item":"https:\/\/www.doucesangevines.com\/boutique\/"},{"@type":"ListItem","position":3,"name":"Pr\u00e9cise"}]},{"@type":"WebSite","@id":"https:\/\/www.doucesangevines.com\/#website","url":"https:\/\/www.doucesangevines.com\/","name":"Douces Angevines","description":"Women Beauty Herbalists","publisher":{"@id":"https:\/\/www.doucesangevines.com\/#organization"},"potentialAction":[{"@type":"SearchAction","target":{"@type":"EntryPoint","urlTemplate":"https:\/\/www.doucesangevines.com\/?s={search_term_string}"},"query-input":{"@type":"PropertyValueSpecification","valueRequired":true,"valueName":"search_term_string"}}],"inLanguage":"en-GB"},{"@type":"Organization","@id":"https:\/\/www.doucesangevines.com\/#organization","name":"Douces Angevines","url":"https:\/\/www.doucesangevines.com\/","logo":{"@type":"ImageObject","inLanguage":"en-GB","@id":"https:\/\/www.doucesangevines.com\/#\/schema\/logo\/image\/","url":"https:\/\/www.doucesangevines.com\/wp-content\/uploads\/2022\/02\/douces-angevines-logo-2025.svg","contentUrl":"https:\/\/www.doucesangevines.com\/wp-content\/uploads\/2022\/02\/douces-angevines-logo-2025.svg","caption":"Douces Angevines"},"image":{"@id":"https:\/\/www.doucesangevines.com\/#\/schema\/logo\/image\/"},"sameAs":["https:\/\/fr-fr.facebook.com\/doucesangevines\/","https:\/\/www.instagram.com\/doucesangevines\/","https:\/\/www.youtube.com\/channel\/UCcbJc6Om9b7IZDHWj-osu6w"]}]}},"_links":{"self":[{"href":"https:\/\/www.doucesangevines.com\/en\/wp-json\/wp\/v2\/product\/2654","targetHints":{"allow":["GET"]}}],"collection":[{"href":"https:\/\/www.doucesangevines.com\/en\/wp-json\/wp\/v2\/product"}],"about":[{"href":"https:\/\/www.doucesangevines.com\/en\/wp-json\/wp\/v2\/types\/product"}],"wp:featuredmedia":[{"embeddable":true,"href":"https:\/\/www.doucesangevines.com\/en\/wp-json\/wp\/v2\/media\/3648"}],"wp:attachment":[{"href":"https:\/\/www.doucesangevines.com\/en\/wp-json\/wp\/v2\/media?parent=2654"}],"wp:term":[{"taxonomy":"product_featurescat","embeddable":true,"href":"https:\/\/www.doucesangevines.com\/en\/wp-json\/wp\/v2\/product_featurescat?post=2654"},{"taxonomy":"product_brand","embeddable":true,"href":"https:\/\/www.doucesangevines.com\/en\/wp-json\/wp\/v2\/product_brand?post=2654"},{"taxonomy":"product_cat","embeddable":true,"href":"https:\/\/www.doucesangevines.com\/en\/wp-json\/wp\/v2\/product_cat?post=2654"},{"taxonomy":"product_tag","embeddable":true,"href":"https:\/\/www.doucesangevines.com\/en\/wp-json\/wp\/v2\/product_tag?post=2654"}],"curies":[{"name":"wp","href":"https:\/\/api.w.org\/{rel}","templated":true}]}}