{"id":2655,"date":"2022-03-14T21:40:17","date_gmt":"2022-03-14T20:40:17","guid":{"rendered":"http:\/\/doucesangevines.com\/produit\/nuit-caline\/"},"modified":"2026-03-10T16:53:12","modified_gmt":"2026-03-10T15:53:12","slug":"nuit-caline","status":"publish","type":"product","link":"https:\/\/www.doucesangevines.com\/en\/product\/night-caline\/","title":{"rendered":"Nuit C\u00e2line"},"content":{"rendered":"<p>Nuit C\u00e2line est un Fluide-S\u00e9rum de nuit pour toutes les natures de peau, tr\u00e8s int\u00e9ressant pour les peaux sujettes aux taches brunes et cicatrices d&#8217;acn\u00e9. Doux et enveloppant, il participe \u00e0 apaiser, r\u00e9g\u00e9n\u00e9rer et purifier la peau au c\u0153ur de la nuit.<\/p>\n<p>Nuit C\u00e2line will be your companion at night in any season and especially in winter.<\/p>\n<p>Plant friends generously offer their virtues and their precious actions:<br \/>\nSweet Sicilian Almond softens and nourishes to strengthen the skin&#039;s elasticity.<br \/>\nRosehip tones the skin and plays a vital role in epidermal regeneration.<br \/>\nChamomile Matricaire d&#039;Auvergne and Myrtle offer their regenerating properties to preserve the youthfulness of the skin.<\/p>\n<p>The firmness and tone of your skin are reinforced, it is nourished and hydrated* for optimal comfort.<\/p>\n<p>*<em> les couches superficielles de l\u2019\u00e9piderme<\/em><\/p>\n<div id=\"sconnect-is-installed\" style=\"display: none;\">2.15.1.0<\/div>\n<div id=\"sconnect-is-installed\" style=\"display: none;\">2.15.1.0<\/div>\n<div id=\"sconnect-is-installed\" style=\"display: none;\">2.15.1.0<\/div>","protected":false},"excerpt":{"rendered":"<p>Merveille des Simples. ; la pr\u00e9sence subtile de ce fluide accompagne en douceur le repos des cellules, s\u2019active \u00e0 ralentir le vieillissement pr\u00e9matur\u00e9 de la peau et \u00e0 soutenir son \u00e9lasticit\u00e9<\/p>\n<p>La pr\u00e9sence subtile de ce fluide accompagne en douceur le repos des cellules, s&#8217;active \u00e0 ralentir le vieillissement pr\u00e9matur\u00e9 de la peau et \u00e0 soutenir son \u00e9lasticit\u00e9. Une symphonie unique et vivante de racines, bois, r\u00e9sine, feuilles, fleurs, fruits et graines, autour de la Bourrache \u00e9toil\u00e9e.<\/p>\n<p>Face Shape<\/p>\n<p>Redensifying<\/p>\n<p>Structuring<\/p>\n<p>&nbsp;<\/p>\n<p>&nbsp;<\/p>\n<div id=\"sconnect-is-installed\" style=\"display: none;\">2.15.1.0<\/div>\n<div id=\"sconnect-is-installed\" style=\"display: none;\">2.15.1.0<\/div>\n<div id=\"sconnect-is-installed\" style=\"display: none;\">2.15.1.0<\/div>","protected":false},"featured_media":21937,"template":"","meta":{"_acf_changed":false},"product_featurescat":[185],"product_brand":[],"product_cat":[95],"product_tag":[189,190],"class_list":{"0":"post-2655","1":"product","2":"type-product","3":"status-publish","4":"has-post-thumbnail","6":"product_featurescat-gamme-au-fil-des-jours","7":"product_cat-visage","8":"product_tag-quiz","9":"product_tag-favoris","10":"pa_collections-au-fil-des-jours","11":"pa_preoccupation-visage-secheresse","12":"pa_preoccupation-visage-rides-ridules","13":"pa_preoccupation-visage-deshydratation","14":"pa_preoccupation-visage-imperfections","15":"pa_preoccupation-visage-eclat","16":"pa_saison-toute-saison","17":"pa_saison-automne","18":"pa_saison-hiver","19":"pa_type-de-peau-seche","20":"pa_type-de-peau-sensible","21":"pa_type-de-peau-normale","22":"pa_type-de-peau-mixte","23":"pa_type-de-soin-soin-de-nuit","25":"first","26":"instock","27":"taxable","28":"shipping-taxable","29":"purchasable","30":"product-type-simple"},"acf":[],"yoast_head":"<!-- This site is optimized with the Yoast SEO plugin v27.4 - https:\/\/yoast.com\/product\/yoast-seo-wordpress\/ -->\n<title>Nuit C\u00e2line - fluide de nuit revitalisant bio - Douces Angevines<\/title>\n<meta name=\"description\" content=\"Votre peau se r\u00e9g\u00e9n\u00e8re avec ce fluide-s\u00e9rum, soin complet de nuit qui pr\u00e9vient le vieillissement cutan\u00e9 : la peau retrouve \u00e9clat, douceur, vitalit\u00e9.\" \/>\n<meta name=\"robots\" content=\"index, follow, max-snippet:-1, max-image-preview:large, max-video-preview:-1\" \/>\n<link rel=\"canonical\" href=\"https:\/\/www.doucesangevines.com\/en\/product\/night-caline\/\" \/>\n<meta property=\"og:locale\" content=\"en_GB\" \/>\n<meta property=\"og:type\" content=\"article\" \/>\n<meta property=\"og:title\" content=\"Nuit C\u00e2line - fluide de nuit revitalisant bio - Douces Angevines\" \/>\n<meta property=\"og:description\" content=\"Votre peau se r\u00e9g\u00e9n\u00e8re avec ce fluide-s\u00e9rum, soin complet de nuit qui pr\u00e9vient le vieillissement cutan\u00e9 : la peau retrouve \u00e9clat, douceur, vitalit\u00e9.\" \/>\n<meta property=\"og:url\" content=\"https:\/\/www.doucesangevines.com\/en\/product\/night-caline\/\" \/>\n<meta property=\"og:site_name\" content=\"Douces Angevines\" \/>\n<meta property=\"article:publisher\" content=\"https:\/\/fr-fr.facebook.com\/doucesangevines\/\" \/>\n<meta property=\"article:modified_time\" content=\"2026-03-10T15:53:12+00:00\" \/>\n<meta property=\"og:image\" content=\"https:\/\/www.doucesangevines.com\/wp-content\/uploads\/2022\/03\/flacon-nuit-caline.png\" \/>\n\t<meta property=\"og:image:width\" content=\"1132\" \/>\n\t<meta property=\"og:image:height\" content=\"1132\" \/>\n\t<meta property=\"og:image:type\" content=\"image\/png\" \/>\n<meta name=\"twitter:card\" content=\"summary_large_image\" \/>\n<meta name=\"twitter:label1\" content=\"Estimated reading time\" \/>\n\t<meta name=\"twitter:data1\" content=\"1 minute\" \/>\n<script type=\"application\/ld+json\" class=\"yoast-schema-graph\">{\"@context\":\"https:\\\/\\\/schema.org\",\"@graph\":[{\"@type\":\"WebPage\",\"@id\":\"https:\\\/\\\/www.doucesangevines.com\\\/produit\\\/nuit-caline\\\/\",\"url\":\"https:\\\/\\\/www.doucesangevines.com\\\/produit\\\/nuit-caline\\\/\",\"name\":\"Nuit C\u00e2line - fluide de nuit revitalisant bio - Douces Angevines\",\"isPartOf\":{\"@id\":\"https:\\\/\\\/www.doucesangevines.com\\\/#website\"},\"primaryImageOfPage\":{\"@id\":\"https:\\\/\\\/www.doucesangevines.com\\\/produit\\\/nuit-caline\\\/#primaryimage\"},\"image\":{\"@id\":\"https:\\\/\\\/www.doucesangevines.com\\\/produit\\\/nuit-caline\\\/#primaryimage\"},\"thumbnailUrl\":\"https:\\\/\\\/www.doucesangevines.com\\\/wp-content\\\/uploads\\\/2022\\\/03\\\/flacon-nuit-caline.png\",\"datePublished\":\"2022-03-14T20:40:17+00:00\",\"dateModified\":\"2026-03-10T15:53:12+00:00\",\"description\":\"Votre peau se r\u00e9g\u00e9n\u00e8re avec ce fluide-s\u00e9rum, soin complet de nuit qui pr\u00e9vient le vieillissement cutan\u00e9 : la peau retrouve \u00e9clat, douceur, vitalit\u00e9.\",\"breadcrumb\":{\"@id\":\"https:\\\/\\\/www.doucesangevines.com\\\/produit\\\/nuit-caline\\\/#breadcrumb\"},\"inLanguage\":\"en-GB\",\"potentialAction\":[{\"@type\":\"ReadAction\",\"target\":[\"https:\\\/\\\/www.doucesangevines.com\\\/produit\\\/nuit-caline\\\/\"]}]},{\"@type\":\"ImageObject\",\"inLanguage\":\"en-GB\",\"@id\":\"https:\\\/\\\/www.doucesangevines.com\\\/produit\\\/nuit-caline\\\/#primaryimage\",\"url\":\"https:\\\/\\\/www.doucesangevines.com\\\/wp-content\\\/uploads\\\/2022\\\/03\\\/flacon-nuit-caline.png\",\"contentUrl\":\"https:\\\/\\\/www.doucesangevines.com\\\/wp-content\\\/uploads\\\/2022\\\/03\\\/flacon-nuit-caline.png\",\"width\":1132,\"height\":1132},{\"@type\":\"BreadcrumbList\",\"@id\":\"https:\\\/\\\/www.doucesangevines.com\\\/produit\\\/nuit-caline\\\/#breadcrumb\",\"itemListElement\":[{\"@type\":\"ListItem\",\"position\":1,\"name\":\"Accueil\",\"item\":\"https:\\\/\\\/www.doucesangevines.com\\\/\"},{\"@type\":\"ListItem\",\"position\":2,\"name\":\"Boutique\",\"item\":\"https:\\\/\\\/www.doucesangevines.com\\\/boutique\\\/\"},{\"@type\":\"ListItem\",\"position\":3,\"name\":\"Nuit C\u00e2line\"}]},{\"@type\":\"WebSite\",\"@id\":\"https:\\\/\\\/www.doucesangevines.com\\\/#website\",\"url\":\"https:\\\/\\\/www.doucesangevines.com\\\/\",\"name\":\"Douces Angevines\",\"description\":\"Femmes Herboristes de Beaut\u00e9\",\"publisher\":{\"@id\":\"https:\\\/\\\/www.doucesangevines.com\\\/#organization\"},\"potentialAction\":[{\"@type\":\"SearchAction\",\"target\":{\"@type\":\"EntryPoint\",\"urlTemplate\":\"https:\\\/\\\/www.doucesangevines.com\\\/?s={search_term_string}\"},\"query-input\":{\"@type\":\"PropertyValueSpecification\",\"valueRequired\":true,\"valueName\":\"search_term_string\"}}],\"inLanguage\":\"en-GB\"},{\"@type\":\"Organization\",\"@id\":\"https:\\\/\\\/www.doucesangevines.com\\\/#organization\",\"name\":\"Douces Angevines\",\"url\":\"https:\\\/\\\/www.doucesangevines.com\\\/\",\"logo\":{\"@type\":\"ImageObject\",\"inLanguage\":\"en-GB\",\"@id\":\"https:\\\/\\\/www.doucesangevines.com\\\/#\\\/schema\\\/logo\\\/image\\\/\",\"url\":\"https:\\\/\\\/www.doucesangevines.com\\\/wp-content\\\/uploads\\\/2022\\\/02\\\/douces-angevines-logo-2025.svg\",\"contentUrl\":\"https:\\\/\\\/www.doucesangevines.com\\\/wp-content\\\/uploads\\\/2022\\\/02\\\/douces-angevines-logo-2025.svg\",\"caption\":\"Douces Angevines\"},\"image\":{\"@id\":\"https:\\\/\\\/www.doucesangevines.com\\\/#\\\/schema\\\/logo\\\/image\\\/\"},\"sameAs\":[\"https:\\\/\\\/fr-fr.facebook.com\\\/doucesangevines\\\/\",\"https:\\\/\\\/www.instagram.com\\\/doucesangevines\\\/\",\"https:\\\/\\\/www.youtube.com\\\/channel\\\/UCcbJc6Om9b7IZDHWj-osu6w\"]}]}<\/script>\n<!-- \/ Yoast SEO plugin. -->","yoast_head_json":{"title":"Nuit C\u00e2line - organic revitalizing night fluid - Douces Angevines","description":"Votre peau se r\u00e9g\u00e9n\u00e8re avec ce fluide-s\u00e9rum, soin complet de nuit qui pr\u00e9vient le vieillissement cutan\u00e9 : la peau retrouve \u00e9clat, douceur, vitalit\u00e9.","robots":{"index":"index","follow":"follow","max-snippet":"max-snippet:-1","max-image-preview":"max-image-preview:large","max-video-preview":"max-video-preview:-1"},"canonical":"https:\/\/www.doucesangevines.com\/en\/product\/night-caline\/","og_locale":"en_GB","og_type":"article","og_title":"Nuit C\u00e2line - fluide de nuit revitalisant bio - Douces Angevines","og_description":"Votre peau se r\u00e9g\u00e9n\u00e8re avec ce fluide-s\u00e9rum, soin complet de nuit qui pr\u00e9vient le vieillissement cutan\u00e9 : la peau retrouve \u00e9clat, douceur, vitalit\u00e9.","og_url":"https:\/\/www.doucesangevines.com\/en\/product\/night-caline\/","og_site_name":"Douces Angevines","article_publisher":"https:\/\/fr-fr.facebook.com\/doucesangevines\/","article_modified_time":"2026-03-10T15:53:12+00:00","og_image":[{"width":1132,"height":1132,"url":"https:\/\/www.doucesangevines.com\/wp-content\/uploads\/2022\/03\/flacon-nuit-caline.png","type":"image\/png"}],"twitter_card":"summary_large_image","twitter_misc":{"Estimated reading time":"1 minute"},"schema":{"@context":"https:\/\/schema.org","@graph":[{"@type":"WebPage","@id":"https:\/\/www.doucesangevines.com\/produit\/nuit-caline\/","url":"https:\/\/www.doucesangevines.com\/produit\/nuit-caline\/","name":"Nuit C\u00e2line - organic revitalizing night fluid - Douces Angevines","isPartOf":{"@id":"https:\/\/www.doucesangevines.com\/#website"},"primaryImageOfPage":{"@id":"https:\/\/www.doucesangevines.com\/produit\/nuit-caline\/#primaryimage"},"image":{"@id":"https:\/\/www.doucesangevines.com\/produit\/nuit-caline\/#primaryimage"},"thumbnailUrl":"https:\/\/www.doucesangevines.com\/wp-content\/uploads\/2022\/03\/flacon-nuit-caline.png","datePublished":"2022-03-14T20:40:17+00:00","dateModified":"2026-03-10T15:53:12+00:00","description":"Votre peau se r\u00e9g\u00e9n\u00e8re avec ce fluide-s\u00e9rum, soin complet de nuit qui pr\u00e9vient le vieillissement cutan\u00e9 : la peau retrouve \u00e9clat, douceur, vitalit\u00e9.","breadcrumb":{"@id":"https:\/\/www.doucesangevines.com\/produit\/nuit-caline\/#breadcrumb"},"inLanguage":"en-GB","potentialAction":[{"@type":"ReadAction","target":["https:\/\/www.doucesangevines.com\/produit\/nuit-caline\/"]}]},{"@type":"ImageObject","inLanguage":"en-GB","@id":"https:\/\/www.doucesangevines.com\/produit\/nuit-caline\/#primaryimage","url":"https:\/\/www.doucesangevines.com\/wp-content\/uploads\/2022\/03\/flacon-nuit-caline.png","contentUrl":"https:\/\/www.doucesangevines.com\/wp-content\/uploads\/2022\/03\/flacon-nuit-caline.png","width":1132,"height":1132},{"@type":"BreadcrumbList","@id":"https:\/\/www.doucesangevines.com\/produit\/nuit-caline\/#breadcrumb","itemListElement":[{"@type":"ListItem","position":1,"name":"Accueil","item":"https:\/\/www.doucesangevines.com\/"},{"@type":"ListItem","position":2,"name":"Boutique","item":"https:\/\/www.doucesangevines.com\/boutique\/"},{"@type":"ListItem","position":3,"name":"Nuit C\u00e2line"}]},{"@type":"WebSite","@id":"https:\/\/www.doucesangevines.com\/#website","url":"https:\/\/www.doucesangevines.com\/","name":"Douces Angevines","description":"Women Beauty Herbalists","publisher":{"@id":"https:\/\/www.doucesangevines.com\/#organization"},"potentialAction":[{"@type":"SearchAction","target":{"@type":"EntryPoint","urlTemplate":"https:\/\/www.doucesangevines.com\/?s={search_term_string}"},"query-input":{"@type":"PropertyValueSpecification","valueRequired":true,"valueName":"search_term_string"}}],"inLanguage":"en-GB"},{"@type":"Organization","@id":"https:\/\/www.doucesangevines.com\/#organization","name":"Douces Angevines","url":"https:\/\/www.doucesangevines.com\/","logo":{"@type":"ImageObject","inLanguage":"en-GB","@id":"https:\/\/www.doucesangevines.com\/#\/schema\/logo\/image\/","url":"https:\/\/www.doucesangevines.com\/wp-content\/uploads\/2022\/02\/douces-angevines-logo-2025.svg","contentUrl":"https:\/\/www.doucesangevines.com\/wp-content\/uploads\/2022\/02\/douces-angevines-logo-2025.svg","caption":"Douces Angevines"},"image":{"@id":"https:\/\/www.doucesangevines.com\/#\/schema\/logo\/image\/"},"sameAs":["https:\/\/fr-fr.facebook.com\/doucesangevines\/","https:\/\/www.instagram.com\/doucesangevines\/","https:\/\/www.youtube.com\/channel\/UCcbJc6Om9b7IZDHWj-osu6w"]}]}},"_links":{"self":[{"href":"https:\/\/www.doucesangevines.com\/en\/wp-json\/wp\/v2\/product\/2655","targetHints":{"allow":["GET"]}}],"collection":[{"href":"https:\/\/www.doucesangevines.com\/en\/wp-json\/wp\/v2\/product"}],"about":[{"href":"https:\/\/www.doucesangevines.com\/en\/wp-json\/wp\/v2\/types\/product"}],"wp:featuredmedia":[{"embeddable":true,"href":"https:\/\/www.doucesangevines.com\/en\/wp-json\/wp\/v2\/media\/21937"}],"wp:attachment":[{"href":"https:\/\/www.doucesangevines.com\/en\/wp-json\/wp\/v2\/media?parent=2655"}],"wp:term":[{"taxonomy":"product_featurescat","embeddable":true,"href":"https:\/\/www.doucesangevines.com\/en\/wp-json\/wp\/v2\/product_featurescat?post=2655"},{"taxonomy":"product_brand","embeddable":true,"href":"https:\/\/www.doucesangevines.com\/en\/wp-json\/wp\/v2\/product_brand?post=2655"},{"taxonomy":"product_cat","embeddable":true,"href":"https:\/\/www.doucesangevines.com\/en\/wp-json\/wp\/v2\/product_cat?post=2655"},{"taxonomy":"product_tag","embeddable":true,"href":"https:\/\/www.doucesangevines.com\/en\/wp-json\/wp\/v2\/product_tag?post=2655"}],"curies":[{"name":"wp","href":"https:\/\/api.w.org\/{rel}","templated":true}]}}