{"id":2657,"date":"2022-03-14T21:40:18","date_gmt":"2022-03-14T20:40:18","guid":{"rendered":"http:\/\/doucesangevines.com\/produit\/savon-visage-purifiant-precis%c2%b7e\/"},"modified":"2026-01-07T09:22:45","modified_gmt":"2026-01-07T08:22:45","slug":"savon-visage-purifiant-precis-e","status":"publish","type":"product","link":"https:\/\/www.doucesangevines.com\/en\/product\/precise-purifying-face-soap\/","title":{"rendered":"Pr\u00e9cis\u00b7e purifying face soap"},"content":{"rendered":"<p>Pr\u00e9cis.e purifie les peaux sujettes aux imperfections sans les ass\u00e9cher. Il favorise le retour d&#8217;une peau nette et \u00e9quilibr\u00e9e. Pr\u00e9cis.e est le premier geste purifiant, avant application du fluide visage Pr\u00e9cise.<\/p>\n<p>Cold saponification preserves the purity and virtues of the precious ingredients, and makes this soap naturally rich in moisturizing vegetable glycerin.<\/p>\n<p>Jojoba oil helps maintain the natural balance of sebaceous functions and nourishes the skin.<br \/>\nUne fine synergie d&#8217;Huiles Essentielles 100% bio aux actifs reconnus dans le traitement des peaux \u00e0 imperfections, apporte une action purifiante et r\u00e9g\u00e9n\u00e9rante \u00e0 ce savon visage :<br \/>\nTea tree, Lavandin Super, Patchouli and Cajeput offer their purifying, healing and anti-acne properties.<br \/>\nGeranium Rosat helps balance and regenerate the skin. Its stimulating effect tightens the pores of the skin.<\/p>\n<div id=\"sconnect-is-installed\" style=\"display: none;\">2.15.1.0<\/div>","protected":false},"excerpt":{"rendered":"<p>A gentle soap with purifying and balancing plant active ingredients that cleanses the skin of the face without attacking it. This soap purifies skin prone to imperfections and blackheads without dehydrating them.<\/p>\n<div id=\"sconnect-is-installed\" style=\"display: none;\">2.15.1.0<\/div>","protected":false},"featured_media":3650,"template":"","meta":{"_acf_changed":false},"product_featurescat":[188],"product_brand":[],"product_cat":[95],"product_tag":[191],"class_list":{"0":"post-2657","1":"product","2":"type-product","3":"status-publish","4":"has-post-thumbnail","6":"product_featurescat-anti-imperfections","7":"product_cat-visage","8":"product_tag-de-saison","9":"pa_collections-au-fil-des-jours","10":"pa_preoccupation-visage-imperfections","11":"pa_saison-printemps","12":"pa_saison-toute-saison","13":"pa_type-de-peau-mixte","14":"pa_type-de-peau-grasse","15":"pa_type-de-soin-savon-nettoyant","17":"first","18":"instock","19":"taxable","20":"shipping-taxable","21":"purchasable","22":"product-type-simple"},"acf":[],"yoast_head":"<!-- This site is optimized with the Yoast SEO plugin v27.4 - https:\/\/yoast.com\/product\/yoast-seo-wordpress\/ -->\n<title>Savon visage purifiant Pr\u00e9cis\u00b7e - Douces Angevines<\/title>\n<meta name=\"description\" content=\"Ce savon doux aux actifs v\u00e9g\u00e9taux purifiants et \u00e9quilibrants nettoie la peau du visage sans l&#039;agresser. Il assainit les peaux sujettes aux imperfections.\" \/>\n<meta name=\"robots\" content=\"index, follow, max-snippet:-1, max-image-preview:large, max-video-preview:-1\" \/>\n<link rel=\"canonical\" href=\"https:\/\/www.doucesangevines.com\/en\/product\/precise-purifying-face-soap\/\" \/>\n<meta property=\"og:locale\" content=\"en_GB\" \/>\n<meta property=\"og:type\" content=\"article\" \/>\n<meta property=\"og:title\" content=\"Savon visage purifiant Pr\u00e9cis\u00b7e - Douces Angevines\" \/>\n<meta property=\"og:description\" content=\"Ce savon doux aux actifs v\u00e9g\u00e9taux purifiants et \u00e9quilibrants nettoie la peau du visage sans l&#039;agresser. Il assainit les peaux sujettes aux imperfections.\" \/>\n<meta property=\"og:url\" content=\"https:\/\/www.doucesangevines.com\/en\/product\/precise-purifying-face-soap\/\" \/>\n<meta property=\"og:site_name\" content=\"Douces Angevines\" \/>\n<meta property=\"article:publisher\" content=\"https:\/\/fr-fr.facebook.com\/doucesangevines\/\" \/>\n<meta property=\"article:modified_time\" content=\"2026-01-07T08:22:45+00:00\" \/>\n<meta property=\"og:image\" content=\"https:\/\/www.doucesangevines.com\/wp-content\/uploads\/2022\/03\/Savon_purifiant_visage_Precise-1.jpg\" \/>\n\t<meta property=\"og:image:width\" content=\"1132\" \/>\n\t<meta property=\"og:image:height\" content=\"1132\" \/>\n\t<meta property=\"og:image:type\" content=\"image\/jpeg\" \/>\n<meta name=\"twitter:card\" content=\"summary_large_image\" \/>\n<meta name=\"twitter:label1\" content=\"Estimated reading time\" \/>\n\t<meta name=\"twitter:data1\" content=\"1 minute\" \/>\n<script type=\"application\/ld+json\" class=\"yoast-schema-graph\">{\"@context\":\"https:\\\/\\\/schema.org\",\"@graph\":[{\"@type\":\"WebPage\",\"@id\":\"https:\\\/\\\/www.doucesangevines.com\\\/produit\\\/savon-visage-purifiant-precis-e\\\/\",\"url\":\"https:\\\/\\\/www.doucesangevines.com\\\/produit\\\/savon-visage-purifiant-precis-e\\\/\",\"name\":\"Savon visage purifiant Pr\u00e9cis\u00b7e - Douces Angevines\",\"isPartOf\":{\"@id\":\"https:\\\/\\\/www.doucesangevines.com\\\/#website\"},\"primaryImageOfPage\":{\"@id\":\"https:\\\/\\\/www.doucesangevines.com\\\/produit\\\/savon-visage-purifiant-precis-e\\\/#primaryimage\"},\"image\":{\"@id\":\"https:\\\/\\\/www.doucesangevines.com\\\/produit\\\/savon-visage-purifiant-precis-e\\\/#primaryimage\"},\"thumbnailUrl\":\"https:\\\/\\\/www.doucesangevines.com\\\/wp-content\\\/uploads\\\/2022\\\/03\\\/Savon_purifiant_visage_Precise-1.jpg\",\"datePublished\":\"2022-03-14T20:40:18+00:00\",\"dateModified\":\"2026-01-07T08:22:45+00:00\",\"description\":\"Ce savon doux aux actifs v\u00e9g\u00e9taux purifiants et \u00e9quilibrants nettoie la peau du visage sans l'agresser. Il assainit les peaux sujettes aux imperfections.\",\"breadcrumb\":{\"@id\":\"https:\\\/\\\/www.doucesangevines.com\\\/produit\\\/savon-visage-purifiant-precis-e\\\/#breadcrumb\"},\"inLanguage\":\"en-GB\",\"potentialAction\":[{\"@type\":\"ReadAction\",\"target\":[\"https:\\\/\\\/www.doucesangevines.com\\\/produit\\\/savon-visage-purifiant-precis-e\\\/\"]}]},{\"@type\":\"ImageObject\",\"inLanguage\":\"en-GB\",\"@id\":\"https:\\\/\\\/www.doucesangevines.com\\\/produit\\\/savon-visage-purifiant-precis-e\\\/#primaryimage\",\"url\":\"https:\\\/\\\/www.doucesangevines.com\\\/wp-content\\\/uploads\\\/2022\\\/03\\\/Savon_purifiant_visage_Precise-1.jpg\",\"contentUrl\":\"https:\\\/\\\/www.doucesangevines.com\\\/wp-content\\\/uploads\\\/2022\\\/03\\\/Savon_purifiant_visage_Precise-1.jpg\",\"width\":1132,\"height\":1132,\"caption\":\"Pr\u00e9cise savon purifiant visage bio - Douces Angevines\"},{\"@type\":\"BreadcrumbList\",\"@id\":\"https:\\\/\\\/www.doucesangevines.com\\\/produit\\\/savon-visage-purifiant-precis-e\\\/#breadcrumb\",\"itemListElement\":[{\"@type\":\"ListItem\",\"position\":1,\"name\":\"Accueil\",\"item\":\"https:\\\/\\\/www.doucesangevines.com\\\/\"},{\"@type\":\"ListItem\",\"position\":2,\"name\":\"Boutique\",\"item\":\"https:\\\/\\\/www.doucesangevines.com\\\/boutique\\\/\"},{\"@type\":\"ListItem\",\"position\":3,\"name\":\"Savon visage purifiant Pr\u00e9cis\u00b7e\"}]},{\"@type\":\"WebSite\",\"@id\":\"https:\\\/\\\/www.doucesangevines.com\\\/#website\",\"url\":\"https:\\\/\\\/www.doucesangevines.com\\\/\",\"name\":\"Douces Angevines\",\"description\":\"Femmes Herboristes de Beaut\u00e9\",\"publisher\":{\"@id\":\"https:\\\/\\\/www.doucesangevines.com\\\/#organization\"},\"potentialAction\":[{\"@type\":\"SearchAction\",\"target\":{\"@type\":\"EntryPoint\",\"urlTemplate\":\"https:\\\/\\\/www.doucesangevines.com\\\/?s={search_term_string}\"},\"query-input\":{\"@type\":\"PropertyValueSpecification\",\"valueRequired\":true,\"valueName\":\"search_term_string\"}}],\"inLanguage\":\"en-GB\"},{\"@type\":\"Organization\",\"@id\":\"https:\\\/\\\/www.doucesangevines.com\\\/#organization\",\"name\":\"Douces Angevines\",\"url\":\"https:\\\/\\\/www.doucesangevines.com\\\/\",\"logo\":{\"@type\":\"ImageObject\",\"inLanguage\":\"en-GB\",\"@id\":\"https:\\\/\\\/www.doucesangevines.com\\\/#\\\/schema\\\/logo\\\/image\\\/\",\"url\":\"https:\\\/\\\/www.doucesangevines.com\\\/wp-content\\\/uploads\\\/2022\\\/02\\\/douces-angevines-logo-2025.svg\",\"contentUrl\":\"https:\\\/\\\/www.doucesangevines.com\\\/wp-content\\\/uploads\\\/2022\\\/02\\\/douces-angevines-logo-2025.svg\",\"caption\":\"Douces Angevines\"},\"image\":{\"@id\":\"https:\\\/\\\/www.doucesangevines.com\\\/#\\\/schema\\\/logo\\\/image\\\/\"},\"sameAs\":[\"https:\\\/\\\/fr-fr.facebook.com\\\/doucesangevines\\\/\",\"https:\\\/\\\/www.instagram.com\\\/doucesangevines\\\/\",\"https:\\\/\\\/www.youtube.com\\\/channel\\\/UCcbJc6Om9b7IZDHWj-osu6w\"]}]}<\/script>\n<!-- \/ Yoast SEO plugin. -->","yoast_head_json":{"title":"Pr\u00e9cis e purifying face soap - Douces Angevines","description":"Ce savon doux aux actifs v\u00e9g\u00e9taux purifiants et \u00e9quilibrants nettoie la peau du visage sans l'agresser. Il assainit les peaux sujettes aux imperfections.","robots":{"index":"index","follow":"follow","max-snippet":"max-snippet:-1","max-image-preview":"max-image-preview:large","max-video-preview":"max-video-preview:-1"},"canonical":"https:\/\/www.doucesangevines.com\/en\/product\/precise-purifying-face-soap\/","og_locale":"en_GB","og_type":"article","og_title":"Savon visage purifiant Pr\u00e9cis\u00b7e - Douces Angevines","og_description":"Ce savon doux aux actifs v\u00e9g\u00e9taux purifiants et \u00e9quilibrants nettoie la peau du visage sans l'agresser. Il assainit les peaux sujettes aux imperfections.","og_url":"https:\/\/www.doucesangevines.com\/en\/product\/precise-purifying-face-soap\/","og_site_name":"Douces Angevines","article_publisher":"https:\/\/fr-fr.facebook.com\/doucesangevines\/","article_modified_time":"2026-01-07T08:22:45+00:00","og_image":[{"width":1132,"height":1132,"url":"https:\/\/www.doucesangevines.com\/wp-content\/uploads\/2022\/03\/Savon_purifiant_visage_Precise-1.jpg","type":"image\/jpeg"}],"twitter_card":"summary_large_image","twitter_misc":{"Estimated reading time":"1 minute"},"schema":{"@context":"https:\/\/schema.org","@graph":[{"@type":"WebPage","@id":"https:\/\/www.doucesangevines.com\/produit\/savon-visage-purifiant-precis-e\/","url":"https:\/\/www.doucesangevines.com\/produit\/savon-visage-purifiant-precis-e\/","name":"Pr\u00e9cis e purifying face soap - Douces Angevines","isPartOf":{"@id":"https:\/\/www.doucesangevines.com\/#website"},"primaryImageOfPage":{"@id":"https:\/\/www.doucesangevines.com\/produit\/savon-visage-purifiant-precis-e\/#primaryimage"},"image":{"@id":"https:\/\/www.doucesangevines.com\/produit\/savon-visage-purifiant-precis-e\/#primaryimage"},"thumbnailUrl":"https:\/\/www.doucesangevines.com\/wp-content\/uploads\/2022\/03\/Savon_purifiant_visage_Precise-1.jpg","datePublished":"2022-03-14T20:40:18+00:00","dateModified":"2026-01-07T08:22:45+00:00","description":"Ce savon doux aux actifs v\u00e9g\u00e9taux purifiants et \u00e9quilibrants nettoie la peau du visage sans l'agresser. Il assainit les peaux sujettes aux imperfections.","breadcrumb":{"@id":"https:\/\/www.doucesangevines.com\/produit\/savon-visage-purifiant-precis-e\/#breadcrumb"},"inLanguage":"en-GB","potentialAction":[{"@type":"ReadAction","target":["https:\/\/www.doucesangevines.com\/produit\/savon-visage-purifiant-precis-e\/"]}]},{"@type":"ImageObject","inLanguage":"en-GB","@id":"https:\/\/www.doucesangevines.com\/produit\/savon-visage-purifiant-precis-e\/#primaryimage","url":"https:\/\/www.doucesangevines.com\/wp-content\/uploads\/2022\/03\/Savon_purifiant_visage_Precise-1.jpg","contentUrl":"https:\/\/www.doucesangevines.com\/wp-content\/uploads\/2022\/03\/Savon_purifiant_visage_Precise-1.jpg","width":1132,"height":1132,"caption":"Pr\u00e9cise savon purifiant visage bio - Douces Angevines"},{"@type":"BreadcrumbList","@id":"https:\/\/www.doucesangevines.com\/produit\/savon-visage-purifiant-precis-e\/#breadcrumb","itemListElement":[{"@type":"ListItem","position":1,"name":"Accueil","item":"https:\/\/www.doucesangevines.com\/"},{"@type":"ListItem","position":2,"name":"Boutique","item":"https:\/\/www.doucesangevines.com\/boutique\/"},{"@type":"ListItem","position":3,"name":"Savon visage purifiant Pr\u00e9cis\u00b7e"}]},{"@type":"WebSite","@id":"https:\/\/www.doucesangevines.com\/#website","url":"https:\/\/www.doucesangevines.com\/","name":"Douces Angevines","description":"Women Beauty Herbalists","publisher":{"@id":"https:\/\/www.doucesangevines.com\/#organization"},"potentialAction":[{"@type":"SearchAction","target":{"@type":"EntryPoint","urlTemplate":"https:\/\/www.doucesangevines.com\/?s={search_term_string}"},"query-input":{"@type":"PropertyValueSpecification","valueRequired":true,"valueName":"search_term_string"}}],"inLanguage":"en-GB"},{"@type":"Organization","@id":"https:\/\/www.doucesangevines.com\/#organization","name":"Douces Angevines","url":"https:\/\/www.doucesangevines.com\/","logo":{"@type":"ImageObject","inLanguage":"en-GB","@id":"https:\/\/www.doucesangevines.com\/#\/schema\/logo\/image\/","url":"https:\/\/www.doucesangevines.com\/wp-content\/uploads\/2022\/02\/douces-angevines-logo-2025.svg","contentUrl":"https:\/\/www.doucesangevines.com\/wp-content\/uploads\/2022\/02\/douces-angevines-logo-2025.svg","caption":"Douces Angevines"},"image":{"@id":"https:\/\/www.doucesangevines.com\/#\/schema\/logo\/image\/"},"sameAs":["https:\/\/fr-fr.facebook.com\/doucesangevines\/","https:\/\/www.instagram.com\/doucesangevines\/","https:\/\/www.youtube.com\/channel\/UCcbJc6Om9b7IZDHWj-osu6w"]}]}},"_links":{"self":[{"href":"https:\/\/www.doucesangevines.com\/en\/wp-json\/wp\/v2\/product\/2657","targetHints":{"allow":["GET"]}}],"collection":[{"href":"https:\/\/www.doucesangevines.com\/en\/wp-json\/wp\/v2\/product"}],"about":[{"href":"https:\/\/www.doucesangevines.com\/en\/wp-json\/wp\/v2\/types\/product"}],"wp:featuredmedia":[{"embeddable":true,"href":"https:\/\/www.doucesangevines.com\/en\/wp-json\/wp\/v2\/media\/3650"}],"wp:attachment":[{"href":"https:\/\/www.doucesangevines.com\/en\/wp-json\/wp\/v2\/media?parent=2657"}],"wp:term":[{"taxonomy":"product_featurescat","embeddable":true,"href":"https:\/\/www.doucesangevines.com\/en\/wp-json\/wp\/v2\/product_featurescat?post=2657"},{"taxonomy":"product_brand","embeddable":true,"href":"https:\/\/www.doucesangevines.com\/en\/wp-json\/wp\/v2\/product_brand?post=2657"},{"taxonomy":"product_cat","embeddable":true,"href":"https:\/\/www.doucesangevines.com\/en\/wp-json\/wp\/v2\/product_cat?post=2657"},{"taxonomy":"product_tag","embeddable":true,"href":"https:\/\/www.doucesangevines.com\/en\/wp-json\/wp\/v2\/product_tag?post=2657"}],"curies":[{"name":"wp","href":"https:\/\/api.w.org\/{rel}","templated":true}]}}