{"id":2687,"date":"2022-03-14T21:40:23","date_gmt":"2022-03-14T20:40:23","guid":{"rendered":"http:\/\/doucesangevines.com\/produit\/venus\/"},"modified":"2025-04-02T15:09:53","modified_gmt":"2025-04-02T14:09:53","slug":"venus","status":"publish","type":"product","link":"https:\/\/www.doucesangevines.com\/en\/product\/venus\/","title":{"rendered":"V\u00e9nus"},"content":{"rendered":"<p>Venus, an illuminating and beautiful mask that reveals the radiance of every skin. After a few minutes of beneficial application, it awakens any complexion that is a little tired or in need of sun.<\/p>\n<p>In this exceptional treatment, Barley brings its antioxidant properties (vitamin E and flavonols).<br \/>\nMyrrh and Frankincense, gifts of Kings offer their regenerating qualities.<br \/>\nUrucum protects and prevents skin aging. Its exceptional richness in provitamin A and selenium makes it a powerful natural anti-oxidant and anti-free radical. Finely dosed, the slightly coppery tint of this true complexion enhancer illuminates the face.<br \/>\nMandarin and Neroli envelop this sublimating preparation with a soft sensuality.<\/p>","protected":false},"excerpt":{"rendered":"<p>Venus is a regenerating and sublimating mask. It revitalizes and actively protects the skin from external aggressions, free radicals, aging accelerators. Its precious formulation reveals and magnifies the radiance of the complexion from the first application.<\/p>","protected":false},"featured_media":15874,"template":"","meta":{"_acf_changed":false},"product_featurescat":[],"product_brand":[],"product_cat":[95],"product_tag":[],"class_list":{"0":"post-2687","1":"product","2":"type-product","3":"status-publish","4":"has-post-thumbnail","6":"product_cat-visage","7":"pa_collections-soins-divins","8":"pa_preoccupation-visage-eclat","9":"pa_preoccupation-visage-fermete","10":"pa_preoccupation-visage-rides-ridules","11":"pa_saison-automne","12":"pa_saison-hiver","13":"pa_saison-toute-saison","14":"pa_saison-printemps","15":"pa_type-de-peau-seche","16":"pa_type-de-peau-sensible","17":"pa_type-de-peau-normale","18":"pa_type-de-peau-mixte","19":"pa_type-de-peau-grasse","20":"pa_type-de-soin-masques-visage-bio","22":"first","23":"instock","24":"taxable","25":"shipping-taxable","26":"purchasable","27":"product-type-simple"},"acf":[],"yoast_head":"<!-- This site is optimized with the Yoast SEO plugin v27.5 - https:\/\/yoast.com\/product\/yoast-seo-wordpress\/ -->\n<title>V\u00e9nus - Masque teint divin bio - Douces Angevines<\/title>\n<meta name=\"description\" content=\"V\u00e9nus est un masque r\u00e9g\u00e9n\u00e9rant et sublimant. Sa pr\u00e9cieuse formulation aux vertus anti oxydantes r\u00e9v\u00e8le et magnifie l&#039;\u00e9clat du teint.\" \/>\n<meta name=\"robots\" content=\"index, follow, max-snippet:-1, max-image-preview:large, max-video-preview:-1\" \/>\n<link rel=\"canonical\" href=\"https:\/\/www.doucesangevines.com\/en\/product\/venus\/\" \/>\n<meta property=\"og:locale\" content=\"en_GB\" \/>\n<meta property=\"og:type\" content=\"article\" \/>\n<meta property=\"og:title\" content=\"V\u00e9nus - Masque teint divin bio - Douces Angevines\" \/>\n<meta property=\"og:description\" content=\"V\u00e9nus est un masque r\u00e9g\u00e9n\u00e9rant et sublimant. Sa pr\u00e9cieuse formulation aux vertus anti oxydantes r\u00e9v\u00e8le et magnifie l&#039;\u00e9clat du teint.\" \/>\n<meta property=\"og:url\" content=\"https:\/\/www.doucesangevines.com\/en\/product\/venus\/\" \/>\n<meta property=\"og:site_name\" content=\"Douces Angevines\" \/>\n<meta property=\"article:publisher\" content=\"https:\/\/fr-fr.facebook.com\/doucesangevines\/\" \/>\n<meta property=\"article:modified_time\" content=\"2025-04-02T14:09:53+00:00\" \/>\n<meta property=\"og:image\" content=\"https:\/\/www.doucesangevines.com\/wp-content\/uploads\/2022\/03\/Gabarit-produits-site-2.png\" \/>\n\t<meta property=\"og:image:width\" content=\"1132\" \/>\n\t<meta property=\"og:image:height\" content=\"1132\" \/>\n\t<meta property=\"og:image:type\" content=\"image\/png\" \/>\n<meta name=\"twitter:card\" content=\"summary_large_image\" \/>\n<meta name=\"twitter:label1\" content=\"Estimated reading time\" \/>\n\t<meta name=\"twitter:data1\" content=\"1 minute\" \/>\n<script type=\"application\/ld+json\" class=\"yoast-schema-graph\">{\"@context\":\"https:\\\/\\\/schema.org\",\"@graph\":[{\"@type\":\"WebPage\",\"@id\":\"https:\\\/\\\/www.doucesangevines.com\\\/produit\\\/venus\\\/\",\"url\":\"https:\\\/\\\/www.doucesangevines.com\\\/produit\\\/venus\\\/\",\"name\":\"V\u00e9nus - Masque teint divin bio - Douces Angevines\",\"isPartOf\":{\"@id\":\"https:\\\/\\\/www.doucesangevines.com\\\/#website\"},\"primaryImageOfPage\":{\"@id\":\"https:\\\/\\\/www.doucesangevines.com\\\/produit\\\/venus\\\/#primaryimage\"},\"image\":{\"@id\":\"https:\\\/\\\/www.doucesangevines.com\\\/produit\\\/venus\\\/#primaryimage\"},\"thumbnailUrl\":\"https:\\\/\\\/www.doucesangevines.com\\\/wp-content\\\/uploads\\\/2022\\\/03\\\/Gabarit-produits-site-2.png\",\"datePublished\":\"2022-03-14T20:40:23+00:00\",\"dateModified\":\"2025-04-02T14:09:53+00:00\",\"description\":\"V\u00e9nus est un masque r\u00e9g\u00e9n\u00e9rant et sublimant. Sa pr\u00e9cieuse formulation aux vertus anti oxydantes r\u00e9v\u00e8le et magnifie l'\u00e9clat du teint.\",\"breadcrumb\":{\"@id\":\"https:\\\/\\\/www.doucesangevines.com\\\/produit\\\/venus\\\/#breadcrumb\"},\"inLanguage\":\"en-GB\",\"potentialAction\":[{\"@type\":\"ReadAction\",\"target\":[\"https:\\\/\\\/www.doucesangevines.com\\\/produit\\\/venus\\\/\"]}]},{\"@type\":\"ImageObject\",\"inLanguage\":\"en-GB\",\"@id\":\"https:\\\/\\\/www.doucesangevines.com\\\/produit\\\/venus\\\/#primaryimage\",\"url\":\"https:\\\/\\\/www.doucesangevines.com\\\/wp-content\\\/uploads\\\/2022\\\/03\\\/Gabarit-produits-site-2.png\",\"contentUrl\":\"https:\\\/\\\/www.doucesangevines.com\\\/wp-content\\\/uploads\\\/2022\\\/03\\\/Gabarit-produits-site-2.png\",\"width\":1132,\"height\":1132,\"caption\":\"Pot V\u00e9nus\"},{\"@type\":\"BreadcrumbList\",\"@id\":\"https:\\\/\\\/www.doucesangevines.com\\\/produit\\\/venus\\\/#breadcrumb\",\"itemListElement\":[{\"@type\":\"ListItem\",\"position\":1,\"name\":\"Accueil\",\"item\":\"https:\\\/\\\/www.doucesangevines.com\\\/\"},{\"@type\":\"ListItem\",\"position\":2,\"name\":\"Boutique\",\"item\":\"https:\\\/\\\/www.doucesangevines.com\\\/boutique\\\/\"},{\"@type\":\"ListItem\",\"position\":3,\"name\":\"V\u00e9nus\"}]},{\"@type\":\"WebSite\",\"@id\":\"https:\\\/\\\/www.doucesangevines.com\\\/#website\",\"url\":\"https:\\\/\\\/www.doucesangevines.com\\\/\",\"name\":\"Douces Angevines\",\"description\":\"Femmes Herboristes de Beaut\u00e9\",\"publisher\":{\"@id\":\"https:\\\/\\\/www.doucesangevines.com\\\/#organization\"},\"potentialAction\":[{\"@type\":\"SearchAction\",\"target\":{\"@type\":\"EntryPoint\",\"urlTemplate\":\"https:\\\/\\\/www.doucesangevines.com\\\/?s={search_term_string}\"},\"query-input\":{\"@type\":\"PropertyValueSpecification\",\"valueRequired\":true,\"valueName\":\"search_term_string\"}}],\"inLanguage\":\"en-GB\"},{\"@type\":\"Organization\",\"@id\":\"https:\\\/\\\/www.doucesangevines.com\\\/#organization\",\"name\":\"Douces Angevines\",\"url\":\"https:\\\/\\\/www.doucesangevines.com\\\/\",\"logo\":{\"@type\":\"ImageObject\",\"inLanguage\":\"en-GB\",\"@id\":\"https:\\\/\\\/www.doucesangevines.com\\\/#\\\/schema\\\/logo\\\/image\\\/\",\"url\":\"https:\\\/\\\/www.doucesangevines.com\\\/wp-content\\\/uploads\\\/2022\\\/02\\\/douces-angevines-logo-2025.svg\",\"contentUrl\":\"https:\\\/\\\/www.doucesangevines.com\\\/wp-content\\\/uploads\\\/2022\\\/02\\\/douces-angevines-logo-2025.svg\",\"caption\":\"Douces Angevines\"},\"image\":{\"@id\":\"https:\\\/\\\/www.doucesangevines.com\\\/#\\\/schema\\\/logo\\\/image\\\/\"},\"sameAs\":[\"https:\\\/\\\/fr-fr.facebook.com\\\/doucesangevines\\\/\",\"https:\\\/\\\/www.instagram.com\\\/doucesangevines\\\/\",\"https:\\\/\\\/www.youtube.com\\\/channel\\\/UCcbJc6Om9b7IZDHWj-osu6w\"]}]}<\/script>\n<!-- \/ Yoast SEO plugin. -->","yoast_head_json":{"title":"V\u00e9nus - Masque teint divin bio - Douces Angevines","description":"V\u00e9nus est un masque r\u00e9g\u00e9n\u00e9rant et sublimant. Sa pr\u00e9cieuse formulation aux vertus anti oxydantes r\u00e9v\u00e8le et magnifie l'\u00e9clat du teint.","robots":{"index":"index","follow":"follow","max-snippet":"max-snippet:-1","max-image-preview":"max-image-preview:large","max-video-preview":"max-video-preview:-1"},"canonical":"https:\/\/www.doucesangevines.com\/en\/product\/venus\/","og_locale":"en_GB","og_type":"article","og_title":"V\u00e9nus - Masque teint divin bio - Douces Angevines","og_description":"V\u00e9nus est un masque r\u00e9g\u00e9n\u00e9rant et sublimant. Sa pr\u00e9cieuse formulation aux vertus anti oxydantes r\u00e9v\u00e8le et magnifie l'\u00e9clat du teint.","og_url":"https:\/\/www.doucesangevines.com\/en\/product\/venus\/","og_site_name":"Douces Angevines","article_publisher":"https:\/\/fr-fr.facebook.com\/doucesangevines\/","article_modified_time":"2025-04-02T14:09:53+00:00","og_image":[{"width":1132,"height":1132,"url":"https:\/\/www.doucesangevines.com\/wp-content\/uploads\/2022\/03\/Gabarit-produits-site-2.png","type":"image\/png"}],"twitter_card":"summary_large_image","twitter_misc":{"Estimated reading time":"1 minute"},"schema":{"@context":"https:\/\/schema.org","@graph":[{"@type":"WebPage","@id":"https:\/\/www.doucesangevines.com\/produit\/venus\/","url":"https:\/\/www.doucesangevines.com\/produit\/venus\/","name":"V\u00e9nus - Masque teint divin bio - Douces Angevines","isPartOf":{"@id":"https:\/\/www.doucesangevines.com\/#website"},"primaryImageOfPage":{"@id":"https:\/\/www.doucesangevines.com\/produit\/venus\/#primaryimage"},"image":{"@id":"https:\/\/www.doucesangevines.com\/produit\/venus\/#primaryimage"},"thumbnailUrl":"https:\/\/www.doucesangevines.com\/wp-content\/uploads\/2022\/03\/Gabarit-produits-site-2.png","datePublished":"2022-03-14T20:40:23+00:00","dateModified":"2025-04-02T14:09:53+00:00","description":"V\u00e9nus est un masque r\u00e9g\u00e9n\u00e9rant et sublimant. Sa pr\u00e9cieuse formulation aux vertus anti oxydantes r\u00e9v\u00e8le et magnifie l'\u00e9clat du teint.","breadcrumb":{"@id":"https:\/\/www.doucesangevines.com\/produit\/venus\/#breadcrumb"},"inLanguage":"en-GB","potentialAction":[{"@type":"ReadAction","target":["https:\/\/www.doucesangevines.com\/produit\/venus\/"]}]},{"@type":"ImageObject","inLanguage":"en-GB","@id":"https:\/\/www.doucesangevines.com\/produit\/venus\/#primaryimage","url":"https:\/\/www.doucesangevines.com\/wp-content\/uploads\/2022\/03\/Gabarit-produits-site-2.png","contentUrl":"https:\/\/www.doucesangevines.com\/wp-content\/uploads\/2022\/03\/Gabarit-produits-site-2.png","width":1132,"height":1132,"caption":"Pot V\u00e9nus"},{"@type":"BreadcrumbList","@id":"https:\/\/www.doucesangevines.com\/produit\/venus\/#breadcrumb","itemListElement":[{"@type":"ListItem","position":1,"name":"Accueil","item":"https:\/\/www.doucesangevines.com\/"},{"@type":"ListItem","position":2,"name":"Boutique","item":"https:\/\/www.doucesangevines.com\/boutique\/"},{"@type":"ListItem","position":3,"name":"V\u00e9nus"}]},{"@type":"WebSite","@id":"https:\/\/www.doucesangevines.com\/#website","url":"https:\/\/www.doucesangevines.com\/","name":"Douces Angevines","description":"Women Beauty Herbalists","publisher":{"@id":"https:\/\/www.doucesangevines.com\/#organization"},"potentialAction":[{"@type":"SearchAction","target":{"@type":"EntryPoint","urlTemplate":"https:\/\/www.doucesangevines.com\/?s={search_term_string}"},"query-input":{"@type":"PropertyValueSpecification","valueRequired":true,"valueName":"search_term_string"}}],"inLanguage":"en-GB"},{"@type":"Organization","@id":"https:\/\/www.doucesangevines.com\/#organization","name":"Douces Angevines","url":"https:\/\/www.doucesangevines.com\/","logo":{"@type":"ImageObject","inLanguage":"en-GB","@id":"https:\/\/www.doucesangevines.com\/#\/schema\/logo\/image\/","url":"https:\/\/www.doucesangevines.com\/wp-content\/uploads\/2022\/02\/douces-angevines-logo-2025.svg","contentUrl":"https:\/\/www.doucesangevines.com\/wp-content\/uploads\/2022\/02\/douces-angevines-logo-2025.svg","caption":"Douces Angevines"},"image":{"@id":"https:\/\/www.doucesangevines.com\/#\/schema\/logo\/image\/"},"sameAs":["https:\/\/fr-fr.facebook.com\/doucesangevines\/","https:\/\/www.instagram.com\/doucesangevines\/","https:\/\/www.youtube.com\/channel\/UCcbJc6Om9b7IZDHWj-osu6w"]}]}},"_links":{"self":[{"href":"https:\/\/www.doucesangevines.com\/en\/wp-json\/wp\/v2\/product\/2687","targetHints":{"allow":["GET"]}}],"collection":[{"href":"https:\/\/www.doucesangevines.com\/en\/wp-json\/wp\/v2\/product"}],"about":[{"href":"https:\/\/www.doucesangevines.com\/en\/wp-json\/wp\/v2\/types\/product"}],"wp:featuredmedia":[{"embeddable":true,"href":"https:\/\/www.doucesangevines.com\/en\/wp-json\/wp\/v2\/media\/15874"}],"wp:attachment":[{"href":"https:\/\/www.doucesangevines.com\/en\/wp-json\/wp\/v2\/media?parent=2687"}],"wp:term":[{"taxonomy":"product_featurescat","embeddable":true,"href":"https:\/\/www.doucesangevines.com\/en\/wp-json\/wp\/v2\/product_featurescat?post=2687"},{"taxonomy":"product_brand","embeddable":true,"href":"https:\/\/www.doucesangevines.com\/en\/wp-json\/wp\/v2\/product_brand?post=2687"},{"taxonomy":"product_cat","embeddable":true,"href":"https:\/\/www.doucesangevines.com\/en\/wp-json\/wp\/v2\/product_cat?post=2687"},{"taxonomy":"product_tag","embeddable":true,"href":"https:\/\/www.doucesangevines.com\/en\/wp-json\/wp\/v2\/product_tag?post=2687"}],"curies":[{"name":"wp","href":"https:\/\/api.w.org\/{rel}","templated":true}]}}