{"id":2688,"date":"2022-03-14T21:40:23","date_gmt":"2022-03-14T20:40:23","guid":{"rendered":"http:\/\/doucesangevines.com\/produit\/maravilia\/"},"modified":"2025-12-04T16:04:43","modified_gmt":"2025-12-04T15:04:43","slug":"maravilia-fluide-pro-age","status":"publish","type":"product","link":"https:\/\/www.doucesangevines.com\/en\/product\/maravilia\/","title":{"rendered":"Maravilia"},"content":{"rendered":"<p>This fluid is formulated with 100% of rare and very precious active ingredients: Violet, Argan, Damascus Rose, Ambrette, Frangipani...<br \/>\nThis treatment is the one that contains the most active ingredients of the entire range.<br \/>\nPur fluide vital, ce soin pro-\u00e2ge communique son \u00e9nergie protectrice \u00e0 votre peau. Sa r\u00e9sistance est renforc\u00e9e, ses d\u00e9fenses stimul\u00e9es pour une beaut\u00e9 naturellement prot\u00e9g\u00e9e en toute saison.<\/p>\n<p>Maravilia is perfect for daily use for skin lacking radiance, vitality and tone, mature skin. It is used as a complete day care, on the face and neck.<\/p>\n<p>Il est \u00e9galement id\u00e9al pour tous les types de peaux en cure de pr\u00e9f\u00e9rence en hiver et au printemps (1 flacon pour une cure). Ou en alternance avec un autre soin de jour (Aube d\u2019\u00c9t\u00e9 ou Flamenca) aux changements de saison.<\/p>\n<div id=\"sconnect-is-installed\" style=\"display: none;\">2.15.1.0<\/div>","protected":false},"excerpt":{"rendered":"<p>This daytime serum fluid is a luminous synergy of 7 plant macerations, 7 precious oils and 29 pure essential oils. This elixir is a sublime alchemy with protective and illuminating energy. Maravilia stimulates your skin's natural resistance and defences while deeply nourishing it. It stimulates the natural functions of the epidermis. Your skin is more resistant, more toned and even more beautiful.<\/p>\n<div id=\"sconnect-is-installed\" style=\"display: none;\">2.15.1.0<\/div>","protected":false},"featured_media":12938,"template":"","meta":{"_acf_changed":false},"product_featurescat":[186],"product_brand":[],"product_cat":[95],"product_tag":[189,190,191],"class_list":{"0":"post-2688","1":"product","2":"type-product","3":"status-publish","4":"has-post-thumbnail","6":"product_featurescat-gamme-jeunesse-eclat","7":"product_cat-visage","8":"product_tag-quiz","9":"product_tag-favoris","10":"product_tag-de-saison","11":"pa_collections-soins-divins","12":"pa_preoccupation-visage-rides-ridules","13":"pa_preoccupation-visage-deshydratation","14":"pa_preoccupation-visage-eclat","15":"pa_preoccupation-visage-fermete","16":"pa_preoccupation-visage-secheresse","17":"pa_saison-printemps","18":"pa_saison-automne","19":"pa_saison-toute-saison","20":"pa_type-de-peau-seche","21":"pa_type-de-peau-normale","22":"pa_type-de-peau-mixte","23":"pa_type-de-soin-soin-de-jour","25":"first","26":"instock","27":"taxable","28":"shipping-taxable","29":"purchasable","30":"product-type-simple"},"acf":[],"yoast_head":"<!-- This site is optimized with the Yoast SEO plugin v27.4 - https:\/\/yoast.com\/product\/yoast-seo-wordpress\/ -->\n<title>Maravilia - fluide de jour divin - Douces Angevines<\/title>\n<meta name=\"description\" content=\"Offrez \u00e0 votre visage une cure de vie avec ce fluide pro-\u00e2ge aux 47 plantes et fleurs. Favorise protection et r\u00e9g\u00e9n\u00e9ration des peaux matures et fatigu\u00e9es.\" \/>\n<meta name=\"robots\" content=\"index, follow, max-snippet:-1, max-image-preview:large, max-video-preview:-1\" \/>\n<link rel=\"canonical\" href=\"https:\/\/www.doucesangevines.com\/en\/product\/maravilia\/\" \/>\n<meta property=\"og:locale\" content=\"en_GB\" \/>\n<meta property=\"og:type\" content=\"article\" \/>\n<meta property=\"og:title\" content=\"Maravilia - fluide de jour divin - Douces Angevines\" \/>\n<meta property=\"og:description\" content=\"Offrez \u00e0 votre visage une cure de vie avec ce fluide pro-\u00e2ge aux 47 plantes et fleurs. Favorise protection et r\u00e9g\u00e9n\u00e9ration des peaux matures et fatigu\u00e9es.\" \/>\n<meta property=\"og:url\" content=\"https:\/\/www.doucesangevines.com\/en\/product\/maravilia\/\" \/>\n<meta property=\"og:site_name\" content=\"Douces Angevines\" \/>\n<meta property=\"article:publisher\" content=\"https:\/\/fr-fr.facebook.com\/doucesangevines\/\" \/>\n<meta property=\"article:modified_time\" content=\"2025-12-04T15:04:43+00:00\" \/>\n<meta property=\"og:image\" content=\"https:\/\/www.doucesangevines.com\/wp-content\/uploads\/2024\/02\/24-Maravilia-luide-visage-anti-age-naturel.png\" \/>\n\t<meta property=\"og:image:width\" content=\"1132\" \/>\n\t<meta property=\"og:image:height\" content=\"1132\" \/>\n\t<meta property=\"og:image:type\" content=\"image\/png\" \/>\n<meta name=\"twitter:card\" content=\"summary_large_image\" \/>\n<meta name=\"twitter:label1\" content=\"Estimated reading time\" \/>\n\t<meta name=\"twitter:data1\" content=\"1 minute\" \/>\n<script type=\"application\/ld+json\" class=\"yoast-schema-graph\">{\"@context\":\"https:\\\/\\\/schema.org\",\"@graph\":[{\"@type\":\"WebPage\",\"@id\":\"https:\\\/\\\/www.doucesangevines.com\\\/produit\\\/maravilia-fluide-pro-age\\\/\",\"url\":\"https:\\\/\\\/www.doucesangevines.com\\\/produit\\\/maravilia-fluide-pro-age\\\/\",\"name\":\"Maravilia - fluide de jour divin - Douces Angevines\",\"isPartOf\":{\"@id\":\"https:\\\/\\\/www.doucesangevines.com\\\/#website\"},\"primaryImageOfPage\":{\"@id\":\"https:\\\/\\\/www.doucesangevines.com\\\/produit\\\/maravilia-fluide-pro-age\\\/#primaryimage\"},\"image\":{\"@id\":\"https:\\\/\\\/www.doucesangevines.com\\\/produit\\\/maravilia-fluide-pro-age\\\/#primaryimage\"},\"thumbnailUrl\":\"https:\\\/\\\/www.doucesangevines.com\\\/wp-content\\\/uploads\\\/2024\\\/02\\\/24-Maravilia-luide-visage-anti-age-naturel.png\",\"datePublished\":\"2022-03-14T20:40:23+00:00\",\"dateModified\":\"2025-12-04T15:04:43+00:00\",\"description\":\"Offrez \u00e0 votre visage une cure de vie avec ce fluide pro-\u00e2ge aux 47 plantes et fleurs. Favorise protection et r\u00e9g\u00e9n\u00e9ration des peaux matures et fatigu\u00e9es.\",\"breadcrumb\":{\"@id\":\"https:\\\/\\\/www.doucesangevines.com\\\/produit\\\/maravilia-fluide-pro-age\\\/#breadcrumb\"},\"inLanguage\":\"en-GB\",\"potentialAction\":[{\"@type\":\"ReadAction\",\"target\":[\"https:\\\/\\\/www.doucesangevines.com\\\/produit\\\/maravilia-fluide-pro-age\\\/\"]}]},{\"@type\":\"ImageObject\",\"inLanguage\":\"en-GB\",\"@id\":\"https:\\\/\\\/www.doucesangevines.com\\\/produit\\\/maravilia-fluide-pro-age\\\/#primaryimage\",\"url\":\"https:\\\/\\\/www.doucesangevines.com\\\/wp-content\\\/uploads\\\/2024\\\/02\\\/24-Maravilia-luide-visage-anti-age-naturel.png\",\"contentUrl\":\"https:\\\/\\\/www.doucesangevines.com\\\/wp-content\\\/uploads\\\/2024\\\/02\\\/24-Maravilia-luide-visage-anti-age-naturel.png\",\"width\":1132,\"height\":1132,\"caption\":\"Maravilia fluide de jour anti age naturel\"},{\"@type\":\"BreadcrumbList\",\"@id\":\"https:\\\/\\\/www.doucesangevines.com\\\/produit\\\/maravilia-fluide-pro-age\\\/#breadcrumb\",\"itemListElement\":[{\"@type\":\"ListItem\",\"position\":1,\"name\":\"Accueil\",\"item\":\"https:\\\/\\\/www.doucesangevines.com\\\/\"},{\"@type\":\"ListItem\",\"position\":2,\"name\":\"Boutique\",\"item\":\"https:\\\/\\\/www.doucesangevines.com\\\/boutique\\\/\"},{\"@type\":\"ListItem\",\"position\":3,\"name\":\"Maravilia\"}]},{\"@type\":\"WebSite\",\"@id\":\"https:\\\/\\\/www.doucesangevines.com\\\/#website\",\"url\":\"https:\\\/\\\/www.doucesangevines.com\\\/\",\"name\":\"Douces Angevines\",\"description\":\"Femmes Herboristes de Beaut\u00e9\",\"publisher\":{\"@id\":\"https:\\\/\\\/www.doucesangevines.com\\\/#organization\"},\"potentialAction\":[{\"@type\":\"SearchAction\",\"target\":{\"@type\":\"EntryPoint\",\"urlTemplate\":\"https:\\\/\\\/www.doucesangevines.com\\\/?s={search_term_string}\"},\"query-input\":{\"@type\":\"PropertyValueSpecification\",\"valueRequired\":true,\"valueName\":\"search_term_string\"}}],\"inLanguage\":\"en-GB\"},{\"@type\":\"Organization\",\"@id\":\"https:\\\/\\\/www.doucesangevines.com\\\/#organization\",\"name\":\"Douces Angevines\",\"url\":\"https:\\\/\\\/www.doucesangevines.com\\\/\",\"logo\":{\"@type\":\"ImageObject\",\"inLanguage\":\"en-GB\",\"@id\":\"https:\\\/\\\/www.doucesangevines.com\\\/#\\\/schema\\\/logo\\\/image\\\/\",\"url\":\"https:\\\/\\\/www.doucesangevines.com\\\/wp-content\\\/uploads\\\/2022\\\/02\\\/douces-angevines-logo-2025.svg\",\"contentUrl\":\"https:\\\/\\\/www.doucesangevines.com\\\/wp-content\\\/uploads\\\/2022\\\/02\\\/douces-angevines-logo-2025.svg\",\"caption\":\"Douces Angevines\"},\"image\":{\"@id\":\"https:\\\/\\\/www.doucesangevines.com\\\/#\\\/schema\\\/logo\\\/image\\\/\"},\"sameAs\":[\"https:\\\/\\\/fr-fr.facebook.com\\\/doucesangevines\\\/\",\"https:\\\/\\\/www.instagram.com\\\/doucesangevines\\\/\",\"https:\\\/\\\/www.youtube.com\\\/channel\\\/UCcbJc6Om9b7IZDHWj-osu6w\"]}]}<\/script>\n<!-- \/ Yoast SEO plugin. -->","yoast_head_json":{"title":"Maravilia - fluide de jour divin - Douces Angevines","description":"Offrez \u00e0 votre visage une cure de vie avec ce fluide pro-\u00e2ge aux 47 plantes et fleurs. Favorise protection et r\u00e9g\u00e9n\u00e9ration des peaux matures et fatigu\u00e9es.","robots":{"index":"index","follow":"follow","max-snippet":"max-snippet:-1","max-image-preview":"max-image-preview:large","max-video-preview":"max-video-preview:-1"},"canonical":"https:\/\/www.doucesangevines.com\/en\/product\/maravilia\/","og_locale":"en_GB","og_type":"article","og_title":"Maravilia - fluide de jour divin - Douces Angevines","og_description":"Offrez \u00e0 votre visage une cure de vie avec ce fluide pro-\u00e2ge aux 47 plantes et fleurs. Favorise protection et r\u00e9g\u00e9n\u00e9ration des peaux matures et fatigu\u00e9es.","og_url":"https:\/\/www.doucesangevines.com\/en\/product\/maravilia\/","og_site_name":"Douces Angevines","article_publisher":"https:\/\/fr-fr.facebook.com\/doucesangevines\/","article_modified_time":"2025-12-04T15:04:43+00:00","og_image":[{"width":1132,"height":1132,"url":"https:\/\/www.doucesangevines.com\/wp-content\/uploads\/2024\/02\/24-Maravilia-luide-visage-anti-age-naturel.png","type":"image\/png"}],"twitter_card":"summary_large_image","twitter_misc":{"Estimated reading time":"1 minute"},"schema":{"@context":"https:\/\/schema.org","@graph":[{"@type":"WebPage","@id":"https:\/\/www.doucesangevines.com\/produit\/maravilia-fluide-pro-age\/","url":"https:\/\/www.doucesangevines.com\/produit\/maravilia-fluide-pro-age\/","name":"Maravilia - fluide de jour divin - Douces Angevines","isPartOf":{"@id":"https:\/\/www.doucesangevines.com\/#website"},"primaryImageOfPage":{"@id":"https:\/\/www.doucesangevines.com\/produit\/maravilia-fluide-pro-age\/#primaryimage"},"image":{"@id":"https:\/\/www.doucesangevines.com\/produit\/maravilia-fluide-pro-age\/#primaryimage"},"thumbnailUrl":"https:\/\/www.doucesangevines.com\/wp-content\/uploads\/2024\/02\/24-Maravilia-luide-visage-anti-age-naturel.png","datePublished":"2022-03-14T20:40:23+00:00","dateModified":"2025-12-04T15:04:43+00:00","description":"Offrez \u00e0 votre visage une cure de vie avec ce fluide pro-\u00e2ge aux 47 plantes et fleurs. Favorise protection et r\u00e9g\u00e9n\u00e9ration des peaux matures et fatigu\u00e9es.","breadcrumb":{"@id":"https:\/\/www.doucesangevines.com\/produit\/maravilia-fluide-pro-age\/#breadcrumb"},"inLanguage":"en-GB","potentialAction":[{"@type":"ReadAction","target":["https:\/\/www.doucesangevines.com\/produit\/maravilia-fluide-pro-age\/"]}]},{"@type":"ImageObject","inLanguage":"en-GB","@id":"https:\/\/www.doucesangevines.com\/produit\/maravilia-fluide-pro-age\/#primaryimage","url":"https:\/\/www.doucesangevines.com\/wp-content\/uploads\/2024\/02\/24-Maravilia-luide-visage-anti-age-naturel.png","contentUrl":"https:\/\/www.doucesangevines.com\/wp-content\/uploads\/2024\/02\/24-Maravilia-luide-visage-anti-age-naturel.png","width":1132,"height":1132,"caption":"Maravilia fluide de jour anti age naturel"},{"@type":"BreadcrumbList","@id":"https:\/\/www.doucesangevines.com\/produit\/maravilia-fluide-pro-age\/#breadcrumb","itemListElement":[{"@type":"ListItem","position":1,"name":"Accueil","item":"https:\/\/www.doucesangevines.com\/"},{"@type":"ListItem","position":2,"name":"Boutique","item":"https:\/\/www.doucesangevines.com\/boutique\/"},{"@type":"ListItem","position":3,"name":"Maravilia"}]},{"@type":"WebSite","@id":"https:\/\/www.doucesangevines.com\/#website","url":"https:\/\/www.doucesangevines.com\/","name":"Douces Angevines","description":"Women Beauty Herbalists","publisher":{"@id":"https:\/\/www.doucesangevines.com\/#organization"},"potentialAction":[{"@type":"SearchAction","target":{"@type":"EntryPoint","urlTemplate":"https:\/\/www.doucesangevines.com\/?s={search_term_string}"},"query-input":{"@type":"PropertyValueSpecification","valueRequired":true,"valueName":"search_term_string"}}],"inLanguage":"en-GB"},{"@type":"Organization","@id":"https:\/\/www.doucesangevines.com\/#organization","name":"Douces Angevines","url":"https:\/\/www.doucesangevines.com\/","logo":{"@type":"ImageObject","inLanguage":"en-GB","@id":"https:\/\/www.doucesangevines.com\/#\/schema\/logo\/image\/","url":"https:\/\/www.doucesangevines.com\/wp-content\/uploads\/2022\/02\/douces-angevines-logo-2025.svg","contentUrl":"https:\/\/www.doucesangevines.com\/wp-content\/uploads\/2022\/02\/douces-angevines-logo-2025.svg","caption":"Douces Angevines"},"image":{"@id":"https:\/\/www.doucesangevines.com\/#\/schema\/logo\/image\/"},"sameAs":["https:\/\/fr-fr.facebook.com\/doucesangevines\/","https:\/\/www.instagram.com\/doucesangevines\/","https:\/\/www.youtube.com\/channel\/UCcbJc6Om9b7IZDHWj-osu6w"]}]}},"_links":{"self":[{"href":"https:\/\/www.doucesangevines.com\/en\/wp-json\/wp\/v2\/product\/2688","targetHints":{"allow":["GET"]}}],"collection":[{"href":"https:\/\/www.doucesangevines.com\/en\/wp-json\/wp\/v2\/product"}],"about":[{"href":"https:\/\/www.doucesangevines.com\/en\/wp-json\/wp\/v2\/types\/product"}],"wp:featuredmedia":[{"embeddable":true,"href":"https:\/\/www.doucesangevines.com\/en\/wp-json\/wp\/v2\/media\/12938"}],"wp:attachment":[{"href":"https:\/\/www.doucesangevines.com\/en\/wp-json\/wp\/v2\/media?parent=2688"}],"wp:term":[{"taxonomy":"product_featurescat","embeddable":true,"href":"https:\/\/www.doucesangevines.com\/en\/wp-json\/wp\/v2\/product_featurescat?post=2688"},{"taxonomy":"product_brand","embeddable":true,"href":"https:\/\/www.doucesangevines.com\/en\/wp-json\/wp\/v2\/product_brand?post=2688"},{"taxonomy":"product_cat","embeddable":true,"href":"https:\/\/www.doucesangevines.com\/en\/wp-json\/wp\/v2\/product_cat?post=2688"},{"taxonomy":"product_tag","embeddable":true,"href":"https:\/\/www.doucesangevines.com\/en\/wp-json\/wp\/v2\/product_tag?post=2688"}],"curies":[{"name":"wp","href":"https:\/\/api.w.org\/{rel}","templated":true}]}}