{"id":2689,"date":"2022-03-14T21:40:23","date_gmt":"2022-03-14T20:40:23","guid":{"rendered":"http:\/\/doucesangevines.com\/produit\/magnifica\/"},"modified":"2026-03-19T11:07:53","modified_gmt":"2026-03-19T10:07:53","slug":"magnifica-fluide-nuit-pro-age","status":"publish","type":"product","link":"https:\/\/www.doucesangevines.com\/en\/product\/magnifica\/","title":{"rendered":"Magnifica"},"content":{"rendered":"<div class=\"wpb-content-wrapper\"><div data-parent=\"true\" class=\"vc_row row-container\" id=\"row-unique-0\"><div class=\"row limit-width row-parent\"><div class=\"wpb_row row-inner\"><div class=\"wpb_column pos-top pos-center align_left column_parent col-lg-12 single-internal-gutter\"><div class=\"uncol style-light\"  ><div class=\"uncoltable\"><div class=\"uncell no-block-padding\" ><div class=\"uncont\"><div class=\"uncode_text_column\" ><p>This pro-aging night care sublimates the skin during sleep and embraces it with a regenerating plant alchemy.<\/p>\n<p>This elixir contains 100% of rare and precious plant active ingredients:<br \/>\nMusk Rose with regenerating properties<br \/>\nDamask Rose with a delicate scent and stimulating properties<br \/>\nMyrrh, Neroli, Green Tea\u2026<br \/>\nThanks to its unique alchemy of tree resins from the Orient and Asia, solar macerations, rare flower concentrates, this anti-aging treatment deeply regenerates the skin and strengthens its natural functions making it more resistant. , toned, radiant.<\/p>\n<p>Magnifica is ideal for daily use for skin lacking radiance, vitality and tone, mature skin.<br \/>\nIt is also perfect for all skin types as a regenerating life cure, preferably in winter and spring (1 bottle for a cure), or alternating with Nuit C\u00e2line at seasonal changes.<\/p>\n<div id=\"sconnect-is-installed\" style=\"display: none;\">2.15.1.0<\/div>\n<div id=\"sconnect-is-installed\" style=\"display: none;\">2.15.1.0<\/div>\n<div id=\"sconnect-is-installed\" style=\"display: none;\">2.15.1.0<\/div>\n<p>\n<\/div><\/div><\/div><\/div><\/div><\/div><script id=\"script-row-unique-0\" data-row=\"script-row-unique-0\" type=\"text\/javascript\" class=\"vc_controls\">UNCODE.initRow(document.getElementById(\"row-unique-0\"));<\/script><\/div><\/div><\/div>\n<div id=\"sconnect-is-installed\" style=\"display: none;\">2.15.1.0<\/div>\n<div id=\"sconnect-is-installed\" style=\"display: none;\">2.15.1.0<\/div>\n<div id=\"sconnect-is-installed\" style=\"display: none;\">2.15.1.0<\/div>\n<div id=\"sconnect-is-installed\" style=\"display: none;\">2.15.1.0<\/div>\n<div id=\"sconnect-is-installed\" style=\"display: none;\">2.15.1.0<\/div>\n<\/div>","protected":false},"excerpt":{"rendered":"<p>ELIXIR MAGNIFIQUE<\/p>\n<p>Une pr\u00e9cieuse synergie, concentr\u00e9e en antioxydants v\u00e9g\u00e9taux favorisant le renouvellement cellulaire pendant le sommeil.<\/p>\n<p>Peau radieuse au matin<\/p>\n<p>R\u00e9g\u00e9n\u00e9rant<\/p>\n<p>Lissant<\/p>\n<p>Ce fluide-s\u00e9rum de nuit, soin complet aux 38 plantes et fleurs rares et pr\u00e9cieuses, revitalise, harmonise, illumine durablement la peau en stimulant ses capacit\u00e9s auto-r\u00e9paratrices. Cet Elixir magnifique est une pr\u00e9cieuse synergie, concentr\u00e9e en antioxydants v\u00e9g\u00e9taux favorisant le renouvellement cellulaire pendant le sommeil, pour contenir naturellement les effets du temps.<\/p>\n<div id=\"sconnect-is-installed\" style=\"display: none;\">2.15.1.0<\/div>\n<div id=\"sconnect-is-installed\" style=\"display: none;\">2.15.1.0<\/div>\n<div id=\"sconnect-is-installed\" style=\"display: none;\">2.15.1.0<\/div>\n<div id=\"sconnect-is-installed\" style=\"display: none;\">2.15.1.0<\/div>\n<div id=\"sconnect-is-installed\" style=\"display: none;\">2.15.1.0<\/div>\n<div id=\"sconnect-is-installed\" style=\"display: none;\">2.15.1.0<\/div>\n<div id=\"sconnect-is-installed\" style=\"display: none;\">2.15.1.0<\/div>","protected":false},"featured_media":12937,"template":"","meta":{"_acf_changed":false},"product_featurescat":[186],"product_brand":[],"product_cat":[95],"product_tag":[189,190,191],"class_list":{"0":"post-2689","1":"product","2":"type-product","3":"status-publish","4":"has-post-thumbnail","6":"product_featurescat-gamme-jeunesse-eclat","7":"product_cat-visage","8":"product_tag-quiz","9":"product_tag-favoris","10":"product_tag-de-saison","11":"pa_collections-soins-divins","12":"pa_preoccupation-visage-eclat","13":"pa_preoccupation-visage-fermete","14":"pa_preoccupation-visage-secheresse","15":"pa_preoccupation-visage-rides-ridules","16":"pa_preoccupation-visage-deshydratation","17":"pa_saison-automne","18":"pa_saison-hiver","19":"pa_saison-toute-saison","20":"pa_saison-printemps","21":"pa_saison-ete","22":"pa_type-de-peau-seche","23":"pa_type-de-peau-normale","24":"pa_type-de-peau-mixte","25":"pa_type-de-soin-soin-de-nuit","27":"first","28":"instock","29":"taxable","30":"shipping-taxable","31":"purchasable","32":"product-type-simple"},"acf":[],"yoast_head":"<!-- This site is optimized with the Yoast SEO plugin v27.4 - https:\/\/yoast.com\/product\/yoast-seo-wordpress\/ -->\n<title>Magnifica - fluide de nuit r\u00e9g\u00e9n\u00e9rant bio - Douces Angevines<\/title>\n<meta name=\"description\" content=\"Ce soin de nuit pro-\u00e2ge sublime la peau durant le sommeil. Id\u00e9al pour les peaux manquant d\u2019\u00e9clat, de vitalit\u00e9 et de tonicit\u00e9, les peaux matures.\" \/>\n<meta name=\"robots\" content=\"index, follow, max-snippet:-1, max-image-preview:large, max-video-preview:-1\" \/>\n<link rel=\"canonical\" href=\"https:\/\/www.doucesangevines.com\/en\/product\/magnifica\/\" \/>\n<meta property=\"og:locale\" content=\"en_GB\" \/>\n<meta property=\"og:type\" content=\"article\" \/>\n<meta property=\"og:title\" content=\"Magnifica - fluide de nuit r\u00e9g\u00e9n\u00e9rant bio - Douces Angevines\" \/>\n<meta property=\"og:description\" content=\"Ce soin de nuit pro-\u00e2ge sublime la peau durant le sommeil. Id\u00e9al pour les peaux manquant d\u2019\u00e9clat, de vitalit\u00e9 et de tonicit\u00e9, les peaux matures.\" \/>\n<meta property=\"og:url\" content=\"https:\/\/www.doucesangevines.com\/en\/product\/magnifica\/\" \/>\n<meta property=\"og:site_name\" content=\"Douces Angevines\" \/>\n<meta property=\"article:publisher\" content=\"https:\/\/fr-fr.facebook.com\/doucesangevines\/\" \/>\n<meta property=\"article:modified_time\" content=\"2026-03-19T10:07:53+00:00\" \/>\n<meta property=\"og:image\" content=\"https:\/\/www.doucesangevines.com\/wp-content\/uploads\/2024\/02\/24-Magnifica-fluide-visage-nuit-anti-age-bio.png\" \/>\n\t<meta property=\"og:image:width\" content=\"1132\" \/>\n\t<meta property=\"og:image:height\" content=\"1132\" \/>\n\t<meta property=\"og:image:type\" content=\"image\/png\" \/>\n<meta name=\"twitter:card\" content=\"summary_large_image\" \/>\n<meta name=\"twitter:label1\" content=\"Estimated reading time\" \/>\n\t<meta name=\"twitter:data1\" content=\"1 minute\" \/>\n<script type=\"application\/ld+json\" class=\"yoast-schema-graph\">{\"@context\":\"https:\\\/\\\/schema.org\",\"@graph\":[{\"@type\":\"WebPage\",\"@id\":\"https:\\\/\\\/www.doucesangevines.com\\\/produit\\\/magnifica-fluide-nuit-pro-age\\\/\",\"url\":\"https:\\\/\\\/www.doucesangevines.com\\\/produit\\\/magnifica-fluide-nuit-pro-age\\\/\",\"name\":\"Magnifica - fluide de nuit r\u00e9g\u00e9n\u00e9rant bio - Douces Angevines\",\"isPartOf\":{\"@id\":\"https:\\\/\\\/www.doucesangevines.com\\\/#website\"},\"primaryImageOfPage\":{\"@id\":\"https:\\\/\\\/www.doucesangevines.com\\\/produit\\\/magnifica-fluide-nuit-pro-age\\\/#primaryimage\"},\"image\":{\"@id\":\"https:\\\/\\\/www.doucesangevines.com\\\/produit\\\/magnifica-fluide-nuit-pro-age\\\/#primaryimage\"},\"thumbnailUrl\":\"https:\\\/\\\/www.doucesangevines.com\\\/wp-content\\\/uploads\\\/2024\\\/02\\\/24-Magnifica-fluide-visage-nuit-anti-age-bio.png\",\"datePublished\":\"2022-03-14T20:40:23+00:00\",\"dateModified\":\"2026-03-19T10:07:53+00:00\",\"description\":\"Ce soin de nuit pro-\u00e2ge sublime la peau durant le sommeil. Id\u00e9al pour les peaux manquant d\u2019\u00e9clat, de vitalit\u00e9 et de tonicit\u00e9, les peaux matures.\",\"breadcrumb\":{\"@id\":\"https:\\\/\\\/www.doucesangevines.com\\\/produit\\\/magnifica-fluide-nuit-pro-age\\\/#breadcrumb\"},\"inLanguage\":\"en-GB\",\"potentialAction\":[{\"@type\":\"ReadAction\",\"target\":[\"https:\\\/\\\/www.doucesangevines.com\\\/produit\\\/magnifica-fluide-nuit-pro-age\\\/\"]}]},{\"@type\":\"ImageObject\",\"inLanguage\":\"en-GB\",\"@id\":\"https:\\\/\\\/www.doucesangevines.com\\\/produit\\\/magnifica-fluide-nuit-pro-age\\\/#primaryimage\",\"url\":\"https:\\\/\\\/www.doucesangevines.com\\\/wp-content\\\/uploads\\\/2024\\\/02\\\/24-Magnifica-fluide-visage-nuit-anti-age-bio.png\",\"contentUrl\":\"https:\\\/\\\/www.doucesangevines.com\\\/wp-content\\\/uploads\\\/2024\\\/02\\\/24-Magnifica-fluide-visage-nuit-anti-age-bio.png\",\"width\":1132,\"height\":1132,\"caption\":\"Magnifica fluide de nuit anti age bio\"},{\"@type\":\"BreadcrumbList\",\"@id\":\"https:\\\/\\\/www.doucesangevines.com\\\/produit\\\/magnifica-fluide-nuit-pro-age\\\/#breadcrumb\",\"itemListElement\":[{\"@type\":\"ListItem\",\"position\":1,\"name\":\"Accueil\",\"item\":\"https:\\\/\\\/www.doucesangevines.com\\\/\"},{\"@type\":\"ListItem\",\"position\":2,\"name\":\"Boutique\",\"item\":\"https:\\\/\\\/www.doucesangevines.com\\\/boutique\\\/\"},{\"@type\":\"ListItem\",\"position\":3,\"name\":\"Magnifica\"}]},{\"@type\":\"WebSite\",\"@id\":\"https:\\\/\\\/www.doucesangevines.com\\\/#website\",\"url\":\"https:\\\/\\\/www.doucesangevines.com\\\/\",\"name\":\"Douces Angevines\",\"description\":\"Femmes Herboristes de Beaut\u00e9\",\"publisher\":{\"@id\":\"https:\\\/\\\/www.doucesangevines.com\\\/#organization\"},\"potentialAction\":[{\"@type\":\"SearchAction\",\"target\":{\"@type\":\"EntryPoint\",\"urlTemplate\":\"https:\\\/\\\/www.doucesangevines.com\\\/?s={search_term_string}\"},\"query-input\":{\"@type\":\"PropertyValueSpecification\",\"valueRequired\":true,\"valueName\":\"search_term_string\"}}],\"inLanguage\":\"en-GB\"},{\"@type\":\"Organization\",\"@id\":\"https:\\\/\\\/www.doucesangevines.com\\\/#organization\",\"name\":\"Douces Angevines\",\"url\":\"https:\\\/\\\/www.doucesangevines.com\\\/\",\"logo\":{\"@type\":\"ImageObject\",\"inLanguage\":\"en-GB\",\"@id\":\"https:\\\/\\\/www.doucesangevines.com\\\/#\\\/schema\\\/logo\\\/image\\\/\",\"url\":\"https:\\\/\\\/www.doucesangevines.com\\\/wp-content\\\/uploads\\\/2022\\\/02\\\/douces-angevines-logo-2025.svg\",\"contentUrl\":\"https:\\\/\\\/www.doucesangevines.com\\\/wp-content\\\/uploads\\\/2022\\\/02\\\/douces-angevines-logo-2025.svg\",\"caption\":\"Douces Angevines\"},\"image\":{\"@id\":\"https:\\\/\\\/www.doucesangevines.com\\\/#\\\/schema\\\/logo\\\/image\\\/\"},\"sameAs\":[\"https:\\\/\\\/fr-fr.facebook.com\\\/doucesangevines\\\/\",\"https:\\\/\\\/www.instagram.com\\\/doucesangevines\\\/\",\"https:\\\/\\\/www.youtube.com\\\/channel\\\/UCcbJc6Om9b7IZDHWj-osu6w\"]}]}<\/script>\n<!-- \/ Yoast SEO plugin. -->","yoast_head_json":{"title":"Magnifica - organic regenerating night fluid - Douces Angevines","description":"Ce soin de nuit pro-\u00e2ge sublime la peau durant le sommeil. Id\u00e9al pour les peaux manquant d\u2019\u00e9clat, de vitalit\u00e9 et de tonicit\u00e9, les peaux matures.","robots":{"index":"index","follow":"follow","max-snippet":"max-snippet:-1","max-image-preview":"max-image-preview:large","max-video-preview":"max-video-preview:-1"},"canonical":"https:\/\/www.doucesangevines.com\/en\/product\/magnifica\/","og_locale":"en_GB","og_type":"article","og_title":"Magnifica - fluide de nuit r\u00e9g\u00e9n\u00e9rant bio - Douces Angevines","og_description":"Ce soin de nuit pro-\u00e2ge sublime la peau durant le sommeil. Id\u00e9al pour les peaux manquant d\u2019\u00e9clat, de vitalit\u00e9 et de tonicit\u00e9, les peaux matures.","og_url":"https:\/\/www.doucesangevines.com\/en\/product\/magnifica\/","og_site_name":"Douces Angevines","article_publisher":"https:\/\/fr-fr.facebook.com\/doucesangevines\/","article_modified_time":"2026-03-19T10:07:53+00:00","og_image":[{"width":1132,"height":1132,"url":"https:\/\/www.doucesangevines.com\/wp-content\/uploads\/2024\/02\/24-Magnifica-fluide-visage-nuit-anti-age-bio.png","type":"image\/png"}],"twitter_card":"summary_large_image","twitter_misc":{"Estimated reading time":"1 minute"},"schema":{"@context":"https:\/\/schema.org","@graph":[{"@type":"WebPage","@id":"https:\/\/www.doucesangevines.com\/produit\/magnifica-fluide-nuit-pro-age\/","url":"https:\/\/www.doucesangevines.com\/produit\/magnifica-fluide-nuit-pro-age\/","name":"Magnifica - organic regenerating night fluid - Douces Angevines","isPartOf":{"@id":"https:\/\/www.doucesangevines.com\/#website"},"primaryImageOfPage":{"@id":"https:\/\/www.doucesangevines.com\/produit\/magnifica-fluide-nuit-pro-age\/#primaryimage"},"image":{"@id":"https:\/\/www.doucesangevines.com\/produit\/magnifica-fluide-nuit-pro-age\/#primaryimage"},"thumbnailUrl":"https:\/\/www.doucesangevines.com\/wp-content\/uploads\/2024\/02\/24-Magnifica-fluide-visage-nuit-anti-age-bio.png","datePublished":"2022-03-14T20:40:23+00:00","dateModified":"2026-03-19T10:07:53+00:00","description":"Ce soin de nuit pro-\u00e2ge sublime la peau durant le sommeil. Id\u00e9al pour les peaux manquant d\u2019\u00e9clat, de vitalit\u00e9 et de tonicit\u00e9, les peaux matures.","breadcrumb":{"@id":"https:\/\/www.doucesangevines.com\/produit\/magnifica-fluide-nuit-pro-age\/#breadcrumb"},"inLanguage":"en-GB","potentialAction":[{"@type":"ReadAction","target":["https:\/\/www.doucesangevines.com\/produit\/magnifica-fluide-nuit-pro-age\/"]}]},{"@type":"ImageObject","inLanguage":"en-GB","@id":"https:\/\/www.doucesangevines.com\/produit\/magnifica-fluide-nuit-pro-age\/#primaryimage","url":"https:\/\/www.doucesangevines.com\/wp-content\/uploads\/2024\/02\/24-Magnifica-fluide-visage-nuit-anti-age-bio.png","contentUrl":"https:\/\/www.doucesangevines.com\/wp-content\/uploads\/2024\/02\/24-Magnifica-fluide-visage-nuit-anti-age-bio.png","width":1132,"height":1132,"caption":"Magnifica fluide de nuit anti age bio"},{"@type":"BreadcrumbList","@id":"https:\/\/www.doucesangevines.com\/produit\/magnifica-fluide-nuit-pro-age\/#breadcrumb","itemListElement":[{"@type":"ListItem","position":1,"name":"Accueil","item":"https:\/\/www.doucesangevines.com\/"},{"@type":"ListItem","position":2,"name":"Boutique","item":"https:\/\/www.doucesangevines.com\/boutique\/"},{"@type":"ListItem","position":3,"name":"Magnifica"}]},{"@type":"WebSite","@id":"https:\/\/www.doucesangevines.com\/#website","url":"https:\/\/www.doucesangevines.com\/","name":"Douces Angevines","description":"Women Beauty Herbalists","publisher":{"@id":"https:\/\/www.doucesangevines.com\/#organization"},"potentialAction":[{"@type":"SearchAction","target":{"@type":"EntryPoint","urlTemplate":"https:\/\/www.doucesangevines.com\/?s={search_term_string}"},"query-input":{"@type":"PropertyValueSpecification","valueRequired":true,"valueName":"search_term_string"}}],"inLanguage":"en-GB"},{"@type":"Organization","@id":"https:\/\/www.doucesangevines.com\/#organization","name":"Douces Angevines","url":"https:\/\/www.doucesangevines.com\/","logo":{"@type":"ImageObject","inLanguage":"en-GB","@id":"https:\/\/www.doucesangevines.com\/#\/schema\/logo\/image\/","url":"https:\/\/www.doucesangevines.com\/wp-content\/uploads\/2022\/02\/douces-angevines-logo-2025.svg","contentUrl":"https:\/\/www.doucesangevines.com\/wp-content\/uploads\/2022\/02\/douces-angevines-logo-2025.svg","caption":"Douces Angevines"},"image":{"@id":"https:\/\/www.doucesangevines.com\/#\/schema\/logo\/image\/"},"sameAs":["https:\/\/fr-fr.facebook.com\/doucesangevines\/","https:\/\/www.instagram.com\/doucesangevines\/","https:\/\/www.youtube.com\/channel\/UCcbJc6Om9b7IZDHWj-osu6w"]}]}},"_links":{"self":[{"href":"https:\/\/www.doucesangevines.com\/en\/wp-json\/wp\/v2\/product\/2689","targetHints":{"allow":["GET"]}}],"collection":[{"href":"https:\/\/www.doucesangevines.com\/en\/wp-json\/wp\/v2\/product"}],"about":[{"href":"https:\/\/www.doucesangevines.com\/en\/wp-json\/wp\/v2\/types\/product"}],"wp:featuredmedia":[{"embeddable":true,"href":"https:\/\/www.doucesangevines.com\/en\/wp-json\/wp\/v2\/media\/12937"}],"wp:attachment":[{"href":"https:\/\/www.doucesangevines.com\/en\/wp-json\/wp\/v2\/media?parent=2689"}],"wp:term":[{"taxonomy":"product_featurescat","embeddable":true,"href":"https:\/\/www.doucesangevines.com\/en\/wp-json\/wp\/v2\/product_featurescat?post=2689"},{"taxonomy":"product_brand","embeddable":true,"href":"https:\/\/www.doucesangevines.com\/en\/wp-json\/wp\/v2\/product_brand?post=2689"},{"taxonomy":"product_cat","embeddable":true,"href":"https:\/\/www.doucesangevines.com\/en\/wp-json\/wp\/v2\/product_cat?post=2689"},{"taxonomy":"product_tag","embeddable":true,"href":"https:\/\/www.doucesangevines.com\/en\/wp-json\/wp\/v2\/product_tag?post=2689"}],"curies":[{"name":"wp","href":"https:\/\/api.w.org\/{rel}","templated":true}]}}