{"id":2691,"date":"2022-03-14T21:40:24","date_gmt":"2022-03-14T20:40:24","guid":{"rendered":"http:\/\/doucesangevines.com\/produit\/au-jardin-de-jasmine\/"},"modified":"2026-03-19T12:00:48","modified_gmt":"2026-03-19T11:00:48","slug":"au-jardin-de-jasmine-gommage-corps","status":"publish","type":"product","link":"https:\/\/www.doucesangevines.com\/en\/product\/in-the-jasmine-garden\/","title":{"rendered":"Au Jardin de Jasmine"},"content":{"rendered":"<p>Au jardin de Jasmine is a precious exfoliation for the body, entirely vegetable. It gives the skin a velvety petal and envelops it in an exquisite perfumed halo.<\/p>\n<p>Rice flour provides an incomparable feeling of comfort.<br \/>\nThe coral lentil powder gently smoothes the skin.<br \/>\nAsh from the banks of the Loir rich in antioxidant polyphenols is a tissue protector.<br \/>\nBenzoin from Laos softens, stimulates and repairs.<br \/>\nThe essential oil of Egyptian Jasmine harmonizes, that of Butterfly Ginger comforts.<br \/>\nMagnolia essential oil from China offers its calming properties.<br \/>\nThe skin breathes and radiates, it is more receptive to body care.<\/p>","protected":false},"excerpt":{"rendered":"<p>Dans le Jardin de Jasmine, la peau s\u2019oxyg\u00e8ne gr\u00e2ce \u00e0 ce gommage purifiant et adoucissant. Il laisse un satin\u00e9 et un \u00e9clat de peau incroyables Il stimule la micro-circulation et favorise la r\u00e9g\u00e9n\u00e9ration des cellules, la peau est soyeuse et \u00e9clatante. Sa formule poudre permet une utilisation tr\u00e8s \u00e9conomique et une pr\u00e9servation optimale des pr\u00e9cieux actifs.<\/p>","protected":false},"featured_media":16638,"template":"","meta":{"_acf_changed":false},"product_featurescat":[],"product_brand":[],"product_cat":[96],"product_tag":[191],"class_list":{"0":"post-2691","1":"product","2":"type-product","3":"status-publish","4":"has-post-thumbnail","6":"product_cat-corps","7":"product_tag-de-saison","8":"pa_collections-soins-divins","9":"pa_preoccupation-corps-eclat","10":"pa_saison-toute-saison","11":"pa_saison-printemps","12":"pa_saison-ete","13":"pa_type-de-soin-gommage","15":"first","16":"instock","17":"taxable","18":"shipping-taxable","19":"purchasable","20":"product-type-simple"},"acf":[],"yoast_head":"<!-- This site is optimized with the Yoast SEO plugin v27.4 - https:\/\/yoast.com\/product\/yoast-seo-wordpress\/ -->\n<title>Au Jardin de Jasmine - Poudre gommage bio - Douces Angevines<\/title>\n<meta name=\"description\" content=\"Gommage pr\u00e9cieux pour le corps, enti\u00e8rement v\u00e9g\u00e9tal. Il donne \u00e0 la peau un velout\u00e9 de p\u00e9tale et l\u2019enrobe d\u2019un halo parfum\u00e9 exquis. Cosm\u00e9bio\" \/>\n<meta name=\"robots\" content=\"index, follow, max-snippet:-1, max-image-preview:large, max-video-preview:-1\" \/>\n<link rel=\"canonical\" href=\"https:\/\/www.doucesangevines.com\/en\/product\/in-the-jasmine-garden\/\" \/>\n<meta property=\"og:locale\" content=\"en_GB\" \/>\n<meta property=\"og:type\" content=\"article\" \/>\n<meta property=\"og:title\" content=\"Au Jardin de Jasmine - Poudre gommage bio - Douces Angevines\" \/>\n<meta property=\"og:description\" content=\"Gommage pr\u00e9cieux pour le corps, enti\u00e8rement v\u00e9g\u00e9tal. Il donne \u00e0 la peau un velout\u00e9 de p\u00e9tale et l\u2019enrobe d\u2019un halo parfum\u00e9 exquis. Cosm\u00e9bio\" \/>\n<meta property=\"og:url\" content=\"https:\/\/www.doucesangevines.com\/en\/product\/in-the-jasmine-garden\/\" \/>\n<meta property=\"og:site_name\" content=\"Douces Angevines\" \/>\n<meta property=\"article:publisher\" content=\"https:\/\/fr-fr.facebook.com\/doucesangevines\/\" \/>\n<meta property=\"article:modified_time\" content=\"2026-03-19T11:00:48+00:00\" \/>\n<meta property=\"og:image\" content=\"https:\/\/www.doucesangevines.com\/wp-content\/uploads\/2022\/03\/Au-jardin-de-Jasmine-corrige-min.png\" \/>\n\t<meta property=\"og:image:width\" content=\"1132\" \/>\n\t<meta property=\"og:image:height\" content=\"1132\" \/>\n\t<meta property=\"og:image:type\" content=\"image\/png\" \/>\n<meta name=\"twitter:card\" content=\"summary_large_image\" \/>\n<meta name=\"twitter:label1\" content=\"Estimated reading time\" \/>\n\t<meta name=\"twitter:data1\" content=\"1 minute\" \/>\n<script type=\"application\/ld+json\" class=\"yoast-schema-graph\">{\"@context\":\"https:\\\/\\\/schema.org\",\"@graph\":[{\"@type\":\"WebPage\",\"@id\":\"https:\\\/\\\/www.doucesangevines.com\\\/produit\\\/au-jardin-de-jasmine-gommage-corps\\\/\",\"url\":\"https:\\\/\\\/www.doucesangevines.com\\\/produit\\\/au-jardin-de-jasmine-gommage-corps\\\/\",\"name\":\"Au Jardin de Jasmine - Poudre gommage bio - Douces Angevines\",\"isPartOf\":{\"@id\":\"https:\\\/\\\/www.doucesangevines.com\\\/#website\"},\"primaryImageOfPage\":{\"@id\":\"https:\\\/\\\/www.doucesangevines.com\\\/produit\\\/au-jardin-de-jasmine-gommage-corps\\\/#primaryimage\"},\"image\":{\"@id\":\"https:\\\/\\\/www.doucesangevines.com\\\/produit\\\/au-jardin-de-jasmine-gommage-corps\\\/#primaryimage\"},\"thumbnailUrl\":\"https:\\\/\\\/www.doucesangevines.com\\\/wp-content\\\/uploads\\\/2022\\\/03\\\/Au-jardin-de-Jasmine-corrige-min.png\",\"datePublished\":\"2022-03-14T20:40:24+00:00\",\"dateModified\":\"2026-03-19T11:00:48+00:00\",\"description\":\"Gommage pr\u00e9cieux pour le corps, enti\u00e8rement v\u00e9g\u00e9tal. Il donne \u00e0 la peau un velout\u00e9 de p\u00e9tale et l\u2019enrobe d\u2019un halo parfum\u00e9 exquis. Cosm\u00e9bio\",\"breadcrumb\":{\"@id\":\"https:\\\/\\\/www.doucesangevines.com\\\/produit\\\/au-jardin-de-jasmine-gommage-corps\\\/#breadcrumb\"},\"inLanguage\":\"en-GB\",\"potentialAction\":[{\"@type\":\"ReadAction\",\"target\":[\"https:\\\/\\\/www.doucesangevines.com\\\/produit\\\/au-jardin-de-jasmine-gommage-corps\\\/\"]}]},{\"@type\":\"ImageObject\",\"inLanguage\":\"en-GB\",\"@id\":\"https:\\\/\\\/www.doucesangevines.com\\\/produit\\\/au-jardin-de-jasmine-gommage-corps\\\/#primaryimage\",\"url\":\"https:\\\/\\\/www.doucesangevines.com\\\/wp-content\\\/uploads\\\/2022\\\/03\\\/Au-jardin-de-Jasmine-corrige-min.png\",\"contentUrl\":\"https:\\\/\\\/www.doucesangevines.com\\\/wp-content\\\/uploads\\\/2022\\\/03\\\/Au-jardin-de-Jasmine-corrige-min.png\",\"width\":1132,\"height\":1132,\"caption\":\"au jardin de jasmine gommage\"},{\"@type\":\"BreadcrumbList\",\"@id\":\"https:\\\/\\\/www.doucesangevines.com\\\/produit\\\/au-jardin-de-jasmine-gommage-corps\\\/#breadcrumb\",\"itemListElement\":[{\"@type\":\"ListItem\",\"position\":1,\"name\":\"Accueil\",\"item\":\"https:\\\/\\\/www.doucesangevines.com\\\/\"},{\"@type\":\"ListItem\",\"position\":2,\"name\":\"Boutique\",\"item\":\"https:\\\/\\\/www.doucesangevines.com\\\/boutique\\\/\"},{\"@type\":\"ListItem\",\"position\":3,\"name\":\"Au Jardin de Jasmine\"}]},{\"@type\":\"WebSite\",\"@id\":\"https:\\\/\\\/www.doucesangevines.com\\\/#website\",\"url\":\"https:\\\/\\\/www.doucesangevines.com\\\/\",\"name\":\"Douces Angevines\",\"description\":\"Femmes Herboristes de Beaut\u00e9\",\"publisher\":{\"@id\":\"https:\\\/\\\/www.doucesangevines.com\\\/#organization\"},\"potentialAction\":[{\"@type\":\"SearchAction\",\"target\":{\"@type\":\"EntryPoint\",\"urlTemplate\":\"https:\\\/\\\/www.doucesangevines.com\\\/?s={search_term_string}\"},\"query-input\":{\"@type\":\"PropertyValueSpecification\",\"valueRequired\":true,\"valueName\":\"search_term_string\"}}],\"inLanguage\":\"en-GB\"},{\"@type\":\"Organization\",\"@id\":\"https:\\\/\\\/www.doucesangevines.com\\\/#organization\",\"name\":\"Douces Angevines\",\"url\":\"https:\\\/\\\/www.doucesangevines.com\\\/\",\"logo\":{\"@type\":\"ImageObject\",\"inLanguage\":\"en-GB\",\"@id\":\"https:\\\/\\\/www.doucesangevines.com\\\/#\\\/schema\\\/logo\\\/image\\\/\",\"url\":\"https:\\\/\\\/www.doucesangevines.com\\\/wp-content\\\/uploads\\\/2022\\\/02\\\/douces-angevines-logo-2025.svg\",\"contentUrl\":\"https:\\\/\\\/www.doucesangevines.com\\\/wp-content\\\/uploads\\\/2022\\\/02\\\/douces-angevines-logo-2025.svg\",\"caption\":\"Douces Angevines\"},\"image\":{\"@id\":\"https:\\\/\\\/www.doucesangevines.com\\\/#\\\/schema\\\/logo\\\/image\\\/\"},\"sameAs\":[\"https:\\\/\\\/fr-fr.facebook.com\\\/doucesangevines\\\/\",\"https:\\\/\\\/www.instagram.com\\\/doucesangevines\\\/\",\"https:\\\/\\\/www.youtube.com\\\/channel\\\/UCcbJc6Om9b7IZDHWj-osu6w\"]}]}<\/script>\n<!-- \/ Yoast SEO plugin. -->","yoast_head_json":{"title":"Au Jardin de Jasmine - Poudre gommage bio - Douces Angevines","description":"Gommage pr\u00e9cieux pour le corps, enti\u00e8rement v\u00e9g\u00e9tal. Il donne \u00e0 la peau un velout\u00e9 de p\u00e9tale et l\u2019enrobe d\u2019un halo parfum\u00e9 exquis. Cosm\u00e9bio","robots":{"index":"index","follow":"follow","max-snippet":"max-snippet:-1","max-image-preview":"max-image-preview:large","max-video-preview":"max-video-preview:-1"},"canonical":"https:\/\/www.doucesangevines.com\/en\/product\/in-the-jasmine-garden\/","og_locale":"en_GB","og_type":"article","og_title":"Au Jardin de Jasmine - Poudre gommage bio - Douces Angevines","og_description":"Gommage pr\u00e9cieux pour le corps, enti\u00e8rement v\u00e9g\u00e9tal. Il donne \u00e0 la peau un velout\u00e9 de p\u00e9tale et l\u2019enrobe d\u2019un halo parfum\u00e9 exquis. Cosm\u00e9bio","og_url":"https:\/\/www.doucesangevines.com\/en\/product\/in-the-jasmine-garden\/","og_site_name":"Douces Angevines","article_publisher":"https:\/\/fr-fr.facebook.com\/doucesangevines\/","article_modified_time":"2026-03-19T11:00:48+00:00","og_image":[{"width":1132,"height":1132,"url":"https:\/\/www.doucesangevines.com\/wp-content\/uploads\/2022\/03\/Au-jardin-de-Jasmine-corrige-min.png","type":"image\/png"}],"twitter_card":"summary_large_image","twitter_misc":{"Estimated reading time":"1 minute"},"schema":{"@context":"https:\/\/schema.org","@graph":[{"@type":"WebPage","@id":"https:\/\/www.doucesangevines.com\/produit\/au-jardin-de-jasmine-gommage-corps\/","url":"https:\/\/www.doucesangevines.com\/produit\/au-jardin-de-jasmine-gommage-corps\/","name":"Au Jardin de Jasmine - Poudre gommage bio - Douces Angevines","isPartOf":{"@id":"https:\/\/www.doucesangevines.com\/#website"},"primaryImageOfPage":{"@id":"https:\/\/www.doucesangevines.com\/produit\/au-jardin-de-jasmine-gommage-corps\/#primaryimage"},"image":{"@id":"https:\/\/www.doucesangevines.com\/produit\/au-jardin-de-jasmine-gommage-corps\/#primaryimage"},"thumbnailUrl":"https:\/\/www.doucesangevines.com\/wp-content\/uploads\/2022\/03\/Au-jardin-de-Jasmine-corrige-min.png","datePublished":"2022-03-14T20:40:24+00:00","dateModified":"2026-03-19T11:00:48+00:00","description":"Gommage pr\u00e9cieux pour le corps, enti\u00e8rement v\u00e9g\u00e9tal. Il donne \u00e0 la peau un velout\u00e9 de p\u00e9tale et l\u2019enrobe d\u2019un halo parfum\u00e9 exquis. Cosm\u00e9bio","breadcrumb":{"@id":"https:\/\/www.doucesangevines.com\/produit\/au-jardin-de-jasmine-gommage-corps\/#breadcrumb"},"inLanguage":"en-GB","potentialAction":[{"@type":"ReadAction","target":["https:\/\/www.doucesangevines.com\/produit\/au-jardin-de-jasmine-gommage-corps\/"]}]},{"@type":"ImageObject","inLanguage":"en-GB","@id":"https:\/\/www.doucesangevines.com\/produit\/au-jardin-de-jasmine-gommage-corps\/#primaryimage","url":"https:\/\/www.doucesangevines.com\/wp-content\/uploads\/2022\/03\/Au-jardin-de-Jasmine-corrige-min.png","contentUrl":"https:\/\/www.doucesangevines.com\/wp-content\/uploads\/2022\/03\/Au-jardin-de-Jasmine-corrige-min.png","width":1132,"height":1132,"caption":"au jardin de jasmine gommage"},{"@type":"BreadcrumbList","@id":"https:\/\/www.doucesangevines.com\/produit\/au-jardin-de-jasmine-gommage-corps\/#breadcrumb","itemListElement":[{"@type":"ListItem","position":1,"name":"Accueil","item":"https:\/\/www.doucesangevines.com\/"},{"@type":"ListItem","position":2,"name":"Boutique","item":"https:\/\/www.doucesangevines.com\/boutique\/"},{"@type":"ListItem","position":3,"name":"Au Jardin de Jasmine"}]},{"@type":"WebSite","@id":"https:\/\/www.doucesangevines.com\/#website","url":"https:\/\/www.doucesangevines.com\/","name":"Douces Angevines","description":"Women Beauty Herbalists","publisher":{"@id":"https:\/\/www.doucesangevines.com\/#organization"},"potentialAction":[{"@type":"SearchAction","target":{"@type":"EntryPoint","urlTemplate":"https:\/\/www.doucesangevines.com\/?s={search_term_string}"},"query-input":{"@type":"PropertyValueSpecification","valueRequired":true,"valueName":"search_term_string"}}],"inLanguage":"en-GB"},{"@type":"Organization","@id":"https:\/\/www.doucesangevines.com\/#organization","name":"Douces Angevines","url":"https:\/\/www.doucesangevines.com\/","logo":{"@type":"ImageObject","inLanguage":"en-GB","@id":"https:\/\/www.doucesangevines.com\/#\/schema\/logo\/image\/","url":"https:\/\/www.doucesangevines.com\/wp-content\/uploads\/2022\/02\/douces-angevines-logo-2025.svg","contentUrl":"https:\/\/www.doucesangevines.com\/wp-content\/uploads\/2022\/02\/douces-angevines-logo-2025.svg","caption":"Douces Angevines"},"image":{"@id":"https:\/\/www.doucesangevines.com\/#\/schema\/logo\/image\/"},"sameAs":["https:\/\/fr-fr.facebook.com\/doucesangevines\/","https:\/\/www.instagram.com\/doucesangevines\/","https:\/\/www.youtube.com\/channel\/UCcbJc6Om9b7IZDHWj-osu6w"]}]}},"_links":{"self":[{"href":"https:\/\/www.doucesangevines.com\/en\/wp-json\/wp\/v2\/product\/2691","targetHints":{"allow":["GET"]}}],"collection":[{"href":"https:\/\/www.doucesangevines.com\/en\/wp-json\/wp\/v2\/product"}],"about":[{"href":"https:\/\/www.doucesangevines.com\/en\/wp-json\/wp\/v2\/types\/product"}],"wp:featuredmedia":[{"embeddable":true,"href":"https:\/\/www.doucesangevines.com\/en\/wp-json\/wp\/v2\/media\/16638"}],"wp:attachment":[{"href":"https:\/\/www.doucesangevines.com\/en\/wp-json\/wp\/v2\/media?parent=2691"}],"wp:term":[{"taxonomy":"product_featurescat","embeddable":true,"href":"https:\/\/www.doucesangevines.com\/en\/wp-json\/wp\/v2\/product_featurescat?post=2691"},{"taxonomy":"product_brand","embeddable":true,"href":"https:\/\/www.doucesangevines.com\/en\/wp-json\/wp\/v2\/product_brand?post=2691"},{"taxonomy":"product_cat","embeddable":true,"href":"https:\/\/www.doucesangevines.com\/en\/wp-json\/wp\/v2\/product_cat?post=2691"},{"taxonomy":"product_tag","embeddable":true,"href":"https:\/\/www.doucesangevines.com\/en\/wp-json\/wp\/v2\/product_tag?post=2691"}],"curies":[{"name":"wp","href":"https:\/\/api.w.org\/{rel}","templated":true}]}}