{"id":2694,"date":"2022-03-14T21:40:24","date_gmt":"2022-03-14T20:40:24","guid":{"rendered":"http:\/\/doucesangevines.com\/produit\/acrobate\/"},"modified":"2026-03-10T12:08:27","modified_gmt":"2026-03-10T11:08:27","slug":"acrobate","status":"publish","type":"product","link":"https:\/\/www.doucesangevines.com\/en\/product\/acrobate\/","title":{"rendered":"Acrobate"},"content":{"rendered":"<p>At the same time tonic and alleviating, the massage oil Acrobate facilitates the softening of the muscles and the articulations before and after the effort.<\/p>\n<p>This fluid is also particularly precious in wet seasons to encourage articular comfort.<\/p>\n<p>Plant friends generously offer their virtues and their precious actions:<br \/>\nThe maceration of wild St. John&#039;s Wort from the heights of Soucelles is particularly relaxing and soothing.<br \/>\nThe maceration of Matricaire d&#039;Anjou provides rapid relief.<br \/>\nWintergreen from Nepal, Mountain Juniper, Noble Laurel have recognized anti-inflammatory activity.<\/p>\n<p>Well warmed and awakened by your massage, its wild herbs will deliver their warmly aromatic message and envelop your body with a feeling of rediscovered suppleness.<\/p>\n<p>This fluid is not suitable during pregnancy and breastfeeding. Its use is reserved for adults.<\/p>","protected":false},"excerpt":{"rendered":"<p>Before and after all kinds of physical efforts, this powerful plant synergy helps the sportsmen and the active ones in their muscle recovery. It relieves feelings of fatigue and stiffness, allows the body to relax and rest in a warm and comfortable setting.<\/p>","protected":false},"featured_media":16641,"template":"","meta":{"_acf_changed":false},"product_featurescat":[],"product_brand":[],"product_cat":[96],"product_tag":[194],"class_list":{"0":"post-2694","1":"product","2":"type-product","3":"status-publish","4":"has-post-thumbnail","6":"product_cat-corps","7":"product_tag-homme","8":"pa_collections-les-specifiques","9":"pa_saison-toute-saison","10":"pa_type-de-soin-huiles-de-soins","12":"first","13":"instock","14":"taxable","15":"shipping-taxable","16":"purchasable","17":"product-type-simple"},"acf":[],"yoast_head":"<!-- This site is optimized with the Yoast SEO plugin v27.4 - https:\/\/yoast.com\/product\/yoast-seo-wordpress\/ -->\n<title>Acrobate huile effort musculaire - Douces Angevines<\/title>\n<meta name=\"description\" content=\"Cette huile bio \u00e0 la puissante synergie v\u00e9g\u00e9tale aide les sportifs et les actifs pour la r\u00e9cup\u00e9ration musculaire. Composition 100% v\u00e9g\u00e9tale.\" \/>\n<meta name=\"robots\" content=\"index, follow, max-snippet:-1, max-image-preview:large, max-video-preview:-1\" \/>\n<link rel=\"canonical\" href=\"https:\/\/www.doucesangevines.com\/en\/product\/acrobate\/\" \/>\n<meta property=\"og:locale\" content=\"en_GB\" \/>\n<meta property=\"og:type\" content=\"article\" \/>\n<meta property=\"og:title\" content=\"Acrobate huile effort musculaire - Douces Angevines\" \/>\n<meta property=\"og:description\" content=\"Cette huile bio \u00e0 la puissante synergie v\u00e9g\u00e9tale aide les sportifs et les actifs pour la r\u00e9cup\u00e9ration musculaire. Composition 100% v\u00e9g\u00e9tale.\" \/>\n<meta property=\"og:url\" content=\"https:\/\/www.doucesangevines.com\/en\/product\/acrobate\/\" \/>\n<meta property=\"og:site_name\" content=\"Douces Angevines\" \/>\n<meta property=\"article:publisher\" content=\"https:\/\/fr-fr.facebook.com\/doucesangevines\/\" \/>\n<meta property=\"article:modified_time\" content=\"2026-03-10T11:08:27+00:00\" \/>\n<meta property=\"og:image\" content=\"https:\/\/www.doucesangevines.com\/wp-content\/uploads\/2022\/03\/Acrobate-gabarit.png\" \/>\n\t<meta property=\"og:image:width\" content=\"1132\" \/>\n\t<meta property=\"og:image:height\" content=\"1132\" \/>\n\t<meta property=\"og:image:type\" content=\"image\/png\" \/>\n<meta name=\"twitter:card\" content=\"summary_large_image\" \/>\n<meta name=\"twitter:label1\" content=\"Estimated reading time\" \/>\n\t<meta name=\"twitter:data1\" content=\"1 minute\" \/>\n<script type=\"application\/ld+json\" class=\"yoast-schema-graph\">{\"@context\":\"https:\\\/\\\/schema.org\",\"@graph\":[{\"@type\":\"WebPage\",\"@id\":\"https:\\\/\\\/www.doucesangevines.com\\\/produit\\\/acrobate\\\/\",\"url\":\"https:\\\/\\\/www.doucesangevines.com\\\/produit\\\/acrobate\\\/\",\"name\":\"Acrobate huile effort musculaire - Douces Angevines\",\"isPartOf\":{\"@id\":\"https:\\\/\\\/www.doucesangevines.com\\\/#website\"},\"primaryImageOfPage\":{\"@id\":\"https:\\\/\\\/www.doucesangevines.com\\\/produit\\\/acrobate\\\/#primaryimage\"},\"image\":{\"@id\":\"https:\\\/\\\/www.doucesangevines.com\\\/produit\\\/acrobate\\\/#primaryimage\"},\"thumbnailUrl\":\"https:\\\/\\\/www.doucesangevines.com\\\/wp-content\\\/uploads\\\/2022\\\/03\\\/Acrobate-gabarit.png\",\"datePublished\":\"2022-03-14T20:40:24+00:00\",\"dateModified\":\"2026-03-10T11:08:27+00:00\",\"description\":\"Cette huile bio \u00e0 la puissante synergie v\u00e9g\u00e9tale aide les sportifs et les actifs pour la r\u00e9cup\u00e9ration musculaire. Composition 100% v\u00e9g\u00e9tale.\",\"breadcrumb\":{\"@id\":\"https:\\\/\\\/www.doucesangevines.com\\\/produit\\\/acrobate\\\/#breadcrumb\"},\"inLanguage\":\"en-GB\",\"potentialAction\":[{\"@type\":\"ReadAction\",\"target\":[\"https:\\\/\\\/www.doucesangevines.com\\\/produit\\\/acrobate\\\/\"]}]},{\"@type\":\"ImageObject\",\"inLanguage\":\"en-GB\",\"@id\":\"https:\\\/\\\/www.doucesangevines.com\\\/produit\\\/acrobate\\\/#primaryimage\",\"url\":\"https:\\\/\\\/www.doucesangevines.com\\\/wp-content\\\/uploads\\\/2022\\\/03\\\/Acrobate-gabarit.png\",\"contentUrl\":\"https:\\\/\\\/www.doucesangevines.com\\\/wp-content\\\/uploads\\\/2022\\\/03\\\/Acrobate-gabarit.png\",\"width\":1132,\"height\":1132,\"caption\":\"Acrobate\"},{\"@type\":\"BreadcrumbList\",\"@id\":\"https:\\\/\\\/www.doucesangevines.com\\\/produit\\\/acrobate\\\/#breadcrumb\",\"itemListElement\":[{\"@type\":\"ListItem\",\"position\":1,\"name\":\"Accueil\",\"item\":\"https:\\\/\\\/www.doucesangevines.com\\\/\"},{\"@type\":\"ListItem\",\"position\":2,\"name\":\"Boutique\",\"item\":\"https:\\\/\\\/www.doucesangevines.com\\\/boutique\\\/\"},{\"@type\":\"ListItem\",\"position\":3,\"name\":\"Acrobate\"}]},{\"@type\":\"WebSite\",\"@id\":\"https:\\\/\\\/www.doucesangevines.com\\\/#website\",\"url\":\"https:\\\/\\\/www.doucesangevines.com\\\/\",\"name\":\"Douces Angevines\",\"description\":\"Femmes Herboristes de Beaut\u00e9\",\"publisher\":{\"@id\":\"https:\\\/\\\/www.doucesangevines.com\\\/#organization\"},\"potentialAction\":[{\"@type\":\"SearchAction\",\"target\":{\"@type\":\"EntryPoint\",\"urlTemplate\":\"https:\\\/\\\/www.doucesangevines.com\\\/?s={search_term_string}\"},\"query-input\":{\"@type\":\"PropertyValueSpecification\",\"valueRequired\":true,\"valueName\":\"search_term_string\"}}],\"inLanguage\":\"en-GB\"},{\"@type\":\"Organization\",\"@id\":\"https:\\\/\\\/www.doucesangevines.com\\\/#organization\",\"name\":\"Douces Angevines\",\"url\":\"https:\\\/\\\/www.doucesangevines.com\\\/\",\"logo\":{\"@type\":\"ImageObject\",\"inLanguage\":\"en-GB\",\"@id\":\"https:\\\/\\\/www.doucesangevines.com\\\/#\\\/schema\\\/logo\\\/image\\\/\",\"url\":\"https:\\\/\\\/www.doucesangevines.com\\\/wp-content\\\/uploads\\\/2022\\\/02\\\/douces-angevines-logo-2025.svg\",\"contentUrl\":\"https:\\\/\\\/www.doucesangevines.com\\\/wp-content\\\/uploads\\\/2022\\\/02\\\/douces-angevines-logo-2025.svg\",\"caption\":\"Douces Angevines\"},\"image\":{\"@id\":\"https:\\\/\\\/www.doucesangevines.com\\\/#\\\/schema\\\/logo\\\/image\\\/\"},\"sameAs\":[\"https:\\\/\\\/fr-fr.facebook.com\\\/doucesangevines\\\/\",\"https:\\\/\\\/www.instagram.com\\\/doucesangevines\\\/\",\"https:\\\/\\\/www.youtube.com\\\/channel\\\/UCcbJc6Om9b7IZDHWj-osu6w\"]}]}<\/script>\n<!-- \/ Yoast SEO plugin. -->","yoast_head_json":{"title":"Acrobate huile effort musculaire - Douces Angevines","description":"Cette huile bio \u00e0 la puissante synergie v\u00e9g\u00e9tale aide les sportifs et les actifs pour la r\u00e9cup\u00e9ration musculaire. Composition 100% v\u00e9g\u00e9tale.","robots":{"index":"index","follow":"follow","max-snippet":"max-snippet:-1","max-image-preview":"max-image-preview:large","max-video-preview":"max-video-preview:-1"},"canonical":"https:\/\/www.doucesangevines.com\/en\/product\/acrobate\/","og_locale":"en_GB","og_type":"article","og_title":"Acrobate huile effort musculaire - Douces Angevines","og_description":"Cette huile bio \u00e0 la puissante synergie v\u00e9g\u00e9tale aide les sportifs et les actifs pour la r\u00e9cup\u00e9ration musculaire. Composition 100% v\u00e9g\u00e9tale.","og_url":"https:\/\/www.doucesangevines.com\/en\/product\/acrobate\/","og_site_name":"Douces Angevines","article_publisher":"https:\/\/fr-fr.facebook.com\/doucesangevines\/","article_modified_time":"2026-03-10T11:08:27+00:00","og_image":[{"width":1132,"height":1132,"url":"https:\/\/www.doucesangevines.com\/wp-content\/uploads\/2022\/03\/Acrobate-gabarit.png","type":"image\/png"}],"twitter_card":"summary_large_image","twitter_misc":{"Estimated reading time":"1 minute"},"schema":{"@context":"https:\/\/schema.org","@graph":[{"@type":"WebPage","@id":"https:\/\/www.doucesangevines.com\/produit\/acrobate\/","url":"https:\/\/www.doucesangevines.com\/produit\/acrobate\/","name":"Acrobate huile effort musculaire - Douces Angevines","isPartOf":{"@id":"https:\/\/www.doucesangevines.com\/#website"},"primaryImageOfPage":{"@id":"https:\/\/www.doucesangevines.com\/produit\/acrobate\/#primaryimage"},"image":{"@id":"https:\/\/www.doucesangevines.com\/produit\/acrobate\/#primaryimage"},"thumbnailUrl":"https:\/\/www.doucesangevines.com\/wp-content\/uploads\/2022\/03\/Acrobate-gabarit.png","datePublished":"2022-03-14T20:40:24+00:00","dateModified":"2026-03-10T11:08:27+00:00","description":"Cette huile bio \u00e0 la puissante synergie v\u00e9g\u00e9tale aide les sportifs et les actifs pour la r\u00e9cup\u00e9ration musculaire. Composition 100% v\u00e9g\u00e9tale.","breadcrumb":{"@id":"https:\/\/www.doucesangevines.com\/produit\/acrobate\/#breadcrumb"},"inLanguage":"en-GB","potentialAction":[{"@type":"ReadAction","target":["https:\/\/www.doucesangevines.com\/produit\/acrobate\/"]}]},{"@type":"ImageObject","inLanguage":"en-GB","@id":"https:\/\/www.doucesangevines.com\/produit\/acrobate\/#primaryimage","url":"https:\/\/www.doucesangevines.com\/wp-content\/uploads\/2022\/03\/Acrobate-gabarit.png","contentUrl":"https:\/\/www.doucesangevines.com\/wp-content\/uploads\/2022\/03\/Acrobate-gabarit.png","width":1132,"height":1132,"caption":"Acrobate"},{"@type":"BreadcrumbList","@id":"https:\/\/www.doucesangevines.com\/produit\/acrobate\/#breadcrumb","itemListElement":[{"@type":"ListItem","position":1,"name":"Accueil","item":"https:\/\/www.doucesangevines.com\/"},{"@type":"ListItem","position":2,"name":"Boutique","item":"https:\/\/www.doucesangevines.com\/boutique\/"},{"@type":"ListItem","position":3,"name":"Acrobate"}]},{"@type":"WebSite","@id":"https:\/\/www.doucesangevines.com\/#website","url":"https:\/\/www.doucesangevines.com\/","name":"Douces Angevines","description":"Women Beauty Herbalists","publisher":{"@id":"https:\/\/www.doucesangevines.com\/#organization"},"potentialAction":[{"@type":"SearchAction","target":{"@type":"EntryPoint","urlTemplate":"https:\/\/www.doucesangevines.com\/?s={search_term_string}"},"query-input":{"@type":"PropertyValueSpecification","valueRequired":true,"valueName":"search_term_string"}}],"inLanguage":"en-GB"},{"@type":"Organization","@id":"https:\/\/www.doucesangevines.com\/#organization","name":"Douces Angevines","url":"https:\/\/www.doucesangevines.com\/","logo":{"@type":"ImageObject","inLanguage":"en-GB","@id":"https:\/\/www.doucesangevines.com\/#\/schema\/logo\/image\/","url":"https:\/\/www.doucesangevines.com\/wp-content\/uploads\/2022\/02\/douces-angevines-logo-2025.svg","contentUrl":"https:\/\/www.doucesangevines.com\/wp-content\/uploads\/2022\/02\/douces-angevines-logo-2025.svg","caption":"Douces Angevines"},"image":{"@id":"https:\/\/www.doucesangevines.com\/#\/schema\/logo\/image\/"},"sameAs":["https:\/\/fr-fr.facebook.com\/doucesangevines\/","https:\/\/www.instagram.com\/doucesangevines\/","https:\/\/www.youtube.com\/channel\/UCcbJc6Om9b7IZDHWj-osu6w"]}]}},"_links":{"self":[{"href":"https:\/\/www.doucesangevines.com\/en\/wp-json\/wp\/v2\/product\/2694","targetHints":{"allow":["GET"]}}],"collection":[{"href":"https:\/\/www.doucesangevines.com\/en\/wp-json\/wp\/v2\/product"}],"about":[{"href":"https:\/\/www.doucesangevines.com\/en\/wp-json\/wp\/v2\/types\/product"}],"wp:featuredmedia":[{"embeddable":true,"href":"https:\/\/www.doucesangevines.com\/en\/wp-json\/wp\/v2\/media\/16641"}],"wp:attachment":[{"href":"https:\/\/www.doucesangevines.com\/en\/wp-json\/wp\/v2\/media?parent=2694"}],"wp:term":[{"taxonomy":"product_featurescat","embeddable":true,"href":"https:\/\/www.doucesangevines.com\/en\/wp-json\/wp\/v2\/product_featurescat?post=2694"},{"taxonomy":"product_brand","embeddable":true,"href":"https:\/\/www.doucesangevines.com\/en\/wp-json\/wp\/v2\/product_brand?post=2694"},{"taxonomy":"product_cat","embeddable":true,"href":"https:\/\/www.doucesangevines.com\/en\/wp-json\/wp\/v2\/product_cat?post=2694"},{"taxonomy":"product_tag","embeddable":true,"href":"https:\/\/www.doucesangevines.com\/en\/wp-json\/wp\/v2\/product_tag?post=2694"}],"curies":[{"name":"wp","href":"https:\/\/api.w.org\/{rel}","templated":true}]}}