{"id":2702,"date":"2022-03-14T21:40:25","date_gmt":"2022-03-14T20:40:25","guid":{"rendered":"http:\/\/doucesangevines.com\/produit\/linstant-precieux\/"},"modified":"2026-01-07T09:41:25","modified_gmt":"2026-01-07T08:41:25","slug":"linstant-precieux-huile-corps-bio-nourrissante-aromatique","status":"publish","type":"product","link":"https:\/\/www.doucesangevines.com\/en\/product\/instant-precieux-organic-body-oil\/","title":{"rendered":"L\u2019Instant Pr\u00e9cieux"},"content":{"rendered":"<p>L'Instant Pr\u00e9cieux is a body fluid that nourishes and invigorates the skin. Its luminous fragrance evokes harmony and helps to savor the delight of the moment. Its favorite season: autumn.<\/p>\n<p>Plant friends generously offer their virtues and their precious actions:<br \/>\nJojoba oil, particularly well assimilated by the skin, offers its restructuring properties.<br \/>\nRepairing and soothing, Macadamia oil provides protection and softness to the skin.<br \/>\nThe harmonious choice of plants: Fragonia, Paramela, Archangelic Angelica\u2026 brings a real moment of balance between yin and yang.<\/p>","protected":false},"excerpt":{"rendered":"<p>Appr\u00e9ciez la joie simple et profonde de la r\u00e9conciliation, des retrouvailles avec soi-m\u00eame. Ce produit invoque l&#8217;harmonie yin yang, \u00e9veille l&#8217;\u00e9nergie de vie pour go\u00fbter l&#8217;intensit\u00e9 de la pr\u00e9sence \u00e0 soi, le d\u00e9lice de l&#8217;instant.<\/p>","protected":false},"featured_media":3614,"template":"","meta":{"_acf_changed":false},"product_featurescat":[],"product_brand":[],"product_cat":[96],"product_tag":[],"class_list":{"0":"post-2702","1":"product","2":"type-product","3":"status-publish","4":"has-post-thumbnail","6":"product_cat-corps","7":"pa_collections-les-4-harmoniques","8":"pa_preoccupation-corps-secheresse","9":"pa_saison-automne","10":"pa_saison-toute-saison","11":"pa_type-de-soin-huiles-de-soins","13":"first","14":"instock","15":"taxable","16":"shipping-taxable","17":"purchasable","18":"product-type-simple"},"acf":[],"yoast_head":"<!-- This site is optimized with the Yoast SEO plugin v27.5 - https:\/\/yoast.com\/product\/yoast-seo-wordpress\/ -->\n<title>L&#039;Instant Pr\u00e9cieux - Huile corps bio - Douces Angevines<\/title>\n<meta name=\"description\" content=\"L\u2019Instant Pr\u00e9cieux est un fluide pour le corps qui nourrit et vivifie la peau. Sa senteur convoque l\u2019harmonie et aide \u00e0 savourer le d\u00e9lice de l\u2019instant.\" \/>\n<meta name=\"robots\" content=\"index, follow, max-snippet:-1, max-image-preview:large, max-video-preview:-1\" \/>\n<link rel=\"canonical\" href=\"https:\/\/www.doucesangevines.com\/en\/product\/instant-precieux-organic-body-oil\/\" \/>\n<meta property=\"og:locale\" content=\"en_GB\" \/>\n<meta property=\"og:type\" content=\"article\" \/>\n<meta property=\"og:title\" content=\"L&#039;Instant Pr\u00e9cieux - Huile corps bio - Douces Angevines\" \/>\n<meta property=\"og:description\" content=\"L\u2019Instant Pr\u00e9cieux est un fluide pour le corps qui nourrit et vivifie la peau. Sa senteur convoque l\u2019harmonie et aide \u00e0 savourer le d\u00e9lice de l\u2019instant.\" \/>\n<meta property=\"og:url\" content=\"https:\/\/www.doucesangevines.com\/en\/product\/instant-precieux-organic-body-oil\/\" \/>\n<meta property=\"og:site_name\" content=\"Douces Angevines\" \/>\n<meta property=\"article:publisher\" content=\"https:\/\/fr-fr.facebook.com\/doucesangevines\/\" \/>\n<meta property=\"article:modified_time\" content=\"2026-01-07T08:41:25+00:00\" \/>\n<meta property=\"og:image\" content=\"https:\/\/www.doucesangevines.com\/wp-content\/uploads\/2022\/03\/L_Instant_precieux_Harmonique_4_fluide_corps_aromatique-1.jpg\" \/>\n\t<meta property=\"og:image:width\" content=\"1132\" \/>\n\t<meta property=\"og:image:height\" content=\"1132\" \/>\n\t<meta property=\"og:image:type\" content=\"image\/jpeg\" \/>\n<meta name=\"twitter:card\" content=\"summary_large_image\" \/>\n<meta name=\"twitter:label1\" content=\"Estimated reading time\" \/>\n\t<meta name=\"twitter:data1\" content=\"1 minute\" \/>\n<script type=\"application\/ld+json\" class=\"yoast-schema-graph\">{\"@context\":\"https:\\\/\\\/schema.org\",\"@graph\":[{\"@type\":\"WebPage\",\"@id\":\"https:\\\/\\\/www.doucesangevines.com\\\/produit\\\/linstant-precieux-huile-corps-bio-nourrissante-aromatique\\\/\",\"url\":\"https:\\\/\\\/www.doucesangevines.com\\\/produit\\\/linstant-precieux-huile-corps-bio-nourrissante-aromatique\\\/\",\"name\":\"L'Instant Pr\u00e9cieux - Huile corps bio - Douces Angevines\",\"isPartOf\":{\"@id\":\"https:\\\/\\\/www.doucesangevines.com\\\/#website\"},\"primaryImageOfPage\":{\"@id\":\"https:\\\/\\\/www.doucesangevines.com\\\/produit\\\/linstant-precieux-huile-corps-bio-nourrissante-aromatique\\\/#primaryimage\"},\"image\":{\"@id\":\"https:\\\/\\\/www.doucesangevines.com\\\/produit\\\/linstant-precieux-huile-corps-bio-nourrissante-aromatique\\\/#primaryimage\"},\"thumbnailUrl\":\"https:\\\/\\\/www.doucesangevines.com\\\/wp-content\\\/uploads\\\/2022\\\/03\\\/L_Instant_precieux_Harmonique_4_fluide_corps_aromatique-1.jpg\",\"datePublished\":\"2022-03-14T20:40:25+00:00\",\"dateModified\":\"2026-01-07T08:41:25+00:00\",\"description\":\"L\u2019Instant Pr\u00e9cieux est un fluide pour le corps qui nourrit et vivifie la peau. Sa senteur convoque l\u2019harmonie et aide \u00e0 savourer le d\u00e9lice de l\u2019instant.\",\"breadcrumb\":{\"@id\":\"https:\\\/\\\/www.doucesangevines.com\\\/produit\\\/linstant-precieux-huile-corps-bio-nourrissante-aromatique\\\/#breadcrumb\"},\"inLanguage\":\"en-GB\",\"potentialAction\":[{\"@type\":\"ReadAction\",\"target\":[\"https:\\\/\\\/www.doucesangevines.com\\\/produit\\\/linstant-precieux-huile-corps-bio-nourrissante-aromatique\\\/\"]}]},{\"@type\":\"ImageObject\",\"inLanguage\":\"en-GB\",\"@id\":\"https:\\\/\\\/www.doucesangevines.com\\\/produit\\\/linstant-precieux-huile-corps-bio-nourrissante-aromatique\\\/#primaryimage\",\"url\":\"https:\\\/\\\/www.doucesangevines.com\\\/wp-content\\\/uploads\\\/2022\\\/03\\\/L_Instant_precieux_Harmonique_4_fluide_corps_aromatique-1.jpg\",\"contentUrl\":\"https:\\\/\\\/www.doucesangevines.com\\\/wp-content\\\/uploads\\\/2022\\\/03\\\/L_Instant_precieux_Harmonique_4_fluide_corps_aromatique-1.jpg\",\"width\":1132,\"height\":1132,\"caption\":\"L'Instant pr\u00e9cieux fluide corps nourrissant bio - Douces Angevines\"},{\"@type\":\"BreadcrumbList\",\"@id\":\"https:\\\/\\\/www.doucesangevines.com\\\/produit\\\/linstant-precieux-huile-corps-bio-nourrissante-aromatique\\\/#breadcrumb\",\"itemListElement\":[{\"@type\":\"ListItem\",\"position\":1,\"name\":\"Accueil\",\"item\":\"https:\\\/\\\/www.doucesangevines.com\\\/\"},{\"@type\":\"ListItem\",\"position\":2,\"name\":\"Boutique\",\"item\":\"https:\\\/\\\/www.doucesangevines.com\\\/boutique\\\/\"},{\"@type\":\"ListItem\",\"position\":3,\"name\":\"L&#8217;Instant Pr\u00e9cieux\"}]},{\"@type\":\"WebSite\",\"@id\":\"https:\\\/\\\/www.doucesangevines.com\\\/#website\",\"url\":\"https:\\\/\\\/www.doucesangevines.com\\\/\",\"name\":\"Douces Angevines\",\"description\":\"Femmes Herboristes de Beaut\u00e9\",\"publisher\":{\"@id\":\"https:\\\/\\\/www.doucesangevines.com\\\/#organization\"},\"potentialAction\":[{\"@type\":\"SearchAction\",\"target\":{\"@type\":\"EntryPoint\",\"urlTemplate\":\"https:\\\/\\\/www.doucesangevines.com\\\/?s={search_term_string}\"},\"query-input\":{\"@type\":\"PropertyValueSpecification\",\"valueRequired\":true,\"valueName\":\"search_term_string\"}}],\"inLanguage\":\"en-GB\"},{\"@type\":\"Organization\",\"@id\":\"https:\\\/\\\/www.doucesangevines.com\\\/#organization\",\"name\":\"Douces Angevines\",\"url\":\"https:\\\/\\\/www.doucesangevines.com\\\/\",\"logo\":{\"@type\":\"ImageObject\",\"inLanguage\":\"en-GB\",\"@id\":\"https:\\\/\\\/www.doucesangevines.com\\\/#\\\/schema\\\/logo\\\/image\\\/\",\"url\":\"https:\\\/\\\/www.doucesangevines.com\\\/wp-content\\\/uploads\\\/2022\\\/02\\\/douces-angevines-logo-2025.svg\",\"contentUrl\":\"https:\\\/\\\/www.doucesangevines.com\\\/wp-content\\\/uploads\\\/2022\\\/02\\\/douces-angevines-logo-2025.svg\",\"caption\":\"Douces Angevines\"},\"image\":{\"@id\":\"https:\\\/\\\/www.doucesangevines.com\\\/#\\\/schema\\\/logo\\\/image\\\/\"},\"sameAs\":[\"https:\\\/\\\/fr-fr.facebook.com\\\/doucesangevines\\\/\",\"https:\\\/\\\/www.instagram.com\\\/doucesangevines\\\/\",\"https:\\\/\\\/www.youtube.com\\\/channel\\\/UCcbJc6Om9b7IZDHWj-osu6w\"]}]}<\/script>\n<!-- \/ Yoast SEO plugin. -->","yoast_head_json":{"title":"L'Instant Pr\u00e9cieux - Huile corps bio - Douces Angevines","description":"L\u2019Instant Pr\u00e9cieux est un fluide pour le corps qui nourrit et vivifie la peau. Sa senteur convoque l\u2019harmonie et aide \u00e0 savourer le d\u00e9lice de l\u2019instant.","robots":{"index":"index","follow":"follow","max-snippet":"max-snippet:-1","max-image-preview":"max-image-preview:large","max-video-preview":"max-video-preview:-1"},"canonical":"https:\/\/www.doucesangevines.com\/en\/product\/instant-precieux-organic-body-oil\/","og_locale":"en_GB","og_type":"article","og_title":"L'Instant Pr\u00e9cieux - Huile corps bio - Douces Angevines","og_description":"L\u2019Instant Pr\u00e9cieux est un fluide pour le corps qui nourrit et vivifie la peau. Sa senteur convoque l\u2019harmonie et aide \u00e0 savourer le d\u00e9lice de l\u2019instant.","og_url":"https:\/\/www.doucesangevines.com\/en\/product\/instant-precieux-organic-body-oil\/","og_site_name":"Douces Angevines","article_publisher":"https:\/\/fr-fr.facebook.com\/doucesangevines\/","article_modified_time":"2026-01-07T08:41:25+00:00","og_image":[{"width":1132,"height":1132,"url":"https:\/\/www.doucesangevines.com\/wp-content\/uploads\/2022\/03\/L_Instant_precieux_Harmonique_4_fluide_corps_aromatique-1.jpg","type":"image\/jpeg"}],"twitter_card":"summary_large_image","twitter_misc":{"Estimated reading time":"1 minute"},"schema":{"@context":"https:\/\/schema.org","@graph":[{"@type":"WebPage","@id":"https:\/\/www.doucesangevines.com\/produit\/linstant-precieux-huile-corps-bio-nourrissante-aromatique\/","url":"https:\/\/www.doucesangevines.com\/produit\/linstant-precieux-huile-corps-bio-nourrissante-aromatique\/","name":"L'Instant Pr\u00e9cieux - Huile corps bio - Douces Angevines","isPartOf":{"@id":"https:\/\/www.doucesangevines.com\/#website"},"primaryImageOfPage":{"@id":"https:\/\/www.doucesangevines.com\/produit\/linstant-precieux-huile-corps-bio-nourrissante-aromatique\/#primaryimage"},"image":{"@id":"https:\/\/www.doucesangevines.com\/produit\/linstant-precieux-huile-corps-bio-nourrissante-aromatique\/#primaryimage"},"thumbnailUrl":"https:\/\/www.doucesangevines.com\/wp-content\/uploads\/2022\/03\/L_Instant_precieux_Harmonique_4_fluide_corps_aromatique-1.jpg","datePublished":"2022-03-14T20:40:25+00:00","dateModified":"2026-01-07T08:41:25+00:00","description":"L\u2019Instant Pr\u00e9cieux est un fluide pour le corps qui nourrit et vivifie la peau. Sa senteur convoque l\u2019harmonie et aide \u00e0 savourer le d\u00e9lice de l\u2019instant.","breadcrumb":{"@id":"https:\/\/www.doucesangevines.com\/produit\/linstant-precieux-huile-corps-bio-nourrissante-aromatique\/#breadcrumb"},"inLanguage":"en-GB","potentialAction":[{"@type":"ReadAction","target":["https:\/\/www.doucesangevines.com\/produit\/linstant-precieux-huile-corps-bio-nourrissante-aromatique\/"]}]},{"@type":"ImageObject","inLanguage":"en-GB","@id":"https:\/\/www.doucesangevines.com\/produit\/linstant-precieux-huile-corps-bio-nourrissante-aromatique\/#primaryimage","url":"https:\/\/www.doucesangevines.com\/wp-content\/uploads\/2022\/03\/L_Instant_precieux_Harmonique_4_fluide_corps_aromatique-1.jpg","contentUrl":"https:\/\/www.doucesangevines.com\/wp-content\/uploads\/2022\/03\/L_Instant_precieux_Harmonique_4_fluide_corps_aromatique-1.jpg","width":1132,"height":1132,"caption":"L'Instant pr\u00e9cieux fluide corps nourrissant bio - Douces Angevines"},{"@type":"BreadcrumbList","@id":"https:\/\/www.doucesangevines.com\/produit\/linstant-precieux-huile-corps-bio-nourrissante-aromatique\/#breadcrumb","itemListElement":[{"@type":"ListItem","position":1,"name":"Accueil","item":"https:\/\/www.doucesangevines.com\/"},{"@type":"ListItem","position":2,"name":"Boutique","item":"https:\/\/www.doucesangevines.com\/boutique\/"},{"@type":"ListItem","position":3,"name":"L&#8217;Instant Pr\u00e9cieux"}]},{"@type":"WebSite","@id":"https:\/\/www.doucesangevines.com\/#website","url":"https:\/\/www.doucesangevines.com\/","name":"Douces Angevines","description":"Women Beauty Herbalists","publisher":{"@id":"https:\/\/www.doucesangevines.com\/#organization"},"potentialAction":[{"@type":"SearchAction","target":{"@type":"EntryPoint","urlTemplate":"https:\/\/www.doucesangevines.com\/?s={search_term_string}"},"query-input":{"@type":"PropertyValueSpecification","valueRequired":true,"valueName":"search_term_string"}}],"inLanguage":"en-GB"},{"@type":"Organization","@id":"https:\/\/www.doucesangevines.com\/#organization","name":"Douces Angevines","url":"https:\/\/www.doucesangevines.com\/","logo":{"@type":"ImageObject","inLanguage":"en-GB","@id":"https:\/\/www.doucesangevines.com\/#\/schema\/logo\/image\/","url":"https:\/\/www.doucesangevines.com\/wp-content\/uploads\/2022\/02\/douces-angevines-logo-2025.svg","contentUrl":"https:\/\/www.doucesangevines.com\/wp-content\/uploads\/2022\/02\/douces-angevines-logo-2025.svg","caption":"Douces Angevines"},"image":{"@id":"https:\/\/www.doucesangevines.com\/#\/schema\/logo\/image\/"},"sameAs":["https:\/\/fr-fr.facebook.com\/doucesangevines\/","https:\/\/www.instagram.com\/doucesangevines\/","https:\/\/www.youtube.com\/channel\/UCcbJc6Om9b7IZDHWj-osu6w"]}]}},"_links":{"self":[{"href":"https:\/\/www.doucesangevines.com\/en\/wp-json\/wp\/v2\/product\/2702","targetHints":{"allow":["GET"]}}],"collection":[{"href":"https:\/\/www.doucesangevines.com\/en\/wp-json\/wp\/v2\/product"}],"about":[{"href":"https:\/\/www.doucesangevines.com\/en\/wp-json\/wp\/v2\/types\/product"}],"wp:featuredmedia":[{"embeddable":true,"href":"https:\/\/www.doucesangevines.com\/en\/wp-json\/wp\/v2\/media\/3614"}],"wp:attachment":[{"href":"https:\/\/www.doucesangevines.com\/en\/wp-json\/wp\/v2\/media?parent=2702"}],"wp:term":[{"taxonomy":"product_featurescat","embeddable":true,"href":"https:\/\/www.doucesangevines.com\/en\/wp-json\/wp\/v2\/product_featurescat?post=2702"},{"taxonomy":"product_brand","embeddable":true,"href":"https:\/\/www.doucesangevines.com\/en\/wp-json\/wp\/v2\/product_brand?post=2702"},{"taxonomy":"product_cat","embeddable":true,"href":"https:\/\/www.doucesangevines.com\/en\/wp-json\/wp\/v2\/product_cat?post=2702"},{"taxonomy":"product_tag","embeddable":true,"href":"https:\/\/www.doucesangevines.com\/en\/wp-json\/wp\/v2\/product_tag?post=2702"}],"curies":[{"name":"wp","href":"https:\/\/api.w.org\/{rel}","templated":true}]}}