{"id":2705,"date":"2022-03-14T21:40:25","date_gmt":"2022-03-14T20:40:25","guid":{"rendered":"http:\/\/doucesangevines.com\/produit\/lete\/"},"modified":"2026-01-07T09:46:29","modified_gmt":"2026-01-07T08:46:29","slug":"lete-huile-preparatice-au-soleil","status":"publish","type":"product","link":"https:\/\/www.doucesangevines.com\/en\/product\/ete-organic-sun-care\/","title":{"rendered":"L\u2019\u00c9t\u00e9"},"content":{"rendered":"<p>L&#039;Et\u00e9 is a complete face and body treatment that prepares the skin for the sun, illuminates the complexion in all seasons and promotes regeneration.<br \/>\nL\u00c9t\u00e9 helps prevent dryness and skin aging, and prolongs the tan for a lively and happy skin with a vacation feeling all year long. A friend of dry skin, this treatment is ideal for all seasons, especially summer and winter.<\/p>\n<p>Plant friends generously offer their virtues and their precious actions:<br \/>\nCarrot maceration rich in beta-carotene is particularly regenerating and stimulating.<br \/>\nSesame oil rich in natural vitamin E, maintains the suppleness and youthfulness of the skin.<br \/>\nJojoba oil, nicknamed \u201cthe gold of the desert\u201d, has a composition close to sebum.<br \/>\nIt is thus antiradical, restructuring and particularly well assimilated.<\/p>\n<div id=\"sconnect-is-installed\" style=\"display: none;\">2.15.1.0<\/div>\n<div id=\"sconnect-is-installed\" style=\"display: none;\">2.15.1.0<\/div>","protected":false},"excerpt":{"rendered":"<p>Get a head start and prepare your skin for summer and winter sunshine with this face and body treatment. Rich in natural vitamin E and betacarotene, this precursor and prolonging fluid nourishes the skin and prevents dehydration. It stimulates its vitality, reinforces its natural defenses, and prolongs the tan. Does not protect against UV rays.<\/p>\n<div id=\"sconnect-is-installed\" style=\"display: none;\">2.15.1.0<\/div>\n<div id=\"sconnect-is-installed\" style=\"display: none;\">2.15.1.0<\/div>","protected":false},"featured_media":18221,"template":"","meta":{"_acf_changed":false},"product_featurescat":[],"product_brand":[],"product_cat":[95,96],"product_tag":[189,190],"class_list":{"0":"post-2705","1":"product","2":"type-product","3":"status-publish","4":"has-post-thumbnail","6":"product_cat-visage","7":"product_cat-corps","8":"product_tag-quiz","9":"product_tag-favoris","10":"pa_collections-compagnons-du-soleil","11":"pa_preoccupation-corps-secheresse","12":"pa_preoccupation-visage-deshydratation","13":"pa_preoccupation-visage-eclat","14":"pa_preoccupation-visage-secheresse","15":"pa_preoccupation-visage-rides-ridules","16":"pa_saison-ete","17":"pa_saison-printemps","18":"pa_saison-toute-saison","19":"pa_type-de-peau-seche","20":"pa_type-de-peau-sensible","21":"pa_type-de-peau-normale","22":"pa_type-de-peau-mixte","23":"pa_type-de-soin-huiles-de-soins","24":"pa_type-de-soin-soins-solaires-bio","25":"pa_type-de-soin-soin-de-jour","27":"first","28":"instock","29":"taxable","30":"shipping-taxable","31":"purchasable","32":"product-type-simple"},"acf":[],"yoast_head":"<!-- This site is optimized with the Yoast SEO plugin v27.4 - https:\/\/yoast.com\/product\/yoast-seo-wordpress\/ -->\n<title>L&#039;\u00c9t\u00e9 - Huile pr\u00e9paratrice au soleil - Douces Angevines<\/title>\n<meta name=\"description\" content=\"Pr\u00e9parez votre peau au soleil avec ce fluide bio visage et corps. Riche antioxydants, il pr\u00e9serve la jeunesse de la peau et prolonge le bronzage.\" \/>\n<meta name=\"robots\" content=\"index, follow, max-snippet:-1, max-image-preview:large, max-video-preview:-1\" \/>\n<link rel=\"canonical\" href=\"https:\/\/www.doucesangevines.com\/en\/product\/ete-organic-sun-care\/\" \/>\n<meta property=\"og:locale\" content=\"en_GB\" \/>\n<meta property=\"og:type\" content=\"article\" \/>\n<meta property=\"og:title\" content=\"L&#039;\u00c9t\u00e9 - Huile pr\u00e9paratrice au soleil - Douces Angevines\" \/>\n<meta property=\"og:description\" content=\"Pr\u00e9parez votre peau au soleil avec ce fluide bio visage et corps. Riche antioxydants, il pr\u00e9serve la jeunesse de la peau et prolonge le bronzage.\" \/>\n<meta property=\"og:url\" content=\"https:\/\/www.doucesangevines.com\/en\/product\/ete-organic-sun-care\/\" \/>\n<meta property=\"og:site_name\" content=\"Douces Angevines\" \/>\n<meta property=\"article:publisher\" content=\"https:\/\/fr-fr.facebook.com\/doucesangevines\/\" \/>\n<meta property=\"article:modified_time\" content=\"2026-01-07T08:46:29+00:00\" \/>\n<meta property=\"og:image\" content=\"https:\/\/www.doucesangevines.com\/wp-content\/uploads\/2022\/03\/dd.png\" \/>\n\t<meta property=\"og:image:width\" content=\"1132\" \/>\n\t<meta property=\"og:image:height\" content=\"1132\" \/>\n\t<meta property=\"og:image:type\" content=\"image\/png\" \/>\n<meta name=\"twitter:card\" content=\"summary_large_image\" \/>\n<meta name=\"twitter:label1\" content=\"Estimated reading time\" \/>\n\t<meta name=\"twitter:data1\" content=\"1 minute\" \/>\n<script type=\"application\/ld+json\" class=\"yoast-schema-graph\">{\"@context\":\"https:\\\/\\\/schema.org\",\"@graph\":[{\"@type\":\"WebPage\",\"@id\":\"https:\\\/\\\/www.doucesangevines.com\\\/produit\\\/lete-huile-preparatice-au-soleil\\\/\",\"url\":\"https:\\\/\\\/www.doucesangevines.com\\\/produit\\\/lete-huile-preparatice-au-soleil\\\/\",\"name\":\"L'\u00c9t\u00e9 - Huile pr\u00e9paratrice au soleil - Douces Angevines\",\"isPartOf\":{\"@id\":\"https:\\\/\\\/www.doucesangevines.com\\\/#website\"},\"primaryImageOfPage\":{\"@id\":\"https:\\\/\\\/www.doucesangevines.com\\\/produit\\\/lete-huile-preparatice-au-soleil\\\/#primaryimage\"},\"image\":{\"@id\":\"https:\\\/\\\/www.doucesangevines.com\\\/produit\\\/lete-huile-preparatice-au-soleil\\\/#primaryimage\"},\"thumbnailUrl\":\"https:\\\/\\\/www.doucesangevines.com\\\/wp-content\\\/uploads\\\/2022\\\/03\\\/dd.png\",\"datePublished\":\"2022-03-14T20:40:25+00:00\",\"dateModified\":\"2026-01-07T08:46:29+00:00\",\"description\":\"Pr\u00e9parez votre peau au soleil avec ce fluide bio visage et corps. Riche antioxydants, il pr\u00e9serve la jeunesse de la peau et prolonge le bronzage.\",\"breadcrumb\":{\"@id\":\"https:\\\/\\\/www.doucesangevines.com\\\/produit\\\/lete-huile-preparatice-au-soleil\\\/#breadcrumb\"},\"inLanguage\":\"en-GB\",\"potentialAction\":[{\"@type\":\"ReadAction\",\"target\":[\"https:\\\/\\\/www.doucesangevines.com\\\/produit\\\/lete-huile-preparatice-au-soleil\\\/\"]}]},{\"@type\":\"ImageObject\",\"inLanguage\":\"en-GB\",\"@id\":\"https:\\\/\\\/www.doucesangevines.com\\\/produit\\\/lete-huile-preparatice-au-soleil\\\/#primaryimage\",\"url\":\"https:\\\/\\\/www.doucesangevines.com\\\/wp-content\\\/uploads\\\/2022\\\/03\\\/dd.png\",\"contentUrl\":\"https:\\\/\\\/www.doucesangevines.com\\\/wp-content\\\/uploads\\\/2022\\\/03\\\/dd.png\",\"width\":1132,\"height\":1132},{\"@type\":\"BreadcrumbList\",\"@id\":\"https:\\\/\\\/www.doucesangevines.com\\\/produit\\\/lete-huile-preparatice-au-soleil\\\/#breadcrumb\",\"itemListElement\":[{\"@type\":\"ListItem\",\"position\":1,\"name\":\"Accueil\",\"item\":\"https:\\\/\\\/www.doucesangevines.com\\\/\"},{\"@type\":\"ListItem\",\"position\":2,\"name\":\"Boutique\",\"item\":\"https:\\\/\\\/www.doucesangevines.com\\\/boutique\\\/\"},{\"@type\":\"ListItem\",\"position\":3,\"name\":\"L&#8217;\u00c9t\u00e9\"}]},{\"@type\":\"WebSite\",\"@id\":\"https:\\\/\\\/www.doucesangevines.com\\\/#website\",\"url\":\"https:\\\/\\\/www.doucesangevines.com\\\/\",\"name\":\"Douces Angevines\",\"description\":\"Femmes Herboristes de Beaut\u00e9\",\"publisher\":{\"@id\":\"https:\\\/\\\/www.doucesangevines.com\\\/#organization\"},\"potentialAction\":[{\"@type\":\"SearchAction\",\"target\":{\"@type\":\"EntryPoint\",\"urlTemplate\":\"https:\\\/\\\/www.doucesangevines.com\\\/?s={search_term_string}\"},\"query-input\":{\"@type\":\"PropertyValueSpecification\",\"valueRequired\":true,\"valueName\":\"search_term_string\"}}],\"inLanguage\":\"en-GB\"},{\"@type\":\"Organization\",\"@id\":\"https:\\\/\\\/www.doucesangevines.com\\\/#organization\",\"name\":\"Douces Angevines\",\"url\":\"https:\\\/\\\/www.doucesangevines.com\\\/\",\"logo\":{\"@type\":\"ImageObject\",\"inLanguage\":\"en-GB\",\"@id\":\"https:\\\/\\\/www.doucesangevines.com\\\/#\\\/schema\\\/logo\\\/image\\\/\",\"url\":\"https:\\\/\\\/www.doucesangevines.com\\\/wp-content\\\/uploads\\\/2022\\\/02\\\/douces-angevines-logo-2025.svg\",\"contentUrl\":\"https:\\\/\\\/www.doucesangevines.com\\\/wp-content\\\/uploads\\\/2022\\\/02\\\/douces-angevines-logo-2025.svg\",\"caption\":\"Douces Angevines\"},\"image\":{\"@id\":\"https:\\\/\\\/www.doucesangevines.com\\\/#\\\/schema\\\/logo\\\/image\\\/\"},\"sameAs\":[\"https:\\\/\\\/fr-fr.facebook.com\\\/doucesangevines\\\/\",\"https:\\\/\\\/www.instagram.com\\\/doucesangevines\\\/\",\"https:\\\/\\\/www.youtube.com\\\/channel\\\/UCcbJc6Om9b7IZDHWj-osu6w\"]}]}<\/script>\n<!-- \/ Yoast SEO plugin. -->","yoast_head_json":{"title":"L'Et\u00e9- Preparing oil for the sun - Douces Angevines","description":"Prepare your skin for the sun with this organic face and body fluid. Rich in antioxidants, it preserves the youthfulness of the skin and prolongs the tan.","robots":{"index":"index","follow":"follow","max-snippet":"max-snippet:-1","max-image-preview":"max-image-preview:large","max-video-preview":"max-video-preview:-1"},"canonical":"https:\/\/www.doucesangevines.com\/en\/product\/ete-organic-sun-care\/","og_locale":"en_GB","og_type":"article","og_title":"L'\u00c9t\u00e9 - Huile pr\u00e9paratrice au soleil - Douces Angevines","og_description":"Pr\u00e9parez votre peau au soleil avec ce fluide bio visage et corps. Riche antioxydants, il pr\u00e9serve la jeunesse de la peau et prolonge le bronzage.","og_url":"https:\/\/www.doucesangevines.com\/en\/product\/ete-organic-sun-care\/","og_site_name":"Douces Angevines","article_publisher":"https:\/\/fr-fr.facebook.com\/doucesangevines\/","article_modified_time":"2026-01-07T08:46:29+00:00","og_image":[{"width":1132,"height":1132,"url":"https:\/\/www.doucesangevines.com\/wp-content\/uploads\/2022\/03\/dd.png","type":"image\/png"}],"twitter_card":"summary_large_image","twitter_misc":{"Estimated reading time":"1 minute"},"schema":{"@context":"https:\/\/schema.org","@graph":[{"@type":"WebPage","@id":"https:\/\/www.doucesangevines.com\/produit\/lete-huile-preparatice-au-soleil\/","url":"https:\/\/www.doucesangevines.com\/produit\/lete-huile-preparatice-au-soleil\/","name":"L'Et\u00e9- Preparing oil for the sun - Douces Angevines","isPartOf":{"@id":"https:\/\/www.doucesangevines.com\/#website"},"primaryImageOfPage":{"@id":"https:\/\/www.doucesangevines.com\/produit\/lete-huile-preparatice-au-soleil\/#primaryimage"},"image":{"@id":"https:\/\/www.doucesangevines.com\/produit\/lete-huile-preparatice-au-soleil\/#primaryimage"},"thumbnailUrl":"https:\/\/www.doucesangevines.com\/wp-content\/uploads\/2022\/03\/dd.png","datePublished":"2022-03-14T20:40:25+00:00","dateModified":"2026-01-07T08:46:29+00:00","description":"Prepare your skin for the sun with this organic face and body fluid. Rich in antioxidants, it preserves the youthfulness of the skin and prolongs the tan.","breadcrumb":{"@id":"https:\/\/www.doucesangevines.com\/produit\/lete-huile-preparatice-au-soleil\/#breadcrumb"},"inLanguage":"en-GB","potentialAction":[{"@type":"ReadAction","target":["https:\/\/www.doucesangevines.com\/produit\/lete-huile-preparatice-au-soleil\/"]}]},{"@type":"ImageObject","inLanguage":"en-GB","@id":"https:\/\/www.doucesangevines.com\/produit\/lete-huile-preparatice-au-soleil\/#primaryimage","url":"https:\/\/www.doucesangevines.com\/wp-content\/uploads\/2022\/03\/dd.png","contentUrl":"https:\/\/www.doucesangevines.com\/wp-content\/uploads\/2022\/03\/dd.png","width":1132,"height":1132},{"@type":"BreadcrumbList","@id":"https:\/\/www.doucesangevines.com\/produit\/lete-huile-preparatice-au-soleil\/#breadcrumb","itemListElement":[{"@type":"ListItem","position":1,"name":"Accueil","item":"https:\/\/www.doucesangevines.com\/"},{"@type":"ListItem","position":2,"name":"Boutique","item":"https:\/\/www.doucesangevines.com\/boutique\/"},{"@type":"ListItem","position":3,"name":"L&#8217;\u00c9t\u00e9"}]},{"@type":"WebSite","@id":"https:\/\/www.doucesangevines.com\/#website","url":"https:\/\/www.doucesangevines.com\/","name":"Douces Angevines","description":"Women Beauty Herbalists","publisher":{"@id":"https:\/\/www.doucesangevines.com\/#organization"},"potentialAction":[{"@type":"SearchAction","target":{"@type":"EntryPoint","urlTemplate":"https:\/\/www.doucesangevines.com\/?s={search_term_string}"},"query-input":{"@type":"PropertyValueSpecification","valueRequired":true,"valueName":"search_term_string"}}],"inLanguage":"en-GB"},{"@type":"Organization","@id":"https:\/\/www.doucesangevines.com\/#organization","name":"Douces Angevines","url":"https:\/\/www.doucesangevines.com\/","logo":{"@type":"ImageObject","inLanguage":"en-GB","@id":"https:\/\/www.doucesangevines.com\/#\/schema\/logo\/image\/","url":"https:\/\/www.doucesangevines.com\/wp-content\/uploads\/2022\/02\/douces-angevines-logo-2025.svg","contentUrl":"https:\/\/www.doucesangevines.com\/wp-content\/uploads\/2022\/02\/douces-angevines-logo-2025.svg","caption":"Douces Angevines"},"image":{"@id":"https:\/\/www.doucesangevines.com\/#\/schema\/logo\/image\/"},"sameAs":["https:\/\/fr-fr.facebook.com\/doucesangevines\/","https:\/\/www.instagram.com\/doucesangevines\/","https:\/\/www.youtube.com\/channel\/UCcbJc6Om9b7IZDHWj-osu6w"]}]}},"_links":{"self":[{"href":"https:\/\/www.doucesangevines.com\/en\/wp-json\/wp\/v2\/product\/2705","targetHints":{"allow":["GET"]}}],"collection":[{"href":"https:\/\/www.doucesangevines.com\/en\/wp-json\/wp\/v2\/product"}],"about":[{"href":"https:\/\/www.doucesangevines.com\/en\/wp-json\/wp\/v2\/types\/product"}],"wp:featuredmedia":[{"embeddable":true,"href":"https:\/\/www.doucesangevines.com\/en\/wp-json\/wp\/v2\/media\/18221"}],"wp:attachment":[{"href":"https:\/\/www.doucesangevines.com\/en\/wp-json\/wp\/v2\/media?parent=2705"}],"wp:term":[{"taxonomy":"product_featurescat","embeddable":true,"href":"https:\/\/www.doucesangevines.com\/en\/wp-json\/wp\/v2\/product_featurescat?post=2705"},{"taxonomy":"product_brand","embeddable":true,"href":"https:\/\/www.doucesangevines.com\/en\/wp-json\/wp\/v2\/product_brand?post=2705"},{"taxonomy":"product_cat","embeddable":true,"href":"https:\/\/www.doucesangevines.com\/en\/wp-json\/wp\/v2\/product_cat?post=2705"},{"taxonomy":"product_tag","embeddable":true,"href":"https:\/\/www.doucesangevines.com\/en\/wp-json\/wp\/v2\/product_tag?post=2705"}],"curies":[{"name":"wp","href":"https:\/\/api.w.org\/{rel}","templated":true}]}}