{"id":2706,"date":"2022-03-14T21:40:25","date_gmt":"2022-03-14T20:40:25","guid":{"rendered":"http:\/\/doucesangevines.com\/produit\/apres-le-soleil\/"},"modified":"2026-01-07T09:46:58","modified_gmt":"2026-01-07T08:46:58","slug":"apres-le-soleil-fuide-reparateur-et-apaisant","status":"publish","type":"product","link":"https:\/\/www.doucesangevines.com\/en\/product\/apres-le-soleil-organic-sun-care\/","title":{"rendered":"Apr\u00e8s le Soleil"},"content":{"rendered":"<p>After the Sun is a soothing and refreshing body fluid that calms overheated skin and promotes skin regeneration.<br \/>\nThis fluid is suitable for all skin types. Ideal in summer after sun exposure, it should be used preferably in the evening (see \u201cInitiation\u201d for application advice).<\/p>\n<p>En saison hivernale, ce fluide est id\u00e9al pour les peaux expos\u00e9es aux vents froids ou alors apr\u00e8s les sessions de ski !<\/p>\n<p>Plant friends generously offer their virtues and their precious actions:<br \/>\nThe maceration of wild St. John&#039;s Wort from the heights of Soucelles, the most famous anti-inflammatory, is perfect for soothing sunburn. It calms redness and promotes tissue repair.<br \/>\nBenzoin from Laos has a strong antioxidant and healing action.<br \/>\nA synergy of particularly light and refreshing essential oils completes the composition of this fluid.<\/p>","protected":false},"excerpt":{"rendered":"<p>A real thirst-quencher for thirsty and stressed skin, this wonderful after-sun fluid refreshes and revitalizes generously. Rich in wild plant extracts, it enhances tanning and prevents skin aging.<\/p>","protected":false},"featured_media":18231,"template":"","meta":{"_acf_changed":false},"product_featurescat":[],"product_brand":[],"product_cat":[95,96],"product_tag":[],"class_list":{"0":"post-2706","1":"product","2":"type-product","3":"status-publish","4":"has-post-thumbnail","6":"product_cat-visage","7":"product_cat-corps","8":"pa_collections-compagnons-du-soleil","9":"pa_preoccupation-corps-secheresse","10":"pa_preoccupation-visage-sensibilites-rougeurs","11":"pa_preoccupation-visage-secheresse","12":"pa_preoccupation-visage-deshydratation","13":"pa_saison-printemps","14":"pa_saison-ete","15":"pa_type-de-peau-seche","16":"pa_type-de-peau-normale","17":"pa_type-de-peau-mixte","18":"pa_type-de-soin-soins-solaires-bio","19":"pa_type-de-soin-huiles-de-soins","21":"first","22":"instock","23":"taxable","24":"shipping-taxable","25":"purchasable","26":"product-type-simple"},"acf":[],"yoast_head":"<!-- This site is optimized with the Yoast SEO plugin v27.5 - https:\/\/yoast.com\/product\/yoast-seo-wordpress\/ -->\n<title>Apr\u00e8s le Soleil - Fluide r\u00e9parateur &amp; apaisant - Douces Angevines<\/title>\n<meta name=\"description\" content=\"Riche en plantes sauvages, ce soin bio apr\u00e8s-soleil calme les coups de soleil, prolonge le bronzage et pr\u00e9serve la jeunesse de la peau.\" \/>\n<meta name=\"robots\" content=\"index, follow, max-snippet:-1, max-image-preview:large, max-video-preview:-1\" \/>\n<link rel=\"canonical\" href=\"https:\/\/www.doucesangevines.com\/en\/product\/apres-le-soleil-organic-sun-care\/\" \/>\n<meta property=\"og:locale\" content=\"en_GB\" \/>\n<meta property=\"og:type\" content=\"article\" \/>\n<meta property=\"og:title\" content=\"Apr\u00e8s le Soleil - Fluide r\u00e9parateur &amp; apaisant - Douces Angevines\" \/>\n<meta property=\"og:description\" content=\"Riche en plantes sauvages, ce soin bio apr\u00e8s-soleil calme les coups de soleil, prolonge le bronzage et pr\u00e9serve la jeunesse de la peau.\" \/>\n<meta property=\"og:url\" content=\"https:\/\/www.doucesangevines.com\/en\/product\/apres-le-soleil-organic-sun-care\/\" \/>\n<meta property=\"og:site_name\" content=\"Douces Angevines\" \/>\n<meta property=\"article:publisher\" content=\"https:\/\/fr-fr.facebook.com\/doucesangevines\/\" \/>\n<meta property=\"article:modified_time\" content=\"2026-01-07T08:46:58+00:00\" \/>\n<meta property=\"og:image\" content=\"https:\/\/www.doucesangevines.com\/wp-content\/uploads\/2022\/03\/Apres-le-soleil-site.png\" \/>\n\t<meta property=\"og:image:width\" content=\"1132\" \/>\n\t<meta property=\"og:image:height\" content=\"1132\" \/>\n\t<meta property=\"og:image:type\" content=\"image\/png\" \/>\n<meta name=\"twitter:card\" content=\"summary_large_image\" \/>\n<meta name=\"twitter:label1\" content=\"Estimated reading time\" \/>\n\t<meta name=\"twitter:data1\" content=\"1 minute\" \/>\n<script type=\"application\/ld+json\" class=\"yoast-schema-graph\">{\"@context\":\"https:\\\/\\\/schema.org\",\"@graph\":[{\"@type\":\"WebPage\",\"@id\":\"https:\\\/\\\/www.doucesangevines.com\\\/produit\\\/apres-le-soleil-fuide-reparateur-et-apaisant\\\/\",\"url\":\"https:\\\/\\\/www.doucesangevines.com\\\/produit\\\/apres-le-soleil-fuide-reparateur-et-apaisant\\\/\",\"name\":\"Apr\u00e8s le Soleil - Fluide r\u00e9parateur & apaisant - Douces Angevines\",\"isPartOf\":{\"@id\":\"https:\\\/\\\/www.doucesangevines.com\\\/#website\"},\"primaryImageOfPage\":{\"@id\":\"https:\\\/\\\/www.doucesangevines.com\\\/produit\\\/apres-le-soleil-fuide-reparateur-et-apaisant\\\/#primaryimage\"},\"image\":{\"@id\":\"https:\\\/\\\/www.doucesangevines.com\\\/produit\\\/apres-le-soleil-fuide-reparateur-et-apaisant\\\/#primaryimage\"},\"thumbnailUrl\":\"https:\\\/\\\/www.doucesangevines.com\\\/wp-content\\\/uploads\\\/2022\\\/03\\\/Apres-le-soleil-site.png\",\"datePublished\":\"2022-03-14T20:40:25+00:00\",\"dateModified\":\"2026-01-07T08:46:58+00:00\",\"description\":\"Riche en plantes sauvages, ce soin bio apr\u00e8s-soleil calme les coups de soleil, prolonge le bronzage et pr\u00e9serve la jeunesse de la peau.\",\"breadcrumb\":{\"@id\":\"https:\\\/\\\/www.doucesangevines.com\\\/produit\\\/apres-le-soleil-fuide-reparateur-et-apaisant\\\/#breadcrumb\"},\"inLanguage\":\"en-GB\",\"potentialAction\":[{\"@type\":\"ReadAction\",\"target\":[\"https:\\\/\\\/www.doucesangevines.com\\\/produit\\\/apres-le-soleil-fuide-reparateur-et-apaisant\\\/\"]}]},{\"@type\":\"ImageObject\",\"inLanguage\":\"en-GB\",\"@id\":\"https:\\\/\\\/www.doucesangevines.com\\\/produit\\\/apres-le-soleil-fuide-reparateur-et-apaisant\\\/#primaryimage\",\"url\":\"https:\\\/\\\/www.doucesangevines.com\\\/wp-content\\\/uploads\\\/2022\\\/03\\\/Apres-le-soleil-site.png\",\"contentUrl\":\"https:\\\/\\\/www.doucesangevines.com\\\/wp-content\\\/uploads\\\/2022\\\/03\\\/Apres-le-soleil-site.png\",\"width\":1132,\"height\":1132},{\"@type\":\"BreadcrumbList\",\"@id\":\"https:\\\/\\\/www.doucesangevines.com\\\/produit\\\/apres-le-soleil-fuide-reparateur-et-apaisant\\\/#breadcrumb\",\"itemListElement\":[{\"@type\":\"ListItem\",\"position\":1,\"name\":\"Accueil\",\"item\":\"https:\\\/\\\/www.doucesangevines.com\\\/\"},{\"@type\":\"ListItem\",\"position\":2,\"name\":\"Boutique\",\"item\":\"https:\\\/\\\/www.doucesangevines.com\\\/boutique\\\/\"},{\"@type\":\"ListItem\",\"position\":3,\"name\":\"Apr\u00e8s le Soleil\"}]},{\"@type\":\"WebSite\",\"@id\":\"https:\\\/\\\/www.doucesangevines.com\\\/#website\",\"url\":\"https:\\\/\\\/www.doucesangevines.com\\\/\",\"name\":\"Douces Angevines\",\"description\":\"Femmes Herboristes de Beaut\u00e9\",\"publisher\":{\"@id\":\"https:\\\/\\\/www.doucesangevines.com\\\/#organization\"},\"potentialAction\":[{\"@type\":\"SearchAction\",\"target\":{\"@type\":\"EntryPoint\",\"urlTemplate\":\"https:\\\/\\\/www.doucesangevines.com\\\/?s={search_term_string}\"},\"query-input\":{\"@type\":\"PropertyValueSpecification\",\"valueRequired\":true,\"valueName\":\"search_term_string\"}}],\"inLanguage\":\"en-GB\"},{\"@type\":\"Organization\",\"@id\":\"https:\\\/\\\/www.doucesangevines.com\\\/#organization\",\"name\":\"Douces Angevines\",\"url\":\"https:\\\/\\\/www.doucesangevines.com\\\/\",\"logo\":{\"@type\":\"ImageObject\",\"inLanguage\":\"en-GB\",\"@id\":\"https:\\\/\\\/www.doucesangevines.com\\\/#\\\/schema\\\/logo\\\/image\\\/\",\"url\":\"https:\\\/\\\/www.doucesangevines.com\\\/wp-content\\\/uploads\\\/2022\\\/02\\\/douces-angevines-logo-2025.svg\",\"contentUrl\":\"https:\\\/\\\/www.doucesangevines.com\\\/wp-content\\\/uploads\\\/2022\\\/02\\\/douces-angevines-logo-2025.svg\",\"caption\":\"Douces Angevines\"},\"image\":{\"@id\":\"https:\\\/\\\/www.doucesangevines.com\\\/#\\\/schema\\\/logo\\\/image\\\/\"},\"sameAs\":[\"https:\\\/\\\/fr-fr.facebook.com\\\/doucesangevines\\\/\",\"https:\\\/\\\/www.instagram.com\\\/doucesangevines\\\/\",\"https:\\\/\\\/www.youtube.com\\\/channel\\\/UCcbJc6Om9b7IZDHWj-osu6w\"]}]}<\/script>\n<!-- \/ Yoast SEO plugin. -->","yoast_head_json":{"title":"After the Sun - Repairing &amp; soothing fluid - Douces Angevines","description":"Rich in wild plants, this organic after-sun treatment soothes sunburn, prolongs the tan and preserves the youthfulness of the skin.","robots":{"index":"index","follow":"follow","max-snippet":"max-snippet:-1","max-image-preview":"max-image-preview:large","max-video-preview":"max-video-preview:-1"},"canonical":"https:\/\/www.doucesangevines.com\/en\/product\/apres-le-soleil-organic-sun-care\/","og_locale":"en_GB","og_type":"article","og_title":"Apr\u00e8s le Soleil - Fluide r\u00e9parateur & apaisant - Douces Angevines","og_description":"Riche en plantes sauvages, ce soin bio apr\u00e8s-soleil calme les coups de soleil, prolonge le bronzage et pr\u00e9serve la jeunesse de la peau.","og_url":"https:\/\/www.doucesangevines.com\/en\/product\/apres-le-soleil-organic-sun-care\/","og_site_name":"Douces Angevines","article_publisher":"https:\/\/fr-fr.facebook.com\/doucesangevines\/","article_modified_time":"2026-01-07T08:46:58+00:00","og_image":[{"width":1132,"height":1132,"url":"https:\/\/www.doucesangevines.com\/wp-content\/uploads\/2022\/03\/Apres-le-soleil-site.png","type":"image\/png"}],"twitter_card":"summary_large_image","twitter_misc":{"Estimated reading time":"1 minute"},"schema":{"@context":"https:\/\/schema.org","@graph":[{"@type":"WebPage","@id":"https:\/\/www.doucesangevines.com\/produit\/apres-le-soleil-fuide-reparateur-et-apaisant\/","url":"https:\/\/www.doucesangevines.com\/produit\/apres-le-soleil-fuide-reparateur-et-apaisant\/","name":"After the Sun - Repairing &amp; soothing fluid - Douces Angevines","isPartOf":{"@id":"https:\/\/www.doucesangevines.com\/#website"},"primaryImageOfPage":{"@id":"https:\/\/www.doucesangevines.com\/produit\/apres-le-soleil-fuide-reparateur-et-apaisant\/#primaryimage"},"image":{"@id":"https:\/\/www.doucesangevines.com\/produit\/apres-le-soleil-fuide-reparateur-et-apaisant\/#primaryimage"},"thumbnailUrl":"https:\/\/www.doucesangevines.com\/wp-content\/uploads\/2022\/03\/Apres-le-soleil-site.png","datePublished":"2022-03-14T20:40:25+00:00","dateModified":"2026-01-07T08:46:58+00:00","description":"Rich in wild plants, this organic after-sun treatment soothes sunburn, prolongs the tan and preserves the youthfulness of the skin.","breadcrumb":{"@id":"https:\/\/www.doucesangevines.com\/produit\/apres-le-soleil-fuide-reparateur-et-apaisant\/#breadcrumb"},"inLanguage":"en-GB","potentialAction":[{"@type":"ReadAction","target":["https:\/\/www.doucesangevines.com\/produit\/apres-le-soleil-fuide-reparateur-et-apaisant\/"]}]},{"@type":"ImageObject","inLanguage":"en-GB","@id":"https:\/\/www.doucesangevines.com\/produit\/apres-le-soleil-fuide-reparateur-et-apaisant\/#primaryimage","url":"https:\/\/www.doucesangevines.com\/wp-content\/uploads\/2022\/03\/Apres-le-soleil-site.png","contentUrl":"https:\/\/www.doucesangevines.com\/wp-content\/uploads\/2022\/03\/Apres-le-soleil-site.png","width":1132,"height":1132},{"@type":"BreadcrumbList","@id":"https:\/\/www.doucesangevines.com\/produit\/apres-le-soleil-fuide-reparateur-et-apaisant\/#breadcrumb","itemListElement":[{"@type":"ListItem","position":1,"name":"Accueil","item":"https:\/\/www.doucesangevines.com\/"},{"@type":"ListItem","position":2,"name":"Boutique","item":"https:\/\/www.doucesangevines.com\/boutique\/"},{"@type":"ListItem","position":3,"name":"Apr\u00e8s le Soleil"}]},{"@type":"WebSite","@id":"https:\/\/www.doucesangevines.com\/#website","url":"https:\/\/www.doucesangevines.com\/","name":"Douces Angevines","description":"Women Beauty Herbalists","publisher":{"@id":"https:\/\/www.doucesangevines.com\/#organization"},"potentialAction":[{"@type":"SearchAction","target":{"@type":"EntryPoint","urlTemplate":"https:\/\/www.doucesangevines.com\/?s={search_term_string}"},"query-input":{"@type":"PropertyValueSpecification","valueRequired":true,"valueName":"search_term_string"}}],"inLanguage":"en-GB"},{"@type":"Organization","@id":"https:\/\/www.doucesangevines.com\/#organization","name":"Douces Angevines","url":"https:\/\/www.doucesangevines.com\/","logo":{"@type":"ImageObject","inLanguage":"en-GB","@id":"https:\/\/www.doucesangevines.com\/#\/schema\/logo\/image\/","url":"https:\/\/www.doucesangevines.com\/wp-content\/uploads\/2022\/02\/douces-angevines-logo-2025.svg","contentUrl":"https:\/\/www.doucesangevines.com\/wp-content\/uploads\/2022\/02\/douces-angevines-logo-2025.svg","caption":"Douces Angevines"},"image":{"@id":"https:\/\/www.doucesangevines.com\/#\/schema\/logo\/image\/"},"sameAs":["https:\/\/fr-fr.facebook.com\/doucesangevines\/","https:\/\/www.instagram.com\/doucesangevines\/","https:\/\/www.youtube.com\/channel\/UCcbJc6Om9b7IZDHWj-osu6w"]}]}},"_links":{"self":[{"href":"https:\/\/www.doucesangevines.com\/en\/wp-json\/wp\/v2\/product\/2706","targetHints":{"allow":["GET"]}}],"collection":[{"href":"https:\/\/www.doucesangevines.com\/en\/wp-json\/wp\/v2\/product"}],"about":[{"href":"https:\/\/www.doucesangevines.com\/en\/wp-json\/wp\/v2\/types\/product"}],"wp:featuredmedia":[{"embeddable":true,"href":"https:\/\/www.doucesangevines.com\/en\/wp-json\/wp\/v2\/media\/18231"}],"wp:attachment":[{"href":"https:\/\/www.doucesangevines.com\/en\/wp-json\/wp\/v2\/media?parent=2706"}],"wp:term":[{"taxonomy":"product_featurescat","embeddable":true,"href":"https:\/\/www.doucesangevines.com\/en\/wp-json\/wp\/v2\/product_featurescat?post=2706"},{"taxonomy":"product_brand","embeddable":true,"href":"https:\/\/www.doucesangevines.com\/en\/wp-json\/wp\/v2\/product_brand?post=2706"},{"taxonomy":"product_cat","embeddable":true,"href":"https:\/\/www.doucesangevines.com\/en\/wp-json\/wp\/v2\/product_cat?post=2706"},{"taxonomy":"product_tag","embeddable":true,"href":"https:\/\/www.doucesangevines.com\/en\/wp-json\/wp\/v2\/product_tag?post=2706"}],"curies":[{"name":"wp","href":"https:\/\/api.w.org\/{rel}","templated":true}]}}