{"id":2708,"date":"2022-03-14T21:40:26","date_gmt":"2022-03-14T20:40:26","guid":{"rendered":"http:\/\/doucesangevines.com\/produit\/au-bord-de-la-riviere-shampooing-solide\/"},"modified":"2026-03-10T11:26:17","modified_gmt":"2026-03-10T10:26:17","slug":"au-bord-de-la-riviere-shampooing-solide","status":"publish","type":"product","link":"https:\/\/www.doucesangevines.com\/en\/product\/au-bord-de-la-riviere-solid-shampoo\/","title":{"rendered":"Au bord de la Rivi\u00e8re \u2013 solid shampoo"},"content":{"rendered":"<div class=\"wpb-content-wrapper\"><div data-parent=\"true\" class=\"vc_row row-container\" id=\"row-unique-0\"><div class=\"row limit-width row-parent\"><div class=\"wpb_row row-inner\"><div class=\"wpb_column pos-top pos-center align_left column_parent col-lg-12 single-internal-gutter\"><div class=\"uncol style-light\"  ><div class=\"uncoltable\"><div class=\"uncell no-block-padding\" ><div class=\"uncont\"><div class=\"uncode_text_column\" ><p>La saponification \u00e0 froid pr\u00e9serve la puret\u00e9 et les vertus des pr\u00e9cieux ingr\u00e9dients, et rend ce shampooing solide naturellement riche en glyc\u00e9rine v\u00e9g\u00e9tale hydratante.<br \/>\nWe have chosen a generous formulation of high quality organic 100% nourishing vegetable oils, carefully selected: Coconut, Shea, Olive, and Castor which has a fortifying action on the hair and promotes hair growth.<br \/>\nNo palm oil or animal fat.<br \/>\nUne fine synergie d&#8217;huiles essentielles finement dos\u00e9es, dont Le Pamplemousse, la Marjolaine, la Mandarine verte&#8230;<\/p>\n<\/div><\/div><\/div><\/div><\/div><\/div><script id=\"script-row-unique-0\" data-row=\"script-row-unique-0\" type=\"text\/javascript\" class=\"vc_controls\">UNCODE.initRow(document.getElementById(\"row-unique-0\"));<\/script><\/div><\/div><\/div>\n<\/div>","protected":false},"excerpt":{"rendered":"<p>For all hair types, very respectful of the skin and scalp, this solid shampoo gently cleanses while providing strength and shine to the hair. Its scent of herbs and citrus takes you to the heart of an enchanted river.<\/p>","protected":false},"featured_media":4305,"template":"","meta":{"_acf_changed":false},"product_featurescat":[],"product_brand":[],"product_cat":[105],"product_tag":[190],"class_list":{"0":"post-2708","1":"product","2":"type-product","3":"status-publish","4":"has-post-thumbnail","6":"product_cat-cheveux","7":"product_tag-favoris","8":"pa_collections-bain-de-fees","9":"pa_saison-ete","10":"pa_saison-toute-saison","11":"pa_type-de-soin-bain-douche","12":"pa_type-de-soin-shampooings","14":"first","15":"instock","16":"taxable","17":"shipping-taxable","18":"purchasable","19":"product-type-simple"},"acf":[],"yoast_head":"<!-- This site is optimized with the Yoast SEO plugin v27.4 - https:\/\/yoast.com\/product\/yoast-seo-wordpress\/ -->\n<title>Au bord de la Rivi\u00e8re - shampooing solide - Douces Angevines<\/title>\n<meta name=\"description\" content=\"Shampooing solide bio, doux, au d\u00e9licieux parfum d&#039;herbes fra\u00eeches et d&#039;Agrumes. Pour tous types de cheveux.\" \/>\n<meta name=\"robots\" content=\"index, follow, max-snippet:-1, max-image-preview:large, max-video-preview:-1\" \/>\n<link rel=\"canonical\" href=\"https:\/\/www.doucesangevines.com\/en\/product\/au-bord-de-la-riviere-solid-shampoo\/\" \/>\n<meta property=\"og:locale\" content=\"en_GB\" \/>\n<meta property=\"og:type\" content=\"article\" \/>\n<meta property=\"og:title\" content=\"Au bord de la Rivi\u00e8re - shampooing solide - Douces Angevines\" \/>\n<meta property=\"og:description\" content=\"Shampooing solide bio, doux, au d\u00e9licieux parfum d&#039;herbes fra\u00eeches et d&#039;Agrumes. Pour tous types de cheveux.\" \/>\n<meta property=\"og:url\" content=\"https:\/\/www.doucesangevines.com\/en\/product\/au-bord-de-la-riviere-solid-shampoo\/\" \/>\n<meta property=\"og:site_name\" content=\"Douces Angevines\" \/>\n<meta property=\"article:publisher\" content=\"https:\/\/fr-fr.facebook.com\/doucesangevines\/\" \/>\n<meta property=\"article:modified_time\" content=\"2026-03-10T10:26:17+00:00\" \/>\n<meta property=\"og:image\" content=\"https:\/\/www.doucesangevines.com\/wp-content\/uploads\/2022\/06\/Au_Bord_de_la_Riviere_shampooing_solide.png\" \/>\n\t<meta property=\"og:image:width\" content=\"1132\" \/>\n\t<meta property=\"og:image:height\" content=\"1132\" \/>\n\t<meta property=\"og:image:type\" content=\"image\/png\" \/>\n<meta name=\"twitter:card\" content=\"summary_large_image\" \/>\n<meta name=\"twitter:label1\" content=\"Estimated reading time\" \/>\n\t<meta name=\"twitter:data1\" content=\"1 minute\" \/>\n<script type=\"application\/ld+json\" class=\"yoast-schema-graph\">{\"@context\":\"https:\\\/\\\/schema.org\",\"@graph\":[{\"@type\":\"WebPage\",\"@id\":\"https:\\\/\\\/www.doucesangevines.com\\\/produit\\\/au-bord-de-la-riviere-shampooing-solide\\\/\",\"url\":\"https:\\\/\\\/www.doucesangevines.com\\\/produit\\\/au-bord-de-la-riviere-shampooing-solide\\\/\",\"name\":\"Au bord de la Rivi\u00e8re - shampooing solide - Douces Angevines\",\"isPartOf\":{\"@id\":\"https:\\\/\\\/www.doucesangevines.com\\\/#website\"},\"primaryImageOfPage\":{\"@id\":\"https:\\\/\\\/www.doucesangevines.com\\\/produit\\\/au-bord-de-la-riviere-shampooing-solide\\\/#primaryimage\"},\"image\":{\"@id\":\"https:\\\/\\\/www.doucesangevines.com\\\/produit\\\/au-bord-de-la-riviere-shampooing-solide\\\/#primaryimage\"},\"thumbnailUrl\":\"https:\\\/\\\/www.doucesangevines.com\\\/wp-content\\\/uploads\\\/2022\\\/06\\\/Au_Bord_de_la_Riviere_shampooing_solide.png\",\"datePublished\":\"2022-03-14T20:40:26+00:00\",\"dateModified\":\"2026-03-10T10:26:17+00:00\",\"description\":\"Shampooing solide bio, doux, au d\u00e9licieux parfum d'herbes fra\u00eeches et d'Agrumes. Pour tous types de cheveux.\",\"breadcrumb\":{\"@id\":\"https:\\\/\\\/www.doucesangevines.com\\\/produit\\\/au-bord-de-la-riviere-shampooing-solide\\\/#breadcrumb\"},\"inLanguage\":\"en-GB\",\"potentialAction\":[{\"@type\":\"ReadAction\",\"target\":[\"https:\\\/\\\/www.doucesangevines.com\\\/produit\\\/au-bord-de-la-riviere-shampooing-solide\\\/\"]}]},{\"@type\":\"ImageObject\",\"inLanguage\":\"en-GB\",\"@id\":\"https:\\\/\\\/www.doucesangevines.com\\\/produit\\\/au-bord-de-la-riviere-shampooing-solide\\\/#primaryimage\",\"url\":\"https:\\\/\\\/www.doucesangevines.com\\\/wp-content\\\/uploads\\\/2022\\\/06\\\/Au_Bord_de_la_Riviere_shampooing_solide.png\",\"contentUrl\":\"https:\\\/\\\/www.doucesangevines.com\\\/wp-content\\\/uploads\\\/2022\\\/06\\\/Au_Bord_de_la_Riviere_shampooing_solide.png\",\"width\":1132,\"height\":1132,\"caption\":\"Au Bord de la Rivi\u00e8re shampooing solide bio - Douces Angevines\"},{\"@type\":\"BreadcrumbList\",\"@id\":\"https:\\\/\\\/www.doucesangevines.com\\\/produit\\\/au-bord-de-la-riviere-shampooing-solide\\\/#breadcrumb\",\"itemListElement\":[{\"@type\":\"ListItem\",\"position\":1,\"name\":\"Accueil\",\"item\":\"https:\\\/\\\/www.doucesangevines.com\\\/\"},{\"@type\":\"ListItem\",\"position\":2,\"name\":\"Boutique\",\"item\":\"https:\\\/\\\/www.doucesangevines.com\\\/boutique\\\/\"},{\"@type\":\"ListItem\",\"position\":3,\"name\":\"Au bord de la Rivi\u00e8re &#8211; shampooing solide\"}]},{\"@type\":\"WebSite\",\"@id\":\"https:\\\/\\\/www.doucesangevines.com\\\/#website\",\"url\":\"https:\\\/\\\/www.doucesangevines.com\\\/\",\"name\":\"Douces Angevines\",\"description\":\"Femmes Herboristes de Beaut\u00e9\",\"publisher\":{\"@id\":\"https:\\\/\\\/www.doucesangevines.com\\\/#organization\"},\"potentialAction\":[{\"@type\":\"SearchAction\",\"target\":{\"@type\":\"EntryPoint\",\"urlTemplate\":\"https:\\\/\\\/www.doucesangevines.com\\\/?s={search_term_string}\"},\"query-input\":{\"@type\":\"PropertyValueSpecification\",\"valueRequired\":true,\"valueName\":\"search_term_string\"}}],\"inLanguage\":\"en-GB\"},{\"@type\":\"Organization\",\"@id\":\"https:\\\/\\\/www.doucesangevines.com\\\/#organization\",\"name\":\"Douces Angevines\",\"url\":\"https:\\\/\\\/www.doucesangevines.com\\\/\",\"logo\":{\"@type\":\"ImageObject\",\"inLanguage\":\"en-GB\",\"@id\":\"https:\\\/\\\/www.doucesangevines.com\\\/#\\\/schema\\\/logo\\\/image\\\/\",\"url\":\"https:\\\/\\\/www.doucesangevines.com\\\/wp-content\\\/uploads\\\/2022\\\/02\\\/douces-angevines-logo-2025.svg\",\"contentUrl\":\"https:\\\/\\\/www.doucesangevines.com\\\/wp-content\\\/uploads\\\/2022\\\/02\\\/douces-angevines-logo-2025.svg\",\"caption\":\"Douces Angevines\"},\"image\":{\"@id\":\"https:\\\/\\\/www.doucesangevines.com\\\/#\\\/schema\\\/logo\\\/image\\\/\"},\"sameAs\":[\"https:\\\/\\\/fr-fr.facebook.com\\\/doucesangevines\\\/\",\"https:\\\/\\\/www.instagram.com\\\/doucesangevines\\\/\",\"https:\\\/\\\/www.youtube.com\\\/channel\\\/UCcbJc6Om9b7IZDHWj-osu6w\"]}]}<\/script>\n<!-- \/ Yoast SEO plugin. -->","yoast_head_json":{"title":"Au bord de la Rivi\u00e8re - solid shampoo - Douces Angevines","description":"Shampooing solide bio, doux, au d\u00e9licieux parfum d'herbes fra\u00eeches et d'Agrumes. Pour tous types de cheveux.","robots":{"index":"index","follow":"follow","max-snippet":"max-snippet:-1","max-image-preview":"max-image-preview:large","max-video-preview":"max-video-preview:-1"},"canonical":"https:\/\/www.doucesangevines.com\/en\/product\/au-bord-de-la-riviere-solid-shampoo\/","og_locale":"en_GB","og_type":"article","og_title":"Au bord de la Rivi\u00e8re - shampooing solide - Douces Angevines","og_description":"Shampooing solide bio, doux, au d\u00e9licieux parfum d'herbes fra\u00eeches et d'Agrumes. Pour tous types de cheveux.","og_url":"https:\/\/www.doucesangevines.com\/en\/product\/au-bord-de-la-riviere-solid-shampoo\/","og_site_name":"Douces Angevines","article_publisher":"https:\/\/fr-fr.facebook.com\/doucesangevines\/","article_modified_time":"2026-03-10T10:26:17+00:00","og_image":[{"width":1132,"height":1132,"url":"https:\/\/www.doucesangevines.com\/wp-content\/uploads\/2022\/06\/Au_Bord_de_la_Riviere_shampooing_solide.png","type":"image\/png"}],"twitter_card":"summary_large_image","twitter_misc":{"Estimated reading time":"1 minute"},"schema":{"@context":"https:\/\/schema.org","@graph":[{"@type":"WebPage","@id":"https:\/\/www.doucesangevines.com\/produit\/au-bord-de-la-riviere-shampooing-solide\/","url":"https:\/\/www.doucesangevines.com\/produit\/au-bord-de-la-riviere-shampooing-solide\/","name":"Au bord de la Rivi\u00e8re - solid shampoo - Douces Angevines","isPartOf":{"@id":"https:\/\/www.doucesangevines.com\/#website"},"primaryImageOfPage":{"@id":"https:\/\/www.doucesangevines.com\/produit\/au-bord-de-la-riviere-shampooing-solide\/#primaryimage"},"image":{"@id":"https:\/\/www.doucesangevines.com\/produit\/au-bord-de-la-riviere-shampooing-solide\/#primaryimage"},"thumbnailUrl":"https:\/\/www.doucesangevines.com\/wp-content\/uploads\/2022\/06\/Au_Bord_de_la_Riviere_shampooing_solide.png","datePublished":"2022-03-14T20:40:26+00:00","dateModified":"2026-03-10T10:26:17+00:00","description":"Shampooing solide bio, doux, au d\u00e9licieux parfum d'herbes fra\u00eeches et d'Agrumes. Pour tous types de cheveux.","breadcrumb":{"@id":"https:\/\/www.doucesangevines.com\/produit\/au-bord-de-la-riviere-shampooing-solide\/#breadcrumb"},"inLanguage":"en-GB","potentialAction":[{"@type":"ReadAction","target":["https:\/\/www.doucesangevines.com\/produit\/au-bord-de-la-riviere-shampooing-solide\/"]}]},{"@type":"ImageObject","inLanguage":"en-GB","@id":"https:\/\/www.doucesangevines.com\/produit\/au-bord-de-la-riviere-shampooing-solide\/#primaryimage","url":"https:\/\/www.doucesangevines.com\/wp-content\/uploads\/2022\/06\/Au_Bord_de_la_Riviere_shampooing_solide.png","contentUrl":"https:\/\/www.doucesangevines.com\/wp-content\/uploads\/2022\/06\/Au_Bord_de_la_Riviere_shampooing_solide.png","width":1132,"height":1132,"caption":"Au Bord de la Rivi\u00e8re shampooing solide bio - Douces Angevines"},{"@type":"BreadcrumbList","@id":"https:\/\/www.doucesangevines.com\/produit\/au-bord-de-la-riviere-shampooing-solide\/#breadcrumb","itemListElement":[{"@type":"ListItem","position":1,"name":"Accueil","item":"https:\/\/www.doucesangevines.com\/"},{"@type":"ListItem","position":2,"name":"Boutique","item":"https:\/\/www.doucesangevines.com\/boutique\/"},{"@type":"ListItem","position":3,"name":"Au bord de la Rivi\u00e8re &#8211; shampooing solide"}]},{"@type":"WebSite","@id":"https:\/\/www.doucesangevines.com\/#website","url":"https:\/\/www.doucesangevines.com\/","name":"Douces Angevines","description":"Women Beauty Herbalists","publisher":{"@id":"https:\/\/www.doucesangevines.com\/#organization"},"potentialAction":[{"@type":"SearchAction","target":{"@type":"EntryPoint","urlTemplate":"https:\/\/www.doucesangevines.com\/?s={search_term_string}"},"query-input":{"@type":"PropertyValueSpecification","valueRequired":true,"valueName":"search_term_string"}}],"inLanguage":"en-GB"},{"@type":"Organization","@id":"https:\/\/www.doucesangevines.com\/#organization","name":"Douces Angevines","url":"https:\/\/www.doucesangevines.com\/","logo":{"@type":"ImageObject","inLanguage":"en-GB","@id":"https:\/\/www.doucesangevines.com\/#\/schema\/logo\/image\/","url":"https:\/\/www.doucesangevines.com\/wp-content\/uploads\/2022\/02\/douces-angevines-logo-2025.svg","contentUrl":"https:\/\/www.doucesangevines.com\/wp-content\/uploads\/2022\/02\/douces-angevines-logo-2025.svg","caption":"Douces Angevines"},"image":{"@id":"https:\/\/www.doucesangevines.com\/#\/schema\/logo\/image\/"},"sameAs":["https:\/\/fr-fr.facebook.com\/doucesangevines\/","https:\/\/www.instagram.com\/doucesangevines\/","https:\/\/www.youtube.com\/channel\/UCcbJc6Om9b7IZDHWj-osu6w"]}]}},"_links":{"self":[{"href":"https:\/\/www.doucesangevines.com\/en\/wp-json\/wp\/v2\/product\/2708","targetHints":{"allow":["GET"]}}],"collection":[{"href":"https:\/\/www.doucesangevines.com\/en\/wp-json\/wp\/v2\/product"}],"about":[{"href":"https:\/\/www.doucesangevines.com\/en\/wp-json\/wp\/v2\/types\/product"}],"wp:featuredmedia":[{"embeddable":true,"href":"https:\/\/www.doucesangevines.com\/en\/wp-json\/wp\/v2\/media\/4305"}],"wp:attachment":[{"href":"https:\/\/www.doucesangevines.com\/en\/wp-json\/wp\/v2\/media?parent=2708"}],"wp:term":[{"taxonomy":"product_featurescat","embeddable":true,"href":"https:\/\/www.doucesangevines.com\/en\/wp-json\/wp\/v2\/product_featurescat?post=2708"},{"taxonomy":"product_brand","embeddable":true,"href":"https:\/\/www.doucesangevines.com\/en\/wp-json\/wp\/v2\/product_brand?post=2708"},{"taxonomy":"product_cat","embeddable":true,"href":"https:\/\/www.doucesangevines.com\/en\/wp-json\/wp\/v2\/product_cat?post=2708"},{"taxonomy":"product_tag","embeddable":true,"href":"https:\/\/www.doucesangevines.com\/en\/wp-json\/wp\/v2\/product_tag?post=2708"}],"curies":[{"name":"wp","href":"https:\/\/api.w.org\/{rel}","templated":true}]}}