{"id":2710,"date":"2022-03-14T21:40:26","date_gmt":"2022-03-14T20:40:26","guid":{"rendered":"http:\/\/doucesangevines.com\/produit\/au-bord-de-la-riviere-nouvelle-formule\/"},"modified":"2026-02-24T15:28:48","modified_gmt":"2026-02-24T14:28:48","slug":"au-bord-de-la-riviere-shampooing-douche-vegetal","status":"publish","type":"product","link":"https:\/\/www.doucesangevines.com\/en\/product\/au-bord-de-la-riviere-liquid-shampoo\/","title":{"rendered":"Au bord de la Rivi\u00e8re \u2013 Botanical Shower-Shampoo"},"content":{"rendered":"<p>Plant friends generously offer their virtues and their precious actions:<br \/>\nVery gentle plant-based cleansing ingredients for a very natural feel.<br \/>\nAloe Vera offers its balancing and softening properties.<br \/>\nThe oil of Jojoba provides you with all its smoothness.<br \/>\nThe Australian Manuka is well known for its purifying virtues.<br \/>\nRosemary has stimulating and toning properties.<\/p>\n<p>Fragrance<br \/>\nThe unforgettable, fresh and light scent of herbs and citrus fruits, takes us to the River's bank. It encourages you to re-center yourself and appreciate life's simple moments.<\/p>","protected":false},"excerpt":{"rendered":"<p>Aux vraies senteurs d\u2019herbes fra\u00eeches du bord de l\u2019eau, ce shampooing-douche naturel et bio apporte force et vitalit\u00e9 aux cheveux fragiles et malmen\u00e9s, et un oc\u00e9an de douceur pour les peaux d\u00e9licates. Les cheveux sont brillants et sains, la peau fra\u00eeche et douce. Sa nouvelle formule v\u00e9g\u00e9tale est enrichie en Aloe Vera pour la peau et le cuir chevelu.<\/p>","protected":false},"featured_media":3558,"template":"","meta":{"_acf_changed":false},"product_featurescat":[],"product_brand":[],"product_cat":[96,105],"product_tag":[],"class_list":{"0":"post-2710","1":"product","2":"type-product","3":"status-publish","4":"has-post-thumbnail","6":"product_cat-corps","7":"product_cat-cheveux","8":"pa_collections-bain-de-fees","9":"pa_type-de-soin-bain-douche","10":"pa_type-de-soin-shampooings","12":"first","13":"outofstock","14":"taxable","15":"shipping-taxable","16":"purchasable","17":"product-type-simple"},"acf":[],"yoast_head":"<!-- This site is optimized with the Yoast SEO plugin v27.6 - https:\/\/yoast.com\/product\/yoast-seo-wordpress\/ -->\n<title>Au bord de la Rivi\u00e8re - Shampooing-douche botanique - Douces Angevines<\/title>\n<meta name=\"description\" content=\"Un shampooing douche v\u00e9g\u00e9tal bio aux senteurs d&#039;herbes et agrumes qui renforce les cheveux fragiles. Pour des cheveux doux et brillants.\" \/>\n<meta name=\"robots\" content=\"index, follow, max-snippet:-1, max-image-preview:large, max-video-preview:-1\" \/>\n<link rel=\"canonical\" href=\"https:\/\/www.doucesangevines.com\/en\/product\/au-bord-de-la-riviere-liquid-shampoo\/\" \/>\n<meta property=\"og:locale\" content=\"en_GB\" \/>\n<meta property=\"og:type\" content=\"article\" \/>\n<meta property=\"og:title\" content=\"Au bord de la Rivi\u00e8re - Shampooing-douche botanique - Douces Angevines\" \/>\n<meta property=\"og:description\" content=\"Un shampooing douche v\u00e9g\u00e9tal bio aux senteurs d&#039;herbes et agrumes qui renforce les cheveux fragiles. Pour des cheveux doux et brillants.\" \/>\n<meta property=\"og:url\" content=\"https:\/\/www.doucesangevines.com\/en\/product\/au-bord-de-la-riviere-liquid-shampoo\/\" \/>\n<meta property=\"og:site_name\" content=\"Douces Angevines\" \/>\n<meta property=\"article:publisher\" content=\"https:\/\/fr-fr.facebook.com\/doucesangevines\/\" \/>\n<meta property=\"article:modified_time\" content=\"2026-02-24T14:28:48+00:00\" \/>\n<meta property=\"og:image\" content=\"https:\/\/www.doucesangevines.com\/wp-content\/uploads\/2022\/03\/Au_Bord_de_La_Riviere_shampooing_douche_doux.jpg\" \/>\n\t<meta property=\"og:image:width\" content=\"1132\" \/>\n\t<meta property=\"og:image:height\" content=\"1132\" \/>\n\t<meta property=\"og:image:type\" content=\"image\/jpeg\" \/>\n<meta name=\"twitter:card\" content=\"summary_large_image\" \/>\n<meta name=\"twitter:label1\" content=\"Estimated reading time\" \/>\n\t<meta name=\"twitter:data1\" content=\"1 minute\" \/>\n<script type=\"application\/ld+json\" class=\"yoast-schema-graph\">{\"@context\":\"https:\\\/\\\/schema.org\",\"@graph\":[{\"@type\":\"WebPage\",\"@id\":\"https:\\\/\\\/www.doucesangevines.com\\\/produit\\\/au-bord-de-la-riviere-shampooing-douche-vegetal\\\/\",\"url\":\"https:\\\/\\\/www.doucesangevines.com\\\/produit\\\/au-bord-de-la-riviere-shampooing-douche-vegetal\\\/\",\"name\":\"Au bord de la Rivi\u00e8re - Shampooing-douche botanique - Douces Angevines\",\"isPartOf\":{\"@id\":\"https:\\\/\\\/www.doucesangevines.com\\\/#website\"},\"primaryImageOfPage\":{\"@id\":\"https:\\\/\\\/www.doucesangevines.com\\\/produit\\\/au-bord-de-la-riviere-shampooing-douche-vegetal\\\/#primaryimage\"},\"image\":{\"@id\":\"https:\\\/\\\/www.doucesangevines.com\\\/produit\\\/au-bord-de-la-riviere-shampooing-douche-vegetal\\\/#primaryimage\"},\"thumbnailUrl\":\"https:\\\/\\\/www.doucesangevines.com\\\/wp-content\\\/uploads\\\/2022\\\/03\\\/Au_Bord_de_La_Riviere_shampooing_douche_doux.jpg\",\"datePublished\":\"2022-03-14T20:40:26+00:00\",\"dateModified\":\"2026-02-24T14:28:48+00:00\",\"description\":\"Un shampooing douche v\u00e9g\u00e9tal bio aux senteurs d'herbes et agrumes qui renforce les cheveux fragiles. Pour des cheveux doux et brillants.\",\"breadcrumb\":{\"@id\":\"https:\\\/\\\/www.doucesangevines.com\\\/produit\\\/au-bord-de-la-riviere-shampooing-douche-vegetal\\\/#breadcrumb\"},\"inLanguage\":\"en-GB\",\"potentialAction\":[{\"@type\":\"ReadAction\",\"target\":[\"https:\\\/\\\/www.doucesangevines.com\\\/produit\\\/au-bord-de-la-riviere-shampooing-douche-vegetal\\\/\"]}]},{\"@type\":\"ImageObject\",\"inLanguage\":\"en-GB\",\"@id\":\"https:\\\/\\\/www.doucesangevines.com\\\/produit\\\/au-bord-de-la-riviere-shampooing-douche-vegetal\\\/#primaryimage\",\"url\":\"https:\\\/\\\/www.doucesangevines.com\\\/wp-content\\\/uploads\\\/2022\\\/03\\\/Au_Bord_de_La_Riviere_shampooing_douche_doux.jpg\",\"contentUrl\":\"https:\\\/\\\/www.doucesangevines.com\\\/wp-content\\\/uploads\\\/2022\\\/03\\\/Au_Bord_de_La_Riviere_shampooing_douche_doux.jpg\",\"width\":1132,\"height\":1132,\"caption\":\"Au Bord de la Rivi\u00e8re shampooing douche botanique doux - Douces Angevines\"},{\"@type\":\"BreadcrumbList\",\"@id\":\"https:\\\/\\\/www.doucesangevines.com\\\/produit\\\/au-bord-de-la-riviere-shampooing-douche-vegetal\\\/#breadcrumb\",\"itemListElement\":[{\"@type\":\"ListItem\",\"position\":1,\"name\":\"Accueil\",\"item\":\"https:\\\/\\\/www.doucesangevines.com\\\/\"},{\"@type\":\"ListItem\",\"position\":2,\"name\":\"Boutique\",\"item\":\"https:\\\/\\\/www.doucesangevines.com\\\/boutique\\\/\"},{\"@type\":\"ListItem\",\"position\":3,\"name\":\"Au bord de la Rivi\u00e8re &#8211; Shampooing-douche botanique\"}]},{\"@type\":\"WebSite\",\"@id\":\"https:\\\/\\\/www.doucesangevines.com\\\/#website\",\"url\":\"https:\\\/\\\/www.doucesangevines.com\\\/\",\"name\":\"Douces Angevines\",\"description\":\"Femmes Herboristes de Beaut\u00e9\",\"publisher\":{\"@id\":\"https:\\\/\\\/www.doucesangevines.com\\\/#organization\"},\"potentialAction\":[{\"@type\":\"SearchAction\",\"target\":{\"@type\":\"EntryPoint\",\"urlTemplate\":\"https:\\\/\\\/www.doucesangevines.com\\\/?s={search_term_string}\"},\"query-input\":{\"@type\":\"PropertyValueSpecification\",\"valueRequired\":true,\"valueName\":\"search_term_string\"}}],\"inLanguage\":\"en-GB\"},{\"@type\":\"Organization\",\"@id\":\"https:\\\/\\\/www.doucesangevines.com\\\/#organization\",\"name\":\"Douces Angevines\",\"url\":\"https:\\\/\\\/www.doucesangevines.com\\\/\",\"logo\":{\"@type\":\"ImageObject\",\"inLanguage\":\"en-GB\",\"@id\":\"https:\\\/\\\/www.doucesangevines.com\\\/#\\\/schema\\\/logo\\\/image\\\/\",\"url\":\"https:\\\/\\\/www.doucesangevines.com\\\/wp-content\\\/uploads\\\/2022\\\/02\\\/douces-angevines-logo-2025.svg\",\"contentUrl\":\"https:\\\/\\\/www.doucesangevines.com\\\/wp-content\\\/uploads\\\/2022\\\/02\\\/douces-angevines-logo-2025.svg\",\"caption\":\"Douces Angevines\"},\"image\":{\"@id\":\"https:\\\/\\\/www.doucesangevines.com\\\/#\\\/schema\\\/logo\\\/image\\\/\"},\"sameAs\":[\"https:\\\/\\\/fr-fr.facebook.com\\\/doucesangevines\\\/\",\"https:\\\/\\\/www.instagram.com\\\/doucesangevines\\\/\",\"https:\\\/\\\/www.youtube.com\\\/channel\\\/UCcbJc6Om9b7IZDHWj-osu6w\"]}]}<\/script>\n<!-- \/ Yoast SEO plugin. -->","yoast_head_json":{"title":"By the River - Botanical Shower-Shampoo - Douces Angevines","description":"Un shampooing douche v\u00e9g\u00e9tal bio aux senteurs d'herbes et agrumes qui renforce les cheveux fragiles. Pour des cheveux doux et brillants.","robots":{"index":"index","follow":"follow","max-snippet":"max-snippet:-1","max-image-preview":"max-image-preview:large","max-video-preview":"max-video-preview:-1"},"canonical":"https:\/\/www.doucesangevines.com\/en\/product\/au-bord-de-la-riviere-liquid-shampoo\/","og_locale":"en_GB","og_type":"article","og_title":"Au bord de la Rivi\u00e8re - Shampooing-douche botanique - Douces Angevines","og_description":"Un shampooing douche v\u00e9g\u00e9tal bio aux senteurs d'herbes et agrumes qui renforce les cheveux fragiles. Pour des cheveux doux et brillants.","og_url":"https:\/\/www.doucesangevines.com\/en\/product\/au-bord-de-la-riviere-liquid-shampoo\/","og_site_name":"Douces Angevines","article_publisher":"https:\/\/fr-fr.facebook.com\/doucesangevines\/","article_modified_time":"2026-02-24T14:28:48+00:00","og_image":[{"width":1132,"height":1132,"url":"https:\/\/www.doucesangevines.com\/wp-content\/uploads\/2022\/03\/Au_Bord_de_La_Riviere_shampooing_douche_doux.jpg","type":"image\/jpeg"}],"twitter_card":"summary_large_image","twitter_misc":{"Estimated reading time":"1 minute"},"schema":{"@context":"https:\/\/schema.org","@graph":[{"@type":"WebPage","@id":"https:\/\/www.doucesangevines.com\/produit\/au-bord-de-la-riviere-shampooing-douche-vegetal\/","url":"https:\/\/www.doucesangevines.com\/produit\/au-bord-de-la-riviere-shampooing-douche-vegetal\/","name":"By the River - Botanical Shower-Shampoo - Douces Angevines","isPartOf":{"@id":"https:\/\/www.doucesangevines.com\/#website"},"primaryImageOfPage":{"@id":"https:\/\/www.doucesangevines.com\/produit\/au-bord-de-la-riviere-shampooing-douche-vegetal\/#primaryimage"},"image":{"@id":"https:\/\/www.doucesangevines.com\/produit\/au-bord-de-la-riviere-shampooing-douche-vegetal\/#primaryimage"},"thumbnailUrl":"https:\/\/www.doucesangevines.com\/wp-content\/uploads\/2022\/03\/Au_Bord_de_La_Riviere_shampooing_douche_doux.jpg","datePublished":"2022-03-14T20:40:26+00:00","dateModified":"2026-02-24T14:28:48+00:00","description":"Un shampooing douche v\u00e9g\u00e9tal bio aux senteurs d'herbes et agrumes qui renforce les cheveux fragiles. Pour des cheveux doux et brillants.","breadcrumb":{"@id":"https:\/\/www.doucesangevines.com\/produit\/au-bord-de-la-riviere-shampooing-douche-vegetal\/#breadcrumb"},"inLanguage":"en-GB","potentialAction":[{"@type":"ReadAction","target":["https:\/\/www.doucesangevines.com\/produit\/au-bord-de-la-riviere-shampooing-douche-vegetal\/"]}]},{"@type":"ImageObject","inLanguage":"en-GB","@id":"https:\/\/www.doucesangevines.com\/produit\/au-bord-de-la-riviere-shampooing-douche-vegetal\/#primaryimage","url":"https:\/\/www.doucesangevines.com\/wp-content\/uploads\/2022\/03\/Au_Bord_de_La_Riviere_shampooing_douche_doux.jpg","contentUrl":"https:\/\/www.doucesangevines.com\/wp-content\/uploads\/2022\/03\/Au_Bord_de_La_Riviere_shampooing_douche_doux.jpg","width":1132,"height":1132,"caption":"Au Bord de la Rivi\u00e8re shampooing douche botanique doux - Douces Angevines"},{"@type":"BreadcrumbList","@id":"https:\/\/www.doucesangevines.com\/produit\/au-bord-de-la-riviere-shampooing-douche-vegetal\/#breadcrumb","itemListElement":[{"@type":"ListItem","position":1,"name":"Accueil","item":"https:\/\/www.doucesangevines.com\/"},{"@type":"ListItem","position":2,"name":"Boutique","item":"https:\/\/www.doucesangevines.com\/boutique\/"},{"@type":"ListItem","position":3,"name":"Au bord de la Rivi\u00e8re &#8211; Shampooing-douche botanique"}]},{"@type":"WebSite","@id":"https:\/\/www.doucesangevines.com\/#website","url":"https:\/\/www.doucesangevines.com\/","name":"Douces Angevines","description":"Women Beauty Herbalists","publisher":{"@id":"https:\/\/www.doucesangevines.com\/#organization"},"potentialAction":[{"@type":"SearchAction","target":{"@type":"EntryPoint","urlTemplate":"https:\/\/www.doucesangevines.com\/?s={search_term_string}"},"query-input":{"@type":"PropertyValueSpecification","valueRequired":true,"valueName":"search_term_string"}}],"inLanguage":"en-GB"},{"@type":"Organization","@id":"https:\/\/www.doucesangevines.com\/#organization","name":"Douces Angevines","url":"https:\/\/www.doucesangevines.com\/","logo":{"@type":"ImageObject","inLanguage":"en-GB","@id":"https:\/\/www.doucesangevines.com\/#\/schema\/logo\/image\/","url":"https:\/\/www.doucesangevines.com\/wp-content\/uploads\/2022\/02\/douces-angevines-logo-2025.svg","contentUrl":"https:\/\/www.doucesangevines.com\/wp-content\/uploads\/2022\/02\/douces-angevines-logo-2025.svg","caption":"Douces Angevines"},"image":{"@id":"https:\/\/www.doucesangevines.com\/#\/schema\/logo\/image\/"},"sameAs":["https:\/\/fr-fr.facebook.com\/doucesangevines\/","https:\/\/www.instagram.com\/doucesangevines\/","https:\/\/www.youtube.com\/channel\/UCcbJc6Om9b7IZDHWj-osu6w"]}]}},"_links":{"self":[{"href":"https:\/\/www.doucesangevines.com\/en\/wp-json\/wp\/v2\/product\/2710","targetHints":{"allow":["GET"]}}],"collection":[{"href":"https:\/\/www.doucesangevines.com\/en\/wp-json\/wp\/v2\/product"}],"about":[{"href":"https:\/\/www.doucesangevines.com\/en\/wp-json\/wp\/v2\/types\/product"}],"wp:featuredmedia":[{"embeddable":true,"href":"https:\/\/www.doucesangevines.com\/en\/wp-json\/wp\/v2\/media\/3558"}],"wp:attachment":[{"href":"https:\/\/www.doucesangevines.com\/en\/wp-json\/wp\/v2\/media?parent=2710"}],"wp:term":[{"taxonomy":"product_featurescat","embeddable":true,"href":"https:\/\/www.doucesangevines.com\/en\/wp-json\/wp\/v2\/product_featurescat?post=2710"},{"taxonomy":"product_brand","embeddable":true,"href":"https:\/\/www.doucesangevines.com\/en\/wp-json\/wp\/v2\/product_brand?post=2710"},{"taxonomy":"product_cat","embeddable":true,"href":"https:\/\/www.doucesangevines.com\/en\/wp-json\/wp\/v2\/product_cat?post=2710"},{"taxonomy":"product_tag","embeddable":true,"href":"https:\/\/www.doucesangevines.com\/en\/wp-json\/wp\/v2\/product_tag?post=2710"}],"curies":[{"name":"wp","href":"https:\/\/api.w.org\/{rel}","templated":true}]}}