{"id":2711,"date":"2022-03-14T21:40:26","date_gmt":"2022-03-14T20:40:26","guid":{"rendered":"http:\/\/doucesangevines.com\/produit\/lotion-dalaric\/"},"modified":"2026-02-24T15:34:33","modified_gmt":"2026-02-24T14:34:33","slug":"alaric-apres-shampooing-bio","status":"publish","type":"product","link":"https:\/\/www.doucesangevines.com\/en\/product\/alaric-organic-conditioner\/","title":{"rendered":"Lotion d'Alaric"},"content":{"rendered":"<p>Alaric's Lotion brings shine to the hair, cleanses and invigorates the scalp, and counteracts the drying effect of hard water.<br \/>\nUtilis\u00e9e pure, elle assainit le cuir chevelu des enfants \ud83d\ude09<\/p>\n<p>Plant friends generously offer their virtues and their precious actions:<br \/>\nCider Vinegar from Anjou brings radiance and vigor to the hair.<br \/>\nWild Lavender offers its purifying and soothing properties.<br \/>\nLa Sauge et le Romarin de notre jardin favorisent la pousse des cheveux.<\/p>","protected":false},"excerpt":{"rendered":"<p>Treat your hair to the wild and proud beauty of garrigue plants with this ancient herbalist recipe. This beautifying conditioner makes hair shine, and restores volume and lightness. Suitable for children.<br \/>\n<em>&#8211; Profitez d&#8217;une remise de 20% sur votre lotion !<br \/>\n<\/em><\/p>","protected":false},"featured_media":3632,"template":"","meta":{"_acf_changed":false},"product_featurescat":[],"product_brand":[],"product_cat":[105],"product_tag":[],"class_list":{"0":"post-2711","1":"product","2":"type-product","3":"status-publish","4":"has-post-thumbnail","6":"product_cat-cheveux","7":"pa_collections-bain-de-fees","8":"pa_type-de-soin-apres-shampooing","10":"first","11":"instock","12":"taxable","13":"shipping-taxable","14":"purchasable","15":"product-type-simple"},"acf":[],"yoast_head":"<!-- This site is optimized with the Yoast SEO plugin v27.5 - https:\/\/yoast.com\/product\/yoast-seo-wordpress\/ -->\n<title>Lotion d&#039;Alaric - Vinaigre capillaire - Douces Angevines<\/title>\n<meta name=\"description\" content=\"Ce vinaigre capillaire apr\u00e8s-shampooing bio apporte brillance, volume et l\u00e9g\u00e8ret\u00e9 aux cheveux. Il purifie le cuir chevelu et favorise la pousse des cheveux\" \/>\n<meta name=\"robots\" content=\"index, follow, max-snippet:-1, max-image-preview:large, max-video-preview:-1\" \/>\n<link rel=\"canonical\" href=\"https:\/\/www.doucesangevines.com\/en\/product\/alaric-organic-conditioner\/\" \/>\n<meta property=\"og:locale\" content=\"en_GB\" \/>\n<meta property=\"og:type\" content=\"article\" \/>\n<meta property=\"og:title\" content=\"Lotion d&#039;Alaric - Vinaigre capillaire - Douces Angevines\" \/>\n<meta property=\"og:description\" content=\"Ce vinaigre capillaire apr\u00e8s-shampooing bio apporte brillance, volume et l\u00e9g\u00e8ret\u00e9 aux cheveux. Il purifie le cuir chevelu et favorise la pousse des cheveux\" \/>\n<meta property=\"og:url\" content=\"https:\/\/www.doucesangevines.com\/en\/product\/alaric-organic-conditioner\/\" \/>\n<meta property=\"og:site_name\" content=\"Douces Angevines\" \/>\n<meta property=\"article:publisher\" content=\"https:\/\/fr-fr.facebook.com\/doucesangevines\/\" \/>\n<meta property=\"article:modified_time\" content=\"2026-02-24T14:34:33+00:00\" \/>\n<meta property=\"og:image\" content=\"https:\/\/www.doucesangevines.com\/wp-content\/uploads\/2022\/03\/Lotion_d_Alaric_apres_Shampooing_cheveux_brillance-1.jpg\" \/>\n\t<meta property=\"og:image:width\" content=\"1132\" \/>\n\t<meta property=\"og:image:height\" content=\"1132\" \/>\n\t<meta property=\"og:image:type\" content=\"image\/jpeg\" \/>\n<meta name=\"twitter:card\" content=\"summary_large_image\" \/>\n<meta name=\"twitter:label1\" content=\"Estimated reading time\" \/>\n\t<meta name=\"twitter:data1\" content=\"1 minute\" \/>\n<script type=\"application\/ld+json\" class=\"yoast-schema-graph\">{\"@context\":\"https:\\\/\\\/schema.org\",\"@graph\":[{\"@type\":\"WebPage\",\"@id\":\"https:\\\/\\\/www.doucesangevines.com\\\/produit\\\/alaric-apres-shampooing-bio\\\/\",\"url\":\"https:\\\/\\\/www.doucesangevines.com\\\/produit\\\/alaric-apres-shampooing-bio\\\/\",\"name\":\"Lotion d'Alaric - Vinaigre capillaire - Douces Angevines\",\"isPartOf\":{\"@id\":\"https:\\\/\\\/www.doucesangevines.com\\\/#website\"},\"primaryImageOfPage\":{\"@id\":\"https:\\\/\\\/www.doucesangevines.com\\\/produit\\\/alaric-apres-shampooing-bio\\\/#primaryimage\"},\"image\":{\"@id\":\"https:\\\/\\\/www.doucesangevines.com\\\/produit\\\/alaric-apres-shampooing-bio\\\/#primaryimage\"},\"thumbnailUrl\":\"https:\\\/\\\/www.doucesangevines.com\\\/wp-content\\\/uploads\\\/2022\\\/03\\\/Lotion_d_Alaric_apres_Shampooing_cheveux_brillance-1.jpg\",\"datePublished\":\"2022-03-14T20:40:26+00:00\",\"dateModified\":\"2026-02-24T14:34:33+00:00\",\"description\":\"Ce vinaigre capillaire apr\u00e8s-shampooing bio apporte brillance, volume et l\u00e9g\u00e8ret\u00e9 aux cheveux. Il purifie le cuir chevelu et favorise la pousse des cheveux\",\"breadcrumb\":{\"@id\":\"https:\\\/\\\/www.doucesangevines.com\\\/produit\\\/alaric-apres-shampooing-bio\\\/#breadcrumb\"},\"inLanguage\":\"en-GB\",\"potentialAction\":[{\"@type\":\"ReadAction\",\"target\":[\"https:\\\/\\\/www.doucesangevines.com\\\/produit\\\/alaric-apres-shampooing-bio\\\/\"]}]},{\"@type\":\"ImageObject\",\"inLanguage\":\"en-GB\",\"@id\":\"https:\\\/\\\/www.doucesangevines.com\\\/produit\\\/alaric-apres-shampooing-bio\\\/#primaryimage\",\"url\":\"https:\\\/\\\/www.doucesangevines.com\\\/wp-content\\\/uploads\\\/2022\\\/03\\\/Lotion_d_Alaric_apres_Shampooing_cheveux_brillance-1.jpg\",\"contentUrl\":\"https:\\\/\\\/www.doucesangevines.com\\\/wp-content\\\/uploads\\\/2022\\\/03\\\/Lotion_d_Alaric_apres_Shampooing_cheveux_brillance-1.jpg\",\"width\":1132,\"height\":1132,\"caption\":\"Lotion d'Alaric apr\u00e8s shampooing bio - Douces Angevines\"},{\"@type\":\"BreadcrumbList\",\"@id\":\"https:\\\/\\\/www.doucesangevines.com\\\/produit\\\/alaric-apres-shampooing-bio\\\/#breadcrumb\",\"itemListElement\":[{\"@type\":\"ListItem\",\"position\":1,\"name\":\"Accueil\",\"item\":\"https:\\\/\\\/www.doucesangevines.com\\\/\"},{\"@type\":\"ListItem\",\"position\":2,\"name\":\"Boutique\",\"item\":\"https:\\\/\\\/www.doucesangevines.com\\\/boutique\\\/\"},{\"@type\":\"ListItem\",\"position\":3,\"name\":\"Lotion d&#8217;Alaric\"}]},{\"@type\":\"WebSite\",\"@id\":\"https:\\\/\\\/www.doucesangevines.com\\\/#website\",\"url\":\"https:\\\/\\\/www.doucesangevines.com\\\/\",\"name\":\"Douces Angevines\",\"description\":\"Femmes Herboristes de Beaut\u00e9\",\"publisher\":{\"@id\":\"https:\\\/\\\/www.doucesangevines.com\\\/#organization\"},\"potentialAction\":[{\"@type\":\"SearchAction\",\"target\":{\"@type\":\"EntryPoint\",\"urlTemplate\":\"https:\\\/\\\/www.doucesangevines.com\\\/?s={search_term_string}\"},\"query-input\":{\"@type\":\"PropertyValueSpecification\",\"valueRequired\":true,\"valueName\":\"search_term_string\"}}],\"inLanguage\":\"en-GB\"},{\"@type\":\"Organization\",\"@id\":\"https:\\\/\\\/www.doucesangevines.com\\\/#organization\",\"name\":\"Douces Angevines\",\"url\":\"https:\\\/\\\/www.doucesangevines.com\\\/\",\"logo\":{\"@type\":\"ImageObject\",\"inLanguage\":\"en-GB\",\"@id\":\"https:\\\/\\\/www.doucesangevines.com\\\/#\\\/schema\\\/logo\\\/image\\\/\",\"url\":\"https:\\\/\\\/www.doucesangevines.com\\\/wp-content\\\/uploads\\\/2022\\\/02\\\/douces-angevines-logo-2025.svg\",\"contentUrl\":\"https:\\\/\\\/www.doucesangevines.com\\\/wp-content\\\/uploads\\\/2022\\\/02\\\/douces-angevines-logo-2025.svg\",\"caption\":\"Douces Angevines\"},\"image\":{\"@id\":\"https:\\\/\\\/www.doucesangevines.com\\\/#\\\/schema\\\/logo\\\/image\\\/\"},\"sameAs\":[\"https:\\\/\\\/fr-fr.facebook.com\\\/doucesangevines\\\/\",\"https:\\\/\\\/www.instagram.com\\\/doucesangevines\\\/\",\"https:\\\/\\\/www.youtube.com\\\/channel\\\/UCcbJc6Om9b7IZDHWj-osu6w\"]}]}<\/script>\n<!-- \/ Yoast SEO plugin. -->","yoast_head_json":{"title":"Lotion d&#039;Alaric - Hair vinegar - Douces Angevines","description":"Ce vinaigre capillaire apr\u00e8s-shampooing bio apporte brillance, volume et l\u00e9g\u00e8ret\u00e9 aux cheveux. Il purifie le cuir chevelu et favorise la pousse des cheveux","robots":{"index":"index","follow":"follow","max-snippet":"max-snippet:-1","max-image-preview":"max-image-preview:large","max-video-preview":"max-video-preview:-1"},"canonical":"https:\/\/www.doucesangevines.com\/en\/product\/alaric-organic-conditioner\/","og_locale":"en_GB","og_type":"article","og_title":"Lotion d'Alaric - Vinaigre capillaire - Douces Angevines","og_description":"Ce vinaigre capillaire apr\u00e8s-shampooing bio apporte brillance, volume et l\u00e9g\u00e8ret\u00e9 aux cheveux. Il purifie le cuir chevelu et favorise la pousse des cheveux","og_url":"https:\/\/www.doucesangevines.com\/en\/product\/alaric-organic-conditioner\/","og_site_name":"Douces Angevines","article_publisher":"https:\/\/fr-fr.facebook.com\/doucesangevines\/","article_modified_time":"2026-02-24T14:34:33+00:00","og_image":[{"width":1132,"height":1132,"url":"https:\/\/www.doucesangevines.com\/wp-content\/uploads\/2022\/03\/Lotion_d_Alaric_apres_Shampooing_cheveux_brillance-1.jpg","type":"image\/jpeg"}],"twitter_card":"summary_large_image","twitter_misc":{"Estimated reading time":"1 minute"},"schema":{"@context":"https:\/\/schema.org","@graph":[{"@type":"WebPage","@id":"https:\/\/www.doucesangevines.com\/produit\/alaric-apres-shampooing-bio\/","url":"https:\/\/www.doucesangevines.com\/produit\/alaric-apres-shampooing-bio\/","name":"Lotion d&#039;Alaric - Hair vinegar - Douces Angevines","isPartOf":{"@id":"https:\/\/www.doucesangevines.com\/#website"},"primaryImageOfPage":{"@id":"https:\/\/www.doucesangevines.com\/produit\/alaric-apres-shampooing-bio\/#primaryimage"},"image":{"@id":"https:\/\/www.doucesangevines.com\/produit\/alaric-apres-shampooing-bio\/#primaryimage"},"thumbnailUrl":"https:\/\/www.doucesangevines.com\/wp-content\/uploads\/2022\/03\/Lotion_d_Alaric_apres_Shampooing_cheveux_brillance-1.jpg","datePublished":"2022-03-14T20:40:26+00:00","dateModified":"2026-02-24T14:34:33+00:00","description":"Ce vinaigre capillaire apr\u00e8s-shampooing bio apporte brillance, volume et l\u00e9g\u00e8ret\u00e9 aux cheveux. Il purifie le cuir chevelu et favorise la pousse des cheveux","breadcrumb":{"@id":"https:\/\/www.doucesangevines.com\/produit\/alaric-apres-shampooing-bio\/#breadcrumb"},"inLanguage":"en-GB","potentialAction":[{"@type":"ReadAction","target":["https:\/\/www.doucesangevines.com\/produit\/alaric-apres-shampooing-bio\/"]}]},{"@type":"ImageObject","inLanguage":"en-GB","@id":"https:\/\/www.doucesangevines.com\/produit\/alaric-apres-shampooing-bio\/#primaryimage","url":"https:\/\/www.doucesangevines.com\/wp-content\/uploads\/2022\/03\/Lotion_d_Alaric_apres_Shampooing_cheveux_brillance-1.jpg","contentUrl":"https:\/\/www.doucesangevines.com\/wp-content\/uploads\/2022\/03\/Lotion_d_Alaric_apres_Shampooing_cheveux_brillance-1.jpg","width":1132,"height":1132,"caption":"Lotion d'Alaric apr\u00e8s shampooing bio - Douces Angevines"},{"@type":"BreadcrumbList","@id":"https:\/\/www.doucesangevines.com\/produit\/alaric-apres-shampooing-bio\/#breadcrumb","itemListElement":[{"@type":"ListItem","position":1,"name":"Accueil","item":"https:\/\/www.doucesangevines.com\/"},{"@type":"ListItem","position":2,"name":"Boutique","item":"https:\/\/www.doucesangevines.com\/boutique\/"},{"@type":"ListItem","position":3,"name":"Lotion d&#8217;Alaric"}]},{"@type":"WebSite","@id":"https:\/\/www.doucesangevines.com\/#website","url":"https:\/\/www.doucesangevines.com\/","name":"Douces Angevines","description":"Women Beauty Herbalists","publisher":{"@id":"https:\/\/www.doucesangevines.com\/#organization"},"potentialAction":[{"@type":"SearchAction","target":{"@type":"EntryPoint","urlTemplate":"https:\/\/www.doucesangevines.com\/?s={search_term_string}"},"query-input":{"@type":"PropertyValueSpecification","valueRequired":true,"valueName":"search_term_string"}}],"inLanguage":"en-GB"},{"@type":"Organization","@id":"https:\/\/www.doucesangevines.com\/#organization","name":"Douces Angevines","url":"https:\/\/www.doucesangevines.com\/","logo":{"@type":"ImageObject","inLanguage":"en-GB","@id":"https:\/\/www.doucesangevines.com\/#\/schema\/logo\/image\/","url":"https:\/\/www.doucesangevines.com\/wp-content\/uploads\/2022\/02\/douces-angevines-logo-2025.svg","contentUrl":"https:\/\/www.doucesangevines.com\/wp-content\/uploads\/2022\/02\/douces-angevines-logo-2025.svg","caption":"Douces Angevines"},"image":{"@id":"https:\/\/www.doucesangevines.com\/#\/schema\/logo\/image\/"},"sameAs":["https:\/\/fr-fr.facebook.com\/doucesangevines\/","https:\/\/www.instagram.com\/doucesangevines\/","https:\/\/www.youtube.com\/channel\/UCcbJc6Om9b7IZDHWj-osu6w"]}]}},"_links":{"self":[{"href":"https:\/\/www.doucesangevines.com\/en\/wp-json\/wp\/v2\/product\/2711","targetHints":{"allow":["GET"]}}],"collection":[{"href":"https:\/\/www.doucesangevines.com\/en\/wp-json\/wp\/v2\/product"}],"about":[{"href":"https:\/\/www.doucesangevines.com\/en\/wp-json\/wp\/v2\/types\/product"}],"wp:featuredmedia":[{"embeddable":true,"href":"https:\/\/www.doucesangevines.com\/en\/wp-json\/wp\/v2\/media\/3632"}],"wp:attachment":[{"href":"https:\/\/www.doucesangevines.com\/en\/wp-json\/wp\/v2\/media?parent=2711"}],"wp:term":[{"taxonomy":"product_featurescat","embeddable":true,"href":"https:\/\/www.doucesangevines.com\/en\/wp-json\/wp\/v2\/product_featurescat?post=2711"},{"taxonomy":"product_brand","embeddable":true,"href":"https:\/\/www.doucesangevines.com\/en\/wp-json\/wp\/v2\/product_brand?post=2711"},{"taxonomy":"product_cat","embeddable":true,"href":"https:\/\/www.doucesangevines.com\/en\/wp-json\/wp\/v2\/product_cat?post=2711"},{"taxonomy":"product_tag","embeddable":true,"href":"https:\/\/www.doucesangevines.com\/en\/wp-json\/wp\/v2\/product_tag?post=2711"}],"curies":[{"name":"wp","href":"https:\/\/api.w.org\/{rel}","templated":true}]}}