{"id":2734,"date":"2022-03-14T21:40:31","date_gmt":"2022-03-14T20:40:31","guid":{"rendered":"http:\/\/doucesangevines.com\/produit\/pochon-a-savon\/"},"modified":"2026-01-07T09:48:54","modified_gmt":"2026-01-07T08:48:54","slug":"pochon-a-savon","status":"publish","type":"product","link":"https:\/\/www.doucesangevines.com\/en\/product\/pochon-a-savon\/","title":{"rendered":"Soap pouch"},"content":{"rendered":"<p>Its handy shape and waterproof interior allow you to store a wet soap on the go.<br \/>\nYour soap is protected from the moisture of the environment in its pouch. It does not drip in your bag.<br \/>\nThe ideal accessory for weekends and vacations, but also anytime of the year. At the gym or on the road, you can take your soap everywhere.<\/p>","protected":false},"excerpt":{"rendered":"<p>A zero waste item, this pretty soap bag made of organic cotton and with a waterproof interior, allows you to take your soap or solid shampoo everywhere.<\/p>","protected":false},"featured_media":4300,"template":"","meta":{"_acf_changed":false},"product_featurescat":[],"product_brand":[],"product_cat":[15],"product_tag":[196],"class_list":{"0":"post-2734","1":"product","2":"type-product","3":"status-publish","4":"has-post-thumbnail","6":"product_cat-uncategorized","7":"product_tag-accessoires","8":"pa_type-de-soin-bain-douche","10":"first","11":"instock","12":"taxable","13":"shipping-taxable","14":"purchasable","15":"product-type-simple"},"acf":[],"yoast_head":"<!-- This site is optimized with the Yoast SEO plugin v27.4 - https:\/\/yoast.com\/product\/yoast-seo-wordpress\/ -->\n<title>Pochon \u00e0 savon - Douces Angevines<\/title>\n<meta name=\"description\" content=\"Un accessoire z\u00e9ro d\u00e9chet en coton bio pour transporter partout savon et shampooing solide gr\u00e2ce \u00e0 son int\u00e9rieur \u00e9tanche.\" \/>\n<meta name=\"robots\" content=\"index, follow, max-snippet:-1, max-image-preview:large, max-video-preview:-1\" \/>\n<link rel=\"canonical\" href=\"https:\/\/www.doucesangevines.com\/en\/product\/pochon-a-savon\/\" \/>\n<meta property=\"og:locale\" content=\"en_GB\" \/>\n<meta property=\"og:type\" content=\"article\" \/>\n<meta property=\"og:title\" content=\"Pochon \u00e0 savon - Douces Angevines\" \/>\n<meta property=\"og:description\" content=\"Un accessoire z\u00e9ro d\u00e9chet en coton bio pour transporter partout savon et shampooing solide gr\u00e2ce \u00e0 son int\u00e9rieur \u00e9tanche.\" \/>\n<meta property=\"og:url\" content=\"https:\/\/www.doucesangevines.com\/en\/product\/pochon-a-savon\/\" \/>\n<meta property=\"og:site_name\" content=\"Douces Angevines\" \/>\n<meta property=\"article:publisher\" content=\"https:\/\/fr-fr.facebook.com\/doucesangevines\/\" \/>\n<meta property=\"article:modified_time\" content=\"2026-01-07T08:48:54+00:00\" \/>\n<meta property=\"og:image\" content=\"https:\/\/www.doucesangevines.com\/wp-content\/uploads\/2022\/06\/Pochon_savon_impermeable_bio.png\" \/>\n\t<meta property=\"og:image:width\" content=\"1132\" \/>\n\t<meta property=\"og:image:height\" content=\"1132\" \/>\n\t<meta property=\"og:image:type\" content=\"image\/png\" \/>\n<meta name=\"twitter:card\" content=\"summary_large_image\" \/>\n<meta name=\"twitter:label1\" content=\"Estimated reading time\" \/>\n\t<meta name=\"twitter:data1\" content=\"1 minute\" \/>\n<script type=\"application\/ld+json\" class=\"yoast-schema-graph\">{\"@context\":\"https:\\\/\\\/schema.org\",\"@graph\":[{\"@type\":\"WebPage\",\"@id\":\"https:\\\/\\\/www.doucesangevines.com\\\/produit\\\/pochon-a-savon\\\/\",\"url\":\"https:\\\/\\\/www.doucesangevines.com\\\/produit\\\/pochon-a-savon\\\/\",\"name\":\"Pochon \u00e0 savon - Douces Angevines\",\"isPartOf\":{\"@id\":\"https:\\\/\\\/www.doucesangevines.com\\\/#website\"},\"primaryImageOfPage\":{\"@id\":\"https:\\\/\\\/www.doucesangevines.com\\\/produit\\\/pochon-a-savon\\\/#primaryimage\"},\"image\":{\"@id\":\"https:\\\/\\\/www.doucesangevines.com\\\/produit\\\/pochon-a-savon\\\/#primaryimage\"},\"thumbnailUrl\":\"https:\\\/\\\/www.doucesangevines.com\\\/wp-content\\\/uploads\\\/2022\\\/06\\\/Pochon_savon_impermeable_bio.png\",\"datePublished\":\"2022-03-14T20:40:31+00:00\",\"dateModified\":\"2026-01-07T08:48:54+00:00\",\"description\":\"Un accessoire z\u00e9ro d\u00e9chet en coton bio pour transporter partout savon et shampooing solide gr\u00e2ce \u00e0 son int\u00e9rieur \u00e9tanche.\",\"breadcrumb\":{\"@id\":\"https:\\\/\\\/www.doucesangevines.com\\\/produit\\\/pochon-a-savon\\\/#breadcrumb\"},\"inLanguage\":\"en-GB\",\"potentialAction\":[{\"@type\":\"ReadAction\",\"target\":[\"https:\\\/\\\/www.doucesangevines.com\\\/produit\\\/pochon-a-savon\\\/\"]}]},{\"@type\":\"ImageObject\",\"inLanguage\":\"en-GB\",\"@id\":\"https:\\\/\\\/www.doucesangevines.com\\\/produit\\\/pochon-a-savon\\\/#primaryimage\",\"url\":\"https:\\\/\\\/www.doucesangevines.com\\\/wp-content\\\/uploads\\\/2022\\\/06\\\/Pochon_savon_impermeable_bio.png\",\"contentUrl\":\"https:\\\/\\\/www.doucesangevines.com\\\/wp-content\\\/uploads\\\/2022\\\/06\\\/Pochon_savon_impermeable_bio.png\",\"width\":1132,\"height\":1132,\"caption\":\"Pochon \u00e0 savon bio - Douces Angevines\"},{\"@type\":\"BreadcrumbList\",\"@id\":\"https:\\\/\\\/www.doucesangevines.com\\\/produit\\\/pochon-a-savon\\\/#breadcrumb\",\"itemListElement\":[{\"@type\":\"ListItem\",\"position\":1,\"name\":\"Accueil\",\"item\":\"https:\\\/\\\/www.doucesangevines.com\\\/\"},{\"@type\":\"ListItem\",\"position\":2,\"name\":\"Boutique\",\"item\":\"https:\\\/\\\/www.doucesangevines.com\\\/boutique\\\/\"},{\"@type\":\"ListItem\",\"position\":3,\"name\":\"Pochon \u00e0 savon\"}]},{\"@type\":\"WebSite\",\"@id\":\"https:\\\/\\\/www.doucesangevines.com\\\/#website\",\"url\":\"https:\\\/\\\/www.doucesangevines.com\\\/\",\"name\":\"Douces Angevines\",\"description\":\"Femmes Herboristes de Beaut\u00e9\",\"publisher\":{\"@id\":\"https:\\\/\\\/www.doucesangevines.com\\\/#organization\"},\"potentialAction\":[{\"@type\":\"SearchAction\",\"target\":{\"@type\":\"EntryPoint\",\"urlTemplate\":\"https:\\\/\\\/www.doucesangevines.com\\\/?s={search_term_string}\"},\"query-input\":{\"@type\":\"PropertyValueSpecification\",\"valueRequired\":true,\"valueName\":\"search_term_string\"}}],\"inLanguage\":\"en-GB\"},{\"@type\":\"Organization\",\"@id\":\"https:\\\/\\\/www.doucesangevines.com\\\/#organization\",\"name\":\"Douces Angevines\",\"url\":\"https:\\\/\\\/www.doucesangevines.com\\\/\",\"logo\":{\"@type\":\"ImageObject\",\"inLanguage\":\"en-GB\",\"@id\":\"https:\\\/\\\/www.doucesangevines.com\\\/#\\\/schema\\\/logo\\\/image\\\/\",\"url\":\"https:\\\/\\\/www.doucesangevines.com\\\/wp-content\\\/uploads\\\/2022\\\/02\\\/douces-angevines-logo-2025.svg\",\"contentUrl\":\"https:\\\/\\\/www.doucesangevines.com\\\/wp-content\\\/uploads\\\/2022\\\/02\\\/douces-angevines-logo-2025.svg\",\"caption\":\"Douces Angevines\"},\"image\":{\"@id\":\"https:\\\/\\\/www.doucesangevines.com\\\/#\\\/schema\\\/logo\\\/image\\\/\"},\"sameAs\":[\"https:\\\/\\\/fr-fr.facebook.com\\\/doucesangevines\\\/\",\"https:\\\/\\\/www.instagram.com\\\/doucesangevines\\\/\",\"https:\\\/\\\/www.youtube.com\\\/channel\\\/UCcbJc6Om9b7IZDHWj-osu6w\"]}]}<\/script>\n<!-- \/ Yoast SEO plugin. -->","yoast_head_json":{"title":"Pochon \u00e0 savon - Douces Angevines","description":"Un accessoire z\u00e9ro d\u00e9chet en coton bio pour transporter partout savon et shampooing solide gr\u00e2ce \u00e0 son int\u00e9rieur \u00e9tanche.","robots":{"index":"index","follow":"follow","max-snippet":"max-snippet:-1","max-image-preview":"max-image-preview:large","max-video-preview":"max-video-preview:-1"},"canonical":"https:\/\/www.doucesangevines.com\/en\/product\/pochon-a-savon\/","og_locale":"en_GB","og_type":"article","og_title":"Pochon \u00e0 savon - Douces Angevines","og_description":"Un accessoire z\u00e9ro d\u00e9chet en coton bio pour transporter partout savon et shampooing solide gr\u00e2ce \u00e0 son int\u00e9rieur \u00e9tanche.","og_url":"https:\/\/www.doucesangevines.com\/en\/product\/pochon-a-savon\/","og_site_name":"Douces Angevines","article_publisher":"https:\/\/fr-fr.facebook.com\/doucesangevines\/","article_modified_time":"2026-01-07T08:48:54+00:00","og_image":[{"width":1132,"height":1132,"url":"https:\/\/www.doucesangevines.com\/wp-content\/uploads\/2022\/06\/Pochon_savon_impermeable_bio.png","type":"image\/png"}],"twitter_card":"summary_large_image","twitter_misc":{"Estimated reading time":"1 minute"},"schema":{"@context":"https:\/\/schema.org","@graph":[{"@type":"WebPage","@id":"https:\/\/www.doucesangevines.com\/produit\/pochon-a-savon\/","url":"https:\/\/www.doucesangevines.com\/produit\/pochon-a-savon\/","name":"Pochon \u00e0 savon - Douces Angevines","isPartOf":{"@id":"https:\/\/www.doucesangevines.com\/#website"},"primaryImageOfPage":{"@id":"https:\/\/www.doucesangevines.com\/produit\/pochon-a-savon\/#primaryimage"},"image":{"@id":"https:\/\/www.doucesangevines.com\/produit\/pochon-a-savon\/#primaryimage"},"thumbnailUrl":"https:\/\/www.doucesangevines.com\/wp-content\/uploads\/2022\/06\/Pochon_savon_impermeable_bio.png","datePublished":"2022-03-14T20:40:31+00:00","dateModified":"2026-01-07T08:48:54+00:00","description":"Un accessoire z\u00e9ro d\u00e9chet en coton bio pour transporter partout savon et shampooing solide gr\u00e2ce \u00e0 son int\u00e9rieur \u00e9tanche.","breadcrumb":{"@id":"https:\/\/www.doucesangevines.com\/produit\/pochon-a-savon\/#breadcrumb"},"inLanguage":"en-GB","potentialAction":[{"@type":"ReadAction","target":["https:\/\/www.doucesangevines.com\/produit\/pochon-a-savon\/"]}]},{"@type":"ImageObject","inLanguage":"en-GB","@id":"https:\/\/www.doucesangevines.com\/produit\/pochon-a-savon\/#primaryimage","url":"https:\/\/www.doucesangevines.com\/wp-content\/uploads\/2022\/06\/Pochon_savon_impermeable_bio.png","contentUrl":"https:\/\/www.doucesangevines.com\/wp-content\/uploads\/2022\/06\/Pochon_savon_impermeable_bio.png","width":1132,"height":1132,"caption":"Pochon \u00e0 savon bio - Douces Angevines"},{"@type":"BreadcrumbList","@id":"https:\/\/www.doucesangevines.com\/produit\/pochon-a-savon\/#breadcrumb","itemListElement":[{"@type":"ListItem","position":1,"name":"Accueil","item":"https:\/\/www.doucesangevines.com\/"},{"@type":"ListItem","position":2,"name":"Boutique","item":"https:\/\/www.doucesangevines.com\/boutique\/"},{"@type":"ListItem","position":3,"name":"Pochon \u00e0 savon"}]},{"@type":"WebSite","@id":"https:\/\/www.doucesangevines.com\/#website","url":"https:\/\/www.doucesangevines.com\/","name":"Douces Angevines","description":"Women Beauty Herbalists","publisher":{"@id":"https:\/\/www.doucesangevines.com\/#organization"},"potentialAction":[{"@type":"SearchAction","target":{"@type":"EntryPoint","urlTemplate":"https:\/\/www.doucesangevines.com\/?s={search_term_string}"},"query-input":{"@type":"PropertyValueSpecification","valueRequired":true,"valueName":"search_term_string"}}],"inLanguage":"en-GB"},{"@type":"Organization","@id":"https:\/\/www.doucesangevines.com\/#organization","name":"Douces Angevines","url":"https:\/\/www.doucesangevines.com\/","logo":{"@type":"ImageObject","inLanguage":"en-GB","@id":"https:\/\/www.doucesangevines.com\/#\/schema\/logo\/image\/","url":"https:\/\/www.doucesangevines.com\/wp-content\/uploads\/2022\/02\/douces-angevines-logo-2025.svg","contentUrl":"https:\/\/www.doucesangevines.com\/wp-content\/uploads\/2022\/02\/douces-angevines-logo-2025.svg","caption":"Douces Angevines"},"image":{"@id":"https:\/\/www.doucesangevines.com\/#\/schema\/logo\/image\/"},"sameAs":["https:\/\/fr-fr.facebook.com\/doucesangevines\/","https:\/\/www.instagram.com\/doucesangevines\/","https:\/\/www.youtube.com\/channel\/UCcbJc6Om9b7IZDHWj-osu6w"]}]}},"_links":{"self":[{"href":"https:\/\/www.doucesangevines.com\/en\/wp-json\/wp\/v2\/product\/2734","targetHints":{"allow":["GET"]}}],"collection":[{"href":"https:\/\/www.doucesangevines.com\/en\/wp-json\/wp\/v2\/product"}],"about":[{"href":"https:\/\/www.doucesangevines.com\/en\/wp-json\/wp\/v2\/types\/product"}],"wp:featuredmedia":[{"embeddable":true,"href":"https:\/\/www.doucesangevines.com\/en\/wp-json\/wp\/v2\/media\/4300"}],"wp:attachment":[{"href":"https:\/\/www.doucesangevines.com\/en\/wp-json\/wp\/v2\/media?parent=2734"}],"wp:term":[{"taxonomy":"product_featurescat","embeddable":true,"href":"https:\/\/www.doucesangevines.com\/en\/wp-json\/wp\/v2\/product_featurescat?post=2734"},{"taxonomy":"product_brand","embeddable":true,"href":"https:\/\/www.doucesangevines.com\/en\/wp-json\/wp\/v2\/product_brand?post=2734"},{"taxonomy":"product_cat","embeddable":true,"href":"https:\/\/www.doucesangevines.com\/en\/wp-json\/wp\/v2\/product_cat?post=2734"},{"taxonomy":"product_tag","embeddable":true,"href":"https:\/\/www.doucesangevines.com\/en\/wp-json\/wp\/v2\/product_tag?post=2734"}],"curies":[{"name":"wp","href":"https:\/\/api.w.org\/{rel}","templated":true}]}}