{"id":2735,"date":"2022-03-14T21:40:32","date_gmt":"2022-03-14T20:40:32","guid":{"rendered":"http:\/\/doucesangevines.com\/produit\/savon-le-coeur-du-baobab\/"},"modified":"2025-10-13T16:02:25","modified_gmt":"2025-10-13T15:02:25","slug":"savon-bio-coeur-baobab","status":"publish","type":"product","link":"https:\/\/www.doucesangevines.com\/en\/product\/organic-coeur-baobab-soap\/","title":{"rendered":"Savon Le C\u0153ur du Baobab"},"content":{"rendered":"<p>Ce savon, cr\u00e9\u00e9 \u00e0 partir de nos synergies d&#8217;huiles essentielles, est saponifi\u00e9 \u00e0 froid avec soin par la Savonnerie Champagne.<br \/>\nWe have chosen a generous formulation of high quality 100% organic nourishing vegetable oils, selected with care. No palm oil or animal fat.<br \/>\nLa richesse olfactive originale de ce savon est en correspondance avec l&#8217;huile corps &#8220;Les 4 Harmoniques&#8221; Le C\u0153ur du Baobab.<br \/>\nThe long drying process involved in the production of this soap, allows you to enjoy it longer as it wears out less quickly.<br \/>\nThe manufacturing and the manual cutting give to each soap its unique shape, it's a guarantee of its authenticity. Its shape softens under the hand from the first use. Store in a cool and dry place.<br \/>\nThe beautiful illustration of its box is signed by the artist Izumi Idoia.<\/p>\n<div id=\"sconnect-is-installed\" style=\"display: none;\">2.15.1.0<\/div>","protected":false},"excerpt":{"rendered":"<p>For the first beauty ritual of the day, this cold-saponified extra-fat body soap, naturally rich in moisturizing plant glycerin, treats the skin with great gentleness. Its spicy scent energizes and warms up. Ideal in winter or when you feel tired.<\/p>\n<div id=\"sconnect-is-installed\" style=\"display: none;\">2.15.1.0<\/div>","protected":false},"featured_media":3620,"template":"","meta":{"_acf_changed":false},"product_featurescat":[],"product_brand":[],"product_cat":[96],"product_tag":[192,194],"class_list":{"0":"post-2735","1":"product","2":"type-product","3":"status-publish","4":"has-post-thumbnail","6":"product_cat-corps","7":"product_tag-cadeaux","8":"product_tag-homme","9":"pa_collections-les-4-harmoniques","10":"pa_type-de-soin-bain-douche","12":"first","13":"instock","14":"taxable","15":"shipping-taxable","16":"purchasable","17":"product-type-simple"},"acf":[],"yoast_head":"<!-- This site is optimized with the Yoast SEO plugin v27.4 - https:\/\/yoast.com\/product\/yoast-seo-wordpress\/ -->\n<title>Savon bio - Le coeur du Baobab - Douces Angevines<\/title>\n<meta name=\"description\" content=\"Senteur d&#039;\u00e9pices dynamisantes et sensuelles. Ce savon corps surgras saponifi\u00e9 \u00e0 froid est riche en glyc\u00e9rine v\u00e9g\u00e9tale hydratante.\" \/>\n<meta name=\"robots\" content=\"index, follow, max-snippet:-1, max-image-preview:large, max-video-preview:-1\" \/>\n<link rel=\"canonical\" href=\"https:\/\/www.doucesangevines.com\/en\/product\/organic-coeur-baobab-soap\/\" \/>\n<meta property=\"og:locale\" content=\"en_GB\" \/>\n<meta property=\"og:type\" content=\"article\" \/>\n<meta property=\"og:title\" content=\"Savon bio - Le coeur du Baobab - Douces Angevines\" \/>\n<meta property=\"og:description\" content=\"Senteur d&#039;\u00e9pices dynamisantes et sensuelles. Ce savon corps surgras saponifi\u00e9 \u00e0 froid est riche en glyc\u00e9rine v\u00e9g\u00e9tale hydratante.\" \/>\n<meta property=\"og:url\" content=\"https:\/\/www.doucesangevines.com\/en\/product\/organic-coeur-baobab-soap\/\" \/>\n<meta property=\"og:site_name\" content=\"Douces Angevines\" \/>\n<meta property=\"article:publisher\" content=\"https:\/\/fr-fr.facebook.com\/doucesangevines\/\" \/>\n<meta property=\"article:modified_time\" content=\"2025-10-13T15:02:25+00:00\" \/>\n<meta property=\"og:image\" content=\"https:\/\/www.doucesangevines.com\/wp-content\/uploads\/2022\/03\/Le_Coeur_du_Baobab_savon_saponifie_a_froid-1.jpg\" \/>\n\t<meta property=\"og:image:width\" content=\"1132\" \/>\n\t<meta property=\"og:image:height\" content=\"1132\" \/>\n\t<meta property=\"og:image:type\" content=\"image\/jpeg\" \/>\n<meta name=\"twitter:card\" content=\"summary_large_image\" \/>\n<meta name=\"twitter:label1\" content=\"Estimated reading time\" \/>\n\t<meta name=\"twitter:data1\" content=\"1 minute\" \/>\n<script type=\"application\/ld+json\" class=\"yoast-schema-graph\">{\"@context\":\"https:\\\/\\\/schema.org\",\"@graph\":[{\"@type\":\"WebPage\",\"@id\":\"https:\\\/\\\/www.doucesangevines.com\\\/produit\\\/savon-bio-coeur-baobab\\\/\",\"url\":\"https:\\\/\\\/www.doucesangevines.com\\\/produit\\\/savon-bio-coeur-baobab\\\/\",\"name\":\"Savon bio - Le coeur du Baobab - Douces Angevines\",\"isPartOf\":{\"@id\":\"https:\\\/\\\/www.doucesangevines.com\\\/#website\"},\"primaryImageOfPage\":{\"@id\":\"https:\\\/\\\/www.doucesangevines.com\\\/produit\\\/savon-bio-coeur-baobab\\\/#primaryimage\"},\"image\":{\"@id\":\"https:\\\/\\\/www.doucesangevines.com\\\/produit\\\/savon-bio-coeur-baobab\\\/#primaryimage\"},\"thumbnailUrl\":\"https:\\\/\\\/www.doucesangevines.com\\\/wp-content\\\/uploads\\\/2022\\\/03\\\/Le_Coeur_du_Baobab_savon_saponifie_a_froid-1.jpg\",\"datePublished\":\"2022-03-14T20:40:32+00:00\",\"dateModified\":\"2025-10-13T15:02:25+00:00\",\"description\":\"Senteur d'\u00e9pices dynamisantes et sensuelles. Ce savon corps surgras saponifi\u00e9 \u00e0 froid est riche en glyc\u00e9rine v\u00e9g\u00e9tale hydratante.\",\"breadcrumb\":{\"@id\":\"https:\\\/\\\/www.doucesangevines.com\\\/produit\\\/savon-bio-coeur-baobab\\\/#breadcrumb\"},\"inLanguage\":\"en-GB\",\"potentialAction\":[{\"@type\":\"ReadAction\",\"target\":[\"https:\\\/\\\/www.doucesangevines.com\\\/produit\\\/savon-bio-coeur-baobab\\\/\"]}]},{\"@type\":\"ImageObject\",\"inLanguage\":\"en-GB\",\"@id\":\"https:\\\/\\\/www.doucesangevines.com\\\/produit\\\/savon-bio-coeur-baobab\\\/#primaryimage\",\"url\":\"https:\\\/\\\/www.doucesangevines.com\\\/wp-content\\\/uploads\\\/2022\\\/03\\\/Le_Coeur_du_Baobab_savon_saponifie_a_froid-1.jpg\",\"contentUrl\":\"https:\\\/\\\/www.doucesangevines.com\\\/wp-content\\\/uploads\\\/2022\\\/03\\\/Le_Coeur_du_Baobab_savon_saponifie_a_froid-1.jpg\",\"width\":1132,\"height\":1132,\"caption\":\"Le Coeur du baobab savon corps bio saponifi\u00e9 \u00e0 froid - Douces Angevines\"},{\"@type\":\"BreadcrumbList\",\"@id\":\"https:\\\/\\\/www.doucesangevines.com\\\/produit\\\/savon-bio-coeur-baobab\\\/#breadcrumb\",\"itemListElement\":[{\"@type\":\"ListItem\",\"position\":1,\"name\":\"Accueil\",\"item\":\"https:\\\/\\\/www.doucesangevines.com\\\/\"},{\"@type\":\"ListItem\",\"position\":2,\"name\":\"Boutique\",\"item\":\"https:\\\/\\\/www.doucesangevines.com\\\/boutique\\\/\"},{\"@type\":\"ListItem\",\"position\":3,\"name\":\"Savon Le C\u0153ur du Baobab\"}]},{\"@type\":\"WebSite\",\"@id\":\"https:\\\/\\\/www.doucesangevines.com\\\/#website\",\"url\":\"https:\\\/\\\/www.doucesangevines.com\\\/\",\"name\":\"Douces Angevines\",\"description\":\"Femmes Herboristes de Beaut\u00e9\",\"publisher\":{\"@id\":\"https:\\\/\\\/www.doucesangevines.com\\\/#organization\"},\"potentialAction\":[{\"@type\":\"SearchAction\",\"target\":{\"@type\":\"EntryPoint\",\"urlTemplate\":\"https:\\\/\\\/www.doucesangevines.com\\\/?s={search_term_string}\"},\"query-input\":{\"@type\":\"PropertyValueSpecification\",\"valueRequired\":true,\"valueName\":\"search_term_string\"}}],\"inLanguage\":\"en-GB\"},{\"@type\":\"Organization\",\"@id\":\"https:\\\/\\\/www.doucesangevines.com\\\/#organization\",\"name\":\"Douces Angevines\",\"url\":\"https:\\\/\\\/www.doucesangevines.com\\\/\",\"logo\":{\"@type\":\"ImageObject\",\"inLanguage\":\"en-GB\",\"@id\":\"https:\\\/\\\/www.doucesangevines.com\\\/#\\\/schema\\\/logo\\\/image\\\/\",\"url\":\"https:\\\/\\\/www.doucesangevines.com\\\/wp-content\\\/uploads\\\/2022\\\/02\\\/douces-angevines-logo-2025.svg\",\"contentUrl\":\"https:\\\/\\\/www.doucesangevines.com\\\/wp-content\\\/uploads\\\/2022\\\/02\\\/douces-angevines-logo-2025.svg\",\"caption\":\"Douces Angevines\"},\"image\":{\"@id\":\"https:\\\/\\\/www.doucesangevines.com\\\/#\\\/schema\\\/logo\\\/image\\\/\"},\"sameAs\":[\"https:\\\/\\\/fr-fr.facebook.com\\\/doucesangevines\\\/\",\"https:\\\/\\\/www.instagram.com\\\/doucesangevines\\\/\",\"https:\\\/\\\/www.youtube.com\\\/channel\\\/UCcbJc6Om9b7IZDHWj-osu6w\"]}]}<\/script>\n<!-- \/ Yoast SEO plugin. -->","yoast_head_json":{"title":"Organic soap - The heart of the Baobab - Douces Angevines","description":"Scent of energizing and sensual spices. This superfatted cold saponified body soap is rich in moisturizing vegetable glycerin.","robots":{"index":"index","follow":"follow","max-snippet":"max-snippet:-1","max-image-preview":"max-image-preview:large","max-video-preview":"max-video-preview:-1"},"canonical":"https:\/\/www.doucesangevines.com\/en\/product\/organic-coeur-baobab-soap\/","og_locale":"en_GB","og_type":"article","og_title":"Savon bio - Le coeur du Baobab - Douces Angevines","og_description":"Senteur d'\u00e9pices dynamisantes et sensuelles. Ce savon corps surgras saponifi\u00e9 \u00e0 froid est riche en glyc\u00e9rine v\u00e9g\u00e9tale hydratante.","og_url":"https:\/\/www.doucesangevines.com\/en\/product\/organic-coeur-baobab-soap\/","og_site_name":"Douces Angevines","article_publisher":"https:\/\/fr-fr.facebook.com\/doucesangevines\/","article_modified_time":"2025-10-13T15:02:25+00:00","og_image":[{"width":1132,"height":1132,"url":"https:\/\/www.doucesangevines.com\/wp-content\/uploads\/2022\/03\/Le_Coeur_du_Baobab_savon_saponifie_a_froid-1.jpg","type":"image\/jpeg"}],"twitter_card":"summary_large_image","twitter_misc":{"Estimated reading time":"1 minute"},"schema":{"@context":"https:\/\/schema.org","@graph":[{"@type":"WebPage","@id":"https:\/\/www.doucesangevines.com\/produit\/savon-bio-coeur-baobab\/","url":"https:\/\/www.doucesangevines.com\/produit\/savon-bio-coeur-baobab\/","name":"Organic soap - The heart of the Baobab - Douces Angevines","isPartOf":{"@id":"https:\/\/www.doucesangevines.com\/#website"},"primaryImageOfPage":{"@id":"https:\/\/www.doucesangevines.com\/produit\/savon-bio-coeur-baobab\/#primaryimage"},"image":{"@id":"https:\/\/www.doucesangevines.com\/produit\/savon-bio-coeur-baobab\/#primaryimage"},"thumbnailUrl":"https:\/\/www.doucesangevines.com\/wp-content\/uploads\/2022\/03\/Le_Coeur_du_Baobab_savon_saponifie_a_froid-1.jpg","datePublished":"2022-03-14T20:40:32+00:00","dateModified":"2025-10-13T15:02:25+00:00","description":"Scent of energizing and sensual spices. This superfatted cold saponified body soap is rich in moisturizing vegetable glycerin.","breadcrumb":{"@id":"https:\/\/www.doucesangevines.com\/produit\/savon-bio-coeur-baobab\/#breadcrumb"},"inLanguage":"en-GB","potentialAction":[{"@type":"ReadAction","target":["https:\/\/www.doucesangevines.com\/produit\/savon-bio-coeur-baobab\/"]}]},{"@type":"ImageObject","inLanguage":"en-GB","@id":"https:\/\/www.doucesangevines.com\/produit\/savon-bio-coeur-baobab\/#primaryimage","url":"https:\/\/www.doucesangevines.com\/wp-content\/uploads\/2022\/03\/Le_Coeur_du_Baobab_savon_saponifie_a_froid-1.jpg","contentUrl":"https:\/\/www.doucesangevines.com\/wp-content\/uploads\/2022\/03\/Le_Coeur_du_Baobab_savon_saponifie_a_froid-1.jpg","width":1132,"height":1132,"caption":"Le Coeur du baobab savon corps bio saponifi\u00e9 \u00e0 froid - Douces Angevines"},{"@type":"BreadcrumbList","@id":"https:\/\/www.doucesangevines.com\/produit\/savon-bio-coeur-baobab\/#breadcrumb","itemListElement":[{"@type":"ListItem","position":1,"name":"Accueil","item":"https:\/\/www.doucesangevines.com\/"},{"@type":"ListItem","position":2,"name":"Boutique","item":"https:\/\/www.doucesangevines.com\/boutique\/"},{"@type":"ListItem","position":3,"name":"Savon Le C\u0153ur du Baobab"}]},{"@type":"WebSite","@id":"https:\/\/www.doucesangevines.com\/#website","url":"https:\/\/www.doucesangevines.com\/","name":"Douces Angevines","description":"Women Beauty Herbalists","publisher":{"@id":"https:\/\/www.doucesangevines.com\/#organization"},"potentialAction":[{"@type":"SearchAction","target":{"@type":"EntryPoint","urlTemplate":"https:\/\/www.doucesangevines.com\/?s={search_term_string}"},"query-input":{"@type":"PropertyValueSpecification","valueRequired":true,"valueName":"search_term_string"}}],"inLanguage":"en-GB"},{"@type":"Organization","@id":"https:\/\/www.doucesangevines.com\/#organization","name":"Douces Angevines","url":"https:\/\/www.doucesangevines.com\/","logo":{"@type":"ImageObject","inLanguage":"en-GB","@id":"https:\/\/www.doucesangevines.com\/#\/schema\/logo\/image\/","url":"https:\/\/www.doucesangevines.com\/wp-content\/uploads\/2022\/02\/douces-angevines-logo-2025.svg","contentUrl":"https:\/\/www.doucesangevines.com\/wp-content\/uploads\/2022\/02\/douces-angevines-logo-2025.svg","caption":"Douces Angevines"},"image":{"@id":"https:\/\/www.doucesangevines.com\/#\/schema\/logo\/image\/"},"sameAs":["https:\/\/fr-fr.facebook.com\/doucesangevines\/","https:\/\/www.instagram.com\/doucesangevines\/","https:\/\/www.youtube.com\/channel\/UCcbJc6Om9b7IZDHWj-osu6w"]}]}},"_links":{"self":[{"href":"https:\/\/www.doucesangevines.com\/en\/wp-json\/wp\/v2\/product\/2735","targetHints":{"allow":["GET"]}}],"collection":[{"href":"https:\/\/www.doucesangevines.com\/en\/wp-json\/wp\/v2\/product"}],"about":[{"href":"https:\/\/www.doucesangevines.com\/en\/wp-json\/wp\/v2\/types\/product"}],"wp:featuredmedia":[{"embeddable":true,"href":"https:\/\/www.doucesangevines.com\/en\/wp-json\/wp\/v2\/media\/3620"}],"wp:attachment":[{"href":"https:\/\/www.doucesangevines.com\/en\/wp-json\/wp\/v2\/media?parent=2735"}],"wp:term":[{"taxonomy":"product_featurescat","embeddable":true,"href":"https:\/\/www.doucesangevines.com\/en\/wp-json\/wp\/v2\/product_featurescat?post=2735"},{"taxonomy":"product_brand","embeddable":true,"href":"https:\/\/www.doucesangevines.com\/en\/wp-json\/wp\/v2\/product_brand?post=2735"},{"taxonomy":"product_cat","embeddable":true,"href":"https:\/\/www.doucesangevines.com\/en\/wp-json\/wp\/v2\/product_cat?post=2735"},{"taxonomy":"product_tag","embeddable":true,"href":"https:\/\/www.doucesangevines.com\/en\/wp-json\/wp\/v2\/product_tag?post=2735"}],"curies":[{"name":"wp","href":"https:\/\/api.w.org\/{rel}","templated":true}]}}