{"id":2742,"date":"2022-03-14T21:40:32","date_gmt":"2022-03-14T20:40:32","guid":{"rendered":"http:\/\/doucesangevines.com\/produit\/fee-proprette-format-familial\/"},"modified":"2026-01-07T10:02:10","modified_gmt":"2026-01-07T09:02:10","slug":"fee-proprette-format-familial","status":"publish","type":"product","link":"https:\/\/www.doucesangevines.com\/en\/product\/clean-fee-family-size\/","title":{"rendered":"F\u00e9e Proprette"},"content":{"rendered":"<p>F\u00e9e Proprette is a gentle cleanser for the sensitive skin of babies and young children. Its 100% vegetable formula takes care of the delicate skin of the toddlers.<br \/>\nThe soap-free composition does not attack the skin and respects its pH.<br \/>\nCe fluide nettoyant peut \u00e9galement convenir comme nettoyant corps et toilette intime pour les personnes \u00e0 l&#8217;\u00e9piderme tr\u00e8s sensible.<br \/>\nCe fluide a subi des tests d\u2019irritation cutan\u00e9e et oculaire, et de sensibilisation, sous contr\u00f4le dermatologique. (pas de tests sur animaux). Ces tests ont d\u00e9montr\u00e9 qu&#8217;il ne pr\u00e9sente pas de risque d\u2019intol\u00e9rance ou de sensibilisation.<\/p>\n<p>The maceration of Camomile Matricaire d&#039;Anjou brings its soothing softness even to the most sensitive areas of the still fragile epidermis of babies.<br \/>\nThe maceration of Pans\u00e9e sauvage, thanks to its purifying properties, softens the scalp, especially in the case of cradle cap, which it can help to prevent.<br \/>\nSafflower oil is very nourishing for the skin of babies whose hydrolipidic skin film is not yet consolidated.<br \/>\nQuelques huiles essentielles sont soigneusement s\u00e9lectionn\u00e9es pour leur douceur et leurs vertus apaisantes. Elles sont finement dos\u00e9es pour apporter leur fra\u00eecheur et leur effet stimulant.<\/p>","protected":false},"excerpt":{"rendered":"<p>Ce fluide grand format nettoie en douceur le visage et le corps des b\u00e9b\u00e9s et jeunes enfants gr\u00e2ce \u00e0 sa formule 100% v\u00e9g\u00e9tale tr\u00e8s apaisante. Il respecte l\u2019\u00e9quilibre d\u00e9licat des \u00e9pidermes sensibles. Il laisse la peau fra\u00eeche et douce, m\u00eame sur les zones les plus sensibles. Avec cette f\u00e9e d\u00e9licate les premiers instants de la toilette sont un r\u00eave.<\/p>","protected":false},"featured_media":12814,"template":"","meta":{"_acf_changed":false},"product_featurescat":[],"product_brand":[],"product_cat":[95,96],"product_tag":[193],"class_list":{"0":"post-2742","1":"product","2":"type-product","3":"status-publish","4":"has-post-thumbnail","6":"product_cat-visage","7":"product_cat-corps","8":"product_tag-bebe-maman","9":"pa_collections-enfants-des-collines","10":"pa_type-de-soin-savon-nettoyant","12":"first","13":"instock","14":"taxable","15":"shipping-taxable","16":"purchasable","17":"product-type-simple"},"acf":[],"yoast_head":"<!-- This site is optimized with the Yoast SEO plugin v27.4 - https:\/\/yoast.com\/product\/yoast-seo-wordpress\/ -->\n<title>F\u00e9e Proprette - Douces Angevines<\/title>\n<meta name=\"description\" content=\"Ce fluide nettoyant bio est parfait pour la toilette de b\u00e9b\u00e9 avec sa formule 100% v\u00e9g\u00e9tale tr\u00e8s apaisante. Il respecte la peau fragile des tout petits.\" \/>\n<meta name=\"robots\" content=\"index, follow, max-snippet:-1, max-image-preview:large, max-video-preview:-1\" \/>\n<link rel=\"canonical\" href=\"https:\/\/www.doucesangevines.com\/en\/product\/clean-fee-family-size\/\" \/>\n<meta property=\"og:locale\" content=\"en_GB\" \/>\n<meta property=\"og:type\" content=\"article\" \/>\n<meta property=\"og:title\" content=\"F\u00e9e Proprette - Douces Angevines\" \/>\n<meta property=\"og:description\" content=\"Ce fluide nettoyant bio est parfait pour la toilette de b\u00e9b\u00e9 avec sa formule 100% v\u00e9g\u00e9tale tr\u00e8s apaisante. Il respecte la peau fragile des tout petits.\" \/>\n<meta property=\"og:url\" content=\"https:\/\/www.doucesangevines.com\/en\/product\/clean-fee-family-size\/\" \/>\n<meta property=\"og:site_name\" content=\"Douces Angevines\" \/>\n<meta property=\"article:publisher\" content=\"https:\/\/fr-fr.facebook.com\/doucesangevines\/\" \/>\n<meta property=\"article:modified_time\" content=\"2026-01-07T09:02:10+00:00\" \/>\n<meta property=\"og:image\" content=\"https:\/\/www.doucesangevines.com\/wp-content\/uploads\/2022\/03\/24-Fee-Proprette-fluide-nettoyant-toilette-bebe.png\" \/>\n\t<meta property=\"og:image:width\" content=\"1132\" \/>\n\t<meta property=\"og:image:height\" content=\"1132\" \/>\n\t<meta property=\"og:image:type\" content=\"image\/png\" \/>\n<meta name=\"twitter:card\" content=\"summary_large_image\" \/>\n<meta name=\"twitter:label1\" content=\"Estimated reading time\" \/>\n\t<meta name=\"twitter:data1\" content=\"2 minutes\" \/>\n<script type=\"application\/ld+json\" class=\"yoast-schema-graph\">{\"@context\":\"https:\\\/\\\/schema.org\",\"@graph\":[{\"@type\":\"WebPage\",\"@id\":\"https:\\\/\\\/www.doucesangevines.com\\\/produit\\\/fee-proprette-format-familial\\\/\",\"url\":\"https:\\\/\\\/www.doucesangevines.com\\\/produit\\\/fee-proprette-format-familial\\\/\",\"name\":\"F\u00e9e Proprette - Douces Angevines\",\"isPartOf\":{\"@id\":\"https:\\\/\\\/www.doucesangevines.com\\\/#website\"},\"primaryImageOfPage\":{\"@id\":\"https:\\\/\\\/www.doucesangevines.com\\\/produit\\\/fee-proprette-format-familial\\\/#primaryimage\"},\"image\":{\"@id\":\"https:\\\/\\\/www.doucesangevines.com\\\/produit\\\/fee-proprette-format-familial\\\/#primaryimage\"},\"thumbnailUrl\":\"https:\\\/\\\/www.doucesangevines.com\\\/wp-content\\\/uploads\\\/2022\\\/03\\\/24-Fee-Proprette-fluide-nettoyant-toilette-bebe.png\",\"datePublished\":\"2022-03-14T20:40:32+00:00\",\"dateModified\":\"2026-01-07T09:02:10+00:00\",\"description\":\"Ce fluide nettoyant bio est parfait pour la toilette de b\u00e9b\u00e9 avec sa formule 100% v\u00e9g\u00e9tale tr\u00e8s apaisante. Il respecte la peau fragile des tout petits.\",\"breadcrumb\":{\"@id\":\"https:\\\/\\\/www.doucesangevines.com\\\/produit\\\/fee-proprette-format-familial\\\/#breadcrumb\"},\"inLanguage\":\"en-GB\",\"potentialAction\":[{\"@type\":\"ReadAction\",\"target\":[\"https:\\\/\\\/www.doucesangevines.com\\\/produit\\\/fee-proprette-format-familial\\\/\"]}]},{\"@type\":\"ImageObject\",\"inLanguage\":\"en-GB\",\"@id\":\"https:\\\/\\\/www.doucesangevines.com\\\/produit\\\/fee-proprette-format-familial\\\/#primaryimage\",\"url\":\"https:\\\/\\\/www.doucesangevines.com\\\/wp-content\\\/uploads\\\/2022\\\/03\\\/24-Fee-Proprette-fluide-nettoyant-toilette-bebe.png\",\"contentUrl\":\"https:\\\/\\\/www.doucesangevines.com\\\/wp-content\\\/uploads\\\/2022\\\/03\\\/24-Fee-Proprette-fluide-nettoyant-toilette-bebe.png\",\"width\":1132,\"height\":1132,\"caption\":\"F\u00e9e Proprette fludie nettoyant bio toilette b\u00e9b\u00e9\"},{\"@type\":\"BreadcrumbList\",\"@id\":\"https:\\\/\\\/www.doucesangevines.com\\\/produit\\\/fee-proprette-format-familial\\\/#breadcrumb\",\"itemListElement\":[{\"@type\":\"ListItem\",\"position\":1,\"name\":\"Accueil\",\"item\":\"https:\\\/\\\/www.doucesangevines.com\\\/\"},{\"@type\":\"ListItem\",\"position\":2,\"name\":\"Boutique\",\"item\":\"https:\\\/\\\/www.doucesangevines.com\\\/boutique\\\/\"},{\"@type\":\"ListItem\",\"position\":3,\"name\":\"F\u00e9e Proprette\"}]},{\"@type\":\"WebSite\",\"@id\":\"https:\\\/\\\/www.doucesangevines.com\\\/#website\",\"url\":\"https:\\\/\\\/www.doucesangevines.com\\\/\",\"name\":\"Douces Angevines\",\"description\":\"Femmes Herboristes de Beaut\u00e9\",\"publisher\":{\"@id\":\"https:\\\/\\\/www.doucesangevines.com\\\/#organization\"},\"potentialAction\":[{\"@type\":\"SearchAction\",\"target\":{\"@type\":\"EntryPoint\",\"urlTemplate\":\"https:\\\/\\\/www.doucesangevines.com\\\/?s={search_term_string}\"},\"query-input\":{\"@type\":\"PropertyValueSpecification\",\"valueRequired\":true,\"valueName\":\"search_term_string\"}}],\"inLanguage\":\"en-GB\"},{\"@type\":\"Organization\",\"@id\":\"https:\\\/\\\/www.doucesangevines.com\\\/#organization\",\"name\":\"Douces Angevines\",\"url\":\"https:\\\/\\\/www.doucesangevines.com\\\/\",\"logo\":{\"@type\":\"ImageObject\",\"inLanguage\":\"en-GB\",\"@id\":\"https:\\\/\\\/www.doucesangevines.com\\\/#\\\/schema\\\/logo\\\/image\\\/\",\"url\":\"https:\\\/\\\/www.doucesangevines.com\\\/wp-content\\\/uploads\\\/2022\\\/02\\\/douces-angevines-logo-2025.svg\",\"contentUrl\":\"https:\\\/\\\/www.doucesangevines.com\\\/wp-content\\\/uploads\\\/2022\\\/02\\\/douces-angevines-logo-2025.svg\",\"caption\":\"Douces Angevines\"},\"image\":{\"@id\":\"https:\\\/\\\/www.doucesangevines.com\\\/#\\\/schema\\\/logo\\\/image\\\/\"},\"sameAs\":[\"https:\\\/\\\/fr-fr.facebook.com\\\/doucesangevines\\\/\",\"https:\\\/\\\/www.instagram.com\\\/doucesangevines\\\/\",\"https:\\\/\\\/www.youtube.com\\\/channel\\\/UCcbJc6Om9b7IZDHWj-osu6w\"]}]}<\/script>\n<!-- \/ Yoast SEO plugin. -->","yoast_head_json":{"title":"F\u00e9e Proprette - Douces Angevines","description":"Ce fluide nettoyant bio est parfait pour la toilette de b\u00e9b\u00e9 avec sa formule 100% v\u00e9g\u00e9tale tr\u00e8s apaisante. Il respecte la peau fragile des tout petits.","robots":{"index":"index","follow":"follow","max-snippet":"max-snippet:-1","max-image-preview":"max-image-preview:large","max-video-preview":"max-video-preview:-1"},"canonical":"https:\/\/www.doucesangevines.com\/en\/product\/clean-fee-family-size\/","og_locale":"en_GB","og_type":"article","og_title":"F\u00e9e Proprette - Douces Angevines","og_description":"Ce fluide nettoyant bio est parfait pour la toilette de b\u00e9b\u00e9 avec sa formule 100% v\u00e9g\u00e9tale tr\u00e8s apaisante. Il respecte la peau fragile des tout petits.","og_url":"https:\/\/www.doucesangevines.com\/en\/product\/clean-fee-family-size\/","og_site_name":"Douces Angevines","article_publisher":"https:\/\/fr-fr.facebook.com\/doucesangevines\/","article_modified_time":"2026-01-07T09:02:10+00:00","og_image":[{"width":1132,"height":1132,"url":"https:\/\/www.doucesangevines.com\/wp-content\/uploads\/2022\/03\/24-Fee-Proprette-fluide-nettoyant-toilette-bebe.png","type":"image\/png"}],"twitter_card":"summary_large_image","twitter_misc":{"Estimated reading time":"2 minutes"},"schema":{"@context":"https:\/\/schema.org","@graph":[{"@type":"WebPage","@id":"https:\/\/www.doucesangevines.com\/produit\/fee-proprette-format-familial\/","url":"https:\/\/www.doucesangevines.com\/produit\/fee-proprette-format-familial\/","name":"F\u00e9e Proprette - Douces Angevines","isPartOf":{"@id":"https:\/\/www.doucesangevines.com\/#website"},"primaryImageOfPage":{"@id":"https:\/\/www.doucesangevines.com\/produit\/fee-proprette-format-familial\/#primaryimage"},"image":{"@id":"https:\/\/www.doucesangevines.com\/produit\/fee-proprette-format-familial\/#primaryimage"},"thumbnailUrl":"https:\/\/www.doucesangevines.com\/wp-content\/uploads\/2022\/03\/24-Fee-Proprette-fluide-nettoyant-toilette-bebe.png","datePublished":"2022-03-14T20:40:32+00:00","dateModified":"2026-01-07T09:02:10+00:00","description":"Ce fluide nettoyant bio est parfait pour la toilette de b\u00e9b\u00e9 avec sa formule 100% v\u00e9g\u00e9tale tr\u00e8s apaisante. Il respecte la peau fragile des tout petits.","breadcrumb":{"@id":"https:\/\/www.doucesangevines.com\/produit\/fee-proprette-format-familial\/#breadcrumb"},"inLanguage":"en-GB","potentialAction":[{"@type":"ReadAction","target":["https:\/\/www.doucesangevines.com\/produit\/fee-proprette-format-familial\/"]}]},{"@type":"ImageObject","inLanguage":"en-GB","@id":"https:\/\/www.doucesangevines.com\/produit\/fee-proprette-format-familial\/#primaryimage","url":"https:\/\/www.doucesangevines.com\/wp-content\/uploads\/2022\/03\/24-Fee-Proprette-fluide-nettoyant-toilette-bebe.png","contentUrl":"https:\/\/www.doucesangevines.com\/wp-content\/uploads\/2022\/03\/24-Fee-Proprette-fluide-nettoyant-toilette-bebe.png","width":1132,"height":1132,"caption":"F\u00e9e Proprette fludie nettoyant bio toilette b\u00e9b\u00e9"},{"@type":"BreadcrumbList","@id":"https:\/\/www.doucesangevines.com\/produit\/fee-proprette-format-familial\/#breadcrumb","itemListElement":[{"@type":"ListItem","position":1,"name":"Accueil","item":"https:\/\/www.doucesangevines.com\/"},{"@type":"ListItem","position":2,"name":"Boutique","item":"https:\/\/www.doucesangevines.com\/boutique\/"},{"@type":"ListItem","position":3,"name":"F\u00e9e Proprette"}]},{"@type":"WebSite","@id":"https:\/\/www.doucesangevines.com\/#website","url":"https:\/\/www.doucesangevines.com\/","name":"Douces Angevines","description":"Women Beauty Herbalists","publisher":{"@id":"https:\/\/www.doucesangevines.com\/#organization"},"potentialAction":[{"@type":"SearchAction","target":{"@type":"EntryPoint","urlTemplate":"https:\/\/www.doucesangevines.com\/?s={search_term_string}"},"query-input":{"@type":"PropertyValueSpecification","valueRequired":true,"valueName":"search_term_string"}}],"inLanguage":"en-GB"},{"@type":"Organization","@id":"https:\/\/www.doucesangevines.com\/#organization","name":"Douces Angevines","url":"https:\/\/www.doucesangevines.com\/","logo":{"@type":"ImageObject","inLanguage":"en-GB","@id":"https:\/\/www.doucesangevines.com\/#\/schema\/logo\/image\/","url":"https:\/\/www.doucesangevines.com\/wp-content\/uploads\/2022\/02\/douces-angevines-logo-2025.svg","contentUrl":"https:\/\/www.doucesangevines.com\/wp-content\/uploads\/2022\/02\/douces-angevines-logo-2025.svg","caption":"Douces Angevines"},"image":{"@id":"https:\/\/www.doucesangevines.com\/#\/schema\/logo\/image\/"},"sameAs":["https:\/\/fr-fr.facebook.com\/doucesangevines\/","https:\/\/www.instagram.com\/doucesangevines\/","https:\/\/www.youtube.com\/channel\/UCcbJc6Om9b7IZDHWj-osu6w"]}]}},"_links":{"self":[{"href":"https:\/\/www.doucesangevines.com\/en\/wp-json\/wp\/v2\/product\/2742","targetHints":{"allow":["GET"]}}],"collection":[{"href":"https:\/\/www.doucesangevines.com\/en\/wp-json\/wp\/v2\/product"}],"about":[{"href":"https:\/\/www.doucesangevines.com\/en\/wp-json\/wp\/v2\/types\/product"}],"wp:featuredmedia":[{"embeddable":true,"href":"https:\/\/www.doucesangevines.com\/en\/wp-json\/wp\/v2\/media\/12814"}],"wp:attachment":[{"href":"https:\/\/www.doucesangevines.com\/en\/wp-json\/wp\/v2\/media?parent=2742"}],"wp:term":[{"taxonomy":"product_featurescat","embeddable":true,"href":"https:\/\/www.doucesangevines.com\/en\/wp-json\/wp\/v2\/product_featurescat?post=2742"},{"taxonomy":"product_brand","embeddable":true,"href":"https:\/\/www.doucesangevines.com\/en\/wp-json\/wp\/v2\/product_brand?post=2742"},{"taxonomy":"product_cat","embeddable":true,"href":"https:\/\/www.doucesangevines.com\/en\/wp-json\/wp\/v2\/product_cat?post=2742"},{"taxonomy":"product_tag","embeddable":true,"href":"https:\/\/www.doucesangevines.com\/en\/wp-json\/wp\/v2\/product_tag?post=2742"}],"curies":[{"name":"wp","href":"https:\/\/api.w.org\/{rel}","templated":true}]}}