{"id":2746,"date":"2022-03-14T21:40:33","date_gmt":"2022-03-14T20:40:33","guid":{"rendered":"http:\/\/doucesangevines.com\/produit\/le-fluide-nourrissant-matin\/"},"modified":"2026-03-23T14:33:07","modified_gmt":"2026-03-23T13:33:07","slug":"fluide-nourrissant-matin","status":"publish","type":"product","link":"https:\/\/www.doucesangevines.com\/en\/product\/fluide-nourrissant-matin\/","title":{"rendered":"Matin Le fluide nourrissant"},"content":{"rendered":"<p>A la fois apr\u00e8s-rasage et soin de jour complet pour l&#8217;ensemble du visage, Matin est un fluide apaisant, nourrissant, \u00e9quilibrant et r\u00e9g\u00e9n\u00e9rant.<\/p>\n<p>Calendula d&#039;Anjou with healing, anti-inflammatory and purifying properties soothes and softens the skin.<br \/>\nRosehip plays a key role in epidermal regeneration, attenuation of scars and is excellent in preventing wrinkles.<br \/>\nHazelnut and Jojoba vegetable oils protect the epidermis and balance sebum production, for clear and purified skin.<br \/>\nLa synergie d&#8217;huiles essentielles de Petit Grain Bigarade, Basilic, Vetyver et G\u00e9ranium Odorant assure une action cicatrisante, r\u00e9g\u00e9n\u00e9rante et tonifiante \u00e0 ce soin.<\/p>","protected":false},"excerpt":{"rendered":"<p>APAISE, NOURRIT, PROTEGE<\/p>\n<p>Ce fluide-s\u00e9rum sans alcool est votre alli\u00e9 : c&#8217;est un soin complet visage qui calme le feu du rasoir et booster l&#8217;\u00e9clat et la fermet\u00e9 de la peau.\u00a0Il pr\u00e9vient la d\u00e9shydratation, procure une sensation imm\u00e9diate de confort. Matin laisse la peau saine, souple et \u00e9lastique et contribue \u00e0 retarder le vieillissement.<\/p>","protected":false},"featured_media":3622,"template":"","meta":{"_acf_changed":false},"product_featurescat":[187],"product_brand":[],"product_cat":[95],"product_tag":[194],"class_list":{"0":"post-2746","1":"product","2":"type-product","3":"status-publish","4":"has-post-thumbnail","6":"product_featurescat-pour-les-hommes","7":"product_cat-visage","8":"product_tag-homme","9":"pa_collections-barbes-douces","10":"pa_preoccupation-visage-deshydratation","11":"pa_preoccupation-visage-eclat","12":"pa_preoccupation-visage-fermete","13":"pa_preoccupation-visage-sensibilites-rougeurs","14":"pa_preoccupation-visage-secheresse","15":"pa_preoccupation-visage-rides-ridules","16":"pa_saison-ete","17":"pa_saison-printemps","18":"pa_saison-automne","19":"pa_saison-hiver","20":"pa_saison-toute-saison","21":"pa_type-de-peau-seche","22":"pa_type-de-peau-sensible","23":"pa_type-de-peau-normale","24":"pa_type-de-peau-mixte","25":"pa_type-de-peau-grasse","26":"pa_type-de-soin-soins-pour-homme","28":"first","29":"instock","30":"taxable","31":"shipping-taxable","32":"purchasable","33":"product-type-simple"},"acf":[],"yoast_head":"<!-- This site is optimized with the Yoast SEO plugin v27.4 - https:\/\/yoast.com\/product\/yoast-seo-wordpress\/ -->\n<title>Fluide nourrissant Matin - soin bio homme - Douces Angevines<\/title>\n<meta name=\"description\" content=\"Apr\u00e8s-rasage et soin visage complet, le fluide Matin nourrit, \u00e9quilibre, calme les irritations et pr\u00e9vient le vieillissement cutan\u00e9. Vegan.\" \/>\n<meta name=\"robots\" content=\"index, follow, max-snippet:-1, max-image-preview:large, max-video-preview:-1\" \/>\n<link rel=\"canonical\" href=\"https:\/\/www.doucesangevines.com\/en\/product\/fluide-nourrissant-matin\/\" \/>\n<meta property=\"og:locale\" content=\"en_GB\" \/>\n<meta property=\"og:type\" content=\"article\" \/>\n<meta property=\"og:title\" content=\"Fluide nourrissant Matin - soin bio homme - Douces Angevines\" \/>\n<meta property=\"og:description\" content=\"Apr\u00e8s-rasage et soin visage complet, le fluide Matin nourrit, \u00e9quilibre, calme les irritations et pr\u00e9vient le vieillissement cutan\u00e9. Vegan.\" \/>\n<meta property=\"og:url\" content=\"https:\/\/www.doucesangevines.com\/en\/product\/fluide-nourrissant-matin\/\" \/>\n<meta property=\"og:site_name\" content=\"Douces Angevines\" \/>\n<meta property=\"article:publisher\" content=\"https:\/\/fr-fr.facebook.com\/doucesangevines\/\" \/>\n<meta property=\"article:modified_time\" content=\"2026-03-23T13:33:07+00:00\" \/>\n<meta property=\"og:image\" content=\"https:\/\/www.doucesangevines.com\/wp-content\/uploads\/2022\/03\/Le_Fluide_Nourrissant_Matin_apres_rasage-1.jpg\" \/>\n\t<meta property=\"og:image:width\" content=\"1132\" \/>\n\t<meta property=\"og:image:height\" content=\"1132\" \/>\n\t<meta property=\"og:image:type\" content=\"image\/jpeg\" \/>\n<meta name=\"twitter:card\" content=\"summary_large_image\" \/>\n<meta name=\"twitter:label1\" content=\"Estimated reading time\" \/>\n\t<meta name=\"twitter:data1\" content=\"1 minute\" \/>\n<script type=\"application\/ld+json\" class=\"yoast-schema-graph\">{\"@context\":\"https:\\\/\\\/schema.org\",\"@graph\":[{\"@type\":\"WebPage\",\"@id\":\"https:\\\/\\\/www.doucesangevines.com\\\/produit\\\/fluide-nourrissant-matin\\\/\",\"url\":\"https:\\\/\\\/www.doucesangevines.com\\\/produit\\\/fluide-nourrissant-matin\\\/\",\"name\":\"Fluide nourrissant Matin - soin bio homme - Douces Angevines\",\"isPartOf\":{\"@id\":\"https:\\\/\\\/www.doucesangevines.com\\\/#website\"},\"primaryImageOfPage\":{\"@id\":\"https:\\\/\\\/www.doucesangevines.com\\\/produit\\\/fluide-nourrissant-matin\\\/#primaryimage\"},\"image\":{\"@id\":\"https:\\\/\\\/www.doucesangevines.com\\\/produit\\\/fluide-nourrissant-matin\\\/#primaryimage\"},\"thumbnailUrl\":\"https:\\\/\\\/www.doucesangevines.com\\\/wp-content\\\/uploads\\\/2022\\\/03\\\/Le_Fluide_Nourrissant_Matin_apres_rasage-1.jpg\",\"datePublished\":\"2022-03-14T20:40:33+00:00\",\"dateModified\":\"2026-03-23T13:33:07+00:00\",\"description\":\"Apr\u00e8s-rasage et soin visage complet, le fluide Matin nourrit, \u00e9quilibre, calme les irritations et pr\u00e9vient le vieillissement cutan\u00e9. Vegan.\",\"breadcrumb\":{\"@id\":\"https:\\\/\\\/www.doucesangevines.com\\\/produit\\\/fluide-nourrissant-matin\\\/#breadcrumb\"},\"inLanguage\":\"en-GB\",\"potentialAction\":[{\"@type\":\"ReadAction\",\"target\":[\"https:\\\/\\\/www.doucesangevines.com\\\/produit\\\/fluide-nourrissant-matin\\\/\"]}]},{\"@type\":\"ImageObject\",\"inLanguage\":\"en-GB\",\"@id\":\"https:\\\/\\\/www.doucesangevines.com\\\/produit\\\/fluide-nourrissant-matin\\\/#primaryimage\",\"url\":\"https:\\\/\\\/www.doucesangevines.com\\\/wp-content\\\/uploads\\\/2022\\\/03\\\/Le_Fluide_Nourrissant_Matin_apres_rasage-1.jpg\",\"contentUrl\":\"https:\\\/\\\/www.doucesangevines.com\\\/wp-content\\\/uploads\\\/2022\\\/03\\\/Le_Fluide_Nourrissant_Matin_apres_rasage-1.jpg\",\"width\":1132,\"height\":1132,\"caption\":\"Le fluide nourrissant MAtin soin visage apr\u00e8s rasage homme bio - Douces Angevines\"},{\"@type\":\"BreadcrumbList\",\"@id\":\"https:\\\/\\\/www.doucesangevines.com\\\/produit\\\/fluide-nourrissant-matin\\\/#breadcrumb\",\"itemListElement\":[{\"@type\":\"ListItem\",\"position\":1,\"name\":\"Accueil\",\"item\":\"https:\\\/\\\/www.doucesangevines.com\\\/\"},{\"@type\":\"ListItem\",\"position\":2,\"name\":\"Boutique\",\"item\":\"https:\\\/\\\/www.doucesangevines.com\\\/boutique\\\/\"},{\"@type\":\"ListItem\",\"position\":3,\"name\":\"Matin Le fluide nourrissant\"}]},{\"@type\":\"WebSite\",\"@id\":\"https:\\\/\\\/www.doucesangevines.com\\\/#website\",\"url\":\"https:\\\/\\\/www.doucesangevines.com\\\/\",\"name\":\"Douces Angevines\",\"description\":\"Femmes Herboristes de Beaut\u00e9\",\"publisher\":{\"@id\":\"https:\\\/\\\/www.doucesangevines.com\\\/#organization\"},\"potentialAction\":[{\"@type\":\"SearchAction\",\"target\":{\"@type\":\"EntryPoint\",\"urlTemplate\":\"https:\\\/\\\/www.doucesangevines.com\\\/?s={search_term_string}\"},\"query-input\":{\"@type\":\"PropertyValueSpecification\",\"valueRequired\":true,\"valueName\":\"search_term_string\"}}],\"inLanguage\":\"en-GB\"},{\"@type\":\"Organization\",\"@id\":\"https:\\\/\\\/www.doucesangevines.com\\\/#organization\",\"name\":\"Douces Angevines\",\"url\":\"https:\\\/\\\/www.doucesangevines.com\\\/\",\"logo\":{\"@type\":\"ImageObject\",\"inLanguage\":\"en-GB\",\"@id\":\"https:\\\/\\\/www.doucesangevines.com\\\/#\\\/schema\\\/logo\\\/image\\\/\",\"url\":\"https:\\\/\\\/www.doucesangevines.com\\\/wp-content\\\/uploads\\\/2022\\\/02\\\/douces-angevines-logo-2025.svg\",\"contentUrl\":\"https:\\\/\\\/www.doucesangevines.com\\\/wp-content\\\/uploads\\\/2022\\\/02\\\/douces-angevines-logo-2025.svg\",\"caption\":\"Douces Angevines\"},\"image\":{\"@id\":\"https:\\\/\\\/www.doucesangevines.com\\\/#\\\/schema\\\/logo\\\/image\\\/\"},\"sameAs\":[\"https:\\\/\\\/fr-fr.facebook.com\\\/doucesangevines\\\/\",\"https:\\\/\\\/www.instagram.com\\\/doucesangevines\\\/\",\"https:\\\/\\\/www.youtube.com\\\/channel\\\/UCcbJc6Om9b7IZDHWj-osu6w\"]}]}<\/script>\n<!-- \/ Yoast SEO plugin. -->","yoast_head_json":{"title":"Nourishing Morning Fluid - organic skincare for men - Douces Angevines","description":"After-shave and complete face care, the Morning fluid nourishes, balances, calms irritations and prevents skin aging. Vegan.","robots":{"index":"index","follow":"follow","max-snippet":"max-snippet:-1","max-image-preview":"max-image-preview:large","max-video-preview":"max-video-preview:-1"},"canonical":"https:\/\/www.doucesangevines.com\/en\/product\/fluide-nourrissant-matin\/","og_locale":"en_GB","og_type":"article","og_title":"Fluide nourrissant Matin - soin bio homme - Douces Angevines","og_description":"Apr\u00e8s-rasage et soin visage complet, le fluide Matin nourrit, \u00e9quilibre, calme les irritations et pr\u00e9vient le vieillissement cutan\u00e9. Vegan.","og_url":"https:\/\/www.doucesangevines.com\/en\/product\/fluide-nourrissant-matin\/","og_site_name":"Douces Angevines","article_publisher":"https:\/\/fr-fr.facebook.com\/doucesangevines\/","article_modified_time":"2026-03-23T13:33:07+00:00","og_image":[{"width":1132,"height":1132,"url":"https:\/\/www.doucesangevines.com\/wp-content\/uploads\/2022\/03\/Le_Fluide_Nourrissant_Matin_apres_rasage-1.jpg","type":"image\/jpeg"}],"twitter_card":"summary_large_image","twitter_misc":{"Estimated reading time":"1 minute"},"schema":{"@context":"https:\/\/schema.org","@graph":[{"@type":"WebPage","@id":"https:\/\/www.doucesangevines.com\/produit\/fluide-nourrissant-matin\/","url":"https:\/\/www.doucesangevines.com\/produit\/fluide-nourrissant-matin\/","name":"Nourishing Morning Fluid - organic skincare for men - Douces Angevines","isPartOf":{"@id":"https:\/\/www.doucesangevines.com\/#website"},"primaryImageOfPage":{"@id":"https:\/\/www.doucesangevines.com\/produit\/fluide-nourrissant-matin\/#primaryimage"},"image":{"@id":"https:\/\/www.doucesangevines.com\/produit\/fluide-nourrissant-matin\/#primaryimage"},"thumbnailUrl":"https:\/\/www.doucesangevines.com\/wp-content\/uploads\/2022\/03\/Le_Fluide_Nourrissant_Matin_apres_rasage-1.jpg","datePublished":"2022-03-14T20:40:33+00:00","dateModified":"2026-03-23T13:33:07+00:00","description":"After-shave and complete face care, the Morning fluid nourishes, balances, calms irritations and prevents skin aging. Vegan.","breadcrumb":{"@id":"https:\/\/www.doucesangevines.com\/produit\/fluide-nourrissant-matin\/#breadcrumb"},"inLanguage":"en-GB","potentialAction":[{"@type":"ReadAction","target":["https:\/\/www.doucesangevines.com\/produit\/fluide-nourrissant-matin\/"]}]},{"@type":"ImageObject","inLanguage":"en-GB","@id":"https:\/\/www.doucesangevines.com\/produit\/fluide-nourrissant-matin\/#primaryimage","url":"https:\/\/www.doucesangevines.com\/wp-content\/uploads\/2022\/03\/Le_Fluide_Nourrissant_Matin_apres_rasage-1.jpg","contentUrl":"https:\/\/www.doucesangevines.com\/wp-content\/uploads\/2022\/03\/Le_Fluide_Nourrissant_Matin_apres_rasage-1.jpg","width":1132,"height":1132,"caption":"Le fluide nourrissant MAtin soin visage apr\u00e8s rasage homme bio - Douces Angevines"},{"@type":"BreadcrumbList","@id":"https:\/\/www.doucesangevines.com\/produit\/fluide-nourrissant-matin\/#breadcrumb","itemListElement":[{"@type":"ListItem","position":1,"name":"Accueil","item":"https:\/\/www.doucesangevines.com\/"},{"@type":"ListItem","position":2,"name":"Boutique","item":"https:\/\/www.doucesangevines.com\/boutique\/"},{"@type":"ListItem","position":3,"name":"Matin Le fluide nourrissant"}]},{"@type":"WebSite","@id":"https:\/\/www.doucesangevines.com\/#website","url":"https:\/\/www.doucesangevines.com\/","name":"Douces Angevines","description":"Women Beauty Herbalists","publisher":{"@id":"https:\/\/www.doucesangevines.com\/#organization"},"potentialAction":[{"@type":"SearchAction","target":{"@type":"EntryPoint","urlTemplate":"https:\/\/www.doucesangevines.com\/?s={search_term_string}"},"query-input":{"@type":"PropertyValueSpecification","valueRequired":true,"valueName":"search_term_string"}}],"inLanguage":"en-GB"},{"@type":"Organization","@id":"https:\/\/www.doucesangevines.com\/#organization","name":"Douces Angevines","url":"https:\/\/www.doucesangevines.com\/","logo":{"@type":"ImageObject","inLanguage":"en-GB","@id":"https:\/\/www.doucesangevines.com\/#\/schema\/logo\/image\/","url":"https:\/\/www.doucesangevines.com\/wp-content\/uploads\/2022\/02\/douces-angevines-logo-2025.svg","contentUrl":"https:\/\/www.doucesangevines.com\/wp-content\/uploads\/2022\/02\/douces-angevines-logo-2025.svg","caption":"Douces Angevines"},"image":{"@id":"https:\/\/www.doucesangevines.com\/#\/schema\/logo\/image\/"},"sameAs":["https:\/\/fr-fr.facebook.com\/doucesangevines\/","https:\/\/www.instagram.com\/doucesangevines\/","https:\/\/www.youtube.com\/channel\/UCcbJc6Om9b7IZDHWj-osu6w"]}]}},"_links":{"self":[{"href":"https:\/\/www.doucesangevines.com\/en\/wp-json\/wp\/v2\/product\/2746","targetHints":{"allow":["GET"]}}],"collection":[{"href":"https:\/\/www.doucesangevines.com\/en\/wp-json\/wp\/v2\/product"}],"about":[{"href":"https:\/\/www.doucesangevines.com\/en\/wp-json\/wp\/v2\/types\/product"}],"wp:featuredmedia":[{"embeddable":true,"href":"https:\/\/www.doucesangevines.com\/en\/wp-json\/wp\/v2\/media\/3622"}],"wp:attachment":[{"href":"https:\/\/www.doucesangevines.com\/en\/wp-json\/wp\/v2\/media?parent=2746"}],"wp:term":[{"taxonomy":"product_featurescat","embeddable":true,"href":"https:\/\/www.doucesangevines.com\/en\/wp-json\/wp\/v2\/product_featurescat?post=2746"},{"taxonomy":"product_brand","embeddable":true,"href":"https:\/\/www.doucesangevines.com\/en\/wp-json\/wp\/v2\/product_brand?post=2746"},{"taxonomy":"product_cat","embeddable":true,"href":"https:\/\/www.doucesangevines.com\/en\/wp-json\/wp\/v2\/product_cat?post=2746"},{"taxonomy":"product_tag","embeddable":true,"href":"https:\/\/www.doucesangevines.com\/en\/wp-json\/wp\/v2\/product_tag?post=2746"}],"curies":[{"name":"wp","href":"https:\/\/api.w.org\/{rel}","templated":true}]}}