{"id":2749,"date":"2022-03-14T21:40:33","date_gmt":"2022-03-14T20:40:33","guid":{"rendered":"http:\/\/doucesangevines.com\/produit\/achille\/"},"modified":"2026-03-11T16:58:54","modified_gmt":"2026-03-11T15:58:54","slug":"achille-lotion-pieds-en-forme","status":"publish","type":"product","link":"https:\/\/www.doucesangevines.com\/en\/product\/achille-purifying-foot-care\/","title":{"rendered":"Achille"},"content":{"rendered":"<p>Achilles Lotion provides instant refreshment for hot or sore feet and helps soften sensitive areas.<\/p>\n<p>Plant friends generously offer their virtues and their precious actions:<br \/>\nVetiver root from Madagascar is remarkable for its effectiveness and gentleness.<br \/>\nMyrrh from Ethiopia has been known since antiquity for its restructuring and purifying action.<br \/>\nThe hydrolats of Mint, floral tops of Roman Chamomile provide freshness and softness.<\/p>","protected":false},"excerpt":{"rendered":"<p>SOS for overheated, damaged feet. This lotion helps to find purity, freshness, comfort and tonus at any time. It respects the positive flora of the skin, stimulates the balance of perspiration and is suitable for weakened skin.<\/p>","protected":false},"featured_media":3550,"template":"","meta":{"_acf_changed":false},"product_featurescat":[],"product_brand":[],"product_cat":[96],"product_tag":[194],"class_list":{"0":"post-2749","1":"product","2":"type-product","3":"status-publish","4":"has-post-thumbnail","6":"product_cat-corps","7":"product_tag-homme","8":"pa_collections-la-petite-herboriste","9":"pa_saison-ete","10":"pa_saison-toute-saison","11":"pa_type-de-soin-soins-dherboriste","13":"first","14":"instock","15":"taxable","16":"shipping-taxable","17":"purchasable","18":"product-type-simple"},"acf":[],"yoast_head":"<!-- This site is optimized with the Yoast SEO plugin v27.5 - https:\/\/yoast.com\/product\/yoast-seo-wordpress\/ -->\n<title>Achille - Lotion pieds en forme - Douces Angevines<\/title>\n<meta name=\"description\" content=\"Ce spray bio rafra\u00eechit et purifie les pieds. Il r\u00e9gule la transpiration et les mauvaises odeurs, purifie et tonifie les pieds \u00e9chauff\u00e9s.\" \/>\n<meta name=\"robots\" content=\"index, follow, max-snippet:-1, max-image-preview:large, max-video-preview:-1\" \/>\n<link rel=\"canonical\" href=\"https:\/\/www.doucesangevines.com\/en\/product\/achille-purifying-foot-care\/\" \/>\n<meta property=\"og:locale\" content=\"en_GB\" \/>\n<meta property=\"og:type\" content=\"article\" \/>\n<meta property=\"og:title\" content=\"Achille - Lotion pieds en forme - Douces Angevines\" \/>\n<meta property=\"og:description\" content=\"Ce spray bio rafra\u00eechit et purifie les pieds. Il r\u00e9gule la transpiration et les mauvaises odeurs, purifie et tonifie les pieds \u00e9chauff\u00e9s.\" \/>\n<meta property=\"og:url\" content=\"https:\/\/www.doucesangevines.com\/en\/product\/achille-purifying-foot-care\/\" \/>\n<meta property=\"og:site_name\" content=\"Douces Angevines\" \/>\n<meta property=\"article:publisher\" content=\"https:\/\/fr-fr.facebook.com\/doucesangevines\/\" \/>\n<meta property=\"article:modified_time\" content=\"2026-03-11T15:58:54+00:00\" \/>\n<meta property=\"og:image\" content=\"https:\/\/www.doucesangevines.com\/wp-content\/uploads\/2022\/03\/Achille_lotion_pieds_purifiant_rafraichissant-1.jpg\" \/>\n\t<meta property=\"og:image:width\" content=\"1132\" \/>\n\t<meta property=\"og:image:height\" content=\"1132\" \/>\n\t<meta property=\"og:image:type\" content=\"image\/jpeg\" \/>\n<meta name=\"twitter:card\" content=\"summary_large_image\" \/>\n<meta name=\"twitter:label1\" content=\"Estimated reading time\" \/>\n\t<meta name=\"twitter:data1\" content=\"1 minute\" \/>\n<script type=\"application\/ld+json\" class=\"yoast-schema-graph\">{\"@context\":\"https:\\\/\\\/schema.org\",\"@graph\":[{\"@type\":\"WebPage\",\"@id\":\"https:\\\/\\\/www.doucesangevines.com\\\/produit\\\/achille-lotion-pieds-en-forme\\\/\",\"url\":\"https:\\\/\\\/www.doucesangevines.com\\\/produit\\\/achille-lotion-pieds-en-forme\\\/\",\"name\":\"Achille - Lotion pieds en forme - Douces Angevines\",\"isPartOf\":{\"@id\":\"https:\\\/\\\/www.doucesangevines.com\\\/#website\"},\"primaryImageOfPage\":{\"@id\":\"https:\\\/\\\/www.doucesangevines.com\\\/produit\\\/achille-lotion-pieds-en-forme\\\/#primaryimage\"},\"image\":{\"@id\":\"https:\\\/\\\/www.doucesangevines.com\\\/produit\\\/achille-lotion-pieds-en-forme\\\/#primaryimage\"},\"thumbnailUrl\":\"https:\\\/\\\/www.doucesangevines.com\\\/wp-content\\\/uploads\\\/2022\\\/03\\\/Achille_lotion_pieds_purifiant_rafraichissant-1.jpg\",\"datePublished\":\"2022-03-14T20:40:33+00:00\",\"dateModified\":\"2026-03-11T15:58:54+00:00\",\"description\":\"Ce spray bio rafra\u00eechit et purifie les pieds. Il r\u00e9gule la transpiration et les mauvaises odeurs, purifie et tonifie les pieds \u00e9chauff\u00e9s.\",\"breadcrumb\":{\"@id\":\"https:\\\/\\\/www.doucesangevines.com\\\/produit\\\/achille-lotion-pieds-en-forme\\\/#breadcrumb\"},\"inLanguage\":\"en-GB\",\"potentialAction\":[{\"@type\":\"ReadAction\",\"target\":[\"https:\\\/\\\/www.doucesangevines.com\\\/produit\\\/achille-lotion-pieds-en-forme\\\/\"]}]},{\"@type\":\"ImageObject\",\"inLanguage\":\"en-GB\",\"@id\":\"https:\\\/\\\/www.doucesangevines.com\\\/produit\\\/achille-lotion-pieds-en-forme\\\/#primaryimage\",\"url\":\"https:\\\/\\\/www.doucesangevines.com\\\/wp-content\\\/uploads\\\/2022\\\/03\\\/Achille_lotion_pieds_purifiant_rafraichissant-1.jpg\",\"contentUrl\":\"https:\\\/\\\/www.doucesangevines.com\\\/wp-content\\\/uploads\\\/2022\\\/03\\\/Achille_lotion_pieds_purifiant_rafraichissant-1.jpg\",\"width\":1132,\"height\":1132,\"caption\":\"Achille lotion pour les pieds rafraichissante assainissante bio - Douces Angevines\"},{\"@type\":\"BreadcrumbList\",\"@id\":\"https:\\\/\\\/www.doucesangevines.com\\\/produit\\\/achille-lotion-pieds-en-forme\\\/#breadcrumb\",\"itemListElement\":[{\"@type\":\"ListItem\",\"position\":1,\"name\":\"Accueil\",\"item\":\"https:\\\/\\\/www.doucesangevines.com\\\/\"},{\"@type\":\"ListItem\",\"position\":2,\"name\":\"Boutique\",\"item\":\"https:\\\/\\\/www.doucesangevines.com\\\/boutique\\\/\"},{\"@type\":\"ListItem\",\"position\":3,\"name\":\"Achille\"}]},{\"@type\":\"WebSite\",\"@id\":\"https:\\\/\\\/www.doucesangevines.com\\\/#website\",\"url\":\"https:\\\/\\\/www.doucesangevines.com\\\/\",\"name\":\"Douces Angevines\",\"description\":\"Femmes Herboristes de Beaut\u00e9\",\"publisher\":{\"@id\":\"https:\\\/\\\/www.doucesangevines.com\\\/#organization\"},\"potentialAction\":[{\"@type\":\"SearchAction\",\"target\":{\"@type\":\"EntryPoint\",\"urlTemplate\":\"https:\\\/\\\/www.doucesangevines.com\\\/?s={search_term_string}\"},\"query-input\":{\"@type\":\"PropertyValueSpecification\",\"valueRequired\":true,\"valueName\":\"search_term_string\"}}],\"inLanguage\":\"en-GB\"},{\"@type\":\"Organization\",\"@id\":\"https:\\\/\\\/www.doucesangevines.com\\\/#organization\",\"name\":\"Douces Angevines\",\"url\":\"https:\\\/\\\/www.doucesangevines.com\\\/\",\"logo\":{\"@type\":\"ImageObject\",\"inLanguage\":\"en-GB\",\"@id\":\"https:\\\/\\\/www.doucesangevines.com\\\/#\\\/schema\\\/logo\\\/image\\\/\",\"url\":\"https:\\\/\\\/www.doucesangevines.com\\\/wp-content\\\/uploads\\\/2022\\\/02\\\/douces-angevines-logo-2025.svg\",\"contentUrl\":\"https:\\\/\\\/www.doucesangevines.com\\\/wp-content\\\/uploads\\\/2022\\\/02\\\/douces-angevines-logo-2025.svg\",\"caption\":\"Douces Angevines\"},\"image\":{\"@id\":\"https:\\\/\\\/www.doucesangevines.com\\\/#\\\/schema\\\/logo\\\/image\\\/\"},\"sameAs\":[\"https:\\\/\\\/fr-fr.facebook.com\\\/doucesangevines\\\/\",\"https:\\\/\\\/www.instagram.com\\\/doucesangevines\\\/\",\"https:\\\/\\\/www.youtube.com\\\/channel\\\/UCcbJc6Om9b7IZDHWj-osu6w\"]}]}<\/script>\n<!-- \/ Yoast SEO plugin. -->","yoast_head_json":{"title":"Achille - Shaped foot lotion - Douces Angevines","description":"This organic spray refreshes and purifies the feet. It regulates perspiration and bad odors, purifies and tones overheated feet.","robots":{"index":"index","follow":"follow","max-snippet":"max-snippet:-1","max-image-preview":"max-image-preview:large","max-video-preview":"max-video-preview:-1"},"canonical":"https:\/\/www.doucesangevines.com\/en\/product\/achille-purifying-foot-care\/","og_locale":"en_GB","og_type":"article","og_title":"Achille - Lotion pieds en forme - Douces Angevines","og_description":"Ce spray bio rafra\u00eechit et purifie les pieds. Il r\u00e9gule la transpiration et les mauvaises odeurs, purifie et tonifie les pieds \u00e9chauff\u00e9s.","og_url":"https:\/\/www.doucesangevines.com\/en\/product\/achille-purifying-foot-care\/","og_site_name":"Douces Angevines","article_publisher":"https:\/\/fr-fr.facebook.com\/doucesangevines\/","article_modified_time":"2026-03-11T15:58:54+00:00","og_image":[{"width":1132,"height":1132,"url":"https:\/\/www.doucesangevines.com\/wp-content\/uploads\/2022\/03\/Achille_lotion_pieds_purifiant_rafraichissant-1.jpg","type":"image\/jpeg"}],"twitter_card":"summary_large_image","twitter_misc":{"Estimated reading time":"1 minute"},"schema":{"@context":"https:\/\/schema.org","@graph":[{"@type":"WebPage","@id":"https:\/\/www.doucesangevines.com\/produit\/achille-lotion-pieds-en-forme\/","url":"https:\/\/www.doucesangevines.com\/produit\/achille-lotion-pieds-en-forme\/","name":"Achille - Shaped foot lotion - Douces Angevines","isPartOf":{"@id":"https:\/\/www.doucesangevines.com\/#website"},"primaryImageOfPage":{"@id":"https:\/\/www.doucesangevines.com\/produit\/achille-lotion-pieds-en-forme\/#primaryimage"},"image":{"@id":"https:\/\/www.doucesangevines.com\/produit\/achille-lotion-pieds-en-forme\/#primaryimage"},"thumbnailUrl":"https:\/\/www.doucesangevines.com\/wp-content\/uploads\/2022\/03\/Achille_lotion_pieds_purifiant_rafraichissant-1.jpg","datePublished":"2022-03-14T20:40:33+00:00","dateModified":"2026-03-11T15:58:54+00:00","description":"This organic spray refreshes and purifies the feet. It regulates perspiration and bad odors, purifies and tones overheated feet.","breadcrumb":{"@id":"https:\/\/www.doucesangevines.com\/produit\/achille-lotion-pieds-en-forme\/#breadcrumb"},"inLanguage":"en-GB","potentialAction":[{"@type":"ReadAction","target":["https:\/\/www.doucesangevines.com\/produit\/achille-lotion-pieds-en-forme\/"]}]},{"@type":"ImageObject","inLanguage":"en-GB","@id":"https:\/\/www.doucesangevines.com\/produit\/achille-lotion-pieds-en-forme\/#primaryimage","url":"https:\/\/www.doucesangevines.com\/wp-content\/uploads\/2022\/03\/Achille_lotion_pieds_purifiant_rafraichissant-1.jpg","contentUrl":"https:\/\/www.doucesangevines.com\/wp-content\/uploads\/2022\/03\/Achille_lotion_pieds_purifiant_rafraichissant-1.jpg","width":1132,"height":1132,"caption":"Achille lotion pour les pieds rafraichissante assainissante bio - Douces Angevines"},{"@type":"BreadcrumbList","@id":"https:\/\/www.doucesangevines.com\/produit\/achille-lotion-pieds-en-forme\/#breadcrumb","itemListElement":[{"@type":"ListItem","position":1,"name":"Accueil","item":"https:\/\/www.doucesangevines.com\/"},{"@type":"ListItem","position":2,"name":"Boutique","item":"https:\/\/www.doucesangevines.com\/boutique\/"},{"@type":"ListItem","position":3,"name":"Achille"}]},{"@type":"WebSite","@id":"https:\/\/www.doucesangevines.com\/#website","url":"https:\/\/www.doucesangevines.com\/","name":"Douces Angevines","description":"Women Beauty Herbalists","publisher":{"@id":"https:\/\/www.doucesangevines.com\/#organization"},"potentialAction":[{"@type":"SearchAction","target":{"@type":"EntryPoint","urlTemplate":"https:\/\/www.doucesangevines.com\/?s={search_term_string}"},"query-input":{"@type":"PropertyValueSpecification","valueRequired":true,"valueName":"search_term_string"}}],"inLanguage":"en-GB"},{"@type":"Organization","@id":"https:\/\/www.doucesangevines.com\/#organization","name":"Douces Angevines","url":"https:\/\/www.doucesangevines.com\/","logo":{"@type":"ImageObject","inLanguage":"en-GB","@id":"https:\/\/www.doucesangevines.com\/#\/schema\/logo\/image\/","url":"https:\/\/www.doucesangevines.com\/wp-content\/uploads\/2022\/02\/douces-angevines-logo-2025.svg","contentUrl":"https:\/\/www.doucesangevines.com\/wp-content\/uploads\/2022\/02\/douces-angevines-logo-2025.svg","caption":"Douces Angevines"},"image":{"@id":"https:\/\/www.doucesangevines.com\/#\/schema\/logo\/image\/"},"sameAs":["https:\/\/fr-fr.facebook.com\/doucesangevines\/","https:\/\/www.instagram.com\/doucesangevines\/","https:\/\/www.youtube.com\/channel\/UCcbJc6Om9b7IZDHWj-osu6w"]}]}},"_links":{"self":[{"href":"https:\/\/www.doucesangevines.com\/en\/wp-json\/wp\/v2\/product\/2749","targetHints":{"allow":["GET"]}}],"collection":[{"href":"https:\/\/www.doucesangevines.com\/en\/wp-json\/wp\/v2\/product"}],"about":[{"href":"https:\/\/www.doucesangevines.com\/en\/wp-json\/wp\/v2\/types\/product"}],"wp:featuredmedia":[{"embeddable":true,"href":"https:\/\/www.doucesangevines.com\/en\/wp-json\/wp\/v2\/media\/3550"}],"wp:attachment":[{"href":"https:\/\/www.doucesangevines.com\/en\/wp-json\/wp\/v2\/media?parent=2749"}],"wp:term":[{"taxonomy":"product_featurescat","embeddable":true,"href":"https:\/\/www.doucesangevines.com\/en\/wp-json\/wp\/v2\/product_featurescat?post=2749"},{"taxonomy":"product_brand","embeddable":true,"href":"https:\/\/www.doucesangevines.com\/en\/wp-json\/wp\/v2\/product_brand?post=2749"},{"taxonomy":"product_cat","embeddable":true,"href":"https:\/\/www.doucesangevines.com\/en\/wp-json\/wp\/v2\/product_cat?post=2749"},{"taxonomy":"product_tag","embeddable":true,"href":"https:\/\/www.doucesangevines.com\/en\/wp-json\/wp\/v2\/product_tag?post=2749"}],"curies":[{"name":"wp","href":"https:\/\/api.w.org\/{rel}","templated":true}]}}