{"id":2752,"date":"2022-03-14T21:40:33","date_gmt":"2022-03-14T20:40:33","guid":{"rendered":"http:\/\/doucesangevines.com\/produit\/fee-luzette\/"},"modified":"2026-01-07T10:02:25","modified_gmt":"2026-01-07T09:02:25","slug":"fee-luzette-peau-fragile-de-bebe","status":"publish","type":"product","link":"https:\/\/www.doucesangevines.com\/en\/product\/fee-luzette-babies\/","title":{"rendered":"F\u00e9e Luzette"},"content":{"rendered":"<p>Un fluide tendre pour les b\u00e9b\u00e9s, id\u00e9al pour les premiers massages. Il nourrit et apaise toutes les zones fragiles et irrit\u00e9es. Il est aussi pour soulager la poitrine durant l&#8217;allaitement.<\/p>\n<p>The macerations of Matricaria and Calendula d'Anjou bring their soothing and softening properties. Thanks to its purifying virtues, Wild Pansy softens the scalp, especially in the case of cradle cap.<br \/>\nVegetable oils, rich in natural vitamins, protect and nourish very young skin. Manual pruning and crushing of the seeds just before truly cold pressing (max. 30\u00b0) of the Sicilian sweet almond oil gives F\u00e9e Luzette supreme quality!<br \/>\nLa gemmoth\u00e9rapie : Les bourgeons v\u00e9g\u00e9taux frais et jeunes pousses sont de v\u00e9ritables concentr\u00e9s de vie. Nous utilisons ici le Bourgeon de Cassis : c&#8217;est le plus int\u00e9ressant pour ses effets physiques et psychiques, particuli\u00e8rement adaptog\u00e8ne et harmonisant.<\/p>\n<p>Skin and eye irritation and sensitization tests, under dermatological control, have shown that this fluid does not present any risk of intolerance or sensitization.<\/p>","protected":false},"excerpt":{"rendered":"<p>Ce fluide nourrissant prot\u00e8ge la peau fragile de b\u00e9b\u00e9 des agressions ext\u00e9rieures. Il favorise l\u2019apaisement des fesses rouges, et apaise \u00e9galement les seins sollicit\u00e9s des mamans en p\u00e9riode d\u2019allaitement. C&#8217;est un fluide merveilleux pour les premiers massages. Enveloppez votre b\u00e9b\u00e9 d\u2019une douce caresse et partagez un instant de tendre complicit\u00e9.<\/p>\n<p><em>(Nouvelle contenance : 200 ml)<\/em><\/p>","protected":false},"featured_media":13947,"template":"","meta":{"_acf_changed":false},"product_featurescat":[],"product_brand":[],"product_cat":[96],"product_tag":[193],"class_list":{"0":"post-2752","1":"product","2":"type-product","3":"status-publish","4":"has-post-thumbnail","6":"product_cat-corps","7":"product_tag-bebe-maman","8":"pa_collections-enfants-des-collines","9":"pa_type-de-soin-huiles-de-soins","11":"first","12":"instock","13":"taxable","14":"shipping-taxable","15":"purchasable","16":"product-type-simple"},"acf":[],"yoast_head":"<!-- This site is optimized with the Yoast SEO plugin v27.4 - https:\/\/yoast.com\/product\/yoast-seo-wordpress\/ -->\n<title>F\u00e9e Luzette - Fluide bio b\u00e9b\u00e9 - Douces Angevines<\/title>\n<meta name=\"description\" content=\"Cette huile tendre nourrit et prot\u00e8ge la peau fragile de b\u00e9b\u00e9, apaise fesses rouges et irritations. Merveilleuse pour les premiers massages.\" \/>\n<meta name=\"robots\" content=\"index, follow, max-snippet:-1, max-image-preview:large, max-video-preview:-1\" \/>\n<link rel=\"canonical\" href=\"https:\/\/www.doucesangevines.com\/en\/product\/fee-luzette-babies\/\" \/>\n<meta property=\"og:locale\" content=\"en_GB\" \/>\n<meta property=\"og:type\" content=\"article\" \/>\n<meta property=\"og:title\" content=\"F\u00e9e Luzette - Fluide bio b\u00e9b\u00e9 - Douces Angevines\" \/>\n<meta property=\"og:description\" content=\"Cette huile tendre nourrit et prot\u00e8ge la peau fragile de b\u00e9b\u00e9, apaise fesses rouges et irritations. Merveilleuse pour les premiers massages.\" \/>\n<meta property=\"og:url\" content=\"https:\/\/www.doucesangevines.com\/en\/product\/fee-luzette-babies\/\" \/>\n<meta property=\"og:site_name\" content=\"Douces Angevines\" \/>\n<meta property=\"article:publisher\" content=\"https:\/\/fr-fr.facebook.com\/doucesangevines\/\" \/>\n<meta property=\"article:modified_time\" content=\"2026-01-07T09:02:25+00:00\" \/>\n<meta property=\"og:image\" content=\"https:\/\/www.doucesangevines.com\/wp-content\/uploads\/2022\/03\/24-Fee-Luzette-fluide-nourrissant-bebe.png\" \/>\n\t<meta property=\"og:image:width\" content=\"1132\" \/>\n\t<meta property=\"og:image:height\" content=\"1132\" \/>\n\t<meta property=\"og:image:type\" content=\"image\/png\" \/>\n<meta name=\"twitter:card\" content=\"summary_large_image\" \/>\n<meta name=\"twitter:label1\" content=\"Estimated reading time\" \/>\n\t<meta name=\"twitter:data1\" content=\"2 minutes\" \/>\n<script type=\"application\/ld+json\" class=\"yoast-schema-graph\">{\"@context\":\"https:\\\/\\\/schema.org\",\"@graph\":[{\"@type\":\"WebPage\",\"@id\":\"https:\\\/\\\/www.doucesangevines.com\\\/produit\\\/fee-luzette-peau-fragile-de-bebe\\\/\",\"url\":\"https:\\\/\\\/www.doucesangevines.com\\\/produit\\\/fee-luzette-peau-fragile-de-bebe\\\/\",\"name\":\"F\u00e9e Luzette - Fluide bio b\u00e9b\u00e9 - Douces Angevines\",\"isPartOf\":{\"@id\":\"https:\\\/\\\/www.doucesangevines.com\\\/#website\"},\"primaryImageOfPage\":{\"@id\":\"https:\\\/\\\/www.doucesangevines.com\\\/produit\\\/fee-luzette-peau-fragile-de-bebe\\\/#primaryimage\"},\"image\":{\"@id\":\"https:\\\/\\\/www.doucesangevines.com\\\/produit\\\/fee-luzette-peau-fragile-de-bebe\\\/#primaryimage\"},\"thumbnailUrl\":\"https:\\\/\\\/www.doucesangevines.com\\\/wp-content\\\/uploads\\\/2022\\\/03\\\/24-Fee-Luzette-fluide-nourrissant-bebe.png\",\"datePublished\":\"2022-03-14T20:40:33+00:00\",\"dateModified\":\"2026-01-07T09:02:25+00:00\",\"description\":\"Cette huile tendre nourrit et prot\u00e8ge la peau fragile de b\u00e9b\u00e9, apaise fesses rouges et irritations. Merveilleuse pour les premiers massages.\",\"breadcrumb\":{\"@id\":\"https:\\\/\\\/www.doucesangevines.com\\\/produit\\\/fee-luzette-peau-fragile-de-bebe\\\/#breadcrumb\"},\"inLanguage\":\"en-GB\",\"potentialAction\":[{\"@type\":\"ReadAction\",\"target\":[\"https:\\\/\\\/www.doucesangevines.com\\\/produit\\\/fee-luzette-peau-fragile-de-bebe\\\/\"]}]},{\"@type\":\"ImageObject\",\"inLanguage\":\"en-GB\",\"@id\":\"https:\\\/\\\/www.doucesangevines.com\\\/produit\\\/fee-luzette-peau-fragile-de-bebe\\\/#primaryimage\",\"url\":\"https:\\\/\\\/www.doucesangevines.com\\\/wp-content\\\/uploads\\\/2022\\\/03\\\/24-Fee-Luzette-fluide-nourrissant-bebe.png\",\"contentUrl\":\"https:\\\/\\\/www.doucesangevines.com\\\/wp-content\\\/uploads\\\/2022\\\/03\\\/24-Fee-Luzette-fluide-nourrissant-bebe.png\",\"width\":1132,\"height\":1132,\"caption\":\"F\u00e9e Luzette, fluide nourrissant massages b\u00e9b\u00e9\"},{\"@type\":\"BreadcrumbList\",\"@id\":\"https:\\\/\\\/www.doucesangevines.com\\\/produit\\\/fee-luzette-peau-fragile-de-bebe\\\/#breadcrumb\",\"itemListElement\":[{\"@type\":\"ListItem\",\"position\":1,\"name\":\"Accueil\",\"item\":\"https:\\\/\\\/www.doucesangevines.com\\\/\"},{\"@type\":\"ListItem\",\"position\":2,\"name\":\"Boutique\",\"item\":\"https:\\\/\\\/www.doucesangevines.com\\\/boutique\\\/\"},{\"@type\":\"ListItem\",\"position\":3,\"name\":\"F\u00e9e Luzette\"}]},{\"@type\":\"WebSite\",\"@id\":\"https:\\\/\\\/www.doucesangevines.com\\\/#website\",\"url\":\"https:\\\/\\\/www.doucesangevines.com\\\/\",\"name\":\"Douces Angevines\",\"description\":\"Femmes Herboristes de Beaut\u00e9\",\"publisher\":{\"@id\":\"https:\\\/\\\/www.doucesangevines.com\\\/#organization\"},\"potentialAction\":[{\"@type\":\"SearchAction\",\"target\":{\"@type\":\"EntryPoint\",\"urlTemplate\":\"https:\\\/\\\/www.doucesangevines.com\\\/?s={search_term_string}\"},\"query-input\":{\"@type\":\"PropertyValueSpecification\",\"valueRequired\":true,\"valueName\":\"search_term_string\"}}],\"inLanguage\":\"en-GB\"},{\"@type\":\"Organization\",\"@id\":\"https:\\\/\\\/www.doucesangevines.com\\\/#organization\",\"name\":\"Douces Angevines\",\"url\":\"https:\\\/\\\/www.doucesangevines.com\\\/\",\"logo\":{\"@type\":\"ImageObject\",\"inLanguage\":\"en-GB\",\"@id\":\"https:\\\/\\\/www.doucesangevines.com\\\/#\\\/schema\\\/logo\\\/image\\\/\",\"url\":\"https:\\\/\\\/www.doucesangevines.com\\\/wp-content\\\/uploads\\\/2022\\\/02\\\/douces-angevines-logo-2025.svg\",\"contentUrl\":\"https:\\\/\\\/www.doucesangevines.com\\\/wp-content\\\/uploads\\\/2022\\\/02\\\/douces-angevines-logo-2025.svg\",\"caption\":\"Douces Angevines\"},\"image\":{\"@id\":\"https:\\\/\\\/www.doucesangevines.com\\\/#\\\/schema\\\/logo\\\/image\\\/\"},\"sameAs\":[\"https:\\\/\\\/fr-fr.facebook.com\\\/doucesangevines\\\/\",\"https:\\\/\\\/www.instagram.com\\\/doucesangevines\\\/\",\"https:\\\/\\\/www.youtube.com\\\/channel\\\/UCcbJc6Om9b7IZDHWj-osu6w\"]}]}<\/script>\n<!-- \/ Yoast SEO plugin. -->","yoast_head_json":{"title":"F\u00e9e Luzette - Organic baby fluid - Douces Angevines","description":"This tender oil nourishes and protects baby&#039;s fragile skin, soothes red buttocks and irritations. Wonderful for the first massages.","robots":{"index":"index","follow":"follow","max-snippet":"max-snippet:-1","max-image-preview":"max-image-preview:large","max-video-preview":"max-video-preview:-1"},"canonical":"https:\/\/www.doucesangevines.com\/en\/product\/fee-luzette-babies\/","og_locale":"en_GB","og_type":"article","og_title":"F\u00e9e Luzette - Fluide bio b\u00e9b\u00e9 - Douces Angevines","og_description":"Cette huile tendre nourrit et prot\u00e8ge la peau fragile de b\u00e9b\u00e9, apaise fesses rouges et irritations. Merveilleuse pour les premiers massages.","og_url":"https:\/\/www.doucesangevines.com\/en\/product\/fee-luzette-babies\/","og_site_name":"Douces Angevines","article_publisher":"https:\/\/fr-fr.facebook.com\/doucesangevines\/","article_modified_time":"2026-01-07T09:02:25+00:00","og_image":[{"width":1132,"height":1132,"url":"https:\/\/www.doucesangevines.com\/wp-content\/uploads\/2022\/03\/24-Fee-Luzette-fluide-nourrissant-bebe.png","type":"image\/png"}],"twitter_card":"summary_large_image","twitter_misc":{"Estimated reading time":"2 minutes"},"schema":{"@context":"https:\/\/schema.org","@graph":[{"@type":"WebPage","@id":"https:\/\/www.doucesangevines.com\/produit\/fee-luzette-peau-fragile-de-bebe\/","url":"https:\/\/www.doucesangevines.com\/produit\/fee-luzette-peau-fragile-de-bebe\/","name":"F\u00e9e Luzette - Organic baby fluid - Douces Angevines","isPartOf":{"@id":"https:\/\/www.doucesangevines.com\/#website"},"primaryImageOfPage":{"@id":"https:\/\/www.doucesangevines.com\/produit\/fee-luzette-peau-fragile-de-bebe\/#primaryimage"},"image":{"@id":"https:\/\/www.doucesangevines.com\/produit\/fee-luzette-peau-fragile-de-bebe\/#primaryimage"},"thumbnailUrl":"https:\/\/www.doucesangevines.com\/wp-content\/uploads\/2022\/03\/24-Fee-Luzette-fluide-nourrissant-bebe.png","datePublished":"2022-03-14T20:40:33+00:00","dateModified":"2026-01-07T09:02:25+00:00","description":"This tender oil nourishes and protects baby&#039;s fragile skin, soothes red buttocks and irritations. Wonderful for the first massages.","breadcrumb":{"@id":"https:\/\/www.doucesangevines.com\/produit\/fee-luzette-peau-fragile-de-bebe\/#breadcrumb"},"inLanguage":"en-GB","potentialAction":[{"@type":"ReadAction","target":["https:\/\/www.doucesangevines.com\/produit\/fee-luzette-peau-fragile-de-bebe\/"]}]},{"@type":"ImageObject","inLanguage":"en-GB","@id":"https:\/\/www.doucesangevines.com\/produit\/fee-luzette-peau-fragile-de-bebe\/#primaryimage","url":"https:\/\/www.doucesangevines.com\/wp-content\/uploads\/2022\/03\/24-Fee-Luzette-fluide-nourrissant-bebe.png","contentUrl":"https:\/\/www.doucesangevines.com\/wp-content\/uploads\/2022\/03\/24-Fee-Luzette-fluide-nourrissant-bebe.png","width":1132,"height":1132,"caption":"F\u00e9e Luzette, fluide nourrissant massages b\u00e9b\u00e9"},{"@type":"BreadcrumbList","@id":"https:\/\/www.doucesangevines.com\/produit\/fee-luzette-peau-fragile-de-bebe\/#breadcrumb","itemListElement":[{"@type":"ListItem","position":1,"name":"Accueil","item":"https:\/\/www.doucesangevines.com\/"},{"@type":"ListItem","position":2,"name":"Boutique","item":"https:\/\/www.doucesangevines.com\/boutique\/"},{"@type":"ListItem","position":3,"name":"F\u00e9e Luzette"}]},{"@type":"WebSite","@id":"https:\/\/www.doucesangevines.com\/#website","url":"https:\/\/www.doucesangevines.com\/","name":"Douces Angevines","description":"Women Beauty Herbalists","publisher":{"@id":"https:\/\/www.doucesangevines.com\/#organization"},"potentialAction":[{"@type":"SearchAction","target":{"@type":"EntryPoint","urlTemplate":"https:\/\/www.doucesangevines.com\/?s={search_term_string}"},"query-input":{"@type":"PropertyValueSpecification","valueRequired":true,"valueName":"search_term_string"}}],"inLanguage":"en-GB"},{"@type":"Organization","@id":"https:\/\/www.doucesangevines.com\/#organization","name":"Douces Angevines","url":"https:\/\/www.doucesangevines.com\/","logo":{"@type":"ImageObject","inLanguage":"en-GB","@id":"https:\/\/www.doucesangevines.com\/#\/schema\/logo\/image\/","url":"https:\/\/www.doucesangevines.com\/wp-content\/uploads\/2022\/02\/douces-angevines-logo-2025.svg","contentUrl":"https:\/\/www.doucesangevines.com\/wp-content\/uploads\/2022\/02\/douces-angevines-logo-2025.svg","caption":"Douces Angevines"},"image":{"@id":"https:\/\/www.doucesangevines.com\/#\/schema\/logo\/image\/"},"sameAs":["https:\/\/fr-fr.facebook.com\/doucesangevines\/","https:\/\/www.instagram.com\/doucesangevines\/","https:\/\/www.youtube.com\/channel\/UCcbJc6Om9b7IZDHWj-osu6w"]}]}},"_links":{"self":[{"href":"https:\/\/www.doucesangevines.com\/en\/wp-json\/wp\/v2\/product\/2752","targetHints":{"allow":["GET"]}}],"collection":[{"href":"https:\/\/www.doucesangevines.com\/en\/wp-json\/wp\/v2\/product"}],"about":[{"href":"https:\/\/www.doucesangevines.com\/en\/wp-json\/wp\/v2\/types\/product"}],"wp:featuredmedia":[{"embeddable":true,"href":"https:\/\/www.doucesangevines.com\/en\/wp-json\/wp\/v2\/media\/13947"}],"wp:attachment":[{"href":"https:\/\/www.doucesangevines.com\/en\/wp-json\/wp\/v2\/media?parent=2752"}],"wp:term":[{"taxonomy":"product_featurescat","embeddable":true,"href":"https:\/\/www.doucesangevines.com\/en\/wp-json\/wp\/v2\/product_featurescat?post=2752"},{"taxonomy":"product_brand","embeddable":true,"href":"https:\/\/www.doucesangevines.com\/en\/wp-json\/wp\/v2\/product_brand?post=2752"},{"taxonomy":"product_cat","embeddable":true,"href":"https:\/\/www.doucesangevines.com\/en\/wp-json\/wp\/v2\/product_cat?post=2752"},{"taxonomy":"product_tag","embeddable":true,"href":"https:\/\/www.doucesangevines.com\/en\/wp-json\/wp\/v2\/product_tag?post=2752"}],"curies":[{"name":"wp","href":"https:\/\/api.w.org\/{rel}","templated":true}]}}