{"id":2753,"date":"2022-03-14T21:40:34","date_gmt":"2022-03-14T20:40:34","guid":{"rendered":"http:\/\/doucesangevines.com\/produit\/fee-noisette\/"},"modified":"2026-01-07T10:02:33","modified_gmt":"2026-01-07T09:02:33","slug":"fee-noisette-fluide-massage-enfant","status":"publish","type":"product","link":"https:\/\/www.doucesangevines.com\/en\/product\/fairy-nutty\/","title":{"rendered":"F\u00e9e Noisette"},"content":{"rendered":"<p>Ideal in the evening after the bath, this fluid offers its tender benefits at any time of the day. F\u00e9e Noisette treats your child to the sweetness of a soothing massage.<\/p>\n<p>The oily macerates concentrate and restore all the richness of the active principles of the plants. The maceration of Benzoin from Laos comforts and stimulates, rebalances nervous tension.<br \/>\nPlant oils, rich in natural vitamins, strengthen the barrier function of very young skin and provide it with essential nutrients.<br \/>\nHazelnut oil nourishes, soothes and softens the skin. It gives it suppleness and elasticity.<br \/>\nWild Lavender from Corbi\u00e8res infuses this treatment with a soothing effect and a comforting scent.<\/p>\n<p>Skin and eye irritation and sensitization tests, under dermatological control, have shown that this fluid does not present any risk of intolerance or sensitization.<\/p>\n<p><strong>Nouveau format 200 ml<\/strong><\/p>","protected":false},"excerpt":{"rendered":"<p>This fluid, rich in natural vitamins, protects, nourishes and softens the delicate skin of your child (from 36 months). It spreads joy of life and vitality.<\/p>\n<p><strong>Nouveau format 200 ml<\/strong><\/p>","protected":false},"featured_media":12813,"template":"","meta":{"_acf_changed":false},"product_featurescat":[],"product_brand":[],"product_cat":[96],"product_tag":[193],"class_list":{"0":"post-2753","1":"product","2":"type-product","3":"status-publish","4":"has-post-thumbnail","6":"product_cat-corps","7":"product_tag-bebe-maman","8":"pa_collections-enfants-des-collines","9":"pa_preoccupation-corps-secheresse","10":"pa_type-de-soin-soin-de-jour","12":"first","13":"instock","14":"taxable","15":"shipping-taxable","16":"purchasable","17":"product-type-simple"},"acf":[],"yoast_head":"<!-- This site is optimized with the Yoast SEO plugin v27.4 - https:\/\/yoast.com\/product\/yoast-seo-wordpress\/ -->\n<title>F\u00e9e noisette - fluide doux enfants - Douces Angevines<\/title>\n<meta name=\"description\" content=\"Id\u00e9ale pour des massages tr\u00e8s doux, cette huile bio nourrit et apaise la peau d\u00e9licate des enfants d\u00e8s 36 mois. Sa senteur relaxe et rassure.\" \/>\n<meta name=\"robots\" content=\"index, follow, max-snippet:-1, max-image-preview:large, max-video-preview:-1\" \/>\n<link rel=\"canonical\" href=\"https:\/\/www.doucesangevines.com\/en\/product\/fairy-nutty\/\" \/>\n<meta property=\"og:locale\" content=\"en_GB\" \/>\n<meta property=\"og:type\" content=\"article\" \/>\n<meta property=\"og:title\" content=\"F\u00e9e noisette - fluide doux enfants - Douces Angevines\" \/>\n<meta property=\"og:description\" content=\"Id\u00e9ale pour des massages tr\u00e8s doux, cette huile bio nourrit et apaise la peau d\u00e9licate des enfants d\u00e8s 36 mois. Sa senteur relaxe et rassure.\" \/>\n<meta property=\"og:url\" content=\"https:\/\/www.doucesangevines.com\/en\/product\/fairy-nutty\/\" \/>\n<meta property=\"og:site_name\" content=\"Douces Angevines\" \/>\n<meta property=\"article:publisher\" content=\"https:\/\/fr-fr.facebook.com\/doucesangevines\/\" \/>\n<meta property=\"article:modified_time\" content=\"2026-01-07T09:02:33+00:00\" \/>\n<meta property=\"og:image\" content=\"https:\/\/www.doucesangevines.com\/wp-content\/uploads\/2022\/03\/24-Fee-Noisette-huile-nourrissante-enfants.png\" \/>\n\t<meta property=\"og:image:width\" content=\"1132\" \/>\n\t<meta property=\"og:image:height\" content=\"1132\" \/>\n\t<meta property=\"og:image:type\" content=\"image\/png\" \/>\n<meta name=\"twitter:card\" content=\"summary_large_image\" \/>\n<meta name=\"twitter:label1\" content=\"Estimated reading time\" \/>\n\t<meta name=\"twitter:data1\" content=\"1 minute\" \/>\n<script type=\"application\/ld+json\" class=\"yoast-schema-graph\">{\"@context\":\"https:\\\/\\\/schema.org\",\"@graph\":[{\"@type\":\"WebPage\",\"@id\":\"https:\\\/\\\/www.doucesangevines.com\\\/produit\\\/fee-noisette-fluide-massage-enfant\\\/\",\"url\":\"https:\\\/\\\/www.doucesangevines.com\\\/produit\\\/fee-noisette-fluide-massage-enfant\\\/\",\"name\":\"F\u00e9e noisette - fluide doux enfants - Douces Angevines\",\"isPartOf\":{\"@id\":\"https:\\\/\\\/www.doucesangevines.com\\\/#website\"},\"primaryImageOfPage\":{\"@id\":\"https:\\\/\\\/www.doucesangevines.com\\\/produit\\\/fee-noisette-fluide-massage-enfant\\\/#primaryimage\"},\"image\":{\"@id\":\"https:\\\/\\\/www.doucesangevines.com\\\/produit\\\/fee-noisette-fluide-massage-enfant\\\/#primaryimage\"},\"thumbnailUrl\":\"https:\\\/\\\/www.doucesangevines.com\\\/wp-content\\\/uploads\\\/2022\\\/03\\\/24-Fee-Noisette-huile-nourrissante-enfants.png\",\"datePublished\":\"2022-03-14T20:40:34+00:00\",\"dateModified\":\"2026-01-07T09:02:33+00:00\",\"description\":\"Id\u00e9ale pour des massages tr\u00e8s doux, cette huile bio nourrit et apaise la peau d\u00e9licate des enfants d\u00e8s 36 mois. Sa senteur relaxe et rassure.\",\"breadcrumb\":{\"@id\":\"https:\\\/\\\/www.doucesangevines.com\\\/produit\\\/fee-noisette-fluide-massage-enfant\\\/#breadcrumb\"},\"inLanguage\":\"en-GB\",\"potentialAction\":[{\"@type\":\"ReadAction\",\"target\":[\"https:\\\/\\\/www.doucesangevines.com\\\/produit\\\/fee-noisette-fluide-massage-enfant\\\/\"]}]},{\"@type\":\"ImageObject\",\"inLanguage\":\"en-GB\",\"@id\":\"https:\\\/\\\/www.doucesangevines.com\\\/produit\\\/fee-noisette-fluide-massage-enfant\\\/#primaryimage\",\"url\":\"https:\\\/\\\/www.doucesangevines.com\\\/wp-content\\\/uploads\\\/2022\\\/03\\\/24-Fee-Noisette-huile-nourrissante-enfants.png\",\"contentUrl\":\"https:\\\/\\\/www.doucesangevines.com\\\/wp-content\\\/uploads\\\/2022\\\/03\\\/24-Fee-Noisette-huile-nourrissante-enfants.png\",\"width\":1132,\"height\":1132,\"caption\":\"Fee Noisette huile nourrissante enfants\"},{\"@type\":\"BreadcrumbList\",\"@id\":\"https:\\\/\\\/www.doucesangevines.com\\\/produit\\\/fee-noisette-fluide-massage-enfant\\\/#breadcrumb\",\"itemListElement\":[{\"@type\":\"ListItem\",\"position\":1,\"name\":\"Accueil\",\"item\":\"https:\\\/\\\/www.doucesangevines.com\\\/\"},{\"@type\":\"ListItem\",\"position\":2,\"name\":\"Boutique\",\"item\":\"https:\\\/\\\/www.doucesangevines.com\\\/boutique\\\/\"},{\"@type\":\"ListItem\",\"position\":3,\"name\":\"F\u00e9e Noisette\"}]},{\"@type\":\"WebSite\",\"@id\":\"https:\\\/\\\/www.doucesangevines.com\\\/#website\",\"url\":\"https:\\\/\\\/www.doucesangevines.com\\\/\",\"name\":\"Douces Angevines\",\"description\":\"Femmes Herboristes de Beaut\u00e9\",\"publisher\":{\"@id\":\"https:\\\/\\\/www.doucesangevines.com\\\/#organization\"},\"potentialAction\":[{\"@type\":\"SearchAction\",\"target\":{\"@type\":\"EntryPoint\",\"urlTemplate\":\"https:\\\/\\\/www.doucesangevines.com\\\/?s={search_term_string}\"},\"query-input\":{\"@type\":\"PropertyValueSpecification\",\"valueRequired\":true,\"valueName\":\"search_term_string\"}}],\"inLanguage\":\"en-GB\"},{\"@type\":\"Organization\",\"@id\":\"https:\\\/\\\/www.doucesangevines.com\\\/#organization\",\"name\":\"Douces Angevines\",\"url\":\"https:\\\/\\\/www.doucesangevines.com\\\/\",\"logo\":{\"@type\":\"ImageObject\",\"inLanguage\":\"en-GB\",\"@id\":\"https:\\\/\\\/www.doucesangevines.com\\\/#\\\/schema\\\/logo\\\/image\\\/\",\"url\":\"https:\\\/\\\/www.doucesangevines.com\\\/wp-content\\\/uploads\\\/2022\\\/02\\\/douces-angevines-logo-2025.svg\",\"contentUrl\":\"https:\\\/\\\/www.doucesangevines.com\\\/wp-content\\\/uploads\\\/2022\\\/02\\\/douces-angevines-logo-2025.svg\",\"caption\":\"Douces Angevines\"},\"image\":{\"@id\":\"https:\\\/\\\/www.doucesangevines.com\\\/#\\\/schema\\\/logo\\\/image\\\/\"},\"sameAs\":[\"https:\\\/\\\/fr-fr.facebook.com\\\/doucesangevines\\\/\",\"https:\\\/\\\/www.instagram.com\\\/doucesangevines\\\/\",\"https:\\\/\\\/www.youtube.com\\\/channel\\\/UCcbJc6Om9b7IZDHWj-osu6w\"]}]}<\/script>\n<!-- \/ Yoast SEO plugin. -->","yoast_head_json":{"title":"Hazelnut fairy - children&#039;s soft fluid - Douces Angevines","description":"Ideal for very gentle massages, this organic oil nourishes and soothes the delicate skin of children from 36 months. Its scent relaxes and reassures.","robots":{"index":"index","follow":"follow","max-snippet":"max-snippet:-1","max-image-preview":"max-image-preview:large","max-video-preview":"max-video-preview:-1"},"canonical":"https:\/\/www.doucesangevines.com\/en\/product\/fairy-nutty\/","og_locale":"en_GB","og_type":"article","og_title":"F\u00e9e noisette - fluide doux enfants - Douces Angevines","og_description":"Id\u00e9ale pour des massages tr\u00e8s doux, cette huile bio nourrit et apaise la peau d\u00e9licate des enfants d\u00e8s 36 mois. Sa senteur relaxe et rassure.","og_url":"https:\/\/www.doucesangevines.com\/en\/product\/fairy-nutty\/","og_site_name":"Douces Angevines","article_publisher":"https:\/\/fr-fr.facebook.com\/doucesangevines\/","article_modified_time":"2026-01-07T09:02:33+00:00","og_image":[{"width":1132,"height":1132,"url":"https:\/\/www.doucesangevines.com\/wp-content\/uploads\/2022\/03\/24-Fee-Noisette-huile-nourrissante-enfants.png","type":"image\/png"}],"twitter_card":"summary_large_image","twitter_misc":{"Estimated reading time":"1 minute"},"schema":{"@context":"https:\/\/schema.org","@graph":[{"@type":"WebPage","@id":"https:\/\/www.doucesangevines.com\/produit\/fee-noisette-fluide-massage-enfant\/","url":"https:\/\/www.doucesangevines.com\/produit\/fee-noisette-fluide-massage-enfant\/","name":"Hazelnut fairy - children&#039;s soft fluid - Douces Angevines","isPartOf":{"@id":"https:\/\/www.doucesangevines.com\/#website"},"primaryImageOfPage":{"@id":"https:\/\/www.doucesangevines.com\/produit\/fee-noisette-fluide-massage-enfant\/#primaryimage"},"image":{"@id":"https:\/\/www.doucesangevines.com\/produit\/fee-noisette-fluide-massage-enfant\/#primaryimage"},"thumbnailUrl":"https:\/\/www.doucesangevines.com\/wp-content\/uploads\/2022\/03\/24-Fee-Noisette-huile-nourrissante-enfants.png","datePublished":"2022-03-14T20:40:34+00:00","dateModified":"2026-01-07T09:02:33+00:00","description":"Ideal for very gentle massages, this organic oil nourishes and soothes the delicate skin of children from 36 months. Its scent relaxes and reassures.","breadcrumb":{"@id":"https:\/\/www.doucesangevines.com\/produit\/fee-noisette-fluide-massage-enfant\/#breadcrumb"},"inLanguage":"en-GB","potentialAction":[{"@type":"ReadAction","target":["https:\/\/www.doucesangevines.com\/produit\/fee-noisette-fluide-massage-enfant\/"]}]},{"@type":"ImageObject","inLanguage":"en-GB","@id":"https:\/\/www.doucesangevines.com\/produit\/fee-noisette-fluide-massage-enfant\/#primaryimage","url":"https:\/\/www.doucesangevines.com\/wp-content\/uploads\/2022\/03\/24-Fee-Noisette-huile-nourrissante-enfants.png","contentUrl":"https:\/\/www.doucesangevines.com\/wp-content\/uploads\/2022\/03\/24-Fee-Noisette-huile-nourrissante-enfants.png","width":1132,"height":1132,"caption":"Fee Noisette huile nourrissante enfants"},{"@type":"BreadcrumbList","@id":"https:\/\/www.doucesangevines.com\/produit\/fee-noisette-fluide-massage-enfant\/#breadcrumb","itemListElement":[{"@type":"ListItem","position":1,"name":"Accueil","item":"https:\/\/www.doucesangevines.com\/"},{"@type":"ListItem","position":2,"name":"Boutique","item":"https:\/\/www.doucesangevines.com\/boutique\/"},{"@type":"ListItem","position":3,"name":"F\u00e9e Noisette"}]},{"@type":"WebSite","@id":"https:\/\/www.doucesangevines.com\/#website","url":"https:\/\/www.doucesangevines.com\/","name":"Douces Angevines","description":"Women Beauty Herbalists","publisher":{"@id":"https:\/\/www.doucesangevines.com\/#organization"},"potentialAction":[{"@type":"SearchAction","target":{"@type":"EntryPoint","urlTemplate":"https:\/\/www.doucesangevines.com\/?s={search_term_string}"},"query-input":{"@type":"PropertyValueSpecification","valueRequired":true,"valueName":"search_term_string"}}],"inLanguage":"en-GB"},{"@type":"Organization","@id":"https:\/\/www.doucesangevines.com\/#organization","name":"Douces Angevines","url":"https:\/\/www.doucesangevines.com\/","logo":{"@type":"ImageObject","inLanguage":"en-GB","@id":"https:\/\/www.doucesangevines.com\/#\/schema\/logo\/image\/","url":"https:\/\/www.doucesangevines.com\/wp-content\/uploads\/2022\/02\/douces-angevines-logo-2025.svg","contentUrl":"https:\/\/www.doucesangevines.com\/wp-content\/uploads\/2022\/02\/douces-angevines-logo-2025.svg","caption":"Douces Angevines"},"image":{"@id":"https:\/\/www.doucesangevines.com\/#\/schema\/logo\/image\/"},"sameAs":["https:\/\/fr-fr.facebook.com\/doucesangevines\/","https:\/\/www.instagram.com\/doucesangevines\/","https:\/\/www.youtube.com\/channel\/UCcbJc6Om9b7IZDHWj-osu6w"]}]}},"_links":{"self":[{"href":"https:\/\/www.doucesangevines.com\/en\/wp-json\/wp\/v2\/product\/2753","targetHints":{"allow":["GET"]}}],"collection":[{"href":"https:\/\/www.doucesangevines.com\/en\/wp-json\/wp\/v2\/product"}],"about":[{"href":"https:\/\/www.doucesangevines.com\/en\/wp-json\/wp\/v2\/types\/product"}],"wp:featuredmedia":[{"embeddable":true,"href":"https:\/\/www.doucesangevines.com\/en\/wp-json\/wp\/v2\/media\/12813"}],"wp:attachment":[{"href":"https:\/\/www.doucesangevines.com\/en\/wp-json\/wp\/v2\/media?parent=2753"}],"wp:term":[{"taxonomy":"product_featurescat","embeddable":true,"href":"https:\/\/www.doucesangevines.com\/en\/wp-json\/wp\/v2\/product_featurescat?post=2753"},{"taxonomy":"product_brand","embeddable":true,"href":"https:\/\/www.doucesangevines.com\/en\/wp-json\/wp\/v2\/product_brand?post=2753"},{"taxonomy":"product_cat","embeddable":true,"href":"https:\/\/www.doucesangevines.com\/en\/wp-json\/wp\/v2\/product_cat?post=2753"},{"taxonomy":"product_tag","embeddable":true,"href":"https:\/\/www.doucesangevines.com\/en\/wp-json\/wp\/v2\/product_tag?post=2753"}],"curies":[{"name":"wp","href":"https:\/\/api.w.org\/{rel}","templated":true}]}}