{"id":2754,"date":"2022-03-14T21:40:34","date_gmt":"2022-03-14T20:40:34","guid":{"rendered":"http:\/\/doucesangevines.com\/produit\/hozo\/"},"modified":"2026-01-07T10:03:02","modified_gmt":"2026-01-07T09:03:02","slug":"hozo-encens-naturel","status":"publish","type":"product","link":"https:\/\/www.doucesangevines.com\/en\/product\/hozo-incense\/","title":{"rendered":"HOZO"},"content":{"rendered":"<p>In tribute to the Amerindian tradition, the White Sage and the Big Mugwort from the Douces Angevines garden and the Cedar needles, mix their perfumes with the Copal, Myrrh and Breu resins from Amazonia in a deliciously resinous harmony.<\/p>\n<p>Les poudres \u00e0 fumiguer Douces Angevines se composent exclusivement de plantes s\u00e9ch\u00e9es r\u00e9duites en poudre et de r\u00e9sines brutes \u00e9cras\u00e9es manuellement par nos soins \u00e0 la meule de pierre de lave. 100% de ces ingr\u00e9dients sont d\u2019origine naturelle.<\/p>\n<p>Thanks to this little ritual, by preparing and enjoying each fumigation, experience the simple and deep pleasure of rediscovering contact with ancestral gestures, by connecting the 4 elements water, earth, fire and air.<\/p>","protected":false},"excerpt":{"rendered":"<p>La poudre Hozo (en navajo \u00ab \u00e9tat de celui qui est \u00e0 l\u2019unisson avec le monde \u00bb) all\u00e8ge de toute trace de n\u00e9gativit\u00e9, purifie l\u2019atmosph\u00e8re \u00e9nerg\u00e9tique d\u2019une pi\u00e8ce, favorise l\u2019ouverture au monde et \u00e0 la beaut\u00e9. En hommage \u00e0 la tradition am\u00e9rindienne, la Sauge Blanche et la Grande Armoise du jardin Douces Angevines, les aiguilles de C\u00e8dre, m\u00ealent leurs parfums aux r\u00e9sines de Copal, de Myrrhe et de Breu d\u2019Amazonie dans une harmonie d\u00e9licieusement r\u00e9sineuse.<\/p>","protected":false},"featured_media":3596,"template":"","meta":{"_acf_changed":false},"product_featurescat":[],"product_brand":[],"product_cat":[101],"product_tag":[],"class_list":{"0":"post-2754","1":"product","2":"type-product","3":"status-publish","4":"has-post-thumbnail","6":"product_cat-encens","7":"pa_collections-les-petites-sagesses","9":"first","10":"instock","11":"taxable","12":"shipping-taxable","13":"purchasable","14":"product-type-simple"},"acf":[],"yoast_head":"<!-- This site is optimized with the Yoast SEO plugin v27.4 - https:\/\/yoast.com\/product\/yoast-seo-wordpress\/ -->\n<title>HOZO - poudre d&#039;encens naturel - Douces Angevines<\/title>\n<meta name=\"description\" content=\"Purifiez l&#039;atmosph\u00e8re \u00e9nerg\u00e9tique et favorisez l&#039;ouverture avec cette poudre de fumigation v\u00e9g\u00e9tale qui m\u00eale Sauge blanche, Grande Armoise, Copal.\" \/>\n<meta name=\"robots\" content=\"index, follow, max-snippet:-1, max-image-preview:large, max-video-preview:-1\" \/>\n<link rel=\"canonical\" href=\"https:\/\/www.doucesangevines.com\/en\/product\/hozo-incense\/\" \/>\n<meta property=\"og:locale\" content=\"en_GB\" \/>\n<meta property=\"og:type\" content=\"article\" \/>\n<meta property=\"og:title\" content=\"HOZO - poudre d&#039;encens naturel - Douces Angevines\" \/>\n<meta property=\"og:description\" content=\"Purifiez l&#039;atmosph\u00e8re \u00e9nerg\u00e9tique et favorisez l&#039;ouverture avec cette poudre de fumigation v\u00e9g\u00e9tale qui m\u00eale Sauge blanche, Grande Armoise, Copal.\" \/>\n<meta property=\"og:url\" content=\"https:\/\/www.doucesangevines.com\/en\/product\/hozo-incense\/\" \/>\n<meta property=\"og:site_name\" content=\"Douces Angevines\" \/>\n<meta property=\"article:publisher\" content=\"https:\/\/fr-fr.facebook.com\/doucesangevines\/\" \/>\n<meta property=\"article:modified_time\" content=\"2026-01-07T09:03:02+00:00\" \/>\n<meta property=\"og:image\" content=\"https:\/\/www.doucesangevines.com\/wp-content\/uploads\/2022\/03\/Hozo_poudre_encens_naturel-1.jpg\" \/>\n\t<meta property=\"og:image:width\" content=\"1132\" \/>\n\t<meta property=\"og:image:height\" content=\"1132\" \/>\n\t<meta property=\"og:image:type\" content=\"image\/jpeg\" \/>\n<meta name=\"twitter:card\" content=\"summary_large_image\" \/>\n<meta name=\"twitter:label1\" content=\"Estimated reading time\" \/>\n\t<meta name=\"twitter:data1\" content=\"1 minute\" \/>\n<script type=\"application\/ld+json\" class=\"yoast-schema-graph\">{\"@context\":\"https:\\\/\\\/schema.org\",\"@graph\":[{\"@type\":\"WebPage\",\"@id\":\"https:\\\/\\\/www.doucesangevines.com\\\/produit\\\/hozo-encens-naturel\\\/\",\"url\":\"https:\\\/\\\/www.doucesangevines.com\\\/produit\\\/hozo-encens-naturel\\\/\",\"name\":\"HOZO - poudre d'encens naturel - Douces Angevines\",\"isPartOf\":{\"@id\":\"https:\\\/\\\/www.doucesangevines.com\\\/#website\"},\"primaryImageOfPage\":{\"@id\":\"https:\\\/\\\/www.doucesangevines.com\\\/produit\\\/hozo-encens-naturel\\\/#primaryimage\"},\"image\":{\"@id\":\"https:\\\/\\\/www.doucesangevines.com\\\/produit\\\/hozo-encens-naturel\\\/#primaryimage\"},\"thumbnailUrl\":\"https:\\\/\\\/www.doucesangevines.com\\\/wp-content\\\/uploads\\\/2022\\\/03\\\/Hozo_poudre_encens_naturel-1.jpg\",\"datePublished\":\"2022-03-14T20:40:34+00:00\",\"dateModified\":\"2026-01-07T09:03:02+00:00\",\"description\":\"Purifiez l'atmosph\u00e8re \u00e9nerg\u00e9tique et favorisez l'ouverture avec cette poudre de fumigation v\u00e9g\u00e9tale qui m\u00eale Sauge blanche, Grande Armoise, Copal.\",\"breadcrumb\":{\"@id\":\"https:\\\/\\\/www.doucesangevines.com\\\/produit\\\/hozo-encens-naturel\\\/#breadcrumb\"},\"inLanguage\":\"en-GB\",\"potentialAction\":[{\"@type\":\"ReadAction\",\"target\":[\"https:\\\/\\\/www.doucesangevines.com\\\/produit\\\/hozo-encens-naturel\\\/\"]}]},{\"@type\":\"ImageObject\",\"inLanguage\":\"en-GB\",\"@id\":\"https:\\\/\\\/www.doucesangevines.com\\\/produit\\\/hozo-encens-naturel\\\/#primaryimage\",\"url\":\"https:\\\/\\\/www.doucesangevines.com\\\/wp-content\\\/uploads\\\/2022\\\/03\\\/Hozo_poudre_encens_naturel-1.jpg\",\"contentUrl\":\"https:\\\/\\\/www.doucesangevines.com\\\/wp-content\\\/uploads\\\/2022\\\/03\\\/Hozo_poudre_encens_naturel-1.jpg\",\"width\":1132,\"height\":1132,\"caption\":\"Hozo poudre d'encens 100% naturel - Douces Angevines\"},{\"@type\":\"BreadcrumbList\",\"@id\":\"https:\\\/\\\/www.doucesangevines.com\\\/produit\\\/hozo-encens-naturel\\\/#breadcrumb\",\"itemListElement\":[{\"@type\":\"ListItem\",\"position\":1,\"name\":\"Accueil\",\"item\":\"https:\\\/\\\/www.doucesangevines.com\\\/\"},{\"@type\":\"ListItem\",\"position\":2,\"name\":\"Boutique\",\"item\":\"https:\\\/\\\/www.doucesangevines.com\\\/boutique\\\/\"},{\"@type\":\"ListItem\",\"position\":3,\"name\":\"HOZO\"}]},{\"@type\":\"WebSite\",\"@id\":\"https:\\\/\\\/www.doucesangevines.com\\\/#website\",\"url\":\"https:\\\/\\\/www.doucesangevines.com\\\/\",\"name\":\"Douces Angevines\",\"description\":\"Femmes Herboristes de Beaut\u00e9\",\"publisher\":{\"@id\":\"https:\\\/\\\/www.doucesangevines.com\\\/#organization\"},\"potentialAction\":[{\"@type\":\"SearchAction\",\"target\":{\"@type\":\"EntryPoint\",\"urlTemplate\":\"https:\\\/\\\/www.doucesangevines.com\\\/?s={search_term_string}\"},\"query-input\":{\"@type\":\"PropertyValueSpecification\",\"valueRequired\":true,\"valueName\":\"search_term_string\"}}],\"inLanguage\":\"en-GB\"},{\"@type\":\"Organization\",\"@id\":\"https:\\\/\\\/www.doucesangevines.com\\\/#organization\",\"name\":\"Douces Angevines\",\"url\":\"https:\\\/\\\/www.doucesangevines.com\\\/\",\"logo\":{\"@type\":\"ImageObject\",\"inLanguage\":\"en-GB\",\"@id\":\"https:\\\/\\\/www.doucesangevines.com\\\/#\\\/schema\\\/logo\\\/image\\\/\",\"url\":\"https:\\\/\\\/www.doucesangevines.com\\\/wp-content\\\/uploads\\\/2022\\\/02\\\/douces-angevines-logo-2025.svg\",\"contentUrl\":\"https:\\\/\\\/www.doucesangevines.com\\\/wp-content\\\/uploads\\\/2022\\\/02\\\/douces-angevines-logo-2025.svg\",\"caption\":\"Douces Angevines\"},\"image\":{\"@id\":\"https:\\\/\\\/www.doucesangevines.com\\\/#\\\/schema\\\/logo\\\/image\\\/\"},\"sameAs\":[\"https:\\\/\\\/fr-fr.facebook.com\\\/doucesangevines\\\/\",\"https:\\\/\\\/www.instagram.com\\\/doucesangevines\\\/\",\"https:\\\/\\\/www.youtube.com\\\/channel\\\/UCcbJc6Om9b7IZDHWj-osu6w\"]}]}<\/script>\n<!-- \/ Yoast SEO plugin. -->","yoast_head_json":{"title":"HOZO - poudre d'encens naturel - Douces Angevines","description":"Purify the energetic atmosphere and promote openness with this vegetable fumigation powder that mixes White Sage, Great Mugwort, Copal.","robots":{"index":"index","follow":"follow","max-snippet":"max-snippet:-1","max-image-preview":"max-image-preview:large","max-video-preview":"max-video-preview:-1"},"canonical":"https:\/\/www.doucesangevines.com\/en\/product\/hozo-incense\/","og_locale":"en_GB","og_type":"article","og_title":"HOZO - poudre d'encens naturel - Douces Angevines","og_description":"Purifiez l'atmosph\u00e8re \u00e9nerg\u00e9tique et favorisez l'ouverture avec cette poudre de fumigation v\u00e9g\u00e9tale qui m\u00eale Sauge blanche, Grande Armoise, Copal.","og_url":"https:\/\/www.doucesangevines.com\/en\/product\/hozo-incense\/","og_site_name":"Douces Angevines","article_publisher":"https:\/\/fr-fr.facebook.com\/doucesangevines\/","article_modified_time":"2026-01-07T09:03:02+00:00","og_image":[{"width":1132,"height":1132,"url":"https:\/\/www.doucesangevines.com\/wp-content\/uploads\/2022\/03\/Hozo_poudre_encens_naturel-1.jpg","type":"image\/jpeg"}],"twitter_card":"summary_large_image","twitter_misc":{"Estimated reading time":"1 minute"},"schema":{"@context":"https:\/\/schema.org","@graph":[{"@type":"WebPage","@id":"https:\/\/www.doucesangevines.com\/produit\/hozo-encens-naturel\/","url":"https:\/\/www.doucesangevines.com\/produit\/hozo-encens-naturel\/","name":"HOZO - poudre d'encens naturel - Douces Angevines","isPartOf":{"@id":"https:\/\/www.doucesangevines.com\/#website"},"primaryImageOfPage":{"@id":"https:\/\/www.doucesangevines.com\/produit\/hozo-encens-naturel\/#primaryimage"},"image":{"@id":"https:\/\/www.doucesangevines.com\/produit\/hozo-encens-naturel\/#primaryimage"},"thumbnailUrl":"https:\/\/www.doucesangevines.com\/wp-content\/uploads\/2022\/03\/Hozo_poudre_encens_naturel-1.jpg","datePublished":"2022-03-14T20:40:34+00:00","dateModified":"2026-01-07T09:03:02+00:00","description":"Purify the energetic atmosphere and promote openness with this vegetable fumigation powder that mixes White Sage, Great Mugwort, Copal.","breadcrumb":{"@id":"https:\/\/www.doucesangevines.com\/produit\/hozo-encens-naturel\/#breadcrumb"},"inLanguage":"en-GB","potentialAction":[{"@type":"ReadAction","target":["https:\/\/www.doucesangevines.com\/produit\/hozo-encens-naturel\/"]}]},{"@type":"ImageObject","inLanguage":"en-GB","@id":"https:\/\/www.doucesangevines.com\/produit\/hozo-encens-naturel\/#primaryimage","url":"https:\/\/www.doucesangevines.com\/wp-content\/uploads\/2022\/03\/Hozo_poudre_encens_naturel-1.jpg","contentUrl":"https:\/\/www.doucesangevines.com\/wp-content\/uploads\/2022\/03\/Hozo_poudre_encens_naturel-1.jpg","width":1132,"height":1132,"caption":"Hozo poudre d'encens 100% naturel - Douces Angevines"},{"@type":"BreadcrumbList","@id":"https:\/\/www.doucesangevines.com\/produit\/hozo-encens-naturel\/#breadcrumb","itemListElement":[{"@type":"ListItem","position":1,"name":"Accueil","item":"https:\/\/www.doucesangevines.com\/"},{"@type":"ListItem","position":2,"name":"Boutique","item":"https:\/\/www.doucesangevines.com\/boutique\/"},{"@type":"ListItem","position":3,"name":"HOZO"}]},{"@type":"WebSite","@id":"https:\/\/www.doucesangevines.com\/#website","url":"https:\/\/www.doucesangevines.com\/","name":"Douces Angevines","description":"Women Beauty Herbalists","publisher":{"@id":"https:\/\/www.doucesangevines.com\/#organization"},"potentialAction":[{"@type":"SearchAction","target":{"@type":"EntryPoint","urlTemplate":"https:\/\/www.doucesangevines.com\/?s={search_term_string}"},"query-input":{"@type":"PropertyValueSpecification","valueRequired":true,"valueName":"search_term_string"}}],"inLanguage":"en-GB"},{"@type":"Organization","@id":"https:\/\/www.doucesangevines.com\/#organization","name":"Douces Angevines","url":"https:\/\/www.doucesangevines.com\/","logo":{"@type":"ImageObject","inLanguage":"en-GB","@id":"https:\/\/www.doucesangevines.com\/#\/schema\/logo\/image\/","url":"https:\/\/www.doucesangevines.com\/wp-content\/uploads\/2022\/02\/douces-angevines-logo-2025.svg","contentUrl":"https:\/\/www.doucesangevines.com\/wp-content\/uploads\/2022\/02\/douces-angevines-logo-2025.svg","caption":"Douces Angevines"},"image":{"@id":"https:\/\/www.doucesangevines.com\/#\/schema\/logo\/image\/"},"sameAs":["https:\/\/fr-fr.facebook.com\/doucesangevines\/","https:\/\/www.instagram.com\/doucesangevines\/","https:\/\/www.youtube.com\/channel\/UCcbJc6Om9b7IZDHWj-osu6w"]}]}},"_links":{"self":[{"href":"https:\/\/www.doucesangevines.com\/en\/wp-json\/wp\/v2\/product\/2754","targetHints":{"allow":["GET"]}}],"collection":[{"href":"https:\/\/www.doucesangevines.com\/en\/wp-json\/wp\/v2\/product"}],"about":[{"href":"https:\/\/www.doucesangevines.com\/en\/wp-json\/wp\/v2\/types\/product"}],"wp:featuredmedia":[{"embeddable":true,"href":"https:\/\/www.doucesangevines.com\/en\/wp-json\/wp\/v2\/media\/3596"}],"wp:attachment":[{"href":"https:\/\/www.doucesangevines.com\/en\/wp-json\/wp\/v2\/media?parent=2754"}],"wp:term":[{"taxonomy":"product_featurescat","embeddable":true,"href":"https:\/\/www.doucesangevines.com\/en\/wp-json\/wp\/v2\/product_featurescat?post=2754"},{"taxonomy":"product_brand","embeddable":true,"href":"https:\/\/www.doucesangevines.com\/en\/wp-json\/wp\/v2\/product_brand?post=2754"},{"taxonomy":"product_cat","embeddable":true,"href":"https:\/\/www.doucesangevines.com\/en\/wp-json\/wp\/v2\/product_cat?post=2754"},{"taxonomy":"product_tag","embeddable":true,"href":"https:\/\/www.doucesangevines.com\/en\/wp-json\/wp\/v2\/product_tag?post=2754"}],"curies":[{"name":"wp","href":"https:\/\/api.w.org\/{rel}","templated":true}]}}