{"id":2755,"date":"2022-03-14T21:40:34","date_gmt":"2022-03-14T20:40:34","guid":{"rendered":"http:\/\/doucesangevines.com\/produit\/nour\/"},"modified":"2026-01-07T10:03:12","modified_gmt":"2026-01-07T09:03:12","slug":"nour-encens","status":"publish","type":"product","link":"https:\/\/www.doucesangevines.com\/en\/product\/incense\/","title":{"rendered":"NOUR"},"content":{"rendered":"<p>A tribute to the Sufi tradition, its fine scrolls combine the floral fragrance of pale rosebuds, the freshness of juniper and sage with the precious resins of real incense, benzoin, myrrh and storax.<br \/>\nThe range of Incense powders Les Petites Sagesses<br \/>\nLes poudres \u00e0 fumiguer Douces Angevines se composent exclusivement de plantes s\u00e9ch\u00e9es r\u00e9duites en poudre et de r\u00e9sines brutes \u00e9cras\u00e9es manuellement par nos soins \u00e0 la meule de pierre de lave. 100% de ces ingr\u00e9dients sont d\u2019origine naturelle.<br \/>\nThe gentle combustion, on a background of water, which we recommend, makes it possible to diffuse the plants and resins without burning them and thus to release only their naturally present aromatic compounds. This method avoids the brutal combustion and the degradation of the product and allows a very soft and healthy fumigation. All you have to do is use an incense burner that works with a candle, and place the powder in the cup on a bottom of water.<br \/>\nThanks to this little ritual, by preparing and enjoying each fumigation, experience the simple and deep pleasure of rediscovering contact with ancestral gestures, by connecting the 4 elements water, earth, fire and air.<\/p>","protected":false},"excerpt":{"rendered":"<p>La poudre Nour (lumi\u00e8re) apporte la paix du c\u0153ur et de l\u2019esprit. Sa fum\u00e9e d\u00e9licate d\u00e9ploie une subtile harmonie dans l\u2019atmosph\u00e8re. Hommage \u00e0 la tradition soufie, ses fines volutes marient le parfum floral des boutons de Rose p\u00e2le, la fra\u00eecheur du Gen\u00e9vrier, et la Sauge officinale aux r\u00e9sines pr\u00e9cieuses d\u2019Encens v\u00e9ritable, de Benjoin, de Myrrhe et de Storax.<\/p>","protected":false},"featured_media":3640,"template":"","meta":{"_acf_changed":false},"product_featurescat":[],"product_brand":[],"product_cat":[101],"product_tag":[191],"class_list":{"0":"post-2755","1":"product","2":"type-product","3":"status-publish","4":"has-post-thumbnail","6":"product_cat-encens","7":"product_tag-de-saison","8":"pa_collections-les-petites-sagesses","10":"first","11":"instock","12":"taxable","13":"shipping-taxable","14":"purchasable","15":"product-type-simple"},"acf":[],"yoast_head":"<!-- This site is optimized with the Yoast SEO plugin v27.4 - https:\/\/yoast.com\/product\/yoast-seo-wordpress\/ -->\n<title>NOUR - poudre d&#039;encens naturel - Douces Angevines<\/title>\n<meta name=\"description\" content=\"Rituel de fumigation, la poudre Nour apporte la paix du c\u0153ur, sa fum\u00e9e d\u00e9ploie une subtile harmonie de rose, sauge, benjoin.\" \/>\n<meta name=\"robots\" content=\"index, follow, max-snippet:-1, max-image-preview:large, max-video-preview:-1\" \/>\n<link rel=\"canonical\" href=\"https:\/\/www.doucesangevines.com\/en\/product\/incense\/\" \/>\n<meta property=\"og:locale\" content=\"en_GB\" \/>\n<meta property=\"og:type\" content=\"article\" \/>\n<meta property=\"og:title\" content=\"NOUR - poudre d&#039;encens naturel - Douces Angevines\" \/>\n<meta property=\"og:description\" content=\"Rituel de fumigation, la poudre Nour apporte la paix du c\u0153ur, sa fum\u00e9e d\u00e9ploie une subtile harmonie de rose, sauge, benjoin.\" \/>\n<meta property=\"og:url\" content=\"https:\/\/www.doucesangevines.com\/en\/product\/incense\/\" \/>\n<meta property=\"og:site_name\" content=\"Douces Angevines\" \/>\n<meta property=\"article:publisher\" content=\"https:\/\/fr-fr.facebook.com\/doucesangevines\/\" \/>\n<meta property=\"article:modified_time\" content=\"2026-01-07T09:03:12+00:00\" \/>\n<meta property=\"og:image\" content=\"https:\/\/www.doucesangevines.com\/wp-content\/uploads\/2022\/03\/Nour_poudre_encens_naturel-1.jpg\" \/>\n\t<meta property=\"og:image:width\" content=\"1132\" \/>\n\t<meta property=\"og:image:height\" content=\"1132\" \/>\n\t<meta property=\"og:image:type\" content=\"image\/jpeg\" \/>\n<meta name=\"twitter:card\" content=\"summary_large_image\" \/>\n<meta name=\"twitter:label1\" content=\"Estimated reading time\" \/>\n\t<meta name=\"twitter:data1\" content=\"2 minutes\" \/>\n<script type=\"application\/ld+json\" class=\"yoast-schema-graph\">{\"@context\":\"https:\\\/\\\/schema.org\",\"@graph\":[{\"@type\":\"WebPage\",\"@id\":\"https:\\\/\\\/www.doucesangevines.com\\\/produit\\\/nour-encens\\\/\",\"url\":\"https:\\\/\\\/www.doucesangevines.com\\\/produit\\\/nour-encens\\\/\",\"name\":\"NOUR - poudre d'encens naturel - Douces Angevines\",\"isPartOf\":{\"@id\":\"https:\\\/\\\/www.doucesangevines.com\\\/#website\"},\"primaryImageOfPage\":{\"@id\":\"https:\\\/\\\/www.doucesangevines.com\\\/produit\\\/nour-encens\\\/#primaryimage\"},\"image\":{\"@id\":\"https:\\\/\\\/www.doucesangevines.com\\\/produit\\\/nour-encens\\\/#primaryimage\"},\"thumbnailUrl\":\"https:\\\/\\\/www.doucesangevines.com\\\/wp-content\\\/uploads\\\/2022\\\/03\\\/Nour_poudre_encens_naturel-1.jpg\",\"datePublished\":\"2022-03-14T20:40:34+00:00\",\"dateModified\":\"2026-01-07T09:03:12+00:00\",\"description\":\"Rituel de fumigation, la poudre Nour apporte la paix du c\u0153ur, sa fum\u00e9e d\u00e9ploie une subtile harmonie de rose, sauge, benjoin.\",\"breadcrumb\":{\"@id\":\"https:\\\/\\\/www.doucesangevines.com\\\/produit\\\/nour-encens\\\/#breadcrumb\"},\"inLanguage\":\"en-GB\",\"potentialAction\":[{\"@type\":\"ReadAction\",\"target\":[\"https:\\\/\\\/www.doucesangevines.com\\\/produit\\\/nour-encens\\\/\"]}]},{\"@type\":\"ImageObject\",\"inLanguage\":\"en-GB\",\"@id\":\"https:\\\/\\\/www.doucesangevines.com\\\/produit\\\/nour-encens\\\/#primaryimage\",\"url\":\"https:\\\/\\\/www.doucesangevines.com\\\/wp-content\\\/uploads\\\/2022\\\/03\\\/Nour_poudre_encens_naturel-1.jpg\",\"contentUrl\":\"https:\\\/\\\/www.doucesangevines.com\\\/wp-content\\\/uploads\\\/2022\\\/03\\\/Nour_poudre_encens_naturel-1.jpg\",\"width\":1132,\"height\":1132,\"caption\":\"Nour poudre d'encens 100% naturel - Douces Angevines\"},{\"@type\":\"BreadcrumbList\",\"@id\":\"https:\\\/\\\/www.doucesangevines.com\\\/produit\\\/nour-encens\\\/#breadcrumb\",\"itemListElement\":[{\"@type\":\"ListItem\",\"position\":1,\"name\":\"Accueil\",\"item\":\"https:\\\/\\\/www.doucesangevines.com\\\/\"},{\"@type\":\"ListItem\",\"position\":2,\"name\":\"Boutique\",\"item\":\"https:\\\/\\\/www.doucesangevines.com\\\/boutique\\\/\"},{\"@type\":\"ListItem\",\"position\":3,\"name\":\"NOUR\"}]},{\"@type\":\"WebSite\",\"@id\":\"https:\\\/\\\/www.doucesangevines.com\\\/#website\",\"url\":\"https:\\\/\\\/www.doucesangevines.com\\\/\",\"name\":\"Douces Angevines\",\"description\":\"Femmes Herboristes de Beaut\u00e9\",\"publisher\":{\"@id\":\"https:\\\/\\\/www.doucesangevines.com\\\/#organization\"},\"potentialAction\":[{\"@type\":\"SearchAction\",\"target\":{\"@type\":\"EntryPoint\",\"urlTemplate\":\"https:\\\/\\\/www.doucesangevines.com\\\/?s={search_term_string}\"},\"query-input\":{\"@type\":\"PropertyValueSpecification\",\"valueRequired\":true,\"valueName\":\"search_term_string\"}}],\"inLanguage\":\"en-GB\"},{\"@type\":\"Organization\",\"@id\":\"https:\\\/\\\/www.doucesangevines.com\\\/#organization\",\"name\":\"Douces Angevines\",\"url\":\"https:\\\/\\\/www.doucesangevines.com\\\/\",\"logo\":{\"@type\":\"ImageObject\",\"inLanguage\":\"en-GB\",\"@id\":\"https:\\\/\\\/www.doucesangevines.com\\\/#\\\/schema\\\/logo\\\/image\\\/\",\"url\":\"https:\\\/\\\/www.doucesangevines.com\\\/wp-content\\\/uploads\\\/2022\\\/02\\\/douces-angevines-logo-2025.svg\",\"contentUrl\":\"https:\\\/\\\/www.doucesangevines.com\\\/wp-content\\\/uploads\\\/2022\\\/02\\\/douces-angevines-logo-2025.svg\",\"caption\":\"Douces Angevines\"},\"image\":{\"@id\":\"https:\\\/\\\/www.doucesangevines.com\\\/#\\\/schema\\\/logo\\\/image\\\/\"},\"sameAs\":[\"https:\\\/\\\/fr-fr.facebook.com\\\/doucesangevines\\\/\",\"https:\\\/\\\/www.instagram.com\\\/doucesangevines\\\/\",\"https:\\\/\\\/www.youtube.com\\\/channel\\\/UCcbJc6Om9b7IZDHWj-osu6w\"]}]}<\/script>\n<!-- \/ Yoast SEO plugin. -->","yoast_head_json":{"title":"NOUR - poudre d'encens naturel - Douces Angevines","description":"A fumigation ritual, the Nour powder brings peace to the heart, its smoke unfolds a subtle harmony of rose, sage, benzoin.","robots":{"index":"index","follow":"follow","max-snippet":"max-snippet:-1","max-image-preview":"max-image-preview:large","max-video-preview":"max-video-preview:-1"},"canonical":"https:\/\/www.doucesangevines.com\/en\/product\/incense\/","og_locale":"en_GB","og_type":"article","og_title":"NOUR - poudre d'encens naturel - Douces Angevines","og_description":"Rituel de fumigation, la poudre Nour apporte la paix du c\u0153ur, sa fum\u00e9e d\u00e9ploie une subtile harmonie de rose, sauge, benjoin.","og_url":"https:\/\/www.doucesangevines.com\/en\/product\/incense\/","og_site_name":"Douces Angevines","article_publisher":"https:\/\/fr-fr.facebook.com\/doucesangevines\/","article_modified_time":"2026-01-07T09:03:12+00:00","og_image":[{"width":1132,"height":1132,"url":"https:\/\/www.doucesangevines.com\/wp-content\/uploads\/2022\/03\/Nour_poudre_encens_naturel-1.jpg","type":"image\/jpeg"}],"twitter_card":"summary_large_image","twitter_misc":{"Estimated reading time":"2 minutes"},"schema":{"@context":"https:\/\/schema.org","@graph":[{"@type":"WebPage","@id":"https:\/\/www.doucesangevines.com\/produit\/nour-encens\/","url":"https:\/\/www.doucesangevines.com\/produit\/nour-encens\/","name":"NOUR - poudre d'encens naturel - Douces Angevines","isPartOf":{"@id":"https:\/\/www.doucesangevines.com\/#website"},"primaryImageOfPage":{"@id":"https:\/\/www.doucesangevines.com\/produit\/nour-encens\/#primaryimage"},"image":{"@id":"https:\/\/www.doucesangevines.com\/produit\/nour-encens\/#primaryimage"},"thumbnailUrl":"https:\/\/www.doucesangevines.com\/wp-content\/uploads\/2022\/03\/Nour_poudre_encens_naturel-1.jpg","datePublished":"2022-03-14T20:40:34+00:00","dateModified":"2026-01-07T09:03:12+00:00","description":"A fumigation ritual, the Nour powder brings peace to the heart, its smoke unfolds a subtle harmony of rose, sage, benzoin.","breadcrumb":{"@id":"https:\/\/www.doucesangevines.com\/produit\/nour-encens\/#breadcrumb"},"inLanguage":"en-GB","potentialAction":[{"@type":"ReadAction","target":["https:\/\/www.doucesangevines.com\/produit\/nour-encens\/"]}]},{"@type":"ImageObject","inLanguage":"en-GB","@id":"https:\/\/www.doucesangevines.com\/produit\/nour-encens\/#primaryimage","url":"https:\/\/www.doucesangevines.com\/wp-content\/uploads\/2022\/03\/Nour_poudre_encens_naturel-1.jpg","contentUrl":"https:\/\/www.doucesangevines.com\/wp-content\/uploads\/2022\/03\/Nour_poudre_encens_naturel-1.jpg","width":1132,"height":1132,"caption":"Nour poudre d'encens 100% naturel - Douces Angevines"},{"@type":"BreadcrumbList","@id":"https:\/\/www.doucesangevines.com\/produit\/nour-encens\/#breadcrumb","itemListElement":[{"@type":"ListItem","position":1,"name":"Accueil","item":"https:\/\/www.doucesangevines.com\/"},{"@type":"ListItem","position":2,"name":"Boutique","item":"https:\/\/www.doucesangevines.com\/boutique\/"},{"@type":"ListItem","position":3,"name":"NOUR"}]},{"@type":"WebSite","@id":"https:\/\/www.doucesangevines.com\/#website","url":"https:\/\/www.doucesangevines.com\/","name":"Douces Angevines","description":"Women Beauty Herbalists","publisher":{"@id":"https:\/\/www.doucesangevines.com\/#organization"},"potentialAction":[{"@type":"SearchAction","target":{"@type":"EntryPoint","urlTemplate":"https:\/\/www.doucesangevines.com\/?s={search_term_string}"},"query-input":{"@type":"PropertyValueSpecification","valueRequired":true,"valueName":"search_term_string"}}],"inLanguage":"en-GB"},{"@type":"Organization","@id":"https:\/\/www.doucesangevines.com\/#organization","name":"Douces Angevines","url":"https:\/\/www.doucesangevines.com\/","logo":{"@type":"ImageObject","inLanguage":"en-GB","@id":"https:\/\/www.doucesangevines.com\/#\/schema\/logo\/image\/","url":"https:\/\/www.doucesangevines.com\/wp-content\/uploads\/2022\/02\/douces-angevines-logo-2025.svg","contentUrl":"https:\/\/www.doucesangevines.com\/wp-content\/uploads\/2022\/02\/douces-angevines-logo-2025.svg","caption":"Douces Angevines"},"image":{"@id":"https:\/\/www.doucesangevines.com\/#\/schema\/logo\/image\/"},"sameAs":["https:\/\/fr-fr.facebook.com\/doucesangevines\/","https:\/\/www.instagram.com\/doucesangevines\/","https:\/\/www.youtube.com\/channel\/UCcbJc6Om9b7IZDHWj-osu6w"]}]}},"_links":{"self":[{"href":"https:\/\/www.doucesangevines.com\/en\/wp-json\/wp\/v2\/product\/2755","targetHints":{"allow":["GET"]}}],"collection":[{"href":"https:\/\/www.doucesangevines.com\/en\/wp-json\/wp\/v2\/product"}],"about":[{"href":"https:\/\/www.doucesangevines.com\/en\/wp-json\/wp\/v2\/types\/product"}],"wp:featuredmedia":[{"embeddable":true,"href":"https:\/\/www.doucesangevines.com\/en\/wp-json\/wp\/v2\/media\/3640"}],"wp:attachment":[{"href":"https:\/\/www.doucesangevines.com\/en\/wp-json\/wp\/v2\/media?parent=2755"}],"wp:term":[{"taxonomy":"product_featurescat","embeddable":true,"href":"https:\/\/www.doucesangevines.com\/en\/wp-json\/wp\/v2\/product_featurescat?post=2755"},{"taxonomy":"product_brand","embeddable":true,"href":"https:\/\/www.doucesangevines.com\/en\/wp-json\/wp\/v2\/product_brand?post=2755"},{"taxonomy":"product_cat","embeddable":true,"href":"https:\/\/www.doucesangevines.com\/en\/wp-json\/wp\/v2\/product_cat?post=2755"},{"taxonomy":"product_tag","embeddable":true,"href":"https:\/\/www.doucesangevines.com\/en\/wp-json\/wp\/v2\/product_tag?post=2755"}],"curies":[{"name":"wp","href":"https:\/\/api.w.org\/{rel}","templated":true}]}}