{"id":2759,"date":"2022-03-14T21:40:34","date_gmt":"2022-03-14T21:40:34","guid":{"rendered":"http:\/\/doucesangevines.com\/produit\/4-doses-dessai-harmoniques\/"},"modified":"2024-03-06T14:56:35","modified_gmt":"2024-03-06T13:56:35","slug":"4-doses-dessai-harmoniques","status":"publish","type":"product","link":"https:\/\/www.doucesangevines.com\/en\/product\/4-doses-test-harmonics\/","title":{"rendered":"4 Harmonic test doses"},"content":{"rendered":"<p>Harmonic n\u00b01 The Heart of the Baobab (Strength \/ All skin types): nourishes and energizes the skin. Discover and feel the courage of its warm energy.<br \/>\nHarmonic n\u00b02 Love with three Oranges (Anti-stress \/ All skin types, ideal for dry and sensitive skin): nourishes and protects the skin. Discover and feel the confidence of its innocent love.<br \/>\nHarmonic n\u00b03 L&#039;Id\u00e9ale (Serenity \/ All skin types, ideal for dry skin): nourishes and leaves the skin satiny. Smiling and creative serenity.<br \/>\nHarmonic n\u00b04 The Precious Moment New formula! (Perfect match \/ All skin types): nourishes and invigorates the skin. The perfect harmony with oneself and the world.<\/p>","protected":false},"excerpt":{"rendered":"<p>Explore the 4 Harmonics, and choose the treatment that suits you best according to your personal affinity with its fragrance, your temperament, your needs or desires of the moment.<\/p>","protected":false},"featured_media":4648,"template":"","meta":{"_acf_changed":false},"product_featurescat":[],"product_brand":[],"product_cat":[95],"product_tag":[197],"class_list":{"0":"post-2759","1":"product","2":"type-product","3":"status-publish","4":"has-post-thumbnail","6":"product_cat-visage","7":"product_tag-doses-decouvertes","9":"first","10":"instock","11":"taxable","12":"shipping-taxable","13":"purchasable","14":"product-type-simple"},"acf":[],"yoast_head":"<!-- This site is optimized with the Yoast SEO plugin v27.6 - https:\/\/yoast.com\/product\/yoast-seo-wordpress\/ -->\n<title>4 doses d&#039;essai Harmoniques - Douces Angevines<\/title>\n<meta name=\"description\" content=\"D\u00e9couvrez nos soins nourrissants pour le corps 4 Harmoniques, dont les senteurs invitent \u00e0 l&#039;harmonie de l&#039;esprit et des \u00e9motions.\" \/>\n<meta name=\"robots\" content=\"index, follow, max-snippet:-1, max-image-preview:large, max-video-preview:-1\" \/>\n<link rel=\"canonical\" href=\"https:\/\/www.doucesangevines.com\/en\/product\/4-doses-test-harmonics\/\" \/>\n<meta property=\"og:locale\" content=\"en_GB\" \/>\n<meta property=\"og:type\" content=\"article\" \/>\n<meta property=\"og:title\" content=\"4 doses d&#039;essai Harmoniques - Douces Angevines\" \/>\n<meta property=\"og:description\" content=\"D\u00e9couvrez nos soins nourrissants pour le corps 4 Harmoniques, dont les senteurs invitent \u00e0 l&#039;harmonie de l&#039;esprit et des \u00e9motions.\" \/>\n<meta property=\"og:url\" content=\"https:\/\/www.doucesangevines.com\/en\/product\/4-doses-test-harmonics\/\" \/>\n<meta property=\"og:site_name\" content=\"Douces Angevines\" \/>\n<meta property=\"article:publisher\" content=\"https:\/\/fr-fr.facebook.com\/doucesangevines\/\" \/>\n<meta property=\"article:modified_time\" content=\"2024-03-06T13:56:35+00:00\" \/>\n<meta property=\"og:image\" content=\"https:\/\/www.doucesangevines.com\/wp-content\/uploads\/2022\/06\/Echantillons-fluides-corps-aromatiques-4-Harmoniques.png\" \/>\n\t<meta property=\"og:image:width\" content=\"1132\" \/>\n\t<meta property=\"og:image:height\" content=\"1132\" \/>\n\t<meta property=\"og:image:type\" content=\"image\/png\" \/>\n<meta name=\"twitter:card\" content=\"summary_large_image\" \/>\n<meta name=\"twitter:label1\" content=\"Estimated reading time\" \/>\n\t<meta name=\"twitter:data1\" content=\"1 minute\" \/>\n<script type=\"application\/ld+json\" class=\"yoast-schema-graph\">{\"@context\":\"https:\\\/\\\/schema.org\",\"@graph\":[{\"@type\":\"WebPage\",\"@id\":\"https:\\\/\\\/www.doucesangevines.com\\\/produit\\\/4-doses-dessai-harmoniques\\\/\",\"url\":\"https:\\\/\\\/www.doucesangevines.com\\\/produit\\\/4-doses-dessai-harmoniques\\\/\",\"name\":\"4 doses d'essai Harmoniques - Douces Angevines\",\"isPartOf\":{\"@id\":\"https:\\\/\\\/www.doucesangevines.com\\\/#website\"},\"primaryImageOfPage\":{\"@id\":\"https:\\\/\\\/www.doucesangevines.com\\\/produit\\\/4-doses-dessai-harmoniques\\\/#primaryimage\"},\"image\":{\"@id\":\"https:\\\/\\\/www.doucesangevines.com\\\/produit\\\/4-doses-dessai-harmoniques\\\/#primaryimage\"},\"thumbnailUrl\":\"https:\\\/\\\/www.doucesangevines.com\\\/wp-content\\\/uploads\\\/2022\\\/06\\\/Echantillons-fluides-corps-aromatiques-4-Harmoniques.png\",\"datePublished\":\"2022-03-14T21:40:34+00:00\",\"dateModified\":\"2024-03-06T13:56:35+00:00\",\"description\":\"D\u00e9couvrez nos soins nourrissants pour le corps 4 Harmoniques, dont les senteurs invitent \u00e0 l'harmonie de l'esprit et des \u00e9motions.\",\"breadcrumb\":{\"@id\":\"https:\\\/\\\/www.doucesangevines.com\\\/produit\\\/4-doses-dessai-harmoniques\\\/#breadcrumb\"},\"inLanguage\":\"en-GB\",\"potentialAction\":[{\"@type\":\"ReadAction\",\"target\":[\"https:\\\/\\\/www.doucesangevines.com\\\/produit\\\/4-doses-dessai-harmoniques\\\/\"]}]},{\"@type\":\"ImageObject\",\"inLanguage\":\"en-GB\",\"@id\":\"https:\\\/\\\/www.doucesangevines.com\\\/produit\\\/4-doses-dessai-harmoniques\\\/#primaryimage\",\"url\":\"https:\\\/\\\/www.doucesangevines.com\\\/wp-content\\\/uploads\\\/2022\\\/06\\\/Echantillons-fluides-corps-aromatiques-4-Harmoniques.png\",\"contentUrl\":\"https:\\\/\\\/www.doucesangevines.com\\\/wp-content\\\/uploads\\\/2022\\\/06\\\/Echantillons-fluides-corps-aromatiques-4-Harmoniques.png\",\"width\":1132,\"height\":1132,\"caption\":\"Doses d'essai fluides corps bio Les 4 Harmoniques - Douces Angevines\"},{\"@type\":\"BreadcrumbList\",\"@id\":\"https:\\\/\\\/www.doucesangevines.com\\\/produit\\\/4-doses-dessai-harmoniques\\\/#breadcrumb\",\"itemListElement\":[{\"@type\":\"ListItem\",\"position\":1,\"name\":\"Accueil\",\"item\":\"https:\\\/\\\/www.doucesangevines.com\\\/\"},{\"@type\":\"ListItem\",\"position\":2,\"name\":\"Boutique\",\"item\":\"https:\\\/\\\/www.doucesangevines.com\\\/boutique\\\/\"},{\"@type\":\"ListItem\",\"position\":3,\"name\":\"4 doses d&#8217;essai Harmoniques\"}]},{\"@type\":\"WebSite\",\"@id\":\"https:\\\/\\\/www.doucesangevines.com\\\/#website\",\"url\":\"https:\\\/\\\/www.doucesangevines.com\\\/\",\"name\":\"Douces Angevines\",\"description\":\"Femmes Herboristes de Beaut\u00e9\",\"publisher\":{\"@id\":\"https:\\\/\\\/www.doucesangevines.com\\\/#organization\"},\"potentialAction\":[{\"@type\":\"SearchAction\",\"target\":{\"@type\":\"EntryPoint\",\"urlTemplate\":\"https:\\\/\\\/www.doucesangevines.com\\\/?s={search_term_string}\"},\"query-input\":{\"@type\":\"PropertyValueSpecification\",\"valueRequired\":true,\"valueName\":\"search_term_string\"}}],\"inLanguage\":\"en-GB\"},{\"@type\":\"Organization\",\"@id\":\"https:\\\/\\\/www.doucesangevines.com\\\/#organization\",\"name\":\"Douces Angevines\",\"url\":\"https:\\\/\\\/www.doucesangevines.com\\\/\",\"logo\":{\"@type\":\"ImageObject\",\"inLanguage\":\"en-GB\",\"@id\":\"https:\\\/\\\/www.doucesangevines.com\\\/#\\\/schema\\\/logo\\\/image\\\/\",\"url\":\"https:\\\/\\\/www.doucesangevines.com\\\/wp-content\\\/uploads\\\/2022\\\/02\\\/douces-angevines-logo-2025.svg\",\"contentUrl\":\"https:\\\/\\\/www.doucesangevines.com\\\/wp-content\\\/uploads\\\/2022\\\/02\\\/douces-angevines-logo-2025.svg\",\"caption\":\"Douces Angevines\"},\"image\":{\"@id\":\"https:\\\/\\\/www.doucesangevines.com\\\/#\\\/schema\\\/logo\\\/image\\\/\"},\"sameAs\":[\"https:\\\/\\\/fr-fr.facebook.com\\\/doucesangevines\\\/\",\"https:\\\/\\\/www.instagram.com\\\/doucesangevines\\\/\",\"https:\\\/\\\/www.youtube.com\\\/channel\\\/UCcbJc6Om9b7IZDHWj-osu6w\"]}]}<\/script>\n<!-- \/ Yoast SEO plugin. -->","yoast_head_json":{"title":"4 Harmonic trial doses - Douces Angevines","description":"D\u00e9couvrez nos soins nourrissants pour le corps 4 Harmoniques, dont les senteurs invitent \u00e0 l'harmonie de l'esprit et des \u00e9motions.","robots":{"index":"index","follow":"follow","max-snippet":"max-snippet:-1","max-image-preview":"max-image-preview:large","max-video-preview":"max-video-preview:-1"},"canonical":"https:\/\/www.doucesangevines.com\/en\/product\/4-doses-test-harmonics\/","og_locale":"en_GB","og_type":"article","og_title":"4 doses d'essai Harmoniques - Douces Angevines","og_description":"D\u00e9couvrez nos soins nourrissants pour le corps 4 Harmoniques, dont les senteurs invitent \u00e0 l'harmonie de l'esprit et des \u00e9motions.","og_url":"https:\/\/www.doucesangevines.com\/en\/product\/4-doses-test-harmonics\/","og_site_name":"Douces Angevines","article_publisher":"https:\/\/fr-fr.facebook.com\/doucesangevines\/","article_modified_time":"2024-03-06T13:56:35+00:00","og_image":[{"width":1132,"height":1132,"url":"https:\/\/www.doucesangevines.com\/wp-content\/uploads\/2022\/06\/Echantillons-fluides-corps-aromatiques-4-Harmoniques.png","type":"image\/png"}],"twitter_card":"summary_large_image","twitter_misc":{"Estimated reading time":"1 minute"},"schema":{"@context":"https:\/\/schema.org","@graph":[{"@type":"WebPage","@id":"https:\/\/www.doucesangevines.com\/produit\/4-doses-dessai-harmoniques\/","url":"https:\/\/www.doucesangevines.com\/produit\/4-doses-dessai-harmoniques\/","name":"4 Harmonic trial doses - Douces Angevines","isPartOf":{"@id":"https:\/\/www.doucesangevines.com\/#website"},"primaryImageOfPage":{"@id":"https:\/\/www.doucesangevines.com\/produit\/4-doses-dessai-harmoniques\/#primaryimage"},"image":{"@id":"https:\/\/www.doucesangevines.com\/produit\/4-doses-dessai-harmoniques\/#primaryimage"},"thumbnailUrl":"https:\/\/www.doucesangevines.com\/wp-content\/uploads\/2022\/06\/Echantillons-fluides-corps-aromatiques-4-Harmoniques.png","datePublished":"2022-03-14T21:40:34+00:00","dateModified":"2024-03-06T13:56:35+00:00","description":"D\u00e9couvrez nos soins nourrissants pour le corps 4 Harmoniques, dont les senteurs invitent \u00e0 l'harmonie de l'esprit et des \u00e9motions.","breadcrumb":{"@id":"https:\/\/www.doucesangevines.com\/produit\/4-doses-dessai-harmoniques\/#breadcrumb"},"inLanguage":"en-GB","potentialAction":[{"@type":"ReadAction","target":["https:\/\/www.doucesangevines.com\/produit\/4-doses-dessai-harmoniques\/"]}]},{"@type":"ImageObject","inLanguage":"en-GB","@id":"https:\/\/www.doucesangevines.com\/produit\/4-doses-dessai-harmoniques\/#primaryimage","url":"https:\/\/www.doucesangevines.com\/wp-content\/uploads\/2022\/06\/Echantillons-fluides-corps-aromatiques-4-Harmoniques.png","contentUrl":"https:\/\/www.doucesangevines.com\/wp-content\/uploads\/2022\/06\/Echantillons-fluides-corps-aromatiques-4-Harmoniques.png","width":1132,"height":1132,"caption":"Doses d'essai fluides corps bio Les 4 Harmoniques - Douces Angevines"},{"@type":"BreadcrumbList","@id":"https:\/\/www.doucesangevines.com\/produit\/4-doses-dessai-harmoniques\/#breadcrumb","itemListElement":[{"@type":"ListItem","position":1,"name":"Accueil","item":"https:\/\/www.doucesangevines.com\/"},{"@type":"ListItem","position":2,"name":"Boutique","item":"https:\/\/www.doucesangevines.com\/boutique\/"},{"@type":"ListItem","position":3,"name":"4 doses d&#8217;essai Harmoniques"}]},{"@type":"WebSite","@id":"https:\/\/www.doucesangevines.com\/#website","url":"https:\/\/www.doucesangevines.com\/","name":"Douces Angevines","description":"Women Beauty Herbalists","publisher":{"@id":"https:\/\/www.doucesangevines.com\/#organization"},"potentialAction":[{"@type":"SearchAction","target":{"@type":"EntryPoint","urlTemplate":"https:\/\/www.doucesangevines.com\/?s={search_term_string}"},"query-input":{"@type":"PropertyValueSpecification","valueRequired":true,"valueName":"search_term_string"}}],"inLanguage":"en-GB"},{"@type":"Organization","@id":"https:\/\/www.doucesangevines.com\/#organization","name":"Douces Angevines","url":"https:\/\/www.doucesangevines.com\/","logo":{"@type":"ImageObject","inLanguage":"en-GB","@id":"https:\/\/www.doucesangevines.com\/#\/schema\/logo\/image\/","url":"https:\/\/www.doucesangevines.com\/wp-content\/uploads\/2022\/02\/douces-angevines-logo-2025.svg","contentUrl":"https:\/\/www.doucesangevines.com\/wp-content\/uploads\/2022\/02\/douces-angevines-logo-2025.svg","caption":"Douces Angevines"},"image":{"@id":"https:\/\/www.doucesangevines.com\/#\/schema\/logo\/image\/"},"sameAs":["https:\/\/fr-fr.facebook.com\/doucesangevines\/","https:\/\/www.instagram.com\/doucesangevines\/","https:\/\/www.youtube.com\/channel\/UCcbJc6Om9b7IZDHWj-osu6w"]}]}},"_links":{"self":[{"href":"https:\/\/www.doucesangevines.com\/en\/wp-json\/wp\/v2\/product\/2759","targetHints":{"allow":["GET"]}}],"collection":[{"href":"https:\/\/www.doucesangevines.com\/en\/wp-json\/wp\/v2\/product"}],"about":[{"href":"https:\/\/www.doucesangevines.com\/en\/wp-json\/wp\/v2\/types\/product"}],"wp:featuredmedia":[{"embeddable":true,"href":"https:\/\/www.doucesangevines.com\/en\/wp-json\/wp\/v2\/media\/4648"}],"wp:attachment":[{"href":"https:\/\/www.doucesangevines.com\/en\/wp-json\/wp\/v2\/media?parent=2759"}],"wp:term":[{"taxonomy":"product_featurescat","embeddable":true,"href":"https:\/\/www.doucesangevines.com\/en\/wp-json\/wp\/v2\/product_featurescat?post=2759"},{"taxonomy":"product_brand","embeddable":true,"href":"https:\/\/www.doucesangevines.com\/en\/wp-json\/wp\/v2\/product_brand?post=2759"},{"taxonomy":"product_cat","embeddable":true,"href":"https:\/\/www.doucesangevines.com\/en\/wp-json\/wp\/v2\/product_cat?post=2759"},{"taxonomy":"product_tag","embeddable":true,"href":"https:\/\/www.doucesangevines.com\/en\/wp-json\/wp\/v2\/product_tag?post=2759"}],"curies":[{"name":"wp","href":"https:\/\/api.w.org\/{rel}","templated":true}]}}