{"id":6584,"date":"2022-10-11T12:21:58","date_gmt":"2022-10-11T10:21:58","guid":{"rendered":"http:\/\/doucesangevines.com\/?post_type=product&#038;p=6584"},"modified":"2026-03-19T10:34:24","modified_gmt":"2026-03-19T09:34:24","slug":"eau-de-toilette-le-coeur-du-baobab","status":"publish","type":"product","link":"https:\/\/www.doucesangevines.com\/en\/product\/eau-de-toilet-le-coeur-du-baobab\/","title":{"rendered":"Eau de toilette Le Coeur du Baobab"},"content":{"rendered":"<div class=\"wpb-content-wrapper\"><div data-parent=\"true\" class=\"vc_row row-container\" id=\"row-unique-0\"><div class=\"row limit-width row-parent\"><div class=\"wpb_row row-inner\"><div class=\"wpb_column pos-top pos-center align_left column_parent col-lg-12 single-internal-gutter\"><div class=\"uncol style-light\"  ><div class=\"uncoltable\"><div class=\"uncell no-block-padding\" ><div class=\"uncont\"><div class=\"uncode_text_column\" ><p>F\u00e9erie chaleureuse d&#8217;\u00e9pices et d&#8217;aromates.<\/p>\n<p>Harmonique N\u00b01 \u2022 Son message : J\u2019exalte la force primordiale.<\/p>\n<p>Cette eau de toilette unique, aux vibrations \u00e9nerg\u00e9tiques subtiles, invite \u00e0 un d\u00e9licieux voyage, port\u00e9 par le myst\u00e8re et la sensualit\u00e9 des \u00e9pices. Son empreinte olfactive : Muscade, Cannelle, Vanille, Cardamome, Benjoin.<\/p>\n<p>Action subtile : Sa fragrance \u00e9veille courage et confiance pour oser s&#8217;affirmer, d\u00e9ployer sa cr\u00e9ativit\u00e9.<\/p>\n<p>Les eaux de toilettes Les 4 Harmoniques s&#8217;inspirent de la gamme de fluides pour le corps et de savons Les 4 Harmoniques.<\/p>\n<\/div><\/div><\/div><\/div><\/div><\/div><script id=\"script-row-unique-0\" data-row=\"script-row-unique-0\" type=\"text\/javascript\" class=\"vc_controls\">UNCODE.initRow(document.getElementById(\"row-unique-0\"));<\/script><\/div><\/div><\/div>\n<\/div>","protected":false},"excerpt":{"rendered":"<p>F\u00e9erie chaleureuse d&#8217;\u00e9pices et d&#8217;aromates \u2022 Son message : J\u2019exalte la force primordiale.<\/p>\n<p>Cette eau de toilette unique, aux vibrations \u00e9nerg\u00e9tiques subtiles, invite \u00e0 un d\u00e9licieux voyage, port\u00e9 par le myst\u00e8re et la sensualit\u00e9 des \u00e9pices. Son empreinte olfactive : Muscade, Cannelle, Vanille, Cardamome, Benjoin. Sa fragrance \u00e9veille courage et confiance pour oser s&#8217;affirmer, d\u00e9ployer sa cr\u00e9ativit\u00e9. Les eaux de toilettes Les 4 Harmoniques s&#8217;inspirent de la gamme de fluides pour le corps et de savons Les 4 Harmoniques.<\/p>","protected":false},"featured_media":22343,"template":"","meta":{"_acf_changed":false},"product_featurescat":[],"product_brand":[],"product_cat":[102],"product_tag":[192],"class_list":{"0":"post-6584","1":"product","2":"type-product","3":"status-publish","4":"has-post-thumbnail","6":"product_cat-parfums","7":"product_tag-cadeaux","8":"pa_collections-les-4-harmoniques","10":"first","11":"instock","12":"taxable","13":"shipping-taxable","14":"purchasable","15":"product-type-simple"},"acf":[],"yoast_head":"<!-- This site is optimized with the Yoast SEO plugin v27.4 - https:\/\/yoast.com\/product\/yoast-seo-wordpress\/ -->\n<title>Eau de toilette Le Coeur du Baobab - Douces Angevines<\/title>\n<meta name=\"description\" content=\"Un eau de toilette bio 100% plantes et fleurs. Nimb\u00e9e du myst\u00e8re des \u00e9pices, une fragrance r\u00e9chauffante de vanille, cannelle, girofle et cardamome.\" \/>\n<meta name=\"robots\" content=\"index, follow, max-snippet:-1, max-image-preview:large, max-video-preview:-1\" \/>\n<link rel=\"canonical\" href=\"https:\/\/www.doucesangevines.com\/en\/product\/eau-de-toilet-le-coeur-du-baobab\/\" \/>\n<meta property=\"og:locale\" content=\"en_GB\" \/>\n<meta property=\"og:type\" content=\"article\" \/>\n<meta property=\"og:title\" content=\"Eau de toilette Le Coeur du Baobab - Douces Angevines\" \/>\n<meta property=\"og:description\" content=\"Un eau de toilette bio 100% plantes et fleurs. Nimb\u00e9e du myst\u00e8re des \u00e9pices, une fragrance r\u00e9chauffante de vanille, cannelle, girofle et cardamome.\" \/>\n<meta property=\"og:url\" content=\"https:\/\/www.doucesangevines.com\/en\/product\/eau-de-toilet-le-coeur-du-baobab\/\" \/>\n<meta property=\"og:site_name\" content=\"Douces Angevines\" \/>\n<meta property=\"article:publisher\" content=\"https:\/\/fr-fr.facebook.com\/doucesangevines\/\" \/>\n<meta property=\"article:modified_time\" content=\"2026-03-19T09:34:24+00:00\" \/>\n<meta property=\"og:image\" content=\"https:\/\/www.doucesangevines.com\/wp-content\/uploads\/2022\/10\/EDT-BAOBAB-PACK.png\" \/>\n\t<meta property=\"og:image:width\" content=\"1132\" \/>\n\t<meta property=\"og:image:height\" content=\"1132\" \/>\n\t<meta property=\"og:image:type\" content=\"image\/png\" \/>\n<meta name=\"twitter:card\" content=\"summary_large_image\" \/>\n<meta name=\"twitter:label1\" content=\"Estimated reading time\" \/>\n\t<meta name=\"twitter:data1\" content=\"1 minute\" \/>\n<script type=\"application\/ld+json\" class=\"yoast-schema-graph\">{\"@context\":\"https:\\\/\\\/schema.org\",\"@graph\":[{\"@type\":\"WebPage\",\"@id\":\"https:\\\/\\\/www.doucesangevines.com\\\/produit\\\/eau-de-toilette-le-coeur-du-baobab\\\/\",\"url\":\"https:\\\/\\\/www.doucesangevines.com\\\/produit\\\/eau-de-toilette-le-coeur-du-baobab\\\/\",\"name\":\"Eau de toilette Le Coeur du Baobab - Douces Angevines\",\"isPartOf\":{\"@id\":\"https:\\\/\\\/www.doucesangevines.com\\\/#website\"},\"primaryImageOfPage\":{\"@id\":\"https:\\\/\\\/www.doucesangevines.com\\\/produit\\\/eau-de-toilette-le-coeur-du-baobab\\\/#primaryimage\"},\"image\":{\"@id\":\"https:\\\/\\\/www.doucesangevines.com\\\/produit\\\/eau-de-toilette-le-coeur-du-baobab\\\/#primaryimage\"},\"thumbnailUrl\":\"https:\\\/\\\/www.doucesangevines.com\\\/wp-content\\\/uploads\\\/2022\\\/10\\\/EDT-BAOBAB-PACK.png\",\"datePublished\":\"2022-10-11T10:21:58+00:00\",\"dateModified\":\"2026-03-19T09:34:24+00:00\",\"description\":\"Un eau de toilette bio 100% plantes et fleurs. Nimb\u00e9e du myst\u00e8re des \u00e9pices, une fragrance r\u00e9chauffante de vanille, cannelle, girofle et cardamome.\",\"breadcrumb\":{\"@id\":\"https:\\\/\\\/www.doucesangevines.com\\\/produit\\\/eau-de-toilette-le-coeur-du-baobab\\\/#breadcrumb\"},\"inLanguage\":\"en-GB\",\"potentialAction\":[{\"@type\":\"ReadAction\",\"target\":[\"https:\\\/\\\/www.doucesangevines.com\\\/produit\\\/eau-de-toilette-le-coeur-du-baobab\\\/\"]}]},{\"@type\":\"ImageObject\",\"inLanguage\":\"en-GB\",\"@id\":\"https:\\\/\\\/www.doucesangevines.com\\\/produit\\\/eau-de-toilette-le-coeur-du-baobab\\\/#primaryimage\",\"url\":\"https:\\\/\\\/www.doucesangevines.com\\\/wp-content\\\/uploads\\\/2022\\\/10\\\/EDT-BAOBAB-PACK.png\",\"contentUrl\":\"https:\\\/\\\/www.doucesangevines.com\\\/wp-content\\\/uploads\\\/2022\\\/10\\\/EDT-BAOBAB-PACK.png\",\"width\":1132,\"height\":1132},{\"@type\":\"BreadcrumbList\",\"@id\":\"https:\\\/\\\/www.doucesangevines.com\\\/produit\\\/eau-de-toilette-le-coeur-du-baobab\\\/#breadcrumb\",\"itemListElement\":[{\"@type\":\"ListItem\",\"position\":1,\"name\":\"Accueil\",\"item\":\"https:\\\/\\\/www.doucesangevines.com\\\/\"},{\"@type\":\"ListItem\",\"position\":2,\"name\":\"Boutique\",\"item\":\"https:\\\/\\\/www.doucesangevines.com\\\/boutique\\\/\"},{\"@type\":\"ListItem\",\"position\":3,\"name\":\"Eau de toilette Le Coeur du Baobab\"}]},{\"@type\":\"WebSite\",\"@id\":\"https:\\\/\\\/www.doucesangevines.com\\\/#website\",\"url\":\"https:\\\/\\\/www.doucesangevines.com\\\/\",\"name\":\"Douces Angevines\",\"description\":\"Femmes Herboristes de Beaut\u00e9\",\"publisher\":{\"@id\":\"https:\\\/\\\/www.doucesangevines.com\\\/#organization\"},\"potentialAction\":[{\"@type\":\"SearchAction\",\"target\":{\"@type\":\"EntryPoint\",\"urlTemplate\":\"https:\\\/\\\/www.doucesangevines.com\\\/?s={search_term_string}\"},\"query-input\":{\"@type\":\"PropertyValueSpecification\",\"valueRequired\":true,\"valueName\":\"search_term_string\"}}],\"inLanguage\":\"en-GB\"},{\"@type\":\"Organization\",\"@id\":\"https:\\\/\\\/www.doucesangevines.com\\\/#organization\",\"name\":\"Douces Angevines\",\"url\":\"https:\\\/\\\/www.doucesangevines.com\\\/\",\"logo\":{\"@type\":\"ImageObject\",\"inLanguage\":\"en-GB\",\"@id\":\"https:\\\/\\\/www.doucesangevines.com\\\/#\\\/schema\\\/logo\\\/image\\\/\",\"url\":\"https:\\\/\\\/www.doucesangevines.com\\\/wp-content\\\/uploads\\\/2022\\\/02\\\/douces-angevines-logo-2025.svg\",\"contentUrl\":\"https:\\\/\\\/www.doucesangevines.com\\\/wp-content\\\/uploads\\\/2022\\\/02\\\/douces-angevines-logo-2025.svg\",\"caption\":\"Douces Angevines\"},\"image\":{\"@id\":\"https:\\\/\\\/www.doucesangevines.com\\\/#\\\/schema\\\/logo\\\/image\\\/\"},\"sameAs\":[\"https:\\\/\\\/fr-fr.facebook.com\\\/doucesangevines\\\/\",\"https:\\\/\\\/www.instagram.com\\\/doucesangevines\\\/\",\"https:\\\/\\\/www.youtube.com\\\/channel\\\/UCcbJc6Om9b7IZDHWj-osu6w\"]}]}<\/script>\n<!-- \/ Yoast SEO plugin. -->","yoast_head_json":{"title":"Eau de toilette The Heart of the Baobab - Douces Angevines","description":"Un eau de toilette bio 100% plantes et fleurs. Nimb\u00e9e du myst\u00e8re des \u00e9pices, une fragrance r\u00e9chauffante de vanille, cannelle, girofle et cardamome.","robots":{"index":"index","follow":"follow","max-snippet":"max-snippet:-1","max-image-preview":"max-image-preview:large","max-video-preview":"max-video-preview:-1"},"canonical":"https:\/\/www.doucesangevines.com\/en\/product\/eau-de-toilet-le-coeur-du-baobab\/","og_locale":"en_GB","og_type":"article","og_title":"Eau de toilette Le Coeur du Baobab - Douces Angevines","og_description":"Un eau de toilette bio 100% plantes et fleurs. Nimb\u00e9e du myst\u00e8re des \u00e9pices, une fragrance r\u00e9chauffante de vanille, cannelle, girofle et cardamome.","og_url":"https:\/\/www.doucesangevines.com\/en\/product\/eau-de-toilet-le-coeur-du-baobab\/","og_site_name":"Douces Angevines","article_publisher":"https:\/\/fr-fr.facebook.com\/doucesangevines\/","article_modified_time":"2026-03-19T09:34:24+00:00","og_image":[{"width":1132,"height":1132,"url":"https:\/\/www.doucesangevines.com\/wp-content\/uploads\/2022\/10\/EDT-BAOBAB-PACK.png","type":"image\/png"}],"twitter_card":"summary_large_image","twitter_misc":{"Estimated reading time":"1 minute"},"schema":{"@context":"https:\/\/schema.org","@graph":[{"@type":"WebPage","@id":"https:\/\/www.doucesangevines.com\/produit\/eau-de-toilette-le-coeur-du-baobab\/","url":"https:\/\/www.doucesangevines.com\/produit\/eau-de-toilette-le-coeur-du-baobab\/","name":"Eau de toilette The Heart of the Baobab - Douces Angevines","isPartOf":{"@id":"https:\/\/www.doucesangevines.com\/#website"},"primaryImageOfPage":{"@id":"https:\/\/www.doucesangevines.com\/produit\/eau-de-toilette-le-coeur-du-baobab\/#primaryimage"},"image":{"@id":"https:\/\/www.doucesangevines.com\/produit\/eau-de-toilette-le-coeur-du-baobab\/#primaryimage"},"thumbnailUrl":"https:\/\/www.doucesangevines.com\/wp-content\/uploads\/2022\/10\/EDT-BAOBAB-PACK.png","datePublished":"2022-10-11T10:21:58+00:00","dateModified":"2026-03-19T09:34:24+00:00","description":"Un eau de toilette bio 100% plantes et fleurs. Nimb\u00e9e du myst\u00e8re des \u00e9pices, une fragrance r\u00e9chauffante de vanille, cannelle, girofle et cardamome.","breadcrumb":{"@id":"https:\/\/www.doucesangevines.com\/produit\/eau-de-toilette-le-coeur-du-baobab\/#breadcrumb"},"inLanguage":"en-GB","potentialAction":[{"@type":"ReadAction","target":["https:\/\/www.doucesangevines.com\/produit\/eau-de-toilette-le-coeur-du-baobab\/"]}]},{"@type":"ImageObject","inLanguage":"en-GB","@id":"https:\/\/www.doucesangevines.com\/produit\/eau-de-toilette-le-coeur-du-baobab\/#primaryimage","url":"https:\/\/www.doucesangevines.com\/wp-content\/uploads\/2022\/10\/EDT-BAOBAB-PACK.png","contentUrl":"https:\/\/www.doucesangevines.com\/wp-content\/uploads\/2022\/10\/EDT-BAOBAB-PACK.png","width":1132,"height":1132},{"@type":"BreadcrumbList","@id":"https:\/\/www.doucesangevines.com\/produit\/eau-de-toilette-le-coeur-du-baobab\/#breadcrumb","itemListElement":[{"@type":"ListItem","position":1,"name":"Accueil","item":"https:\/\/www.doucesangevines.com\/"},{"@type":"ListItem","position":2,"name":"Boutique","item":"https:\/\/www.doucesangevines.com\/boutique\/"},{"@type":"ListItem","position":3,"name":"Eau de toilette Le Coeur du Baobab"}]},{"@type":"WebSite","@id":"https:\/\/www.doucesangevines.com\/#website","url":"https:\/\/www.doucesangevines.com\/","name":"Douces Angevines","description":"Women Beauty Herbalists","publisher":{"@id":"https:\/\/www.doucesangevines.com\/#organization"},"potentialAction":[{"@type":"SearchAction","target":{"@type":"EntryPoint","urlTemplate":"https:\/\/www.doucesangevines.com\/?s={search_term_string}"},"query-input":{"@type":"PropertyValueSpecification","valueRequired":true,"valueName":"search_term_string"}}],"inLanguage":"en-GB"},{"@type":"Organization","@id":"https:\/\/www.doucesangevines.com\/#organization","name":"Douces Angevines","url":"https:\/\/www.doucesangevines.com\/","logo":{"@type":"ImageObject","inLanguage":"en-GB","@id":"https:\/\/www.doucesangevines.com\/#\/schema\/logo\/image\/","url":"https:\/\/www.doucesangevines.com\/wp-content\/uploads\/2022\/02\/douces-angevines-logo-2025.svg","contentUrl":"https:\/\/www.doucesangevines.com\/wp-content\/uploads\/2022\/02\/douces-angevines-logo-2025.svg","caption":"Douces Angevines"},"image":{"@id":"https:\/\/www.doucesangevines.com\/#\/schema\/logo\/image\/"},"sameAs":["https:\/\/fr-fr.facebook.com\/doucesangevines\/","https:\/\/www.instagram.com\/doucesangevines\/","https:\/\/www.youtube.com\/channel\/UCcbJc6Om9b7IZDHWj-osu6w"]}]}},"_links":{"self":[{"href":"https:\/\/www.doucesangevines.com\/en\/wp-json\/wp\/v2\/product\/6584","targetHints":{"allow":["GET"]}}],"collection":[{"href":"https:\/\/www.doucesangevines.com\/en\/wp-json\/wp\/v2\/product"}],"about":[{"href":"https:\/\/www.doucesangevines.com\/en\/wp-json\/wp\/v2\/types\/product"}],"wp:featuredmedia":[{"embeddable":true,"href":"https:\/\/www.doucesangevines.com\/en\/wp-json\/wp\/v2\/media\/22343"}],"wp:attachment":[{"href":"https:\/\/www.doucesangevines.com\/en\/wp-json\/wp\/v2\/media?parent=6584"}],"wp:term":[{"taxonomy":"product_featurescat","embeddable":true,"href":"https:\/\/www.doucesangevines.com\/en\/wp-json\/wp\/v2\/product_featurescat?post=6584"},{"taxonomy":"product_brand","embeddable":true,"href":"https:\/\/www.doucesangevines.com\/en\/wp-json\/wp\/v2\/product_brand?post=6584"},{"taxonomy":"product_cat","embeddable":true,"href":"https:\/\/www.doucesangevines.com\/en\/wp-json\/wp\/v2\/product_cat?post=6584"},{"taxonomy":"product_tag","embeddable":true,"href":"https:\/\/www.doucesangevines.com\/en\/wp-json\/wp\/v2\/product_tag?post=6584"}],"curies":[{"name":"wp","href":"https:\/\/api.w.org\/{rel}","templated":true}]}}