{"id":6592,"date":"2022-10-11T12:15:52","date_gmt":"2022-10-11T10:15:52","guid":{"rendered":"http:\/\/doucesangevines.com\/?post_type=product&#038;p=6592"},"modified":"2026-03-10T12:49:34","modified_gmt":"2026-03-10T11:49:34","slug":"eau-de-toilette-bio-lideale","status":"publish","type":"product","link":"https:\/\/www.doucesangevines.com\/en\/product\/ideal-eau-de-toilet\/","title":{"rendered":"L&#039;Ideale eau de toilette"},"content":{"rendered":"<p>Cette eau de toilette unique, aux vibrations \u00e9nerg\u00e9tiques subtiles, est comme une brise aromatique l\u00e9g\u00e8re et p\u00e9tillante. Elle enveloppe de son \u00e9nergie de joie douce et sereine.<\/p>\n<p>Son message : J\u2019infuse la libert\u00e9.<br \/>\nSon empreinte olfactive : Basilic, zeste de Mandarine, Myrte, Marjolaine.<\/p>\n<p>Its action :<br \/>\nIts fresh and dynamic fragrance carried by the spirit of Basil and Marjoram dissipates the heaviness and gives the balancing energy of a fluid communication, of a peaceful openness.<\/p>\n<p>Les eaux de toilettes des 4 Harmoniques s&#8217;inspirent de la gamme de fluides pour le corps et de savons Les 4 Harmoniques.<\/p>\n<p>&nbsp;<\/p>","protected":false},"excerpt":{"rendered":"<p>Envol d\u00e9licat et frais d&#8217;herbes et d&#8217;agrumes d\u00e9licieux. Son message : J&#8217;infuse la libert\u00e9.<\/p>\n<p>A plant-based mist of Basil, Mandarin, Myrtle and Marjoram, with a soft and joyful aura. Of a great naturalness, this eau de toilette is made with an original base composed of mother tinctures of medicinal plants from our garden and macerations of resins and buds, made in our workshop-laboratory.<\/p>","protected":false},"featured_media":22172,"template":"","meta":{"_acf_changed":false},"product_featurescat":[],"product_brand":[],"product_cat":[102],"product_tag":[192],"class_list":{"0":"post-6592","1":"product","2":"type-product","3":"status-publish","4":"has-post-thumbnail","6":"product_cat-parfums","7":"product_tag-cadeaux","8":"pa_collections-les-4-harmoniques","10":"first","11":"instock","12":"taxable","13":"shipping-taxable","14":"purchasable","15":"product-type-simple"},"acf":[],"yoast_head":"<!-- This site is optimized with the Yoast SEO plugin v27.4 - https:\/\/yoast.com\/product\/yoast-seo-wordpress\/ -->\n<title>Eau de toilette L&#039;Id\u00e9ale - Douces Angevines<\/title>\n<meta name=\"description\" content=\"Une eau de toilette bio 100% plantes et fleurs. Une brume v\u00e9g\u00e9tale fraiche de Basilic, Mandarine, Myrte et marjolaine, \u00e0 l&#039;aura douce et joyeuse.\" \/>\n<meta name=\"robots\" content=\"index, follow, max-snippet:-1, max-image-preview:large, max-video-preview:-1\" \/>\n<link rel=\"canonical\" href=\"https:\/\/www.doucesangevines.com\/en\/product\/ideal-eau-de-toilet\/\" \/>\n<meta property=\"og:locale\" content=\"en_GB\" \/>\n<meta property=\"og:type\" content=\"article\" \/>\n<meta property=\"og:title\" content=\"Eau de toilette L&#039;Id\u00e9ale - Douces Angevines\" \/>\n<meta property=\"og:description\" content=\"Une eau de toilette bio 100% plantes et fleurs. Une brume v\u00e9g\u00e9tale fraiche de Basilic, Mandarine, Myrte et marjolaine, \u00e0 l&#039;aura douce et joyeuse.\" \/>\n<meta property=\"og:url\" content=\"https:\/\/www.doucesangevines.com\/en\/product\/ideal-eau-de-toilet\/\" \/>\n<meta property=\"og:site_name\" content=\"Douces Angevines\" \/>\n<meta property=\"article:publisher\" content=\"https:\/\/fr-fr.facebook.com\/doucesangevines\/\" \/>\n<meta property=\"article:modified_time\" content=\"2026-03-10T11:49:34+00:00\" \/>\n<meta property=\"og:image\" content=\"https:\/\/www.doucesangevines.com\/wp-content\/uploads\/2022\/10\/EDT-IDEALE-PACK.png\" \/>\n\t<meta property=\"og:image:width\" content=\"1132\" \/>\n\t<meta property=\"og:image:height\" content=\"1132\" \/>\n\t<meta property=\"og:image:type\" content=\"image\/png\" \/>\n<meta name=\"twitter:card\" content=\"summary_large_image\" \/>\n<meta name=\"twitter:label1\" content=\"Estimated reading time\" \/>\n\t<meta name=\"twitter:data1\" content=\"1 minute\" \/>\n<script type=\"application\/ld+json\" class=\"yoast-schema-graph\">{\"@context\":\"https:\\\/\\\/schema.org\",\"@graph\":[{\"@type\":\"WebPage\",\"@id\":\"https:\\\/\\\/www.doucesangevines.com\\\/produit\\\/eau-de-toilette-bio-lideale\\\/\",\"url\":\"https:\\\/\\\/www.doucesangevines.com\\\/produit\\\/eau-de-toilette-bio-lideale\\\/\",\"name\":\"Eau de toilette L'Id\u00e9ale - Douces Angevines\",\"isPartOf\":{\"@id\":\"https:\\\/\\\/www.doucesangevines.com\\\/#website\"},\"primaryImageOfPage\":{\"@id\":\"https:\\\/\\\/www.doucesangevines.com\\\/produit\\\/eau-de-toilette-bio-lideale\\\/#primaryimage\"},\"image\":{\"@id\":\"https:\\\/\\\/www.doucesangevines.com\\\/produit\\\/eau-de-toilette-bio-lideale\\\/#primaryimage\"},\"thumbnailUrl\":\"https:\\\/\\\/www.doucesangevines.com\\\/wp-content\\\/uploads\\\/2022\\\/10\\\/EDT-IDEALE-PACK.png\",\"datePublished\":\"2022-10-11T10:15:52+00:00\",\"dateModified\":\"2026-03-10T11:49:34+00:00\",\"description\":\"Une eau de toilette bio 100% plantes et fleurs. Une brume v\u00e9g\u00e9tale fraiche de Basilic, Mandarine, Myrte et marjolaine, \u00e0 l'aura douce et joyeuse.\",\"breadcrumb\":{\"@id\":\"https:\\\/\\\/www.doucesangevines.com\\\/produit\\\/eau-de-toilette-bio-lideale\\\/#breadcrumb\"},\"inLanguage\":\"en-GB\",\"potentialAction\":[{\"@type\":\"ReadAction\",\"target\":[\"https:\\\/\\\/www.doucesangevines.com\\\/produit\\\/eau-de-toilette-bio-lideale\\\/\"]}]},{\"@type\":\"ImageObject\",\"inLanguage\":\"en-GB\",\"@id\":\"https:\\\/\\\/www.doucesangevines.com\\\/produit\\\/eau-de-toilette-bio-lideale\\\/#primaryimage\",\"url\":\"https:\\\/\\\/www.doucesangevines.com\\\/wp-content\\\/uploads\\\/2022\\\/10\\\/EDT-IDEALE-PACK.png\",\"contentUrl\":\"https:\\\/\\\/www.doucesangevines.com\\\/wp-content\\\/uploads\\\/2022\\\/10\\\/EDT-IDEALE-PACK.png\",\"width\":1132,\"height\":1132},{\"@type\":\"BreadcrumbList\",\"@id\":\"https:\\\/\\\/www.doucesangevines.com\\\/produit\\\/eau-de-toilette-bio-lideale\\\/#breadcrumb\",\"itemListElement\":[{\"@type\":\"ListItem\",\"position\":1,\"name\":\"Accueil\",\"item\":\"https:\\\/\\\/www.doucesangevines.com\\\/\"},{\"@type\":\"ListItem\",\"position\":2,\"name\":\"Boutique\",\"item\":\"https:\\\/\\\/www.doucesangevines.com\\\/boutique\\\/\"},{\"@type\":\"ListItem\",\"position\":3,\"name\":\"Eau de toilette L&#8217;Id\u00e9ale\"}]},{\"@type\":\"WebSite\",\"@id\":\"https:\\\/\\\/www.doucesangevines.com\\\/#website\",\"url\":\"https:\\\/\\\/www.doucesangevines.com\\\/\",\"name\":\"Douces Angevines\",\"description\":\"Femmes Herboristes de Beaut\u00e9\",\"publisher\":{\"@id\":\"https:\\\/\\\/www.doucesangevines.com\\\/#organization\"},\"potentialAction\":[{\"@type\":\"SearchAction\",\"target\":{\"@type\":\"EntryPoint\",\"urlTemplate\":\"https:\\\/\\\/www.doucesangevines.com\\\/?s={search_term_string}\"},\"query-input\":{\"@type\":\"PropertyValueSpecification\",\"valueRequired\":true,\"valueName\":\"search_term_string\"}}],\"inLanguage\":\"en-GB\"},{\"@type\":\"Organization\",\"@id\":\"https:\\\/\\\/www.doucesangevines.com\\\/#organization\",\"name\":\"Douces Angevines\",\"url\":\"https:\\\/\\\/www.doucesangevines.com\\\/\",\"logo\":{\"@type\":\"ImageObject\",\"inLanguage\":\"en-GB\",\"@id\":\"https:\\\/\\\/www.doucesangevines.com\\\/#\\\/schema\\\/logo\\\/image\\\/\",\"url\":\"https:\\\/\\\/www.doucesangevines.com\\\/wp-content\\\/uploads\\\/2022\\\/02\\\/douces-angevines-logo-2025.svg\",\"contentUrl\":\"https:\\\/\\\/www.doucesangevines.com\\\/wp-content\\\/uploads\\\/2022\\\/02\\\/douces-angevines-logo-2025.svg\",\"caption\":\"Douces Angevines\"},\"image\":{\"@id\":\"https:\\\/\\\/www.doucesangevines.com\\\/#\\\/schema\\\/logo\\\/image\\\/\"},\"sameAs\":[\"https:\\\/\\\/fr-fr.facebook.com\\\/doucesangevines\\\/\",\"https:\\\/\\\/www.instagram.com\\\/doucesangevines\\\/\",\"https:\\\/\\\/www.youtube.com\\\/channel\\\/UCcbJc6Om9b7IZDHWj-osu6w\"]}]}<\/script>\n<!-- \/ Yoast SEO plugin. -->","yoast_head_json":{"title":"Eau de toilette L&#039;Ideale - Douces Angevines","description":"Une eau de toilette bio 100% plantes et fleurs. Une brume v\u00e9g\u00e9tale fraiche de Basilic, Mandarine, Myrte et marjolaine, \u00e0 l'aura douce et joyeuse.","robots":{"index":"index","follow":"follow","max-snippet":"max-snippet:-1","max-image-preview":"max-image-preview:large","max-video-preview":"max-video-preview:-1"},"canonical":"https:\/\/www.doucesangevines.com\/en\/product\/ideal-eau-de-toilet\/","og_locale":"en_GB","og_type":"article","og_title":"Eau de toilette L'Id\u00e9ale - Douces Angevines","og_description":"Une eau de toilette bio 100% plantes et fleurs. Une brume v\u00e9g\u00e9tale fraiche de Basilic, Mandarine, Myrte et marjolaine, \u00e0 l'aura douce et joyeuse.","og_url":"https:\/\/www.doucesangevines.com\/en\/product\/ideal-eau-de-toilet\/","og_site_name":"Douces Angevines","article_publisher":"https:\/\/fr-fr.facebook.com\/doucesangevines\/","article_modified_time":"2026-03-10T11:49:34+00:00","og_image":[{"width":1132,"height":1132,"url":"https:\/\/www.doucesangevines.com\/wp-content\/uploads\/2022\/10\/EDT-IDEALE-PACK.png","type":"image\/png"}],"twitter_card":"summary_large_image","twitter_misc":{"Estimated reading time":"1 minute"},"schema":{"@context":"https:\/\/schema.org","@graph":[{"@type":"WebPage","@id":"https:\/\/www.doucesangevines.com\/produit\/eau-de-toilette-bio-lideale\/","url":"https:\/\/www.doucesangevines.com\/produit\/eau-de-toilette-bio-lideale\/","name":"Eau de toilette L&#039;Ideale - Douces Angevines","isPartOf":{"@id":"https:\/\/www.doucesangevines.com\/#website"},"primaryImageOfPage":{"@id":"https:\/\/www.doucesangevines.com\/produit\/eau-de-toilette-bio-lideale\/#primaryimage"},"image":{"@id":"https:\/\/www.doucesangevines.com\/produit\/eau-de-toilette-bio-lideale\/#primaryimage"},"thumbnailUrl":"https:\/\/www.doucesangevines.com\/wp-content\/uploads\/2022\/10\/EDT-IDEALE-PACK.png","datePublished":"2022-10-11T10:15:52+00:00","dateModified":"2026-03-10T11:49:34+00:00","description":"Une eau de toilette bio 100% plantes et fleurs. Une brume v\u00e9g\u00e9tale fraiche de Basilic, Mandarine, Myrte et marjolaine, \u00e0 l'aura douce et joyeuse.","breadcrumb":{"@id":"https:\/\/www.doucesangevines.com\/produit\/eau-de-toilette-bio-lideale\/#breadcrumb"},"inLanguage":"en-GB","potentialAction":[{"@type":"ReadAction","target":["https:\/\/www.doucesangevines.com\/produit\/eau-de-toilette-bio-lideale\/"]}]},{"@type":"ImageObject","inLanguage":"en-GB","@id":"https:\/\/www.doucesangevines.com\/produit\/eau-de-toilette-bio-lideale\/#primaryimage","url":"https:\/\/www.doucesangevines.com\/wp-content\/uploads\/2022\/10\/EDT-IDEALE-PACK.png","contentUrl":"https:\/\/www.doucesangevines.com\/wp-content\/uploads\/2022\/10\/EDT-IDEALE-PACK.png","width":1132,"height":1132},{"@type":"BreadcrumbList","@id":"https:\/\/www.doucesangevines.com\/produit\/eau-de-toilette-bio-lideale\/#breadcrumb","itemListElement":[{"@type":"ListItem","position":1,"name":"Accueil","item":"https:\/\/www.doucesangevines.com\/"},{"@type":"ListItem","position":2,"name":"Boutique","item":"https:\/\/www.doucesangevines.com\/boutique\/"},{"@type":"ListItem","position":3,"name":"Eau de toilette L&#8217;Id\u00e9ale"}]},{"@type":"WebSite","@id":"https:\/\/www.doucesangevines.com\/#website","url":"https:\/\/www.doucesangevines.com\/","name":"Douces Angevines","description":"Women Beauty Herbalists","publisher":{"@id":"https:\/\/www.doucesangevines.com\/#organization"},"potentialAction":[{"@type":"SearchAction","target":{"@type":"EntryPoint","urlTemplate":"https:\/\/www.doucesangevines.com\/?s={search_term_string}"},"query-input":{"@type":"PropertyValueSpecification","valueRequired":true,"valueName":"search_term_string"}}],"inLanguage":"en-GB"},{"@type":"Organization","@id":"https:\/\/www.doucesangevines.com\/#organization","name":"Douces Angevines","url":"https:\/\/www.doucesangevines.com\/","logo":{"@type":"ImageObject","inLanguage":"en-GB","@id":"https:\/\/www.doucesangevines.com\/#\/schema\/logo\/image\/","url":"https:\/\/www.doucesangevines.com\/wp-content\/uploads\/2022\/02\/douces-angevines-logo-2025.svg","contentUrl":"https:\/\/www.doucesangevines.com\/wp-content\/uploads\/2022\/02\/douces-angevines-logo-2025.svg","caption":"Douces Angevines"},"image":{"@id":"https:\/\/www.doucesangevines.com\/#\/schema\/logo\/image\/"},"sameAs":["https:\/\/fr-fr.facebook.com\/doucesangevines\/","https:\/\/www.instagram.com\/doucesangevines\/","https:\/\/www.youtube.com\/channel\/UCcbJc6Om9b7IZDHWj-osu6w"]}]}},"_links":{"self":[{"href":"https:\/\/www.doucesangevines.com\/en\/wp-json\/wp\/v2\/product\/6592","targetHints":{"allow":["GET"]}}],"collection":[{"href":"https:\/\/www.doucesangevines.com\/en\/wp-json\/wp\/v2\/product"}],"about":[{"href":"https:\/\/www.doucesangevines.com\/en\/wp-json\/wp\/v2\/types\/product"}],"wp:featuredmedia":[{"embeddable":true,"href":"https:\/\/www.doucesangevines.com\/en\/wp-json\/wp\/v2\/media\/22172"}],"wp:attachment":[{"href":"https:\/\/www.doucesangevines.com\/en\/wp-json\/wp\/v2\/media?parent=6592"}],"wp:term":[{"taxonomy":"product_featurescat","embeddable":true,"href":"https:\/\/www.doucesangevines.com\/en\/wp-json\/wp\/v2\/product_featurescat?post=6592"},{"taxonomy":"product_brand","embeddable":true,"href":"https:\/\/www.doucesangevines.com\/en\/wp-json\/wp\/v2\/product_brand?post=6592"},{"taxonomy":"product_cat","embeddable":true,"href":"https:\/\/www.doucesangevines.com\/en\/wp-json\/wp\/v2\/product_cat?post=6592"},{"taxonomy":"product_tag","embeddable":true,"href":"https:\/\/www.doucesangevines.com\/en\/wp-json\/wp\/v2\/product_tag?post=6592"}],"curies":[{"name":"wp","href":"https:\/\/api.w.org\/{rel}","templated":true}]}}