{"id":6593,"date":"2022-10-11T08:33:45","date_gmt":"2022-10-11T06:33:45","guid":{"rendered":"http:\/\/doucesangevines.com\/?post_type=product&#038;p=6593"},"modified":"2026-03-10T12:57:53","modified_gmt":"2026-03-10T11:57:53","slug":"eau-de-toilette-bio-linstant-precieux","status":"publish","type":"product","link":"https:\/\/www.doucesangevines.com\/en\/product\/eau-de-toilet-linstant-precieux\/","title":{"rendered":"The Precious Moment eau de toilette"},"content":{"rendered":"<p>ALCOHOL**, AQUA, AGAVE TEQUILANA LEAF EXTRACT*, PARFUM (essential oils), CANANGA ODORATA OIL*, SALVIA OFFICINALIS LEAF EXTRACT*, CITRUS SINENSIS PEEL OIL*, LAVANDULA LUISIERI OIL*, STYRAX TONKINENSIS RESIN EXTRACT*, RIBES NIGRUM BUD EXTRACT*, linalool\u2022, limon\u00e8ne\u2022, g\u00e9raniol\u2022, citral\u2022, citronellol\u2022, benzyl benzoate\u2022. \u2022Naturellement pr\u00e9sents dans certaines huiles essentielles \/ Naturally contained in essential oils. *Issu de l\u2019agriculture biologique \/ From organic agriculture. **Transform\u00e9 \u00e0 partir d\u2019ingr\u00e9dients biologiques \/Cette eau de toilette unique, aux vibrations \u00e9nerg\u00e9tiques subtiles, mariage sacr\u00e9 de parfums des 4 \u00e9l\u00e9ments, invoque l&#8217;\u00e9quilibre, l&#8217;accord en soi.<\/p>\n<p>Its message: I reveal the mystery of the present moment.<br \/>\nSon empreinte olfactive : Fragonia, Ciste, Pruche, Ang\u00e9lique archang\u00e9lique.<\/p>\n<p>Its action :<br \/>\nThe fragrance of L'Instant Pr\u00e9cieux, both solar and mild, invites yin yang harmony. It awakens the energy of life to taste the present moment.<\/p>\n<p>The 4 Harmoniques eaux de toilette complete the range of Les 4 Harmoniques body fluids and soaps from which they have been inspired.<\/p>","protected":false},"excerpt":{"rendered":"<p>Accords vibrants d&#8217;aromates et de fleurs ensoleill\u00e9s \u2022 Son message : J&#8217;incarne le pr\u00e9sent vivifiant.<\/p>\n<p>A sacred union of the 4 elements, balanced with Fragonia, Cistus, Hemlock and Angelica, to savor the happiness of being alive. This natural eau de toilette is made with an original base of mother tinctures from medicinal plants grown in our garden and macerations of resins and buds, made in our workshop-laboratory.<\/p>","protected":false},"featured_media":6587,"template":"","meta":{"_acf_changed":false},"product_featurescat":[],"product_brand":[],"product_cat":[102],"product_tag":[192],"class_list":{"0":"post-6593","1":"product","2":"type-product","3":"status-publish","4":"has-post-thumbnail","6":"product_cat-parfums","7":"product_tag-cadeaux","8":"pa_collections-les-4-harmoniques","10":"first","11":"instock","12":"taxable","13":"shipping-taxable","14":"purchasable","15":"product-type-simple"},"acf":[],"yoast_head":"<!-- This site is optimized with the Yoast SEO plugin v27.6 - https:\/\/yoast.com\/product\/yoast-seo-wordpress\/ -->\n<title>Eau de toilette L&#039;Instant Pr\u00e9cieux - Douces Angevines<\/title>\n<meta name=\"description\" content=\"Une eau de toilette naturelle et bio, 100% plantes et fleurs. Une fragrance lumineuse o\u00f9 se m\u00ealent Fragonia, Ciste, Pruche, Ang\u00e9lique archang\u00e9lique.\" \/>\n<meta name=\"robots\" content=\"index, follow, max-snippet:-1, max-image-preview:large, max-video-preview:-1\" \/>\n<link rel=\"canonical\" href=\"https:\/\/www.doucesangevines.com\/en\/product\/eau-de-toilet-linstant-precieux\/\" \/>\n<meta property=\"og:locale\" content=\"en_GB\" \/>\n<meta property=\"og:type\" content=\"article\" \/>\n<meta property=\"og:title\" content=\"Eau de toilette L&#039;Instant Pr\u00e9cieux - Douces Angevines\" \/>\n<meta property=\"og:description\" content=\"Une eau de toilette naturelle et bio, 100% plantes et fleurs. Une fragrance lumineuse o\u00f9 se m\u00ealent Fragonia, Ciste, Pruche, Ang\u00e9lique archang\u00e9lique.\" \/>\n<meta property=\"og:url\" content=\"https:\/\/www.doucesangevines.com\/en\/product\/eau-de-toilet-linstant-precieux\/\" \/>\n<meta property=\"og:site_name\" content=\"Douces Angevines\" \/>\n<meta property=\"article:publisher\" content=\"https:\/\/fr-fr.facebook.com\/doucesangevines\/\" \/>\n<meta property=\"article:modified_time\" content=\"2026-03-10T11:57:53+00:00\" \/>\n<meta property=\"og:image\" content=\"https:\/\/www.doucesangevines.com\/wp-content\/uploads\/2022\/10\/Eau-de-toilette-L-Instant-precieux.png\" \/>\n\t<meta property=\"og:image:width\" content=\"1132\" \/>\n\t<meta property=\"og:image:height\" content=\"1132\" \/>\n\t<meta property=\"og:image:type\" content=\"image\/png\" \/>\n<meta name=\"twitter:card\" content=\"summary_large_image\" \/>\n<meta name=\"twitter:label1\" content=\"Estimated reading time\" \/>\n\t<meta name=\"twitter:data1\" content=\"2 minutes\" \/>\n<script type=\"application\/ld+json\" class=\"yoast-schema-graph\">{\"@context\":\"https:\\\/\\\/schema.org\",\"@graph\":[{\"@type\":\"WebPage\",\"@id\":\"https:\\\/\\\/www.doucesangevines.com\\\/produit\\\/eau-de-toilette-bio-linstant-precieux\\\/\",\"url\":\"https:\\\/\\\/www.doucesangevines.com\\\/produit\\\/eau-de-toilette-bio-linstant-precieux\\\/\",\"name\":\"Eau de toilette L'Instant Pr\u00e9cieux - Douces Angevines\",\"isPartOf\":{\"@id\":\"https:\\\/\\\/www.doucesangevines.com\\\/#website\"},\"primaryImageOfPage\":{\"@id\":\"https:\\\/\\\/www.doucesangevines.com\\\/produit\\\/eau-de-toilette-bio-linstant-precieux\\\/#primaryimage\"},\"image\":{\"@id\":\"https:\\\/\\\/www.doucesangevines.com\\\/produit\\\/eau-de-toilette-bio-linstant-precieux\\\/#primaryimage\"},\"thumbnailUrl\":\"https:\\\/\\\/www.doucesangevines.com\\\/wp-content\\\/uploads\\\/2022\\\/10\\\/Eau-de-toilette-L-Instant-precieux.png\",\"datePublished\":\"2022-10-11T06:33:45+00:00\",\"dateModified\":\"2026-03-10T11:57:53+00:00\",\"description\":\"Une eau de toilette naturelle et bio, 100% plantes et fleurs. Une fragrance lumineuse o\u00f9 se m\u00ealent Fragonia, Ciste, Pruche, Ang\u00e9lique archang\u00e9lique.\",\"breadcrumb\":{\"@id\":\"https:\\\/\\\/www.doucesangevines.com\\\/produit\\\/eau-de-toilette-bio-linstant-precieux\\\/#breadcrumb\"},\"inLanguage\":\"en-GB\",\"potentialAction\":[{\"@type\":\"ReadAction\",\"target\":[\"https:\\\/\\\/www.doucesangevines.com\\\/produit\\\/eau-de-toilette-bio-linstant-precieux\\\/\"]}]},{\"@type\":\"ImageObject\",\"inLanguage\":\"en-GB\",\"@id\":\"https:\\\/\\\/www.doucesangevines.com\\\/produit\\\/eau-de-toilette-bio-linstant-precieux\\\/#primaryimage\",\"url\":\"https:\\\/\\\/www.doucesangevines.com\\\/wp-content\\\/uploads\\\/2022\\\/10\\\/Eau-de-toilette-L-Instant-precieux.png\",\"contentUrl\":\"https:\\\/\\\/www.doucesangevines.com\\\/wp-content\\\/uploads\\\/2022\\\/10\\\/Eau-de-toilette-L-Instant-precieux.png\",\"width\":1132,\"height\":1132,\"caption\":\"Eau de toilette L'Instant Pr\u00e9cieux\"},{\"@type\":\"BreadcrumbList\",\"@id\":\"https:\\\/\\\/www.doucesangevines.com\\\/produit\\\/eau-de-toilette-bio-linstant-precieux\\\/#breadcrumb\",\"itemListElement\":[{\"@type\":\"ListItem\",\"position\":1,\"name\":\"Accueil\",\"item\":\"https:\\\/\\\/www.doucesangevines.com\\\/\"},{\"@type\":\"ListItem\",\"position\":2,\"name\":\"Boutique\",\"item\":\"https:\\\/\\\/www.doucesangevines.com\\\/boutique\\\/\"},{\"@type\":\"ListItem\",\"position\":3,\"name\":\"Eau de toilette L&#8217;Instant Pr\u00e9cieux\"}]},{\"@type\":\"WebSite\",\"@id\":\"https:\\\/\\\/www.doucesangevines.com\\\/#website\",\"url\":\"https:\\\/\\\/www.doucesangevines.com\\\/\",\"name\":\"Douces Angevines\",\"description\":\"Femmes Herboristes de Beaut\u00e9\",\"publisher\":{\"@id\":\"https:\\\/\\\/www.doucesangevines.com\\\/#organization\"},\"potentialAction\":[{\"@type\":\"SearchAction\",\"target\":{\"@type\":\"EntryPoint\",\"urlTemplate\":\"https:\\\/\\\/www.doucesangevines.com\\\/?s={search_term_string}\"},\"query-input\":{\"@type\":\"PropertyValueSpecification\",\"valueRequired\":true,\"valueName\":\"search_term_string\"}}],\"inLanguage\":\"en-GB\"},{\"@type\":\"Organization\",\"@id\":\"https:\\\/\\\/www.doucesangevines.com\\\/#organization\",\"name\":\"Douces Angevines\",\"url\":\"https:\\\/\\\/www.doucesangevines.com\\\/\",\"logo\":{\"@type\":\"ImageObject\",\"inLanguage\":\"en-GB\",\"@id\":\"https:\\\/\\\/www.doucesangevines.com\\\/#\\\/schema\\\/logo\\\/image\\\/\",\"url\":\"https:\\\/\\\/www.doucesangevines.com\\\/wp-content\\\/uploads\\\/2022\\\/02\\\/douces-angevines-logo-2025.svg\",\"contentUrl\":\"https:\\\/\\\/www.doucesangevines.com\\\/wp-content\\\/uploads\\\/2022\\\/02\\\/douces-angevines-logo-2025.svg\",\"caption\":\"Douces Angevines\"},\"image\":{\"@id\":\"https:\\\/\\\/www.doucesangevines.com\\\/#\\\/schema\\\/logo\\\/image\\\/\"},\"sameAs\":[\"https:\\\/\\\/fr-fr.facebook.com\\\/doucesangevines\\\/\",\"https:\\\/\\\/www.instagram.com\\\/doucesangevines\\\/\",\"https:\\\/\\\/www.youtube.com\\\/channel\\\/UCcbJc6Om9b7IZDHWj-osu6w\"]}]}<\/script>\n<!-- \/ Yoast SEO plugin. -->","yoast_head_json":{"title":"Eau de toilette The Precious Moment - Douces Angevines","description":"Une eau de toilette naturelle et bio, 100% plantes et fleurs. Une fragrance lumineuse o\u00f9 se m\u00ealent Fragonia, Ciste, Pruche, Ang\u00e9lique archang\u00e9lique.","robots":{"index":"index","follow":"follow","max-snippet":"max-snippet:-1","max-image-preview":"max-image-preview:large","max-video-preview":"max-video-preview:-1"},"canonical":"https:\/\/www.doucesangevines.com\/en\/product\/eau-de-toilet-linstant-precieux\/","og_locale":"en_GB","og_type":"article","og_title":"Eau de toilette L'Instant Pr\u00e9cieux - Douces Angevines","og_description":"Une eau de toilette naturelle et bio, 100% plantes et fleurs. Une fragrance lumineuse o\u00f9 se m\u00ealent Fragonia, Ciste, Pruche, Ang\u00e9lique archang\u00e9lique.","og_url":"https:\/\/www.doucesangevines.com\/en\/product\/eau-de-toilet-linstant-precieux\/","og_site_name":"Douces Angevines","article_publisher":"https:\/\/fr-fr.facebook.com\/doucesangevines\/","article_modified_time":"2026-03-10T11:57:53+00:00","og_image":[{"width":1132,"height":1132,"url":"https:\/\/www.doucesangevines.com\/wp-content\/uploads\/2022\/10\/Eau-de-toilette-L-Instant-precieux.png","type":"image\/png"}],"twitter_card":"summary_large_image","twitter_misc":{"Estimated reading time":"2 minutes"},"schema":{"@context":"https:\/\/schema.org","@graph":[{"@type":"WebPage","@id":"https:\/\/www.doucesangevines.com\/produit\/eau-de-toilette-bio-linstant-precieux\/","url":"https:\/\/www.doucesangevines.com\/produit\/eau-de-toilette-bio-linstant-precieux\/","name":"Eau de toilette The Precious Moment - Douces Angevines","isPartOf":{"@id":"https:\/\/www.doucesangevines.com\/#website"},"primaryImageOfPage":{"@id":"https:\/\/www.doucesangevines.com\/produit\/eau-de-toilette-bio-linstant-precieux\/#primaryimage"},"image":{"@id":"https:\/\/www.doucesangevines.com\/produit\/eau-de-toilette-bio-linstant-precieux\/#primaryimage"},"thumbnailUrl":"https:\/\/www.doucesangevines.com\/wp-content\/uploads\/2022\/10\/Eau-de-toilette-L-Instant-precieux.png","datePublished":"2022-10-11T06:33:45+00:00","dateModified":"2026-03-10T11:57:53+00:00","description":"Une eau de toilette naturelle et bio, 100% plantes et fleurs. Une fragrance lumineuse o\u00f9 se m\u00ealent Fragonia, Ciste, Pruche, Ang\u00e9lique archang\u00e9lique.","breadcrumb":{"@id":"https:\/\/www.doucesangevines.com\/produit\/eau-de-toilette-bio-linstant-precieux\/#breadcrumb"},"inLanguage":"en-GB","potentialAction":[{"@type":"ReadAction","target":["https:\/\/www.doucesangevines.com\/produit\/eau-de-toilette-bio-linstant-precieux\/"]}]},{"@type":"ImageObject","inLanguage":"en-GB","@id":"https:\/\/www.doucesangevines.com\/produit\/eau-de-toilette-bio-linstant-precieux\/#primaryimage","url":"https:\/\/www.doucesangevines.com\/wp-content\/uploads\/2022\/10\/Eau-de-toilette-L-Instant-precieux.png","contentUrl":"https:\/\/www.doucesangevines.com\/wp-content\/uploads\/2022\/10\/Eau-de-toilette-L-Instant-precieux.png","width":1132,"height":1132,"caption":"Eau de toilette L'Instant Pr\u00e9cieux"},{"@type":"BreadcrumbList","@id":"https:\/\/www.doucesangevines.com\/produit\/eau-de-toilette-bio-linstant-precieux\/#breadcrumb","itemListElement":[{"@type":"ListItem","position":1,"name":"Accueil","item":"https:\/\/www.doucesangevines.com\/"},{"@type":"ListItem","position":2,"name":"Boutique","item":"https:\/\/www.doucesangevines.com\/boutique\/"},{"@type":"ListItem","position":3,"name":"Eau de toilette L&#8217;Instant Pr\u00e9cieux"}]},{"@type":"WebSite","@id":"https:\/\/www.doucesangevines.com\/#website","url":"https:\/\/www.doucesangevines.com\/","name":"Douces Angevines","description":"Women Beauty Herbalists","publisher":{"@id":"https:\/\/www.doucesangevines.com\/#organization"},"potentialAction":[{"@type":"SearchAction","target":{"@type":"EntryPoint","urlTemplate":"https:\/\/www.doucesangevines.com\/?s={search_term_string}"},"query-input":{"@type":"PropertyValueSpecification","valueRequired":true,"valueName":"search_term_string"}}],"inLanguage":"en-GB"},{"@type":"Organization","@id":"https:\/\/www.doucesangevines.com\/#organization","name":"Douces Angevines","url":"https:\/\/www.doucesangevines.com\/","logo":{"@type":"ImageObject","inLanguage":"en-GB","@id":"https:\/\/www.doucesangevines.com\/#\/schema\/logo\/image\/","url":"https:\/\/www.doucesangevines.com\/wp-content\/uploads\/2022\/02\/douces-angevines-logo-2025.svg","contentUrl":"https:\/\/www.doucesangevines.com\/wp-content\/uploads\/2022\/02\/douces-angevines-logo-2025.svg","caption":"Douces Angevines"},"image":{"@id":"https:\/\/www.doucesangevines.com\/#\/schema\/logo\/image\/"},"sameAs":["https:\/\/fr-fr.facebook.com\/doucesangevines\/","https:\/\/www.instagram.com\/doucesangevines\/","https:\/\/www.youtube.com\/channel\/UCcbJc6Om9b7IZDHWj-osu6w"]}]}},"_links":{"self":[{"href":"https:\/\/www.doucesangevines.com\/en\/wp-json\/wp\/v2\/product\/6593","targetHints":{"allow":["GET"]}}],"collection":[{"href":"https:\/\/www.doucesangevines.com\/en\/wp-json\/wp\/v2\/product"}],"about":[{"href":"https:\/\/www.doucesangevines.com\/en\/wp-json\/wp\/v2\/types\/product"}],"wp:featuredmedia":[{"embeddable":true,"href":"https:\/\/www.doucesangevines.com\/en\/wp-json\/wp\/v2\/media\/6587"}],"wp:attachment":[{"href":"https:\/\/www.doucesangevines.com\/en\/wp-json\/wp\/v2\/media?parent=6593"}],"wp:term":[{"taxonomy":"product_featurescat","embeddable":true,"href":"https:\/\/www.doucesangevines.com\/en\/wp-json\/wp\/v2\/product_featurescat?post=6593"},{"taxonomy":"product_brand","embeddable":true,"href":"https:\/\/www.doucesangevines.com\/en\/wp-json\/wp\/v2\/product_brand?post=6593"},{"taxonomy":"product_cat","embeddable":true,"href":"https:\/\/www.doucesangevines.com\/en\/wp-json\/wp\/v2\/product_cat?post=6593"},{"taxonomy":"product_tag","embeddable":true,"href":"https:\/\/www.doucesangevines.com\/en\/wp-json\/wp\/v2\/product_tag?post=6593"}],"curies":[{"name":"wp","href":"https:\/\/api.w.org\/{rel}","templated":true}]}}